{"id":968,"date":"2025-04-14T09:50:31","date_gmt":"2025-04-14T09:50:31","guid":{"rendered":"https:\/\/koningdrone.nl\/kon\/product\/shareuav-304s-pro-v2\/"},"modified":"2025-04-29T11:06:13","modified_gmt":"2025-04-29T11:06:13","slug":"shareuav-304s-pro-v2","status":"publish","type":"product","link":"https:\/\/koningdrone.be\/fr\/produit\/shareuav-304s-pro-v2\/","title":{"rendered":"ShareUAV 304s Pro V2"},"content":{"rendered":"<p>Le ShareUAV 304S Pro V2 est un syst\u00e8me de cam\u00e9ra a\u00e9rienne professionnelle con\u00e7u pour la cartographie haute r\u00e9solution et la mod\u00e9lisation 3D. Le syst\u00e8me est \u00e9quip\u00e9 d'une cam\u00e9ra oblique de 305 m\u00e9gapixels avec cinq objectifs et utilise le capteur plein cadre SONY IMX455 avec une taille de pixel de 3,76 \u03bcm. Cette configuration garantit une clart\u00e9 et des d\u00e9tails sup\u00e9rieurs dans les images captur\u00e9es. L'appareil photo est \u00e9quip\u00e9 d'un obturateur rapide KIMOTO durable qui dure jusqu'\u00e0 1 million de cycles, et l'objectif de cartographie professionnelle S-ML 2.0 minimise les reflets pour des images claires en cas de forte luminosit\u00e9. Des fonctions avanc\u00e9es telles que TimeSync 2.0 assurent une synchronisation pr\u00e9cise entre la cam\u00e9ra, le cardan et les syst\u00e8mes RTK, am\u00e9liorant ainsi la pr\u00e9cision sans avoir besoin de points de contr\u00f4le au sol.<\/p>","protected":false},"excerpt":{"rendered":"<ul>\n<li>Le ShareUAV 304S Pro V2 capture des images de 305 m\u00e9gapixels avec cinq objectifs.<\/li>\n<li>TimeSync 2.0 assure une synchronisation pr\u00e9cise de la cam\u00e9ra, du cardan et du RTK.<\/li>\n<li>Cela permet une cartographie pr\u00e9cise et une mod\u00e9lisation en 3D sans points de contr\u00f4le au sol.<\/li>\n<li>Le capteur SONY IMX455 garantit une luminosit\u00e9 et un niveau de d\u00e9tail \u00e9lev\u00e9s.<\/li>\n<li>L'obturateur \u00e0 grande vitesse KIMOTO est durable et fiable.<\/li>\n<\/ul>","protected":false},"featured_media":962,"template":"","meta":{"_acf_changed":false},"product_brand":[],"product_cat":[58],"product_tag":[],"class_list":{"0":"post-968","1":"product","2":"type-product","3":"status-publish","4":"has-post-thumbnail","6":"product_cat-uncategorized","7":"pa_brand-shareuav","8":"pa_producttype-oblique-camera","10":"first","11":"outofstock","12":"taxable","13":"shipping-taxable","14":"product-type-simple"},"acf":[],"yoast_head":"<!-- This site is optimized with the Yoast SEO Premium plugin v27.2 (Yoast SEO v27.2) - https:\/\/yoast.com\/product\/yoast-seo-premium-wordpress\/ -->\n<title>ShareUAV 304s Pro V2 - koningdrone.be<\/title>\n<meta name=\"robots\" content=\"index, follow, max-snippet:-1, max-image-preview:large, max-video-preview:-1\" \/>\n<link rel=\"canonical\" href=\"https:\/\/koningdrone.be\/fr\/produit\/shareuav-304s-pro-v2\/\" \/>\n<meta property=\"og:locale\" content=\"fr_FR\" \/>\n<meta property=\"og:type\" content=\"article\" \/>\n<meta property=\"og:title\" content=\"ShareUAV 304s Pro V2\" \/>\n<meta property=\"og:description\" content=\"De ShareUAV 304S Pro V2 legt 305-megapixel beelden vast met vijf lenzen.TimeSync 2.0 zorgt voor nauwkeurige synchronisatie van de camera, gimbal en RTK.Dit maakt nauwkeurige kartering en 3D-modellering mogelijk zonder Ground Control Points.De SONY IMX455 sensor zorgt voor een hoge helderheid en detail.De KIMOTO high-speed sluiter is duurzaam en betrouwbaar.\" \/>\n<meta property=\"og:url\" content=\"https:\/\/koningdrone.be\/fr\/produit\/shareuav-304s-pro-v2\/\" \/>\n<meta property=\"og:site_name\" content=\"koningdrone.be\" \/>\n<meta property=\"article:modified_time\" content=\"2025-04-29T11:06:13+00:00\" \/>\n<meta property=\"og:image\" content=\"https:\/\/koningdrone.be\/wp-content\/uploads\/sites\/13\/2025\/04\/PnjMEX9R.png\" \/>\n\t<meta property=\"og:image:width\" content=\"640\" \/>\n\t<meta property=\"og:image:height\" content=\"595\" \/>\n\t<meta property=\"og:image:type\" content=\"image\/png\" \/>\n<meta name=\"twitter:card\" content=\"summary_large_image\" \/>\n<meta name=\"twitter:label1\" content=\"Dur\u00e9e de lecture est.\" \/>\n\t<meta name=\"twitter:data1\" content=\"1 minute\" \/>\n<script type=\"application\/ld+json\" class=\"yoast-schema-graph\">{\"@context\":\"https:\/\/schema.org\",\"@graph\":[{\"@type\":\"WebPage\",\"@id\":\"https:\/\/koningdrone.be\/product\/shareuav-304s-pro-v2\/\",\"url\":\"https:\/\/koningdrone.be\/product\/shareuav-304s-pro-v2\/\",\"name\":\"ShareUAV 304s Pro V2 - koningdrone.be\",\"isPartOf\":{\"@id\":\"https:\/\/koningdrone.be\/#website\"},\"primaryImageOfPage\":{\"@id\":\"https:\/\/koningdrone.be\/product\/shareuav-304s-pro-v2\/#primaryimage\"},\"image\":{\"@id\":\"https:\/\/koningdrone.be\/product\/shareuav-304s-pro-v2\/#primaryimage\"},\"thumbnailUrl\":\"https:\/\/koningdrone.be\/wp-content\/uploads\/sites\/13\/2025\/04\/PnjMEX9R.png\",\"datePublished\":\"2025-04-14T09:50:31+00:00\",\"dateModified\":\"2025-04-29T11:06:13+00:00\",\"breadcrumb\":{\"@id\":\"https:\/\/koningdrone.be\/product\/shareuav-304s-pro-v2\/#breadcrumb\"},\"inLanguage\":\"fr-BE\",\"potentialAction\":[{\"@type\":\"ReadAction\",\"target\":[\"https:\/\/koningdrone.be\/product\/shareuav-304s-pro-v2\/\"]}]},{\"@type\":\"ImageObject\",\"inLanguage\":\"fr-BE\",\"@id\":\"https:\/\/koningdrone.be\/product\/shareuav-304s-pro-v2\/#primaryimage\",\"url\":\"https:\/\/koningdrone.be\/wp-content\/uploads\/sites\/13\/2025\/04\/PnjMEX9R.png\",\"contentUrl\":\"https:\/\/koningdrone.be\/wp-content\/uploads\/sites\/13\/2025\/04\/PnjMEX9R.png\",\"width\":640,\"height\":595},{\"@type\":\"BreadcrumbList\",\"@id\":\"https:\/\/koningdrone.be\/product\/shareuav-304s-pro-v2\/#breadcrumb\",\"itemListElement\":[{\"@type\":\"ListItem\",\"position\":1,\"name\":\"Home\",\"item\":\"https:\/\/koningdrone.be\/\"},{\"@type\":\"ListItem\",\"position\":2,\"name\":\"AVSS Parachute Recovery System for DJI Matrice 300\/350\",\"item\":\"https:\/\/koningdrone.be\/product\/avss-parachute-recovery-system-for-dji-matrice-300-350\/\"},{\"@type\":\"ListItem\",\"position\":3,\"name\":\"Uncategorized\",\"item\":\"https:\/\/koningdrone.be\/categorie\/uncategorized\/\"},{\"@type\":\"ListItem\",\"position\":4,\"name\":\"ShareUAV 304s Pro V2\"}]},{\"@type\":\"WebSite\",\"@id\":\"https:\/\/koningdrone.be\/#website\",\"url\":\"https:\/\/koningdrone.be\/\",\"name\":\"Koningdrone.be - Uw online specialist in drones, gimbals, camera's en power stations.\",\"description\":\"De webshop in drones en gimbals\",\"publisher\":{\"@id\":\"https:\/\/koningdrone.be\/#organization\"},\"potentialAction\":[{\"@type\":\"SearchAction\",\"target\":{\"@type\":\"EntryPoint\",\"urlTemplate\":\"https:\/\/koningdrone.be\/?s={search_term_string}\"},\"query-input\":{\"@type\":\"PropertyValueSpecification\",\"valueRequired\":true,\"valueName\":\"search_term_string\"}}],\"inLanguage\":\"fr-BE\"},{\"@type\":\"Organization\",\"@id\":\"https:\/\/koningdrone.be\/#organization\",\"name\":\"Koningdrone.be\",\"url\":\"https:\/\/koningdrone.be\/\",\"logo\":{\"@type\":\"ImageObject\",\"inLanguage\":\"fr-BE\",\"@id\":\"https:\/\/koningdrone.be\/#\/schema\/logo\/image\/\",\"url\":\"https:\/\/koningdrone.be\/wp-content\/uploads\/sites\/13\/2025\/04\/koningdrone-copyright-logo.svg\",\"contentUrl\":\"https:\/\/koningdrone.be\/wp-content\/uploads\/sites\/13\/2025\/04\/koningdrone-copyright-logo.svg\",\"width\":227,\"height\":38,\"caption\":\"Koningdrone.be\"},\"image\":{\"@id\":\"https:\/\/koningdrone.be\/#\/schema\/logo\/image\/\"}}]}<\/script>\n<!-- \/ Yoast SEO Premium plugin. -->","yoast_head_json":{"title":"ShareUAV 304s Pro V2 - koningdrone.be","robots":{"index":"index","follow":"follow","max-snippet":"max-snippet:-1","max-image-preview":"max-image-preview:large","max-video-preview":"max-video-preview:-1"},"canonical":"https:\/\/koningdrone.be\/fr\/produit\/shareuav-304s-pro-v2\/","og_locale":"fr_FR","og_type":"article","og_title":"ShareUAV 304s Pro V2","og_description":"De ShareUAV 304S Pro V2 legt 305-megapixel beelden vast met vijf lenzen.TimeSync 2.0 zorgt voor nauwkeurige synchronisatie van de camera, gimbal en RTK.Dit maakt nauwkeurige kartering en 3D-modellering mogelijk zonder Ground Control Points.De SONY IMX455 sensor zorgt voor een hoge helderheid en detail.De KIMOTO high-speed sluiter is duurzaam en betrouwbaar.","og_url":"https:\/\/koningdrone.be\/fr\/produit\/shareuav-304s-pro-v2\/","og_site_name":"koningdrone.be","article_modified_time":"2025-04-29T11:06:13+00:00","og_image":[{"width":640,"height":595,"url":"https:\/\/koningdrone.be\/wp-content\/uploads\/sites\/13\/2025\/04\/PnjMEX9R.png","type":"image\/png"}],"twitter_card":"summary_large_image","twitter_misc":{"Dur\u00e9e de lecture est.":"1 minute"},"schema":{"@context":"https:\/\/schema.org","@graph":[{"@type":"WebPage","@id":"https:\/\/koningdrone.be\/product\/shareuav-304s-pro-v2\/","url":"https:\/\/koningdrone.be\/product\/shareuav-304s-pro-v2\/","name":"ShareUAV 304s Pro V2 - koningdrone.be","isPartOf":{"@id":"https:\/\/koningdrone.be\/#website"},"primaryImageOfPage":{"@id":"https:\/\/koningdrone.be\/product\/shareuav-304s-pro-v2\/#primaryimage"},"image":{"@id":"https:\/\/koningdrone.be\/product\/shareuav-304s-pro-v2\/#primaryimage"},"thumbnailUrl":"https:\/\/koningdrone.be\/wp-content\/uploads\/sites\/13\/2025\/04\/PnjMEX9R.png","datePublished":"2025-04-14T09:50:31+00:00","dateModified":"2025-04-29T11:06:13+00:00","breadcrumb":{"@id":"https:\/\/koningdrone.be\/product\/shareuav-304s-pro-v2\/#breadcrumb"},"inLanguage":"fr-BE","potentialAction":[{"@type":"ReadAction","target":["https:\/\/koningdrone.be\/product\/shareuav-304s-pro-v2\/"]}]},{"@type":"ImageObject","inLanguage":"fr-BE","@id":"https:\/\/koningdrone.be\/product\/shareuav-304s-pro-v2\/#primaryimage","url":"https:\/\/koningdrone.be\/wp-content\/uploads\/sites\/13\/2025\/04\/PnjMEX9R.png","contentUrl":"https:\/\/koningdrone.be\/wp-content\/uploads\/sites\/13\/2025\/04\/PnjMEX9R.png","width":640,"height":595},{"@type":"BreadcrumbList","@id":"https:\/\/koningdrone.be\/product\/shareuav-304s-pro-v2\/#breadcrumb","itemListElement":[{"@type":"ListItem","position":1,"name":"Home","item":"https:\/\/koningdrone.be\/"},{"@type":"ListItem","position":2,"name":"AVSS Parachute Recovery System for DJI Matrice 300\/350","item":"https:\/\/koningdrone.be\/product\/avss-parachute-recovery-system-for-dji-matrice-300-350\/"},{"@type":"ListItem","position":3,"name":"Uncategorized","item":"https:\/\/koningdrone.be\/categorie\/uncategorized\/"},{"@type":"ListItem","position":4,"name":"ShareUAV 304s Pro V2"}]},{"@type":"WebSite","@id":"https:\/\/koningdrone.be\/#website","url":"https:\/\/koningdrone.be\/","name":"Koningdrone.be - Votre sp\u00e9cialiste en ligne en mati\u00e8re de drones, de cardans, de cam\u00e9ras et de centrales \u00e9lectriques.","description":"La boutique en ligne de drones et de cardans","publisher":{"@id":"https:\/\/koningdrone.be\/#organization"},"potentialAction":[{"@type":"SearchAction","target":{"@type":"EntryPoint","urlTemplate":"https:\/\/koningdrone.be\/?s={search_term_string}"},"query-input":{"@type":"PropertyValueSpecification","valueRequired":true,"valueName":"search_term_string"}}],"inLanguage":"fr-BE"},{"@type":"Organization","@id":"https:\/\/koningdrone.be\/#organization","name":"Kingdrone.co.uk","url":"https:\/\/koningdrone.be\/","logo":{"@type":"ImageObject","inLanguage":"fr-BE","@id":"https:\/\/koningdrone.be\/#\/schema\/logo\/image\/","url":"https:\/\/koningdrone.be\/wp-content\/uploads\/sites\/13\/2025\/04\/koningdrone-copyright-logo.svg","contentUrl":"https:\/\/koningdrone.be\/wp-content\/uploads\/sites\/13\/2025\/04\/koningdrone-copyright-logo.svg","width":227,"height":38,"caption":"Koningdrone.be"},"image":{"@id":"https:\/\/koningdrone.be\/#\/schema\/logo\/image\/"}}]}},"df_price":"","df_sale_price":"","df_regular_price":"","df_image_link":"https:\/\/koningdrone.be\/wp-content\/uploads\/sites\/13\/2025\/04\/PnjMEX9R-300x279.png","_links":{"self":[{"href":"https:\/\/koningdrone.be\/fr\/wp-json\/wp\/v2\/product\/968","targetHints":{"allow":["GET"]}}],"collection":[{"href":"https:\/\/koningdrone.be\/fr\/wp-json\/wp\/v2\/product"}],"about":[{"href":"https:\/\/koningdrone.be\/fr\/wp-json\/wp\/v2\/types\/product"}],"wp:featuredmedia":[{"embeddable":true,"href":"https:\/\/koningdrone.be\/fr\/wp-json\/wp\/v2\/media\/962"}],"wp:attachment":[{"href":"https:\/\/koningdrone.be\/fr\/wp-json\/wp\/v2\/media?parent=968"}],"wp:term":[{"taxonomy":"product_brand","embeddable":true,"href":"https:\/\/koningdrone.be\/fr\/wp-json\/wp\/v2\/product_brand?post=968"},{"taxonomy":"product_cat","embeddable":true,"href":"https:\/\/koningdrone.be\/fr\/wp-json\/wp\/v2\/product_cat?post=968"},{"taxonomy":"product_tag","embeddable":true,"href":"https:\/\/koningdrone.be\/fr\/wp-json\/wp\/v2\/product_tag?post=968"}],"curies":[{"name":"wp","href":"https:\/\/api.w.org\/{rel}","templated":true}]}}