{"id":8219,"date":"2025-02-25T06:50:44","date_gmt":"2025-02-25T05:50:44","guid":{"rendered":"https:\/\/koningdrone.nl\/kon\/product\/dji-matrice-4t\/"},"modified":"2026-04-29T03:30:51","modified_gmt":"2026-04-29T01:30:51","slug":"dji-matrice-4t","status":"publish","type":"product","link":"https:\/\/koningdrone.be\/fr\/produit\/dji-matrice-4t\/","title":{"rendered":"DJI Matrice 4T"},"content":{"rendered":"<h3>DJI Matrice 4T (EU) SP Plus : l'avant-garde tactique de l'intelligence thermique de l'air<\/h3>\n<p><iframe loading=\"lazy\" title=\"DJI Matrice 4 Series\u4e28Smart Oblique\" width=\"800\" height=\"450\" src=\"https:\/\/www.youtube.com\/embed\/zPnh8-RvLa8?feature=oembed&#038;enablejsapi=1&#038;origin=https:\/\/koningdrone.be\" frameborder=\"0\" allow=\"accelerometer; autoplay; clipboard-write; encrypted-media; gyroscope; picture-in-picture; web-share\" referrerpolicy=\"strict-origin-when-cross-origin\" allowfullscreen><\/iframe><\/p>\n<p style=\"margin: 20px 0\">Le <strong>DJI Matrice 4T (EU) SP Plus<\/strong> repr\u00e9sente le summum absolu de la technologie des drones tactiques d'entreprise. Sp\u00e9cialement con\u00e7ue pour les sc\u00e9narios critiques tels que les op\u00e9rations complexes de recherche et de sauvetage, la lutte contre les incendies et les inspections thermographiques des infrastructures critiques, cette plateforme offre une combinaison in\u00e9gal\u00e9e de perception sensorielle et d'intelligence artificielle. Le \u201cT\u201d signifie capacit\u00e9 thermique sup\u00e9rieure, mais le Matrice 4T est essentiellement une solution tout-en-un qui transforme les donn\u00e9es en d\u00e9cisions vitales et en efficacit\u00e9 op\u00e9rationnelle.<\/p>\n<p><a href=\"https:\/\/koningdrone.nl\/wp-content\/uploads\/2025\/02\/DJI-Matrice-4T.webp\"><img loading=\"lazy\" decoding=\"async\" class=\"size-full wp-image-466940 aligncenter\" src=\"https:\/\/koningdrone.nl\/wp-content\/uploads\/2025\/02\/DJI-Matrice-4T.webp\" alt=\"DJI Matrice 4T\" width=\"1200\" height=\"800\" \/><\/a><\/p>\n<h4>Perception sup\u00e9rieure et analyse multispectrale<\/h4>\n<p>Au c\u0153ur de la Matrice 4T se trouve le syst\u00e8me de cam\u00e9ra multicapteur avanc\u00e9. En int\u00e9grant une cam\u00e9ra RVB haute r\u00e9solution \u00e0 un puissant syst\u00e8me de <strong>cam\u00e9ra thermique infrarouge radiom\u00e9trique<\/strong>, Les op\u00e9rateurs peuvent analyser simultan\u00e9ment des informations visuelles d\u00e9taill\u00e9es et des donn\u00e9es de temp\u00e9rature critiques. Qu'il s'agisse de localiser une source de chaleur dans une for\u00eat dense ou d'identifier des cellules solaires d\u00e9fectueuses, la pr\u00e9cision est sans pr\u00e9c\u00e9dent. Le syst\u00e8me int\u00e9gr\u00e9 de <strong>t\u00e9l\u00e9m\u00e8tre laser (LRF)<\/strong> avec une port\u00e9e allant jusqu'\u00e0 <strong>1800 m\u00e8tres<\/strong> permet au drone de g\u00e9olocaliser directement les objets, tandis que la fonction <strong>Feux auxiliaires NIR (Near-Infrared)<\/strong> offrent une visibilit\u00e9 sup\u00e9rieure pendant les op\u00e9rations nocturnes sans \u00e9clairer inutilement la zone environnante.<\/p>\n<h4>Fonctionnalit\u00e9 intelligente de l'IA et dynamique de vol<\/h4>\n<p>La Matrice 4T n'est pas seulement puissante, elle est aussi exceptionnellement intelligente. Avec un temps de vol de pas moins de <strong>55 minutes<\/strong> et une r\u00e9sistance au vent allant jusqu'\u00e0 <strong>15 m\/s<\/strong>, Le drone reste stable l\u00e0 o\u00f9 d'autres ont besoin d'atterrir. Le syst\u00e8me est dot\u00e9 d'une suite compl\u00e8te d'intelligence artificielle :<\/p>\n<ul>\n<li><strong>Piste intelligente :<\/strong> Pour la reconnaissance et le suivi autonomes d'objets en mouvement tels que des v\u00e9hicules ou des personnes.<\/li>\n<li><strong>PinPoint et FlyTo :<\/strong> Pour un marquage rapide des coordonn\u00e9es et une navigation automatique vers des cibles sp\u00e9cifiques.<\/li>\n<li><strong>O4 Enterprise Transmission :<\/strong> Garantit une connexion robuste et sans interf\u00e9rences sur de tr\u00e8s longues distances, m\u00eame dans des environnements pr\u00e9sentant des niveaux \u00e9lev\u00e9s d'interf\u00e9rences \u00e9lectromagn\u00e9tiques.<\/li>\n<\/ul>\n<p style=\"text-align: center\"><a href=\"https:\/\/koningdrone.nl\/wp-content\/uploads\/2025\/02\/DJI-Product-Matrice-4T.webp\"><img loading=\"lazy\" decoding=\"async\" class=\"alignnone wp-image-466934 size-medium\" src=\"https:\/\/koningdrone.nl\/wp-content\/uploads\/2025\/02\/DJI-Product-Matrice-4T-300x300.webp\" alt=\"DJI Product Matrice 4T\" width=\"300\" height=\"300\" \/><\/a><\/p>\n<h4>Conception indestructible et s\u00e9curit\u00e9 omnidirectionnelle<\/h4>\n<p>Con\u00e7ue pour une utilisation professionnelle dans les conditions les plus difficiles, la Matrice 4T pr\u00e9sente les caract\u00e9ristiques suivantes <strong>six capteurs fisheye omnidirectionnels<\/strong> formant un bouclier de 360 degr\u00e9s autour de l'appareil. Cela permet d'\u00e9viter les obstacles dans toutes les directions, m\u00eame dans des environnements industriels \u00e9troits. Le syst\u00e8me int\u00e9gr\u00e9 <strong>Module RTK<\/strong> offre un positionnement au centim\u00e8tre pr\u00e8s, ce qui est crucial pour la cartographie et les atterrissages de pr\u00e9cision. Gr\u00e2ce \u00e0 son ch\u00e2ssis robuste de classe entreprise, cet appareil peut r\u00e9sister \u00e0 une utilisation intensive et \u00e0 des conditions m\u00e9t\u00e9orologiques changeantes, ce qui en fait le partenaire le plus fiable pour toute organisation gouvernementale ou commerciale.<\/p>","protected":false},"excerpt":{"rendered":"<ul>\n<li>Syst\u00e8me avanc\u00e9 de cam\u00e9ra multicapteurs avec capteurs RVB et thermiques.<\/li>\n<li>T\u00e9l\u00e9m\u00e8tre laser jusqu'\u00e0 1800 m.<\/li>\n<li>Des fonctions aliment\u00e9es par l'IA telles que Smart Track et PinPoint.<\/li>\n<li>Longue dur\u00e9e de vol (jusqu'\u00e0 55 minutes).<\/li>\n<li>Transmission O4 Enterprise pour une transmission stable de vid\u00e9os et de donn\u00e9es en direct.<\/li>\n<\/ul>","protected":false},"featured_media":16994,"template":"","meta":{"_acf_changed":false},"product_brand":[],"product_cat":[98,1735,1733],"product_tag":[],"class_list":{"0":"post-8219","1":"product","2":"type-product","3":"status-publish","4":"has-post-thumbnail","6":"product_cat-dji-matrice-4","7":"product_cat-dji-matrice-4-serie","8":"product_cat-dji-matrice-4t","9":"product_shipping_class-uavspacesall","10":"pa_brand-dji","11":"pa_producttype-enterprise-drone","12":"pa_series-matrice","14":"first","15":"instock","16":"taxable","17":"shipping-taxable","18":"purchasable","19":"product-type-simple"},"acf":[],"yoast_head":"<!-- This site is optimized with the Yoast SEO Premium plugin v27.2 (Yoast SEO v27.2) - https:\/\/yoast.com\/product\/yoast-seo-premium-wordpress\/ -->\n<title>DJI Matrice 4T - koningdrone.be<\/title>\n<meta name=\"robots\" content=\"index, follow, max-snippet:-1, max-image-preview:large, max-video-preview:-1\" \/>\n<link rel=\"canonical\" href=\"https:\/\/koningdrone.be\/fr\/produit\/dji-matrice-4t\/\" \/>\n<meta property=\"og:locale\" content=\"fr_FR\" \/>\n<meta property=\"og:type\" content=\"article\" \/>\n<meta property=\"og:title\" content=\"DJI Matrice 4T\" \/>\n<meta property=\"og:description\" content=\"Geavanceerd multisensor\u2011camerasysteem met RGB\u2011 en thermische sensoren.  Laser\u2011afstandsmeter tot 1800\u202fm.  AI\u2011gestuurde functies zoals Smart Track en PinPoint.  Lange vliegtijd tot 55\u202fminuten.  O4\u202fEnterprise transmissie voor stabiele live\u2011video en data\u2011overdracht.\" \/>\n<meta property=\"og:url\" content=\"https:\/\/koningdrone.be\/fr\/produit\/dji-matrice-4t\/\" \/>\n<meta property=\"og:site_name\" content=\"koningdrone.be\" \/>\n<meta property=\"article:modified_time\" content=\"2026-04-29T01:30:51+00:00\" \/>\n<meta property=\"og:image\" content=\"https:\/\/koningdrone.be\/wp-content\/uploads\/sites\/13\/2026\/03\/Product-4T-DJI-Matrice.webp\" \/>\n\t<meta property=\"og:image:width\" content=\"2048\" \/>\n\t<meta property=\"og:image:height\" content=\"2048\" \/>\n\t<meta property=\"og:image:type\" content=\"image\/webp\" \/>\n<meta name=\"twitter:card\" content=\"summary_large_image\" \/>\n<meta name=\"twitter:label1\" content=\"Dur\u00e9e de lecture est.\" \/>\n\t<meta name=\"twitter:data1\" content=\"3 minutes\" \/>\n<script type=\"application\/ld+json\" class=\"yoast-schema-graph\">{\"@context\":\"https:\/\/schema.org\",\"@graph\":[{\"@type\":\"WebPage\",\"@id\":\"https:\/\/koningdrone.be\/product\/dji-matrice-4t\/\",\"url\":\"https:\/\/koningdrone.be\/product\/dji-matrice-4t\/\",\"name\":\"DJI Matrice 4T - koningdrone.be\",\"isPartOf\":{\"@id\":\"https:\/\/koningdrone.be\/#website\"},\"primaryImageOfPage\":{\"@id\":\"https:\/\/koningdrone.be\/product\/dji-matrice-4t\/#primaryimage\"},\"image\":{\"@id\":\"https:\/\/koningdrone.be\/product\/dji-matrice-4t\/#primaryimage\"},\"thumbnailUrl\":\"https:\/\/koningdrone.be\/wp-content\/uploads\/sites\/13\/2026\/03\/Product-4T-DJI-Matrice.webp\",\"datePublished\":\"2025-02-25T05:50:44+00:00\",\"dateModified\":\"2026-04-29T01:30:51+00:00\",\"breadcrumb\":{\"@id\":\"https:\/\/koningdrone.be\/product\/dji-matrice-4t\/#breadcrumb\"},\"inLanguage\":\"fr-BE\",\"potentialAction\":[{\"@type\":\"ReadAction\",\"target\":[\"https:\/\/koningdrone.be\/product\/dji-matrice-4t\/\"]}]},{\"@type\":\"ImageObject\",\"inLanguage\":\"fr-BE\",\"@id\":\"https:\/\/koningdrone.be\/product\/dji-matrice-4t\/#primaryimage\",\"url\":\"https:\/\/koningdrone.be\/wp-content\/uploads\/sites\/13\/2026\/03\/Product-4T-DJI-Matrice.webp\",\"contentUrl\":\"https:\/\/koningdrone.be\/wp-content\/uploads\/sites\/13\/2026\/03\/Product-4T-DJI-Matrice.webp\",\"width\":2048,\"height\":2048},{\"@type\":\"BreadcrumbList\",\"@id\":\"https:\/\/koningdrone.be\/product\/dji-matrice-4t\/#breadcrumb\",\"itemListElement\":[{\"@type\":\"ListItem\",\"position\":1,\"name\":\"Home\",\"item\":\"https:\/\/koningdrone.be\/\"},{\"@type\":\"ListItem\",\"position\":2,\"name\":\"AVSS Parachute Recovery System for DJI Matrice 300\/350\",\"item\":\"https:\/\/koningdrone.be\/product\/avss-parachute-recovery-system-for-dji-matrice-300-350\/\"},{\"@type\":\"ListItem\",\"position\":3,\"name\":\"DJI Matrice 4\",\"item\":\"https:\/\/koningdrone.be\/categorie\/dji-matrice-4\/\"},{\"@type\":\"ListItem\",\"position\":4,\"name\":\"DJI Matrice 4T\"}]},{\"@type\":\"WebSite\",\"@id\":\"https:\/\/koningdrone.be\/#website\",\"url\":\"https:\/\/koningdrone.be\/\",\"name\":\"Koningdrone.be - Uw online specialist in drones, gimbals, camera's en power stations.\",\"description\":\"De webshop in drones en gimbals\",\"publisher\":{\"@id\":\"https:\/\/koningdrone.be\/#organization\"},\"potentialAction\":[{\"@type\":\"SearchAction\",\"target\":{\"@type\":\"EntryPoint\",\"urlTemplate\":\"https:\/\/koningdrone.be\/?s={search_term_string}\"},\"query-input\":{\"@type\":\"PropertyValueSpecification\",\"valueRequired\":true,\"valueName\":\"search_term_string\"}}],\"inLanguage\":\"fr-BE\"},{\"@type\":\"Organization\",\"@id\":\"https:\/\/koningdrone.be\/#organization\",\"name\":\"Koningdrone.be\",\"url\":\"https:\/\/koningdrone.be\/\",\"logo\":{\"@type\":\"ImageObject\",\"inLanguage\":\"fr-BE\",\"@id\":\"https:\/\/koningdrone.be\/#\/schema\/logo\/image\/\",\"url\":\"https:\/\/koningdrone.be\/wp-content\/uploads\/sites\/13\/2025\/04\/koningdrone-copyright-logo.svg\",\"contentUrl\":\"https:\/\/koningdrone.be\/wp-content\/uploads\/sites\/13\/2025\/04\/koningdrone-copyright-logo.svg\",\"width\":227,\"height\":38,\"caption\":\"Koningdrone.be\"},\"image\":{\"@id\":\"https:\/\/koningdrone.be\/#\/schema\/logo\/image\/\"}}]}<\/script>\n<!-- \/ Yoast SEO Premium plugin. -->","yoast_head_json":{"title":"DJI Matrice 4T - koningdrone.be","robots":{"index":"index","follow":"follow","max-snippet":"max-snippet:-1","max-image-preview":"max-image-preview:large","max-video-preview":"max-video-preview:-1"},"canonical":"https:\/\/koningdrone.be\/fr\/produit\/dji-matrice-4t\/","og_locale":"fr_FR","og_type":"article","og_title":"DJI Matrice 4T","og_description":"Geavanceerd multisensor\u2011camerasysteem met RGB\u2011 en thermische sensoren.  Laser\u2011afstandsmeter tot 1800\u202fm.  AI\u2011gestuurde functies zoals Smart Track en PinPoint.  Lange vliegtijd tot 55\u202fminuten.  O4\u202fEnterprise transmissie voor stabiele live\u2011video en data\u2011overdracht.","og_url":"https:\/\/koningdrone.be\/fr\/produit\/dji-matrice-4t\/","og_site_name":"koningdrone.be","article_modified_time":"2026-04-29T01:30:51+00:00","og_image":[{"width":2048,"height":2048,"url":"https:\/\/koningdrone.be\/wp-content\/uploads\/sites\/13\/2026\/03\/Product-4T-DJI-Matrice.webp","type":"image\/webp"}],"twitter_card":"summary_large_image","twitter_misc":{"Dur\u00e9e de lecture est.":"3 minutes"},"schema":{"@context":"https:\/\/schema.org","@graph":[{"@type":"WebPage","@id":"https:\/\/koningdrone.be\/product\/dji-matrice-4t\/","url":"https:\/\/koningdrone.be\/product\/dji-matrice-4t\/","name":"DJI Matrice 4T - koningdrone.be","isPartOf":{"@id":"https:\/\/koningdrone.be\/#website"},"primaryImageOfPage":{"@id":"https:\/\/koningdrone.be\/product\/dji-matrice-4t\/#primaryimage"},"image":{"@id":"https:\/\/koningdrone.be\/product\/dji-matrice-4t\/#primaryimage"},"thumbnailUrl":"https:\/\/koningdrone.be\/wp-content\/uploads\/sites\/13\/2026\/03\/Product-4T-DJI-Matrice.webp","datePublished":"2025-02-25T05:50:44+00:00","dateModified":"2026-04-29T01:30:51+00:00","breadcrumb":{"@id":"https:\/\/koningdrone.be\/product\/dji-matrice-4t\/#breadcrumb"},"inLanguage":"fr-BE","potentialAction":[{"@type":"ReadAction","target":["https:\/\/koningdrone.be\/product\/dji-matrice-4t\/"]}]},{"@type":"ImageObject","inLanguage":"fr-BE","@id":"https:\/\/koningdrone.be\/product\/dji-matrice-4t\/#primaryimage","url":"https:\/\/koningdrone.be\/wp-content\/uploads\/sites\/13\/2026\/03\/Product-4T-DJI-Matrice.webp","contentUrl":"https:\/\/koningdrone.be\/wp-content\/uploads\/sites\/13\/2026\/03\/Product-4T-DJI-Matrice.webp","width":2048,"height":2048},{"@type":"BreadcrumbList","@id":"https:\/\/koningdrone.be\/product\/dji-matrice-4t\/#breadcrumb","itemListElement":[{"@type":"ListItem","position":1,"name":"Home","item":"https:\/\/koningdrone.be\/"},{"@type":"ListItem","position":2,"name":"AVSS Parachute Recovery System for DJI Matrice 300\/350","item":"https:\/\/koningdrone.be\/product\/avss-parachute-recovery-system-for-dji-matrice-300-350\/"},{"@type":"ListItem","position":3,"name":"DJI Matrice 4","item":"https:\/\/koningdrone.be\/categorie\/dji-matrice-4\/"},{"@type":"ListItem","position":4,"name":"DJI Matrice 4T"}]},{"@type":"WebSite","@id":"https:\/\/koningdrone.be\/#website","url":"https:\/\/koningdrone.be\/","name":"Koningdrone.be - Votre sp\u00e9cialiste en ligne en mati\u00e8re de drones, de cardans, de cam\u00e9ras et de centrales \u00e9lectriques.","description":"La boutique en ligne de drones et de cardans","publisher":{"@id":"https:\/\/koningdrone.be\/#organization"},"potentialAction":[{"@type":"SearchAction","target":{"@type":"EntryPoint","urlTemplate":"https:\/\/koningdrone.be\/?s={search_term_string}"},"query-input":{"@type":"PropertyValueSpecification","valueRequired":true,"valueName":"search_term_string"}}],"inLanguage":"fr-BE"},{"@type":"Organization","@id":"https:\/\/koningdrone.be\/#organization","name":"Kingdrone.co.uk","url":"https:\/\/koningdrone.be\/","logo":{"@type":"ImageObject","inLanguage":"fr-BE","@id":"https:\/\/koningdrone.be\/#\/schema\/logo\/image\/","url":"https:\/\/koningdrone.be\/wp-content\/uploads\/sites\/13\/2025\/04\/koningdrone-copyright-logo.svg","contentUrl":"https:\/\/koningdrone.be\/wp-content\/uploads\/sites\/13\/2025\/04\/koningdrone-copyright-logo.svg","width":227,"height":38,"caption":"Koningdrone.be"},"image":{"@id":"https:\/\/koningdrone.be\/#\/schema\/logo\/image\/"}}]}},"df_price":6769,"df_sale_price":"","df_regular_price":6769,"df_image_link":"https:\/\/koningdrone.be\/wp-content\/uploads\/sites\/13\/2026\/03\/Product-4T-DJI-Matrice-300x300.webp","_links":{"self":[{"href":"https:\/\/koningdrone.be\/fr\/wp-json\/wp\/v2\/product\/8219","targetHints":{"allow":["GET"]}}],"collection":[{"href":"https:\/\/koningdrone.be\/fr\/wp-json\/wp\/v2\/product"}],"about":[{"href":"https:\/\/koningdrone.be\/fr\/wp-json\/wp\/v2\/types\/product"}],"wp:featuredmedia":[{"embeddable":true,"href":"https:\/\/koningdrone.be\/fr\/wp-json\/wp\/v2\/media\/16994"}],"wp:attachment":[{"href":"https:\/\/koningdrone.be\/fr\/wp-json\/wp\/v2\/media?parent=8219"}],"wp:term":[{"taxonomy":"product_brand","embeddable":true,"href":"https:\/\/koningdrone.be\/fr\/wp-json\/wp\/v2\/product_brand?post=8219"},{"taxonomy":"product_cat","embeddable":true,"href":"https:\/\/koningdrone.be\/fr\/wp-json\/wp\/v2\/product_cat?post=8219"},{"taxonomy":"product_tag","embeddable":true,"href":"https:\/\/koningdrone.be\/fr\/wp-json\/wp\/v2\/product_tag?post=8219"}],"curies":[{"name":"wp","href":"https:\/\/api.w.org\/{rel}","templated":true}]}}