{"id":8120,"date":"2021-10-03T10:00:49","date_gmt":"2021-10-03T08:00:49","guid":{"rendered":"https:\/\/koningdrone.nl\/kon\/product\/dji-zenmuse-z15-gh4-hd\/"},"modified":"2026-04-29T07:50:11","modified_gmt":"2026-04-29T05:50:11","slug":"dji-zenmuse-z15-gh4-hd","status":"publish","type":"product","link":"https:\/\/koningdrone.be\/fr\/produit\/dji-zenmuse-z15-gh4-hd\/","title":{"rendered":"DJI Zenmuse Z15 GH4 (HD)"},"content":{"rendered":"<h1>DJI ZENMUSE Z15 GH4 (HD)<\/h1>\n<p><strong>Un autre cardan 3 axes r\u00e9volutionnaire pour les applications professionnelles<\/strong><br \/>Le DJI Zenmuse Z15-GH4 HD Gimbal est bas\u00e9 sur la technologie de la s\u00e9rie Zenmuse Z15 et a h\u00e9rit\u00e9 de l'excellent rapport poids\/puissance gr\u00e2ce \u00e0 son design unique. Ce produit repr\u00e9sente une nouvelle \u00e9tape dans le domaine des syst\u00e8mes \u00e0 cardan, la pr\u00e9cision de l'angle de r\u00e9glage \u00e9tant de \u00b10,02\u00b0. Combin\u00e9 au syst\u00e8me de contr\u00f4le de vol professionnel DJI A2 et \u00e0 un octocopt\u00e8re, le cardan peut stabiliser et contr\u00f4ler avec pr\u00e9cision la cam\u00e9ra, m\u00eame \u00e0 des vitesses de vol \u00e9lev\u00e9es et par grand vent. Ce syst\u00e8me est sans aucun doute le premier choix pour l'enregistrement vid\u00e9o professionnel ou la photographie a\u00e9rienne.<br \/><strong>Conception d'un cardan sur mesure pour le Lumix GH4<\/strong><br \/>Pour garantir le meilleur fonctionnement possible des cardans, DJI les a adapt\u00e9s \u00e0 la derni\u00e8re technologie de cam\u00e9ra. Le Zenmuse Z15-GH4 HD Gimbal est parfaitement adapt\u00e9 au Lumix GH4. Il offre une solution vid\u00e9o 4K (25fps) qu'aucune autre cam\u00e9ra syst\u00e8me ne peut actuellement offrir, ce qui le rend parfait pour les passionn\u00e9s de vid\u00e9o qui veulent une r\u00e9solution 4K dans les airs.<br \/><strong>La solution compl\u00e8te de DJI est un excellent choix<\/strong><br \/>Le syst\u00e8me de gimbal Zenmuse Z15-GH4 HD s'adapte parfaitement aux plateformes octocopt\u00e8res et aux \u00e9lectroniques de contr\u00f4le A2 et Wookong-M pour les multicopt\u00e8res et la s\u00e9rie Ace pour les h\u00e9licopt\u00e8res. Associ\u00e9s \u00e0 l'iOSD Mark II et \u00e0 une connexion vid\u00e9o 5.8 Ghz ou au nouveau DJI Lightbridge, ces composants forment un syst\u00e8me complet et puissant qui vous permet de prendre des photos a\u00e9riennes parfaites tout en \u00e9tant facile \u00e0 utiliser.<br \/><strong>Angle de rotation contr\u00f4lable sur trois axes<\/strong><br \/>Le syst\u00e8me de cardan Zenmuse \u00e0 3 axes est dot\u00e9 d'une conception m\u00e9canique avanc\u00e9e. Le potentiom\u00e8tre arri\u00e8re augmente consid\u00e9rablement le contr\u00f4le, la stabilit\u00e9 et la pr\u00e9cision, et les bagues collectrices internes \u00e9liminent les c\u00e2blages compliqu\u00e9s. Toutes les lignes d'alimentation et de signal n\u00e9cessaires sont int\u00e9gr\u00e9es dans le cadre, ce qui permet \u00e0 la rotule de tourner dans les axes sans limitation. Le panoramique est illimit\u00e9 sur 360\u00b0, l'inclinaison va de -120\u00b0 \u00e0 +15\u00b0 et l'axe de roulis est de \u00b125\u00b0. La m\u00e9thode de fonctionnement est extr\u00eamement simple, le rayon de mouvement du manche de l'\u00e9metteur contr\u00f4le la vitesse de rotation correspondante.<br \/><strong> Module ind\u00e9pendant IMU et infrarouge int\u00e9gr\u00e9<\/strong><br \/> DJI a perfectionn\u00e9 l'algorithme de stabilisation de l'attitude apr\u00e8s des ann\u00e9es de d\u00e9veloppement. Combin\u00e9 \u00e0 une m\u00e9canique de haute pr\u00e9cision, il permet un contr\u00f4le de position extr\u00eamement pr\u00e9cis. Sans installation compliqu\u00e9e ni c\u00e2bles suppl\u00e9mentaires, l'installation est simple et le satellite vole tr\u00e8s haut. Un module de sortie vid\u00e9o d\u00e9di\u00e9 est \u00e9galement int\u00e9gr\u00e9 au cardan, ce qui permet un d\u00e9clenchement \u00e0 distance par infrarouge.<\/p>","protected":false},"excerpt":{"rendered":"<ul>\n<li>Rotule 3 axes pour les applications professionnelles<\/li>\n<li>la pr\u00e9cision de l'angle de r\u00e9glage est de l'ordre de \u00b1 0,02\u00b0.<\/li>\n<li>stabiliser et contr\u00f4ler avec pr\u00e9cision \u00e0 des vitesses de vol \u00e9lev\u00e9es et par vent fort<\/li>\n<\/ul>","protected":false},"featured_media":8115,"template":"","meta":{"_acf_changed":false},"product_brand":[],"product_cat":[298,97,316],"product_tag":[],"class_list":{"0":"post-8120","1":"product","2":"type-product","3":"status-publish","4":"has-post-thumbnail","6":"product_cat-alle-industriele-camera","7":"product_cat-alle-producten","8":"product_cat-dji-zenmuse","9":"product_shipping_class-outofstock","10":"pa_brand-dji","11":"pa_productfamily-gimbal","12":"pa_producttype-gimbal","13":"pa_series-zenmuse-z15","15":"first","16":"outofstock","17":"taxable","18":"shipping-taxable","19":"product-type-simple"},"acf":[],"yoast_head":"<!-- This site is optimized with the Yoast SEO Premium plugin v27.2 (Yoast SEO v27.2) - https:\/\/yoast.com\/product\/yoast-seo-premium-wordpress\/ -->\n<title>DJI Zenmuse Z15 GH4 (HD) - koningdrone.be<\/title>\n<meta name=\"robots\" content=\"index, follow, max-snippet:-1, max-image-preview:large, max-video-preview:-1\" \/>\n<link rel=\"canonical\" href=\"https:\/\/koningdrone.be\/fr\/produit\/dji-zenmuse-z15-gh4-hd\/\" \/>\n<meta property=\"og:locale\" content=\"fr_FR\" \/>\n<meta property=\"og:type\" content=\"article\" \/>\n<meta property=\"og:title\" content=\"DJI Zenmuse Z15 GH4 (HD)\" \/>\n<meta property=\"og:description\" content=\"3-assige gimbal voor professionele toepassingenprecisie van de instelhoek ligt in een bereik van \u00b1 0,02\u00b0bij hoge vliegsnelheden en bij harde wind stabiliseren en nauwkeurig besturen\" \/>\n<meta property=\"og:url\" content=\"https:\/\/koningdrone.be\/fr\/produit\/dji-zenmuse-z15-gh4-hd\/\" \/>\n<meta property=\"og:site_name\" content=\"koningdrone.be\" \/>\n<meta property=\"article:modified_time\" content=\"2026-04-29T05:50:11+00:00\" \/>\n<meta property=\"og:image\" content=\"https:\/\/koningdrone.be\/wp-content\/uploads\/sites\/13\/2025\/04\/6958265106781-1.jpg\" \/>\n\t<meta property=\"og:image:width\" content=\"800\" \/>\n\t<meta property=\"og:image:height\" content=\"500\" \/>\n\t<meta property=\"og:image:type\" content=\"image\/jpeg\" \/>\n<meta name=\"twitter:card\" content=\"summary_large_image\" \/>\n<meta name=\"twitter:label1\" content=\"Dur\u00e9e de lecture est.\" \/>\n\t<meta name=\"twitter:data1\" content=\"2 minutes\" \/>\n<script type=\"application\/ld+json\" class=\"yoast-schema-graph\">{\"@context\":\"https:\/\/schema.org\",\"@graph\":[{\"@type\":\"WebPage\",\"@id\":\"https:\/\/koningdrone.be\/product\/dji-zenmuse-z15-gh4-hd\/\",\"url\":\"https:\/\/koningdrone.be\/product\/dji-zenmuse-z15-gh4-hd\/\",\"name\":\"DJI Zenmuse Z15 GH4 (HD) - koningdrone.be\",\"isPartOf\":{\"@id\":\"https:\/\/koningdrone.be\/#website\"},\"primaryImageOfPage\":{\"@id\":\"https:\/\/koningdrone.be\/product\/dji-zenmuse-z15-gh4-hd\/#primaryimage\"},\"image\":{\"@id\":\"https:\/\/koningdrone.be\/product\/dji-zenmuse-z15-gh4-hd\/#primaryimage\"},\"thumbnailUrl\":\"https:\/\/koningdrone.be\/wp-content\/uploads\/sites\/13\/2025\/04\/6958265106781-1.jpg\",\"datePublished\":\"2021-10-03T08:00:49+00:00\",\"dateModified\":\"2026-04-29T05:50:11+00:00\",\"breadcrumb\":{\"@id\":\"https:\/\/koningdrone.be\/product\/dji-zenmuse-z15-gh4-hd\/#breadcrumb\"},\"inLanguage\":\"fr-BE\",\"potentialAction\":[{\"@type\":\"ReadAction\",\"target\":[\"https:\/\/koningdrone.be\/product\/dji-zenmuse-z15-gh4-hd\/\"]}]},{\"@type\":\"ImageObject\",\"inLanguage\":\"fr-BE\",\"@id\":\"https:\/\/koningdrone.be\/product\/dji-zenmuse-z15-gh4-hd\/#primaryimage\",\"url\":\"https:\/\/koningdrone.be\/wp-content\/uploads\/sites\/13\/2025\/04\/6958265106781-1.jpg\",\"contentUrl\":\"https:\/\/koningdrone.be\/wp-content\/uploads\/sites\/13\/2025\/04\/6958265106781-1.jpg\",\"width\":800,\"height\":500},{\"@type\":\"BreadcrumbList\",\"@id\":\"https:\/\/koningdrone.be\/product\/dji-zenmuse-z15-gh4-hd\/#breadcrumb\",\"itemListElement\":[{\"@type\":\"ListItem\",\"position\":1,\"name\":\"Home\",\"item\":\"https:\/\/koningdrone.be\/\"},{\"@type\":\"ListItem\",\"position\":2,\"name\":\"AVSS Parachute Recovery System for DJI Matrice 300\/350\",\"item\":\"https:\/\/koningdrone.be\/product\/avss-parachute-recovery-system-for-dji-matrice-300-350\/\"},{\"@type\":\"ListItem\",\"position\":3,\"name\":\"Alle industriele camera\",\"item\":\"https:\/\/koningdrone.be\/categorie\/alle-industriele-camera\/\"},{\"@type\":\"ListItem\",\"position\":4,\"name\":\"DJI Zenmuse Z15 GH4 (HD)\"}]},{\"@type\":\"WebSite\",\"@id\":\"https:\/\/koningdrone.be\/#website\",\"url\":\"https:\/\/koningdrone.be\/\",\"name\":\"Koningdrone.be - Uw online specialist in drones, gimbals, camera's en power stations.\",\"description\":\"De webshop in drones en gimbals\",\"publisher\":{\"@id\":\"https:\/\/koningdrone.be\/#organization\"},\"potentialAction\":[{\"@type\":\"SearchAction\",\"target\":{\"@type\":\"EntryPoint\",\"urlTemplate\":\"https:\/\/koningdrone.be\/?s={search_term_string}\"},\"query-input\":{\"@type\":\"PropertyValueSpecification\",\"valueRequired\":true,\"valueName\":\"search_term_string\"}}],\"inLanguage\":\"fr-BE\"},{\"@type\":\"Organization\",\"@id\":\"https:\/\/koningdrone.be\/#organization\",\"name\":\"Koningdrone.be\",\"url\":\"https:\/\/koningdrone.be\/\",\"logo\":{\"@type\":\"ImageObject\",\"inLanguage\":\"fr-BE\",\"@id\":\"https:\/\/koningdrone.be\/#\/schema\/logo\/image\/\",\"url\":\"https:\/\/koningdrone.be\/wp-content\/uploads\/sites\/13\/2025\/04\/koningdrone-copyright-logo.svg\",\"contentUrl\":\"https:\/\/koningdrone.be\/wp-content\/uploads\/sites\/13\/2025\/04\/koningdrone-copyright-logo.svg\",\"width\":227,\"height\":38,\"caption\":\"Koningdrone.be\"},\"image\":{\"@id\":\"https:\/\/koningdrone.be\/#\/schema\/logo\/image\/\"}}]}<\/script>\n<!-- \/ Yoast SEO Premium plugin. -->","yoast_head_json":{"title":"DJI Zenmuse Z15 GH4 (HD) - koningdrone.be","robots":{"index":"index","follow":"follow","max-snippet":"max-snippet:-1","max-image-preview":"max-image-preview:large","max-video-preview":"max-video-preview:-1"},"canonical":"https:\/\/koningdrone.be\/fr\/produit\/dji-zenmuse-z15-gh4-hd\/","og_locale":"fr_FR","og_type":"article","og_title":"DJI Zenmuse Z15 GH4 (HD)","og_description":"3-assige gimbal voor professionele toepassingenprecisie van de instelhoek ligt in een bereik van \u00b1 0,02\u00b0bij hoge vliegsnelheden en bij harde wind stabiliseren en nauwkeurig besturen","og_url":"https:\/\/koningdrone.be\/fr\/produit\/dji-zenmuse-z15-gh4-hd\/","og_site_name":"koningdrone.be","article_modified_time":"2026-04-29T05:50:11+00:00","og_image":[{"width":800,"height":500,"url":"https:\/\/koningdrone.be\/wp-content\/uploads\/sites\/13\/2025\/04\/6958265106781-1.jpg","type":"image\/jpeg"}],"twitter_card":"summary_large_image","twitter_misc":{"Dur\u00e9e de lecture est.":"2 minutes"},"schema":{"@context":"https:\/\/schema.org","@graph":[{"@type":"WebPage","@id":"https:\/\/koningdrone.be\/product\/dji-zenmuse-z15-gh4-hd\/","url":"https:\/\/koningdrone.be\/product\/dji-zenmuse-z15-gh4-hd\/","name":"DJI Zenmuse Z15 GH4 (HD) - koningdrone.be","isPartOf":{"@id":"https:\/\/koningdrone.be\/#website"},"primaryImageOfPage":{"@id":"https:\/\/koningdrone.be\/product\/dji-zenmuse-z15-gh4-hd\/#primaryimage"},"image":{"@id":"https:\/\/koningdrone.be\/product\/dji-zenmuse-z15-gh4-hd\/#primaryimage"},"thumbnailUrl":"https:\/\/koningdrone.be\/wp-content\/uploads\/sites\/13\/2025\/04\/6958265106781-1.jpg","datePublished":"2021-10-03T08:00:49+00:00","dateModified":"2026-04-29T05:50:11+00:00","breadcrumb":{"@id":"https:\/\/koningdrone.be\/product\/dji-zenmuse-z15-gh4-hd\/#breadcrumb"},"inLanguage":"fr-BE","potentialAction":[{"@type":"ReadAction","target":["https:\/\/koningdrone.be\/product\/dji-zenmuse-z15-gh4-hd\/"]}]},{"@type":"ImageObject","inLanguage":"fr-BE","@id":"https:\/\/koningdrone.be\/product\/dji-zenmuse-z15-gh4-hd\/#primaryimage","url":"https:\/\/koningdrone.be\/wp-content\/uploads\/sites\/13\/2025\/04\/6958265106781-1.jpg","contentUrl":"https:\/\/koningdrone.be\/wp-content\/uploads\/sites\/13\/2025\/04\/6958265106781-1.jpg","width":800,"height":500},{"@type":"BreadcrumbList","@id":"https:\/\/koningdrone.be\/product\/dji-zenmuse-z15-gh4-hd\/#breadcrumb","itemListElement":[{"@type":"ListItem","position":1,"name":"Home","item":"https:\/\/koningdrone.be\/"},{"@type":"ListItem","position":2,"name":"AVSS Parachute Recovery System for DJI Matrice 300\/350","item":"https:\/\/koningdrone.be\/product\/avss-parachute-recovery-system-for-dji-matrice-300-350\/"},{"@type":"ListItem","position":3,"name":"Alle industriele camera","item":"https:\/\/koningdrone.be\/categorie\/alle-industriele-camera\/"},{"@type":"ListItem","position":4,"name":"DJI Zenmuse Z15 GH4 (HD)"}]},{"@type":"WebSite","@id":"https:\/\/koningdrone.be\/#website","url":"https:\/\/koningdrone.be\/","name":"Koningdrone.be - Votre sp\u00e9cialiste en ligne en mati\u00e8re de drones, de cardans, de cam\u00e9ras et de centrales \u00e9lectriques.","description":"La boutique en ligne de drones et de cardans","publisher":{"@id":"https:\/\/koningdrone.be\/#organization"},"potentialAction":[{"@type":"SearchAction","target":{"@type":"EntryPoint","urlTemplate":"https:\/\/koningdrone.be\/?s={search_term_string}"},"query-input":{"@type":"PropertyValueSpecification","valueRequired":true,"valueName":"search_term_string"}}],"inLanguage":"fr-BE"},{"@type":"Organization","@id":"https:\/\/koningdrone.be\/#organization","name":"Kingdrone.co.uk","url":"https:\/\/koningdrone.be\/","logo":{"@type":"ImageObject","inLanguage":"fr-BE","@id":"https:\/\/koningdrone.be\/#\/schema\/logo\/image\/","url":"https:\/\/koningdrone.be\/wp-content\/uploads\/sites\/13\/2025\/04\/koningdrone-copyright-logo.svg","contentUrl":"https:\/\/koningdrone.be\/wp-content\/uploads\/sites\/13\/2025\/04\/koningdrone-copyright-logo.svg","width":227,"height":38,"caption":"Koningdrone.be"},"image":{"@id":"https:\/\/koningdrone.be\/#\/schema\/logo\/image\/"}}]}},"df_price":"","df_sale_price":"","df_regular_price":"","df_image_link":"https:\/\/koningdrone.be\/wp-content\/uploads\/sites\/13\/2025\/04\/6958265106781-1-300x188.jpg","_links":{"self":[{"href":"https:\/\/koningdrone.be\/fr\/wp-json\/wp\/v2\/product\/8120","targetHints":{"allow":["GET"]}}],"collection":[{"href":"https:\/\/koningdrone.be\/fr\/wp-json\/wp\/v2\/product"}],"about":[{"href":"https:\/\/koningdrone.be\/fr\/wp-json\/wp\/v2\/types\/product"}],"wp:featuredmedia":[{"embeddable":true,"href":"https:\/\/koningdrone.be\/fr\/wp-json\/wp\/v2\/media\/8115"}],"wp:attachment":[{"href":"https:\/\/koningdrone.be\/fr\/wp-json\/wp\/v2\/media?parent=8120"}],"wp:term":[{"taxonomy":"product_brand","embeddable":true,"href":"https:\/\/koningdrone.be\/fr\/wp-json\/wp\/v2\/product_brand?post=8120"},{"taxonomy":"product_cat","embeddable":true,"href":"https:\/\/koningdrone.be\/fr\/wp-json\/wp\/v2\/product_cat?post=8120"},{"taxonomy":"product_tag","embeddable":true,"href":"https:\/\/koningdrone.be\/fr\/wp-json\/wp\/v2\/product_tag?post=8120"}],"curies":[{"name":"wp","href":"https:\/\/api.w.org\/{rel}","templated":true}]}}