{"id":8114,"date":"2018-06-12T20:54:28","date_gmt":"2018-06-12T18:54:28","guid":{"rendered":"https:\/\/koningdrone.nl\/kon\/product\/dji-zenmuse-x3-zoom\/"},"modified":"2026-04-29T06:50:34","modified_gmt":"2026-04-29T04:50:34","slug":"dji-zenmuse-x3-zoom","status":"publish","type":"product","link":"https:\/\/koningdrone.be\/fr\/produit\/dji-zenmuse-x3-zoom\/","title":{"rendered":"DJI Zenmuse X3 Zoom"},"content":{"rendered":"<h1>Zenmuse X3 Zoom<\/h1>\n<p>Compatible avec l'Inspire 1 et le Matrice 100, la cam\u00e9ra la plus avanc\u00e9e de DJI \u00e0 ce jour vous offre des images d'une clart\u00e9 cristalline depuis les airs.<\/p>\n<p>Le cardan qui maintient votre cam\u00e9ra est le r\u00e9sultat des ann\u00e9es d'exp\u00e9rience de DJI en mati\u00e8re de stabilisation de cam\u00e9ra, vous offrant une image fluide et stable dans toutes les conditions de vol. Cette cam\u00e9ra compacte enregistre des vid\u00e9os jusqu'\u00e0 4Kp30 ou 1080p60 et prend des photos claires et nettes de 12 m\u00e9gapixels. La conception rectiligne et incurv\u00e9e de l'objectif \u00e9limine la distorsion, et la longueur focale de 20 mm permet de prendre des photos avec un angle remarquablement grand, sans l'effet \" fish-eye \".<\/p>\n<p><strong>CARDAN AVANC\u00c9<\/strong><br \/>Toutes les technologies de base de DJI sont int\u00e9gr\u00e9es dans le cardan Zenmuse X3, ce qui permet \u00e0 la cam\u00e9ra de rester stable dans les airs et de vous offrir des images stables et professionnelles \u00e0 chaque fois.<\/p>\n<p>Le cardan \u00e0 trois axes est bas\u00e9 sur les donn\u00e9es fournies par le contr\u00f4leur de vol intelligent. Il conna\u00eet donc les param\u00e8tres de vol de l'avion et calcule la correction de mouvement correcte \u00e0 chaque milliseconde. Gr\u00e2ce \u00e0 la vitesse angulaire, \u00e0 l'\u00e9lan, \u00e0 la force d'inertie et m\u00eame aux donn\u00e9es GPS, la suspension du cardan peut appliquer une force et une contre-force, ce qui permet \u00e0 la cam\u00e9ra de rester parfaitement horizontale, quelle que soit la fa\u00e7on dont vous volez.<\/p>\n<p>Une telle pr\u00e9cision n'est possible que gr\u00e2ce au processeur ultra-rapide et personnalis\u00e9 propre aux suspensions cardaniques de DJI. Travaillant \u00e0 des vitesses qui mettent la suspension cardanique en mouvement et l'inclinent en temps r\u00e9el, ce processeur contr\u00f4le les moteurs sur les trois axes : lacet, inclinaison et roulis.<\/p>\n<p>Les moteurs sans balais qui actionnent la suspension du cardan sont con\u00e7us pour une plus grande pr\u00e9cision et une dur\u00e9e de vie plus longue, tout en supportant le stress du vol. Ils fonctionnent \u00e0 une vitesse de contr\u00f4le \u00e9lev\u00e9e de 120\u00b0\/s pour l'inclinaison et de 180\u00b0\/s pour la rotation. Vous pouvez \u00e9galement d\u00e9terminer o\u00f9 pointe la cam\u00e9ra avec une rotation de 360\u00b0 et une inclinaison de -90\u00b0 \u00e0 +30\u00b0, le tout avec une pr\u00e9cision de \u00b10,03\u00b0.<\/p>\n<p><strong>SYST\u00c8ME MODULAIRE ET \u00c9VOLUTIF<\/strong><br \/>Possibilit\u00e9 de mise \u00e0 niveau vers la s\u00e9rie Inspire X5 et d'utilisation avec le DJI Osmo<\/p>","protected":false},"excerpt":{"rendered":"<ul>\n<li>Appareil photo \u00e0 zoom optique<\/li>\n<li>Zoom optique 3,5 et zoom num\u00e9rique 2x<\/li>\n<li>Capteur CMOS 1\/2,3<\/li>\n<li>Vid\u00e9o 4K30fps et photos 12 m\u00e9gapixels<\/li>\n<li>Stabilisation \u00e0 3 axes<\/li>\n<li>Possibilit\u00e9 de diffuser des vid\u00e9os HD en direct sur l'application DJI Go<\/li>\n<li>Compatible avec DJI Osmo<\/li>\n<\/ul>","protected":false},"featured_media":8111,"template":"","meta":{"_acf_changed":false},"product_brand":[],"product_cat":[315,298,97,316],"product_tag":[],"class_list":{"0":"post-8114","1":"product","2":"type-product","3":"status-publish","4":"has-post-thumbnail","6":"product_cat-alle-gimbals-en-cameras","7":"product_cat-alle-industriele-camera","8":"product_cat-alle-producten","9":"product_cat-dji-zenmuse","10":"product_shipping_class-outofstock","11":"pa_brand-dji","12":"pa_productfamily-camera","13":"pa_producttype-camera","14":"pa_series-zenmuse-x3","16":"first","17":"outofstock","18":"taxable","19":"shipping-taxable","20":"product-type-simple"},"acf":[],"yoast_head":"<!-- This site is optimized with the Yoast SEO Premium plugin v27.2 (Yoast SEO v27.2) - https:\/\/yoast.com\/product\/yoast-seo-premium-wordpress\/ -->\n<title>DJI Zenmuse X3 Zoom - koningdrone.be<\/title>\n<meta name=\"robots\" content=\"index, follow, max-snippet:-1, max-image-preview:large, max-video-preview:-1\" \/>\n<link rel=\"canonical\" href=\"https:\/\/koningdrone.be\/fr\/produit\/dji-zenmuse-x3-zoom\/\" \/>\n<meta property=\"og:locale\" content=\"fr_FR\" \/>\n<meta property=\"og:type\" content=\"article\" \/>\n<meta property=\"og:title\" content=\"DJI Zenmuse X3 Zoom\" \/>\n<meta property=\"og:description\" content=\"Optical Zoom Camera3.5 Optische Zoom en 2x Digitale Zoom1\/2.3 CMOS Sensor4K30fps video en 12 Megapixel foto&#039;s3-assige stabilisatieMogelijkheid om live HD video te streamen naar DJI Go AppCompatibel met DJI Osmo\" \/>\n<meta property=\"og:url\" content=\"https:\/\/koningdrone.be\/fr\/produit\/dji-zenmuse-x3-zoom\/\" \/>\n<meta property=\"og:site_name\" content=\"koningdrone.be\" \/>\n<meta property=\"article:modified_time\" content=\"2026-04-29T04:50:34+00:00\" \/>\n<meta property=\"og:image\" content=\"https:\/\/koningdrone.be\/wp-content\/uploads\/sites\/13\/2025\/04\/6958265121913-1-720x660-1.jpg\" \/>\n\t<meta property=\"og:image:width\" content=\"660\" \/>\n\t<meta property=\"og:image:height\" content=\"660\" \/>\n\t<meta property=\"og:image:type\" content=\"image\/jpeg\" \/>\n<meta name=\"twitter:card\" content=\"summary_large_image\" \/>\n<meta name=\"twitter:label1\" content=\"Dur\u00e9e de lecture est.\" \/>\n\t<meta name=\"twitter:data1\" content=\"2 minutes\" \/>\n<script type=\"application\/ld+json\" class=\"yoast-schema-graph\">{\"@context\":\"https:\/\/schema.org\",\"@graph\":[{\"@type\":\"WebPage\",\"@id\":\"https:\/\/koningdrone.be\/product\/dji-zenmuse-x3-zoom\/\",\"url\":\"https:\/\/koningdrone.be\/product\/dji-zenmuse-x3-zoom\/\",\"name\":\"DJI Zenmuse X3 Zoom - koningdrone.be\",\"isPartOf\":{\"@id\":\"https:\/\/koningdrone.be\/#website\"},\"primaryImageOfPage\":{\"@id\":\"https:\/\/koningdrone.be\/product\/dji-zenmuse-x3-zoom\/#primaryimage\"},\"image\":{\"@id\":\"https:\/\/koningdrone.be\/product\/dji-zenmuse-x3-zoom\/#primaryimage\"},\"thumbnailUrl\":\"https:\/\/koningdrone.be\/wp-content\/uploads\/sites\/13\/2025\/04\/6958265121913-1-720x660-1.jpg\",\"datePublished\":\"2018-06-12T18:54:28+00:00\",\"dateModified\":\"2026-04-29T04:50:34+00:00\",\"breadcrumb\":{\"@id\":\"https:\/\/koningdrone.be\/product\/dji-zenmuse-x3-zoom\/#breadcrumb\"},\"inLanguage\":\"fr-BE\",\"potentialAction\":[{\"@type\":\"ReadAction\",\"target\":[\"https:\/\/koningdrone.be\/product\/dji-zenmuse-x3-zoom\/\"]}]},{\"@type\":\"ImageObject\",\"inLanguage\":\"fr-BE\",\"@id\":\"https:\/\/koningdrone.be\/product\/dji-zenmuse-x3-zoom\/#primaryimage\",\"url\":\"https:\/\/koningdrone.be\/wp-content\/uploads\/sites\/13\/2025\/04\/6958265121913-1-720x660-1.jpg\",\"contentUrl\":\"https:\/\/koningdrone.be\/wp-content\/uploads\/sites\/13\/2025\/04\/6958265121913-1-720x660-1.jpg\",\"width\":660,\"height\":660},{\"@type\":\"BreadcrumbList\",\"@id\":\"https:\/\/koningdrone.be\/product\/dji-zenmuse-x3-zoom\/#breadcrumb\",\"itemListElement\":[{\"@type\":\"ListItem\",\"position\":1,\"name\":\"Home\",\"item\":\"https:\/\/koningdrone.be\/\"},{\"@type\":\"ListItem\",\"position\":2,\"name\":\"AVSS Parachute Recovery System for DJI Matrice 300\/350\",\"item\":\"https:\/\/koningdrone.be\/product\/avss-parachute-recovery-system-for-dji-matrice-300-350\/\"},{\"@type\":\"ListItem\",\"position\":3,\"name\":\"Alle gimbals en cameras\",\"item\":\"https:\/\/koningdrone.be\/categorie\/alle-gimbals-en-cameras\/\"},{\"@type\":\"ListItem\",\"position\":4,\"name\":\"DJI Zenmuse X3 Zoom\"}]},{\"@type\":\"WebSite\",\"@id\":\"https:\/\/koningdrone.be\/#website\",\"url\":\"https:\/\/koningdrone.be\/\",\"name\":\"Koningdrone.be - Uw online specialist in drones, gimbals, camera's en power stations.\",\"description\":\"De webshop in drones en gimbals\",\"publisher\":{\"@id\":\"https:\/\/koningdrone.be\/#organization\"},\"potentialAction\":[{\"@type\":\"SearchAction\",\"target\":{\"@type\":\"EntryPoint\",\"urlTemplate\":\"https:\/\/koningdrone.be\/?s={search_term_string}\"},\"query-input\":{\"@type\":\"PropertyValueSpecification\",\"valueRequired\":true,\"valueName\":\"search_term_string\"}}],\"inLanguage\":\"fr-BE\"},{\"@type\":\"Organization\",\"@id\":\"https:\/\/koningdrone.be\/#organization\",\"name\":\"Koningdrone.be\",\"url\":\"https:\/\/koningdrone.be\/\",\"logo\":{\"@type\":\"ImageObject\",\"inLanguage\":\"fr-BE\",\"@id\":\"https:\/\/koningdrone.be\/#\/schema\/logo\/image\/\",\"url\":\"https:\/\/koningdrone.be\/wp-content\/uploads\/sites\/13\/2025\/04\/koningdrone-copyright-logo.svg\",\"contentUrl\":\"https:\/\/koningdrone.be\/wp-content\/uploads\/sites\/13\/2025\/04\/koningdrone-copyright-logo.svg\",\"width\":227,\"height\":38,\"caption\":\"Koningdrone.be\"},\"image\":{\"@id\":\"https:\/\/koningdrone.be\/#\/schema\/logo\/image\/\"}}]}<\/script>\n<!-- \/ Yoast SEO Premium plugin. -->","yoast_head_json":{"title":"DJI Zenmuse X3 Zoom - koningdrone.be","robots":{"index":"index","follow":"follow","max-snippet":"max-snippet:-1","max-image-preview":"max-image-preview:large","max-video-preview":"max-video-preview:-1"},"canonical":"https:\/\/koningdrone.be\/fr\/produit\/dji-zenmuse-x3-zoom\/","og_locale":"fr_FR","og_type":"article","og_title":"DJI Zenmuse X3 Zoom","og_description":"Optical Zoom Camera3.5 Optische Zoom en 2x Digitale Zoom1\/2.3 CMOS Sensor4K30fps video en 12 Megapixel foto's3-assige stabilisatieMogelijkheid om live HD video te streamen naar DJI Go AppCompatibel met DJI Osmo","og_url":"https:\/\/koningdrone.be\/fr\/produit\/dji-zenmuse-x3-zoom\/","og_site_name":"koningdrone.be","article_modified_time":"2026-04-29T04:50:34+00:00","og_image":[{"width":660,"height":660,"url":"https:\/\/koningdrone.be\/wp-content\/uploads\/sites\/13\/2025\/04\/6958265121913-1-720x660-1.jpg","type":"image\/jpeg"}],"twitter_card":"summary_large_image","twitter_misc":{"Dur\u00e9e de lecture est.":"2 minutes"},"schema":{"@context":"https:\/\/schema.org","@graph":[{"@type":"WebPage","@id":"https:\/\/koningdrone.be\/product\/dji-zenmuse-x3-zoom\/","url":"https:\/\/koningdrone.be\/product\/dji-zenmuse-x3-zoom\/","name":"DJI Zenmuse X3 Zoom - koningdrone.be","isPartOf":{"@id":"https:\/\/koningdrone.be\/#website"},"primaryImageOfPage":{"@id":"https:\/\/koningdrone.be\/product\/dji-zenmuse-x3-zoom\/#primaryimage"},"image":{"@id":"https:\/\/koningdrone.be\/product\/dji-zenmuse-x3-zoom\/#primaryimage"},"thumbnailUrl":"https:\/\/koningdrone.be\/wp-content\/uploads\/sites\/13\/2025\/04\/6958265121913-1-720x660-1.jpg","datePublished":"2018-06-12T18:54:28+00:00","dateModified":"2026-04-29T04:50:34+00:00","breadcrumb":{"@id":"https:\/\/koningdrone.be\/product\/dji-zenmuse-x3-zoom\/#breadcrumb"},"inLanguage":"fr-BE","potentialAction":[{"@type":"ReadAction","target":["https:\/\/koningdrone.be\/product\/dji-zenmuse-x3-zoom\/"]}]},{"@type":"ImageObject","inLanguage":"fr-BE","@id":"https:\/\/koningdrone.be\/product\/dji-zenmuse-x3-zoom\/#primaryimage","url":"https:\/\/koningdrone.be\/wp-content\/uploads\/sites\/13\/2025\/04\/6958265121913-1-720x660-1.jpg","contentUrl":"https:\/\/koningdrone.be\/wp-content\/uploads\/sites\/13\/2025\/04\/6958265121913-1-720x660-1.jpg","width":660,"height":660},{"@type":"BreadcrumbList","@id":"https:\/\/koningdrone.be\/product\/dji-zenmuse-x3-zoom\/#breadcrumb","itemListElement":[{"@type":"ListItem","position":1,"name":"Home","item":"https:\/\/koningdrone.be\/"},{"@type":"ListItem","position":2,"name":"AVSS Parachute Recovery System for DJI Matrice 300\/350","item":"https:\/\/koningdrone.be\/product\/avss-parachute-recovery-system-for-dji-matrice-300-350\/"},{"@type":"ListItem","position":3,"name":"Alle gimbals en cameras","item":"https:\/\/koningdrone.be\/categorie\/alle-gimbals-en-cameras\/"},{"@type":"ListItem","position":4,"name":"DJI Zenmuse X3 Zoom"}]},{"@type":"WebSite","@id":"https:\/\/koningdrone.be\/#website","url":"https:\/\/koningdrone.be\/","name":"Koningdrone.be - Votre sp\u00e9cialiste en ligne en mati\u00e8re de drones, de cardans, de cam\u00e9ras et de centrales \u00e9lectriques.","description":"La boutique en ligne de drones et de cardans","publisher":{"@id":"https:\/\/koningdrone.be\/#organization"},"potentialAction":[{"@type":"SearchAction","target":{"@type":"EntryPoint","urlTemplate":"https:\/\/koningdrone.be\/?s={search_term_string}"},"query-input":{"@type":"PropertyValueSpecification","valueRequired":true,"valueName":"search_term_string"}}],"inLanguage":"fr-BE"},{"@type":"Organization","@id":"https:\/\/koningdrone.be\/#organization","name":"Kingdrone.co.uk","url":"https:\/\/koningdrone.be\/","logo":{"@type":"ImageObject","inLanguage":"fr-BE","@id":"https:\/\/koningdrone.be\/#\/schema\/logo\/image\/","url":"https:\/\/koningdrone.be\/wp-content\/uploads\/sites\/13\/2025\/04\/koningdrone-copyright-logo.svg","contentUrl":"https:\/\/koningdrone.be\/wp-content\/uploads\/sites\/13\/2025\/04\/koningdrone-copyright-logo.svg","width":227,"height":38,"caption":"Koningdrone.be"},"image":{"@id":"https:\/\/koningdrone.be\/#\/schema\/logo\/image\/"}}]}},"df_price":"","df_sale_price":"","df_regular_price":"","df_image_link":"https:\/\/koningdrone.be\/wp-content\/uploads\/sites\/13\/2025\/04\/6958265121913-1-720x660-1-300x300.jpg","_links":{"self":[{"href":"https:\/\/koningdrone.be\/fr\/wp-json\/wp\/v2\/product\/8114","targetHints":{"allow":["GET"]}}],"collection":[{"href":"https:\/\/koningdrone.be\/fr\/wp-json\/wp\/v2\/product"}],"about":[{"href":"https:\/\/koningdrone.be\/fr\/wp-json\/wp\/v2\/types\/product"}],"wp:featuredmedia":[{"embeddable":true,"href":"https:\/\/koningdrone.be\/fr\/wp-json\/wp\/v2\/media\/8111"}],"wp:attachment":[{"href":"https:\/\/koningdrone.be\/fr\/wp-json\/wp\/v2\/media?parent=8114"}],"wp:term":[{"taxonomy":"product_brand","embeddable":true,"href":"https:\/\/koningdrone.be\/fr\/wp-json\/wp\/v2\/product_brand?post=8114"},{"taxonomy":"product_cat","embeddable":true,"href":"https:\/\/koningdrone.be\/fr\/wp-json\/wp\/v2\/product_cat?post=8114"},{"taxonomy":"product_tag","embeddable":true,"href":"https:\/\/koningdrone.be\/fr\/wp-json\/wp\/v2\/product_tag?post=8114"}],"curies":[{"name":"wp","href":"https:\/\/api.w.org\/{rel}","templated":true}]}}