{"id":7954,"date":"2018-06-12T20:53:28","date_gmt":"2018-06-12T18:53:28","guid":{"rendered":"https:\/\/koningdrone.nl\/kon\/product\/dji-crystalsky-ultra-785-inch-monitor\/"},"modified":"2026-04-29T12:50:41","modified_gmt":"2026-04-29T10:50:41","slug":"dji-crystalsky-ultra-785-inch-monitor","status":"publish","type":"product","link":"https:\/\/koningdrone.be\/fr\/produit\/dji-crystalsky-ultra-785-inch-monitor\/","title":{"rendered":"Moniteur DJI Crystalsky Ultra 7,85 pouces"},"content":{"rendered":"<h1>Moniteur DJI Crystalsky Ultra 7,85 pouces<\/h1>\n<p>Con\u00e7u pour la photographie a\u00e9rienne, le moniteur CrystalSky est dot\u00e9 d'un \u00e9cran ultra-lumineux tr\u00e8s visible en cas de fort ensoleillement. Il est con\u00e7u pour fonctionner avec l'application DJI GO, pour un contr\u00f4le total de la cam\u00e9ra.<\/p>\n<h2>Ultra-lumineux<\/h2>\n<p>Avec un maximum de 2000 cd\/m\u00b2, le CrystalSky est 4 fois plus lumineux que les smartphones, par exemple. Les d\u00e9tails sont nets et pr\u00e9cis, les couleurs sont vives et vous pouvez ajuster la qualit\u00e9 de l'image.<\/p>\n<h2>Lecture vid\u00e9o fluide<\/h2>\n<p>\u00a0L'\u00e9cran DJI CrystalSky de 7,85 pouces est optimis\u00e9 pour d\u00e9coder des vid\u00e9os fluides en temps r\u00e9el avec une latence minimale.<\/p>\n<p><\/p>\n<h2>Syst\u00e8me personnalis\u00e9 et application DJI GO\/DJI GO 4<\/h2>\n<p>\u00a0Gr\u00e2ce \u00e0 un nouveau syst\u00e8me, le moniteur DJI CrystalSky 5,5 pouces atteint des performances optimales et fonctionne de mani\u00e8re transparente avec l'application DJI GO\/DJI GO 4, vous donnant acc\u00e8s aux options suivantes : param\u00e8tres de l'aicraft, contr\u00f4le de la cam\u00e9ra, gestion des clips d'images et lecture des s\u00e9quences.<br \/>Les cartes hors ligne peuvent \u00e9galement \u00eatre t\u00e9l\u00e9charg\u00e9es, de sorte que vous n'\u00eates jamais d\u00e9pendant d'Internet.<\/p>\n<p><\/p>\n<h2>Batterie et dur\u00e9e de fonctionnement<\/h2>\n<p>La batterie est de 4920 mAh et prend en charge la charge rapide. Vous obtiendrez une autonomie de 5 \u00e0 6 heures.<br \/>En raison de l'efficacit\u00e9 de la batterie, celle-ci se vide simultan\u00e9ment.<\/p>\n<p><\/p>\n<h2>Double port micro SD<\/h2>\n<p>\u00c9quip\u00e9 de deux ports micro SD, le moniteur CrystalSky permet d'\u00e9tendre la capacit\u00e9 de stockage ou de lire directement sur le moniteur les enregistrements r\u00e9alis\u00e9s sur une carte micro SD. Il peut \u00e9galement \u00eatre utilis\u00e9 pour sauvegarder des s\u00e9quences. Gr\u00e2ce aux \u00e9diteurs int\u00e9gr\u00e9s \u00e0 DJI GO, les montages peuvent \u00eatre r\u00e9alis\u00e9s rapidement et partag\u00e9s directement sur les m\u00e9dias sociaux.<br \/>Le moniteur CrystalSky prend en charge le d\u00e9codage vid\u00e9o H.264 et H.265, ce qui permet d'afficher ces fichiers \u00e0 30 et 60 images par seconde respectivement. Ces vid\u00e9os peuvent \u00e9galement \u00eatre diffus\u00e9es via le port HDMI.<\/p>\n<h1>Ports et r\u00e9seau<\/h1>\n<p>Le port HDMI du moniteur CrystalSky permet de lire des vid\u00e9os jusqu'\u00e0 4K sur des lunettes FPV ou d'autres dispositifs d'affichage.<br \/>Le Wi-Fi bi-bande int\u00e9gr\u00e9 permet de se connecter aux r\u00e9seaux Wi-Fi et aux points d'acc\u00e8s Wi-Fi \u00e0 partir d'appareils mobiles. Il est \u00e9galement compatible avec les cl\u00e9s 4G et le stockage USB via le port USB-A. Lorsqu'il est connect\u00e9 \u00e0 Internet, le moniteur CrystalSky permet d'acc\u00e9der facilement aux mises \u00e0 jour du syst\u00e8me, \u00e0 la diffusion en direct, au partage de photos ou de vid\u00e9os, \u00e0 la synchronisation des donn\u00e9es, etc.<br \/>La taille des fichiers est optimis\u00e9e autant que possible pour minimiser les besoins en donn\u00e9es mobiles. Les ports micro USB et USB-C vous permettent de connecter facilement le moniteur CrystalSky \u00e0 une t\u00e9l\u00e9commande ou \u00e0 d'autres appareils.<\/p>\n<h1>Optimis\u00e9 pour les temp\u00e9ratures extr\u00eames<\/h1>\n<p>La plupart des appareils sont con\u00e7us pour fonctionner \u00e0 des temp\u00e9ratures normales. La batterie externe du moniteur CrystalSky est con\u00e7ue pour des temp\u00e9ratures plus extr\u00eames. Elle peut fonctionner \u00e0 une temp\u00e9rature de -20\u00b0C (-4\u00b0F) et fonctionne normalement \u00e0 des temp\u00e9ratures allant jusqu'\u00e0 40\u00b0C (104\u00b0F) gr\u00e2ce au syst\u00e8me de refroidissement interne.<\/p>\n<h1>Compatibilit\u00e9 DJI AIR SYSTEM<\/h1>\n<p>Le moniteur CrystalSky peut se connecter par Wi-Fi ou par t\u00e9l\u00e9commande \u00e0 l'appareil :<\/p>\n<ul> <\/p>\n<li>S\u00e9rie Inspire<\/li>\n<p> <\/p>\n<li>S\u00e9rie Phantom 4<\/li>\n<p> <\/p>\n<li>S\u00e9rie Phantom 3 (Phantom 3 Professional, Phantom 3 Advanced)<\/li>\n<p> <\/p>\n<li>S\u00e9rie Matrice<\/li>\n<p> <\/p>\n<li>Mavic Pro<\/li>\n<p> <\/p>\n<li>S\u00e9rie Osmo (sauf Osmo Mobile)<\/li>\n<p><\/ul>\n<p>De plus, CrystalSky peut \u00eatre facilement connect\u00e9 \u00e0 la t\u00e9l\u00e9commande Cendence sans support de moniteur suppl\u00e9mentaire. Cependant, le support de moniteur est recommand\u00e9. Les cam\u00e9ras Mavic Pro et Osmo (\u00e0 l'exception de l'Osmo Mobile) ne sont compatibles qu'avec les moniteurs Crystalsky de 5,5 pouces.<\/p>","protected":false},"excerpt":{"rendered":"<ul>\n<li>Ultra-lumineux<\/li>\n<li>Lecture vid\u00e9o fluide<\/li>\n<li>Batterie de 4920 mAh offrant jusqu'\u00e0 6 heures d'autonomie<\/li>\n<li>Double port micro SD<\/li>\n<li>Optimis\u00e9 pour les temp\u00e9ratures extr\u00eames<\/li>\n<li>Remarque : le chargeur n'est pas inclus<\/li>\n<\/ul>","protected":false},"featured_media":7951,"template":"","meta":{"_acf_changed":false},"product_brand":[],"product_cat":[651,97,646],"product_tag":[],"class_list":{"0":"post-7954","1":"product","2":"type-product","3":"status-publish","4":"has-post-thumbnail","6":"product_cat-alle-monitoren","7":"product_cat-alle-producten","8":"product_cat-dji-crystalsky","9":"product_shipping_class-outofstock","10":"pa_brand-dji","11":"pa_productfamily-monitor","12":"pa_producttype-monitor","13":"pa_series-crystalsky","15":"first","16":"outofstock","17":"taxable","18":"shipping-taxable","19":"product-type-simple"},"acf":[],"yoast_head":"<!-- This site is optimized with the Yoast SEO Premium plugin v27.2 (Yoast SEO v27.2) - https:\/\/yoast.com\/product\/yoast-seo-premium-wordpress\/ -->\n<title>DJI Crystalsky Ultra 7,85 Inch Monitor - koningdrone.be<\/title>\n<meta name=\"robots\" content=\"index, follow, max-snippet:-1, max-image-preview:large, max-video-preview:-1\" \/>\n<link rel=\"canonical\" href=\"https:\/\/koningdrone.be\/fr\/produit\/dji-crystalsky-ultra-785-inch-monitor\/\" \/>\n<meta property=\"og:locale\" content=\"fr_FR\" \/>\n<meta property=\"og:type\" content=\"article\" \/>\n<meta property=\"og:title\" content=\"DJI Crystalsky Ultra 7,85 Inch Monitor\" \/>\n<meta property=\"og:description\" content=\"Ultra-helderSoepele video weergaveBatterij van 4920 mAh met maximaal 6 uur gebruiksplezierDubbele micro SD poortGeoptimaliseerd voor extreme temperaturenLet op: oplader zit er niet bij\" \/>\n<meta property=\"og:url\" content=\"https:\/\/koningdrone.be\/fr\/produit\/dji-crystalsky-ultra-785-inch-monitor\/\" \/>\n<meta property=\"og:site_name\" content=\"koningdrone.be\" \/>\n<meta property=\"article:modified_time\" content=\"2026-04-29T10:50:41+00:00\" \/>\n<meta property=\"og:image\" content=\"https:\/\/koningdrone.be\/wp-content\/uploads\/sites\/13\/2025\/04\/6958265144561-1-720x660-1.jpg\" \/>\n\t<meta property=\"og:image:width\" content=\"660\" \/>\n\t<meta property=\"og:image:height\" content=\"660\" \/>\n\t<meta property=\"og:image:type\" content=\"image\/jpeg\" \/>\n<meta name=\"twitter:card\" content=\"summary_large_image\" \/>\n<meta name=\"twitter:label1\" content=\"Dur\u00e9e de lecture est.\" \/>\n\t<meta name=\"twitter:data1\" content=\"2 minutes\" \/>\n<script type=\"application\/ld+json\" class=\"yoast-schema-graph\">{\"@context\":\"https:\/\/schema.org\",\"@graph\":[{\"@type\":\"WebPage\",\"@id\":\"https:\/\/koningdrone.be\/product\/dji-crystalsky-ultra-785-inch-monitor\/\",\"url\":\"https:\/\/koningdrone.be\/product\/dji-crystalsky-ultra-785-inch-monitor\/\",\"name\":\"DJI Crystalsky Ultra 7,85 Inch Monitor - koningdrone.be\",\"isPartOf\":{\"@id\":\"https:\/\/koningdrone.be\/#website\"},\"primaryImageOfPage\":{\"@id\":\"https:\/\/koningdrone.be\/product\/dji-crystalsky-ultra-785-inch-monitor\/#primaryimage\"},\"image\":{\"@id\":\"https:\/\/koningdrone.be\/product\/dji-crystalsky-ultra-785-inch-monitor\/#primaryimage\"},\"thumbnailUrl\":\"https:\/\/koningdrone.be\/wp-content\/uploads\/sites\/13\/2025\/04\/6958265144561-1-720x660-1.jpg\",\"datePublished\":\"2018-06-12T18:53:28+00:00\",\"dateModified\":\"2026-04-29T10:50:41+00:00\",\"breadcrumb\":{\"@id\":\"https:\/\/koningdrone.be\/product\/dji-crystalsky-ultra-785-inch-monitor\/#breadcrumb\"},\"inLanguage\":\"fr-BE\",\"potentialAction\":[{\"@type\":\"ReadAction\",\"target\":[\"https:\/\/koningdrone.be\/product\/dji-crystalsky-ultra-785-inch-monitor\/\"]}]},{\"@type\":\"ImageObject\",\"inLanguage\":\"fr-BE\",\"@id\":\"https:\/\/koningdrone.be\/product\/dji-crystalsky-ultra-785-inch-monitor\/#primaryimage\",\"url\":\"https:\/\/koningdrone.be\/wp-content\/uploads\/sites\/13\/2025\/04\/6958265144561-1-720x660-1.jpg\",\"contentUrl\":\"https:\/\/koningdrone.be\/wp-content\/uploads\/sites\/13\/2025\/04\/6958265144561-1-720x660-1.jpg\",\"width\":660,\"height\":660},{\"@type\":\"BreadcrumbList\",\"@id\":\"https:\/\/koningdrone.be\/product\/dji-crystalsky-ultra-785-inch-monitor\/#breadcrumb\",\"itemListElement\":[{\"@type\":\"ListItem\",\"position\":1,\"name\":\"Home\",\"item\":\"https:\/\/koningdrone.be\/\"},{\"@type\":\"ListItem\",\"position\":2,\"name\":\"AVSS Parachute Recovery System for DJI Matrice 300\/350\",\"item\":\"https:\/\/koningdrone.be\/product\/avss-parachute-recovery-system-for-dji-matrice-300-350\/\"},{\"@type\":\"ListItem\",\"position\":3,\"name\":\"Alle monitoren\",\"item\":\"https:\/\/koningdrone.be\/categorie\/alle-monitoren\/\"},{\"@type\":\"ListItem\",\"position\":4,\"name\":\"DJI Crystalsky Ultra 7,85 Inch Monitor\"}]},{\"@type\":\"WebSite\",\"@id\":\"https:\/\/koningdrone.be\/#website\",\"url\":\"https:\/\/koningdrone.be\/\",\"name\":\"Koningdrone.be - Uw online specialist in drones, gimbals, camera's en power stations.\",\"description\":\"De webshop in drones en gimbals\",\"publisher\":{\"@id\":\"https:\/\/koningdrone.be\/#organization\"},\"potentialAction\":[{\"@type\":\"SearchAction\",\"target\":{\"@type\":\"EntryPoint\",\"urlTemplate\":\"https:\/\/koningdrone.be\/?s={search_term_string}\"},\"query-input\":{\"@type\":\"PropertyValueSpecification\",\"valueRequired\":true,\"valueName\":\"search_term_string\"}}],\"inLanguage\":\"fr-BE\"},{\"@type\":\"Organization\",\"@id\":\"https:\/\/koningdrone.be\/#organization\",\"name\":\"Koningdrone.be\",\"url\":\"https:\/\/koningdrone.be\/\",\"logo\":{\"@type\":\"ImageObject\",\"inLanguage\":\"fr-BE\",\"@id\":\"https:\/\/koningdrone.be\/#\/schema\/logo\/image\/\",\"url\":\"https:\/\/koningdrone.be\/wp-content\/uploads\/sites\/13\/2025\/04\/koningdrone-copyright-logo.svg\",\"contentUrl\":\"https:\/\/koningdrone.be\/wp-content\/uploads\/sites\/13\/2025\/04\/koningdrone-copyright-logo.svg\",\"width\":227,\"height\":38,\"caption\":\"Koningdrone.be\"},\"image\":{\"@id\":\"https:\/\/koningdrone.be\/#\/schema\/logo\/image\/\"}}]}<\/script>\n<!-- \/ Yoast SEO Premium plugin. -->","yoast_head_json":{"title":"DJI Crystalsky Ultra 7,85 Inch Monitor - koningdrone.be","robots":{"index":"index","follow":"follow","max-snippet":"max-snippet:-1","max-image-preview":"max-image-preview:large","max-video-preview":"max-video-preview:-1"},"canonical":"https:\/\/koningdrone.be\/fr\/produit\/dji-crystalsky-ultra-785-inch-monitor\/","og_locale":"fr_FR","og_type":"article","og_title":"DJI Crystalsky Ultra 7,85 Inch Monitor","og_description":"Ultra-helderSoepele video weergaveBatterij van 4920 mAh met maximaal 6 uur gebruiksplezierDubbele micro SD poortGeoptimaliseerd voor extreme temperaturenLet op: oplader zit er niet bij","og_url":"https:\/\/koningdrone.be\/fr\/produit\/dji-crystalsky-ultra-785-inch-monitor\/","og_site_name":"koningdrone.be","article_modified_time":"2026-04-29T10:50:41+00:00","og_image":[{"width":660,"height":660,"url":"https:\/\/koningdrone.be\/wp-content\/uploads\/sites\/13\/2025\/04\/6958265144561-1-720x660-1.jpg","type":"image\/jpeg"}],"twitter_card":"summary_large_image","twitter_misc":{"Dur\u00e9e de lecture est.":"2 minutes"},"schema":{"@context":"https:\/\/schema.org","@graph":[{"@type":"WebPage","@id":"https:\/\/koningdrone.be\/product\/dji-crystalsky-ultra-785-inch-monitor\/","url":"https:\/\/koningdrone.be\/product\/dji-crystalsky-ultra-785-inch-monitor\/","name":"DJI Crystalsky Ultra 7,85 Inch Monitor - koningdrone.be","isPartOf":{"@id":"https:\/\/koningdrone.be\/#website"},"primaryImageOfPage":{"@id":"https:\/\/koningdrone.be\/product\/dji-crystalsky-ultra-785-inch-monitor\/#primaryimage"},"image":{"@id":"https:\/\/koningdrone.be\/product\/dji-crystalsky-ultra-785-inch-monitor\/#primaryimage"},"thumbnailUrl":"https:\/\/koningdrone.be\/wp-content\/uploads\/sites\/13\/2025\/04\/6958265144561-1-720x660-1.jpg","datePublished":"2018-06-12T18:53:28+00:00","dateModified":"2026-04-29T10:50:41+00:00","breadcrumb":{"@id":"https:\/\/koningdrone.be\/product\/dji-crystalsky-ultra-785-inch-monitor\/#breadcrumb"},"inLanguage":"fr-BE","potentialAction":[{"@type":"ReadAction","target":["https:\/\/koningdrone.be\/product\/dji-crystalsky-ultra-785-inch-monitor\/"]}]},{"@type":"ImageObject","inLanguage":"fr-BE","@id":"https:\/\/koningdrone.be\/product\/dji-crystalsky-ultra-785-inch-monitor\/#primaryimage","url":"https:\/\/koningdrone.be\/wp-content\/uploads\/sites\/13\/2025\/04\/6958265144561-1-720x660-1.jpg","contentUrl":"https:\/\/koningdrone.be\/wp-content\/uploads\/sites\/13\/2025\/04\/6958265144561-1-720x660-1.jpg","width":660,"height":660},{"@type":"BreadcrumbList","@id":"https:\/\/koningdrone.be\/product\/dji-crystalsky-ultra-785-inch-monitor\/#breadcrumb","itemListElement":[{"@type":"ListItem","position":1,"name":"Home","item":"https:\/\/koningdrone.be\/"},{"@type":"ListItem","position":2,"name":"AVSS Parachute Recovery System for DJI Matrice 300\/350","item":"https:\/\/koningdrone.be\/product\/avss-parachute-recovery-system-for-dji-matrice-300-350\/"},{"@type":"ListItem","position":3,"name":"Alle monitoren","item":"https:\/\/koningdrone.be\/categorie\/alle-monitoren\/"},{"@type":"ListItem","position":4,"name":"DJI Crystalsky Ultra 7,85 Inch Monitor"}]},{"@type":"WebSite","@id":"https:\/\/koningdrone.be\/#website","url":"https:\/\/koningdrone.be\/","name":"Koningdrone.be - Votre sp\u00e9cialiste en ligne en mati\u00e8re de drones, de cardans, de cam\u00e9ras et de centrales \u00e9lectriques.","description":"La boutique en ligne de drones et de cardans","publisher":{"@id":"https:\/\/koningdrone.be\/#organization"},"potentialAction":[{"@type":"SearchAction","target":{"@type":"EntryPoint","urlTemplate":"https:\/\/koningdrone.be\/?s={search_term_string}"},"query-input":{"@type":"PropertyValueSpecification","valueRequired":true,"valueName":"search_term_string"}}],"inLanguage":"fr-BE"},{"@type":"Organization","@id":"https:\/\/koningdrone.be\/#organization","name":"Kingdrone.co.uk","url":"https:\/\/koningdrone.be\/","logo":{"@type":"ImageObject","inLanguage":"fr-BE","@id":"https:\/\/koningdrone.be\/#\/schema\/logo\/image\/","url":"https:\/\/koningdrone.be\/wp-content\/uploads\/sites\/13\/2025\/04\/koningdrone-copyright-logo.svg","contentUrl":"https:\/\/koningdrone.be\/wp-content\/uploads\/sites\/13\/2025\/04\/koningdrone-copyright-logo.svg","width":227,"height":38,"caption":"Koningdrone.be"},"image":{"@id":"https:\/\/koningdrone.be\/#\/schema\/logo\/image\/"}}]}},"df_price":"","df_sale_price":"","df_regular_price":"","df_image_link":"https:\/\/koningdrone.be\/wp-content\/uploads\/sites\/13\/2025\/04\/6958265144561-1-720x660-1-300x300.jpg","_links":{"self":[{"href":"https:\/\/koningdrone.be\/fr\/wp-json\/wp\/v2\/product\/7954","targetHints":{"allow":["GET"]}}],"collection":[{"href":"https:\/\/koningdrone.be\/fr\/wp-json\/wp\/v2\/product"}],"about":[{"href":"https:\/\/koningdrone.be\/fr\/wp-json\/wp\/v2\/types\/product"}],"wp:featuredmedia":[{"embeddable":true,"href":"https:\/\/koningdrone.be\/fr\/wp-json\/wp\/v2\/media\/7951"}],"wp:attachment":[{"href":"https:\/\/koningdrone.be\/fr\/wp-json\/wp\/v2\/media?parent=7954"}],"wp:term":[{"taxonomy":"product_brand","embeddable":true,"href":"https:\/\/koningdrone.be\/fr\/wp-json\/wp\/v2\/product_brand?post=7954"},{"taxonomy":"product_cat","embeddable":true,"href":"https:\/\/koningdrone.be\/fr\/wp-json\/wp\/v2\/product_cat?post=7954"},{"taxonomy":"product_tag","embeddable":true,"href":"https:\/\/koningdrone.be\/fr\/wp-json\/wp\/v2\/product_tag?post=7954"}],"curies":[{"name":"wp","href":"https:\/\/api.w.org\/{rel}","templated":true}]}}