{"id":7942,"date":"2018-06-12T20:53:28","date_gmt":"2018-06-12T18:53:28","guid":{"rendered":"https:\/\/koningdrone.nl\/kon\/product\/dji-cendence-remote-controller\/"},"modified":"2026-04-29T04:40:35","modified_gmt":"2026-04-29T02:40:35","slug":"dji-cendence-remote-controller","status":"publish","type":"product","link":"https:\/\/koningdrone.be\/fr\/produit\/dji-cendence-remote-controller\/","title":{"rendered":"T\u00e9l\u00e9commande DJI Cendence"},"content":{"rendered":"<h1>T\u00e9l\u00e9commande DJI Cendence<\/h1>\n<p>La t\u00e9l\u00e9commande Cendence de DJI est un \u00e9metteur professionnel pour contr\u00f4ler les drones DJI Inspire 2 ou Matrice 200 Series. Cinq canaux de contr\u00f4le analogiques et dix boutons personnalisables constituent une plateforme flexible pour des contr\u00f4les de vol et vid\u00e9o pr\u00e9cis. D\u00e8s sa sortie de l'emballage, le contr\u00f4leur Cendence est compatible avec les moniteurs CrystalSky, gr\u00e2ce au support de montage inclus. De plus, le contr\u00f4leur est con\u00e7u de mani\u00e8re modulaire pour permettre l'interchangeabilit\u00e9 des antennes et des accessoires du manche. Si vous pr\u00e9f\u00e9rez utiliser le contr\u00f4leur avec votre t\u00e9l\u00e9phone ou votre tablette, vous pouvez utiliser un support de montage disponible s\u00e9par\u00e9ment.<\/p>\n<p><strong>Boutons personnalisables<\/strong><br \/>Les boutons personnalisables permettent d'activer ou de d\u00e9sactiver rapidement les fonctions fr\u00e9quemment utilis\u00e9es, telles que le pic de mise au point, la forme d'onde color\u00e9e, l'\u00e9vitement des obstacles et la r\u00e9initialisation du point d'origine, ou d'arr\u00eater les alertes et les conseils \u00e0 mi-chemin, le tout sans utiliser d'application. Vous pouvez \u00e9galement personnaliser diff\u00e9rents boutons de raccourci pour certains groupes de param\u00e8tres ou enregistrer les param\u00e8tres fr\u00e9quemment utilis\u00e9s.<\/p>\n<p><strong>Conception modulaire avec compatibilit\u00e9 CrystalSky<\/strong><br \/>Les antennes, les circuits imprim\u00e9s, le support de montage et la batterie de la t\u00e9l\u00e9commande Cendence sont tous d\u00e9tachables, ce qui facilite la mise \u00e0 niveau du mat\u00e9riel et vous permet d'adapter le contr\u00f4leur pour qu'il soit compatible avec les futurs drones DJI. Un moniteur CrystalSky peut \u00eatre fix\u00e9 \u00e0 la t\u00e9l\u00e9commande Cendence gr\u00e2ce au support de montage du moniteur Cendence inclus.<\/p>\n<p><strong>Double commande de l'op\u00e9rateur<\/strong><br \/>Lorsqu'un contr\u00f4le pr\u00e9cis de la cam\u00e9ra est n\u00e9cessaire, la t\u00e9l\u00e9commande Cendence peut se connecter en tant que contr\u00f4leur ma\u00eetre ou esclave avec la t\u00e9l\u00e9commande de l'Inspire 2 ou une autre t\u00e9l\u00e9commande Cendence.<\/p>\n<p><strong>Syst\u00e8me de batterie<\/strong><br \/>Cendence utilise une batterie amovible qui fonctionne jusqu'\u00e0 quatre heures. Si vous \u00eates \u00e0 court d'\u00e9nergie, il vous suffit de remplacer la batterie par une autre charg\u00e9e ou de recharger le Cendence via le port d'alimentation. Cendence utilise les m\u00eames batteries que les moniteurs CrystalSky, unifiant ainsi les deux syst\u00e8mes.<\/p>\n<p><strong>Convient pour :<\/strong><br \/> - Inspire 2<br \/> - S\u00e9rie Matrice 200<\/p>","protected":false},"excerpt":{"rendered":"<ul>\n<li>Diffusion en 1080i 50 fps et 720p 60 fps<\/li>\n<li>Double commande de l'op\u00e9rateur (ma\u00eetre ou esclave)<\/li>\n<li>T\u00e9l\u00e9commande personnalisable<\/li>\n<li>Convient \u00e0 l'Inspire 2 et au Matrice 200<\/li>\n<li>Y compris le support de montage du moniteur Cendence<\/li>\n<li>Compatible avec CrystalSky<\/li>\n<li>Nouvel \u00e9cran LCD<\/li>\n<\/ul>","protected":false},"featured_media":7937,"template":"","meta":{"_acf_changed":false},"product_brand":[],"product_cat":[122,97,641,788,426,1155],"product_tag":[],"class_list":{"0":"post-7942","1":"product","2":"type-product","3":"status-publish","4":"has-post-thumbnail","6":"product_cat-alle-afstandsbedieningen","7":"product_cat-alle-producten","8":"product_cat-dji-inspire","9":"product_cat-dji-inspire-2","10":"product_cat-dji-matrice","11":"product_cat-dji-matrice-200","12":"product_shipping_class-outofstock","13":"pa_brand-dji","14":"pa_productfamily-afstandsbediening","15":"pa_producttype-afstandsbediening","17":"first","18":"outofstock","19":"taxable","20":"shipping-taxable","21":"purchasable","22":"product-type-simple"},"acf":[],"yoast_head":"<!-- This site is optimized with the Yoast SEO Premium plugin v27.2 (Yoast SEO v27.2) - https:\/\/yoast.com\/product\/yoast-seo-premium-wordpress\/ -->\n<title>DJI Cendence Remote Controller - koningdrone.be<\/title>\n<meta name=\"robots\" content=\"index, follow, max-snippet:-1, max-image-preview:large, max-video-preview:-1\" \/>\n<link rel=\"canonical\" href=\"https:\/\/koningdrone.be\/fr\/produit\/dji-cendence-remote-controller\/\" \/>\n<meta property=\"og:locale\" content=\"fr_FR\" \/>\n<meta property=\"og:type\" content=\"article\" \/>\n<meta property=\"og:title\" content=\"DJI Cendence Remote Controller\" \/>\n<meta property=\"og:description\" content=\"Broadcast in\u00a01080i 50 fps en 720p 60 fpsDual operator control (master of slave)Aanpasbare afstandsbedieningGeschikt voor de Inspire 2 en Matrice 200Inclusief Cendence Monitor Mounting BracketCrystalSky compatibelNieuw LCD display\" \/>\n<meta property=\"og:url\" content=\"https:\/\/koningdrone.be\/fr\/produit\/dji-cendence-remote-controller\/\" \/>\n<meta property=\"og:site_name\" content=\"koningdrone.be\" \/>\n<meta property=\"article:modified_time\" content=\"2026-04-29T02:40:35+00:00\" \/>\n<meta property=\"og:image\" content=\"https:\/\/koningdrone.be\/wp-content\/uploads\/sites\/13\/2025\/04\/6958265147494-1-720x660-1.jpg\" \/>\n\t<meta property=\"og:image:width\" content=\"660\" \/>\n\t<meta property=\"og:image:height\" content=\"660\" \/>\n\t<meta property=\"og:image:type\" content=\"image\/jpeg\" \/>\n<meta name=\"twitter:card\" content=\"summary_large_image\" \/>\n<meta name=\"twitter:label1\" content=\"Dur\u00e9e de lecture est.\" \/>\n\t<meta name=\"twitter:data1\" content=\"1 minute\" \/>\n<script type=\"application\/ld+json\" class=\"yoast-schema-graph\">{\"@context\":\"https:\/\/schema.org\",\"@graph\":[{\"@type\":\"WebPage\",\"@id\":\"https:\/\/koningdrone.be\/product\/dji-cendence-remote-controller\/\",\"url\":\"https:\/\/koningdrone.be\/product\/dji-cendence-remote-controller\/\",\"name\":\"DJI Cendence Remote Controller - koningdrone.be\",\"isPartOf\":{\"@id\":\"https:\/\/koningdrone.be\/#website\"},\"primaryImageOfPage\":{\"@id\":\"https:\/\/koningdrone.be\/product\/dji-cendence-remote-controller\/#primaryimage\"},\"image\":{\"@id\":\"https:\/\/koningdrone.be\/product\/dji-cendence-remote-controller\/#primaryimage\"},\"thumbnailUrl\":\"https:\/\/koningdrone.be\/wp-content\/uploads\/sites\/13\/2025\/04\/6958265147494-1-720x660-1.jpg\",\"datePublished\":\"2018-06-12T18:53:28+00:00\",\"dateModified\":\"2026-04-29T02:40:35+00:00\",\"breadcrumb\":{\"@id\":\"https:\/\/koningdrone.be\/product\/dji-cendence-remote-controller\/#breadcrumb\"},\"inLanguage\":\"fr-BE\",\"potentialAction\":[{\"@type\":\"ReadAction\",\"target\":[\"https:\/\/koningdrone.be\/product\/dji-cendence-remote-controller\/\"]}]},{\"@type\":\"ImageObject\",\"inLanguage\":\"fr-BE\",\"@id\":\"https:\/\/koningdrone.be\/product\/dji-cendence-remote-controller\/#primaryimage\",\"url\":\"https:\/\/koningdrone.be\/wp-content\/uploads\/sites\/13\/2025\/04\/6958265147494-1-720x660-1.jpg\",\"contentUrl\":\"https:\/\/koningdrone.be\/wp-content\/uploads\/sites\/13\/2025\/04\/6958265147494-1-720x660-1.jpg\",\"width\":660,\"height\":660},{\"@type\":\"BreadcrumbList\",\"@id\":\"https:\/\/koningdrone.be\/product\/dji-cendence-remote-controller\/#breadcrumb\",\"itemListElement\":[{\"@type\":\"ListItem\",\"position\":1,\"name\":\"Home\",\"item\":\"https:\/\/koningdrone.be\/\"},{\"@type\":\"ListItem\",\"position\":2,\"name\":\"AVSS Parachute Recovery System for DJI Matrice 300\/350\",\"item\":\"https:\/\/koningdrone.be\/product\/avss-parachute-recovery-system-for-dji-matrice-300-350\/\"},{\"@type\":\"ListItem\",\"position\":3,\"name\":\"Alle afstandsbedieningen\",\"item\":\"https:\/\/koningdrone.be\/categorie\/alle-afstandsbedieningen\/\"},{\"@type\":\"ListItem\",\"position\":4,\"name\":\"DJI Cendence Remote Controller\"}]},{\"@type\":\"WebSite\",\"@id\":\"https:\/\/koningdrone.be\/#website\",\"url\":\"https:\/\/koningdrone.be\/\",\"name\":\"Koningdrone.be - Uw online specialist in drones, gimbals, camera's en power stations.\",\"description\":\"De webshop in drones en gimbals\",\"publisher\":{\"@id\":\"https:\/\/koningdrone.be\/#organization\"},\"potentialAction\":[{\"@type\":\"SearchAction\",\"target\":{\"@type\":\"EntryPoint\",\"urlTemplate\":\"https:\/\/koningdrone.be\/?s={search_term_string}\"},\"query-input\":{\"@type\":\"PropertyValueSpecification\",\"valueRequired\":true,\"valueName\":\"search_term_string\"}}],\"inLanguage\":\"fr-BE\"},{\"@type\":\"Organization\",\"@id\":\"https:\/\/koningdrone.be\/#organization\",\"name\":\"Koningdrone.be\",\"url\":\"https:\/\/koningdrone.be\/\",\"logo\":{\"@type\":\"ImageObject\",\"inLanguage\":\"fr-BE\",\"@id\":\"https:\/\/koningdrone.be\/#\/schema\/logo\/image\/\",\"url\":\"https:\/\/koningdrone.be\/wp-content\/uploads\/sites\/13\/2025\/04\/koningdrone-copyright-logo.svg\",\"contentUrl\":\"https:\/\/koningdrone.be\/wp-content\/uploads\/sites\/13\/2025\/04\/koningdrone-copyright-logo.svg\",\"width\":227,\"height\":38,\"caption\":\"Koningdrone.be\"},\"image\":{\"@id\":\"https:\/\/koningdrone.be\/#\/schema\/logo\/image\/\"}}]}<\/script>\n<!-- \/ Yoast SEO Premium plugin. -->","yoast_head_json":{"title":"DJI Cendence Remote Controller - koningdrone.be","robots":{"index":"index","follow":"follow","max-snippet":"max-snippet:-1","max-image-preview":"max-image-preview:large","max-video-preview":"max-video-preview:-1"},"canonical":"https:\/\/koningdrone.be\/fr\/produit\/dji-cendence-remote-controller\/","og_locale":"fr_FR","og_type":"article","og_title":"DJI Cendence Remote Controller","og_description":"Broadcast in\u00a01080i 50 fps en 720p 60 fpsDual operator control (master of slave)Aanpasbare afstandsbedieningGeschikt voor de Inspire 2 en Matrice 200Inclusief Cendence Monitor Mounting BracketCrystalSky compatibelNieuw LCD display","og_url":"https:\/\/koningdrone.be\/fr\/produit\/dji-cendence-remote-controller\/","og_site_name":"koningdrone.be","article_modified_time":"2026-04-29T02:40:35+00:00","og_image":[{"width":660,"height":660,"url":"https:\/\/koningdrone.be\/wp-content\/uploads\/sites\/13\/2025\/04\/6958265147494-1-720x660-1.jpg","type":"image\/jpeg"}],"twitter_card":"summary_large_image","twitter_misc":{"Dur\u00e9e de lecture est.":"1 minute"},"schema":{"@context":"https:\/\/schema.org","@graph":[{"@type":"WebPage","@id":"https:\/\/koningdrone.be\/product\/dji-cendence-remote-controller\/","url":"https:\/\/koningdrone.be\/product\/dji-cendence-remote-controller\/","name":"DJI Cendence Remote Controller - koningdrone.be","isPartOf":{"@id":"https:\/\/koningdrone.be\/#website"},"primaryImageOfPage":{"@id":"https:\/\/koningdrone.be\/product\/dji-cendence-remote-controller\/#primaryimage"},"image":{"@id":"https:\/\/koningdrone.be\/product\/dji-cendence-remote-controller\/#primaryimage"},"thumbnailUrl":"https:\/\/koningdrone.be\/wp-content\/uploads\/sites\/13\/2025\/04\/6958265147494-1-720x660-1.jpg","datePublished":"2018-06-12T18:53:28+00:00","dateModified":"2026-04-29T02:40:35+00:00","breadcrumb":{"@id":"https:\/\/koningdrone.be\/product\/dji-cendence-remote-controller\/#breadcrumb"},"inLanguage":"fr-BE","potentialAction":[{"@type":"ReadAction","target":["https:\/\/koningdrone.be\/product\/dji-cendence-remote-controller\/"]}]},{"@type":"ImageObject","inLanguage":"fr-BE","@id":"https:\/\/koningdrone.be\/product\/dji-cendence-remote-controller\/#primaryimage","url":"https:\/\/koningdrone.be\/wp-content\/uploads\/sites\/13\/2025\/04\/6958265147494-1-720x660-1.jpg","contentUrl":"https:\/\/koningdrone.be\/wp-content\/uploads\/sites\/13\/2025\/04\/6958265147494-1-720x660-1.jpg","width":660,"height":660},{"@type":"BreadcrumbList","@id":"https:\/\/koningdrone.be\/product\/dji-cendence-remote-controller\/#breadcrumb","itemListElement":[{"@type":"ListItem","position":1,"name":"Home","item":"https:\/\/koningdrone.be\/"},{"@type":"ListItem","position":2,"name":"AVSS Parachute Recovery System for DJI Matrice 300\/350","item":"https:\/\/koningdrone.be\/product\/avss-parachute-recovery-system-for-dji-matrice-300-350\/"},{"@type":"ListItem","position":3,"name":"Alle afstandsbedieningen","item":"https:\/\/koningdrone.be\/categorie\/alle-afstandsbedieningen\/"},{"@type":"ListItem","position":4,"name":"DJI Cendence Remote Controller"}]},{"@type":"WebSite","@id":"https:\/\/koningdrone.be\/#website","url":"https:\/\/koningdrone.be\/","name":"Koningdrone.be - Votre sp\u00e9cialiste en ligne en mati\u00e8re de drones, de cardans, de cam\u00e9ras et de centrales \u00e9lectriques.","description":"La boutique en ligne de drones et de cardans","publisher":{"@id":"https:\/\/koningdrone.be\/#organization"},"potentialAction":[{"@type":"SearchAction","target":{"@type":"EntryPoint","urlTemplate":"https:\/\/koningdrone.be\/?s={search_term_string}"},"query-input":{"@type":"PropertyValueSpecification","valueRequired":true,"valueName":"search_term_string"}}],"inLanguage":"fr-BE"},{"@type":"Organization","@id":"https:\/\/koningdrone.be\/#organization","name":"Kingdrone.co.uk","url":"https:\/\/koningdrone.be\/","logo":{"@type":"ImageObject","inLanguage":"fr-BE","@id":"https:\/\/koningdrone.be\/#\/schema\/logo\/image\/","url":"https:\/\/koningdrone.be\/wp-content\/uploads\/sites\/13\/2025\/04\/koningdrone-copyright-logo.svg","contentUrl":"https:\/\/koningdrone.be\/wp-content\/uploads\/sites\/13\/2025\/04\/koningdrone-copyright-logo.svg","width":227,"height":38,"caption":"Koningdrone.be"},"image":{"@id":"https:\/\/koningdrone.be\/#\/schema\/logo\/image\/"}}]}},"df_price":1017,"df_sale_price":"","df_regular_price":1017,"df_image_link":"https:\/\/koningdrone.be\/wp-content\/uploads\/sites\/13\/2025\/04\/6958265147494-1-720x660-1-300x300.jpg","_links":{"self":[{"href":"https:\/\/koningdrone.be\/fr\/wp-json\/wp\/v2\/product\/7942","targetHints":{"allow":["GET"]}}],"collection":[{"href":"https:\/\/koningdrone.be\/fr\/wp-json\/wp\/v2\/product"}],"about":[{"href":"https:\/\/koningdrone.be\/fr\/wp-json\/wp\/v2\/types\/product"}],"wp:featuredmedia":[{"embeddable":true,"href":"https:\/\/koningdrone.be\/fr\/wp-json\/wp\/v2\/media\/7937"}],"wp:attachment":[{"href":"https:\/\/koningdrone.be\/fr\/wp-json\/wp\/v2\/media?parent=7942"}],"wp:term":[{"taxonomy":"product_brand","embeddable":true,"href":"https:\/\/koningdrone.be\/fr\/wp-json\/wp\/v2\/product_brand?post=7942"},{"taxonomy":"product_cat","embeddable":true,"href":"https:\/\/koningdrone.be\/fr\/wp-json\/wp\/v2\/product_cat?post=7942"},{"taxonomy":"product_tag","embeddable":true,"href":"https:\/\/koningdrone.be\/fr\/wp-json\/wp\/v2\/product_tag?post=7942"}],"curies":[{"name":"wp","href":"https:\/\/api.w.org\/{rel}","templated":true}]}}