{"id":7933,"date":"2018-06-12T20:53:35","date_gmt":"2018-06-12T18:53:35","guid":{"rendered":"https:\/\/koningdrone.nl\/kon\/product\/dji-inspire-2-tb50-batterij-4280mah-inspire-batterij\/"},"modified":"2026-04-29T11:10:04","modified_gmt":"2026-04-29T09:10:04","slug":"dji-inspire-2-tb50-batterij-4280mah-inspire-batterij","status":"publish","type":"product","link":"https:\/\/koningdrone.be\/fr\/produit\/dji-inspire-2-tb50-batterij-4280mah-inspire-batterij\/","title":{"rendered":"DJI Inspire 2 TB50 Batterie (PART 17)"},"content":{"rendered":"<h1>DJI Inspire 2 TB50 Batterie de vol intelligente (PART 17)<\/h1>\n<p>La batterie DJI TB50 Intelligent Flight est une batterie d'origine pour le drone DJI Inspire 2. Avec cette batterie, le temps de vol moyen du drone est d'environ 27 minutes, et l'\u00e9tat de la batterie est indiqu\u00e9 par quatre indicateurs LED. L'\u00e9tat de la batterie est indiqu\u00e9 par quatre indicateurs LED. Vous pouvez donc toujours garder un \u0153il sur la puissance restante de la batterie.<\/p>\n<p><strong>Sp\u00e9cifications<\/strong><br \/>Capacit\u00e9 : 4280 mAh<br \/>Tension : 22,8 V<br \/>Type de batterie : LiPo 6S<br \/>Puissance : 97,58 Wh<br \/>Poids net : 515 g<br \/>Puissance de charge maximale : 180 W<\/p>\n<p><strong>Compatible<\/strong><br \/>Inspire 2<\/p>","protected":false},"excerpt":{"rendered":"<ul>\n<li>Il est recommand\u00e9 de l'acheter par paire<\/li>\n<li>Temps de vol maximum avec le X5S 25 min<\/li>\n<li>Temps de vol maximum avec X4S 27 min<\/li>\n<\/ul>","protected":false},"featured_media":7931,"template":"","meta":{"_acf_changed":false},"product_brand":[],"product_cat":[113,97,641,788],"product_tag":[],"class_list":{"0":"post-7933","1":"product","2":"type-product","3":"status-publish","4":"has-post-thumbnail","6":"product_cat-alle-batterijen","7":"product_cat-alle-producten","8":"product_cat-dji-inspire","9":"product_cat-dji-inspire-2","10":"product_shipping_class-outofstock","11":"pa_brand-dji","12":"pa_productfamily-batterij","13":"pa_producttype-batterij","14":"pa_series-inspire-2","16":"first","17":"outofstock","18":"taxable","19":"shipping-taxable","20":"product-type-simple"},"acf":[],"yoast_head":"<!-- This site is optimized with the Yoast SEO Premium plugin v27.2 (Yoast SEO v27.2) - https:\/\/yoast.com\/product\/yoast-seo-premium-wordpress\/ -->\n<title>DJI Inspire 2 TB50 Batterij (PART 17) - koningdrone.be<\/title>\n<meta name=\"robots\" content=\"index, follow, max-snippet:-1, max-image-preview:large, max-video-preview:-1\" \/>\n<link rel=\"canonical\" href=\"https:\/\/koningdrone.be\/fr\/produit\/dji-inspire-2-tb50-batterij-4280mah-inspire-batterij\/\" \/>\n<meta property=\"og:locale\" content=\"fr_FR\" \/>\n<meta property=\"og:type\" content=\"article\" \/>\n<meta property=\"og:title\" content=\"DJI Inspire 2 TB50 Batterij (PART 17)\" \/>\n<meta property=\"og:description\" content=\"Aanbevolen om per paar te kopenMaximale vliegtijd met X5S 25 minMaximale vliegtijd met X4S 27 min\" \/>\n<meta property=\"og:url\" content=\"https:\/\/koningdrone.be\/fr\/produit\/dji-inspire-2-tb50-batterij-4280mah-inspire-batterij\/\" \/>\n<meta property=\"og:site_name\" content=\"koningdrone.be\" \/>\n<meta property=\"article:modified_time\" content=\"2026-04-29T09:10:04+00:00\" \/>\n<meta property=\"og:image\" content=\"https:\/\/koningdrone.be\/wp-content\/uploads\/sites\/13\/2025\/04\/6958265140488-1-720x660-1.jpg\" \/>\n\t<meta property=\"og:image:width\" content=\"660\" \/>\n\t<meta property=\"og:image:height\" content=\"660\" \/>\n\t<meta property=\"og:image:type\" content=\"image\/jpeg\" \/>\n<meta name=\"twitter:card\" content=\"summary_large_image\" \/>\n<script type=\"application\/ld+json\" class=\"yoast-schema-graph\">{\"@context\":\"https:\/\/schema.org\",\"@graph\":[{\"@type\":\"WebPage\",\"@id\":\"https:\/\/koningdrone.be\/product\/dji-inspire-2-tb50-batterij-4280mah-inspire-batterij\/\",\"url\":\"https:\/\/koningdrone.be\/product\/dji-inspire-2-tb50-batterij-4280mah-inspire-batterij\/\",\"name\":\"DJI Inspire 2 TB50 Batterij (PART 17) - koningdrone.be\",\"isPartOf\":{\"@id\":\"https:\/\/koningdrone.be\/#website\"},\"primaryImageOfPage\":{\"@id\":\"https:\/\/koningdrone.be\/product\/dji-inspire-2-tb50-batterij-4280mah-inspire-batterij\/#primaryimage\"},\"image\":{\"@id\":\"https:\/\/koningdrone.be\/product\/dji-inspire-2-tb50-batterij-4280mah-inspire-batterij\/#primaryimage\"},\"thumbnailUrl\":\"https:\/\/koningdrone.be\/wp-content\/uploads\/sites\/13\/2025\/04\/6958265140488-1-720x660-1.jpg\",\"datePublished\":\"2018-06-12T18:53:35+00:00\",\"dateModified\":\"2026-04-29T09:10:04+00:00\",\"breadcrumb\":{\"@id\":\"https:\/\/koningdrone.be\/product\/dji-inspire-2-tb50-batterij-4280mah-inspire-batterij\/#breadcrumb\"},\"inLanguage\":\"fr-BE\",\"potentialAction\":[{\"@type\":\"ReadAction\",\"target\":[\"https:\/\/koningdrone.be\/product\/dji-inspire-2-tb50-batterij-4280mah-inspire-batterij\/\"]}]},{\"@type\":\"ImageObject\",\"inLanguage\":\"fr-BE\",\"@id\":\"https:\/\/koningdrone.be\/product\/dji-inspire-2-tb50-batterij-4280mah-inspire-batterij\/#primaryimage\",\"url\":\"https:\/\/koningdrone.be\/wp-content\/uploads\/sites\/13\/2025\/04\/6958265140488-1-720x660-1.jpg\",\"contentUrl\":\"https:\/\/koningdrone.be\/wp-content\/uploads\/sites\/13\/2025\/04\/6958265140488-1-720x660-1.jpg\",\"width\":660,\"height\":660},{\"@type\":\"BreadcrumbList\",\"@id\":\"https:\/\/koningdrone.be\/product\/dji-inspire-2-tb50-batterij-4280mah-inspire-batterij\/#breadcrumb\",\"itemListElement\":[{\"@type\":\"ListItem\",\"position\":1,\"name\":\"Home\",\"item\":\"https:\/\/koningdrone.be\/\"},{\"@type\":\"ListItem\",\"position\":2,\"name\":\"AVSS Parachute Recovery System for DJI Matrice 300\/350\",\"item\":\"https:\/\/koningdrone.be\/product\/avss-parachute-recovery-system-for-dji-matrice-300-350\/\"},{\"@type\":\"ListItem\",\"position\":3,\"name\":\"Alle batterijen\",\"item\":\"https:\/\/koningdrone.be\/categorie\/alle-batterijen\/\"},{\"@type\":\"ListItem\",\"position\":4,\"name\":\"DJI Inspire 2 TB50 Batterij (PART 17)\"}]},{\"@type\":\"WebSite\",\"@id\":\"https:\/\/koningdrone.be\/#website\",\"url\":\"https:\/\/koningdrone.be\/\",\"name\":\"Koningdrone.be - Uw online specialist in drones, gimbals, camera's en power stations.\",\"description\":\"De webshop in drones en gimbals\",\"publisher\":{\"@id\":\"https:\/\/koningdrone.be\/#organization\"},\"potentialAction\":[{\"@type\":\"SearchAction\",\"target\":{\"@type\":\"EntryPoint\",\"urlTemplate\":\"https:\/\/koningdrone.be\/?s={search_term_string}\"},\"query-input\":{\"@type\":\"PropertyValueSpecification\",\"valueRequired\":true,\"valueName\":\"search_term_string\"}}],\"inLanguage\":\"fr-BE\"},{\"@type\":\"Organization\",\"@id\":\"https:\/\/koningdrone.be\/#organization\",\"name\":\"Koningdrone.be\",\"url\":\"https:\/\/koningdrone.be\/\",\"logo\":{\"@type\":\"ImageObject\",\"inLanguage\":\"fr-BE\",\"@id\":\"https:\/\/koningdrone.be\/#\/schema\/logo\/image\/\",\"url\":\"https:\/\/koningdrone.be\/wp-content\/uploads\/sites\/13\/2025\/04\/koningdrone-copyright-logo.svg\",\"contentUrl\":\"https:\/\/koningdrone.be\/wp-content\/uploads\/sites\/13\/2025\/04\/koningdrone-copyright-logo.svg\",\"width\":227,\"height\":38,\"caption\":\"Koningdrone.be\"},\"image\":{\"@id\":\"https:\/\/koningdrone.be\/#\/schema\/logo\/image\/\"}}]}<\/script>\n<!-- \/ Yoast SEO Premium plugin. -->","yoast_head_json":{"title":"DJI Inspire 2 TB50 Batterij (PART 17) - koningdrone.be","robots":{"index":"index","follow":"follow","max-snippet":"max-snippet:-1","max-image-preview":"max-image-preview:large","max-video-preview":"max-video-preview:-1"},"canonical":"https:\/\/koningdrone.be\/fr\/produit\/dji-inspire-2-tb50-batterij-4280mah-inspire-batterij\/","og_locale":"fr_FR","og_type":"article","og_title":"DJI Inspire 2 TB50 Batterij (PART 17)","og_description":"Aanbevolen om per paar te kopenMaximale vliegtijd met X5S 25 minMaximale vliegtijd met X4S 27 min","og_url":"https:\/\/koningdrone.be\/fr\/produit\/dji-inspire-2-tb50-batterij-4280mah-inspire-batterij\/","og_site_name":"koningdrone.be","article_modified_time":"2026-04-29T09:10:04+00:00","og_image":[{"width":660,"height":660,"url":"https:\/\/koningdrone.be\/wp-content\/uploads\/sites\/13\/2025\/04\/6958265140488-1-720x660-1.jpg","type":"image\/jpeg"}],"twitter_card":"summary_large_image","schema":{"@context":"https:\/\/schema.org","@graph":[{"@type":"WebPage","@id":"https:\/\/koningdrone.be\/product\/dji-inspire-2-tb50-batterij-4280mah-inspire-batterij\/","url":"https:\/\/koningdrone.be\/product\/dji-inspire-2-tb50-batterij-4280mah-inspire-batterij\/","name":"DJI Inspire 2 TB50 Batterij (PART 17) - koningdrone.be","isPartOf":{"@id":"https:\/\/koningdrone.be\/#website"},"primaryImageOfPage":{"@id":"https:\/\/koningdrone.be\/product\/dji-inspire-2-tb50-batterij-4280mah-inspire-batterij\/#primaryimage"},"image":{"@id":"https:\/\/koningdrone.be\/product\/dji-inspire-2-tb50-batterij-4280mah-inspire-batterij\/#primaryimage"},"thumbnailUrl":"https:\/\/koningdrone.be\/wp-content\/uploads\/sites\/13\/2025\/04\/6958265140488-1-720x660-1.jpg","datePublished":"2018-06-12T18:53:35+00:00","dateModified":"2026-04-29T09:10:04+00:00","breadcrumb":{"@id":"https:\/\/koningdrone.be\/product\/dji-inspire-2-tb50-batterij-4280mah-inspire-batterij\/#breadcrumb"},"inLanguage":"fr-BE","potentialAction":[{"@type":"ReadAction","target":["https:\/\/koningdrone.be\/product\/dji-inspire-2-tb50-batterij-4280mah-inspire-batterij\/"]}]},{"@type":"ImageObject","inLanguage":"fr-BE","@id":"https:\/\/koningdrone.be\/product\/dji-inspire-2-tb50-batterij-4280mah-inspire-batterij\/#primaryimage","url":"https:\/\/koningdrone.be\/wp-content\/uploads\/sites\/13\/2025\/04\/6958265140488-1-720x660-1.jpg","contentUrl":"https:\/\/koningdrone.be\/wp-content\/uploads\/sites\/13\/2025\/04\/6958265140488-1-720x660-1.jpg","width":660,"height":660},{"@type":"BreadcrumbList","@id":"https:\/\/koningdrone.be\/product\/dji-inspire-2-tb50-batterij-4280mah-inspire-batterij\/#breadcrumb","itemListElement":[{"@type":"ListItem","position":1,"name":"Home","item":"https:\/\/koningdrone.be\/"},{"@type":"ListItem","position":2,"name":"AVSS Parachute Recovery System for DJI Matrice 300\/350","item":"https:\/\/koningdrone.be\/product\/avss-parachute-recovery-system-for-dji-matrice-300-350\/"},{"@type":"ListItem","position":3,"name":"Alle batterijen","item":"https:\/\/koningdrone.be\/categorie\/alle-batterijen\/"},{"@type":"ListItem","position":4,"name":"DJI Inspire 2 TB50 Batterij (PART 17)"}]},{"@type":"WebSite","@id":"https:\/\/koningdrone.be\/#website","url":"https:\/\/koningdrone.be\/","name":"Koningdrone.be - Votre sp\u00e9cialiste en ligne en mati\u00e8re de drones, de cardans, de cam\u00e9ras et de centrales \u00e9lectriques.","description":"La boutique en ligne de drones et de cardans","publisher":{"@id":"https:\/\/koningdrone.be\/#organization"},"potentialAction":[{"@type":"SearchAction","target":{"@type":"EntryPoint","urlTemplate":"https:\/\/koningdrone.be\/?s={search_term_string}"},"query-input":{"@type":"PropertyValueSpecification","valueRequired":true,"valueName":"search_term_string"}}],"inLanguage":"fr-BE"},{"@type":"Organization","@id":"https:\/\/koningdrone.be\/#organization","name":"Kingdrone.co.uk","url":"https:\/\/koningdrone.be\/","logo":{"@type":"ImageObject","inLanguage":"fr-BE","@id":"https:\/\/koningdrone.be\/#\/schema\/logo\/image\/","url":"https:\/\/koningdrone.be\/wp-content\/uploads\/sites\/13\/2025\/04\/koningdrone-copyright-logo.svg","contentUrl":"https:\/\/koningdrone.be\/wp-content\/uploads\/sites\/13\/2025\/04\/koningdrone-copyright-logo.svg","width":227,"height":38,"caption":"Koningdrone.be"},"image":{"@id":"https:\/\/koningdrone.be\/#\/schema\/logo\/image\/"}}]}},"df_price":"","df_sale_price":"","df_regular_price":"","df_image_link":"https:\/\/koningdrone.be\/wp-content\/uploads\/sites\/13\/2025\/04\/6958265140488-1-720x660-1-300x300.jpg","_links":{"self":[{"href":"https:\/\/koningdrone.be\/fr\/wp-json\/wp\/v2\/product\/7933","targetHints":{"allow":["GET"]}}],"collection":[{"href":"https:\/\/koningdrone.be\/fr\/wp-json\/wp\/v2\/product"}],"about":[{"href":"https:\/\/koningdrone.be\/fr\/wp-json\/wp\/v2\/types\/product"}],"wp:featuredmedia":[{"embeddable":true,"href":"https:\/\/koningdrone.be\/fr\/wp-json\/wp\/v2\/media\/7931"}],"wp:attachment":[{"href":"https:\/\/koningdrone.be\/fr\/wp-json\/wp\/v2\/media?parent=7933"}],"wp:term":[{"taxonomy":"product_brand","embeddable":true,"href":"https:\/\/koningdrone.be\/fr\/wp-json\/wp\/v2\/product_brand?post=7933"},{"taxonomy":"product_cat","embeddable":true,"href":"https:\/\/koningdrone.be\/fr\/wp-json\/wp\/v2\/product_cat?post=7933"},{"taxonomy":"product_tag","embeddable":true,"href":"https:\/\/koningdrone.be\/fr\/wp-json\/wp\/v2\/product_tag?post=7933"}],"curies":[{"name":"wp","href":"https:\/\/api.w.org\/{rel}","templated":true}]}}