{"id":7926,"date":"2018-06-12T20:53:35","date_gmt":"2018-06-12T18:53:35","guid":{"rendered":"https:\/\/koningdrone.nl\/kon\/product\/dji-crystalsky-cendence-batterij-4920-mah-wb37\/"},"modified":"2026-04-29T03:30:22","modified_gmt":"2026-04-29T01:30:22","slug":"dji-crystalsky-cendence-batterij-4920-mah-wb37","status":"publish","type":"product","link":"https:\/\/koningdrone.be\/fr\/produit\/dji-crystalsky-cendence-batterij-4920-mah-wb37\/","title":{"rendered":"DJI CrystalSky &amp; Cendence Battery WB37"},"content":{"rendered":"<h2>Batterie intelligente DJI CrystalSky &amp; Cendence<\/h2>\n<p>La batterie intelligente pour le CrystalSky et le Cendence est une batterie \u00e0 charge rapide de 4920mAh. La batterie intelligente DJI CrystalSky et Cendence peut \u00e9galement \u00eatre recharg\u00e9e avec le Hub de charge de batterie CrystalSky et Cendence.<\/p>\n<p><strong>Sp\u00e9cifications<\/strong><\/p>\n<p>&nbsp;<\/p>\n<ul>\n<li style=\"list-style-type: none\">\n<ul>\n<li>Capacit\u00e9 : 4920 mAh<\/li>\n<\/ul>\n<\/li>\n<\/ul>\n<p>&nbsp;<\/p>\n<ul>\n<li style=\"list-style-type: none\">\n<ul>\n<li>Tension : 7,6V<\/li>\n<\/ul>\n<\/li>\n<\/ul>\n<p>&nbsp;<\/p>\n<ul>\n<li style=\"list-style-type: none\">\n<ul>\n<li>Type de batterie : LiPo<\/li>\n<\/ul>\n<\/li>\n<\/ul>\n<p>&nbsp;<\/p>\n<ul>\n<li style=\"list-style-type: none\">\n<ul>\n<li>Puissance : 37,39 Wh<\/li>\n<\/ul>\n<\/li>\n<\/ul>\n<p>&nbsp;<\/p>","protected":false},"excerpt":{"rendered":"<ul>\n<li>Dur\u00e9e de fonctionnement CrystalSky 5.5\u2033 5~6 heures<\/li>\n<li>Dur\u00e9e de fonctionnement CrystalSky 7.85\u2033 4~5 heures<\/li>\n<li>Capacit\u00e9 : 4920mAh<\/li>\n<li>Dur\u00e9e de fonctionnement de la t\u00e9l\u00e9commande Cendence : 4~5 heures<\/li>\n<\/ul>","protected":false},"featured_media":7924,"template":"","meta":{"_acf_changed":false},"product_brand":[],"product_cat":[113,97,646,1587,433,149,543,153,98,1583,1732],"product_tag":[],"class_list":{"0":"post-7926","1":"product","2":"type-product","3":"status-publish","4":"has-post-thumbnail","6":"product_cat-alle-batterijen","7":"product_cat-alle-producten","8":"product_cat-dji-crystalsky","9":"product_cat-dji-dock","10":"product_cat-dji-inspire-3","11":"product_cat-dji-matrice-30","12":"product_cat-dji-matrice-30t","13":"product_cat-dji-matrice-350","14":"product_cat-dji-matrice-4","15":"product_cat-dji-matrice-400","16":"product_cat-dji-matrice-4d","17":"product_shipping_class-uavspacesall","18":"pa_brand-dji","19":"pa_productfamily-batterij","20":"pa_producttype-batterij","21":"pa_series-cendence","22":"pa_series-crystalsky","24":"first","25":"instock","26":"taxable","27":"shipping-taxable","28":"purchasable","29":"product-type-simple"},"acf":[],"yoast_head":"<!-- This site is optimized with the Yoast SEO Premium plugin v27.2 (Yoast SEO v27.2) - https:\/\/yoast.com\/product\/yoast-seo-premium-wordpress\/ -->\n<title>DJI CrystalSky &amp; Cendence Batterij WB37 - koningdrone.be<\/title>\n<meta name=\"robots\" content=\"index, follow, max-snippet:-1, max-image-preview:large, max-video-preview:-1\" \/>\n<link rel=\"canonical\" href=\"https:\/\/koningdrone.be\/fr\/produit\/dji-crystalsky-cendence-batterij-4920-mah-wb37\/\" \/>\n<meta property=\"og:locale\" content=\"fr_FR\" \/>\n<meta property=\"og:type\" content=\"article\" \/>\n<meta property=\"og:title\" content=\"DJI CrystalSky &amp; Cendence Batterij WB37\" \/>\n<meta property=\"og:description\" content=\"Gebruikstijd CrystalSky 5.5&quot; 5~6 uur  Gebruikstijd\u00a0CrystalSky 7.85&quot; 4~5 uur  Capaciteit: 4920mAh  Gebruikstijd\u00a0Cendence remote controller: 4~5 uur\" \/>\n<meta property=\"og:url\" content=\"https:\/\/koningdrone.be\/fr\/produit\/dji-crystalsky-cendence-batterij-4920-mah-wb37\/\" \/>\n<meta property=\"og:site_name\" content=\"koningdrone.be\" \/>\n<meta property=\"article:modified_time\" content=\"2026-04-29T01:30:22+00:00\" \/>\n<meta property=\"og:image\" content=\"https:\/\/koningdrone.be\/wp-content\/uploads\/sites\/13\/2025\/04\/6958265145827-1-720x660-1.jpg\" \/>\n\t<meta property=\"og:image:width\" content=\"660\" \/>\n\t<meta property=\"og:image:height\" content=\"660\" \/>\n\t<meta property=\"og:image:type\" content=\"image\/jpeg\" \/>\n<meta name=\"twitter:card\" content=\"summary_large_image\" \/>\n<meta name=\"twitter:label1\" content=\"Dur\u00e9e de lecture est.\" \/>\n\t<meta name=\"twitter:data1\" content=\"1 minute\" \/>\n<script type=\"application\/ld+json\" class=\"yoast-schema-graph\">{\"@context\":\"https:\/\/schema.org\",\"@graph\":[{\"@type\":\"WebPage\",\"@id\":\"https:\/\/koningdrone.be\/product\/dji-crystalsky-cendence-batterij-4920-mah-wb37\/\",\"url\":\"https:\/\/koningdrone.be\/product\/dji-crystalsky-cendence-batterij-4920-mah-wb37\/\",\"name\":\"DJI CrystalSky &amp; Cendence Batterij WB37 - koningdrone.be\",\"isPartOf\":{\"@id\":\"https:\/\/koningdrone.be\/#website\"},\"primaryImageOfPage\":{\"@id\":\"https:\/\/koningdrone.be\/product\/dji-crystalsky-cendence-batterij-4920-mah-wb37\/#primaryimage\"},\"image\":{\"@id\":\"https:\/\/koningdrone.be\/product\/dji-crystalsky-cendence-batterij-4920-mah-wb37\/#primaryimage\"},\"thumbnailUrl\":\"https:\/\/koningdrone.be\/wp-content\/uploads\/sites\/13\/2025\/04\/6958265145827-1-720x660-1.jpg\",\"datePublished\":\"2018-06-12T18:53:35+00:00\",\"dateModified\":\"2026-04-29T01:30:22+00:00\",\"breadcrumb\":{\"@id\":\"https:\/\/koningdrone.be\/product\/dji-crystalsky-cendence-batterij-4920-mah-wb37\/#breadcrumb\"},\"inLanguage\":\"fr-BE\",\"potentialAction\":[{\"@type\":\"ReadAction\",\"target\":[\"https:\/\/koningdrone.be\/product\/dji-crystalsky-cendence-batterij-4920-mah-wb37\/\"]}]},{\"@type\":\"ImageObject\",\"inLanguage\":\"fr-BE\",\"@id\":\"https:\/\/koningdrone.be\/product\/dji-crystalsky-cendence-batterij-4920-mah-wb37\/#primaryimage\",\"url\":\"https:\/\/koningdrone.be\/wp-content\/uploads\/sites\/13\/2025\/04\/6958265145827-1-720x660-1.jpg\",\"contentUrl\":\"https:\/\/koningdrone.be\/wp-content\/uploads\/sites\/13\/2025\/04\/6958265145827-1-720x660-1.jpg\",\"width\":660,\"height\":660},{\"@type\":\"BreadcrumbList\",\"@id\":\"https:\/\/koningdrone.be\/product\/dji-crystalsky-cendence-batterij-4920-mah-wb37\/#breadcrumb\",\"itemListElement\":[{\"@type\":\"ListItem\",\"position\":1,\"name\":\"Home\",\"item\":\"https:\/\/koningdrone.be\/\"},{\"@type\":\"ListItem\",\"position\":2,\"name\":\"AVSS Parachute Recovery System for DJI Matrice 300\/350\",\"item\":\"https:\/\/koningdrone.be\/product\/avss-parachute-recovery-system-for-dji-matrice-300-350\/\"},{\"@type\":\"ListItem\",\"position\":3,\"name\":\"Alle batterijen\",\"item\":\"https:\/\/koningdrone.be\/categorie\/alle-batterijen\/\"},{\"@type\":\"ListItem\",\"position\":4,\"name\":\"DJI CrystalSky &amp; Cendence Batterij WB37\"}]},{\"@type\":\"WebSite\",\"@id\":\"https:\/\/koningdrone.be\/#website\",\"url\":\"https:\/\/koningdrone.be\/\",\"name\":\"Koningdrone.be - Uw online specialist in drones, gimbals, camera's en power stations.\",\"description\":\"De webshop in drones en gimbals\",\"publisher\":{\"@id\":\"https:\/\/koningdrone.be\/#organization\"},\"potentialAction\":[{\"@type\":\"SearchAction\",\"target\":{\"@type\":\"EntryPoint\",\"urlTemplate\":\"https:\/\/koningdrone.be\/?s={search_term_string}\"},\"query-input\":{\"@type\":\"PropertyValueSpecification\",\"valueRequired\":true,\"valueName\":\"search_term_string\"}}],\"inLanguage\":\"fr-BE\"},{\"@type\":\"Organization\",\"@id\":\"https:\/\/koningdrone.be\/#organization\",\"name\":\"Koningdrone.be\",\"url\":\"https:\/\/koningdrone.be\/\",\"logo\":{\"@type\":\"ImageObject\",\"inLanguage\":\"fr-BE\",\"@id\":\"https:\/\/koningdrone.be\/#\/schema\/logo\/image\/\",\"url\":\"https:\/\/koningdrone.be\/wp-content\/uploads\/sites\/13\/2025\/04\/koningdrone-copyright-logo.svg\",\"contentUrl\":\"https:\/\/koningdrone.be\/wp-content\/uploads\/sites\/13\/2025\/04\/koningdrone-copyright-logo.svg\",\"width\":227,\"height\":38,\"caption\":\"Koningdrone.be\"},\"image\":{\"@id\":\"https:\/\/koningdrone.be\/#\/schema\/logo\/image\/\"}}]}<\/script>\n<!-- \/ Yoast SEO Premium plugin. -->","yoast_head_json":{"title":"DJI CrystalSky &amp; Cendence Batterij WB37 - koningdrone.be","robots":{"index":"index","follow":"follow","max-snippet":"max-snippet:-1","max-image-preview":"max-image-preview:large","max-video-preview":"max-video-preview:-1"},"canonical":"https:\/\/koningdrone.be\/fr\/produit\/dji-crystalsky-cendence-batterij-4920-mah-wb37\/","og_locale":"fr_FR","og_type":"article","og_title":"DJI CrystalSky &amp; Cendence Batterij WB37","og_description":"Gebruikstijd CrystalSky 5.5\" 5~6 uur  Gebruikstijd\u00a0CrystalSky 7.85\" 4~5 uur  Capaciteit: 4920mAh  Gebruikstijd\u00a0Cendence remote controller: 4~5 uur","og_url":"https:\/\/koningdrone.be\/fr\/produit\/dji-crystalsky-cendence-batterij-4920-mah-wb37\/","og_site_name":"koningdrone.be","article_modified_time":"2026-04-29T01:30:22+00:00","og_image":[{"width":660,"height":660,"url":"https:\/\/koningdrone.be\/wp-content\/uploads\/sites\/13\/2025\/04\/6958265145827-1-720x660-1.jpg","type":"image\/jpeg"}],"twitter_card":"summary_large_image","twitter_misc":{"Dur\u00e9e de lecture est.":"1 minute"},"schema":{"@context":"https:\/\/schema.org","@graph":[{"@type":"WebPage","@id":"https:\/\/koningdrone.be\/product\/dji-crystalsky-cendence-batterij-4920-mah-wb37\/","url":"https:\/\/koningdrone.be\/product\/dji-crystalsky-cendence-batterij-4920-mah-wb37\/","name":"DJI CrystalSky &amp; Cendence Batterij WB37 - koningdrone.be","isPartOf":{"@id":"https:\/\/koningdrone.be\/#website"},"primaryImageOfPage":{"@id":"https:\/\/koningdrone.be\/product\/dji-crystalsky-cendence-batterij-4920-mah-wb37\/#primaryimage"},"image":{"@id":"https:\/\/koningdrone.be\/product\/dji-crystalsky-cendence-batterij-4920-mah-wb37\/#primaryimage"},"thumbnailUrl":"https:\/\/koningdrone.be\/wp-content\/uploads\/sites\/13\/2025\/04\/6958265145827-1-720x660-1.jpg","datePublished":"2018-06-12T18:53:35+00:00","dateModified":"2026-04-29T01:30:22+00:00","breadcrumb":{"@id":"https:\/\/koningdrone.be\/product\/dji-crystalsky-cendence-batterij-4920-mah-wb37\/#breadcrumb"},"inLanguage":"fr-BE","potentialAction":[{"@type":"ReadAction","target":["https:\/\/koningdrone.be\/product\/dji-crystalsky-cendence-batterij-4920-mah-wb37\/"]}]},{"@type":"ImageObject","inLanguage":"fr-BE","@id":"https:\/\/koningdrone.be\/product\/dji-crystalsky-cendence-batterij-4920-mah-wb37\/#primaryimage","url":"https:\/\/koningdrone.be\/wp-content\/uploads\/sites\/13\/2025\/04\/6958265145827-1-720x660-1.jpg","contentUrl":"https:\/\/koningdrone.be\/wp-content\/uploads\/sites\/13\/2025\/04\/6958265145827-1-720x660-1.jpg","width":660,"height":660},{"@type":"BreadcrumbList","@id":"https:\/\/koningdrone.be\/product\/dji-crystalsky-cendence-batterij-4920-mah-wb37\/#breadcrumb","itemListElement":[{"@type":"ListItem","position":1,"name":"Home","item":"https:\/\/koningdrone.be\/"},{"@type":"ListItem","position":2,"name":"AVSS Parachute Recovery System for DJI Matrice 300\/350","item":"https:\/\/koningdrone.be\/product\/avss-parachute-recovery-system-for-dji-matrice-300-350\/"},{"@type":"ListItem","position":3,"name":"Alle batterijen","item":"https:\/\/koningdrone.be\/categorie\/alle-batterijen\/"},{"@type":"ListItem","position":4,"name":"DJI CrystalSky &amp; Cendence Batterij WB37"}]},{"@type":"WebSite","@id":"https:\/\/koningdrone.be\/#website","url":"https:\/\/koningdrone.be\/","name":"Koningdrone.be - Votre sp\u00e9cialiste en ligne en mati\u00e8re de drones, de cardans, de cam\u00e9ras et de centrales \u00e9lectriques.","description":"La boutique en ligne de drones et de cardans","publisher":{"@id":"https:\/\/koningdrone.be\/#organization"},"potentialAction":[{"@type":"SearchAction","target":{"@type":"EntryPoint","urlTemplate":"https:\/\/koningdrone.be\/?s={search_term_string}"},"query-input":{"@type":"PropertyValueSpecification","valueRequired":true,"valueName":"search_term_string"}}],"inLanguage":"fr-BE"},{"@type":"Organization","@id":"https:\/\/koningdrone.be\/#organization","name":"Kingdrone.co.uk","url":"https:\/\/koningdrone.be\/","logo":{"@type":"ImageObject","inLanguage":"fr-BE","@id":"https:\/\/koningdrone.be\/#\/schema\/logo\/image\/","url":"https:\/\/koningdrone.be\/wp-content\/uploads\/sites\/13\/2025\/04\/koningdrone-copyright-logo.svg","contentUrl":"https:\/\/koningdrone.be\/wp-content\/uploads\/sites\/13\/2025\/04\/koningdrone-copyright-logo.svg","width":227,"height":38,"caption":"Koningdrone.be"},"image":{"@id":"https:\/\/koningdrone.be\/#\/schema\/logo\/image\/"}}]}},"df_price":65,"df_sale_price":"","df_regular_price":65,"df_image_link":"https:\/\/koningdrone.be\/wp-content\/uploads\/sites\/13\/2025\/04\/6958265145827-1-720x660-1-300x300.jpg","_links":{"self":[{"href":"https:\/\/koningdrone.be\/fr\/wp-json\/wp\/v2\/product\/7926","targetHints":{"allow":["GET"]}}],"collection":[{"href":"https:\/\/koningdrone.be\/fr\/wp-json\/wp\/v2\/product"}],"about":[{"href":"https:\/\/koningdrone.be\/fr\/wp-json\/wp\/v2\/types\/product"}],"wp:featuredmedia":[{"embeddable":true,"href":"https:\/\/koningdrone.be\/fr\/wp-json\/wp\/v2\/media\/7924"}],"wp:attachment":[{"href":"https:\/\/koningdrone.be\/fr\/wp-json\/wp\/v2\/media?parent=7926"}],"wp:term":[{"taxonomy":"product_brand","embeddable":true,"href":"https:\/\/koningdrone.be\/fr\/wp-json\/wp\/v2\/product_brand?post=7926"},{"taxonomy":"product_cat","embeddable":true,"href":"https:\/\/koningdrone.be\/fr\/wp-json\/wp\/v2\/product_cat?post=7926"},{"taxonomy":"product_tag","embeddable":true,"href":"https:\/\/koningdrone.be\/fr\/wp-json\/wp\/v2\/product_tag?post=7926"}],"curies":[{"name":"wp","href":"https:\/\/api.w.org\/{rel}","templated":true}]}}