{"id":7921,"date":"2018-06-12T20:53:41","date_gmt":"2018-06-12T18:53:41","guid":{"rendered":"https:\/\/koningdrone.nl\/kon\/product\/dji-zenmuse-x5s\/"},"modified":"2026-04-29T15:20:52","modified_gmt":"2026-04-29T13:20:52","slug":"dji-zenmuse-x5s","status":"publish","type":"product","link":"https:\/\/koningdrone.be\/fr\/produit\/dji-zenmuse-x5s\/","title":{"rendered":"DJI Zenmuse X5S"},"content":{"rendered":"<h1>DJI Zenmuse X5S<\/h1>\n<p>\u00c9quip\u00e9 d'un capteur Micro 4\/3 am\u00e9lior\u00e9, le Zenmuse X5S offre une plage dynamique de 12,8 arr\u00eats et un rapport signal\/bruit nettement am\u00e9lior\u00e9.<br \/>et la sensibilit\u00e9 des couleurs que le X5R. Il prend en charge jusqu'\u00e0 huit objectifs M4 \/ 3 standard (y compris les zooms) avec des distances focales de 9 \u00e0 45 mm.<br \/>(\u00e9quivalent \u00e0 18 mm-90 mm sur une cam\u00e9ra 35 mm), offrant ainsi une plus grande flexibilit\u00e9 cr\u00e9ative. Le nouveau syst\u00e8me de traitement d'images CineCore 2.0 de l'Inspire 2<br \/>Permet \u00e0 la Zenmuse X5S de filmer des vid\u00e9os CinemaDNG 5,2K 30fps et des vid\u00e9os Apple ProRes, ainsi que des vid\u00e9os 4K 60fps avec H.264 et 4K 30fps.<br \/>avec H.265 (tous deux \u00e0 100 Mbps). La prise de vue en rafale DNG \u00e0 20 ips avec des images de 20,8 MP est \u00e9galement prise en charge. La Zenmuse X5S est con\u00e7ue pour<br \/>pour r\u00e9pondre aux exigences d'une imagerie a\u00e9rienne professionnelle de haute qualit\u00e9.<\/p>\n<p><strong>VID\u00c9O DIGNE DE HOLLYWOOD<\/strong><br \/>Gr\u00e2ce \u00e0 CineCore 2.0, la Zenmuse X5S enregistre des vid\u00e9os \u00e0 une r\u00e9solution maximale de 5,2K \/ 30fps en CinemaDNG 12bit1, 5,2K 30fps Apple ProRes 422 HQ et 4K 30fps Apple ProRes 4444 XQ (sans alpha) 2. Les options d'enregistrement suppl\u00e9mentaires comprennent la vid\u00e9o en 4K \/ 60fps avec H.264 ou la vid\u00e9o sur\u00e9chantillonn\u00e9e en 4K \/ 30fps avec H.264 \/ H.265, tous deux \u00e0 un d\u00e9bit binaire de 100Mbps.<\/p>\n<p><strong>D\u00c9TAILL\u00c9<\/strong><br \/>En utilisant uniquement la carte Micro SD, des photos de 20,8 MP peuvent \u00eatre prises \u00e0 14 fps en mode rafale en JPEG + DNG. L'utilisation du DJI CINESSD ouvre la voie \u00e0 un mode de prise de vue en rafale en JPEG + DNG.<br \/>Mode rafale DNG de 20 ips avec une r\u00e9solution d'image maximale de 20,8 m\u00e9gapixels. Les photos peuvent \u00e9galement \u00eatre prises pendant l'enregistrement vid\u00e9o sans interruption.<\/p>\n<p><strong>STABILISATION AM\u00c9LIOR\u00c9E DE L'APPAREIL PHOTO<\/strong><br \/>La stabilisation du Zenmuse X5S est assur\u00e9e par un cardan 3 axes hautement optimis\u00e9, dont la rotation du moteur est r\u00e9gl\u00e9e avec une pr\u00e9cision de \u00b10,01\u00b0, et qui est pilot\u00e9 par un processeur d\u00e9di\u00e9.<br \/>Au lieu de s'appuyer sur des bagues collectrices \u00e9lectriques, comme c'est souvent le cas avec de nombreux cardans, le Zenmuse X5S utilise un design unique \u00e0 contrainte m\u00e9canique et des fils cach\u00e9s pour assurer la s\u00e9curit\u00e9 de l'utilisateur.<br \/>une transmission de donn\u00e9es plus stable et une plus grande durabilit\u00e9. Les vibrations sont \u00e9limin\u00e9es \u00e0 l'aide de trois billes d'amortissement et d'un panneau d'amortissement l\u00e9ger, ce qui permet d'obtenir des vid\u00e9os d'une fluidit\u00e9 parfaite.<br \/>La rotation \u00e0 360\u00b0 reste possible gr\u00e2ce \u00e0 la rotation du moteur rotatif et au mouvement fluide du plan. Des s\u00e9quences stables et fluides1 peuvent \u00eatre captur\u00e9es m\u00eame avec un objectif de 90 mm2.<\/p>","protected":false},"excerpt":{"rendered":"<ul>\n<li>Capteur Micro Four Thirds<\/li>\n<li>Vid\u00e9o 5.2K 30fps \/ 4K 60fps \/ 4K 30fps<\/li>\n<li>Photo 20,8 Mpx<\/li>\n<li>20 images par seconde en rafale<\/li>\n<li>Plage dynamique de 12,8 arr\u00eats<\/li>\n<li>ISO : 100-6400 (vid\u00e9o) \/ 100-25600 (photo)<\/li>\n<li>Vitesse d'obturation : 8-1\/8000s<\/li>\n<li>Poids : 461g<\/li>\n<\/ul>","protected":false},"featured_media":7917,"template":"","meta":{"_acf_changed":false},"product_brand":[],"product_cat":[315,298,126,97,316],"product_tag":[],"class_list":{"0":"post-7921","1":"product","2":"type-product","3":"status-publish","4":"has-post-thumbnail","6":"product_cat-alle-gimbals-en-cameras","7":"product_cat-alle-industriele-camera","8":"product_cat-alle-payloads","9":"product_cat-alle-producten","10":"product_cat-dji-zenmuse","11":"product_shipping_class-outofstock","12":"pa_brand-dji","13":"pa_productfamily-camera","14":"pa_producttype-camera","15":"pa_series-zenmuse-x5s","17":"first","18":"outofstock","19":"taxable","20":"shipping-taxable","21":"purchasable","22":"product-type-simple"},"acf":[],"yoast_head":"<!-- This site is optimized with the Yoast SEO Premium plugin v27.2 (Yoast SEO v27.2) - https:\/\/yoast.com\/product\/yoast-seo-premium-wordpress\/ -->\n<title>DJI Zenmuse X5S - koningdrone.be<\/title>\n<meta name=\"robots\" content=\"index, follow, max-snippet:-1, max-image-preview:large, max-video-preview:-1\" \/>\n<link rel=\"canonical\" href=\"https:\/\/koningdrone.be\/fr\/produit\/dji-zenmuse-x5s\/\" \/>\n<meta property=\"og:locale\" content=\"fr_FR\" \/>\n<meta property=\"og:type\" content=\"article\" \/>\n<meta property=\"og:title\" content=\"DJI Zenmuse X5S\" \/>\n<meta property=\"og:description\" content=\"Micro Four Thirds sensor5.2K 30fps \/ 4K 60fps \/ 4K 30fps video20.8MP foto20fps Continue Burst12.8 stops dynamisch bereikISO: 100-6400 (video) \/ 100-25600 (foto)Sluitertijd: 8-1\/8000sGewicht: 461g\" \/>\n<meta property=\"og:url\" content=\"https:\/\/koningdrone.be\/fr\/produit\/dji-zenmuse-x5s\/\" \/>\n<meta property=\"og:site_name\" content=\"koningdrone.be\" \/>\n<meta property=\"article:modified_time\" content=\"2026-04-29T13:20:52+00:00\" \/>\n<meta property=\"og:image\" content=\"https:\/\/koningdrone.be\/wp-content\/uploads\/sites\/13\/2025\/04\/6958265139161-1-720x660-1.jpg\" \/>\n\t<meta property=\"og:image:width\" content=\"660\" \/>\n\t<meta property=\"og:image:height\" content=\"660\" \/>\n\t<meta property=\"og:image:type\" content=\"image\/jpeg\" \/>\n<meta name=\"twitter:card\" content=\"summary_large_image\" \/>\n<meta name=\"twitter:label1\" content=\"Dur\u00e9e de lecture est.\" \/>\n\t<meta name=\"twitter:data1\" content=\"2 minutes\" \/>\n<script type=\"application\/ld+json\" class=\"yoast-schema-graph\">{\"@context\":\"https:\/\/schema.org\",\"@graph\":[{\"@type\":\"WebPage\",\"@id\":\"https:\/\/koningdrone.be\/product\/dji-zenmuse-x5s\/\",\"url\":\"https:\/\/koningdrone.be\/product\/dji-zenmuse-x5s\/\",\"name\":\"DJI Zenmuse X5S - koningdrone.be\",\"isPartOf\":{\"@id\":\"https:\/\/koningdrone.be\/#website\"},\"primaryImageOfPage\":{\"@id\":\"https:\/\/koningdrone.be\/product\/dji-zenmuse-x5s\/#primaryimage\"},\"image\":{\"@id\":\"https:\/\/koningdrone.be\/product\/dji-zenmuse-x5s\/#primaryimage\"},\"thumbnailUrl\":\"https:\/\/koningdrone.be\/wp-content\/uploads\/sites\/13\/2025\/04\/6958265139161-1-720x660-1.jpg\",\"datePublished\":\"2018-06-12T18:53:41+00:00\",\"dateModified\":\"2026-04-29T13:20:52+00:00\",\"breadcrumb\":{\"@id\":\"https:\/\/koningdrone.be\/product\/dji-zenmuse-x5s\/#breadcrumb\"},\"inLanguage\":\"fr-BE\",\"potentialAction\":[{\"@type\":\"ReadAction\",\"target\":[\"https:\/\/koningdrone.be\/product\/dji-zenmuse-x5s\/\"]}]},{\"@type\":\"ImageObject\",\"inLanguage\":\"fr-BE\",\"@id\":\"https:\/\/koningdrone.be\/product\/dji-zenmuse-x5s\/#primaryimage\",\"url\":\"https:\/\/koningdrone.be\/wp-content\/uploads\/sites\/13\/2025\/04\/6958265139161-1-720x660-1.jpg\",\"contentUrl\":\"https:\/\/koningdrone.be\/wp-content\/uploads\/sites\/13\/2025\/04\/6958265139161-1-720x660-1.jpg\",\"width\":660,\"height\":660},{\"@type\":\"BreadcrumbList\",\"@id\":\"https:\/\/koningdrone.be\/product\/dji-zenmuse-x5s\/#breadcrumb\",\"itemListElement\":[{\"@type\":\"ListItem\",\"position\":1,\"name\":\"Home\",\"item\":\"https:\/\/koningdrone.be\/\"},{\"@type\":\"ListItem\",\"position\":2,\"name\":\"AVSS Parachute Recovery System for DJI Matrice 300\/350\",\"item\":\"https:\/\/koningdrone.be\/product\/avss-parachute-recovery-system-for-dji-matrice-300-350\/\"},{\"@type\":\"ListItem\",\"position\":3,\"name\":\"Alle gimbals en cameras\",\"item\":\"https:\/\/koningdrone.be\/categorie\/alle-gimbals-en-cameras\/\"},{\"@type\":\"ListItem\",\"position\":4,\"name\":\"DJI Zenmuse X5S\"}]},{\"@type\":\"WebSite\",\"@id\":\"https:\/\/koningdrone.be\/#website\",\"url\":\"https:\/\/koningdrone.be\/\",\"name\":\"Koningdrone.be - Uw online specialist in drones, gimbals, camera's en power stations.\",\"description\":\"De webshop in drones en gimbals\",\"publisher\":{\"@id\":\"https:\/\/koningdrone.be\/#organization\"},\"potentialAction\":[{\"@type\":\"SearchAction\",\"target\":{\"@type\":\"EntryPoint\",\"urlTemplate\":\"https:\/\/koningdrone.be\/?s={search_term_string}\"},\"query-input\":{\"@type\":\"PropertyValueSpecification\",\"valueRequired\":true,\"valueName\":\"search_term_string\"}}],\"inLanguage\":\"fr-BE\"},{\"@type\":\"Organization\",\"@id\":\"https:\/\/koningdrone.be\/#organization\",\"name\":\"Koningdrone.be\",\"url\":\"https:\/\/koningdrone.be\/\",\"logo\":{\"@type\":\"ImageObject\",\"inLanguage\":\"fr-BE\",\"@id\":\"https:\/\/koningdrone.be\/#\/schema\/logo\/image\/\",\"url\":\"https:\/\/koningdrone.be\/wp-content\/uploads\/sites\/13\/2025\/04\/koningdrone-copyright-logo.svg\",\"contentUrl\":\"https:\/\/koningdrone.be\/wp-content\/uploads\/sites\/13\/2025\/04\/koningdrone-copyright-logo.svg\",\"width\":227,\"height\":38,\"caption\":\"Koningdrone.be\"},\"image\":{\"@id\":\"https:\/\/koningdrone.be\/#\/schema\/logo\/image\/\"}}]}<\/script>\n<!-- \/ Yoast SEO Premium plugin. -->","yoast_head_json":{"title":"DJI Zenmuse X5S - koningdrone.be","robots":{"index":"index","follow":"follow","max-snippet":"max-snippet:-1","max-image-preview":"max-image-preview:large","max-video-preview":"max-video-preview:-1"},"canonical":"https:\/\/koningdrone.be\/fr\/produit\/dji-zenmuse-x5s\/","og_locale":"fr_FR","og_type":"article","og_title":"DJI Zenmuse X5S","og_description":"Micro Four Thirds sensor5.2K 30fps \/ 4K 60fps \/ 4K 30fps video20.8MP foto20fps Continue Burst12.8 stops dynamisch bereikISO: 100-6400 (video) \/ 100-25600 (foto)Sluitertijd: 8-1\/8000sGewicht: 461g","og_url":"https:\/\/koningdrone.be\/fr\/produit\/dji-zenmuse-x5s\/","og_site_name":"koningdrone.be","article_modified_time":"2026-04-29T13:20:52+00:00","og_image":[{"width":660,"height":660,"url":"https:\/\/koningdrone.be\/wp-content\/uploads\/sites\/13\/2025\/04\/6958265139161-1-720x660-1.jpg","type":"image\/jpeg"}],"twitter_card":"summary_large_image","twitter_misc":{"Dur\u00e9e de lecture est.":"2 minutes"},"schema":{"@context":"https:\/\/schema.org","@graph":[{"@type":"WebPage","@id":"https:\/\/koningdrone.be\/product\/dji-zenmuse-x5s\/","url":"https:\/\/koningdrone.be\/product\/dji-zenmuse-x5s\/","name":"DJI Zenmuse X5S - koningdrone.be","isPartOf":{"@id":"https:\/\/koningdrone.be\/#website"},"primaryImageOfPage":{"@id":"https:\/\/koningdrone.be\/product\/dji-zenmuse-x5s\/#primaryimage"},"image":{"@id":"https:\/\/koningdrone.be\/product\/dji-zenmuse-x5s\/#primaryimage"},"thumbnailUrl":"https:\/\/koningdrone.be\/wp-content\/uploads\/sites\/13\/2025\/04\/6958265139161-1-720x660-1.jpg","datePublished":"2018-06-12T18:53:41+00:00","dateModified":"2026-04-29T13:20:52+00:00","breadcrumb":{"@id":"https:\/\/koningdrone.be\/product\/dji-zenmuse-x5s\/#breadcrumb"},"inLanguage":"fr-BE","potentialAction":[{"@type":"ReadAction","target":["https:\/\/koningdrone.be\/product\/dji-zenmuse-x5s\/"]}]},{"@type":"ImageObject","inLanguage":"fr-BE","@id":"https:\/\/koningdrone.be\/product\/dji-zenmuse-x5s\/#primaryimage","url":"https:\/\/koningdrone.be\/wp-content\/uploads\/sites\/13\/2025\/04\/6958265139161-1-720x660-1.jpg","contentUrl":"https:\/\/koningdrone.be\/wp-content\/uploads\/sites\/13\/2025\/04\/6958265139161-1-720x660-1.jpg","width":660,"height":660},{"@type":"BreadcrumbList","@id":"https:\/\/koningdrone.be\/product\/dji-zenmuse-x5s\/#breadcrumb","itemListElement":[{"@type":"ListItem","position":1,"name":"Home","item":"https:\/\/koningdrone.be\/"},{"@type":"ListItem","position":2,"name":"AVSS Parachute Recovery System for DJI Matrice 300\/350","item":"https:\/\/koningdrone.be\/product\/avss-parachute-recovery-system-for-dji-matrice-300-350\/"},{"@type":"ListItem","position":3,"name":"Alle gimbals en cameras","item":"https:\/\/koningdrone.be\/categorie\/alle-gimbals-en-cameras\/"},{"@type":"ListItem","position":4,"name":"DJI Zenmuse X5S"}]},{"@type":"WebSite","@id":"https:\/\/koningdrone.be\/#website","url":"https:\/\/koningdrone.be\/","name":"Koningdrone.be - Votre sp\u00e9cialiste en ligne en mati\u00e8re de drones, de cardans, de cam\u00e9ras et de centrales \u00e9lectriques.","description":"La boutique en ligne de drones et de cardans","publisher":{"@id":"https:\/\/koningdrone.be\/#organization"},"potentialAction":[{"@type":"SearchAction","target":{"@type":"EntryPoint","urlTemplate":"https:\/\/koningdrone.be\/?s={search_term_string}"},"query-input":{"@type":"PropertyValueSpecification","valueRequired":true,"valueName":"search_term_string"}}],"inLanguage":"fr-BE"},{"@type":"Organization","@id":"https:\/\/koningdrone.be\/#organization","name":"Kingdrone.co.uk","url":"https:\/\/koningdrone.be\/","logo":{"@type":"ImageObject","inLanguage":"fr-BE","@id":"https:\/\/koningdrone.be\/#\/schema\/logo\/image\/","url":"https:\/\/koningdrone.be\/wp-content\/uploads\/sites\/13\/2025\/04\/koningdrone-copyright-logo.svg","contentUrl":"https:\/\/koningdrone.be\/wp-content\/uploads\/sites\/13\/2025\/04\/koningdrone-copyright-logo.svg","width":227,"height":38,"caption":"Koningdrone.be"},"image":{"@id":"https:\/\/koningdrone.be\/#\/schema\/logo\/image\/"}}]}},"df_price":2199.01,"df_sale_price":"","df_regular_price":2199.01,"df_image_link":"https:\/\/koningdrone.be\/wp-content\/uploads\/sites\/13\/2025\/04\/6958265139161-1-720x660-1-300x300.jpg","_links":{"self":[{"href":"https:\/\/koningdrone.be\/fr\/wp-json\/wp\/v2\/product\/7921","targetHints":{"allow":["GET"]}}],"collection":[{"href":"https:\/\/koningdrone.be\/fr\/wp-json\/wp\/v2\/product"}],"about":[{"href":"https:\/\/koningdrone.be\/fr\/wp-json\/wp\/v2\/types\/product"}],"wp:featuredmedia":[{"embeddable":true,"href":"https:\/\/koningdrone.be\/fr\/wp-json\/wp\/v2\/media\/7917"}],"wp:attachment":[{"href":"https:\/\/koningdrone.be\/fr\/wp-json\/wp\/v2\/media?parent=7921"}],"wp:term":[{"taxonomy":"product_brand","embeddable":true,"href":"https:\/\/koningdrone.be\/fr\/wp-json\/wp\/v2\/product_brand?post=7921"},{"taxonomy":"product_cat","embeddable":true,"href":"https:\/\/koningdrone.be\/fr\/wp-json\/wp\/v2\/product_cat?post=7921"},{"taxonomy":"product_tag","embeddable":true,"href":"https:\/\/koningdrone.be\/fr\/wp-json\/wp\/v2\/product_tag?post=7921"}],"curies":[{"name":"wp","href":"https:\/\/api.w.org\/{rel}","templated":true}]}}