{"id":7916,"date":"2018-06-12T20:53:41","date_gmt":"2018-06-12T18:53:41","guid":{"rendered":"https:\/\/koningdrone.nl\/kon\/product\/dji-zenmuse-x7-zonder-lens\/"},"modified":"2026-04-29T14:50:58","modified_gmt":"2026-04-29T12:50:58","slug":"dji-zenmuse-x7-zonder-lens","status":"publish","type":"product","link":"https:\/\/koningdrone.be\/fr\/produit\/dji-zenmuse-x7-zonder-lens\/","title":{"rendered":"DJI Zenmuse X7 - Objectif non compris"},"content":{"rendered":"<h1>DJI Zenmuse X7 sans objectif<\/h1>\n<p>La Zenmuse X7 est une cam\u00e9ra compacte Super 35 avec une suspension \u00e0 cardan int\u00e9gr\u00e9e, con\u00e7ue pour la r\u00e9alisation de films haut de gamme n\u00e9cessitant une r\u00e9solution et une qualit\u00e9 d'image \u00e9poustouflantes. Sa compatibilit\u00e9 avec l'Inspire 2 offre le meilleur de la cin\u00e9matographie a\u00e9rienne professionnelle.<\/p>\n<p>Un capteur CMOS de 24 MP avec une plage dynamique de 14 arr\u00eats permet de conserver des d\u00e9tails \u00e9tonnants et offre les formats 6K CinemaDNG et<br \/>5.2K Apple ProRes avec prise en charge de l'enregistrement RAW continu en rafale \u00e0 20 ips et des photos 24 MP.<\/p>\n<p>Le X7 pr\u00e9sente \u00e9galement la monture DL, la premi\u00e8re monture a\u00e9rienne int\u00e9gr\u00e9e au monde qui permet de passer d'un objectif \u00e0 l'autre.<br \/>rapidement. Pour un montage sans faille, le nouveau syst\u00e8me DJI Cinema Colour System pr\u00e9serve la pr\u00e9cision des couleurs pour faciliter le post-traitement.<br \/>Gr\u00e2ce \u00e0 ces derni\u00e8res innovations, les cin\u00e9astes peuvent atteindre de nouveaux sommets et capturer des sc\u00e8nes telles qu'ils les imaginent avec la DJI Zenmuse X7.<\/p>\n<p><strong>Con\u00e7u pour l'excellence<\/strong><br \/>Le X7 utilise un capteur Super 35 et sa vitesse de lecture \u00e9lev\u00e9e prend en charge la sortie RAW \u00e0 6K \/ 30 ips et 3,9K \/ 59,94 ips. La taille des pixels atteint 3,91 \u03bcm et la longueur diagonale du capteur est de 26,6 mm lors de l'enregistrement. Un capteur de cette taille offre une plus grande sensibilit\u00e9 \u00e0 la lumi\u00e8re et une plage dynamique de 14 arr\u00eats - beaucoup plus large que les 12,8 arr\u00eats de la Zenmuse X5S.<br \/>De plus, le SNR du X7 est de 46 dB, soit 8 dB de plus que le X5S, et sa gamme tonale atteint 9,41 bits. Toutes ces caract\u00e9ristiques offrent des options cr\u00e9atives illimit\u00e9es pour un meilleur flux de travail dans les situations les plus exigeantes sur le plateau.<\/p>\n<p><strong>Apple ProRes RAW<\/strong><br \/>DJI a obtenu l'approbation d'Apple pour le dernier Apple ProRes RAW. Lorsqu'elle est mont\u00e9e sur l'Inspire 2, la Zenmuse X7 peut enregistrer des vid\u00e9os Apple ProRes RAW 6K 14 bits \u00e0 23 976 fps. *<\/p>\n<p><strong>Plus de flexibilit\u00e9 cr\u00e9ative<\/strong><br \/>Pour lib\u00e9rer tout le potentiel du X7, le syst\u00e8me de traitement d'images CineCore de l'Inspire 2 a \u00e9t\u00e9 enti\u00e8rement mis \u00e0 niveau vers CineCore 2.1.<br \/>Il est capable d'enregistrer 6K \/ 30fps CinemaDNG et 5.2K \/ 30fps<br \/>Apple ProRes, ce qui laisse plus d'options cr\u00e9atives en post-production.<br \/>Un tout nouveau mode EI est int\u00e9gr\u00e9 \u00e0 CineCore 2.1, permettant de prendre des images de haute qualit\u00e9 \u00e0 diff\u00e9rents niveaux de sensibilit\u00e9. En outre, le syst\u00e8me de traitement d'image am\u00e9lior\u00e9 r\u00e9duit davantage les images et le bruit, pr\u00e9servant plus de d\u00e9tails tout en utilisant un syst\u00e8me de correction du niveau d'obscurit\u00e9 am\u00e9lior\u00e9 pour des images cin\u00e9matographiques de niveau professionnel.<br \/>Outre l'am\u00e9lioration des performances de traitement de l'image, CineCore 2.1 propose \u00e9galement un nouveau syst\u00e8me de couleurs, offrant aux cin\u00e9astes professionnels une plus grande flexibilit\u00e9 cr\u00e9ative en post-production.<\/p>","protected":false},"excerpt":{"rendered":"<ul>\n<li>Compatible avec Zenmuse X7 et DJI Inspire 2<\/li>\n<li>Avec volet central (volet \u00e0 feuilles)<\/li>\n<li>Fabriqu\u00e9 en fibre de carbone<\/li>\n<\/ul>","protected":false},"featured_media":7914,"template":"","meta":{"_acf_changed":false},"product_brand":[],"product_cat":[315,298,126,97,316,1381],"product_tag":[],"class_list":{"0":"post-7916","1":"product","2":"type-product","3":"status-publish","4":"has-post-thumbnail","6":"product_cat-alle-gimbals-en-cameras","7":"product_cat-alle-industriele-camera","8":"product_cat-alle-payloads","9":"product_cat-alle-producten","10":"product_cat-dji-zenmuse","11":"product_cat-dji-zenmuse-x7","12":"product_shipping_class-outofstock","13":"pa_brand-dji","14":"pa_productfamily-camera","15":"pa_producttype-camera","16":"pa_series-zenmuse-x7","18":"first","19":"outofstock","20":"taxable","21":"shipping-taxable","22":"product-type-simple"},"acf":[],"yoast_head":"<!-- This site is optimized with the Yoast SEO Premium plugin v27.2 (Yoast SEO v27.2) - https:\/\/yoast.com\/product\/yoast-seo-premium-wordpress\/ -->\n<title>DJI Zenmuse X7 | Excl. lens - koningdrone.be<\/title>\n<meta name=\"robots\" content=\"index, follow, max-snippet:-1, max-image-preview:large, max-video-preview:-1\" \/>\n<link rel=\"canonical\" href=\"https:\/\/koningdrone.be\/fr\/produit\/dji-zenmuse-x7-zonder-lens\/\" \/>\n<meta property=\"og:locale\" content=\"fr_FR\" \/>\n<meta property=\"og:type\" content=\"article\" \/>\n<meta property=\"og:title\" content=\"DJI Zenmuse X7 | Excl. lens\" \/>\n<meta property=\"og:description\" content=\"Compatibel met Zenmuse X7 en DJI Inspire 2Met centraalsluiter (Leaf shutter)Gemaakt van Carbon Fiber\" \/>\n<meta property=\"og:url\" content=\"https:\/\/koningdrone.be\/fr\/produit\/dji-zenmuse-x7-zonder-lens\/\" \/>\n<meta property=\"og:site_name\" content=\"koningdrone.be\" \/>\n<meta property=\"article:modified_time\" content=\"2026-04-29T12:50:58+00:00\" \/>\n<meta property=\"og:image\" content=\"https:\/\/koningdrone.be\/wp-content\/uploads\/sites\/13\/2025\/04\/6958265154713-main.jpg\" \/>\n\t<meta property=\"og:image:width\" content=\"660\" \/>\n\t<meta property=\"og:image:height\" content=\"660\" \/>\n\t<meta property=\"og:image:type\" content=\"image\/jpeg\" \/>\n<meta name=\"twitter:card\" content=\"summary_large_image\" \/>\n<meta name=\"twitter:label1\" content=\"Dur\u00e9e de lecture est.\" \/>\n\t<meta name=\"twitter:data1\" content=\"2 minutes\" \/>\n<script type=\"application\/ld+json\" class=\"yoast-schema-graph\">{\"@context\":\"https:\/\/schema.org\",\"@graph\":[{\"@type\":\"WebPage\",\"@id\":\"https:\/\/koningdrone.be\/product\/dji-zenmuse-x7-zonder-lens\/\",\"url\":\"https:\/\/koningdrone.be\/product\/dji-zenmuse-x7-zonder-lens\/\",\"name\":\"DJI Zenmuse X7 | Excl. lens - koningdrone.be\",\"isPartOf\":{\"@id\":\"https:\/\/koningdrone.be\/#website\"},\"primaryImageOfPage\":{\"@id\":\"https:\/\/koningdrone.be\/product\/dji-zenmuse-x7-zonder-lens\/#primaryimage\"},\"image\":{\"@id\":\"https:\/\/koningdrone.be\/product\/dji-zenmuse-x7-zonder-lens\/#primaryimage\"},\"thumbnailUrl\":\"https:\/\/koningdrone.be\/wp-content\/uploads\/sites\/13\/2025\/04\/6958265154713-main.jpg\",\"datePublished\":\"2018-06-12T18:53:41+00:00\",\"dateModified\":\"2026-04-29T12:50:58+00:00\",\"breadcrumb\":{\"@id\":\"https:\/\/koningdrone.be\/product\/dji-zenmuse-x7-zonder-lens\/#breadcrumb\"},\"inLanguage\":\"fr-BE\",\"potentialAction\":[{\"@type\":\"ReadAction\",\"target\":[\"https:\/\/koningdrone.be\/product\/dji-zenmuse-x7-zonder-lens\/\"]}]},{\"@type\":\"ImageObject\",\"inLanguage\":\"fr-BE\",\"@id\":\"https:\/\/koningdrone.be\/product\/dji-zenmuse-x7-zonder-lens\/#primaryimage\",\"url\":\"https:\/\/koningdrone.be\/wp-content\/uploads\/sites\/13\/2025\/04\/6958265154713-main.jpg\",\"contentUrl\":\"https:\/\/koningdrone.be\/wp-content\/uploads\/sites\/13\/2025\/04\/6958265154713-main.jpg\",\"width\":660,\"height\":660},{\"@type\":\"BreadcrumbList\",\"@id\":\"https:\/\/koningdrone.be\/product\/dji-zenmuse-x7-zonder-lens\/#breadcrumb\",\"itemListElement\":[{\"@type\":\"ListItem\",\"position\":1,\"name\":\"Home\",\"item\":\"https:\/\/koningdrone.be\/\"},{\"@type\":\"ListItem\",\"position\":2,\"name\":\"AVSS Parachute Recovery System for DJI Matrice 300\/350\",\"item\":\"https:\/\/koningdrone.be\/product\/avss-parachute-recovery-system-for-dji-matrice-300-350\/\"},{\"@type\":\"ListItem\",\"position\":3,\"name\":\"Alle gimbals en cameras\",\"item\":\"https:\/\/koningdrone.be\/categorie\/alle-gimbals-en-cameras\/\"},{\"@type\":\"ListItem\",\"position\":4,\"name\":\"DJI Zenmuse X7 | Excl. lens\"}]},{\"@type\":\"WebSite\",\"@id\":\"https:\/\/koningdrone.be\/#website\",\"url\":\"https:\/\/koningdrone.be\/\",\"name\":\"Koningdrone.be - Uw online specialist in drones, gimbals, camera's en power stations.\",\"description\":\"De webshop in drones en gimbals\",\"publisher\":{\"@id\":\"https:\/\/koningdrone.be\/#organization\"},\"potentialAction\":[{\"@type\":\"SearchAction\",\"target\":{\"@type\":\"EntryPoint\",\"urlTemplate\":\"https:\/\/koningdrone.be\/?s={search_term_string}\"},\"query-input\":{\"@type\":\"PropertyValueSpecification\",\"valueRequired\":true,\"valueName\":\"search_term_string\"}}],\"inLanguage\":\"fr-BE\"},{\"@type\":\"Organization\",\"@id\":\"https:\/\/koningdrone.be\/#organization\",\"name\":\"Koningdrone.be\",\"url\":\"https:\/\/koningdrone.be\/\",\"logo\":{\"@type\":\"ImageObject\",\"inLanguage\":\"fr-BE\",\"@id\":\"https:\/\/koningdrone.be\/#\/schema\/logo\/image\/\",\"url\":\"https:\/\/koningdrone.be\/wp-content\/uploads\/sites\/13\/2025\/04\/koningdrone-copyright-logo.svg\",\"contentUrl\":\"https:\/\/koningdrone.be\/wp-content\/uploads\/sites\/13\/2025\/04\/koningdrone-copyright-logo.svg\",\"width\":227,\"height\":38,\"caption\":\"Koningdrone.be\"},\"image\":{\"@id\":\"https:\/\/koningdrone.be\/#\/schema\/logo\/image\/\"}}]}<\/script>\n<!-- \/ Yoast SEO Premium plugin. -->","yoast_head_json":{"title":"DJI Zenmuse X7 | Excl. lens - koningdrone.be","robots":{"index":"index","follow":"follow","max-snippet":"max-snippet:-1","max-image-preview":"max-image-preview:large","max-video-preview":"max-video-preview:-1"},"canonical":"https:\/\/koningdrone.be\/fr\/produit\/dji-zenmuse-x7-zonder-lens\/","og_locale":"fr_FR","og_type":"article","og_title":"DJI Zenmuse X7 | Excl. lens","og_description":"Compatibel met Zenmuse X7 en DJI Inspire 2Met centraalsluiter (Leaf shutter)Gemaakt van Carbon Fiber","og_url":"https:\/\/koningdrone.be\/fr\/produit\/dji-zenmuse-x7-zonder-lens\/","og_site_name":"koningdrone.be","article_modified_time":"2026-04-29T12:50:58+00:00","og_image":[{"width":660,"height":660,"url":"https:\/\/koningdrone.be\/wp-content\/uploads\/sites\/13\/2025\/04\/6958265154713-main.jpg","type":"image\/jpeg"}],"twitter_card":"summary_large_image","twitter_misc":{"Dur\u00e9e de lecture est.":"2 minutes"},"schema":{"@context":"https:\/\/schema.org","@graph":[{"@type":"WebPage","@id":"https:\/\/koningdrone.be\/product\/dji-zenmuse-x7-zonder-lens\/","url":"https:\/\/koningdrone.be\/product\/dji-zenmuse-x7-zonder-lens\/","name":"DJI Zenmuse X7 | Excl. lens - koningdrone.be","isPartOf":{"@id":"https:\/\/koningdrone.be\/#website"},"primaryImageOfPage":{"@id":"https:\/\/koningdrone.be\/product\/dji-zenmuse-x7-zonder-lens\/#primaryimage"},"image":{"@id":"https:\/\/koningdrone.be\/product\/dji-zenmuse-x7-zonder-lens\/#primaryimage"},"thumbnailUrl":"https:\/\/koningdrone.be\/wp-content\/uploads\/sites\/13\/2025\/04\/6958265154713-main.jpg","datePublished":"2018-06-12T18:53:41+00:00","dateModified":"2026-04-29T12:50:58+00:00","breadcrumb":{"@id":"https:\/\/koningdrone.be\/product\/dji-zenmuse-x7-zonder-lens\/#breadcrumb"},"inLanguage":"fr-BE","potentialAction":[{"@type":"ReadAction","target":["https:\/\/koningdrone.be\/product\/dji-zenmuse-x7-zonder-lens\/"]}]},{"@type":"ImageObject","inLanguage":"fr-BE","@id":"https:\/\/koningdrone.be\/product\/dji-zenmuse-x7-zonder-lens\/#primaryimage","url":"https:\/\/koningdrone.be\/wp-content\/uploads\/sites\/13\/2025\/04\/6958265154713-main.jpg","contentUrl":"https:\/\/koningdrone.be\/wp-content\/uploads\/sites\/13\/2025\/04\/6958265154713-main.jpg","width":660,"height":660},{"@type":"BreadcrumbList","@id":"https:\/\/koningdrone.be\/product\/dji-zenmuse-x7-zonder-lens\/#breadcrumb","itemListElement":[{"@type":"ListItem","position":1,"name":"Home","item":"https:\/\/koningdrone.be\/"},{"@type":"ListItem","position":2,"name":"AVSS Parachute Recovery System for DJI Matrice 300\/350","item":"https:\/\/koningdrone.be\/product\/avss-parachute-recovery-system-for-dji-matrice-300-350\/"},{"@type":"ListItem","position":3,"name":"Alle gimbals en cameras","item":"https:\/\/koningdrone.be\/categorie\/alle-gimbals-en-cameras\/"},{"@type":"ListItem","position":4,"name":"DJI Zenmuse X7 | Excl. lens"}]},{"@type":"WebSite","@id":"https:\/\/koningdrone.be\/#website","url":"https:\/\/koningdrone.be\/","name":"Koningdrone.be - Votre sp\u00e9cialiste en ligne en mati\u00e8re de drones, de cardans, de cam\u00e9ras et de centrales \u00e9lectriques.","description":"La boutique en ligne de drones et de cardans","publisher":{"@id":"https:\/\/koningdrone.be\/#organization"},"potentialAction":[{"@type":"SearchAction","target":{"@type":"EntryPoint","urlTemplate":"https:\/\/koningdrone.be\/?s={search_term_string}"},"query-input":{"@type":"PropertyValueSpecification","valueRequired":true,"valueName":"search_term_string"}}],"inLanguage":"fr-BE"},{"@type":"Organization","@id":"https:\/\/koningdrone.be\/#organization","name":"Kingdrone.co.uk","url":"https:\/\/koningdrone.be\/","logo":{"@type":"ImageObject","inLanguage":"fr-BE","@id":"https:\/\/koningdrone.be\/#\/schema\/logo\/image\/","url":"https:\/\/koningdrone.be\/wp-content\/uploads\/sites\/13\/2025\/04\/koningdrone-copyright-logo.svg","contentUrl":"https:\/\/koningdrone.be\/wp-content\/uploads\/sites\/13\/2025\/04\/koningdrone-copyright-logo.svg","width":227,"height":38,"caption":"Koningdrone.be"},"image":{"@id":"https:\/\/koningdrone.be\/#\/schema\/logo\/image\/"}}]}},"df_price":"","df_sale_price":"","df_regular_price":"","df_image_link":"https:\/\/koningdrone.be\/wp-content\/uploads\/sites\/13\/2025\/04\/6958265154713-main-300x300.jpg","_links":{"self":[{"href":"https:\/\/koningdrone.be\/fr\/wp-json\/wp\/v2\/product\/7916","targetHints":{"allow":["GET"]}}],"collection":[{"href":"https:\/\/koningdrone.be\/fr\/wp-json\/wp\/v2\/product"}],"about":[{"href":"https:\/\/koningdrone.be\/fr\/wp-json\/wp\/v2\/types\/product"}],"wp:featuredmedia":[{"embeddable":true,"href":"https:\/\/koningdrone.be\/fr\/wp-json\/wp\/v2\/media\/7914"}],"wp:attachment":[{"href":"https:\/\/koningdrone.be\/fr\/wp-json\/wp\/v2\/media?parent=7916"}],"wp:term":[{"taxonomy":"product_brand","embeddable":true,"href":"https:\/\/koningdrone.be\/fr\/wp-json\/wp\/v2\/product_brand?post=7916"},{"taxonomy":"product_cat","embeddable":true,"href":"https:\/\/koningdrone.be\/fr\/wp-json\/wp\/v2\/product_cat?post=7916"},{"taxonomy":"product_tag","embeddable":true,"href":"https:\/\/koningdrone.be\/fr\/wp-json\/wp\/v2\/product_tag?post=7916"}],"curies":[{"name":"wp","href":"https:\/\/api.w.org\/{rel}","templated":true}]}}