{"id":7910,"date":"2018-06-12T20:53:59","date_gmt":"2018-06-12T18:53:59","guid":{"rendered":"https:\/\/koningdrone.nl\/kon\/product\/dji-zenmuse-x7-lens-35mm-f2-8-ls-part-3-dji-zenmuse\/"},"modified":"2026-04-29T15:00:22","modified_gmt":"2026-04-29T13:00:22","slug":"dji-zenmuse-x7-lens-35mm-f2-8-ls-part-3-dji-zenmuse","status":"publish","type":"product","link":"https:\/\/koningdrone.be\/fr\/produit\/dji-zenmuse-x7-lens-35mm-f2-8-ls-part-3-dji-zenmuse\/","title":{"rendered":"Objectif DL 35mm F2.8 LS ASPH"},"content":{"rendered":"<p> Con\u00e7u pour r\u00e9pondre aux besoins de la cin\u00e9matographie a\u00e9rienne, ce produit s'int\u00e8gre parfaitement aux syst\u00e8mes de montage DL. La construction consiste en un corps en fibre de carbone d'une seule pi\u00e8ce et offre une solution l\u00e9g\u00e8re qui contribue de mani\u00e8re significative \u00e0 l'am\u00e9lioration de la stabilit\u00e9 de la prise de vue. Ce choix de conception est crucial pour l'Inspire 3 et r\u00e9pond \u00e0 la demande d'une maniabilit\u00e9 exceptionnelle en vol. La construction innovante facilite la capture de s\u00e9quences a\u00e9riennes \u00e0 couper le souffle, ce qui en fait un outil essentiel pour les cin\u00e9astes novices et professionnels qui cherchent \u00e0 r\u00e9aliser des prises de vue a\u00e9riennes de haut niveau.<\/p>\n<p><\/p>","protected":false},"excerpt":{"rendered":"<ul>\n<li>Sp\u00e9cialement con\u00e7u pour la cin\u00e9matographie a\u00e9rienne<\/li>\n<li> Compatibilit\u00e9 native avec les supports DL<\/li>\n<li> Carrosserie monocoque l\u00e9g\u00e8re en fibre de carbone<\/li>\n<li> Am\u00e9liore la stabilit\u00e9 de l'absorption<\/li>\n<li> R\u00e9pond \u00e0 l'exigence de tr\u00e8s grande man\u0153uvrabilit\u00e9 de l'Inspire 3<\/li>\n<\/ul>","protected":false},"featured_media":7903,"template":"","meta":{"_acf_changed":false},"product_brand":[],"product_cat":[315,298,97,433,316],"product_tag":[],"class_list":{"0":"post-7910","1":"product","2":"type-product","3":"status-publish","4":"has-post-thumbnail","6":"product_cat-alle-gimbals-en-cameras","7":"product_cat-alle-industriele-camera","8":"product_cat-alle-producten","9":"product_cat-dji-inspire-3","10":"product_cat-dji-zenmuse","11":"product_shipping_class-outofstock","12":"pa_brand-dji","13":"pa_productfamily-camera-lens","14":"pa_producttype-camera-lens","15":"pa_series-zenmuse-x7","17":"first","18":"outofstock","19":"taxable","20":"shipping-taxable","21":"purchasable","22":"product-type-simple"},"acf":[],"yoast_head":"<!-- This site is optimized with the Yoast SEO Premium plugin v27.2 (Yoast SEO v27.2) - https:\/\/yoast.com\/product\/yoast-seo-premium-wordpress\/ -->\n<title>DL 35mm F2.8 LS ASPH Lens - koningdrone.be<\/title>\n<meta name=\"robots\" content=\"index, follow, max-snippet:-1, max-image-preview:large, max-video-preview:-1\" \/>\n<link rel=\"canonical\" href=\"https:\/\/koningdrone.be\/fr\/produit\/dji-zenmuse-x7-lens-35mm-f2-8-ls-part-3-dji-zenmuse\/\" \/>\n<meta property=\"og:locale\" content=\"fr_FR\" \/>\n<meta property=\"og:type\" content=\"article\" \/>\n<meta property=\"og:title\" content=\"DL 35mm F2.8 LS ASPH Lens\" \/>\n<meta property=\"og:description\" content=\"Speciaal ontworpen voor luchtcinematografie Native compatibel met DL-vatting Lichtgewicht, monocoque behuizing van koolstofvezel Verbetert de opnamestabiliteit Voldoet aan de ultrahoge manoeuvreerbaarheidsvereiste van de Inspire 3\" \/>\n<meta property=\"og:url\" content=\"https:\/\/koningdrone.be\/fr\/produit\/dji-zenmuse-x7-lens-35mm-f2-8-ls-part-3-dji-zenmuse\/\" \/>\n<meta property=\"og:site_name\" content=\"koningdrone.be\" \/>\n<meta property=\"article:modified_time\" content=\"2026-04-29T13:00:22+00:00\" \/>\n<meta property=\"og:image\" content=\"https:\/\/koningdrone.be\/wp-content\/uploads\/sites\/13\/2025\/04\/large_c3f5e75d-8868-4dec-8b67-9a859ef59400.jpg\" \/>\n\t<meta property=\"og:image:width\" content=\"1200\" \/>\n\t<meta property=\"og:image:height\" content=\"800\" \/>\n\t<meta property=\"og:image:type\" content=\"image\/jpeg\" \/>\n<meta name=\"twitter:card\" content=\"summary_large_image\" \/>\n<script type=\"application\/ld+json\" class=\"yoast-schema-graph\">{\"@context\":\"https:\/\/schema.org\",\"@graph\":[{\"@type\":\"WebPage\",\"@id\":\"https:\/\/koningdrone.be\/product\/dji-zenmuse-x7-lens-35mm-f2-8-ls-part-3-dji-zenmuse\/\",\"url\":\"https:\/\/koningdrone.be\/product\/dji-zenmuse-x7-lens-35mm-f2-8-ls-part-3-dji-zenmuse\/\",\"name\":\"DL 35mm F2.8 LS ASPH Lens - koningdrone.be\",\"isPartOf\":{\"@id\":\"https:\/\/koningdrone.be\/#website\"},\"primaryImageOfPage\":{\"@id\":\"https:\/\/koningdrone.be\/product\/dji-zenmuse-x7-lens-35mm-f2-8-ls-part-3-dji-zenmuse\/#primaryimage\"},\"image\":{\"@id\":\"https:\/\/koningdrone.be\/product\/dji-zenmuse-x7-lens-35mm-f2-8-ls-part-3-dji-zenmuse\/#primaryimage\"},\"thumbnailUrl\":\"https:\/\/koningdrone.be\/wp-content\/uploads\/sites\/13\/2025\/04\/large_c3f5e75d-8868-4dec-8b67-9a859ef59400.jpg\",\"datePublished\":\"2018-06-12T18:53:59+00:00\",\"dateModified\":\"2026-04-29T13:00:22+00:00\",\"breadcrumb\":{\"@id\":\"https:\/\/koningdrone.be\/product\/dji-zenmuse-x7-lens-35mm-f2-8-ls-part-3-dji-zenmuse\/#breadcrumb\"},\"inLanguage\":\"fr-BE\",\"potentialAction\":[{\"@type\":\"ReadAction\",\"target\":[\"https:\/\/koningdrone.be\/product\/dji-zenmuse-x7-lens-35mm-f2-8-ls-part-3-dji-zenmuse\/\"]}]},{\"@type\":\"ImageObject\",\"inLanguage\":\"fr-BE\",\"@id\":\"https:\/\/koningdrone.be\/product\/dji-zenmuse-x7-lens-35mm-f2-8-ls-part-3-dji-zenmuse\/#primaryimage\",\"url\":\"https:\/\/koningdrone.be\/wp-content\/uploads\/sites\/13\/2025\/04\/large_c3f5e75d-8868-4dec-8b67-9a859ef59400.jpg\",\"contentUrl\":\"https:\/\/koningdrone.be\/wp-content\/uploads\/sites\/13\/2025\/04\/large_c3f5e75d-8868-4dec-8b67-9a859ef59400.jpg\",\"width\":1200,\"height\":800},{\"@type\":\"BreadcrumbList\",\"@id\":\"https:\/\/koningdrone.be\/product\/dji-zenmuse-x7-lens-35mm-f2-8-ls-part-3-dji-zenmuse\/#breadcrumb\",\"itemListElement\":[{\"@type\":\"ListItem\",\"position\":1,\"name\":\"Home\",\"item\":\"https:\/\/koningdrone.be\/\"},{\"@type\":\"ListItem\",\"position\":2,\"name\":\"AVSS Parachute Recovery System for DJI Matrice 300\/350\",\"item\":\"https:\/\/koningdrone.be\/product\/avss-parachute-recovery-system-for-dji-matrice-300-350\/\"},{\"@type\":\"ListItem\",\"position\":3,\"name\":\"Alle gimbals en cameras\",\"item\":\"https:\/\/koningdrone.be\/categorie\/alle-gimbals-en-cameras\/\"},{\"@type\":\"ListItem\",\"position\":4,\"name\":\"DL 35mm F2.8 LS ASPH Lens\"}]},{\"@type\":\"WebSite\",\"@id\":\"https:\/\/koningdrone.be\/#website\",\"url\":\"https:\/\/koningdrone.be\/\",\"name\":\"Koningdrone.be - Uw online specialist in drones, gimbals, camera's en power stations.\",\"description\":\"De webshop in drones en gimbals\",\"publisher\":{\"@id\":\"https:\/\/koningdrone.be\/#organization\"},\"potentialAction\":[{\"@type\":\"SearchAction\",\"target\":{\"@type\":\"EntryPoint\",\"urlTemplate\":\"https:\/\/koningdrone.be\/?s={search_term_string}\"},\"query-input\":{\"@type\":\"PropertyValueSpecification\",\"valueRequired\":true,\"valueName\":\"search_term_string\"}}],\"inLanguage\":\"fr-BE\"},{\"@type\":\"Organization\",\"@id\":\"https:\/\/koningdrone.be\/#organization\",\"name\":\"Koningdrone.be\",\"url\":\"https:\/\/koningdrone.be\/\",\"logo\":{\"@type\":\"ImageObject\",\"inLanguage\":\"fr-BE\",\"@id\":\"https:\/\/koningdrone.be\/#\/schema\/logo\/image\/\",\"url\":\"https:\/\/koningdrone.be\/wp-content\/uploads\/sites\/13\/2025\/04\/koningdrone-copyright-logo.svg\",\"contentUrl\":\"https:\/\/koningdrone.be\/wp-content\/uploads\/sites\/13\/2025\/04\/koningdrone-copyright-logo.svg\",\"width\":227,\"height\":38,\"caption\":\"Koningdrone.be\"},\"image\":{\"@id\":\"https:\/\/koningdrone.be\/#\/schema\/logo\/image\/\"}}]}<\/script>\n<!-- \/ Yoast SEO Premium plugin. -->","yoast_head_json":{"title":"DL 35mm F2.8 LS ASPH Lens - koningdrone.be","robots":{"index":"index","follow":"follow","max-snippet":"max-snippet:-1","max-image-preview":"max-image-preview:large","max-video-preview":"max-video-preview:-1"},"canonical":"https:\/\/koningdrone.be\/fr\/produit\/dji-zenmuse-x7-lens-35mm-f2-8-ls-part-3-dji-zenmuse\/","og_locale":"fr_FR","og_type":"article","og_title":"DL 35mm F2.8 LS ASPH Lens","og_description":"Speciaal ontworpen voor luchtcinematografie Native compatibel met DL-vatting Lichtgewicht, monocoque behuizing van koolstofvezel Verbetert de opnamestabiliteit Voldoet aan de ultrahoge manoeuvreerbaarheidsvereiste van de Inspire 3","og_url":"https:\/\/koningdrone.be\/fr\/produit\/dji-zenmuse-x7-lens-35mm-f2-8-ls-part-3-dji-zenmuse\/","og_site_name":"koningdrone.be","article_modified_time":"2026-04-29T13:00:22+00:00","og_image":[{"width":1200,"height":800,"url":"https:\/\/koningdrone.be\/wp-content\/uploads\/sites\/13\/2025\/04\/large_c3f5e75d-8868-4dec-8b67-9a859ef59400.jpg","type":"image\/jpeg"}],"twitter_card":"summary_large_image","schema":{"@context":"https:\/\/schema.org","@graph":[{"@type":"WebPage","@id":"https:\/\/koningdrone.be\/product\/dji-zenmuse-x7-lens-35mm-f2-8-ls-part-3-dji-zenmuse\/","url":"https:\/\/koningdrone.be\/product\/dji-zenmuse-x7-lens-35mm-f2-8-ls-part-3-dji-zenmuse\/","name":"DL 35mm F2.8 LS ASPH Lens - koningdrone.be","isPartOf":{"@id":"https:\/\/koningdrone.be\/#website"},"primaryImageOfPage":{"@id":"https:\/\/koningdrone.be\/product\/dji-zenmuse-x7-lens-35mm-f2-8-ls-part-3-dji-zenmuse\/#primaryimage"},"image":{"@id":"https:\/\/koningdrone.be\/product\/dji-zenmuse-x7-lens-35mm-f2-8-ls-part-3-dji-zenmuse\/#primaryimage"},"thumbnailUrl":"https:\/\/koningdrone.be\/wp-content\/uploads\/sites\/13\/2025\/04\/large_c3f5e75d-8868-4dec-8b67-9a859ef59400.jpg","datePublished":"2018-06-12T18:53:59+00:00","dateModified":"2026-04-29T13:00:22+00:00","breadcrumb":{"@id":"https:\/\/koningdrone.be\/product\/dji-zenmuse-x7-lens-35mm-f2-8-ls-part-3-dji-zenmuse\/#breadcrumb"},"inLanguage":"fr-BE","potentialAction":[{"@type":"ReadAction","target":["https:\/\/koningdrone.be\/product\/dji-zenmuse-x7-lens-35mm-f2-8-ls-part-3-dji-zenmuse\/"]}]},{"@type":"ImageObject","inLanguage":"fr-BE","@id":"https:\/\/koningdrone.be\/product\/dji-zenmuse-x7-lens-35mm-f2-8-ls-part-3-dji-zenmuse\/#primaryimage","url":"https:\/\/koningdrone.be\/wp-content\/uploads\/sites\/13\/2025\/04\/large_c3f5e75d-8868-4dec-8b67-9a859ef59400.jpg","contentUrl":"https:\/\/koningdrone.be\/wp-content\/uploads\/sites\/13\/2025\/04\/large_c3f5e75d-8868-4dec-8b67-9a859ef59400.jpg","width":1200,"height":800},{"@type":"BreadcrumbList","@id":"https:\/\/koningdrone.be\/product\/dji-zenmuse-x7-lens-35mm-f2-8-ls-part-3-dji-zenmuse\/#breadcrumb","itemListElement":[{"@type":"ListItem","position":1,"name":"Home","item":"https:\/\/koningdrone.be\/"},{"@type":"ListItem","position":2,"name":"AVSS Parachute Recovery System for DJI Matrice 300\/350","item":"https:\/\/koningdrone.be\/product\/avss-parachute-recovery-system-for-dji-matrice-300-350\/"},{"@type":"ListItem","position":3,"name":"Alle gimbals en cameras","item":"https:\/\/koningdrone.be\/categorie\/alle-gimbals-en-cameras\/"},{"@type":"ListItem","position":4,"name":"DL 35mm F2.8 LS ASPH Lens"}]},{"@type":"WebSite","@id":"https:\/\/koningdrone.be\/#website","url":"https:\/\/koningdrone.be\/","name":"Koningdrone.be - Votre sp\u00e9cialiste en ligne en mati\u00e8re de drones, de cardans, de cam\u00e9ras et de centrales \u00e9lectriques.","description":"La boutique en ligne de drones et de cardans","publisher":{"@id":"https:\/\/koningdrone.be\/#organization"},"potentialAction":[{"@type":"SearchAction","target":{"@type":"EntryPoint","urlTemplate":"https:\/\/koningdrone.be\/?s={search_term_string}"},"query-input":{"@type":"PropertyValueSpecification","valueRequired":true,"valueName":"search_term_string"}}],"inLanguage":"fr-BE"},{"@type":"Organization","@id":"https:\/\/koningdrone.be\/#organization","name":"Kingdrone.co.uk","url":"https:\/\/koningdrone.be\/","logo":{"@type":"ImageObject","inLanguage":"fr-BE","@id":"https:\/\/koningdrone.be\/#\/schema\/logo\/image\/","url":"https:\/\/koningdrone.be\/wp-content\/uploads\/sites\/13\/2025\/04\/koningdrone-copyright-logo.svg","contentUrl":"https:\/\/koningdrone.be\/wp-content\/uploads\/sites\/13\/2025\/04\/koningdrone-copyright-logo.svg","width":227,"height":38,"caption":"Koningdrone.be"},"image":{"@id":"https:\/\/koningdrone.be\/#\/schema\/logo\/image\/"}}]}},"df_price":1499,"df_sale_price":"","df_regular_price":1499,"df_image_link":"https:\/\/koningdrone.be\/wp-content\/uploads\/sites\/13\/2025\/04\/large_c3f5e75d-8868-4dec-8b67-9a859ef59400-300x200.jpg","_links":{"self":[{"href":"https:\/\/koningdrone.be\/fr\/wp-json\/wp\/v2\/product\/7910","targetHints":{"allow":["GET"]}}],"collection":[{"href":"https:\/\/koningdrone.be\/fr\/wp-json\/wp\/v2\/product"}],"about":[{"href":"https:\/\/koningdrone.be\/fr\/wp-json\/wp\/v2\/types\/product"}],"wp:featuredmedia":[{"embeddable":true,"href":"https:\/\/koningdrone.be\/fr\/wp-json\/wp\/v2\/media\/7903"}],"wp:attachment":[{"href":"https:\/\/koningdrone.be\/fr\/wp-json\/wp\/v2\/media?parent=7910"}],"wp:term":[{"taxonomy":"product_brand","embeddable":true,"href":"https:\/\/koningdrone.be\/fr\/wp-json\/wp\/v2\/product_brand?post=7910"},{"taxonomy":"product_cat","embeddable":true,"href":"https:\/\/koningdrone.be\/fr\/wp-json\/wp\/v2\/product_cat?post=7910"},{"taxonomy":"product_tag","embeddable":true,"href":"https:\/\/koningdrone.be\/fr\/wp-json\/wp\/v2\/product_tag?post=7910"}],"curies":[{"name":"wp","href":"https:\/\/api.w.org\/{rel}","templated":true}]}}