{"id":7894,"date":"2018-06-12T20:54:05","date_gmt":"2018-06-12T18:54:05","guid":{"rendered":"https:\/\/koningdrone.nl\/kon\/product\/dji-osmo-battery-checker-part-52-drone-batterij-checker\/"},"modified":"2026-04-29T04:40:40","modified_gmt":"2026-04-29T02:40:40","slug":"dji-osmo-battery-checker-part-52-drone-batterij-checker","status":"publish","type":"product","link":"https:\/\/koningdrone.be\/fr\/produit\/dji-osmo-battery-checker-part-52-drone-batterij-checker\/","title":{"rendered":"DJI Osmo Battery Checker Part 52"},"content":{"rendered":"<h1>DJI Osmo Battery Checker<\/h1>\n<p>Le DJI Osmo Battery Checker vous permet de v\u00e9rifier le niveau de charge de la batterie de l'Osmo. Glissez la batterie dans le Battery Checker et il vous indiquera le niveau de charge restant.<\/p>","protected":false},"excerpt":{"rendered":"<ul>\n<li>V\u00e9rifiez le niveau de charge de votre batterie DJI Osmo<\/li>\n<\/ul>","protected":false},"featured_media":7893,"template":"","meta":{"_acf_changed":false},"product_brand":[],"product_cat":[113,410,97,297],"product_tag":[],"class_list":{"0":"post-7894","1":"product","2":"type-product","3":"status-publish","4":"has-post-thumbnail","6":"product_cat-alle-batterijen","7":"product_cat-alle-handheld-gimbals","8":"product_cat-alle-producten","9":"product_cat-dji-osmo","10":"product_shipping_class-outofstock","11":"pa_brand-dji","12":"pa_productfamily-batterij","13":"pa_producttype-batterij","14":"pa_series-osmo","15":"pa_series-osmo-plus","16":"pa_series-osmo-pro","17":"pa_series-osmo-raw","19":"first","20":"outofstock","21":"taxable","22":"shipping-taxable","23":"purchasable","24":"product-type-simple"},"acf":[],"yoast_head":"<!-- This site is optimized with the Yoast SEO Premium plugin v27.2 (Yoast SEO v27.2) - https:\/\/yoast.com\/product\/yoast-seo-premium-wordpress\/ -->\n<title>DJI Osmo Battery Checker Part 52 - koningdrone.be<\/title>\n<meta name=\"robots\" content=\"index, follow, max-snippet:-1, max-image-preview:large, max-video-preview:-1\" \/>\n<link rel=\"canonical\" href=\"https:\/\/koningdrone.be\/fr\/produit\/dji-osmo-battery-checker-part-52-drone-batterij-checker\/\" \/>\n<meta property=\"og:locale\" content=\"fr_FR\" \/>\n<meta property=\"og:type\" content=\"article\" \/>\n<meta property=\"og:title\" content=\"DJI Osmo Battery Checker Part 52\" \/>\n<meta property=\"og:description\" content=\"Bekijk het laadniveau van je DJI Osmo Batterij\" \/>\n<meta property=\"og:url\" content=\"https:\/\/koningdrone.be\/fr\/produit\/dji-osmo-battery-checker-part-52-drone-batterij-checker\/\" \/>\n<meta property=\"og:site_name\" content=\"koningdrone.be\" \/>\n<meta property=\"article:modified_time\" content=\"2026-04-29T02:40:40+00:00\" \/>\n<meta property=\"og:image\" content=\"https:\/\/koningdrone.be\/wp-content\/uploads\/sites\/13\/2025\/04\/6958265122897-1-720x660-1.jpg\" \/>\n\t<meta property=\"og:image:width\" content=\"660\" \/>\n\t<meta property=\"og:image:height\" content=\"660\" \/>\n\t<meta property=\"og:image:type\" content=\"image\/jpeg\" \/>\n<meta name=\"twitter:card\" content=\"summary_large_image\" \/>\n<script type=\"application\/ld+json\" class=\"yoast-schema-graph\">{\"@context\":\"https:\/\/schema.org\",\"@graph\":[{\"@type\":\"WebPage\",\"@id\":\"https:\/\/koningdrone.be\/product\/dji-osmo-battery-checker-part-52-drone-batterij-checker\/\",\"url\":\"https:\/\/koningdrone.be\/product\/dji-osmo-battery-checker-part-52-drone-batterij-checker\/\",\"name\":\"DJI Osmo Battery Checker Part 52 - koningdrone.be\",\"isPartOf\":{\"@id\":\"https:\/\/koningdrone.be\/#website\"},\"primaryImageOfPage\":{\"@id\":\"https:\/\/koningdrone.be\/product\/dji-osmo-battery-checker-part-52-drone-batterij-checker\/#primaryimage\"},\"image\":{\"@id\":\"https:\/\/koningdrone.be\/product\/dji-osmo-battery-checker-part-52-drone-batterij-checker\/#primaryimage\"},\"thumbnailUrl\":\"https:\/\/koningdrone.be\/wp-content\/uploads\/sites\/13\/2025\/04\/6958265122897-1-720x660-1.jpg\",\"datePublished\":\"2018-06-12T18:54:05+00:00\",\"dateModified\":\"2026-04-29T02:40:40+00:00\",\"breadcrumb\":{\"@id\":\"https:\/\/koningdrone.be\/product\/dji-osmo-battery-checker-part-52-drone-batterij-checker\/#breadcrumb\"},\"inLanguage\":\"fr-BE\",\"potentialAction\":[{\"@type\":\"ReadAction\",\"target\":[\"https:\/\/koningdrone.be\/product\/dji-osmo-battery-checker-part-52-drone-batterij-checker\/\"]}]},{\"@type\":\"ImageObject\",\"inLanguage\":\"fr-BE\",\"@id\":\"https:\/\/koningdrone.be\/product\/dji-osmo-battery-checker-part-52-drone-batterij-checker\/#primaryimage\",\"url\":\"https:\/\/koningdrone.be\/wp-content\/uploads\/sites\/13\/2025\/04\/6958265122897-1-720x660-1.jpg\",\"contentUrl\":\"https:\/\/koningdrone.be\/wp-content\/uploads\/sites\/13\/2025\/04\/6958265122897-1-720x660-1.jpg\",\"width\":660,\"height\":660},{\"@type\":\"BreadcrumbList\",\"@id\":\"https:\/\/koningdrone.be\/product\/dji-osmo-battery-checker-part-52-drone-batterij-checker\/#breadcrumb\",\"itemListElement\":[{\"@type\":\"ListItem\",\"position\":1,\"name\":\"Home\",\"item\":\"https:\/\/koningdrone.be\/\"},{\"@type\":\"ListItem\",\"position\":2,\"name\":\"AVSS Parachute Recovery System for DJI Matrice 300\/350\",\"item\":\"https:\/\/koningdrone.be\/product\/avss-parachute-recovery-system-for-dji-matrice-300-350\/\"},{\"@type\":\"ListItem\",\"position\":3,\"name\":\"Alle batterijen\",\"item\":\"https:\/\/koningdrone.be\/categorie\/alle-batterijen\/\"},{\"@type\":\"ListItem\",\"position\":4,\"name\":\"DJI Osmo Battery Checker Part 52\"}]},{\"@type\":\"WebSite\",\"@id\":\"https:\/\/koningdrone.be\/#website\",\"url\":\"https:\/\/koningdrone.be\/\",\"name\":\"Koningdrone.be - Uw online specialist in drones, gimbals, camera's en power stations.\",\"description\":\"De webshop in drones en gimbals\",\"publisher\":{\"@id\":\"https:\/\/koningdrone.be\/#organization\"},\"potentialAction\":[{\"@type\":\"SearchAction\",\"target\":{\"@type\":\"EntryPoint\",\"urlTemplate\":\"https:\/\/koningdrone.be\/?s={search_term_string}\"},\"query-input\":{\"@type\":\"PropertyValueSpecification\",\"valueRequired\":true,\"valueName\":\"search_term_string\"}}],\"inLanguage\":\"fr-BE\"},{\"@type\":\"Organization\",\"@id\":\"https:\/\/koningdrone.be\/#organization\",\"name\":\"Koningdrone.be\",\"url\":\"https:\/\/koningdrone.be\/\",\"logo\":{\"@type\":\"ImageObject\",\"inLanguage\":\"fr-BE\",\"@id\":\"https:\/\/koningdrone.be\/#\/schema\/logo\/image\/\",\"url\":\"https:\/\/koningdrone.be\/wp-content\/uploads\/sites\/13\/2025\/04\/koningdrone-copyright-logo.svg\",\"contentUrl\":\"https:\/\/koningdrone.be\/wp-content\/uploads\/sites\/13\/2025\/04\/koningdrone-copyright-logo.svg\",\"width\":227,\"height\":38,\"caption\":\"Koningdrone.be\"},\"image\":{\"@id\":\"https:\/\/koningdrone.be\/#\/schema\/logo\/image\/\"}}]}<\/script>\n<!-- \/ Yoast SEO Premium plugin. -->","yoast_head_json":{"title":"DJI Osmo Battery Checker Part 52 - koningdrone.be","robots":{"index":"index","follow":"follow","max-snippet":"max-snippet:-1","max-image-preview":"max-image-preview:large","max-video-preview":"max-video-preview:-1"},"canonical":"https:\/\/koningdrone.be\/fr\/produit\/dji-osmo-battery-checker-part-52-drone-batterij-checker\/","og_locale":"fr_FR","og_type":"article","og_title":"DJI Osmo Battery Checker Part 52","og_description":"Bekijk het laadniveau van je DJI Osmo Batterij","og_url":"https:\/\/koningdrone.be\/fr\/produit\/dji-osmo-battery-checker-part-52-drone-batterij-checker\/","og_site_name":"koningdrone.be","article_modified_time":"2026-04-29T02:40:40+00:00","og_image":[{"width":660,"height":660,"url":"https:\/\/koningdrone.be\/wp-content\/uploads\/sites\/13\/2025\/04\/6958265122897-1-720x660-1.jpg","type":"image\/jpeg"}],"twitter_card":"summary_large_image","schema":{"@context":"https:\/\/schema.org","@graph":[{"@type":"WebPage","@id":"https:\/\/koningdrone.be\/product\/dji-osmo-battery-checker-part-52-drone-batterij-checker\/","url":"https:\/\/koningdrone.be\/product\/dji-osmo-battery-checker-part-52-drone-batterij-checker\/","name":"DJI Osmo Battery Checker Part 52 - koningdrone.be","isPartOf":{"@id":"https:\/\/koningdrone.be\/#website"},"primaryImageOfPage":{"@id":"https:\/\/koningdrone.be\/product\/dji-osmo-battery-checker-part-52-drone-batterij-checker\/#primaryimage"},"image":{"@id":"https:\/\/koningdrone.be\/product\/dji-osmo-battery-checker-part-52-drone-batterij-checker\/#primaryimage"},"thumbnailUrl":"https:\/\/koningdrone.be\/wp-content\/uploads\/sites\/13\/2025\/04\/6958265122897-1-720x660-1.jpg","datePublished":"2018-06-12T18:54:05+00:00","dateModified":"2026-04-29T02:40:40+00:00","breadcrumb":{"@id":"https:\/\/koningdrone.be\/product\/dji-osmo-battery-checker-part-52-drone-batterij-checker\/#breadcrumb"},"inLanguage":"fr-BE","potentialAction":[{"@type":"ReadAction","target":["https:\/\/koningdrone.be\/product\/dji-osmo-battery-checker-part-52-drone-batterij-checker\/"]}]},{"@type":"ImageObject","inLanguage":"fr-BE","@id":"https:\/\/koningdrone.be\/product\/dji-osmo-battery-checker-part-52-drone-batterij-checker\/#primaryimage","url":"https:\/\/koningdrone.be\/wp-content\/uploads\/sites\/13\/2025\/04\/6958265122897-1-720x660-1.jpg","contentUrl":"https:\/\/koningdrone.be\/wp-content\/uploads\/sites\/13\/2025\/04\/6958265122897-1-720x660-1.jpg","width":660,"height":660},{"@type":"BreadcrumbList","@id":"https:\/\/koningdrone.be\/product\/dji-osmo-battery-checker-part-52-drone-batterij-checker\/#breadcrumb","itemListElement":[{"@type":"ListItem","position":1,"name":"Home","item":"https:\/\/koningdrone.be\/"},{"@type":"ListItem","position":2,"name":"AVSS Parachute Recovery System for DJI Matrice 300\/350","item":"https:\/\/koningdrone.be\/product\/avss-parachute-recovery-system-for-dji-matrice-300-350\/"},{"@type":"ListItem","position":3,"name":"Alle batterijen","item":"https:\/\/koningdrone.be\/categorie\/alle-batterijen\/"},{"@type":"ListItem","position":4,"name":"DJI Osmo Battery Checker Part 52"}]},{"@type":"WebSite","@id":"https:\/\/koningdrone.be\/#website","url":"https:\/\/koningdrone.be\/","name":"Koningdrone.be - Votre sp\u00e9cialiste en ligne en mati\u00e8re de drones, de cardans, de cam\u00e9ras et de centrales \u00e9lectriques.","description":"La boutique en ligne de drones et de cardans","publisher":{"@id":"https:\/\/koningdrone.be\/#organization"},"potentialAction":[{"@type":"SearchAction","target":{"@type":"EntryPoint","urlTemplate":"https:\/\/koningdrone.be\/?s={search_term_string}"},"query-input":{"@type":"PropertyValueSpecification","valueRequired":true,"valueName":"search_term_string"}}],"inLanguage":"fr-BE"},{"@type":"Organization","@id":"https:\/\/koningdrone.be\/#organization","name":"Kingdrone.co.uk","url":"https:\/\/koningdrone.be\/","logo":{"@type":"ImageObject","inLanguage":"fr-BE","@id":"https:\/\/koningdrone.be\/#\/schema\/logo\/image\/","url":"https:\/\/koningdrone.be\/wp-content\/uploads\/sites\/13\/2025\/04\/koningdrone-copyright-logo.svg","contentUrl":"https:\/\/koningdrone.be\/wp-content\/uploads\/sites\/13\/2025\/04\/koningdrone-copyright-logo.svg","width":227,"height":38,"caption":"Koningdrone.be"},"image":{"@id":"https:\/\/koningdrone.be\/#\/schema\/logo\/image\/"}}]}},"df_price":16,"df_sale_price":"","df_regular_price":16,"df_image_link":"https:\/\/koningdrone.be\/wp-content\/uploads\/sites\/13\/2025\/04\/6958265122897-1-720x660-1-300x300.jpg","_links":{"self":[{"href":"https:\/\/koningdrone.be\/fr\/wp-json\/wp\/v2\/product\/7894","targetHints":{"allow":["GET"]}}],"collection":[{"href":"https:\/\/koningdrone.be\/fr\/wp-json\/wp\/v2\/product"}],"about":[{"href":"https:\/\/koningdrone.be\/fr\/wp-json\/wp\/v2\/types\/product"}],"wp:featuredmedia":[{"embeddable":true,"href":"https:\/\/koningdrone.be\/fr\/wp-json\/wp\/v2\/media\/7893"}],"wp:attachment":[{"href":"https:\/\/koningdrone.be\/fr\/wp-json\/wp\/v2\/media?parent=7894"}],"wp:term":[{"taxonomy":"product_brand","embeddable":true,"href":"https:\/\/koningdrone.be\/fr\/wp-json\/wp\/v2\/product_brand?post=7894"},{"taxonomy":"product_cat","embeddable":true,"href":"https:\/\/koningdrone.be\/fr\/wp-json\/wp\/v2\/product_cat?post=7894"},{"taxonomy":"product_tag","embeddable":true,"href":"https:\/\/koningdrone.be\/fr\/wp-json\/wp\/v2\/product_tag?post=7894"}],"curies":[{"name":"wp","href":"https:\/\/api.w.org\/{rel}","templated":true}]}}