{"id":7875,"date":"2018-06-12T20:54:28","date_gmt":"2018-06-12T18:54:28","guid":{"rendered":"https:\/\/koningdrone.nl\/kon\/product\/dji-zenmuse-x7-lens-50mm-f2-8-ls-part-4\/"},"modified":"2026-04-29T15:00:24","modified_gmt":"2026-04-29T13:00:24","slug":"dji-zenmuse-x7-lens-50mm-f2-8-ls-part-4","status":"publish","type":"product","link":"https:\/\/koningdrone.be\/fr\/produit\/dji-zenmuse-x7-lens-50mm-f2-8-ls-part-4\/","title":{"rendered":"Objectif DL 50mm F2.8 LS ASPH"},"content":{"rendered":"<p><strong>Introduction \u00e0 la solution de r\u00e9alisation de films a\u00e9riens<\/strong><\/p>\n<p>Ce produit offre une solution personnalis\u00e9e innovante pour la r\u00e9alisation de films a\u00e9riens. Con\u00e7u pour s'int\u00e9grer parfaitement aux syst\u00e8mes de montage DL, il offre aux cin\u00e9astes un outil efficace pour capturer des s\u00e9quences a\u00e9riennes de haute qualit\u00e9. Sa compatibilit\u00e9 avec des mod\u00e8les de drones sp\u00e9cifiques t\u00e9moigne de notre engagement \u00e0 am\u00e9liorer l'exp\u00e9rience du cin\u00e9ma a\u00e9rien.<\/p>\n<p><strong>Construction avanc\u00e9e pour des performances accrues<\/strong><\/p>\n<p>Fabriqu\u00e9 \u00e0 partir d'une seule pi\u00e8ce de fibre de carbone, le bo\u00eetier du produit est \u00e0 la fois l\u00e9ger et robuste. Ce choix de conception r\u00e9fl\u00e9chi permet non seulement de r\u00e9duire le poids total et d'allonger les dur\u00e9es de vol, mais aussi d'am\u00e9liorer consid\u00e9rablement la stabilit\u00e9 des prises de vue a\u00e9riennes. Cette stabilit\u00e9 est essentielle pour obtenir des images fluides et cin\u00e9matiques lors de mouvements agiles et pr\u00e9cis, comme l'exigent les films a\u00e9riens professionnels.<\/p>\n<p><strong>Compatibilit\u00e9 parfaite avec le DJI Inspire 3<\/strong><\/p>\n<p>Con\u00e7u dans un souci de compatibilit\u00e9, le produit compl\u00e8te parfaitement le drone DJI Inspire 3. Cette synergie entre le drone et le produit permet aux utilisateurs d'exploiter tout le potentiel de leur \u00e9quipement, facilitant ainsi la capture d'images a\u00e9riennes \u00e9poustouflantes. Cette compatibilit\u00e9 repr\u00e9sente un bond en avant pour rendre la cin\u00e9matographie a\u00e9rienne avanc\u00e9e plus accessible et plus efficace pour les cin\u00e9astes.<\/p>\n<p>&nbsp;<\/p>","protected":false},"excerpt":{"rendered":"<ul>\n<li>Sp\u00e9cialement con\u00e7u pour la cin\u00e9matographie a\u00e9rienne<\/li>\n<li>Compatibilit\u00e9 native avec les supports DL<\/li>\n<li>Carrosserie monocoque l\u00e9g\u00e8re en fibre de carbone<\/li>\n<li>Am\u00e9lioration de la stabilit\u00e9 de la prise de vue<\/li>\n<li>R\u00e9pond aux exigences de man\u0153uvrabilit\u00e9 ultra-\u00e9lev\u00e9e du DJI Inspire 3<\/li>\n<\/ul>","protected":false},"featured_media":7868,"template":"","meta":{"_acf_changed":false},"product_brand":[],"product_cat":[315,298,97,641,433],"product_tag":[],"class_list":{"0":"post-7875","1":"product","2":"type-product","3":"status-publish","4":"has-post-thumbnail","6":"product_cat-alle-gimbals-en-cameras","7":"product_cat-alle-industriele-camera","8":"product_cat-alle-producten","9":"product_cat-dji-inspire","10":"product_cat-dji-inspire-3","11":"product_shipping_class-outofstock","12":"pa_brand-dji","13":"pa_productfamily-camera-lens","14":"pa_producttype-camera-lens","15":"pa_series-zenmuse-x7","17":"first","18":"outofstock","19":"taxable","20":"shipping-taxable","21":"purchasable","22":"product-type-simple"},"acf":[],"yoast_head":"<!-- This site is optimized with the Yoast SEO Premium plugin v27.2 (Yoast SEO v27.2) - https:\/\/yoast.com\/product\/yoast-seo-premium-wordpress\/ -->\n<title>DL 50mm F2.8 LS ASPH Lens - koningdrone.be<\/title>\n<meta name=\"robots\" content=\"index, follow, max-snippet:-1, max-image-preview:large, max-video-preview:-1\" \/>\n<link rel=\"canonical\" href=\"https:\/\/koningdrone.be\/fr\/produit\/dji-zenmuse-x7-lens-50mm-f2-8-ls-part-4\/\" \/>\n<meta property=\"og:locale\" content=\"fr_FR\" \/>\n<meta property=\"og:type\" content=\"article\" \/>\n<meta property=\"og:title\" content=\"DL 50mm F2.8 LS ASPH Lens\" \/>\n<meta property=\"og:description\" content=\"Speciaal ontworpen voor luchtcinematografie  Native compatibel met DL-vatting  Lichtgewicht monocoque behuizing van koolstofvezel  Verbeterde schietstabiliteit  Voldoet aan de ultrahoge manoeuvreerbaarheidseis van DJI Inspire 3\" \/>\n<meta property=\"og:url\" content=\"https:\/\/koningdrone.be\/fr\/produit\/dji-zenmuse-x7-lens-50mm-f2-8-ls-part-4\/\" \/>\n<meta property=\"og:site_name\" content=\"koningdrone.be\" \/>\n<meta property=\"article:modified_time\" content=\"2026-04-29T13:00:24+00:00\" \/>\n<meta property=\"og:image\" content=\"https:\/\/koningdrone.be\/wp-content\/uploads\/sites\/13\/2025\/04\/large_cafd041b-d8fa-45d6-b0d5-97b58b63729c.jpg\" \/>\n\t<meta property=\"og:image:width\" content=\"1200\" \/>\n\t<meta property=\"og:image:height\" content=\"800\" \/>\n\t<meta property=\"og:image:type\" content=\"image\/jpeg\" \/>\n<meta name=\"twitter:card\" content=\"summary_large_image\" \/>\n<meta name=\"twitter:label1\" content=\"Dur\u00e9e de lecture est.\" \/>\n\t<meta name=\"twitter:data1\" content=\"1 minute\" \/>\n<script type=\"application\/ld+json\" class=\"yoast-schema-graph\">{\"@context\":\"https:\/\/schema.org\",\"@graph\":[{\"@type\":\"WebPage\",\"@id\":\"https:\/\/koningdrone.be\/product\/dji-zenmuse-x7-lens-50mm-f2-8-ls-part-4\/\",\"url\":\"https:\/\/koningdrone.be\/product\/dji-zenmuse-x7-lens-50mm-f2-8-ls-part-4\/\",\"name\":\"DL 50mm F2.8 LS ASPH Lens - koningdrone.be\",\"isPartOf\":{\"@id\":\"https:\/\/koningdrone.be\/#website\"},\"primaryImageOfPage\":{\"@id\":\"https:\/\/koningdrone.be\/product\/dji-zenmuse-x7-lens-50mm-f2-8-ls-part-4\/#primaryimage\"},\"image\":{\"@id\":\"https:\/\/koningdrone.be\/product\/dji-zenmuse-x7-lens-50mm-f2-8-ls-part-4\/#primaryimage\"},\"thumbnailUrl\":\"https:\/\/koningdrone.be\/wp-content\/uploads\/sites\/13\/2025\/04\/large_cafd041b-d8fa-45d6-b0d5-97b58b63729c.jpg\",\"datePublished\":\"2018-06-12T18:54:28+00:00\",\"dateModified\":\"2026-04-29T13:00:24+00:00\",\"breadcrumb\":{\"@id\":\"https:\/\/koningdrone.be\/product\/dji-zenmuse-x7-lens-50mm-f2-8-ls-part-4\/#breadcrumb\"},\"inLanguage\":\"fr-BE\",\"potentialAction\":[{\"@type\":\"ReadAction\",\"target\":[\"https:\/\/koningdrone.be\/product\/dji-zenmuse-x7-lens-50mm-f2-8-ls-part-4\/\"]}]},{\"@type\":\"ImageObject\",\"inLanguage\":\"fr-BE\",\"@id\":\"https:\/\/koningdrone.be\/product\/dji-zenmuse-x7-lens-50mm-f2-8-ls-part-4\/#primaryimage\",\"url\":\"https:\/\/koningdrone.be\/wp-content\/uploads\/sites\/13\/2025\/04\/large_cafd041b-d8fa-45d6-b0d5-97b58b63729c.jpg\",\"contentUrl\":\"https:\/\/koningdrone.be\/wp-content\/uploads\/sites\/13\/2025\/04\/large_cafd041b-d8fa-45d6-b0d5-97b58b63729c.jpg\",\"width\":1200,\"height\":800},{\"@type\":\"BreadcrumbList\",\"@id\":\"https:\/\/koningdrone.be\/product\/dji-zenmuse-x7-lens-50mm-f2-8-ls-part-4\/#breadcrumb\",\"itemListElement\":[{\"@type\":\"ListItem\",\"position\":1,\"name\":\"Home\",\"item\":\"https:\/\/koningdrone.be\/\"},{\"@type\":\"ListItem\",\"position\":2,\"name\":\"AVSS Parachute Recovery System for DJI Matrice 300\/350\",\"item\":\"https:\/\/koningdrone.be\/product\/avss-parachute-recovery-system-for-dji-matrice-300-350\/\"},{\"@type\":\"ListItem\",\"position\":3,\"name\":\"Alle gimbals en cameras\",\"item\":\"https:\/\/koningdrone.be\/categorie\/alle-gimbals-en-cameras\/\"},{\"@type\":\"ListItem\",\"position\":4,\"name\":\"DL 50mm F2.8 LS ASPH Lens\"}]},{\"@type\":\"WebSite\",\"@id\":\"https:\/\/koningdrone.be\/#website\",\"url\":\"https:\/\/koningdrone.be\/\",\"name\":\"Koningdrone.be - Uw online specialist in drones, gimbals, camera's en power stations.\",\"description\":\"De webshop in drones en gimbals\",\"publisher\":{\"@id\":\"https:\/\/koningdrone.be\/#organization\"},\"potentialAction\":[{\"@type\":\"SearchAction\",\"target\":{\"@type\":\"EntryPoint\",\"urlTemplate\":\"https:\/\/koningdrone.be\/?s={search_term_string}\"},\"query-input\":{\"@type\":\"PropertyValueSpecification\",\"valueRequired\":true,\"valueName\":\"search_term_string\"}}],\"inLanguage\":\"fr-BE\"},{\"@type\":\"Organization\",\"@id\":\"https:\/\/koningdrone.be\/#organization\",\"name\":\"Koningdrone.be\",\"url\":\"https:\/\/koningdrone.be\/\",\"logo\":{\"@type\":\"ImageObject\",\"inLanguage\":\"fr-BE\",\"@id\":\"https:\/\/koningdrone.be\/#\/schema\/logo\/image\/\",\"url\":\"https:\/\/koningdrone.be\/wp-content\/uploads\/sites\/13\/2025\/04\/koningdrone-copyright-logo.svg\",\"contentUrl\":\"https:\/\/koningdrone.be\/wp-content\/uploads\/sites\/13\/2025\/04\/koningdrone-copyright-logo.svg\",\"width\":227,\"height\":38,\"caption\":\"Koningdrone.be\"},\"image\":{\"@id\":\"https:\/\/koningdrone.be\/#\/schema\/logo\/image\/\"}}]}<\/script>\n<!-- \/ Yoast SEO Premium plugin. -->","yoast_head_json":{"title":"DL 50mm F2.8 LS ASPH Lens - koningdrone.be","robots":{"index":"index","follow":"follow","max-snippet":"max-snippet:-1","max-image-preview":"max-image-preview:large","max-video-preview":"max-video-preview:-1"},"canonical":"https:\/\/koningdrone.be\/fr\/produit\/dji-zenmuse-x7-lens-50mm-f2-8-ls-part-4\/","og_locale":"fr_FR","og_type":"article","og_title":"DL 50mm F2.8 LS ASPH Lens","og_description":"Speciaal ontworpen voor luchtcinematografie  Native compatibel met DL-vatting  Lichtgewicht monocoque behuizing van koolstofvezel  Verbeterde schietstabiliteit  Voldoet aan de ultrahoge manoeuvreerbaarheidseis van DJI Inspire 3","og_url":"https:\/\/koningdrone.be\/fr\/produit\/dji-zenmuse-x7-lens-50mm-f2-8-ls-part-4\/","og_site_name":"koningdrone.be","article_modified_time":"2026-04-29T13:00:24+00:00","og_image":[{"width":1200,"height":800,"url":"https:\/\/koningdrone.be\/wp-content\/uploads\/sites\/13\/2025\/04\/large_cafd041b-d8fa-45d6-b0d5-97b58b63729c.jpg","type":"image\/jpeg"}],"twitter_card":"summary_large_image","twitter_misc":{"Dur\u00e9e de lecture est.":"1 minute"},"schema":{"@context":"https:\/\/schema.org","@graph":[{"@type":"WebPage","@id":"https:\/\/koningdrone.be\/product\/dji-zenmuse-x7-lens-50mm-f2-8-ls-part-4\/","url":"https:\/\/koningdrone.be\/product\/dji-zenmuse-x7-lens-50mm-f2-8-ls-part-4\/","name":"DL 50mm F2.8 LS ASPH Lens - koningdrone.be","isPartOf":{"@id":"https:\/\/koningdrone.be\/#website"},"primaryImageOfPage":{"@id":"https:\/\/koningdrone.be\/product\/dji-zenmuse-x7-lens-50mm-f2-8-ls-part-4\/#primaryimage"},"image":{"@id":"https:\/\/koningdrone.be\/product\/dji-zenmuse-x7-lens-50mm-f2-8-ls-part-4\/#primaryimage"},"thumbnailUrl":"https:\/\/koningdrone.be\/wp-content\/uploads\/sites\/13\/2025\/04\/large_cafd041b-d8fa-45d6-b0d5-97b58b63729c.jpg","datePublished":"2018-06-12T18:54:28+00:00","dateModified":"2026-04-29T13:00:24+00:00","breadcrumb":{"@id":"https:\/\/koningdrone.be\/product\/dji-zenmuse-x7-lens-50mm-f2-8-ls-part-4\/#breadcrumb"},"inLanguage":"fr-BE","potentialAction":[{"@type":"ReadAction","target":["https:\/\/koningdrone.be\/product\/dji-zenmuse-x7-lens-50mm-f2-8-ls-part-4\/"]}]},{"@type":"ImageObject","inLanguage":"fr-BE","@id":"https:\/\/koningdrone.be\/product\/dji-zenmuse-x7-lens-50mm-f2-8-ls-part-4\/#primaryimage","url":"https:\/\/koningdrone.be\/wp-content\/uploads\/sites\/13\/2025\/04\/large_cafd041b-d8fa-45d6-b0d5-97b58b63729c.jpg","contentUrl":"https:\/\/koningdrone.be\/wp-content\/uploads\/sites\/13\/2025\/04\/large_cafd041b-d8fa-45d6-b0d5-97b58b63729c.jpg","width":1200,"height":800},{"@type":"BreadcrumbList","@id":"https:\/\/koningdrone.be\/product\/dji-zenmuse-x7-lens-50mm-f2-8-ls-part-4\/#breadcrumb","itemListElement":[{"@type":"ListItem","position":1,"name":"Home","item":"https:\/\/koningdrone.be\/"},{"@type":"ListItem","position":2,"name":"AVSS Parachute Recovery System for DJI Matrice 300\/350","item":"https:\/\/koningdrone.be\/product\/avss-parachute-recovery-system-for-dji-matrice-300-350\/"},{"@type":"ListItem","position":3,"name":"Alle gimbals en cameras","item":"https:\/\/koningdrone.be\/categorie\/alle-gimbals-en-cameras\/"},{"@type":"ListItem","position":4,"name":"DL 50mm F2.8 LS ASPH Lens"}]},{"@type":"WebSite","@id":"https:\/\/koningdrone.be\/#website","url":"https:\/\/koningdrone.be\/","name":"Koningdrone.be - Votre sp\u00e9cialiste en ligne en mati\u00e8re de drones, de cardans, de cam\u00e9ras et de centrales \u00e9lectriques.","description":"La boutique en ligne de drones et de cardans","publisher":{"@id":"https:\/\/koningdrone.be\/#organization"},"potentialAction":[{"@type":"SearchAction","target":{"@type":"EntryPoint","urlTemplate":"https:\/\/koningdrone.be\/?s={search_term_string}"},"query-input":{"@type":"PropertyValueSpecification","valueRequired":true,"valueName":"search_term_string"}}],"inLanguage":"fr-BE"},{"@type":"Organization","@id":"https:\/\/koningdrone.be\/#organization","name":"Kingdrone.co.uk","url":"https:\/\/koningdrone.be\/","logo":{"@type":"ImageObject","inLanguage":"fr-BE","@id":"https:\/\/koningdrone.be\/#\/schema\/logo\/image\/","url":"https:\/\/koningdrone.be\/wp-content\/uploads\/sites\/13\/2025\/04\/koningdrone-copyright-logo.svg","contentUrl":"https:\/\/koningdrone.be\/wp-content\/uploads\/sites\/13\/2025\/04\/koningdrone-copyright-logo.svg","width":227,"height":38,"caption":"Koningdrone.be"},"image":{"@id":"https:\/\/koningdrone.be\/#\/schema\/logo\/image\/"}}]}},"df_price":1399,"df_sale_price":"","df_regular_price":1399,"df_image_link":"https:\/\/koningdrone.be\/wp-content\/uploads\/sites\/13\/2025\/04\/large_cafd041b-d8fa-45d6-b0d5-97b58b63729c-300x200.jpg","_links":{"self":[{"href":"https:\/\/koningdrone.be\/fr\/wp-json\/wp\/v2\/product\/7875","targetHints":{"allow":["GET"]}}],"collection":[{"href":"https:\/\/koningdrone.be\/fr\/wp-json\/wp\/v2\/product"}],"about":[{"href":"https:\/\/koningdrone.be\/fr\/wp-json\/wp\/v2\/types\/product"}],"wp:featuredmedia":[{"embeddable":true,"href":"https:\/\/koningdrone.be\/fr\/wp-json\/wp\/v2\/media\/7868"}],"wp:attachment":[{"href":"https:\/\/koningdrone.be\/fr\/wp-json\/wp\/v2\/media?parent=7875"}],"wp:term":[{"taxonomy":"product_brand","embeddable":true,"href":"https:\/\/koningdrone.be\/fr\/wp-json\/wp\/v2\/product_brand?post=7875"},{"taxonomy":"product_cat","embeddable":true,"href":"https:\/\/koningdrone.be\/fr\/wp-json\/wp\/v2\/product_cat?post=7875"},{"taxonomy":"product_tag","embeddable":true,"href":"https:\/\/koningdrone.be\/fr\/wp-json\/wp\/v2\/product_tag?post=7875"}],"curies":[{"name":"wp","href":"https:\/\/api.w.org\/{rel}","templated":true}]}}