{"id":7867,"date":"2018-06-12T20:54:50","date_gmt":"2018-06-12T18:54:50","guid":{"rendered":"https:\/\/koningdrone.nl\/kon\/product\/dji-goggles-racing-edition-ocusync-air-unit\/"},"modified":"2026-04-29T08:40:46","modified_gmt":"2026-04-29T06:40:46","slug":"dji-goggles-racing-edition-ocusync-air-unit","status":"publish","type":"product","link":"https:\/\/koningdrone.be\/fr\/produit\/dji-goggles-racing-edition-ocusync-air-unit\/","title":{"rendered":"DJI Goggles Racing Edition Unit\u00e9 OcuSync Air"},"content":{"rendered":"<h1>DJI Goggles Racing Edition Unit\u00e9 OcuSync Air<\/h1>\n<p>Le syst\u00e8me DJI OcuSync Air est une solution int\u00e9gr\u00e9e de transmission vid\u00e9o haute r\u00e9solution compos\u00e9e d'une cam\u00e9ra, d'un module d'unit\u00e9 a\u00e9rienne, de trois antennes et d'autres connecteurs. <br \/>En collaboration avec DJI Goggles RE, le syst\u00e8me OcuSync Air permet la transmission sans fil de vid\u00e9os, d'images et d'informations sur les contr\u00f4leurs de vol. L'unit\u00e9 a\u00e9rienne peut \u00eatre fix\u00e9e sur des drones de course, des mod\u00e8les r\u00e9duits d'avions, des voitures RC ou des v\u00e9hicules utilitaires sans pilote utilis\u00e9s pour les op\u00e9rations de sauvetage et les inspections.<\/p>","protected":false},"excerpt":{"rendered":"<ul>\n<li>Prise en charge de la transmission \u00e0 double fr\u00e9quence 2,4 \/ 5,8 GHz<\/li>\n<li>Supporte FHSS et jusqu'\u00e0 19 canaux fixes<\/li>\n<li>Transmission vid\u00e9o haute r\u00e9solution jusqu'\u00e0 1280 \u00d7 960 \u00e0 50 fps<\/li>\n<li>Latence minimale : aussi peu que 50 ms (\u00e0 480p \u00e0 50 fps)<\/li>\n<li>Port\u00e9e de transmission : jusqu'\u00e0 7 km (2,4 GHz, conformit\u00e9 FCC, sans obstacle). Port\u00e9e de transmission : jusqu'\u00e0 7 km (2,4 GHz, conformit\u00e9 FCC, sans obstacle)<\/li>\n<\/ul>","protected":false},"featured_media":7863,"template":"","meta":{"_acf_changed":false},"product_brand":[],"product_cat":[731,97,733],"product_tag":[],"class_list":{"0":"post-7867","1":"product","2":"type-product","3":"status-publish","4":"has-post-thumbnail","6":"product_cat-alle-goggles","7":"product_cat-alle-producten","8":"product_cat-dji-goggles","9":"product_shipping_class-outofstock","10":"pa_brand-dji","11":"pa_productfamily-video-transmissie","12":"pa_producttype-video-transmissie","13":"pa_series-goggles","15":"first","16":"outofstock","17":"taxable","18":"shipping-taxable","19":"product-type-simple"},"acf":[],"yoast_head":"<!-- This site is optimized with the Yoast SEO Premium plugin v27.2 (Yoast SEO v27.2) - https:\/\/yoast.com\/product\/yoast-seo-premium-wordpress\/ -->\n<title>DJI Goggles Racing Edition OcuSync Air Unit - koningdrone.be<\/title>\n<meta name=\"robots\" content=\"index, follow, max-snippet:-1, max-image-preview:large, max-video-preview:-1\" \/>\n<link rel=\"canonical\" href=\"https:\/\/koningdrone.be\/fr\/produit\/dji-goggles-racing-edition-ocusync-air-unit\/\" \/>\n<meta property=\"og:locale\" content=\"fr_FR\" \/>\n<meta property=\"og:type\" content=\"article\" \/>\n<meta property=\"og:title\" content=\"DJI Goggles Racing Edition OcuSync Air Unit\" \/>\n<meta property=\"og:description\" content=\"Ondersteunt 2,4 \/ 5,8 GHz dual-frequentie overdrachtOndersteunt FHSS en tot 19 vaste kanalenHoge resolutie videotransmissie tot 1280 \u00d7 960 bij 50 fpsMinimale latentie: zo laag als 50 ms (bij 480p bij 50 fps)Max. Verzendbereik: tot 7 km (2,4 GHz, FCC-conformiteit, onbelemmerd)\" \/>\n<meta property=\"og:url\" content=\"https:\/\/koningdrone.be\/fr\/produit\/dji-goggles-racing-edition-ocusync-air-unit\/\" \/>\n<meta property=\"og:site_name\" content=\"koningdrone.be\" \/>\n<meta property=\"article:modified_time\" content=\"2026-04-29T06:40:46+00:00\" \/>\n<meta property=\"og:image\" content=\"https:\/\/koningdrone.be\/wp-content\/uploads\/sites\/13\/2025\/04\/DJI-Goggles-Racing-Edition-OcuSync-Air-Unit.jpg\" \/>\n\t<meta property=\"og:image:width\" content=\"450\" \/>\n\t<meta property=\"og:image:height\" content=\"450\" \/>\n\t<meta property=\"og:image:type\" content=\"image\/jpeg\" \/>\n<meta name=\"twitter:card\" content=\"summary_large_image\" \/>\n<script type=\"application\/ld+json\" class=\"yoast-schema-graph\">{\"@context\":\"https:\/\/schema.org\",\"@graph\":[{\"@type\":\"WebPage\",\"@id\":\"https:\/\/koningdrone.be\/product\/dji-goggles-racing-edition-ocusync-air-unit\/\",\"url\":\"https:\/\/koningdrone.be\/product\/dji-goggles-racing-edition-ocusync-air-unit\/\",\"name\":\"DJI Goggles Racing Edition OcuSync Air Unit - koningdrone.be\",\"isPartOf\":{\"@id\":\"https:\/\/koningdrone.be\/#website\"},\"primaryImageOfPage\":{\"@id\":\"https:\/\/koningdrone.be\/product\/dji-goggles-racing-edition-ocusync-air-unit\/#primaryimage\"},\"image\":{\"@id\":\"https:\/\/koningdrone.be\/product\/dji-goggles-racing-edition-ocusync-air-unit\/#primaryimage\"},\"thumbnailUrl\":\"https:\/\/koningdrone.be\/wp-content\/uploads\/sites\/13\/2025\/04\/DJI-Goggles-Racing-Edition-OcuSync-Air-Unit.jpg\",\"datePublished\":\"2018-06-12T18:54:50+00:00\",\"dateModified\":\"2026-04-29T06:40:46+00:00\",\"breadcrumb\":{\"@id\":\"https:\/\/koningdrone.be\/product\/dji-goggles-racing-edition-ocusync-air-unit\/#breadcrumb\"},\"inLanguage\":\"fr-BE\",\"potentialAction\":[{\"@type\":\"ReadAction\",\"target\":[\"https:\/\/koningdrone.be\/product\/dji-goggles-racing-edition-ocusync-air-unit\/\"]}]},{\"@type\":\"ImageObject\",\"inLanguage\":\"fr-BE\",\"@id\":\"https:\/\/koningdrone.be\/product\/dji-goggles-racing-edition-ocusync-air-unit\/#primaryimage\",\"url\":\"https:\/\/koningdrone.be\/wp-content\/uploads\/sites\/13\/2025\/04\/DJI-Goggles-Racing-Edition-OcuSync-Air-Unit.jpg\",\"contentUrl\":\"https:\/\/koningdrone.be\/wp-content\/uploads\/sites\/13\/2025\/04\/DJI-Goggles-Racing-Edition-OcuSync-Air-Unit.jpg\",\"width\":450,\"height\":450},{\"@type\":\"BreadcrumbList\",\"@id\":\"https:\/\/koningdrone.be\/product\/dji-goggles-racing-edition-ocusync-air-unit\/#breadcrumb\",\"itemListElement\":[{\"@type\":\"ListItem\",\"position\":1,\"name\":\"Home\",\"item\":\"https:\/\/koningdrone.be\/\"},{\"@type\":\"ListItem\",\"position\":2,\"name\":\"AVSS Parachute Recovery System for DJI Matrice 300\/350\",\"item\":\"https:\/\/koningdrone.be\/product\/avss-parachute-recovery-system-for-dji-matrice-300-350\/\"},{\"@type\":\"ListItem\",\"position\":3,\"name\":\"Alle goggles\",\"item\":\"https:\/\/koningdrone.be\/categorie\/alle-goggles\/\"},{\"@type\":\"ListItem\",\"position\":4,\"name\":\"DJI Goggles Racing Edition OcuSync Air Unit\"}]},{\"@type\":\"WebSite\",\"@id\":\"https:\/\/koningdrone.be\/#website\",\"url\":\"https:\/\/koningdrone.be\/\",\"name\":\"Koningdrone.be - Uw online specialist in drones, gimbals, camera's en power stations.\",\"description\":\"De webshop in drones en gimbals\",\"publisher\":{\"@id\":\"https:\/\/koningdrone.be\/#organization\"},\"potentialAction\":[{\"@type\":\"SearchAction\",\"target\":{\"@type\":\"EntryPoint\",\"urlTemplate\":\"https:\/\/koningdrone.be\/?s={search_term_string}\"},\"query-input\":{\"@type\":\"PropertyValueSpecification\",\"valueRequired\":true,\"valueName\":\"search_term_string\"}}],\"inLanguage\":\"fr-BE\"},{\"@type\":\"Organization\",\"@id\":\"https:\/\/koningdrone.be\/#organization\",\"name\":\"Koningdrone.be\",\"url\":\"https:\/\/koningdrone.be\/\",\"logo\":{\"@type\":\"ImageObject\",\"inLanguage\":\"fr-BE\",\"@id\":\"https:\/\/koningdrone.be\/#\/schema\/logo\/image\/\",\"url\":\"https:\/\/koningdrone.be\/wp-content\/uploads\/sites\/13\/2025\/04\/koningdrone-copyright-logo.svg\",\"contentUrl\":\"https:\/\/koningdrone.be\/wp-content\/uploads\/sites\/13\/2025\/04\/koningdrone-copyright-logo.svg\",\"width\":227,\"height\":38,\"caption\":\"Koningdrone.be\"},\"image\":{\"@id\":\"https:\/\/koningdrone.be\/#\/schema\/logo\/image\/\"}}]}<\/script>\n<!-- \/ Yoast SEO Premium plugin. -->","yoast_head_json":{"title":"DJI Goggles Racing Edition OcuSync Air Unit - koningdrone.be","robots":{"index":"index","follow":"follow","max-snippet":"max-snippet:-1","max-image-preview":"max-image-preview:large","max-video-preview":"max-video-preview:-1"},"canonical":"https:\/\/koningdrone.be\/fr\/produit\/dji-goggles-racing-edition-ocusync-air-unit\/","og_locale":"fr_FR","og_type":"article","og_title":"DJI Goggles Racing Edition OcuSync Air Unit","og_description":"Ondersteunt 2,4 \/ 5,8 GHz dual-frequentie overdrachtOndersteunt FHSS en tot 19 vaste kanalenHoge resolutie videotransmissie tot 1280 \u00d7 960 bij 50 fpsMinimale latentie: zo laag als 50 ms (bij 480p bij 50 fps)Max. Verzendbereik: tot 7 km (2,4 GHz, FCC-conformiteit, onbelemmerd)","og_url":"https:\/\/koningdrone.be\/fr\/produit\/dji-goggles-racing-edition-ocusync-air-unit\/","og_site_name":"koningdrone.be","article_modified_time":"2026-04-29T06:40:46+00:00","og_image":[{"width":450,"height":450,"url":"https:\/\/koningdrone.be\/wp-content\/uploads\/sites\/13\/2025\/04\/DJI-Goggles-Racing-Edition-OcuSync-Air-Unit.jpg","type":"image\/jpeg"}],"twitter_card":"summary_large_image","schema":{"@context":"https:\/\/schema.org","@graph":[{"@type":"WebPage","@id":"https:\/\/koningdrone.be\/product\/dji-goggles-racing-edition-ocusync-air-unit\/","url":"https:\/\/koningdrone.be\/product\/dji-goggles-racing-edition-ocusync-air-unit\/","name":"DJI Goggles Racing Edition OcuSync Air Unit - koningdrone.be","isPartOf":{"@id":"https:\/\/koningdrone.be\/#website"},"primaryImageOfPage":{"@id":"https:\/\/koningdrone.be\/product\/dji-goggles-racing-edition-ocusync-air-unit\/#primaryimage"},"image":{"@id":"https:\/\/koningdrone.be\/product\/dji-goggles-racing-edition-ocusync-air-unit\/#primaryimage"},"thumbnailUrl":"https:\/\/koningdrone.be\/wp-content\/uploads\/sites\/13\/2025\/04\/DJI-Goggles-Racing-Edition-OcuSync-Air-Unit.jpg","datePublished":"2018-06-12T18:54:50+00:00","dateModified":"2026-04-29T06:40:46+00:00","breadcrumb":{"@id":"https:\/\/koningdrone.be\/product\/dji-goggles-racing-edition-ocusync-air-unit\/#breadcrumb"},"inLanguage":"fr-BE","potentialAction":[{"@type":"ReadAction","target":["https:\/\/koningdrone.be\/product\/dji-goggles-racing-edition-ocusync-air-unit\/"]}]},{"@type":"ImageObject","inLanguage":"fr-BE","@id":"https:\/\/koningdrone.be\/product\/dji-goggles-racing-edition-ocusync-air-unit\/#primaryimage","url":"https:\/\/koningdrone.be\/wp-content\/uploads\/sites\/13\/2025\/04\/DJI-Goggles-Racing-Edition-OcuSync-Air-Unit.jpg","contentUrl":"https:\/\/koningdrone.be\/wp-content\/uploads\/sites\/13\/2025\/04\/DJI-Goggles-Racing-Edition-OcuSync-Air-Unit.jpg","width":450,"height":450},{"@type":"BreadcrumbList","@id":"https:\/\/koningdrone.be\/product\/dji-goggles-racing-edition-ocusync-air-unit\/#breadcrumb","itemListElement":[{"@type":"ListItem","position":1,"name":"Home","item":"https:\/\/koningdrone.be\/"},{"@type":"ListItem","position":2,"name":"AVSS Parachute Recovery System for DJI Matrice 300\/350","item":"https:\/\/koningdrone.be\/product\/avss-parachute-recovery-system-for-dji-matrice-300-350\/"},{"@type":"ListItem","position":3,"name":"Alle goggles","item":"https:\/\/koningdrone.be\/categorie\/alle-goggles\/"},{"@type":"ListItem","position":4,"name":"DJI Goggles Racing Edition OcuSync Air Unit"}]},{"@type":"WebSite","@id":"https:\/\/koningdrone.be\/#website","url":"https:\/\/koningdrone.be\/","name":"Koningdrone.be - Votre sp\u00e9cialiste en ligne en mati\u00e8re de drones, de cardans, de cam\u00e9ras et de centrales \u00e9lectriques.","description":"La boutique en ligne de drones et de cardans","publisher":{"@id":"https:\/\/koningdrone.be\/#organization"},"potentialAction":[{"@type":"SearchAction","target":{"@type":"EntryPoint","urlTemplate":"https:\/\/koningdrone.be\/?s={search_term_string}"},"query-input":{"@type":"PropertyValueSpecification","valueRequired":true,"valueName":"search_term_string"}}],"inLanguage":"fr-BE"},{"@type":"Organization","@id":"https:\/\/koningdrone.be\/#organization","name":"Kingdrone.co.uk","url":"https:\/\/koningdrone.be\/","logo":{"@type":"ImageObject","inLanguage":"fr-BE","@id":"https:\/\/koningdrone.be\/#\/schema\/logo\/image\/","url":"https:\/\/koningdrone.be\/wp-content\/uploads\/sites\/13\/2025\/04\/koningdrone-copyright-logo.svg","contentUrl":"https:\/\/koningdrone.be\/wp-content\/uploads\/sites\/13\/2025\/04\/koningdrone-copyright-logo.svg","width":227,"height":38,"caption":"Koningdrone.be"},"image":{"@id":"https:\/\/koningdrone.be\/#\/schema\/logo\/image\/"}}]}},"df_price":"","df_sale_price":"","df_regular_price":"","df_image_link":"https:\/\/koningdrone.be\/wp-content\/uploads\/sites\/13\/2025\/04\/DJI-Goggles-Racing-Edition-OcuSync-Air-Unit-300x300.jpg","_links":{"self":[{"href":"https:\/\/koningdrone.be\/fr\/wp-json\/wp\/v2\/product\/7867","targetHints":{"allow":["GET"]}}],"collection":[{"href":"https:\/\/koningdrone.be\/fr\/wp-json\/wp\/v2\/product"}],"about":[{"href":"https:\/\/koningdrone.be\/fr\/wp-json\/wp\/v2\/types\/product"}],"wp:featuredmedia":[{"embeddable":true,"href":"https:\/\/koningdrone.be\/fr\/wp-json\/wp\/v2\/media\/7863"}],"wp:attachment":[{"href":"https:\/\/koningdrone.be\/fr\/wp-json\/wp\/v2\/media?parent=7867"}],"wp:term":[{"taxonomy":"product_brand","embeddable":true,"href":"https:\/\/koningdrone.be\/fr\/wp-json\/wp\/v2\/product_brand?post=7867"},{"taxonomy":"product_cat","embeddable":true,"href":"https:\/\/koningdrone.be\/fr\/wp-json\/wp\/v2\/product_cat?post=7867"},{"taxonomy":"product_tag","embeddable":true,"href":"https:\/\/koningdrone.be\/fr\/wp-json\/wp\/v2\/product_tag?post=7867"}],"curies":[{"name":"wp","href":"https:\/\/api.w.org\/{rel}","templated":true}]}}