{"id":7854,"date":"2018-06-12T20:54:56","date_gmt":"2018-06-12T18:54:56","guid":{"rendered":"https:\/\/koningdrone.nl\/kon\/product\/inspire-2-handle-grips\/"},"modified":"2026-04-29T15:40:20","modified_gmt":"2026-04-29T13:40:20","slug":"inspire-2-handle-grips","status":"publish","type":"product","link":"https:\/\/koningdrone.be\/fr\/produit\/inspire-2-handle-grips\/","title":{"rendered":"Poign\u00e9es Inspire 2"},"content":{"rendered":"<p><strong>Conception innovante pour la prise de vue depuis le sol<\/strong><\/p>\n<p> Transformez la fa\u00e7on dont vous capturez le monde avec nos poign\u00e9es innovantes con\u00e7ues pour l'Inspire 2 ! Ces poign\u00e9es ergonomiques s'adaptent parfaitement \u00e0 votre Inspire 2, vous permettant de passer en douceur de la photographie a\u00e9rienne \u00e0 la vid\u00e9ographie au sol. Que vous soyez un d\u00e9butant explorant de nouvelles perspectives ou un expert \u00e0 la recherche d'options de prise de vue polyvalentes, ces poign\u00e9es vous permettent de lib\u00e9rer votre cr\u00e9ativit\u00e9 sous tous les angles. Pr\u00e9parez-vous \u00e0 r\u00e9aliser des prises de vue au sol \u00e0 couper le souffle avec la facilit\u00e9 et la flexibilit\u00e9 d'une cam\u00e9ra \u00e0 main.<\/p>\n<p><strong>Renforcez vos histoires<\/strong><\/p>\n<p> Am\u00e9liorez votre narration en ajoutant cet accessoire dynamique \u00e0 votre bo\u00eete \u00e0 outils. La possibilit\u00e9 de passer sans effort d'une prise de vue a\u00e9rienne \u00e0 une prise de vue au sol vous offre une libert\u00e9 de cr\u00e9ation in\u00e9gal\u00e9e. Nos poign\u00e9es pour l'Inspire 2 sont con\u00e7ues pour inspirer les photographes et les vid\u00e9astes \u00e0 explorer, capturer et partager le monde d'une mani\u00e8re qu'ils n'auraient jamais cru possible. Am\u00e9liorez votre histoire visuelle gr\u00e2ce aux caract\u00e9ristiques innovantes et au design ergonomique de ces poign\u00e9es.<\/p>\n<p><\/p>","protected":false},"excerpt":{"rendered":"<ul>\n<li>Am\u00e9liore la cr\u00e9ativit\u00e9 \u00e0 partir de diff\u00e9rentes perspectives<\/li>\n<li> Convertit l'Inspire 2 en cam\u00e9ra de poche<\/li>\n<li> Facilite la prise de vue au sol<\/li>\n<\/ul>","protected":false},"featured_media":7846,"template":"","meta":{"_acf_changed":false},"product_brand":[],"product_cat":[756,97,641,788],"product_tag":[],"class_list":{"0":"post-7854","1":"product","2":"type-product","3":"status-publish","4":"has-post-thumbnail","6":"product_cat-accessoires","7":"product_cat-alle-producten","8":"product_cat-dji-inspire","9":"product_cat-dji-inspire-2","10":"product_shipping_class-outofstock","11":"pa_brand-dji","12":"pa_productfamily-grip","13":"pa_producttype-grip","14":"pa_series-inspire-2","16":"first","17":"outofstock","18":"taxable","19":"shipping-taxable","20":"purchasable","21":"product-type-simple"},"acf":[],"yoast_head":"<!-- This site is optimized with the Yoast SEO Premium plugin v27.2 (Yoast SEO v27.2) - https:\/\/yoast.com\/product\/yoast-seo-premium-wordpress\/ -->\n<title>Inspire 2 Handle Grips - koningdrone.be<\/title>\n<meta name=\"robots\" content=\"index, follow, max-snippet:-1, max-image-preview:large, max-video-preview:-1\" \/>\n<link rel=\"canonical\" href=\"https:\/\/koningdrone.be\/fr\/produit\/inspire-2-handle-grips\/\" \/>\n<meta property=\"og:locale\" content=\"fr_FR\" \/>\n<meta property=\"og:type\" content=\"article\" \/>\n<meta property=\"og:title\" content=\"Inspire 2 Handle Grips\" \/>\n<meta property=\"og:description\" content=\"Verbetert de creativiteit vanuit verschillende invalshoeken Converteert Inspire 2 in een handcamera Vergemakkelijkt het eenvoudig vastleggen van grondschoten\" \/>\n<meta property=\"og:url\" content=\"https:\/\/koningdrone.be\/fr\/produit\/inspire-2-handle-grips\/\" \/>\n<meta property=\"og:site_name\" content=\"koningdrone.be\" \/>\n<meta property=\"article:modified_time\" content=\"2026-04-29T13:40:20+00:00\" \/>\n<meta property=\"og:image\" content=\"https:\/\/koningdrone.be\/wp-content\/uploads\/sites\/13\/2025\/04\/large_4c9e1cd8-4382-4ace-91fd-6d2f49e96d08.jpg\" \/>\n\t<meta property=\"og:image:width\" content=\"1200\" \/>\n\t<meta property=\"og:image:height\" content=\"800\" \/>\n\t<meta property=\"og:image:type\" content=\"image\/jpeg\" \/>\n<meta name=\"twitter:card\" content=\"summary_large_image\" \/>\n<meta name=\"twitter:label1\" content=\"Dur\u00e9e de lecture est.\" \/>\n\t<meta name=\"twitter:data1\" content=\"1 minute\" \/>\n<script type=\"application\/ld+json\" class=\"yoast-schema-graph\">{\"@context\":\"https:\/\/schema.org\",\"@graph\":[{\"@type\":\"WebPage\",\"@id\":\"https:\/\/koningdrone.be\/product\/inspire-2-handle-grips\/\",\"url\":\"https:\/\/koningdrone.be\/product\/inspire-2-handle-grips\/\",\"name\":\"Inspire 2 Handle Grips - koningdrone.be\",\"isPartOf\":{\"@id\":\"https:\/\/koningdrone.be\/#website\"},\"primaryImageOfPage\":{\"@id\":\"https:\/\/koningdrone.be\/product\/inspire-2-handle-grips\/#primaryimage\"},\"image\":{\"@id\":\"https:\/\/koningdrone.be\/product\/inspire-2-handle-grips\/#primaryimage\"},\"thumbnailUrl\":\"https:\/\/koningdrone.be\/wp-content\/uploads\/sites\/13\/2025\/04\/large_4c9e1cd8-4382-4ace-91fd-6d2f49e96d08.jpg\",\"datePublished\":\"2018-06-12T18:54:56+00:00\",\"dateModified\":\"2026-04-29T13:40:20+00:00\",\"breadcrumb\":{\"@id\":\"https:\/\/koningdrone.be\/product\/inspire-2-handle-grips\/#breadcrumb\"},\"inLanguage\":\"fr-BE\",\"potentialAction\":[{\"@type\":\"ReadAction\",\"target\":[\"https:\/\/koningdrone.be\/product\/inspire-2-handle-grips\/\"]}]},{\"@type\":\"ImageObject\",\"inLanguage\":\"fr-BE\",\"@id\":\"https:\/\/koningdrone.be\/product\/inspire-2-handle-grips\/#primaryimage\",\"url\":\"https:\/\/koningdrone.be\/wp-content\/uploads\/sites\/13\/2025\/04\/large_4c9e1cd8-4382-4ace-91fd-6d2f49e96d08.jpg\",\"contentUrl\":\"https:\/\/koningdrone.be\/wp-content\/uploads\/sites\/13\/2025\/04\/large_4c9e1cd8-4382-4ace-91fd-6d2f49e96d08.jpg\",\"width\":1200,\"height\":800},{\"@type\":\"BreadcrumbList\",\"@id\":\"https:\/\/koningdrone.be\/product\/inspire-2-handle-grips\/#breadcrumb\",\"itemListElement\":[{\"@type\":\"ListItem\",\"position\":1,\"name\":\"Home\",\"item\":\"https:\/\/koningdrone.be\/\"},{\"@type\":\"ListItem\",\"position\":2,\"name\":\"AVSS Parachute Recovery System for DJI Matrice 300\/350\",\"item\":\"https:\/\/koningdrone.be\/product\/avss-parachute-recovery-system-for-dji-matrice-300-350\/\"},{\"@type\":\"ListItem\",\"position\":3,\"name\":\"Accessoires\",\"item\":\"https:\/\/koningdrone.be\/categorie\/accessoires\/\"},{\"@type\":\"ListItem\",\"position\":4,\"name\":\"Inspire 2 Handle Grips\"}]},{\"@type\":\"WebSite\",\"@id\":\"https:\/\/koningdrone.be\/#website\",\"url\":\"https:\/\/koningdrone.be\/\",\"name\":\"Koningdrone.be - Uw online specialist in drones, gimbals, camera's en power stations.\",\"description\":\"De webshop in drones en gimbals\",\"publisher\":{\"@id\":\"https:\/\/koningdrone.be\/#organization\"},\"potentialAction\":[{\"@type\":\"SearchAction\",\"target\":{\"@type\":\"EntryPoint\",\"urlTemplate\":\"https:\/\/koningdrone.be\/?s={search_term_string}\"},\"query-input\":{\"@type\":\"PropertyValueSpecification\",\"valueRequired\":true,\"valueName\":\"search_term_string\"}}],\"inLanguage\":\"fr-BE\"},{\"@type\":\"Organization\",\"@id\":\"https:\/\/koningdrone.be\/#organization\",\"name\":\"Koningdrone.be\",\"url\":\"https:\/\/koningdrone.be\/\",\"logo\":{\"@type\":\"ImageObject\",\"inLanguage\":\"fr-BE\",\"@id\":\"https:\/\/koningdrone.be\/#\/schema\/logo\/image\/\",\"url\":\"https:\/\/koningdrone.be\/wp-content\/uploads\/sites\/13\/2025\/04\/koningdrone-copyright-logo.svg\",\"contentUrl\":\"https:\/\/koningdrone.be\/wp-content\/uploads\/sites\/13\/2025\/04\/koningdrone-copyright-logo.svg\",\"width\":227,\"height\":38,\"caption\":\"Koningdrone.be\"},\"image\":{\"@id\":\"https:\/\/koningdrone.be\/#\/schema\/logo\/image\/\"}}]}<\/script>\n<!-- \/ Yoast SEO Premium plugin. -->","yoast_head_json":{"title":"Inspire 2 Handle Grips - koningdrone.be","robots":{"index":"index","follow":"follow","max-snippet":"max-snippet:-1","max-image-preview":"max-image-preview:large","max-video-preview":"max-video-preview:-1"},"canonical":"https:\/\/koningdrone.be\/fr\/produit\/inspire-2-handle-grips\/","og_locale":"fr_FR","og_type":"article","og_title":"Inspire 2 Handle Grips","og_description":"Verbetert de creativiteit vanuit verschillende invalshoeken Converteert Inspire 2 in een handcamera Vergemakkelijkt het eenvoudig vastleggen van grondschoten","og_url":"https:\/\/koningdrone.be\/fr\/produit\/inspire-2-handle-grips\/","og_site_name":"koningdrone.be","article_modified_time":"2026-04-29T13:40:20+00:00","og_image":[{"width":1200,"height":800,"url":"https:\/\/koningdrone.be\/wp-content\/uploads\/sites\/13\/2025\/04\/large_4c9e1cd8-4382-4ace-91fd-6d2f49e96d08.jpg","type":"image\/jpeg"}],"twitter_card":"summary_large_image","twitter_misc":{"Dur\u00e9e de lecture est.":"1 minute"},"schema":{"@context":"https:\/\/schema.org","@graph":[{"@type":"WebPage","@id":"https:\/\/koningdrone.be\/product\/inspire-2-handle-grips\/","url":"https:\/\/koningdrone.be\/product\/inspire-2-handle-grips\/","name":"Inspire 2 Handle Grips - koningdrone.be","isPartOf":{"@id":"https:\/\/koningdrone.be\/#website"},"primaryImageOfPage":{"@id":"https:\/\/koningdrone.be\/product\/inspire-2-handle-grips\/#primaryimage"},"image":{"@id":"https:\/\/koningdrone.be\/product\/inspire-2-handle-grips\/#primaryimage"},"thumbnailUrl":"https:\/\/koningdrone.be\/wp-content\/uploads\/sites\/13\/2025\/04\/large_4c9e1cd8-4382-4ace-91fd-6d2f49e96d08.jpg","datePublished":"2018-06-12T18:54:56+00:00","dateModified":"2026-04-29T13:40:20+00:00","breadcrumb":{"@id":"https:\/\/koningdrone.be\/product\/inspire-2-handle-grips\/#breadcrumb"},"inLanguage":"fr-BE","potentialAction":[{"@type":"ReadAction","target":["https:\/\/koningdrone.be\/product\/inspire-2-handle-grips\/"]}]},{"@type":"ImageObject","inLanguage":"fr-BE","@id":"https:\/\/koningdrone.be\/product\/inspire-2-handle-grips\/#primaryimage","url":"https:\/\/koningdrone.be\/wp-content\/uploads\/sites\/13\/2025\/04\/large_4c9e1cd8-4382-4ace-91fd-6d2f49e96d08.jpg","contentUrl":"https:\/\/koningdrone.be\/wp-content\/uploads\/sites\/13\/2025\/04\/large_4c9e1cd8-4382-4ace-91fd-6d2f49e96d08.jpg","width":1200,"height":800},{"@type":"BreadcrumbList","@id":"https:\/\/koningdrone.be\/product\/inspire-2-handle-grips\/#breadcrumb","itemListElement":[{"@type":"ListItem","position":1,"name":"Home","item":"https:\/\/koningdrone.be\/"},{"@type":"ListItem","position":2,"name":"AVSS Parachute Recovery System for DJI Matrice 300\/350","item":"https:\/\/koningdrone.be\/product\/avss-parachute-recovery-system-for-dji-matrice-300-350\/"},{"@type":"ListItem","position":3,"name":"Accessoires","item":"https:\/\/koningdrone.be\/categorie\/accessoires\/"},{"@type":"ListItem","position":4,"name":"Inspire 2 Handle Grips"}]},{"@type":"WebSite","@id":"https:\/\/koningdrone.be\/#website","url":"https:\/\/koningdrone.be\/","name":"Koningdrone.be - Votre sp\u00e9cialiste en ligne en mati\u00e8re de drones, de cardans, de cam\u00e9ras et de centrales \u00e9lectriques.","description":"La boutique en ligne de drones et de cardans","publisher":{"@id":"https:\/\/koningdrone.be\/#organization"},"potentialAction":[{"@type":"SearchAction","target":{"@type":"EntryPoint","urlTemplate":"https:\/\/koningdrone.be\/?s={search_term_string}"},"query-input":{"@type":"PropertyValueSpecification","valueRequired":true,"valueName":"search_term_string"}}],"inLanguage":"fr-BE"},{"@type":"Organization","@id":"https:\/\/koningdrone.be\/#organization","name":"Kingdrone.co.uk","url":"https:\/\/koningdrone.be\/","logo":{"@type":"ImageObject","inLanguage":"fr-BE","@id":"https:\/\/koningdrone.be\/#\/schema\/logo\/image\/","url":"https:\/\/koningdrone.be\/wp-content\/uploads\/sites\/13\/2025\/04\/koningdrone-copyright-logo.svg","contentUrl":"https:\/\/koningdrone.be\/wp-content\/uploads\/sites\/13\/2025\/04\/koningdrone-copyright-logo.svg","width":227,"height":38,"caption":"Koningdrone.be"},"image":{"@id":"https:\/\/koningdrone.be\/#\/schema\/logo\/image\/"}}]}},"df_price":159.01,"df_sale_price":"","df_regular_price":159.01,"df_image_link":"https:\/\/koningdrone.be\/wp-content\/uploads\/sites\/13\/2025\/04\/large_4c9e1cd8-4382-4ace-91fd-6d2f49e96d08-300x200.jpg","_links":{"self":[{"href":"https:\/\/koningdrone.be\/fr\/wp-json\/wp\/v2\/product\/7854","targetHints":{"allow":["GET"]}}],"collection":[{"href":"https:\/\/koningdrone.be\/fr\/wp-json\/wp\/v2\/product"}],"about":[{"href":"https:\/\/koningdrone.be\/fr\/wp-json\/wp\/v2\/types\/product"}],"wp:featuredmedia":[{"embeddable":true,"href":"https:\/\/koningdrone.be\/fr\/wp-json\/wp\/v2\/media\/7846"}],"wp:attachment":[{"href":"https:\/\/koningdrone.be\/fr\/wp-json\/wp\/v2\/media?parent=7854"}],"wp:term":[{"taxonomy":"product_brand","embeddable":true,"href":"https:\/\/koningdrone.be\/fr\/wp-json\/wp\/v2\/product_brand?post=7854"},{"taxonomy":"product_cat","embeddable":true,"href":"https:\/\/koningdrone.be\/fr\/wp-json\/wp\/v2\/product_cat?post=7854"},{"taxonomy":"product_tag","embeddable":true,"href":"https:\/\/koningdrone.be\/fr\/wp-json\/wp\/v2\/product_tag?post=7854"}],"curies":[{"name":"wp","href":"https:\/\/api.w.org\/{rel}","templated":true}]}}