{"id":7824,"date":"2018-06-12T20:55:01","date_gmt":"2018-06-12T18:55:01","guid":{"rendered":"https:\/\/koningdrone.nl\/kon\/product\/zenmuse-z3\/"},"modified":"2026-04-29T08:40:09","modified_gmt":"2026-04-29T06:40:09","slug":"zenmuse-z3","status":"publish","type":"product","link":"https:\/\/koningdrone.be\/fr\/produit\/zenmuse-z3\/","title":{"rendered":"DJI Zenmuse Z3"},"content":{"rendered":"<h1>DJI Zenmuse Z3<\/h1>\n<p>Le Zenmuse Z3 est dot\u00e9 d'un zoom optique de 3,5 et d'un zoom num\u00e9rique de 2 x. Le capteur CMOS de type 1 \/ 2,3 prend en charge l'enregistrement vid\u00e9o 4K et les photos de 12 m\u00e9gapixels.<br \/>La Zenmuse Z3 peut \u00eatre mont\u00e9e sur un drone DJI* et diffuser des vid\u00e9os HD en direct sur l'application DJI GO.<\/p>\n<p>* Actuellement, les s\u00e9ries Inspire 1, Inspire 1 v2.0, Matrice 100 et Matrice 600 sont prises en charge.<\/p>\n<p>Zoomer et voir plus<br \/>La DJI Zenmuse Z3 est une cam\u00e9ra \u00e0 zoom int\u00e9gr\u00e9 bas\u00e9e sur la Zenmuse X3 de DJI et optimis\u00e9e pour la photographie. Un zoom 7x, compos\u00e9 d'un zoom optique 3,5x et d'un zoom num\u00e9rique 2x sans perte, lui donne une longueur focale allant de 22 mm \u00e0 77 mm, ce qui le rend id\u00e9al pour les applications industrielles.<\/p>\n<p>Affichage du zoom en temps r\u00e9el<br \/>Lors de la prise de vue \u00e0 la plus haute r\u00e9solution possible, vid\u00e9o 4K ou photos 12 m\u00e9gapixels, le zoom optique peut \u00eatre utilis\u00e9 et l'image zoom\u00e9e est imm\u00e9diatement visible dans le DJI GO livefeed. Lors de la prise de photos en 1080p, la fonction de zoom sans perte vous permet d'utiliser le zoom 7x sans sacrifier la qualit\u00e9 de l'image en Full HD.<\/p>\n<p>Am\u00e9lioration de la stabilit\u00e9<br \/>Lorsqu'une cam\u00e9ra est zoom\u00e9e, les moindres mouvements sont amplifi\u00e9s. L'ajout d'une couche suppl\u00e9mentaire de contr\u00f4le au moteur de lacet a permis d'obtenir des mouvements plus raffin\u00e9s et mieux contr\u00f4l\u00e9s.<\/p>\n<p>Qualit\u00e9 d'image \u00e9lev\u00e9e<br \/>Avec le m\u00eame capteur Sony 1 \/ 2,3 pouces hautement raffin\u00e9 que le DJI Inspire 1 2.0 et le DJI Phantom 4, la qualit\u00e9 d'image est \u00e0 la pointe de l'industrie. Les images fixes peuvent \u00eatre captur\u00e9es \u00e0 une r\u00e9solution de 12 m\u00e9gapixels, tandis que la prise en charge Adobe DNG RAW permet un traitement avanc\u00e9 des images. Les vid\u00e9os peuvent \u00eatre enregistr\u00e9es jusqu'\u00e0 30 images par seconde en 4K.<\/p>\n<p>Applications<br \/>La possibilit\u00e9 de zoomer depuis les airs cr\u00e9e de nombreuses nouvelles opportunit\u00e9s pour rationaliser et am\u00e9liorer l'utilisation industrielle et commerciale des drones, de l'inspection des lignes \u00e9lectriques \u00e0 la recherche et au sauvetage. Elle permet \u00e9galement aux photographes a\u00e9riens de mieux contr\u00f4ler la composition de leurs images.<\/p>","protected":false},"excerpt":{"rendered":"<ul>\n<li>Filmez en 4K et prenez des photos de 12 m\u00e9gapixels<\/li>\n<li>Zoom optique 3,5 fois et zoom num\u00e9rique 2 fois<\/li>\n<li>Capteur CMOS EXMOR 1\/2,3\u2033 de Sony<\/li>\n<li>Cardan \u00e0 trois axes avec une pr\u00e9cision de contr\u00f4le de +\/- 0,02 degr\u00e9s<\/li>\n<li>Panoramique \u00e0 360 degr\u00e9s<\/li>\n<li>Inclinaison de +30 \u00e0 -90 degr\u00e9s<\/li>\n<\/ul>","protected":false},"featured_media":7818,"template":"","meta":{"_acf_changed":false},"product_brand":[],"product_cat":[315,298,126,97,316],"product_tag":[],"class_list":{"0":"post-7824","1":"product","2":"type-product","3":"status-publish","4":"has-post-thumbnail","6":"product_cat-alle-gimbals-en-cameras","7":"product_cat-alle-industriele-camera","8":"product_cat-alle-payloads","9":"product_cat-alle-producten","10":"product_cat-dji-zenmuse","11":"product_shipping_class-outofstock","12":"pa_brand-dji","13":"pa_productfamily-camera","14":"pa_producttype-camera","15":"pa_series-zenmuse-z3","17":"first","18":"outofstock","19":"taxable","20":"shipping-taxable","21":"product-type-simple"},"acf":[],"yoast_head":"<!-- This site is optimized with the Yoast SEO Premium plugin v27.2 (Yoast SEO v27.2) - https:\/\/yoast.com\/product\/yoast-seo-premium-wordpress\/ -->\n<title>DJI Zenmuse Z3 - koningdrone.be<\/title>\n<meta name=\"robots\" content=\"index, follow, max-snippet:-1, max-image-preview:large, max-video-preview:-1\" \/>\n<link rel=\"canonical\" href=\"https:\/\/koningdrone.be\/fr\/produit\/zenmuse-z3\/\" \/>\n<meta property=\"og:locale\" content=\"fr_FR\" \/>\n<meta property=\"og:type\" content=\"article\" \/>\n<meta property=\"og:title\" content=\"DJI Zenmuse Z3\" \/>\n<meta property=\"og:description\" content=\"Film in 4K en maak 12 megapixel foto&#039;s3.5 keer optische en 2 keer digitale zoomSony EXMOR 1\/2.3&quot; CMOS-sensorDrie-assige gimbal met een controlenauwkeurigheid van +\/- 0.02 gradenVolledig 360 graden pannenTilt van +30 tot -90 graden\" \/>\n<meta property=\"og:url\" content=\"https:\/\/koningdrone.be\/fr\/produit\/zenmuse-z3\/\" \/>\n<meta property=\"og:site_name\" content=\"koningdrone.be\" \/>\n<meta property=\"article:modified_time\" content=\"2026-04-29T06:40:09+00:00\" \/>\n<meta property=\"og:image\" content=\"https:\/\/koningdrone.be\/wp-content\/uploads\/sites\/13\/2025\/04\/6958265127663-1-720x660-1.jpg\" \/>\n\t<meta property=\"og:image:width\" content=\"660\" \/>\n\t<meta property=\"og:image:height\" content=\"660\" \/>\n\t<meta property=\"og:image:type\" content=\"image\/jpeg\" \/>\n<meta name=\"twitter:card\" content=\"summary_large_image\" \/>\n<meta name=\"twitter:label1\" content=\"Dur\u00e9e de lecture est.\" \/>\n\t<meta name=\"twitter:data1\" content=\"1 minute\" \/>\n<script type=\"application\/ld+json\" class=\"yoast-schema-graph\">{\"@context\":\"https:\/\/schema.org\",\"@graph\":[{\"@type\":\"WebPage\",\"@id\":\"https:\/\/koningdrone.be\/product\/zenmuse-z3\/\",\"url\":\"https:\/\/koningdrone.be\/product\/zenmuse-z3\/\",\"name\":\"DJI Zenmuse Z3 - koningdrone.be\",\"isPartOf\":{\"@id\":\"https:\/\/koningdrone.be\/#website\"},\"primaryImageOfPage\":{\"@id\":\"https:\/\/koningdrone.be\/product\/zenmuse-z3\/#primaryimage\"},\"image\":{\"@id\":\"https:\/\/koningdrone.be\/product\/zenmuse-z3\/#primaryimage\"},\"thumbnailUrl\":\"https:\/\/koningdrone.be\/wp-content\/uploads\/sites\/13\/2025\/04\/6958265127663-1-720x660-1.jpg\",\"datePublished\":\"2018-06-12T18:55:01+00:00\",\"dateModified\":\"2026-04-29T06:40:09+00:00\",\"breadcrumb\":{\"@id\":\"https:\/\/koningdrone.be\/product\/zenmuse-z3\/#breadcrumb\"},\"inLanguage\":\"fr-BE\",\"potentialAction\":[{\"@type\":\"ReadAction\",\"target\":[\"https:\/\/koningdrone.be\/product\/zenmuse-z3\/\"]}]},{\"@type\":\"ImageObject\",\"inLanguage\":\"fr-BE\",\"@id\":\"https:\/\/koningdrone.be\/product\/zenmuse-z3\/#primaryimage\",\"url\":\"https:\/\/koningdrone.be\/wp-content\/uploads\/sites\/13\/2025\/04\/6958265127663-1-720x660-1.jpg\",\"contentUrl\":\"https:\/\/koningdrone.be\/wp-content\/uploads\/sites\/13\/2025\/04\/6958265127663-1-720x660-1.jpg\",\"width\":660,\"height\":660},{\"@type\":\"BreadcrumbList\",\"@id\":\"https:\/\/koningdrone.be\/product\/zenmuse-z3\/#breadcrumb\",\"itemListElement\":[{\"@type\":\"ListItem\",\"position\":1,\"name\":\"Home\",\"item\":\"https:\/\/koningdrone.be\/\"},{\"@type\":\"ListItem\",\"position\":2,\"name\":\"AVSS Parachute Recovery System for DJI Matrice 300\/350\",\"item\":\"https:\/\/koningdrone.be\/product\/avss-parachute-recovery-system-for-dji-matrice-300-350\/\"},{\"@type\":\"ListItem\",\"position\":3,\"name\":\"Alle gimbals en cameras\",\"item\":\"https:\/\/koningdrone.be\/categorie\/alle-gimbals-en-cameras\/\"},{\"@type\":\"ListItem\",\"position\":4,\"name\":\"DJI Zenmuse Z3\"}]},{\"@type\":\"WebSite\",\"@id\":\"https:\/\/koningdrone.be\/#website\",\"url\":\"https:\/\/koningdrone.be\/\",\"name\":\"Koningdrone.be - Uw online specialist in drones, gimbals, camera's en power stations.\",\"description\":\"De webshop in drones en gimbals\",\"publisher\":{\"@id\":\"https:\/\/koningdrone.be\/#organization\"},\"potentialAction\":[{\"@type\":\"SearchAction\",\"target\":{\"@type\":\"EntryPoint\",\"urlTemplate\":\"https:\/\/koningdrone.be\/?s={search_term_string}\"},\"query-input\":{\"@type\":\"PropertyValueSpecification\",\"valueRequired\":true,\"valueName\":\"search_term_string\"}}],\"inLanguage\":\"fr-BE\"},{\"@type\":\"Organization\",\"@id\":\"https:\/\/koningdrone.be\/#organization\",\"name\":\"Koningdrone.be\",\"url\":\"https:\/\/koningdrone.be\/\",\"logo\":{\"@type\":\"ImageObject\",\"inLanguage\":\"fr-BE\",\"@id\":\"https:\/\/koningdrone.be\/#\/schema\/logo\/image\/\",\"url\":\"https:\/\/koningdrone.be\/wp-content\/uploads\/sites\/13\/2025\/04\/koningdrone-copyright-logo.svg\",\"contentUrl\":\"https:\/\/koningdrone.be\/wp-content\/uploads\/sites\/13\/2025\/04\/koningdrone-copyright-logo.svg\",\"width\":227,\"height\":38,\"caption\":\"Koningdrone.be\"},\"image\":{\"@id\":\"https:\/\/koningdrone.be\/#\/schema\/logo\/image\/\"}}]}<\/script>\n<!-- \/ Yoast SEO Premium plugin. -->","yoast_head_json":{"title":"DJI Zenmuse Z3 - koningdrone.be","robots":{"index":"index","follow":"follow","max-snippet":"max-snippet:-1","max-image-preview":"max-image-preview:large","max-video-preview":"max-video-preview:-1"},"canonical":"https:\/\/koningdrone.be\/fr\/produit\/zenmuse-z3\/","og_locale":"fr_FR","og_type":"article","og_title":"DJI Zenmuse Z3","og_description":"Film in 4K en maak 12 megapixel foto's3.5 keer optische en 2 keer digitale zoomSony EXMOR 1\/2.3\" CMOS-sensorDrie-assige gimbal met een controlenauwkeurigheid van +\/- 0.02 gradenVolledig 360 graden pannenTilt van +30 tot -90 graden","og_url":"https:\/\/koningdrone.be\/fr\/produit\/zenmuse-z3\/","og_site_name":"koningdrone.be","article_modified_time":"2026-04-29T06:40:09+00:00","og_image":[{"width":660,"height":660,"url":"https:\/\/koningdrone.be\/wp-content\/uploads\/sites\/13\/2025\/04\/6958265127663-1-720x660-1.jpg","type":"image\/jpeg"}],"twitter_card":"summary_large_image","twitter_misc":{"Dur\u00e9e de lecture est.":"1 minute"},"schema":{"@context":"https:\/\/schema.org","@graph":[{"@type":"WebPage","@id":"https:\/\/koningdrone.be\/product\/zenmuse-z3\/","url":"https:\/\/koningdrone.be\/product\/zenmuse-z3\/","name":"DJI Zenmuse Z3 - koningdrone.be","isPartOf":{"@id":"https:\/\/koningdrone.be\/#website"},"primaryImageOfPage":{"@id":"https:\/\/koningdrone.be\/product\/zenmuse-z3\/#primaryimage"},"image":{"@id":"https:\/\/koningdrone.be\/product\/zenmuse-z3\/#primaryimage"},"thumbnailUrl":"https:\/\/koningdrone.be\/wp-content\/uploads\/sites\/13\/2025\/04\/6958265127663-1-720x660-1.jpg","datePublished":"2018-06-12T18:55:01+00:00","dateModified":"2026-04-29T06:40:09+00:00","breadcrumb":{"@id":"https:\/\/koningdrone.be\/product\/zenmuse-z3\/#breadcrumb"},"inLanguage":"fr-BE","potentialAction":[{"@type":"ReadAction","target":["https:\/\/koningdrone.be\/product\/zenmuse-z3\/"]}]},{"@type":"ImageObject","inLanguage":"fr-BE","@id":"https:\/\/koningdrone.be\/product\/zenmuse-z3\/#primaryimage","url":"https:\/\/koningdrone.be\/wp-content\/uploads\/sites\/13\/2025\/04\/6958265127663-1-720x660-1.jpg","contentUrl":"https:\/\/koningdrone.be\/wp-content\/uploads\/sites\/13\/2025\/04\/6958265127663-1-720x660-1.jpg","width":660,"height":660},{"@type":"BreadcrumbList","@id":"https:\/\/koningdrone.be\/product\/zenmuse-z3\/#breadcrumb","itemListElement":[{"@type":"ListItem","position":1,"name":"Home","item":"https:\/\/koningdrone.be\/"},{"@type":"ListItem","position":2,"name":"AVSS Parachute Recovery System for DJI Matrice 300\/350","item":"https:\/\/koningdrone.be\/product\/avss-parachute-recovery-system-for-dji-matrice-300-350\/"},{"@type":"ListItem","position":3,"name":"Alle gimbals en cameras","item":"https:\/\/koningdrone.be\/categorie\/alle-gimbals-en-cameras\/"},{"@type":"ListItem","position":4,"name":"DJI Zenmuse Z3"}]},{"@type":"WebSite","@id":"https:\/\/koningdrone.be\/#website","url":"https:\/\/koningdrone.be\/","name":"Koningdrone.be - Votre sp\u00e9cialiste en ligne en mati\u00e8re de drones, de cardans, de cam\u00e9ras et de centrales \u00e9lectriques.","description":"La boutique en ligne de drones et de cardans","publisher":{"@id":"https:\/\/koningdrone.be\/#organization"},"potentialAction":[{"@type":"SearchAction","target":{"@type":"EntryPoint","urlTemplate":"https:\/\/koningdrone.be\/?s={search_term_string}"},"query-input":{"@type":"PropertyValueSpecification","valueRequired":true,"valueName":"search_term_string"}}],"inLanguage":"fr-BE"},{"@type":"Organization","@id":"https:\/\/koningdrone.be\/#organization","name":"Kingdrone.co.uk","url":"https:\/\/koningdrone.be\/","logo":{"@type":"ImageObject","inLanguage":"fr-BE","@id":"https:\/\/koningdrone.be\/#\/schema\/logo\/image\/","url":"https:\/\/koningdrone.be\/wp-content\/uploads\/sites\/13\/2025\/04\/koningdrone-copyright-logo.svg","contentUrl":"https:\/\/koningdrone.be\/wp-content\/uploads\/sites\/13\/2025\/04\/koningdrone-copyright-logo.svg","width":227,"height":38,"caption":"Koningdrone.be"},"image":{"@id":"https:\/\/koningdrone.be\/#\/schema\/logo\/image\/"}}]}},"df_price":"","df_sale_price":"","df_regular_price":"","df_image_link":"https:\/\/koningdrone.be\/wp-content\/uploads\/sites\/13\/2025\/04\/6958265127663-1-720x660-1-300x300.jpg","_links":{"self":[{"href":"https:\/\/koningdrone.be\/fr\/wp-json\/wp\/v2\/product\/7824","targetHints":{"allow":["GET"]}}],"collection":[{"href":"https:\/\/koningdrone.be\/fr\/wp-json\/wp\/v2\/product"}],"about":[{"href":"https:\/\/koningdrone.be\/fr\/wp-json\/wp\/v2\/types\/product"}],"wp:featuredmedia":[{"embeddable":true,"href":"https:\/\/koningdrone.be\/fr\/wp-json\/wp\/v2\/media\/7818"}],"wp:attachment":[{"href":"https:\/\/koningdrone.be\/fr\/wp-json\/wp\/v2\/media?parent=7824"}],"wp:term":[{"taxonomy":"product_brand","embeddable":true,"href":"https:\/\/koningdrone.be\/fr\/wp-json\/wp\/v2\/product_brand?post=7824"},{"taxonomy":"product_cat","embeddable":true,"href":"https:\/\/koningdrone.be\/fr\/wp-json\/wp\/v2\/product_cat?post=7824"},{"taxonomy":"product_tag","embeddable":true,"href":"https:\/\/koningdrone.be\/fr\/wp-json\/wp\/v2\/product_tag?post=7824"}],"curies":[{"name":"wp","href":"https:\/\/api.w.org\/{rel}","templated":true}]}}