{"id":7813,"date":"2018-06-12T20:55:17","date_gmt":"2018-06-12T18:55:17","guid":{"rendered":"https:\/\/koningdrone.nl\/kon\/product\/dji-focus-remote-controller\/"},"modified":"2026-04-29T08:40:04","modified_gmt":"2026-04-29T06:40:04","slug":"dji-focus-remote-controller","status":"publish","type":"product","link":"https:\/\/koningdrone.be\/fr\/produit\/dji-focus-remote-controller\/","title":{"rendered":"T\u00e9l\u00e9commande DJI Focus"},"content":{"rendered":"<h1>T\u00e9l\u00e9commande DJI Focus<\/h1>\n<p>La t\u00e9l\u00e9commande DJI Focus, la t\u00e9l\u00e9commande pour la DJI Focus. Remarque : le moteur n'est pas compris.<br \/>Points finaux ajustables<br \/>Les objectifs de cin\u00e9ma sont dot\u00e9s de but\u00e9es int\u00e9gr\u00e9es, ce qui n'est pas le cas des objectifs photographiques. Lors de la mise au point, vous pouvez r\u00e9gler l'objectif sur les points extr\u00eames de n'importe quel objectif que vous souhaitez utiliser. Comme le moteur utilise un encodeur, le processeur int\u00e9gr\u00e9 sait exactement dans quelle position se trouve le moteur, ce qui vous permet d'ajuster en quelques secondes en tournant l'objectif lui-m\u00eame jusqu'\u00e0 l'infini et en le marquant, puis en r\u00e9p\u00e9tant l'op\u00e9ration \u00e0 l'autre extr\u00e9mit\u00e9.<br \/>Contr\u00f4leur Zenmuse X5 \/ X5R<br \/>Un c\u00e2ble disponible s\u00e9par\u00e9ment permet de connecter l'unit\u00e9 manuelle DJI Focus \u00e0 un \u00e9metteur Inspire. Gr\u00e2ce \u00e0 cette connexion, la mise au point de l'objectif et le diaphragme peuvent \u00eatre contr\u00f4l\u00e9s directement en temps r\u00e9el avec la Focus.<br \/>Faible latence<br \/>Au sol, la t\u00e9l\u00e9commande \u00e9met \u00e0 des distances allant jusqu'\u00e0 100 m\u00e8tres avec un d\u00e9lai de seulement 14 ms en espace ouvert.<br \/>Tension de roue r\u00e9glable<br \/>La molette de mise au point, d\u00e9j\u00e0 tactile, est r\u00e9glable pour r\u00e9pondre \u00e0 vos besoins. Il suffit de tourner la molette jusqu'\u00e0 ce qu'elle atteigne la rigidit\u00e9 ou le rel\u00e2chement qui convient \u00e0 votre main.<br \/>Anneau de marquage rempla\u00e7able<br \/>Un anneau de marquage blanc autour du disque de mise au point est interchangeable et peut \u00eatre marqu\u00e9 \u00e0 l'aide d'un ruban adh\u00e9sif ou d'un crayon de cire pour diff\u00e9rents objectifs ou projets. Une lampe situ\u00e9e derri\u00e8re l'anneau l'\u00e9claire par l'arri\u00e8re, rendant les marquages visibles m\u00eame sur un plateau sombre.<br \/>L'orientation client<br \/>Un menu OLED sur la t\u00e9l\u00e9commande vous permet d'affiner le fonctionnement de la mise au point. Vous pouvez m\u00eame d\u00e9finir plusieurs points de mise au point et la vitesse \u00e0 laquelle l'appareil photo passe de l'un \u00e0 l'autre, ce qui rend les mouvements complexes simples et reproductibles.<br \/>Montage de la rosette<br \/>Connectez d'autres accessoires \u00e0 la t\u00e9l\u00e9commande Focus ou m\u00eame connectez-la \u00e0 d'autres parties de votre \u00e9quipement. Gr\u00e2ce \u00e0 sa rosette int\u00e9gr\u00e9e, elle peut \u00eatre plac\u00e9e o\u00f9 vous le souhaitez en toute s\u00e9curit\u00e9.<br \/>Batterie rechargeable<br \/>La batterie lithium-ion incluse peut alimenter le Focus pendant une prise de vue et peut \u00eatre remplac\u00e9e en quelques secondes lorsqu'elle est \u00e0 court d'\u00e9nergie. Vous pouvez la recharger en studio ou m\u00eame en d\u00e9placement \u00e0 partir d'un bloc d'alimentation via le port de charge USB.<\/p>","protected":false},"excerpt":{"rendered":"<ul>\n<li>Contr\u00f4le la cam\u00e9ra et la rotule Zenmuse X5<\/li>\n<li>Port de communication du bus CAN<\/li>\n<li>Port de charge Micro-USB<\/li>\n<li>Fr\u00e9quence de 2,415 \u00e0 2,473 GHz<\/li>\n<\/ul>","protected":false},"featured_media":7810,"template":"","meta":{"_acf_changed":false},"product_brand":[],"product_cat":[122,97,640,265],"product_tag":[],"class_list":{"0":"post-7813","1":"product","2":"type-product","3":"status-publish","4":"has-post-thumbnail","6":"product_cat-alle-afstandsbedieningen","7":"product_cat-alle-producten","8":"product_cat-dji-focus","9":"product_cat-dji-ronin","10":"product_shipping_class-outofstock","11":"pa_brand-dji","12":"pa_productfamily-afstandsbediening","13":"pa_producttype-afstandsbediening","14":"pa_series-focus","16":"first","17":"outofstock","18":"taxable","19":"shipping-taxable","20":"product-type-simple"},"acf":[],"yoast_head":"<!-- This site is optimized with the Yoast SEO Premium plugin v27.2 (Yoast SEO v27.2) - https:\/\/yoast.com\/product\/yoast-seo-premium-wordpress\/ -->\n<title>DJI Focus Remote Controller - koningdrone.be<\/title>\n<meta name=\"robots\" content=\"index, follow, max-snippet:-1, max-image-preview:large, max-video-preview:-1\" \/>\n<link rel=\"canonical\" href=\"https:\/\/koningdrone.be\/fr\/produit\/dji-focus-remote-controller\/\" \/>\n<meta property=\"og:locale\" content=\"fr_FR\" \/>\n<meta property=\"og:type\" content=\"article\" \/>\n<meta property=\"og:title\" content=\"DJI Focus Remote Controller\" \/>\n<meta property=\"og:description\" content=\"Regelt de Zenmuse X5 Gimbal \/ CameraCAN-bus communicatiepoortMicro-USB oplaadpoort2,415 tot 2,473 GHz-frequentie\" \/>\n<meta property=\"og:url\" content=\"https:\/\/koningdrone.be\/fr\/produit\/dji-focus-remote-controller\/\" \/>\n<meta property=\"og:site_name\" content=\"koningdrone.be\" \/>\n<meta property=\"article:modified_time\" content=\"2026-04-29T06:40:04+00:00\" \/>\n<meta property=\"og:image\" content=\"https:\/\/koningdrone.be\/wp-content\/uploads\/sites\/13\/2025\/04\/6958265104558-1-720x660-1.jpg\" \/>\n\t<meta property=\"og:image:width\" content=\"660\" \/>\n\t<meta property=\"og:image:height\" content=\"660\" \/>\n\t<meta property=\"og:image:type\" content=\"image\/jpeg\" \/>\n<meta name=\"twitter:card\" content=\"summary_large_image\" \/>\n<meta name=\"twitter:label1\" content=\"Dur\u00e9e de lecture est.\" \/>\n\t<meta name=\"twitter:data1\" content=\"2 minutes\" \/>\n<script type=\"application\/ld+json\" class=\"yoast-schema-graph\">{\"@context\":\"https:\/\/schema.org\",\"@graph\":[{\"@type\":\"WebPage\",\"@id\":\"https:\/\/koningdrone.be\/product\/dji-focus-remote-controller\/\",\"url\":\"https:\/\/koningdrone.be\/product\/dji-focus-remote-controller\/\",\"name\":\"DJI Focus Remote Controller - koningdrone.be\",\"isPartOf\":{\"@id\":\"https:\/\/koningdrone.be\/#website\"},\"primaryImageOfPage\":{\"@id\":\"https:\/\/koningdrone.be\/product\/dji-focus-remote-controller\/#primaryimage\"},\"image\":{\"@id\":\"https:\/\/koningdrone.be\/product\/dji-focus-remote-controller\/#primaryimage\"},\"thumbnailUrl\":\"https:\/\/koningdrone.be\/wp-content\/uploads\/sites\/13\/2025\/04\/6958265104558-1-720x660-1.jpg\",\"datePublished\":\"2018-06-12T18:55:17+00:00\",\"dateModified\":\"2026-04-29T06:40:04+00:00\",\"breadcrumb\":{\"@id\":\"https:\/\/koningdrone.be\/product\/dji-focus-remote-controller\/#breadcrumb\"},\"inLanguage\":\"fr-BE\",\"potentialAction\":[{\"@type\":\"ReadAction\",\"target\":[\"https:\/\/koningdrone.be\/product\/dji-focus-remote-controller\/\"]}]},{\"@type\":\"ImageObject\",\"inLanguage\":\"fr-BE\",\"@id\":\"https:\/\/koningdrone.be\/product\/dji-focus-remote-controller\/#primaryimage\",\"url\":\"https:\/\/koningdrone.be\/wp-content\/uploads\/sites\/13\/2025\/04\/6958265104558-1-720x660-1.jpg\",\"contentUrl\":\"https:\/\/koningdrone.be\/wp-content\/uploads\/sites\/13\/2025\/04\/6958265104558-1-720x660-1.jpg\",\"width\":660,\"height\":660},{\"@type\":\"BreadcrumbList\",\"@id\":\"https:\/\/koningdrone.be\/product\/dji-focus-remote-controller\/#breadcrumb\",\"itemListElement\":[{\"@type\":\"ListItem\",\"position\":1,\"name\":\"Home\",\"item\":\"https:\/\/koningdrone.be\/\"},{\"@type\":\"ListItem\",\"position\":2,\"name\":\"AVSS Parachute Recovery System for DJI Matrice 300\/350\",\"item\":\"https:\/\/koningdrone.be\/product\/avss-parachute-recovery-system-for-dji-matrice-300-350\/\"},{\"@type\":\"ListItem\",\"position\":3,\"name\":\"Alle afstandsbedieningen\",\"item\":\"https:\/\/koningdrone.be\/categorie\/alle-afstandsbedieningen\/\"},{\"@type\":\"ListItem\",\"position\":4,\"name\":\"DJI Focus Remote Controller\"}]},{\"@type\":\"WebSite\",\"@id\":\"https:\/\/koningdrone.be\/#website\",\"url\":\"https:\/\/koningdrone.be\/\",\"name\":\"Koningdrone.be - Uw online specialist in drones, gimbals, camera's en power stations.\",\"description\":\"De webshop in drones en gimbals\",\"publisher\":{\"@id\":\"https:\/\/koningdrone.be\/#organization\"},\"potentialAction\":[{\"@type\":\"SearchAction\",\"target\":{\"@type\":\"EntryPoint\",\"urlTemplate\":\"https:\/\/koningdrone.be\/?s={search_term_string}\"},\"query-input\":{\"@type\":\"PropertyValueSpecification\",\"valueRequired\":true,\"valueName\":\"search_term_string\"}}],\"inLanguage\":\"fr-BE\"},{\"@type\":\"Organization\",\"@id\":\"https:\/\/koningdrone.be\/#organization\",\"name\":\"Koningdrone.be\",\"url\":\"https:\/\/koningdrone.be\/\",\"logo\":{\"@type\":\"ImageObject\",\"inLanguage\":\"fr-BE\",\"@id\":\"https:\/\/koningdrone.be\/#\/schema\/logo\/image\/\",\"url\":\"https:\/\/koningdrone.be\/wp-content\/uploads\/sites\/13\/2025\/04\/koningdrone-copyright-logo.svg\",\"contentUrl\":\"https:\/\/koningdrone.be\/wp-content\/uploads\/sites\/13\/2025\/04\/koningdrone-copyright-logo.svg\",\"width\":227,\"height\":38,\"caption\":\"Koningdrone.be\"},\"image\":{\"@id\":\"https:\/\/koningdrone.be\/#\/schema\/logo\/image\/\"}}]}<\/script>\n<!-- \/ Yoast SEO Premium plugin. -->","yoast_head_json":{"title":"DJI Focus Remote Controller - koningdrone.be","robots":{"index":"index","follow":"follow","max-snippet":"max-snippet:-1","max-image-preview":"max-image-preview:large","max-video-preview":"max-video-preview:-1"},"canonical":"https:\/\/koningdrone.be\/fr\/produit\/dji-focus-remote-controller\/","og_locale":"fr_FR","og_type":"article","og_title":"DJI Focus Remote Controller","og_description":"Regelt de Zenmuse X5 Gimbal \/ CameraCAN-bus communicatiepoortMicro-USB oplaadpoort2,415 tot 2,473 GHz-frequentie","og_url":"https:\/\/koningdrone.be\/fr\/produit\/dji-focus-remote-controller\/","og_site_name":"koningdrone.be","article_modified_time":"2026-04-29T06:40:04+00:00","og_image":[{"width":660,"height":660,"url":"https:\/\/koningdrone.be\/wp-content\/uploads\/sites\/13\/2025\/04\/6958265104558-1-720x660-1.jpg","type":"image\/jpeg"}],"twitter_card":"summary_large_image","twitter_misc":{"Dur\u00e9e de lecture est.":"2 minutes"},"schema":{"@context":"https:\/\/schema.org","@graph":[{"@type":"WebPage","@id":"https:\/\/koningdrone.be\/product\/dji-focus-remote-controller\/","url":"https:\/\/koningdrone.be\/product\/dji-focus-remote-controller\/","name":"DJI Focus Remote Controller - koningdrone.be","isPartOf":{"@id":"https:\/\/koningdrone.be\/#website"},"primaryImageOfPage":{"@id":"https:\/\/koningdrone.be\/product\/dji-focus-remote-controller\/#primaryimage"},"image":{"@id":"https:\/\/koningdrone.be\/product\/dji-focus-remote-controller\/#primaryimage"},"thumbnailUrl":"https:\/\/koningdrone.be\/wp-content\/uploads\/sites\/13\/2025\/04\/6958265104558-1-720x660-1.jpg","datePublished":"2018-06-12T18:55:17+00:00","dateModified":"2026-04-29T06:40:04+00:00","breadcrumb":{"@id":"https:\/\/koningdrone.be\/product\/dji-focus-remote-controller\/#breadcrumb"},"inLanguage":"fr-BE","potentialAction":[{"@type":"ReadAction","target":["https:\/\/koningdrone.be\/product\/dji-focus-remote-controller\/"]}]},{"@type":"ImageObject","inLanguage":"fr-BE","@id":"https:\/\/koningdrone.be\/product\/dji-focus-remote-controller\/#primaryimage","url":"https:\/\/koningdrone.be\/wp-content\/uploads\/sites\/13\/2025\/04\/6958265104558-1-720x660-1.jpg","contentUrl":"https:\/\/koningdrone.be\/wp-content\/uploads\/sites\/13\/2025\/04\/6958265104558-1-720x660-1.jpg","width":660,"height":660},{"@type":"BreadcrumbList","@id":"https:\/\/koningdrone.be\/product\/dji-focus-remote-controller\/#breadcrumb","itemListElement":[{"@type":"ListItem","position":1,"name":"Home","item":"https:\/\/koningdrone.be\/"},{"@type":"ListItem","position":2,"name":"AVSS Parachute Recovery System for DJI Matrice 300\/350","item":"https:\/\/koningdrone.be\/product\/avss-parachute-recovery-system-for-dji-matrice-300-350\/"},{"@type":"ListItem","position":3,"name":"Alle afstandsbedieningen","item":"https:\/\/koningdrone.be\/categorie\/alle-afstandsbedieningen\/"},{"@type":"ListItem","position":4,"name":"DJI Focus Remote Controller"}]},{"@type":"WebSite","@id":"https:\/\/koningdrone.be\/#website","url":"https:\/\/koningdrone.be\/","name":"Koningdrone.be - Votre sp\u00e9cialiste en ligne en mati\u00e8re de drones, de cardans, de cam\u00e9ras et de centrales \u00e9lectriques.","description":"La boutique en ligne de drones et de cardans","publisher":{"@id":"https:\/\/koningdrone.be\/#organization"},"potentialAction":[{"@type":"SearchAction","target":{"@type":"EntryPoint","urlTemplate":"https:\/\/koningdrone.be\/?s={search_term_string}"},"query-input":{"@type":"PropertyValueSpecification","valueRequired":true,"valueName":"search_term_string"}}],"inLanguage":"fr-BE"},{"@type":"Organization","@id":"https:\/\/koningdrone.be\/#organization","name":"Kingdrone.co.uk","url":"https:\/\/koningdrone.be\/","logo":{"@type":"ImageObject","inLanguage":"fr-BE","@id":"https:\/\/koningdrone.be\/#\/schema\/logo\/image\/","url":"https:\/\/koningdrone.be\/wp-content\/uploads\/sites\/13\/2025\/04\/koningdrone-copyright-logo.svg","contentUrl":"https:\/\/koningdrone.be\/wp-content\/uploads\/sites\/13\/2025\/04\/koningdrone-copyright-logo.svg","width":227,"height":38,"caption":"Koningdrone.be"},"image":{"@id":"https:\/\/koningdrone.be\/#\/schema\/logo\/image\/"}}]}},"df_price":"","df_sale_price":"","df_regular_price":"","df_image_link":"https:\/\/koningdrone.be\/wp-content\/uploads\/sites\/13\/2025\/04\/6958265104558-1-720x660-1-300x300.jpg","_links":{"self":[{"href":"https:\/\/koningdrone.be\/fr\/wp-json\/wp\/v2\/product\/7813","targetHints":{"allow":["GET"]}}],"collection":[{"href":"https:\/\/koningdrone.be\/fr\/wp-json\/wp\/v2\/product"}],"about":[{"href":"https:\/\/koningdrone.be\/fr\/wp-json\/wp\/v2\/types\/product"}],"wp:featuredmedia":[{"embeddable":true,"href":"https:\/\/koningdrone.be\/fr\/wp-json\/wp\/v2\/media\/7810"}],"wp:attachment":[{"href":"https:\/\/koningdrone.be\/fr\/wp-json\/wp\/v2\/media?parent=7813"}],"wp:term":[{"taxonomy":"product_brand","embeddable":true,"href":"https:\/\/koningdrone.be\/fr\/wp-json\/wp\/v2\/product_brand?post=7813"},{"taxonomy":"product_cat","embeddable":true,"href":"https:\/\/koningdrone.be\/fr\/wp-json\/wp\/v2\/product_cat?post=7813"},{"taxonomy":"product_tag","embeddable":true,"href":"https:\/\/koningdrone.be\/fr\/wp-json\/wp\/v2\/product_tag?post=7813"}],"curies":[{"name":"wp","href":"https:\/\/api.w.org\/{rel}","templated":true}]}}