{"id":7805,"date":"2018-08-12T08:58:19","date_gmt":"2018-08-12T06:58:19","guid":{"rendered":"https:\/\/koningdrone.nl\/kon\/product\/dji-zenmuse-x5r\/"},"modified":"2026-04-29T08:20:40","modified_gmt":"2026-04-29T06:20:40","slug":"dji-zenmuse-x5r","status":"publish","type":"product","link":"https:\/\/koningdrone.be\/fr\/produit\/dji-zenmuse-x5r\/","title":{"rendered":"DJI Zenmuse X5R"},"content":{"rendered":"<h1>DJI Zenmuse X5R<\/h1>\n<p>La Zenmuse X5R est la premi\u00e8re cam\u00e9ra a\u00e9rienne Micro Four Thirds au monde capable d'enregistrer des vid\u00e9os 4K en RAW. Avec une fr\u00e9quence d'images allant jusqu'\u00e0 30 fps et un d\u00e9bit moyen de 1,7 Gbps, la X5R vous permet de capturer des images professionnelles \u00e0 couper le souffle, encore et encore. \u00c9quip\u00e9e d'un puissant capteur MFT, la cam\u00e9ra prend \u00e9galement des photos de 16 MP avec des d\u00e9tails \u00e9poustouflants, tandis que le support de stabilisation \u00e0 3 axes int\u00e9gr\u00e9 maintient la cam\u00e9ra \u00e0 l'horizontale. Enfin, une cam\u00e9ra a\u00e9rienne vraiment adapt\u00e9e aux professionnels.<\/p>\n<p><strong>Fait pour l'air<\/strong><br \/>Pour cr\u00e9er le premier syst\u00e8me d'imagerie a\u00e9rienne professionnel enti\u00e8rement int\u00e9gr\u00e9, le Zenmuse X5R a \u00e9t\u00e9 con\u00e7u d\u00e8s le d\u00e9part pour \u00eatre parfaitement compatible avec l'Inspire 1, le quadcopter le plus avanc\u00e9 de DJI. Avec un mouvement de cam\u00e9ra \u00e0 360 degr\u00e9s et la prise en charge d'un double contr\u00f4leur, l'Inspire 1 est la plateforme a\u00e9rienne pr\u00eate \u00e0 voler pr\u00e9f\u00e9r\u00e9e des passionn\u00e9s et des professionnels du monde entier. D\u00e9sormais, gr\u00e2ce \u00e0 une proc\u00e9dure d'installation simple, vous pouvez mettre \u00e0 niveau la cam\u00e9ra de votre ordinateur Inspire 1 sur le Zenmuse X5R, en augmentant consid\u00e9rablement ses capacit\u00e9s d'imagerie tout en conservant sa facilit\u00e9 d'utilisation et sa fiabilit\u00e9.<\/p>\n<p><strong>La force brute<\/strong><br \/>Avec la Zenmuse X5R, DJI apporte pour la premi\u00e8re fois la puissance du format RAW \u00e0 une cam\u00e9ra a\u00e9rienne d\u00e9di\u00e9e. Capable d'enregistrer des vid\u00e9os en 4K (3840 x 2160) en<br \/>RAW jusqu'\u00e0 30 images par seconde, la Zenmuse X5R vous permet de filmer n'importe quelle vid\u00e9o avec toutes les donn\u00e9es d'origine intactes, ce qui vous donne un contr\u00f4le total pour \u00e9diter n'importe quelle vid\u00e9o.<br \/>La Zenmuse X5R peut enregistrer chaque image en post-production sous la forme d'un fichier RAW. Combin\u00e9es \u00e0 un d\u00e9bit binaire maximal de 2,4 Gbps, les vid\u00e9os 4K enregistr\u00e9es par la Zenmuse X5R vous surprendront.<br \/>avec un niveau de d\u00e9tail et de clart\u00e9 in\u00e9gal\u00e9 par les autres cam\u00e9ras a\u00e9riennes.<\/p>\n<p><strong>Stabilisation au niveau suivant<\/strong><br \/>Parfaitement int\u00e9gr\u00e9 \u00e0 l'appareil photo, un cardan \u00e0 3 axes utilise la technologie de stabilisation de pointe de DJI pour stabiliser automatiquement votre appareil photo en vol. Ce cardan communique en permanence avec l'appareil pendant que vous volez, et de puissants moteurs sans balais r\u00e9agissent instantan\u00e9ment \u00e0 tout petit mouvement pour maintenir l'appareil \u00e0 niveau, m\u00eame lorsque vous filmez des contenus \u00e0 longue exposition ou en time-lapse. Concentrez-vous sur ce que vous voulez filmer, en sachant que les images obtenues seront stables et pr\u00eates \u00e0 l'emploi.<\/p>\n<p>Premi\u00e8re cam\u00e9ra Micro Four Thirds au monde con\u00e7ue sp\u00e9cifiquement pour la photographie et la vid\u00e9ographie a\u00e9riennes professionnelles, la Zenmuse X5R vous offre la libert\u00e9 de choisir. Votre objectif En utilisant la monture standard MFT, la Zenmuse X5R est bien plac\u00e9e pour profiter des nouveaux produits et des innovations des principaux fabricants d'objectifs.<\/p>\n<p>Une gamme d'objectifs est actuellement compatible avec le Zenmuse X5R. Avec des sp\u00e9cifications diff\u00e9rentes, mais avec la m\u00eame qualit\u00e9 sup\u00e9rieure, ces trois objectifs vous offrent une grande flexibilit\u00e9.<\/p>","protected":false},"excerpt":{"rendered":"<ul>\n<li>Photos de 16 m\u00e9gapixels<\/li>\n<li>R\u00e9solution maximale des photos : 4608 x 3456 pixels<\/li>\n<li>Ultra HD 4096\u00d72160 (24 et 25p) - 3840\u00d72160 (25 et 30p)<\/li>\n<li>Full HD 1920\u00d71080 (24, 25, 30, 48, 50 et 60p)<\/li>\n<li>Plage ISO de 100 \u00e0 25600<\/li>\n<li>Vitesse d'obturation r\u00e9glable de 8s \u00e0 1\/8000s<\/li>\n<li>D\u00e9bit vid\u00e9o maximal de 2,4 Gbps (moyenne de 1,7 Gbps)<\/li>\n<li>Prise de vue unique ou en rafale de 3, 5 ou 7 images<\/li>\n<li>Enregistrement vid\u00e9o cin\u00e9ma 4K RAW sans perte avec une r\u00e9solution de 4096\u00d72160 pixels<\/li>\n<li>Enregistrements sur cartes m\u00e9moire micro-SD ou sur un disque SSD de 512 Go<\/li>\n<li>Monture Micro Four Thirds<\/li>\n<li>Plus de 12 arr\u00eats de la gamme dynamique<\/li>\n<li>Bracketing automatique de l'exposition<\/li>\n<li>Time-lapse (5, 7, 10, 20 et 30s)<\/li>\n<li>Formats de fichiers pris en charge FAT32\/exFAT, JPEG, DNG, MP4, MOV, RAW<\/li>\n<li>Fonctionne avec le quadcopter Inspire 1<\/li>\n<\/ul>","protected":false},"featured_media":7804,"template":"","meta":{"_acf_changed":false},"product_brand":[],"product_cat":[315,298,97,316],"product_tag":[],"class_list":{"0":"post-7805","1":"product","2":"type-product","3":"status-publish","4":"has-post-thumbnail","6":"product_cat-alle-gimbals-en-cameras","7":"product_cat-alle-industriele-camera","8":"product_cat-alle-producten","9":"product_cat-dji-zenmuse","10":"product_shipping_class-outofstock","11":"pa_brand-dji","12":"pa_productfamily-camera","13":"pa_producttype-camera","14":"pa_series-zenmuse-x5r","16":"first","17":"outofstock","18":"taxable","19":"shipping-taxable","20":"product-type-simple"},"acf":[],"yoast_head":"<!-- This site is optimized with the Yoast SEO Premium plugin v27.2 (Yoast SEO v27.2) - https:\/\/yoast.com\/product\/yoast-seo-premium-wordpress\/ -->\n<title>DJI Zenmuse X5R - koningdrone.be<\/title>\n<meta name=\"robots\" content=\"index, follow, max-snippet:-1, max-image-preview:large, max-video-preview:-1\" \/>\n<link rel=\"canonical\" href=\"https:\/\/koningdrone.be\/fr\/produit\/dji-zenmuse-x5r\/\" \/>\n<meta property=\"og:locale\" content=\"fr_FR\" \/>\n<meta property=\"og:type\" content=\"article\" \/>\n<meta property=\"og:title\" content=\"DJI Zenmuse X5R\" \/>\n<meta property=\"og:description\" content=\"16 megapixel foto&#039;sMaximale fotoresolutie van 4608 x 3456 pixelsUltra HD 4096x2160 (24 en 25p) \u2022 3840x2160 (25 en 30p)Full HD 1920x1080 (24, 25, 30, 48, 50 en 60p)ISO-bereik van 100 \u2022 25600Sluitertijd instelbaar van 8s tot 1\/8000sMaximale video bitrate van 2.4Gbps (gemiddeld 1.7Gbps)Enkele opname, burst-opname van 3, 5 of 7 beeldenLossless cinema 4K RAW videoopnames met een resolutie van 4096x2160 pixelsNeemt op op micro-SD-geheugenkaarten of op een 512GB SSD-schijfMicro Four Thirds mountMeer dan 12 stops dynamisch bereikAuto exposure bracketingTime-lapse (5, 7, 10, 20 en 30s)Ondersteunde bestandsformaten FAT32\/exFAT, JPEG, DNG, MP4, MOV, RAWWerkt met de Inspire 1 quadcopter\" \/>\n<meta property=\"og:url\" content=\"https:\/\/koningdrone.be\/fr\/produit\/dji-zenmuse-x5r\/\" \/>\n<meta property=\"og:site_name\" content=\"koningdrone.be\" \/>\n<meta property=\"article:modified_time\" content=\"2026-04-29T06:20:40+00:00\" \/>\n<meta property=\"og:image\" content=\"https:\/\/koningdrone.be\/wp-content\/uploads\/sites\/13\/2025\/04\/6958265121500-1.jpg\" \/>\n\t<meta property=\"og:image:width\" content=\"660\" \/>\n\t<meta property=\"og:image:height\" content=\"660\" \/>\n\t<meta property=\"og:image:type\" content=\"image\/jpeg\" \/>\n<meta name=\"twitter:card\" content=\"summary_large_image\" \/>\n<meta name=\"twitter:label1\" content=\"Dur\u00e9e de lecture est.\" \/>\n\t<meta name=\"twitter:data1\" content=\"2 minutes\" \/>\n<script type=\"application\/ld+json\" class=\"yoast-schema-graph\">{\"@context\":\"https:\/\/schema.org\",\"@graph\":[{\"@type\":\"WebPage\",\"@id\":\"https:\/\/koningdrone.be\/product\/dji-zenmuse-x5r\/\",\"url\":\"https:\/\/koningdrone.be\/product\/dji-zenmuse-x5r\/\",\"name\":\"DJI Zenmuse X5R - koningdrone.be\",\"isPartOf\":{\"@id\":\"https:\/\/koningdrone.be\/#website\"},\"primaryImageOfPage\":{\"@id\":\"https:\/\/koningdrone.be\/product\/dji-zenmuse-x5r\/#primaryimage\"},\"image\":{\"@id\":\"https:\/\/koningdrone.be\/product\/dji-zenmuse-x5r\/#primaryimage\"},\"thumbnailUrl\":\"https:\/\/koningdrone.be\/wp-content\/uploads\/sites\/13\/2025\/04\/6958265121500-1.jpg\",\"datePublished\":\"2018-08-12T06:58:19+00:00\",\"dateModified\":\"2026-04-29T06:20:40+00:00\",\"breadcrumb\":{\"@id\":\"https:\/\/koningdrone.be\/product\/dji-zenmuse-x5r\/#breadcrumb\"},\"inLanguage\":\"fr-BE\",\"potentialAction\":[{\"@type\":\"ReadAction\",\"target\":[\"https:\/\/koningdrone.be\/product\/dji-zenmuse-x5r\/\"]}]},{\"@type\":\"ImageObject\",\"inLanguage\":\"fr-BE\",\"@id\":\"https:\/\/koningdrone.be\/product\/dji-zenmuse-x5r\/#primaryimage\",\"url\":\"https:\/\/koningdrone.be\/wp-content\/uploads\/sites\/13\/2025\/04\/6958265121500-1.jpg\",\"contentUrl\":\"https:\/\/koningdrone.be\/wp-content\/uploads\/sites\/13\/2025\/04\/6958265121500-1.jpg\",\"width\":660,\"height\":660},{\"@type\":\"BreadcrumbList\",\"@id\":\"https:\/\/koningdrone.be\/product\/dji-zenmuse-x5r\/#breadcrumb\",\"itemListElement\":[{\"@type\":\"ListItem\",\"position\":1,\"name\":\"Home\",\"item\":\"https:\/\/koningdrone.be\/\"},{\"@type\":\"ListItem\",\"position\":2,\"name\":\"AVSS Parachute Recovery System for DJI Matrice 300\/350\",\"item\":\"https:\/\/koningdrone.be\/product\/avss-parachute-recovery-system-for-dji-matrice-300-350\/\"},{\"@type\":\"ListItem\",\"position\":3,\"name\":\"Alle gimbals en cameras\",\"item\":\"https:\/\/koningdrone.be\/categorie\/alle-gimbals-en-cameras\/\"},{\"@type\":\"ListItem\",\"position\":4,\"name\":\"DJI Zenmuse X5R\"}]},{\"@type\":\"WebSite\",\"@id\":\"https:\/\/koningdrone.be\/#website\",\"url\":\"https:\/\/koningdrone.be\/\",\"name\":\"Koningdrone.be - Uw online specialist in drones, gimbals, camera's en power stations.\",\"description\":\"De webshop in drones en gimbals\",\"publisher\":{\"@id\":\"https:\/\/koningdrone.be\/#organization\"},\"potentialAction\":[{\"@type\":\"SearchAction\",\"target\":{\"@type\":\"EntryPoint\",\"urlTemplate\":\"https:\/\/koningdrone.be\/?s={search_term_string}\"},\"query-input\":{\"@type\":\"PropertyValueSpecification\",\"valueRequired\":true,\"valueName\":\"search_term_string\"}}],\"inLanguage\":\"fr-BE\"},{\"@type\":\"Organization\",\"@id\":\"https:\/\/koningdrone.be\/#organization\",\"name\":\"Koningdrone.be\",\"url\":\"https:\/\/koningdrone.be\/\",\"logo\":{\"@type\":\"ImageObject\",\"inLanguage\":\"fr-BE\",\"@id\":\"https:\/\/koningdrone.be\/#\/schema\/logo\/image\/\",\"url\":\"https:\/\/koningdrone.be\/wp-content\/uploads\/sites\/13\/2025\/04\/koningdrone-copyright-logo.svg\",\"contentUrl\":\"https:\/\/koningdrone.be\/wp-content\/uploads\/sites\/13\/2025\/04\/koningdrone-copyright-logo.svg\",\"width\":227,\"height\":38,\"caption\":\"Koningdrone.be\"},\"image\":{\"@id\":\"https:\/\/koningdrone.be\/#\/schema\/logo\/image\/\"}}]}<\/script>\n<!-- \/ Yoast SEO Premium plugin. -->","yoast_head_json":{"title":"DJI Zenmuse X5R - koningdrone.be","robots":{"index":"index","follow":"follow","max-snippet":"max-snippet:-1","max-image-preview":"max-image-preview:large","max-video-preview":"max-video-preview:-1"},"canonical":"https:\/\/koningdrone.be\/fr\/produit\/dji-zenmuse-x5r\/","og_locale":"fr_FR","og_type":"article","og_title":"DJI Zenmuse X5R","og_description":"16 megapixel foto'sMaximale fotoresolutie van 4608 x 3456 pixelsUltra HD 4096x2160 (24 en 25p) \u2022 3840x2160 (25 en 30p)Full HD 1920x1080 (24, 25, 30, 48, 50 en 60p)ISO-bereik van 100 \u2022 25600Sluitertijd instelbaar van 8s tot 1\/8000sMaximale video bitrate van 2.4Gbps (gemiddeld 1.7Gbps)Enkele opname, burst-opname van 3, 5 of 7 beeldenLossless cinema 4K RAW videoopnames met een resolutie van 4096x2160 pixelsNeemt op op micro-SD-geheugenkaarten of op een 512GB SSD-schijfMicro Four Thirds mountMeer dan 12 stops dynamisch bereikAuto exposure bracketingTime-lapse (5, 7, 10, 20 en 30s)Ondersteunde bestandsformaten FAT32\/exFAT, JPEG, DNG, MP4, MOV, RAWWerkt met de Inspire 1 quadcopter","og_url":"https:\/\/koningdrone.be\/fr\/produit\/dji-zenmuse-x5r\/","og_site_name":"koningdrone.be","article_modified_time":"2026-04-29T06:20:40+00:00","og_image":[{"width":660,"height":660,"url":"https:\/\/koningdrone.be\/wp-content\/uploads\/sites\/13\/2025\/04\/6958265121500-1.jpg","type":"image\/jpeg"}],"twitter_card":"summary_large_image","twitter_misc":{"Dur\u00e9e de lecture est.":"2 minutes"},"schema":{"@context":"https:\/\/schema.org","@graph":[{"@type":"WebPage","@id":"https:\/\/koningdrone.be\/product\/dji-zenmuse-x5r\/","url":"https:\/\/koningdrone.be\/product\/dji-zenmuse-x5r\/","name":"DJI Zenmuse X5R - koningdrone.be","isPartOf":{"@id":"https:\/\/koningdrone.be\/#website"},"primaryImageOfPage":{"@id":"https:\/\/koningdrone.be\/product\/dji-zenmuse-x5r\/#primaryimage"},"image":{"@id":"https:\/\/koningdrone.be\/product\/dji-zenmuse-x5r\/#primaryimage"},"thumbnailUrl":"https:\/\/koningdrone.be\/wp-content\/uploads\/sites\/13\/2025\/04\/6958265121500-1.jpg","datePublished":"2018-08-12T06:58:19+00:00","dateModified":"2026-04-29T06:20:40+00:00","breadcrumb":{"@id":"https:\/\/koningdrone.be\/product\/dji-zenmuse-x5r\/#breadcrumb"},"inLanguage":"fr-BE","potentialAction":[{"@type":"ReadAction","target":["https:\/\/koningdrone.be\/product\/dji-zenmuse-x5r\/"]}]},{"@type":"ImageObject","inLanguage":"fr-BE","@id":"https:\/\/koningdrone.be\/product\/dji-zenmuse-x5r\/#primaryimage","url":"https:\/\/koningdrone.be\/wp-content\/uploads\/sites\/13\/2025\/04\/6958265121500-1.jpg","contentUrl":"https:\/\/koningdrone.be\/wp-content\/uploads\/sites\/13\/2025\/04\/6958265121500-1.jpg","width":660,"height":660},{"@type":"BreadcrumbList","@id":"https:\/\/koningdrone.be\/product\/dji-zenmuse-x5r\/#breadcrumb","itemListElement":[{"@type":"ListItem","position":1,"name":"Home","item":"https:\/\/koningdrone.be\/"},{"@type":"ListItem","position":2,"name":"AVSS Parachute Recovery System for DJI Matrice 300\/350","item":"https:\/\/koningdrone.be\/product\/avss-parachute-recovery-system-for-dji-matrice-300-350\/"},{"@type":"ListItem","position":3,"name":"Alle gimbals en cameras","item":"https:\/\/koningdrone.be\/categorie\/alle-gimbals-en-cameras\/"},{"@type":"ListItem","position":4,"name":"DJI Zenmuse X5R"}]},{"@type":"WebSite","@id":"https:\/\/koningdrone.be\/#website","url":"https:\/\/koningdrone.be\/","name":"Koningdrone.be - Votre sp\u00e9cialiste en ligne en mati\u00e8re de drones, de cardans, de cam\u00e9ras et de centrales \u00e9lectriques.","description":"La boutique en ligne de drones et de cardans","publisher":{"@id":"https:\/\/koningdrone.be\/#organization"},"potentialAction":[{"@type":"SearchAction","target":{"@type":"EntryPoint","urlTemplate":"https:\/\/koningdrone.be\/?s={search_term_string}"},"query-input":{"@type":"PropertyValueSpecification","valueRequired":true,"valueName":"search_term_string"}}],"inLanguage":"fr-BE"},{"@type":"Organization","@id":"https:\/\/koningdrone.be\/#organization","name":"Kingdrone.co.uk","url":"https:\/\/koningdrone.be\/","logo":{"@type":"ImageObject","inLanguage":"fr-BE","@id":"https:\/\/koningdrone.be\/#\/schema\/logo\/image\/","url":"https:\/\/koningdrone.be\/wp-content\/uploads\/sites\/13\/2025\/04\/koningdrone-copyright-logo.svg","contentUrl":"https:\/\/koningdrone.be\/wp-content\/uploads\/sites\/13\/2025\/04\/koningdrone-copyright-logo.svg","width":227,"height":38,"caption":"Koningdrone.be"},"image":{"@id":"https:\/\/koningdrone.be\/#\/schema\/logo\/image\/"}}]}},"df_price":"","df_sale_price":"","df_regular_price":"","df_image_link":"https:\/\/koningdrone.be\/wp-content\/uploads\/sites\/13\/2025\/04\/6958265121500-1-300x300.jpg","_links":{"self":[{"href":"https:\/\/koningdrone.be\/fr\/wp-json\/wp\/v2\/product\/7805","targetHints":{"allow":["GET"]}}],"collection":[{"href":"https:\/\/koningdrone.be\/fr\/wp-json\/wp\/v2\/product"}],"about":[{"href":"https:\/\/koningdrone.be\/fr\/wp-json\/wp\/v2\/types\/product"}],"wp:featuredmedia":[{"embeddable":true,"href":"https:\/\/koningdrone.be\/fr\/wp-json\/wp\/v2\/media\/7804"}],"wp:attachment":[{"href":"https:\/\/koningdrone.be\/fr\/wp-json\/wp\/v2\/media?parent=7805"}],"wp:term":[{"taxonomy":"product_brand","embeddable":true,"href":"https:\/\/koningdrone.be\/fr\/wp-json\/wp\/v2\/product_brand?post=7805"},{"taxonomy":"product_cat","embeddable":true,"href":"https:\/\/koningdrone.be\/fr\/wp-json\/wp\/v2\/product_cat?post=7805"},{"taxonomy":"product_tag","embeddable":true,"href":"https:\/\/koningdrone.be\/fr\/wp-json\/wp\/v2\/product_tag?post=7805"}],"curies":[{"name":"wp","href":"https:\/\/api.w.org\/{rel}","templated":true}]}}