{"id":7628,"date":"2018-08-12T08:58:38","date_gmt":"2018-08-12T06:58:38","guid":{"rendered":"https:\/\/koningdrone.nl\/kon\/product\/dji-inspire-2-battery-station-tb50\/"},"modified":"2026-04-29T08:50:08","modified_gmt":"2026-04-29T06:50:08","slug":"dji-inspire-2-battery-station-tb50","status":"publish","type":"product","link":"https:\/\/koningdrone.be\/fr\/produit\/dji-inspire-2-battery-station-tb50\/","title":{"rendered":"DJI Inspire 2 Station de batterie TB50"},"content":{"rendered":"<h1>DJI Inspire 2 Station de batterie TB50<\/h1>\n<p>Afin d'assurer l'efficacit\u00e9 des \u00e9quipes de tournage professionnelles pour chaque t\u00e2che de tournage, DJI pr\u00e9sente une nouvelle station de batterie con\u00e7ue sp\u00e9cifiquement pour la batterie intelligente TB50. La DJI Battery Station est la solution tout-en-un pour charger, stocker et transporter les batteries.<br \/>Chargement complet<br \/>Gr\u00e2ce \u00e0 une gestion efficace et intelligente, la station de batterie DJI garantit que le mat\u00e9riel d'enregistrement est toujours pr\u00eat \u00e0 l'emploi. La station de batterie peut charger simultan\u00e9ment jusqu'\u00e0 huit batteries intelligentes TB50. De plus, elle peut charger d'autres appareils, notamment la t\u00e9l\u00e9commande Inspire 2 et la batterie intelligente CrystalSky \/ Cendence via plusieurs ports de charge, et m\u00eame des appareils mobiles via des ports USB. En d'autres termes, la DJI Battery Station est \u00e9quip\u00e9e pour r\u00e9pondre aux besoins de tous vos appareils d\u00e9pendants de l'alimentation.<br \/>En plus de l'alimentation, la station de batterie DJI fournit des informations essentielles sur vos batteries afin d'assurer une gestion ad\u00e9quate. Lorsqu'une batterie intelligente TB50 est connect\u00e9e, la version actuelle du micrologiciel s'affiche sur l'\u00e9cran LCD de la station. Lorsqu'elle est connect\u00e9e \u00e0 un ordinateur via le c\u00e2ble USB, la station de batterie peut mettre \u00e0 jour jusqu'\u00e0 huit batteries \u00e0 leur derni\u00e8re version de firmware via DJI Assistant 2 sur l'ordinateur*.<br \/>La station de batterie DJI est construite dans un bo\u00eetier qui offre un stockage maximal. Elle peut stocker jusqu'\u00e0 12 batteries intelligentes TB50, deux batteries intelligentes CrystalSky \/ Cendence et un concentrateur de charge de batterie CrystalSky \/ Cendence. \u00c9quip\u00e9e de roulettes et d'une poign\u00e9e t\u00e9lescopique pour les d\u00e9placements, la station d'alimentation permet de r\u00e9aliser des prises de vue tout au long de la journ\u00e9e.<br \/>* Compatibilit\u00e9 bient\u00f4t disponible. Une mise \u00e0 jour du logiciel est n\u00e9cessaire.<br \/>Modes de charge multiples<br \/>Sur un plateau de tournage, chaque seconde compte.  La DJI Battery Station utilise 3 modes de charge - Normal, Rapide et Silencieux - pour fournir la meilleure gestion de l'\u00e9nergie pour chaque sc\u00e9nario.<br \/>En mode normal, huit batteries intelligentes TB50 connect\u00e9es peuvent \u00eatre charg\u00e9es simultan\u00e9ment jusqu'\u00e0 ce que toutes les batteries soient compl\u00e8tement charg\u00e9es.<br \/>Le mode rapide charge les quatre batteries intelligentes TB50 ayant le niveau de batterie le plus \u00e9lev\u00e9 dans le m\u00eame groupe \u00e0 90% en seulement 35 minutes, ce qui en fait une option utile en cas d'utilisation urgente.<br \/>En mode silencieux, la vitesse de chargement est r\u00e9duite pour permettre un processus plus silencieux pour les chargements du soir ou lorsqu'un niveau sonore limit\u00e9 est autoris\u00e9 sur le plateau.<br \/>D\u00e9charge rapide et facile<br \/>La station de batterie DJI est \u00e9galement dot\u00e9e de fonctions permettant de pr\u00e9server la qualit\u00e9 des batteries. Le mode de d\u00e9charge ram\u00e8ne les batteries \u00e0 25% pour le transport et \u00e0 50% pour le stockage. Cette fonction de d\u00e9charge intelligente et facile \u00e0 utiliser am\u00e9liore la maintenance des batteries et prolonge leur dur\u00e9e de vie.<br \/>Une conception sophistiqu\u00e9e pour la s\u00e9curit\u00e9 et la fiabilit\u00e9<br \/>Nous comprenons que la s\u00e9curit\u00e9 est une priorit\u00e9 absolue lorsqu'il s'agit de batteries. C'est pourquoi la station de batterie DJI est con\u00e7ue avec des mesures robustes pour assurer une charge et un stockage fiables de toutes vos batteries.<br \/>Un ventilateur int\u00e9gr\u00e9 dissipe la chaleur pendant la charge. La d\u00e9tection de surchauffe surveille la temp\u00e9rature de la batterie en temps r\u00e9el pour s'assurer que chaque batterie reste dans une plage de s\u00e9curit\u00e9. Si une surchauffe est d\u00e9tect\u00e9e, la station de recharge interrompt automatiquement la charge et la d\u00e9charge pour \u00e9viter les risques de s\u00e9curit\u00e9.<br \/>La station de batterie DJI est fabriqu\u00e9e en plastique conforme aux normes d'allumage am\u00e9ricaines UL94 V-0, ce qui r\u00e9duit les risques pouvant survenir dans les environnements extr\u00eames. De la conception aux mat\u00e9riaux, chaque aspect est s\u00fbr et fiable.<\/p>","protected":false},"excerpt":{"rendered":"<ul>\n<li>Stockage surdimensionn\u00e9 pouvant accueillir jusqu'\u00e0 12 batteries intelligentes TB50, deux batteries intelligentes CrystalSky \/ Cendence et un concentrateur de charge de batterie CrystalSky \/ Cendence<\/li>\n<li>Chargez jusqu'\u00e0 huit batteries TB50 simultan\u00e9ment. Sur plusieurs ports, vous pouvez \u00e9galement charger la t\u00e9l\u00e9commande Inspire 2, la batterie intelligente CrystalSky \/ Cendence et un appareil mobile.<\/li>\n<li>Lors de la charge d'une batterie intelligente TB50, l'\u00e9cran LCD de la station de recharge affiche la version actuelle du micrologiciel.<\/li>\n<li>La fonction de d\u00e9charge rapide, facile et intelligente am\u00e9liore la maintenance de la batterie pour le stockage et les voyages.<\/li>\n<li>Un ventilateur de refroidissement int\u00e9gr\u00e9 permet \u00e0 chaque batterie de rester dans une plage de s\u00e9curit\u00e9.<\/li>\n<li>Protection contre la surchauffe<\/li>\n<li>Les roues et la poign\u00e9e de la station d'accumulateurs DJI la rendent pratique pour les d\u00e9placements.<\/li>\n<\/ul>","protected":false},"featured_media":7623,"template":"","meta":{"_acf_changed":false},"product_brand":[],"product_cat":[113,97,201,641,788],"product_tag":[],"class_list":{"0":"post-7628","1":"product","2":"type-product","3":"status-publish","4":"has-post-thumbnail","6":"product_cat-alle-batterijen","7":"product_cat-alle-producten","8":"product_cat-alle-tassen-en-koffers","9":"product_cat-dji-inspire","10":"product_cat-dji-inspire-2","11":"product_shipping_class-outofstock","12":"pa_brand-dji","13":"pa_productfamily-koffer","14":"pa_producttype-koffer","15":"pa_series-inspire-2","17":"first","18":"outofstock","19":"taxable","20":"shipping-taxable","21":"product-type-simple"},"acf":[],"yoast_head":"<!-- This site is optimized with the Yoast SEO Premium plugin v27.2 (Yoast SEO v27.2) - https:\/\/yoast.com\/product\/yoast-seo-premium-wordpress\/ -->\n<title>DJI Inspire 2 Battery Station TB50 - koningdrone.be<\/title>\n<meta name=\"robots\" content=\"index, follow, max-snippet:-1, max-image-preview:large, max-video-preview:-1\" \/>\n<link rel=\"canonical\" href=\"https:\/\/koningdrone.be\/fr\/produit\/dji-inspire-2-battery-station-tb50\/\" \/>\n<meta property=\"og:locale\" content=\"fr_FR\" \/>\n<meta property=\"og:type\" content=\"article\" \/>\n<meta property=\"og:title\" content=\"DJI Inspire 2 Battery Station TB50\" \/>\n<meta property=\"og:description\" content=\"Supergrote opslagruimte voor maximaal 12 TB50 intelligente batterijen, twee CrystalSky \/ Cendence intelligente batterijen en een CrystalSky \/ Cendence batterij laadhubLaad tot acht TB50-batterijen tegelijkertijd op. Op meerdere poorten kunt u ook de Inspire 2-afstandsbediening, CrystalSky \/ Cendence Intelligent Battery en een mobiel apparaat opladenBij het opladen van een TB50 Intelligent Battery geeft het LCD-scherm van het Battery Station de huidige firmwareversie weerSnelle, eenvoudige en intelligente ontlaadfunctie verbetert het batterijonderhoud voor opslag en reizenEen ingebouwde koelventilator zorgt ervoor dat elke batterij binnen een veilig bereik blijftBescherming tegen oververhittingWielen en een handgreep maken de DJI Battery Station handig om te reizen\" \/>\n<meta property=\"og:url\" content=\"https:\/\/koningdrone.be\/fr\/produit\/dji-inspire-2-battery-station-tb50\/\" \/>\n<meta property=\"og:site_name\" content=\"koningdrone.be\" \/>\n<meta property=\"article:modified_time\" content=\"2026-04-29T06:50:08+00:00\" \/>\n<meta property=\"og:image\" content=\"https:\/\/koningdrone.be\/wp-content\/uploads\/sites\/13\/2025\/04\/6958265154287-1.jpg\" \/>\n\t<meta property=\"og:image:width\" content=\"660\" \/>\n\t<meta property=\"og:image:height\" content=\"660\" \/>\n\t<meta property=\"og:image:type\" content=\"image\/jpeg\" \/>\n<meta name=\"twitter:card\" content=\"summary_large_image\" \/>\n<meta name=\"twitter:label1\" content=\"Dur\u00e9e de lecture est.\" \/>\n\t<meta name=\"twitter:data1\" content=\"3 minutes\" \/>\n<script type=\"application\/ld+json\" class=\"yoast-schema-graph\">{\"@context\":\"https:\/\/schema.org\",\"@graph\":[{\"@type\":\"WebPage\",\"@id\":\"https:\/\/koningdrone.be\/product\/dji-inspire-2-battery-station-tb50\/\",\"url\":\"https:\/\/koningdrone.be\/product\/dji-inspire-2-battery-station-tb50\/\",\"name\":\"DJI Inspire 2 Battery Station TB50 - koningdrone.be\",\"isPartOf\":{\"@id\":\"https:\/\/koningdrone.be\/#website\"},\"primaryImageOfPage\":{\"@id\":\"https:\/\/koningdrone.be\/product\/dji-inspire-2-battery-station-tb50\/#primaryimage\"},\"image\":{\"@id\":\"https:\/\/koningdrone.be\/product\/dji-inspire-2-battery-station-tb50\/#primaryimage\"},\"thumbnailUrl\":\"https:\/\/koningdrone.be\/wp-content\/uploads\/sites\/13\/2025\/04\/6958265154287-1.jpg\",\"datePublished\":\"2018-08-12T06:58:38+00:00\",\"dateModified\":\"2026-04-29T06:50:08+00:00\",\"breadcrumb\":{\"@id\":\"https:\/\/koningdrone.be\/product\/dji-inspire-2-battery-station-tb50\/#breadcrumb\"},\"inLanguage\":\"fr-BE\",\"potentialAction\":[{\"@type\":\"ReadAction\",\"target\":[\"https:\/\/koningdrone.be\/product\/dji-inspire-2-battery-station-tb50\/\"]}]},{\"@type\":\"ImageObject\",\"inLanguage\":\"fr-BE\",\"@id\":\"https:\/\/koningdrone.be\/product\/dji-inspire-2-battery-station-tb50\/#primaryimage\",\"url\":\"https:\/\/koningdrone.be\/wp-content\/uploads\/sites\/13\/2025\/04\/6958265154287-1.jpg\",\"contentUrl\":\"https:\/\/koningdrone.be\/wp-content\/uploads\/sites\/13\/2025\/04\/6958265154287-1.jpg\",\"width\":660,\"height\":660},{\"@type\":\"BreadcrumbList\",\"@id\":\"https:\/\/koningdrone.be\/product\/dji-inspire-2-battery-station-tb50\/#breadcrumb\",\"itemListElement\":[{\"@type\":\"ListItem\",\"position\":1,\"name\":\"Home\",\"item\":\"https:\/\/koningdrone.be\/\"},{\"@type\":\"ListItem\",\"position\":2,\"name\":\"AVSS Parachute Recovery System for DJI Matrice 300\/350\",\"item\":\"https:\/\/koningdrone.be\/product\/avss-parachute-recovery-system-for-dji-matrice-300-350\/\"},{\"@type\":\"ListItem\",\"position\":3,\"name\":\"Alle batterijen\",\"item\":\"https:\/\/koningdrone.be\/categorie\/alle-batterijen\/\"},{\"@type\":\"ListItem\",\"position\":4,\"name\":\"DJI Inspire 2 Battery Station TB50\"}]},{\"@type\":\"WebSite\",\"@id\":\"https:\/\/koningdrone.be\/#website\",\"url\":\"https:\/\/koningdrone.be\/\",\"name\":\"Koningdrone.be - Uw online specialist in drones, gimbals, camera's en power stations.\",\"description\":\"De webshop in drones en gimbals\",\"publisher\":{\"@id\":\"https:\/\/koningdrone.be\/#organization\"},\"potentialAction\":[{\"@type\":\"SearchAction\",\"target\":{\"@type\":\"EntryPoint\",\"urlTemplate\":\"https:\/\/koningdrone.be\/?s={search_term_string}\"},\"query-input\":{\"@type\":\"PropertyValueSpecification\",\"valueRequired\":true,\"valueName\":\"search_term_string\"}}],\"inLanguage\":\"fr-BE\"},{\"@type\":\"Organization\",\"@id\":\"https:\/\/koningdrone.be\/#organization\",\"name\":\"Koningdrone.be\",\"url\":\"https:\/\/koningdrone.be\/\",\"logo\":{\"@type\":\"ImageObject\",\"inLanguage\":\"fr-BE\",\"@id\":\"https:\/\/koningdrone.be\/#\/schema\/logo\/image\/\",\"url\":\"https:\/\/koningdrone.be\/wp-content\/uploads\/sites\/13\/2025\/04\/koningdrone-copyright-logo.svg\",\"contentUrl\":\"https:\/\/koningdrone.be\/wp-content\/uploads\/sites\/13\/2025\/04\/koningdrone-copyright-logo.svg\",\"width\":227,\"height\":38,\"caption\":\"Koningdrone.be\"},\"image\":{\"@id\":\"https:\/\/koningdrone.be\/#\/schema\/logo\/image\/\"}}]}<\/script>\n<!-- \/ Yoast SEO Premium plugin. -->","yoast_head_json":{"title":"DJI Inspire 2 Battery Station TB50 - koningdrone.be","robots":{"index":"index","follow":"follow","max-snippet":"max-snippet:-1","max-image-preview":"max-image-preview:large","max-video-preview":"max-video-preview:-1"},"canonical":"https:\/\/koningdrone.be\/fr\/produit\/dji-inspire-2-battery-station-tb50\/","og_locale":"fr_FR","og_type":"article","og_title":"DJI Inspire 2 Battery Station TB50","og_description":"Supergrote opslagruimte voor maximaal 12 TB50 intelligente batterijen, twee CrystalSky \/ Cendence intelligente batterijen en een CrystalSky \/ Cendence batterij laadhubLaad tot acht TB50-batterijen tegelijkertijd op. Op meerdere poorten kunt u ook de Inspire 2-afstandsbediening, CrystalSky \/ Cendence Intelligent Battery en een mobiel apparaat opladenBij het opladen van een TB50 Intelligent Battery geeft het LCD-scherm van het Battery Station de huidige firmwareversie weerSnelle, eenvoudige en intelligente ontlaadfunctie verbetert het batterijonderhoud voor opslag en reizenEen ingebouwde koelventilator zorgt ervoor dat elke batterij binnen een veilig bereik blijftBescherming tegen oververhittingWielen en een handgreep maken de DJI Battery Station handig om te reizen","og_url":"https:\/\/koningdrone.be\/fr\/produit\/dji-inspire-2-battery-station-tb50\/","og_site_name":"koningdrone.be","article_modified_time":"2026-04-29T06:50:08+00:00","og_image":[{"width":660,"height":660,"url":"https:\/\/koningdrone.be\/wp-content\/uploads\/sites\/13\/2025\/04\/6958265154287-1.jpg","type":"image\/jpeg"}],"twitter_card":"summary_large_image","twitter_misc":{"Dur\u00e9e de lecture est.":"3 minutes"},"schema":{"@context":"https:\/\/schema.org","@graph":[{"@type":"WebPage","@id":"https:\/\/koningdrone.be\/product\/dji-inspire-2-battery-station-tb50\/","url":"https:\/\/koningdrone.be\/product\/dji-inspire-2-battery-station-tb50\/","name":"DJI Inspire 2 Battery Station TB50 - koningdrone.be","isPartOf":{"@id":"https:\/\/koningdrone.be\/#website"},"primaryImageOfPage":{"@id":"https:\/\/koningdrone.be\/product\/dji-inspire-2-battery-station-tb50\/#primaryimage"},"image":{"@id":"https:\/\/koningdrone.be\/product\/dji-inspire-2-battery-station-tb50\/#primaryimage"},"thumbnailUrl":"https:\/\/koningdrone.be\/wp-content\/uploads\/sites\/13\/2025\/04\/6958265154287-1.jpg","datePublished":"2018-08-12T06:58:38+00:00","dateModified":"2026-04-29T06:50:08+00:00","breadcrumb":{"@id":"https:\/\/koningdrone.be\/product\/dji-inspire-2-battery-station-tb50\/#breadcrumb"},"inLanguage":"fr-BE","potentialAction":[{"@type":"ReadAction","target":["https:\/\/koningdrone.be\/product\/dji-inspire-2-battery-station-tb50\/"]}]},{"@type":"ImageObject","inLanguage":"fr-BE","@id":"https:\/\/koningdrone.be\/product\/dji-inspire-2-battery-station-tb50\/#primaryimage","url":"https:\/\/koningdrone.be\/wp-content\/uploads\/sites\/13\/2025\/04\/6958265154287-1.jpg","contentUrl":"https:\/\/koningdrone.be\/wp-content\/uploads\/sites\/13\/2025\/04\/6958265154287-1.jpg","width":660,"height":660},{"@type":"BreadcrumbList","@id":"https:\/\/koningdrone.be\/product\/dji-inspire-2-battery-station-tb50\/#breadcrumb","itemListElement":[{"@type":"ListItem","position":1,"name":"Home","item":"https:\/\/koningdrone.be\/"},{"@type":"ListItem","position":2,"name":"AVSS Parachute Recovery System for DJI Matrice 300\/350","item":"https:\/\/koningdrone.be\/product\/avss-parachute-recovery-system-for-dji-matrice-300-350\/"},{"@type":"ListItem","position":3,"name":"Alle batterijen","item":"https:\/\/koningdrone.be\/categorie\/alle-batterijen\/"},{"@type":"ListItem","position":4,"name":"DJI Inspire 2 Battery Station TB50"}]},{"@type":"WebSite","@id":"https:\/\/koningdrone.be\/#website","url":"https:\/\/koningdrone.be\/","name":"Koningdrone.be - Votre sp\u00e9cialiste en ligne en mati\u00e8re de drones, de cardans, de cam\u00e9ras et de centrales \u00e9lectriques.","description":"La boutique en ligne de drones et de cardans","publisher":{"@id":"https:\/\/koningdrone.be\/#organization"},"potentialAction":[{"@type":"SearchAction","target":{"@type":"EntryPoint","urlTemplate":"https:\/\/koningdrone.be\/?s={search_term_string}"},"query-input":{"@type":"PropertyValueSpecification","valueRequired":true,"valueName":"search_term_string"}}],"inLanguage":"fr-BE"},{"@type":"Organization","@id":"https:\/\/koningdrone.be\/#organization","name":"Kingdrone.co.uk","url":"https:\/\/koningdrone.be\/","logo":{"@type":"ImageObject","inLanguage":"fr-BE","@id":"https:\/\/koningdrone.be\/#\/schema\/logo\/image\/","url":"https:\/\/koningdrone.be\/wp-content\/uploads\/sites\/13\/2025\/04\/koningdrone-copyright-logo.svg","contentUrl":"https:\/\/koningdrone.be\/wp-content\/uploads\/sites\/13\/2025\/04\/koningdrone-copyright-logo.svg","width":227,"height":38,"caption":"Koningdrone.be"},"image":{"@id":"https:\/\/koningdrone.be\/#\/schema\/logo\/image\/"}}]}},"df_price":"","df_sale_price":"","df_regular_price":"","df_image_link":"https:\/\/koningdrone.be\/wp-content\/uploads\/sites\/13\/2025\/04\/6958265154287-1-300x300.jpg","_links":{"self":[{"href":"https:\/\/koningdrone.be\/fr\/wp-json\/wp\/v2\/product\/7628","targetHints":{"allow":["GET"]}}],"collection":[{"href":"https:\/\/koningdrone.be\/fr\/wp-json\/wp\/v2\/product"}],"about":[{"href":"https:\/\/koningdrone.be\/fr\/wp-json\/wp\/v2\/types\/product"}],"wp:featuredmedia":[{"embeddable":true,"href":"https:\/\/koningdrone.be\/fr\/wp-json\/wp\/v2\/media\/7623"}],"wp:attachment":[{"href":"https:\/\/koningdrone.be\/fr\/wp-json\/wp\/v2\/media?parent=7628"}],"wp:term":[{"taxonomy":"product_brand","embeddable":true,"href":"https:\/\/koningdrone.be\/fr\/wp-json\/wp\/v2\/product_brand?post=7628"},{"taxonomy":"product_cat","embeddable":true,"href":"https:\/\/koningdrone.be\/fr\/wp-json\/wp\/v2\/product_cat?post=7628"},{"taxonomy":"product_tag","embeddable":true,"href":"https:\/\/koningdrone.be\/fr\/wp-json\/wp\/v2\/product_tag?post=7628"}],"curies":[{"name":"wp","href":"https:\/\/api.w.org\/{rel}","templated":true}]}}