{"id":7616,"date":"2018-10-10T06:42:44","date_gmt":"2018-10-10T04:42:44","guid":{"rendered":"https:\/\/koningdrone.nl\/kon\/product\/dji-mavic-2-remote-controller-tablet-holder\/"},"modified":"2026-04-29T04:40:32","modified_gmt":"2026-04-29T02:40:32","slug":"dji-mavic-2-remote-controller-tablet-holder","status":"publish","type":"product","link":"https:\/\/koningdrone.be\/fr\/produit\/dji-mavic-2-remote-controller-tablet-holder\/","title":{"rendered":"Support de tablette pour t\u00e9l\u00e9commande DJI Mavic 2"},"content":{"rendered":"<h1>Support de tablette pour t\u00e9l\u00e9commande DJI Mavic 2<\/h1>\n<p>Le support de tablette Mavic 2 est compatible avec la plupart des tablettes du march\u00e9 et la t\u00e9l\u00e9commande Mavic 2.<br \/>La base peut \u00eatre mont\u00e9e sur le support pour appareils mobiles de la t\u00e9l\u00e9commande Mavic 2. Le clip \u00e0 ressort situ\u00e9 en haut peut accueillir des tablettes de 7 \u00e0 10 pouces.<br \/>Il est fabriqu\u00e9 en aluminium de haute qualit\u00e9 gr\u00e2ce \u00e0 un usinage CNC pr\u00e9cis. Sa conception pliable lui conf\u00e8re l\u00e9g\u00e8ret\u00e9 et stabilit\u00e9.<\/p>","protected":false},"excerpt":{"rendered":"<ul>\n<li>Fabriqu\u00e9 en aluminium de haute qualit\u00e9<\/li>\n<li>Compatible avec la plupart des tablettes (entre 7 et 10 pouces)<\/li>\n<li>Conception l\u00e9g\u00e8re et stable<\/li>\n<\/ul>","protected":false},"featured_media":7612,"template":"","meta":{"_acf_changed":false},"product_brand":[],"product_cat":[122,97,871],"product_tag":[],"class_list":{"0":"post-7616","1":"product","2":"type-product","3":"status-publish","4":"has-post-thumbnail","6":"product_cat-alle-afstandsbedieningen","7":"product_cat-alle-producten","8":"product_cat-dji-mavic","9":"product_shipping_class-outofstock","10":"pa_brand-dji","11":"pa_productfamily-afstandsbediening","12":"pa_producttype-afstandsbediening","13":"pa_series-mavic-2-enterprise-dual","14":"pa_series-mavic-2-enterprise-zoom","15":"pa_series-mavic-2-pro","16":"pa_series-mavic-2-zoom","18":"first","19":"outofstock","20":"taxable","21":"shipping-taxable","22":"purchasable","23":"product-type-simple"},"acf":[],"yoast_head":"<!-- This site is optimized with the Yoast SEO Premium plugin v27.2 (Yoast SEO v27.2) - https:\/\/yoast.com\/product\/yoast-seo-premium-wordpress\/ -->\n<title>DJI Mavic 2 Remote Controller Tablet Holder - koningdrone.be<\/title>\n<meta name=\"robots\" content=\"index, follow, max-snippet:-1, max-image-preview:large, max-video-preview:-1\" \/>\n<link rel=\"canonical\" href=\"https:\/\/koningdrone.be\/fr\/produit\/dji-mavic-2-remote-controller-tablet-holder\/\" \/>\n<meta property=\"og:locale\" content=\"fr_FR\" \/>\n<meta property=\"og:type\" content=\"article\" \/>\n<meta property=\"og:title\" content=\"DJI Mavic 2 Remote Controller Tablet Holder\" \/>\n<meta property=\"og:description\" content=\"Gemaakt van hoogwaardige aluminiumCompatibel met de meeste tablets (tussen de 7-10 inch)Licht en stabiel ontwerp\" \/>\n<meta property=\"og:url\" content=\"https:\/\/koningdrone.be\/fr\/produit\/dji-mavic-2-remote-controller-tablet-holder\/\" \/>\n<meta property=\"og:site_name\" content=\"koningdrone.be\" \/>\n<meta property=\"article:modified_time\" content=\"2026-04-29T02:40:32+00:00\" \/>\n<meta property=\"og:image\" content=\"https:\/\/koningdrone.be\/wp-content\/uploads\/sites\/13\/2025\/04\/6958265175824-1.jpg\" \/>\n\t<meta property=\"og:image:width\" content=\"720\" \/>\n\t<meta property=\"og:image:height\" content=\"480\" \/>\n\t<meta property=\"og:image:type\" content=\"image\/jpeg\" \/>\n<meta name=\"twitter:card\" content=\"summary_large_image\" \/>\n<script type=\"application\/ld+json\" class=\"yoast-schema-graph\">{\"@context\":\"https:\/\/schema.org\",\"@graph\":[{\"@type\":\"WebPage\",\"@id\":\"https:\/\/koningdrone.be\/product\/dji-mavic-2-remote-controller-tablet-holder\/\",\"url\":\"https:\/\/koningdrone.be\/product\/dji-mavic-2-remote-controller-tablet-holder\/\",\"name\":\"DJI Mavic 2 Remote Controller Tablet Holder - koningdrone.be\",\"isPartOf\":{\"@id\":\"https:\/\/koningdrone.be\/#website\"},\"primaryImageOfPage\":{\"@id\":\"https:\/\/koningdrone.be\/product\/dji-mavic-2-remote-controller-tablet-holder\/#primaryimage\"},\"image\":{\"@id\":\"https:\/\/koningdrone.be\/product\/dji-mavic-2-remote-controller-tablet-holder\/#primaryimage\"},\"thumbnailUrl\":\"https:\/\/koningdrone.be\/wp-content\/uploads\/sites\/13\/2025\/04\/6958265175824-1.jpg\",\"datePublished\":\"2018-10-10T04:42:44+00:00\",\"dateModified\":\"2026-04-29T02:40:32+00:00\",\"breadcrumb\":{\"@id\":\"https:\/\/koningdrone.be\/product\/dji-mavic-2-remote-controller-tablet-holder\/#breadcrumb\"},\"inLanguage\":\"fr-BE\",\"potentialAction\":[{\"@type\":\"ReadAction\",\"target\":[\"https:\/\/koningdrone.be\/product\/dji-mavic-2-remote-controller-tablet-holder\/\"]}]},{\"@type\":\"ImageObject\",\"inLanguage\":\"fr-BE\",\"@id\":\"https:\/\/koningdrone.be\/product\/dji-mavic-2-remote-controller-tablet-holder\/#primaryimage\",\"url\":\"https:\/\/koningdrone.be\/wp-content\/uploads\/sites\/13\/2025\/04\/6958265175824-1.jpg\",\"contentUrl\":\"https:\/\/koningdrone.be\/wp-content\/uploads\/sites\/13\/2025\/04\/6958265175824-1.jpg\",\"width\":720,\"height\":480},{\"@type\":\"BreadcrumbList\",\"@id\":\"https:\/\/koningdrone.be\/product\/dji-mavic-2-remote-controller-tablet-holder\/#breadcrumb\",\"itemListElement\":[{\"@type\":\"ListItem\",\"position\":1,\"name\":\"Home\",\"item\":\"https:\/\/koningdrone.be\/\"},{\"@type\":\"ListItem\",\"position\":2,\"name\":\"AVSS Parachute Recovery System for DJI Matrice 300\/350\",\"item\":\"https:\/\/koningdrone.be\/product\/avss-parachute-recovery-system-for-dji-matrice-300-350\/\"},{\"@type\":\"ListItem\",\"position\":3,\"name\":\"Alle afstandsbedieningen\",\"item\":\"https:\/\/koningdrone.be\/categorie\/alle-afstandsbedieningen\/\"},{\"@type\":\"ListItem\",\"position\":4,\"name\":\"DJI Mavic 2 Remote Controller Tablet Holder\"}]},{\"@type\":\"WebSite\",\"@id\":\"https:\/\/koningdrone.be\/#website\",\"url\":\"https:\/\/koningdrone.be\/\",\"name\":\"Koningdrone.be - Uw online specialist in drones, gimbals, camera's en power stations.\",\"description\":\"De webshop in drones en gimbals\",\"publisher\":{\"@id\":\"https:\/\/koningdrone.be\/#organization\"},\"potentialAction\":[{\"@type\":\"SearchAction\",\"target\":{\"@type\":\"EntryPoint\",\"urlTemplate\":\"https:\/\/koningdrone.be\/?s={search_term_string}\"},\"query-input\":{\"@type\":\"PropertyValueSpecification\",\"valueRequired\":true,\"valueName\":\"search_term_string\"}}],\"inLanguage\":\"fr-BE\"},{\"@type\":\"Organization\",\"@id\":\"https:\/\/koningdrone.be\/#organization\",\"name\":\"Koningdrone.be\",\"url\":\"https:\/\/koningdrone.be\/\",\"logo\":{\"@type\":\"ImageObject\",\"inLanguage\":\"fr-BE\",\"@id\":\"https:\/\/koningdrone.be\/#\/schema\/logo\/image\/\",\"url\":\"https:\/\/koningdrone.be\/wp-content\/uploads\/sites\/13\/2025\/04\/koningdrone-copyright-logo.svg\",\"contentUrl\":\"https:\/\/koningdrone.be\/wp-content\/uploads\/sites\/13\/2025\/04\/koningdrone-copyright-logo.svg\",\"width\":227,\"height\":38,\"caption\":\"Koningdrone.be\"},\"image\":{\"@id\":\"https:\/\/koningdrone.be\/#\/schema\/logo\/image\/\"}}]}<\/script>\n<!-- \/ Yoast SEO Premium plugin. -->","yoast_head_json":{"title":"DJI Mavic 2 Remote Controller Tablet Holder - koningdrone.be","robots":{"index":"index","follow":"follow","max-snippet":"max-snippet:-1","max-image-preview":"max-image-preview:large","max-video-preview":"max-video-preview:-1"},"canonical":"https:\/\/koningdrone.be\/fr\/produit\/dji-mavic-2-remote-controller-tablet-holder\/","og_locale":"fr_FR","og_type":"article","og_title":"DJI Mavic 2 Remote Controller Tablet Holder","og_description":"Gemaakt van hoogwaardige aluminiumCompatibel met de meeste tablets (tussen de 7-10 inch)Licht en stabiel ontwerp","og_url":"https:\/\/koningdrone.be\/fr\/produit\/dji-mavic-2-remote-controller-tablet-holder\/","og_site_name":"koningdrone.be","article_modified_time":"2026-04-29T02:40:32+00:00","og_image":[{"width":720,"height":480,"url":"https:\/\/koningdrone.be\/wp-content\/uploads\/sites\/13\/2025\/04\/6958265175824-1.jpg","type":"image\/jpeg"}],"twitter_card":"summary_large_image","schema":{"@context":"https:\/\/schema.org","@graph":[{"@type":"WebPage","@id":"https:\/\/koningdrone.be\/product\/dji-mavic-2-remote-controller-tablet-holder\/","url":"https:\/\/koningdrone.be\/product\/dji-mavic-2-remote-controller-tablet-holder\/","name":"DJI Mavic 2 Remote Controller Tablet Holder - koningdrone.be","isPartOf":{"@id":"https:\/\/koningdrone.be\/#website"},"primaryImageOfPage":{"@id":"https:\/\/koningdrone.be\/product\/dji-mavic-2-remote-controller-tablet-holder\/#primaryimage"},"image":{"@id":"https:\/\/koningdrone.be\/product\/dji-mavic-2-remote-controller-tablet-holder\/#primaryimage"},"thumbnailUrl":"https:\/\/koningdrone.be\/wp-content\/uploads\/sites\/13\/2025\/04\/6958265175824-1.jpg","datePublished":"2018-10-10T04:42:44+00:00","dateModified":"2026-04-29T02:40:32+00:00","breadcrumb":{"@id":"https:\/\/koningdrone.be\/product\/dji-mavic-2-remote-controller-tablet-holder\/#breadcrumb"},"inLanguage":"fr-BE","potentialAction":[{"@type":"ReadAction","target":["https:\/\/koningdrone.be\/product\/dji-mavic-2-remote-controller-tablet-holder\/"]}]},{"@type":"ImageObject","inLanguage":"fr-BE","@id":"https:\/\/koningdrone.be\/product\/dji-mavic-2-remote-controller-tablet-holder\/#primaryimage","url":"https:\/\/koningdrone.be\/wp-content\/uploads\/sites\/13\/2025\/04\/6958265175824-1.jpg","contentUrl":"https:\/\/koningdrone.be\/wp-content\/uploads\/sites\/13\/2025\/04\/6958265175824-1.jpg","width":720,"height":480},{"@type":"BreadcrumbList","@id":"https:\/\/koningdrone.be\/product\/dji-mavic-2-remote-controller-tablet-holder\/#breadcrumb","itemListElement":[{"@type":"ListItem","position":1,"name":"Home","item":"https:\/\/koningdrone.be\/"},{"@type":"ListItem","position":2,"name":"AVSS Parachute Recovery System for DJI Matrice 300\/350","item":"https:\/\/koningdrone.be\/product\/avss-parachute-recovery-system-for-dji-matrice-300-350\/"},{"@type":"ListItem","position":3,"name":"Alle afstandsbedieningen","item":"https:\/\/koningdrone.be\/categorie\/alle-afstandsbedieningen\/"},{"@type":"ListItem","position":4,"name":"DJI Mavic 2 Remote Controller Tablet Holder"}]},{"@type":"WebSite","@id":"https:\/\/koningdrone.be\/#website","url":"https:\/\/koningdrone.be\/","name":"Koningdrone.be - Votre sp\u00e9cialiste en ligne en mati\u00e8re de drones, de cardans, de cam\u00e9ras et de centrales \u00e9lectriques.","description":"La boutique en ligne de drones et de cardans","publisher":{"@id":"https:\/\/koningdrone.be\/#organization"},"potentialAction":[{"@type":"SearchAction","target":{"@type":"EntryPoint","urlTemplate":"https:\/\/koningdrone.be\/?s={search_term_string}"},"query-input":{"@type":"PropertyValueSpecification","valueRequired":true,"valueName":"search_term_string"}}],"inLanguage":"fr-BE"},{"@type":"Organization","@id":"https:\/\/koningdrone.be\/#organization","name":"Kingdrone.co.uk","url":"https:\/\/koningdrone.be\/","logo":{"@type":"ImageObject","inLanguage":"fr-BE","@id":"https:\/\/koningdrone.be\/#\/schema\/logo\/image\/","url":"https:\/\/koningdrone.be\/wp-content\/uploads\/sites\/13\/2025\/04\/koningdrone-copyright-logo.svg","contentUrl":"https:\/\/koningdrone.be\/wp-content\/uploads\/sites\/13\/2025\/04\/koningdrone-copyright-logo.svg","width":227,"height":38,"caption":"Koningdrone.be"},"image":{"@id":"https:\/\/koningdrone.be\/#\/schema\/logo\/image\/"}}]}},"df_price":12,"df_sale_price":"","df_regular_price":12,"df_image_link":"https:\/\/koningdrone.be\/wp-content\/uploads\/sites\/13\/2025\/04\/6958265175824-1-300x200.jpg","_links":{"self":[{"href":"https:\/\/koningdrone.be\/fr\/wp-json\/wp\/v2\/product\/7616","targetHints":{"allow":["GET"]}}],"collection":[{"href":"https:\/\/koningdrone.be\/fr\/wp-json\/wp\/v2\/product"}],"about":[{"href":"https:\/\/koningdrone.be\/fr\/wp-json\/wp\/v2\/types\/product"}],"wp:featuredmedia":[{"embeddable":true,"href":"https:\/\/koningdrone.be\/fr\/wp-json\/wp\/v2\/media\/7612"}],"wp:attachment":[{"href":"https:\/\/koningdrone.be\/fr\/wp-json\/wp\/v2\/media?parent=7616"}],"wp:term":[{"taxonomy":"product_brand","embeddable":true,"href":"https:\/\/koningdrone.be\/fr\/wp-json\/wp\/v2\/product_brand?post=7616"},{"taxonomy":"product_cat","embeddable":true,"href":"https:\/\/koningdrone.be\/fr\/wp-json\/wp\/v2\/product_cat?post=7616"},{"taxonomy":"product_tag","embeddable":true,"href":"https:\/\/koningdrone.be\/fr\/wp-json\/wp\/v2\/product_tag?post=7616"}],"curies":[{"name":"wp","href":"https:\/\/api.w.org\/{rel}","templated":true}]}}