{"id":7611,"date":"2018-10-10T06:42:44","date_gmt":"2018-10-10T04:42:44","guid":{"rendered":"https:\/\/koningdrone.nl\/kon\/product\/dji-mavic-2-flymore-kit\/"},"modified":"2026-04-29T07:20:15","modified_gmt":"2026-04-29T05:20:15","slug":"dji-mavic-2-flymore-kit","status":"publish","type":"product","link":"https:\/\/koningdrone.be\/fr\/produit\/dji-mavic-2-flymore-kit\/","title":{"rendered":"Kit DJI Mavic 2 Flymore"},"content":{"rendered":"<h1>Kit DJI Mavic 2 Flymore<\/h1>\n<p>Le kit Mavic 2 Fly More comprend 2 batteries Intelligent Flight, un chargeur de voiture Mavic 2, un concentrateur de charge, un adaptateur batterie-banque d'\u00e9nergie, des h\u00e9lices silencieuses et un sac \u00e0 bandouli\u00e8re Mavic 2, qui vous offre un soutien complet lors de vos prises de vue.<\/p>\n<p><strong>Batteries de vol intelligentes<\/strong><\/p>\n<p>Les deux batteries Intelligent Flight ont une capacit\u00e9 de 59,29 Wh et une dur\u00e9e de vol maximale de 31 minutes. Gr\u00e2ce au syst\u00e8me DJI Intelligent Battery Management System int\u00e9gr\u00e9, l'\u00e9tat de la batterie est surveill\u00e9 et signal\u00e9 en temps r\u00e9el, ce qui vous permet de vous concentrer moins sur l'alimentation et plus sur le vol \u00e9pique.<\/p>\n<p><strong>Chargeur de voiture<\/strong><\/p>\n<p>Le chargeur de voiture Mavic 2 vous permet de recharger les batteries pendant que vous conduisez. Il dispose d'une puissance de sortie maximale de 80 W et est \u00e9quip\u00e9 d'une technologie de protection contre les basses tensions qui garantit que la charge n'emp\u00eache pas votre voiture de d\u00e9marrer normalement.<\/p>\n<p><strong>Concentrateur de charge<\/strong><\/p>\n<p>Le concentrateur de charge de batterie augmente l'efficacit\u00e9 en chargeant les batteries dans le bon ordre en fonction de leur niveau d'\u00e9nergie restant, les batteries les plus charg\u00e9es \u00e9tant aliment\u00e9es en premier. La conception pliable du concentrateur de charge de batterie permet de l'emporter partout. Vous pouvez m\u00eame b\u00e9n\u00e9ficier de quatre ports de charge lorsque vous l'utilisez avec le chargeur de voiture ou le chargeur de batterie.<\/p>\n<p><strong>Bloc d'alimentation pour t\u00e9l\u00e9phone portable<\/strong><\/p>\n<p>L'adaptateur batterie-banque d'\u00e9nergie transforme les batteries de vol intelligentes en une banque d'\u00e9nergie de grande capacit\u00e9. Chaque adaptateur batterie-banque d'\u00e9nergie dispose de deux ports USB de type A, avec une double sortie de 10 W, ce qui vous permet de recharger compl\u00e8tement un smartphone avec seulement 20% de batterie.<\/p>\n<p><strong>H\u00e9lices<\/strong><\/p>\n<p>Le kit comprend \u00e9galement deux paires d'h\u00e9lices silencieuses. Ces h\u00e9lices de nouvelle g\u00e9n\u00e9ration adoptent un tout nouveau design a\u00e9rodynamique, ce qui se traduit par un vol plus silencieux, une efficacit\u00e9 accrue et une dur\u00e9e de vol plus longue.<\/p>\n<p><strong>Sac \u00e0 bandouli\u00e8re<\/strong><\/p>\n<p>Con\u00e7u sp\u00e9cifiquement pour le Mavic 2, le sac \u00e0 bandouli\u00e8re polyvalent Mavic 2 peut accueillir un avion, une t\u00e9l\u00e9commande, quatre batteries Intelligent Flight, un smartphone, des h\u00e9lices suppl\u00e9mentaires, des filtres ND, des c\u00e2bles, des cartes microSD et une multitude d'autres accessoires.<\/p>","protected":false},"excerpt":{"rendered":"<ul>\n<li>Plusieurs batteries Intelligent Flight pour des vols plus longs<\/li>\n<li>Recharger les batteries pendant la conduite<\/li>\n<li>Transformez vos piles en banques d'\u00e9nergie<\/li>\n<li>Des h\u00e9lices silencieuses pour un vol plus silencieux<\/li>\n<li>Un sac \u00e0 bandouli\u00e8re polyvalent pour tout transporter<\/li>\n<\/ul>","protected":false},"featured_media":7610,"template":"","meta":{"_acf_changed":false},"product_brand":[],"product_cat":[135,97,871],"product_tag":[],"class_list":{"0":"post-7611","1":"product","2":"type-product","3":"status-publish","4":"has-post-thumbnail","6":"product_cat-alle-drones","7":"product_cat-alle-producten","8":"product_cat-dji-mavic","9":"product_shipping_class-outofstock","10":"pa_brand-dji","11":"pa_productfamily-flymore-pakket","12":"pa_producttype-flymore-pakket","13":"pa_series-mavic-2-enterprise-dual","14":"pa_series-mavic-2-enterprise-zoom","15":"pa_series-mavic-2-pro","16":"pa_series-mavic-2-zoom","18":"first","19":"outofstock","20":"taxable","21":"shipping-taxable","22":"product-type-simple"},"acf":[],"yoast_head":"<!-- This site is optimized with the Yoast SEO Premium plugin v27.2 (Yoast SEO v27.2) - https:\/\/yoast.com\/product\/yoast-seo-premium-wordpress\/ -->\n<title>DJI Mavic 2 Flymore Kit - koningdrone.be<\/title>\n<meta name=\"robots\" content=\"index, follow, max-snippet:-1, max-image-preview:large, max-video-preview:-1\" \/>\n<link rel=\"canonical\" href=\"https:\/\/koningdrone.be\/fr\/produit\/dji-mavic-2-flymore-kit\/\" \/>\n<meta property=\"og:locale\" content=\"fr_FR\" \/>\n<meta property=\"og:type\" content=\"article\" \/>\n<meta property=\"og:title\" content=\"DJI Mavic 2 Flymore Kit\" \/>\n<meta property=\"og:description\" content=\"Meerdere Intelligent Flight-batterijen voor een langere vluchtLaad batterijen op tijdens het rijdenVerander uw batterijen in power banksStille propellers voor een stillere vluchtEen veelzijdige schoudertas om alles mee te dragen\" \/>\n<meta property=\"og:url\" content=\"https:\/\/koningdrone.be\/fr\/produit\/dji-mavic-2-flymore-kit\/\" \/>\n<meta property=\"og:site_name\" content=\"koningdrone.be\" \/>\n<meta property=\"article:modified_time\" content=\"2026-04-29T05:20:15+00:00\" \/>\n<meta property=\"og:image\" content=\"https:\/\/koningdrone.be\/wp-content\/uploads\/sites\/13\/2025\/04\/6958265174605-1.jpg\" \/>\n\t<meta property=\"og:image:width\" content=\"653\" \/>\n\t<meta property=\"og:image:height\" content=\"660\" \/>\n\t<meta property=\"og:image:type\" content=\"image\/jpeg\" \/>\n<meta name=\"twitter:card\" content=\"summary_large_image\" \/>\n<meta name=\"twitter:label1\" content=\"Dur\u00e9e de lecture est.\" \/>\n\t<meta name=\"twitter:data1\" content=\"2 minutes\" \/>\n<script type=\"application\/ld+json\" class=\"yoast-schema-graph\">{\"@context\":\"https:\/\/schema.org\",\"@graph\":[{\"@type\":\"WebPage\",\"@id\":\"https:\/\/koningdrone.be\/product\/dji-mavic-2-flymore-kit\/\",\"url\":\"https:\/\/koningdrone.be\/product\/dji-mavic-2-flymore-kit\/\",\"name\":\"DJI Mavic 2 Flymore Kit - koningdrone.be\",\"isPartOf\":{\"@id\":\"https:\/\/koningdrone.be\/#website\"},\"primaryImageOfPage\":{\"@id\":\"https:\/\/koningdrone.be\/product\/dji-mavic-2-flymore-kit\/#primaryimage\"},\"image\":{\"@id\":\"https:\/\/koningdrone.be\/product\/dji-mavic-2-flymore-kit\/#primaryimage\"},\"thumbnailUrl\":\"https:\/\/koningdrone.be\/wp-content\/uploads\/sites\/13\/2025\/04\/6958265174605-1.jpg\",\"datePublished\":\"2018-10-10T04:42:44+00:00\",\"dateModified\":\"2026-04-29T05:20:15+00:00\",\"breadcrumb\":{\"@id\":\"https:\/\/koningdrone.be\/product\/dji-mavic-2-flymore-kit\/#breadcrumb\"},\"inLanguage\":\"fr-BE\",\"potentialAction\":[{\"@type\":\"ReadAction\",\"target\":[\"https:\/\/koningdrone.be\/product\/dji-mavic-2-flymore-kit\/\"]}]},{\"@type\":\"ImageObject\",\"inLanguage\":\"fr-BE\",\"@id\":\"https:\/\/koningdrone.be\/product\/dji-mavic-2-flymore-kit\/#primaryimage\",\"url\":\"https:\/\/koningdrone.be\/wp-content\/uploads\/sites\/13\/2025\/04\/6958265174605-1.jpg\",\"contentUrl\":\"https:\/\/koningdrone.be\/wp-content\/uploads\/sites\/13\/2025\/04\/6958265174605-1.jpg\",\"width\":653,\"height\":660},{\"@type\":\"BreadcrumbList\",\"@id\":\"https:\/\/koningdrone.be\/product\/dji-mavic-2-flymore-kit\/#breadcrumb\",\"itemListElement\":[{\"@type\":\"ListItem\",\"position\":1,\"name\":\"Home\",\"item\":\"https:\/\/koningdrone.be\/\"},{\"@type\":\"ListItem\",\"position\":2,\"name\":\"AVSS Parachute Recovery System for DJI Matrice 300\/350\",\"item\":\"https:\/\/koningdrone.be\/product\/avss-parachute-recovery-system-for-dji-matrice-300-350\/\"},{\"@type\":\"ListItem\",\"position\":3,\"name\":\"Alle drones\",\"item\":\"https:\/\/koningdrone.be\/categorie\/alle-drones\/\"},{\"@type\":\"ListItem\",\"position\":4,\"name\":\"DJI Mavic 2 Flymore Kit\"}]},{\"@type\":\"WebSite\",\"@id\":\"https:\/\/koningdrone.be\/#website\",\"url\":\"https:\/\/koningdrone.be\/\",\"name\":\"Koningdrone.be - Uw online specialist in drones, gimbals, camera's en power stations.\",\"description\":\"De webshop in drones en gimbals\",\"publisher\":{\"@id\":\"https:\/\/koningdrone.be\/#organization\"},\"potentialAction\":[{\"@type\":\"SearchAction\",\"target\":{\"@type\":\"EntryPoint\",\"urlTemplate\":\"https:\/\/koningdrone.be\/?s={search_term_string}\"},\"query-input\":{\"@type\":\"PropertyValueSpecification\",\"valueRequired\":true,\"valueName\":\"search_term_string\"}}],\"inLanguage\":\"fr-BE\"},{\"@type\":\"Organization\",\"@id\":\"https:\/\/koningdrone.be\/#organization\",\"name\":\"Koningdrone.be\",\"url\":\"https:\/\/koningdrone.be\/\",\"logo\":{\"@type\":\"ImageObject\",\"inLanguage\":\"fr-BE\",\"@id\":\"https:\/\/koningdrone.be\/#\/schema\/logo\/image\/\",\"url\":\"https:\/\/koningdrone.be\/wp-content\/uploads\/sites\/13\/2025\/04\/koningdrone-copyright-logo.svg\",\"contentUrl\":\"https:\/\/koningdrone.be\/wp-content\/uploads\/sites\/13\/2025\/04\/koningdrone-copyright-logo.svg\",\"width\":227,\"height\":38,\"caption\":\"Koningdrone.be\"},\"image\":{\"@id\":\"https:\/\/koningdrone.be\/#\/schema\/logo\/image\/\"}}]}<\/script>\n<!-- \/ Yoast SEO Premium plugin. -->","yoast_head_json":{"title":"DJI Mavic 2 Flymore Kit - koningdrone.be","robots":{"index":"index","follow":"follow","max-snippet":"max-snippet:-1","max-image-preview":"max-image-preview:large","max-video-preview":"max-video-preview:-1"},"canonical":"https:\/\/koningdrone.be\/fr\/produit\/dji-mavic-2-flymore-kit\/","og_locale":"fr_FR","og_type":"article","og_title":"DJI Mavic 2 Flymore Kit","og_description":"Meerdere Intelligent Flight-batterijen voor een langere vluchtLaad batterijen op tijdens het rijdenVerander uw batterijen in power banksStille propellers voor een stillere vluchtEen veelzijdige schoudertas om alles mee te dragen","og_url":"https:\/\/koningdrone.be\/fr\/produit\/dji-mavic-2-flymore-kit\/","og_site_name":"koningdrone.be","article_modified_time":"2026-04-29T05:20:15+00:00","og_image":[{"width":653,"height":660,"url":"https:\/\/koningdrone.be\/wp-content\/uploads\/sites\/13\/2025\/04\/6958265174605-1.jpg","type":"image\/jpeg"}],"twitter_card":"summary_large_image","twitter_misc":{"Dur\u00e9e de lecture est.":"2 minutes"},"schema":{"@context":"https:\/\/schema.org","@graph":[{"@type":"WebPage","@id":"https:\/\/koningdrone.be\/product\/dji-mavic-2-flymore-kit\/","url":"https:\/\/koningdrone.be\/product\/dji-mavic-2-flymore-kit\/","name":"DJI Mavic 2 Flymore Kit - koningdrone.be","isPartOf":{"@id":"https:\/\/koningdrone.be\/#website"},"primaryImageOfPage":{"@id":"https:\/\/koningdrone.be\/product\/dji-mavic-2-flymore-kit\/#primaryimage"},"image":{"@id":"https:\/\/koningdrone.be\/product\/dji-mavic-2-flymore-kit\/#primaryimage"},"thumbnailUrl":"https:\/\/koningdrone.be\/wp-content\/uploads\/sites\/13\/2025\/04\/6958265174605-1.jpg","datePublished":"2018-10-10T04:42:44+00:00","dateModified":"2026-04-29T05:20:15+00:00","breadcrumb":{"@id":"https:\/\/koningdrone.be\/product\/dji-mavic-2-flymore-kit\/#breadcrumb"},"inLanguage":"fr-BE","potentialAction":[{"@type":"ReadAction","target":["https:\/\/koningdrone.be\/product\/dji-mavic-2-flymore-kit\/"]}]},{"@type":"ImageObject","inLanguage":"fr-BE","@id":"https:\/\/koningdrone.be\/product\/dji-mavic-2-flymore-kit\/#primaryimage","url":"https:\/\/koningdrone.be\/wp-content\/uploads\/sites\/13\/2025\/04\/6958265174605-1.jpg","contentUrl":"https:\/\/koningdrone.be\/wp-content\/uploads\/sites\/13\/2025\/04\/6958265174605-1.jpg","width":653,"height":660},{"@type":"BreadcrumbList","@id":"https:\/\/koningdrone.be\/product\/dji-mavic-2-flymore-kit\/#breadcrumb","itemListElement":[{"@type":"ListItem","position":1,"name":"Home","item":"https:\/\/koningdrone.be\/"},{"@type":"ListItem","position":2,"name":"AVSS Parachute Recovery System for DJI Matrice 300\/350","item":"https:\/\/koningdrone.be\/product\/avss-parachute-recovery-system-for-dji-matrice-300-350\/"},{"@type":"ListItem","position":3,"name":"Alle drones","item":"https:\/\/koningdrone.be\/categorie\/alle-drones\/"},{"@type":"ListItem","position":4,"name":"DJI Mavic 2 Flymore Kit"}]},{"@type":"WebSite","@id":"https:\/\/koningdrone.be\/#website","url":"https:\/\/koningdrone.be\/","name":"Koningdrone.be - Votre sp\u00e9cialiste en ligne en mati\u00e8re de drones, de cardans, de cam\u00e9ras et de centrales \u00e9lectriques.","description":"La boutique en ligne de drones et de cardans","publisher":{"@id":"https:\/\/koningdrone.be\/#organization"},"potentialAction":[{"@type":"SearchAction","target":{"@type":"EntryPoint","urlTemplate":"https:\/\/koningdrone.be\/?s={search_term_string}"},"query-input":{"@type":"PropertyValueSpecification","valueRequired":true,"valueName":"search_term_string"}}],"inLanguage":"fr-BE"},{"@type":"Organization","@id":"https:\/\/koningdrone.be\/#organization","name":"Kingdrone.co.uk","url":"https:\/\/koningdrone.be\/","logo":{"@type":"ImageObject","inLanguage":"fr-BE","@id":"https:\/\/koningdrone.be\/#\/schema\/logo\/image\/","url":"https:\/\/koningdrone.be\/wp-content\/uploads\/sites\/13\/2025\/04\/koningdrone-copyright-logo.svg","contentUrl":"https:\/\/koningdrone.be\/wp-content\/uploads\/sites\/13\/2025\/04\/koningdrone-copyright-logo.svg","width":227,"height":38,"caption":"Koningdrone.be"},"image":{"@id":"https:\/\/koningdrone.be\/#\/schema\/logo\/image\/"}}]}},"df_price":"","df_sale_price":"","df_regular_price":"","df_image_link":"https:\/\/koningdrone.be\/wp-content\/uploads\/sites\/13\/2025\/04\/6958265174605-1-297x300.jpg","_links":{"self":[{"href":"https:\/\/koningdrone.be\/fr\/wp-json\/wp\/v2\/product\/7611","targetHints":{"allow":["GET"]}}],"collection":[{"href":"https:\/\/koningdrone.be\/fr\/wp-json\/wp\/v2\/product"}],"about":[{"href":"https:\/\/koningdrone.be\/fr\/wp-json\/wp\/v2\/types\/product"}],"wp:featuredmedia":[{"embeddable":true,"href":"https:\/\/koningdrone.be\/fr\/wp-json\/wp\/v2\/media\/7610"}],"wp:attachment":[{"href":"https:\/\/koningdrone.be\/fr\/wp-json\/wp\/v2\/media?parent=7611"}],"wp:term":[{"taxonomy":"product_brand","embeddable":true,"href":"https:\/\/koningdrone.be\/fr\/wp-json\/wp\/v2\/product_brand?post=7611"},{"taxonomy":"product_cat","embeddable":true,"href":"https:\/\/koningdrone.be\/fr\/wp-json\/wp\/v2\/product_cat?post=7611"},{"taxonomy":"product_tag","embeddable":true,"href":"https:\/\/koningdrone.be\/fr\/wp-json\/wp\/v2\/product_tag?post=7611"}],"curies":[{"name":"wp","href":"https:\/\/api.w.org\/{rel}","templated":true}]}}