{"id":7579,"date":"2019-06-18T21:40:23","date_gmt":"2019-06-18T19:40:23","guid":{"rendered":"https:\/\/koningdrone.nl\/kon\/product\/dji-ronin-s\/"},"modified":"2026-04-29T10:20:44","modified_gmt":"2026-04-29T08:20:44","slug":"dji-ronin-s","status":"publish","type":"product","link":"https:\/\/koningdrone.be\/fr\/produit\/dji-ronin-s\/","title":{"rendered":"DJI Ronin-S"},"content":{"rendered":"<h1>DJI Ronin-S<\/h1>\n<p>Avec la DJI Ronin-S, vous pouvez facilement r\u00e9aliser des images stables en mouvement. Capturez un \u00e9v\u00e9nement, un voyage ou un match sportif, par exemple. Vous utilisez le stabilisateur avec un syst\u00e8me ou un appareil photo reflex. Le puissant moteur stabilise vos images lorsque la rotule est fix\u00e9e \u00e0 un objet en mouvement. Il stabilise jusqu'\u00e0 une vitesse de 75 kilom\u00e8tres par heure. En tournant la molette de mise au point, vous effectuez une mise au point pr\u00e9cise sur votre sujet. Une simple pression sur le bouton vous permet de passer d'un mode \u00e0 l'autre. Par exemple, utilisez le mode Sport pour capturer clairement des sujets en mouvement rapide. Vous pouvez connecter divers accessoires au stabilisateur, ce qui le rend \u00e9galement adapt\u00e9 \u00e0 l'industrie cin\u00e9matographique professionnelle. Pensez \u00e0 une t\u00e9l\u00e9commande ou \u00e0 un microphone externe.<\/p>\n<p><strong>Commodit\u00e9 et simplicit\u00e9<\/strong><br \/>Photographier en d\u00e9placement \u00e0 l'aide d'appareils photo avec ou sans miroir a toujours \u00e9t\u00e9 une t\u00e2che difficile. L'apparition sur le march\u00e9 d'un stabilisateur \u00e0 main de nouvelle g\u00e9n\u00e9ration, le Ronin-S, est une grande opportunit\u00e9 pour de nombreux amateurs et professionnels de r\u00e9aliser leurs id\u00e9es cr\u00e9atives de la mani\u00e8re la plus pratique qui soit.<\/p>\n<p><strong>Syst\u00e8me de stabilisation<\/strong><br \/>La technologie de stabilisation int\u00e9gr\u00e9e au Ronin-S est compatible avec des technologies similaires d'appareils photo et d'objectifs. Cette approche garantit de meilleurs r\u00e9sultats de prise de vue et fonctionne parfaitement avec les appareils photo dot\u00e9s d'un objectif \u00e0 zoom \u00e9lev\u00e9 et d'une bague de zoom externe.<\/p>\n<p><strong>Mode pouss\u00e9e<\/strong><br \/>Il suffit d'allumer le Ronin-S et de le pr\u00e9parer \u00e0 la prise de vue pour r\u00e9gler les axes rotatifs ou d'inclinaison en mode Push. Cette proc\u00e9dure est simple. En outre, vous pouvez utiliser des verrouillages sp\u00e9ciaux de l'axe pour acc\u00e9l\u00e9rer la pr\u00e9paration de l'appareil pour la prise de vue.<\/p>\n<p><b>Remplacement rapide de la batterie<\/b><br \/>Une batterie rempla\u00e7able \u00e0 chaud permet de gagner beaucoup de temps lors de la prise de vue, en particulier si vous devez utiliser l'appareil photo pendant une p\u00e9riode assez longue. La suspension Ronin-S poss\u00e8de simplement la fonction de remplacement rapide de la batterie sans avoir \u00e0 \u00e9teindre l'appareil. Il est tr\u00e8s facile, pratique et totalement s\u00fbr d'installer une nouvelle batterie.<\/p>","protected":false},"excerpt":{"rendered":"<ul>\n<li>Stabilisateur pour appareils photo SLR et sans miroir<\/li>\n<li>Design moderne et confortable<\/li>\n<li>Acc\u00e8s permanent \u00e0 l'\u00e9cran de la cam\u00e9ra gr\u00e2ce \u00e0 l'entra\u00eenement unique<\/li>\n<li>Utilisation simple d'une seule main<\/li>\n<li>Possibilit\u00e9 de connecter des appareils suppl\u00e9mentaires<\/li>\n<\/ul>","protected":false},"featured_media":7576,"template":"","meta":{"_acf_changed":false},"product_brand":[],"product_cat":[315,410,97,265,579],"product_tag":[],"class_list":{"0":"post-7579","1":"product","2":"type-product","3":"status-publish","4":"has-post-thumbnail","6":"product_cat-alle-gimbals-en-cameras","7":"product_cat-alle-handheld-gimbals","8":"product_cat-alle-producten","9":"product_cat-dji-ronin","10":"product_cat-dji-ronin-s","11":"product_shipping_class-outofstock","12":"pa_brand-dji","13":"pa_productfamily-gimbal","14":"pa_producttype-gimbal","15":"pa_series-ronin-s","17":"first","18":"outofstock","19":"taxable","20":"shipping-taxable","21":"product-type-simple"},"acf":[],"yoast_head":"<!-- This site is optimized with the Yoast SEO Premium plugin v27.2 (Yoast SEO v27.2) - https:\/\/yoast.com\/product\/yoast-seo-premium-wordpress\/ -->\n<title>DJI Ronin-S - koningdrone.be<\/title>\n<meta name=\"robots\" content=\"index, follow, max-snippet:-1, max-image-preview:large, max-video-preview:-1\" \/>\n<link rel=\"canonical\" href=\"https:\/\/koningdrone.be\/fr\/produit\/dji-ronin-s\/\" \/>\n<meta property=\"og:locale\" content=\"fr_FR\" \/>\n<meta property=\"og:type\" content=\"article\" \/>\n<meta property=\"og:title\" content=\"DJI Ronin-S\" \/>\n<meta property=\"og:description\" content=\"Stabilisator voor spiegelreflexcamera&#039;s en spiegelloze camera&#039;sModern ontwerp en comfortabel ontwerpPermanente toegang tot het camerascherm dankzij de unieke driveEenvoudige bediening met \u00e9\u00e9n handMogelijkheid om extra apparaten aan te sluiten\" \/>\n<meta property=\"og:url\" content=\"https:\/\/koningdrone.be\/fr\/produit\/dji-ronin-s\/\" \/>\n<meta property=\"og:site_name\" content=\"koningdrone.be\" \/>\n<meta property=\"article:modified_time\" content=\"2026-04-29T08:20:44+00:00\" \/>\n<meta property=\"og:image\" content=\"https:\/\/koningdrone.be\/wp-content\/uploads\/sites\/13\/2025\/04\/6958265171338-1.jpg\" \/>\n\t<meta property=\"og:image:width\" content=\"600\" \/>\n\t<meta property=\"og:image:height\" content=\"600\" \/>\n\t<meta property=\"og:image:type\" content=\"image\/jpeg\" \/>\n<meta name=\"twitter:card\" content=\"summary_large_image\" \/>\n<meta name=\"twitter:label1\" content=\"Dur\u00e9e de lecture est.\" \/>\n\t<meta name=\"twitter:data1\" content=\"2 minutes\" \/>\n<script type=\"application\/ld+json\" class=\"yoast-schema-graph\">{\"@context\":\"https:\/\/schema.org\",\"@graph\":[{\"@type\":\"WebPage\",\"@id\":\"https:\/\/koningdrone.be\/product\/dji-ronin-s\/\",\"url\":\"https:\/\/koningdrone.be\/product\/dji-ronin-s\/\",\"name\":\"DJI Ronin-S - koningdrone.be\",\"isPartOf\":{\"@id\":\"https:\/\/koningdrone.be\/#website\"},\"primaryImageOfPage\":{\"@id\":\"https:\/\/koningdrone.be\/product\/dji-ronin-s\/#primaryimage\"},\"image\":{\"@id\":\"https:\/\/koningdrone.be\/product\/dji-ronin-s\/#primaryimage\"},\"thumbnailUrl\":\"https:\/\/koningdrone.be\/wp-content\/uploads\/sites\/13\/2025\/04\/6958265171338-1.jpg\",\"datePublished\":\"2019-06-18T19:40:23+00:00\",\"dateModified\":\"2026-04-29T08:20:44+00:00\",\"breadcrumb\":{\"@id\":\"https:\/\/koningdrone.be\/product\/dji-ronin-s\/#breadcrumb\"},\"inLanguage\":\"fr-BE\",\"potentialAction\":[{\"@type\":\"ReadAction\",\"target\":[\"https:\/\/koningdrone.be\/product\/dji-ronin-s\/\"]}]},{\"@type\":\"ImageObject\",\"inLanguage\":\"fr-BE\",\"@id\":\"https:\/\/koningdrone.be\/product\/dji-ronin-s\/#primaryimage\",\"url\":\"https:\/\/koningdrone.be\/wp-content\/uploads\/sites\/13\/2025\/04\/6958265171338-1.jpg\",\"contentUrl\":\"https:\/\/koningdrone.be\/wp-content\/uploads\/sites\/13\/2025\/04\/6958265171338-1.jpg\",\"width\":600,\"height\":600},{\"@type\":\"BreadcrumbList\",\"@id\":\"https:\/\/koningdrone.be\/product\/dji-ronin-s\/#breadcrumb\",\"itemListElement\":[{\"@type\":\"ListItem\",\"position\":1,\"name\":\"Home\",\"item\":\"https:\/\/koningdrone.be\/\"},{\"@type\":\"ListItem\",\"position\":2,\"name\":\"AVSS Parachute Recovery System for DJI Matrice 300\/350\",\"item\":\"https:\/\/koningdrone.be\/product\/avss-parachute-recovery-system-for-dji-matrice-300-350\/\"},{\"@type\":\"ListItem\",\"position\":3,\"name\":\"Alle gimbals en cameras\",\"item\":\"https:\/\/koningdrone.be\/categorie\/alle-gimbals-en-cameras\/\"},{\"@type\":\"ListItem\",\"position\":4,\"name\":\"DJI Ronin-S\"}]},{\"@type\":\"WebSite\",\"@id\":\"https:\/\/koningdrone.be\/#website\",\"url\":\"https:\/\/koningdrone.be\/\",\"name\":\"Koningdrone.be - Uw online specialist in drones, gimbals, camera's en power stations.\",\"description\":\"De webshop in drones en gimbals\",\"publisher\":{\"@id\":\"https:\/\/koningdrone.be\/#organization\"},\"potentialAction\":[{\"@type\":\"SearchAction\",\"target\":{\"@type\":\"EntryPoint\",\"urlTemplate\":\"https:\/\/koningdrone.be\/?s={search_term_string}\"},\"query-input\":{\"@type\":\"PropertyValueSpecification\",\"valueRequired\":true,\"valueName\":\"search_term_string\"}}],\"inLanguage\":\"fr-BE\"},{\"@type\":\"Organization\",\"@id\":\"https:\/\/koningdrone.be\/#organization\",\"name\":\"Koningdrone.be\",\"url\":\"https:\/\/koningdrone.be\/\",\"logo\":{\"@type\":\"ImageObject\",\"inLanguage\":\"fr-BE\",\"@id\":\"https:\/\/koningdrone.be\/#\/schema\/logo\/image\/\",\"url\":\"https:\/\/koningdrone.be\/wp-content\/uploads\/sites\/13\/2025\/04\/koningdrone-copyright-logo.svg\",\"contentUrl\":\"https:\/\/koningdrone.be\/wp-content\/uploads\/sites\/13\/2025\/04\/koningdrone-copyright-logo.svg\",\"width\":227,\"height\":38,\"caption\":\"Koningdrone.be\"},\"image\":{\"@id\":\"https:\/\/koningdrone.be\/#\/schema\/logo\/image\/\"}}]}<\/script>\n<!-- \/ Yoast SEO Premium plugin. -->","yoast_head_json":{"title":"DJI Ronin-S - koningdrone.be","robots":{"index":"index","follow":"follow","max-snippet":"max-snippet:-1","max-image-preview":"max-image-preview:large","max-video-preview":"max-video-preview:-1"},"canonical":"https:\/\/koningdrone.be\/fr\/produit\/dji-ronin-s\/","og_locale":"fr_FR","og_type":"article","og_title":"DJI Ronin-S","og_description":"Stabilisator voor spiegelreflexcamera's en spiegelloze camera'sModern ontwerp en comfortabel ontwerpPermanente toegang tot het camerascherm dankzij de unieke driveEenvoudige bediening met \u00e9\u00e9n handMogelijkheid om extra apparaten aan te sluiten","og_url":"https:\/\/koningdrone.be\/fr\/produit\/dji-ronin-s\/","og_site_name":"koningdrone.be","article_modified_time":"2026-04-29T08:20:44+00:00","og_image":[{"width":600,"height":600,"url":"https:\/\/koningdrone.be\/wp-content\/uploads\/sites\/13\/2025\/04\/6958265171338-1.jpg","type":"image\/jpeg"}],"twitter_card":"summary_large_image","twitter_misc":{"Dur\u00e9e de lecture est.":"2 minutes"},"schema":{"@context":"https:\/\/schema.org","@graph":[{"@type":"WebPage","@id":"https:\/\/koningdrone.be\/product\/dji-ronin-s\/","url":"https:\/\/koningdrone.be\/product\/dji-ronin-s\/","name":"DJI Ronin-S - koningdrone.be","isPartOf":{"@id":"https:\/\/koningdrone.be\/#website"},"primaryImageOfPage":{"@id":"https:\/\/koningdrone.be\/product\/dji-ronin-s\/#primaryimage"},"image":{"@id":"https:\/\/koningdrone.be\/product\/dji-ronin-s\/#primaryimage"},"thumbnailUrl":"https:\/\/koningdrone.be\/wp-content\/uploads\/sites\/13\/2025\/04\/6958265171338-1.jpg","datePublished":"2019-06-18T19:40:23+00:00","dateModified":"2026-04-29T08:20:44+00:00","breadcrumb":{"@id":"https:\/\/koningdrone.be\/product\/dji-ronin-s\/#breadcrumb"},"inLanguage":"fr-BE","potentialAction":[{"@type":"ReadAction","target":["https:\/\/koningdrone.be\/product\/dji-ronin-s\/"]}]},{"@type":"ImageObject","inLanguage":"fr-BE","@id":"https:\/\/koningdrone.be\/product\/dji-ronin-s\/#primaryimage","url":"https:\/\/koningdrone.be\/wp-content\/uploads\/sites\/13\/2025\/04\/6958265171338-1.jpg","contentUrl":"https:\/\/koningdrone.be\/wp-content\/uploads\/sites\/13\/2025\/04\/6958265171338-1.jpg","width":600,"height":600},{"@type":"BreadcrumbList","@id":"https:\/\/koningdrone.be\/product\/dji-ronin-s\/#breadcrumb","itemListElement":[{"@type":"ListItem","position":1,"name":"Home","item":"https:\/\/koningdrone.be\/"},{"@type":"ListItem","position":2,"name":"AVSS Parachute Recovery System for DJI Matrice 300\/350","item":"https:\/\/koningdrone.be\/product\/avss-parachute-recovery-system-for-dji-matrice-300-350\/"},{"@type":"ListItem","position":3,"name":"Alle gimbals en cameras","item":"https:\/\/koningdrone.be\/categorie\/alle-gimbals-en-cameras\/"},{"@type":"ListItem","position":4,"name":"DJI Ronin-S"}]},{"@type":"WebSite","@id":"https:\/\/koningdrone.be\/#website","url":"https:\/\/koningdrone.be\/","name":"Koningdrone.be - Votre sp\u00e9cialiste en ligne en mati\u00e8re de drones, de cardans, de cam\u00e9ras et de centrales \u00e9lectriques.","description":"La boutique en ligne de drones et de cardans","publisher":{"@id":"https:\/\/koningdrone.be\/#organization"},"potentialAction":[{"@type":"SearchAction","target":{"@type":"EntryPoint","urlTemplate":"https:\/\/koningdrone.be\/?s={search_term_string}"},"query-input":{"@type":"PropertyValueSpecification","valueRequired":true,"valueName":"search_term_string"}}],"inLanguage":"fr-BE"},{"@type":"Organization","@id":"https:\/\/koningdrone.be\/#organization","name":"Kingdrone.co.uk","url":"https:\/\/koningdrone.be\/","logo":{"@type":"ImageObject","inLanguage":"fr-BE","@id":"https:\/\/koningdrone.be\/#\/schema\/logo\/image\/","url":"https:\/\/koningdrone.be\/wp-content\/uploads\/sites\/13\/2025\/04\/koningdrone-copyright-logo.svg","contentUrl":"https:\/\/koningdrone.be\/wp-content\/uploads\/sites\/13\/2025\/04\/koningdrone-copyright-logo.svg","width":227,"height":38,"caption":"Koningdrone.be"},"image":{"@id":"https:\/\/koningdrone.be\/#\/schema\/logo\/image\/"}}]}},"df_price":"","df_sale_price":"","df_regular_price":"","df_image_link":"https:\/\/koningdrone.be\/wp-content\/uploads\/sites\/13\/2025\/04\/6958265171338-1-300x300.jpg","_links":{"self":[{"href":"https:\/\/koningdrone.be\/fr\/wp-json\/wp\/v2\/product\/7579","targetHints":{"allow":["GET"]}}],"collection":[{"href":"https:\/\/koningdrone.be\/fr\/wp-json\/wp\/v2\/product"}],"about":[{"href":"https:\/\/koningdrone.be\/fr\/wp-json\/wp\/v2\/types\/product"}],"wp:featuredmedia":[{"embeddable":true,"href":"https:\/\/koningdrone.be\/fr\/wp-json\/wp\/v2\/media\/7576"}],"wp:attachment":[{"href":"https:\/\/koningdrone.be\/fr\/wp-json\/wp\/v2\/media?parent=7579"}],"wp:term":[{"taxonomy":"product_brand","embeddable":true,"href":"https:\/\/koningdrone.be\/fr\/wp-json\/wp\/v2\/product_brand?post=7579"},{"taxonomy":"product_cat","embeddable":true,"href":"https:\/\/koningdrone.be\/fr\/wp-json\/wp\/v2\/product_cat?post=7579"},{"taxonomy":"product_tag","embeddable":true,"href":"https:\/\/koningdrone.be\/fr\/wp-json\/wp\/v2\/product_tag?post=7579"}],"curies":[{"name":"wp","href":"https:\/\/api.w.org\/{rel}","templated":true}]}}