{"id":7554,"date":"2019-06-18T21:40:40","date_gmt":"2019-06-18T19:40:40","guid":{"rendered":"https:\/\/koningdrone.nl\/kon\/product\/dji-inspire-2-part-37-car-charger\/"},"modified":"2026-04-29T15:20:55","modified_gmt":"2026-04-29T13:20:55","slug":"dji-inspire-2-part-37-car-charger","status":"publish","type":"product","link":"https:\/\/koningdrone.be\/fr\/produit\/dji-inspire-2-part-37-car-charger\/","title":{"rendered":"Chargeur de voiture Inspire 2"},"content":{"rendered":"<p>Le chargeur de voiture pour Inspire 2 est un outil pratique con\u00e7u pour les utilisateurs de drones qui se d\u00e9placent souvent. Il vous permet de charger la batterie de vol intelligente ou la t\u00e9l\u00e9commande du drone directement sur l'allume-cigare de votre voiture, afin que votre \u00e9quipement soit toujours pr\u00eat \u00e0 l'emploi.<br \/><strong>Compatibilit\u00e9 et utilisation<\/strong><\/p>\n<p> Pour une charge efficace de la batterie de vol intelligente, ce chargeur de voiture doit \u00eatre utilis\u00e9 avec le Hub de charge de la batterie de vol intelligente de l'Inspire 2. Cette int\u00e9gration permet d'optimiser le processus de charge pour obtenir les meilleures performances de la batterie de votre drone.<\/p>\n<p><strong>Dispositifs de s\u00e9curit\u00e9<\/strong><\/p>\n<p> La s\u00e9curit\u00e9 \u00e9tant une priorit\u00e9, le chargeur de voiture pour l'Inspire 2 comprend une protection int\u00e9gr\u00e9e contre les baisses de tension et les surchauffes. Si la tension de la batterie de la voiture devient trop faible ou si la temp\u00e9rature du port de l'allume-cigarette augmente trop, le chargeur arr\u00eate automatiquement le processus de charge. Cette fonction est con\u00e7ue pour \u00e9viter d'\u00e9ventuels dommages \u00e0 la fois \u00e0 la voiture et \u00e0 l'\u00e9quipement de charge.<\/p>\n<p><\/p>","protected":false},"excerpt":{"rendered":"<ul>\n<li>Chargement via l'allume-cigare de la voiture<\/li>\n<li> Compatible avec la batterie de vol intelligente Inspire 2<\/li>\n<li> N\u00e9cessite le Hub de charge de batterie de l'Inspire 2 Intelligent Flight<\/li>\n<li> \u00c9quip\u00e9 d'une protection contre la basse tension<\/li>\n<li> Protection contre la surchauffe incluse<\/li>\n<li> Interruption automatique de la charge si n\u00e9cessaire<\/li>\n<\/ul>","protected":false},"featured_media":7547,"template":"","meta":{"_acf_changed":false},"product_brand":[],"product_cat":[111,97,641,788],"product_tag":[],"class_list":{"0":"post-7554","1":"product","2":"type-product","3":"status-publish","4":"has-post-thumbnail","6":"product_cat-alle-opladers","7":"product_cat-alle-producten","8":"product_cat-dji-inspire","9":"product_cat-dji-inspire-2","10":"product_shipping_class-outofstock","11":"pa_brand-dji","12":"pa_productfamily-autolader","13":"pa_producttype-autolader","14":"pa_series-inspire-2","16":"first","17":"outofstock","18":"taxable","19":"shipping-taxable","20":"purchasable","21":"product-type-simple"},"acf":[],"yoast_head":"<!-- This site is optimized with the Yoast SEO Premium plugin v27.2 (Yoast SEO v27.2) - https:\/\/yoast.com\/product\/yoast-seo-premium-wordpress\/ -->\n<title>Inspire 2 Car Charger - koningdrone.be<\/title>\n<meta name=\"robots\" content=\"index, follow, max-snippet:-1, max-image-preview:large, max-video-preview:-1\" \/>\n<link rel=\"canonical\" href=\"https:\/\/koningdrone.be\/fr\/produit\/dji-inspire-2-part-37-car-charger\/\" \/>\n<meta property=\"og:locale\" content=\"fr_FR\" \/>\n<meta property=\"og:type\" content=\"article\" \/>\n<meta property=\"og:title\" content=\"Inspire 2 Car Charger\" \/>\n<meta property=\"og:description\" content=\"Opladen via de sigarettenaanstekerpoort van de auto Compatibel met Inspire 2 Intelligent Flight Battery Vereist Inspire 2 Intelligent Flight Battery Charging Hub Voorzien van laagspanningsbeveiliging Inclusief bescherming tegen oververhitting Onderbreekt automatisch het opladen indien nodig\" \/>\n<meta property=\"og:url\" content=\"https:\/\/koningdrone.be\/fr\/produit\/dji-inspire-2-part-37-car-charger\/\" \/>\n<meta property=\"og:site_name\" content=\"koningdrone.be\" \/>\n<meta property=\"article:modified_time\" content=\"2026-04-29T13:20:55+00:00\" \/>\n<meta property=\"og:image\" content=\"https:\/\/koningdrone.be\/wp-content\/uploads\/sites\/13\/2025\/04\/large_6362423f-25a3-4239-8fc6-1a956fed76bb.jpg\" \/>\n\t<meta property=\"og:image:width\" content=\"1200\" \/>\n\t<meta property=\"og:image:height\" content=\"800\" \/>\n\t<meta property=\"og:image:type\" content=\"image\/jpeg\" \/>\n<meta name=\"twitter:card\" content=\"summary_large_image\" \/>\n<meta name=\"twitter:label1\" content=\"Dur\u00e9e de lecture est.\" \/>\n\t<meta name=\"twitter:data1\" content=\"1 minute\" \/>\n<script type=\"application\/ld+json\" class=\"yoast-schema-graph\">{\"@context\":\"https:\/\/schema.org\",\"@graph\":[{\"@type\":\"WebPage\",\"@id\":\"https:\/\/koningdrone.be\/product\/dji-inspire-2-part-37-car-charger\/\",\"url\":\"https:\/\/koningdrone.be\/product\/dji-inspire-2-part-37-car-charger\/\",\"name\":\"Inspire 2 Car Charger - koningdrone.be\",\"isPartOf\":{\"@id\":\"https:\/\/koningdrone.be\/#website\"},\"primaryImageOfPage\":{\"@id\":\"https:\/\/koningdrone.be\/product\/dji-inspire-2-part-37-car-charger\/#primaryimage\"},\"image\":{\"@id\":\"https:\/\/koningdrone.be\/product\/dji-inspire-2-part-37-car-charger\/#primaryimage\"},\"thumbnailUrl\":\"https:\/\/koningdrone.be\/wp-content\/uploads\/sites\/13\/2025\/04\/large_6362423f-25a3-4239-8fc6-1a956fed76bb.jpg\",\"datePublished\":\"2019-06-18T19:40:40+00:00\",\"dateModified\":\"2026-04-29T13:20:55+00:00\",\"breadcrumb\":{\"@id\":\"https:\/\/koningdrone.be\/product\/dji-inspire-2-part-37-car-charger\/#breadcrumb\"},\"inLanguage\":\"fr-BE\",\"potentialAction\":[{\"@type\":\"ReadAction\",\"target\":[\"https:\/\/koningdrone.be\/product\/dji-inspire-2-part-37-car-charger\/\"]}]},{\"@type\":\"ImageObject\",\"inLanguage\":\"fr-BE\",\"@id\":\"https:\/\/koningdrone.be\/product\/dji-inspire-2-part-37-car-charger\/#primaryimage\",\"url\":\"https:\/\/koningdrone.be\/wp-content\/uploads\/sites\/13\/2025\/04\/large_6362423f-25a3-4239-8fc6-1a956fed76bb.jpg\",\"contentUrl\":\"https:\/\/koningdrone.be\/wp-content\/uploads\/sites\/13\/2025\/04\/large_6362423f-25a3-4239-8fc6-1a956fed76bb.jpg\",\"width\":1200,\"height\":800},{\"@type\":\"BreadcrumbList\",\"@id\":\"https:\/\/koningdrone.be\/product\/dji-inspire-2-part-37-car-charger\/#breadcrumb\",\"itemListElement\":[{\"@type\":\"ListItem\",\"position\":1,\"name\":\"Home\",\"item\":\"https:\/\/koningdrone.be\/\"},{\"@type\":\"ListItem\",\"position\":2,\"name\":\"AVSS Parachute Recovery System for DJI Matrice 300\/350\",\"item\":\"https:\/\/koningdrone.be\/product\/avss-parachute-recovery-system-for-dji-matrice-300-350\/\"},{\"@type\":\"ListItem\",\"position\":3,\"name\":\"Alle opladers\",\"item\":\"https:\/\/koningdrone.be\/categorie\/alle-opladers\/\"},{\"@type\":\"ListItem\",\"position\":4,\"name\":\"Inspire 2 Car Charger\"}]},{\"@type\":\"WebSite\",\"@id\":\"https:\/\/koningdrone.be\/#website\",\"url\":\"https:\/\/koningdrone.be\/\",\"name\":\"Koningdrone.be - Uw online specialist in drones, gimbals, camera's en power stations.\",\"description\":\"De webshop in drones en gimbals\",\"publisher\":{\"@id\":\"https:\/\/koningdrone.be\/#organization\"},\"potentialAction\":[{\"@type\":\"SearchAction\",\"target\":{\"@type\":\"EntryPoint\",\"urlTemplate\":\"https:\/\/koningdrone.be\/?s={search_term_string}\"},\"query-input\":{\"@type\":\"PropertyValueSpecification\",\"valueRequired\":true,\"valueName\":\"search_term_string\"}}],\"inLanguage\":\"fr-BE\"},{\"@type\":\"Organization\",\"@id\":\"https:\/\/koningdrone.be\/#organization\",\"name\":\"Koningdrone.be\",\"url\":\"https:\/\/koningdrone.be\/\",\"logo\":{\"@type\":\"ImageObject\",\"inLanguage\":\"fr-BE\",\"@id\":\"https:\/\/koningdrone.be\/#\/schema\/logo\/image\/\",\"url\":\"https:\/\/koningdrone.be\/wp-content\/uploads\/sites\/13\/2025\/04\/koningdrone-copyright-logo.svg\",\"contentUrl\":\"https:\/\/koningdrone.be\/wp-content\/uploads\/sites\/13\/2025\/04\/koningdrone-copyright-logo.svg\",\"width\":227,\"height\":38,\"caption\":\"Koningdrone.be\"},\"image\":{\"@id\":\"https:\/\/koningdrone.be\/#\/schema\/logo\/image\/\"}}]}<\/script>\n<!-- \/ Yoast SEO Premium plugin. -->","yoast_head_json":{"title":"Inspire 2 Car Charger - koningdrone.be","robots":{"index":"index","follow":"follow","max-snippet":"max-snippet:-1","max-image-preview":"max-image-preview:large","max-video-preview":"max-video-preview:-1"},"canonical":"https:\/\/koningdrone.be\/fr\/produit\/dji-inspire-2-part-37-car-charger\/","og_locale":"fr_FR","og_type":"article","og_title":"Inspire 2 Car Charger","og_description":"Opladen via de sigarettenaanstekerpoort van de auto Compatibel met Inspire 2 Intelligent Flight Battery Vereist Inspire 2 Intelligent Flight Battery Charging Hub Voorzien van laagspanningsbeveiliging Inclusief bescherming tegen oververhitting Onderbreekt automatisch het opladen indien nodig","og_url":"https:\/\/koningdrone.be\/fr\/produit\/dji-inspire-2-part-37-car-charger\/","og_site_name":"koningdrone.be","article_modified_time":"2026-04-29T13:20:55+00:00","og_image":[{"width":1200,"height":800,"url":"https:\/\/koningdrone.be\/wp-content\/uploads\/sites\/13\/2025\/04\/large_6362423f-25a3-4239-8fc6-1a956fed76bb.jpg","type":"image\/jpeg"}],"twitter_card":"summary_large_image","twitter_misc":{"Dur\u00e9e de lecture est.":"1 minute"},"schema":{"@context":"https:\/\/schema.org","@graph":[{"@type":"WebPage","@id":"https:\/\/koningdrone.be\/product\/dji-inspire-2-part-37-car-charger\/","url":"https:\/\/koningdrone.be\/product\/dji-inspire-2-part-37-car-charger\/","name":"Inspire 2 Car Charger - koningdrone.be","isPartOf":{"@id":"https:\/\/koningdrone.be\/#website"},"primaryImageOfPage":{"@id":"https:\/\/koningdrone.be\/product\/dji-inspire-2-part-37-car-charger\/#primaryimage"},"image":{"@id":"https:\/\/koningdrone.be\/product\/dji-inspire-2-part-37-car-charger\/#primaryimage"},"thumbnailUrl":"https:\/\/koningdrone.be\/wp-content\/uploads\/sites\/13\/2025\/04\/large_6362423f-25a3-4239-8fc6-1a956fed76bb.jpg","datePublished":"2019-06-18T19:40:40+00:00","dateModified":"2026-04-29T13:20:55+00:00","breadcrumb":{"@id":"https:\/\/koningdrone.be\/product\/dji-inspire-2-part-37-car-charger\/#breadcrumb"},"inLanguage":"fr-BE","potentialAction":[{"@type":"ReadAction","target":["https:\/\/koningdrone.be\/product\/dji-inspire-2-part-37-car-charger\/"]}]},{"@type":"ImageObject","inLanguage":"fr-BE","@id":"https:\/\/koningdrone.be\/product\/dji-inspire-2-part-37-car-charger\/#primaryimage","url":"https:\/\/koningdrone.be\/wp-content\/uploads\/sites\/13\/2025\/04\/large_6362423f-25a3-4239-8fc6-1a956fed76bb.jpg","contentUrl":"https:\/\/koningdrone.be\/wp-content\/uploads\/sites\/13\/2025\/04\/large_6362423f-25a3-4239-8fc6-1a956fed76bb.jpg","width":1200,"height":800},{"@type":"BreadcrumbList","@id":"https:\/\/koningdrone.be\/product\/dji-inspire-2-part-37-car-charger\/#breadcrumb","itemListElement":[{"@type":"ListItem","position":1,"name":"Home","item":"https:\/\/koningdrone.be\/"},{"@type":"ListItem","position":2,"name":"AVSS Parachute Recovery System for DJI Matrice 300\/350","item":"https:\/\/koningdrone.be\/product\/avss-parachute-recovery-system-for-dji-matrice-300-350\/"},{"@type":"ListItem","position":3,"name":"Alle opladers","item":"https:\/\/koningdrone.be\/categorie\/alle-opladers\/"},{"@type":"ListItem","position":4,"name":"Inspire 2 Car Charger"}]},{"@type":"WebSite","@id":"https:\/\/koningdrone.be\/#website","url":"https:\/\/koningdrone.be\/","name":"Koningdrone.be - Votre sp\u00e9cialiste en ligne en mati\u00e8re de drones, de cardans, de cam\u00e9ras et de centrales \u00e9lectriques.","description":"La boutique en ligne de drones et de cardans","publisher":{"@id":"https:\/\/koningdrone.be\/#organization"},"potentialAction":[{"@type":"SearchAction","target":{"@type":"EntryPoint","urlTemplate":"https:\/\/koningdrone.be\/?s={search_term_string}"},"query-input":{"@type":"PropertyValueSpecification","valueRequired":true,"valueName":"search_term_string"}}],"inLanguage":"fr-BE"},{"@type":"Organization","@id":"https:\/\/koningdrone.be\/#organization","name":"Kingdrone.co.uk","url":"https:\/\/koningdrone.be\/","logo":{"@type":"ImageObject","inLanguage":"fr-BE","@id":"https:\/\/koningdrone.be\/#\/schema\/logo\/image\/","url":"https:\/\/koningdrone.be\/wp-content\/uploads\/sites\/13\/2025\/04\/koningdrone-copyright-logo.svg","contentUrl":"https:\/\/koningdrone.be\/wp-content\/uploads\/sites\/13\/2025\/04\/koningdrone-copyright-logo.svg","width":227,"height":38,"caption":"Koningdrone.be"},"image":{"@id":"https:\/\/koningdrone.be\/#\/schema\/logo\/image\/"}}]}},"df_price":129,"df_sale_price":"","df_regular_price":129,"df_image_link":"https:\/\/koningdrone.be\/wp-content\/uploads\/sites\/13\/2025\/04\/large_6362423f-25a3-4239-8fc6-1a956fed76bb-300x200.jpg","_links":{"self":[{"href":"https:\/\/koningdrone.be\/fr\/wp-json\/wp\/v2\/product\/7554","targetHints":{"allow":["GET"]}}],"collection":[{"href":"https:\/\/koningdrone.be\/fr\/wp-json\/wp\/v2\/product"}],"about":[{"href":"https:\/\/koningdrone.be\/fr\/wp-json\/wp\/v2\/types\/product"}],"wp:featuredmedia":[{"embeddable":true,"href":"https:\/\/koningdrone.be\/fr\/wp-json\/wp\/v2\/media\/7547"}],"wp:attachment":[{"href":"https:\/\/koningdrone.be\/fr\/wp-json\/wp\/v2\/media?parent=7554"}],"wp:term":[{"taxonomy":"product_brand","embeddable":true,"href":"https:\/\/koningdrone.be\/fr\/wp-json\/wp\/v2\/product_brand?post=7554"},{"taxonomy":"product_cat","embeddable":true,"href":"https:\/\/koningdrone.be\/fr\/wp-json\/wp\/v2\/product_cat?post=7554"},{"taxonomy":"product_tag","embeddable":true,"href":"https:\/\/koningdrone.be\/fr\/wp-json\/wp\/v2\/product_tag?post=7554"}],"curies":[{"name":"wp","href":"https:\/\/api.w.org\/{rel}","templated":true}]}}