{"id":7543,"date":"2019-07-17T01:30:09","date_gmt":"2019-07-16T23:30:09","guid":{"rendered":"https:\/\/koningdrone.nl\/kon\/product\/dji-osmo-pocket-part-15-anti-fog-inserts\/"},"modified":"2026-04-29T13:10:29","modified_gmt":"2026-04-29T11:10:29","slug":"dji-osmo-pocket-part-15-anti-fog-inserts","status":"publish","type":"product","link":"https:\/\/koningdrone.be\/fr\/produit\/dji-osmo-pocket-part-15-anti-fog-inserts\/","title":{"rendered":"Inserts antibrouillard Osmo Pocket"},"content":{"rendered":"<p> Associ\u00e9s au bo\u00eetier \u00e9tanche Osmo Pocket, les inserts antibu\u00e9e constituent une solution efficace pour absorber l'humidit\u00e9. Le bo\u00eetier reste ainsi transparent et l'objectif ne s'embue pas. Cet accessoire est essentiel pour tous ceux qui souhaitent conserver une vision claire et capturer des images de haute qualit\u00e9, \u00e0 la fois sous l'eau et dans des environnements humides.<\/p>\n<p><strong>Visibilit\u00e9 optimale<\/strong><\/p>\n<p> Ces inserts antibu\u00e9e sont essentiels pour maintenir le bo\u00eetier clair et sans bu\u00e9e. La bu\u00e9e peut affecter de mani\u00e8re significative la qualit\u00e9 des images en r\u00e9duisant la clart\u00e9 et la visibilit\u00e9. En absorbant l'humidit\u00e9 dans le bo\u00eetier, ces inserts permettent de capturer des images claires et nettes, am\u00e9liorant ainsi la qualit\u00e9 globale de vos prises de vue.<\/p>\n<p><strong>Ad\u00e9quation<\/strong><\/p>\n<p> Ce produit est parfaitement adapt\u00e9 aux utilisateurs de tous niveaux, qu'il s'agisse de d\u00e9butants en photographie sous-marine ou d'experts \u00e0 la recherche de r\u00e9sultats professionnels. Il permet aux d\u00e9butants comme aux professionnels chevronn\u00e9s de b\u00e9n\u00e9ficier d'une visibilit\u00e9 claire et d'images de haute qualit\u00e9, quel que soit leur niveau d'exp\u00e9rience ou les conditions dans lesquelles ils r\u00e9alisent leurs prises de vue.<\/p>\n<p><strong>Accessoire indispensable<\/strong><\/p>\n<p> Pour ceux qui souhaitent filmer sous l'eau ou dans des conditions humides, ces inserts antibu\u00e9e sont un accessoire essentiel. Non seulement ils emp\u00eachent la formation de bu\u00e9e, mais ils prot\u00e8gent \u00e9galement l'int\u00e9grit\u00e9 de vos images. En conservant une vue claire, les utilisateurs peuvent filmer en toute confiance, sachant que leurs images seront aussi nettes et claires que pr\u00e9vu.<\/p>\n<p><\/p>","protected":false},"excerpt":{"rendered":"<ul>\n<li>Con\u00e7u pour le bo\u00eetier \u00e9tanche Osmo Pocket<\/li>\n<li> R\u00e9duit efficacement l'humidit\u00e9<\/li>\n<li> Emp\u00eache la formation de bu\u00e9e sur le bo\u00eetier<\/li>\n<\/ul>","protected":false},"featured_media":7539,"template":"","meta":{"_acf_changed":false},"product_brand":[],"product_cat":[756,410,97,297,778],"product_tag":[],"class_list":{"0":"post-7543","1":"product","2":"type-product","3":"status-publish","4":"has-post-thumbnail","6":"product_cat-accessoires","7":"product_cat-alle-handheld-gimbals","8":"product_cat-alle-producten","9":"product_cat-dji-osmo","10":"product_cat-dji-osmo-pocket","11":"product_shipping_class-outofstock","12":"pa_brand-dji","13":"pa_productfamily-accessoires","14":"pa_producttype-accessoires","15":"pa_series-osmo-pocket","17":"first","18":"outofstock","19":"taxable","20":"shipping-taxable","21":"product-type-simple"},"acf":[],"yoast_head":"<!-- This site is optimized with the Yoast SEO Premium plugin v27.2 (Yoast SEO v27.2) - https:\/\/yoast.com\/product\/yoast-seo-premium-wordpress\/ -->\n<title>Osmo Pocket Anti-fog Inserts - koningdrone.be<\/title>\n<meta name=\"robots\" content=\"index, follow, max-snippet:-1, max-image-preview:large, max-video-preview:-1\" \/>\n<link rel=\"canonical\" href=\"https:\/\/koningdrone.be\/fr\/produit\/dji-osmo-pocket-part-15-anti-fog-inserts\/\" \/>\n<meta property=\"og:locale\" content=\"fr_FR\" \/>\n<meta property=\"og:type\" content=\"article\" \/>\n<meta property=\"og:title\" content=\"Osmo Pocket Anti-fog Inserts\" \/>\n<meta property=\"og:description\" content=\"Ontworpen voor de Osmo Pocket waterdichte behuizing Vermindert effectief vocht Voorkomt beslaan van de behuizing\" \/>\n<meta property=\"og:url\" content=\"https:\/\/koningdrone.be\/fr\/produit\/dji-osmo-pocket-part-15-anti-fog-inserts\/\" \/>\n<meta property=\"og:site_name\" content=\"koningdrone.be\" \/>\n<meta property=\"article:modified_time\" content=\"2026-04-29T11:10:29+00:00\" \/>\n<meta property=\"og:image\" content=\"https:\/\/koningdrone.be\/wp-content\/uploads\/sites\/13\/2025\/04\/large_7f792429-f9b0-48d2-ad9c-6ef0c2394513.jpg\" \/>\n\t<meta property=\"og:image:width\" content=\"1200\" \/>\n\t<meta property=\"og:image:height\" content=\"800\" \/>\n\t<meta property=\"og:image:type\" content=\"image\/jpeg\" \/>\n<meta name=\"twitter:card\" content=\"summary_large_image\" \/>\n<meta name=\"twitter:label1\" content=\"Dur\u00e9e de lecture est.\" \/>\n\t<meta name=\"twitter:data1\" content=\"1 minute\" \/>\n<script type=\"application\/ld+json\" class=\"yoast-schema-graph\">{\"@context\":\"https:\/\/schema.org\",\"@graph\":[{\"@type\":\"WebPage\",\"@id\":\"https:\/\/koningdrone.be\/product\/dji-osmo-pocket-part-15-anti-fog-inserts\/\",\"url\":\"https:\/\/koningdrone.be\/product\/dji-osmo-pocket-part-15-anti-fog-inserts\/\",\"name\":\"Osmo Pocket Anti-fog Inserts - koningdrone.be\",\"isPartOf\":{\"@id\":\"https:\/\/koningdrone.be\/#website\"},\"primaryImageOfPage\":{\"@id\":\"https:\/\/koningdrone.be\/product\/dji-osmo-pocket-part-15-anti-fog-inserts\/#primaryimage\"},\"image\":{\"@id\":\"https:\/\/koningdrone.be\/product\/dji-osmo-pocket-part-15-anti-fog-inserts\/#primaryimage\"},\"thumbnailUrl\":\"https:\/\/koningdrone.be\/wp-content\/uploads\/sites\/13\/2025\/04\/large_7f792429-f9b0-48d2-ad9c-6ef0c2394513.jpg\",\"datePublished\":\"2019-07-16T23:30:09+00:00\",\"dateModified\":\"2026-04-29T11:10:29+00:00\",\"breadcrumb\":{\"@id\":\"https:\/\/koningdrone.be\/product\/dji-osmo-pocket-part-15-anti-fog-inserts\/#breadcrumb\"},\"inLanguage\":\"fr-BE\",\"potentialAction\":[{\"@type\":\"ReadAction\",\"target\":[\"https:\/\/koningdrone.be\/product\/dji-osmo-pocket-part-15-anti-fog-inserts\/\"]}]},{\"@type\":\"ImageObject\",\"inLanguage\":\"fr-BE\",\"@id\":\"https:\/\/koningdrone.be\/product\/dji-osmo-pocket-part-15-anti-fog-inserts\/#primaryimage\",\"url\":\"https:\/\/koningdrone.be\/wp-content\/uploads\/sites\/13\/2025\/04\/large_7f792429-f9b0-48d2-ad9c-6ef0c2394513.jpg\",\"contentUrl\":\"https:\/\/koningdrone.be\/wp-content\/uploads\/sites\/13\/2025\/04\/large_7f792429-f9b0-48d2-ad9c-6ef0c2394513.jpg\",\"width\":1200,\"height\":800},{\"@type\":\"BreadcrumbList\",\"@id\":\"https:\/\/koningdrone.be\/product\/dji-osmo-pocket-part-15-anti-fog-inserts\/#breadcrumb\",\"itemListElement\":[{\"@type\":\"ListItem\",\"position\":1,\"name\":\"Home\",\"item\":\"https:\/\/koningdrone.be\/\"},{\"@type\":\"ListItem\",\"position\":2,\"name\":\"AVSS Parachute Recovery System for DJI Matrice 300\/350\",\"item\":\"https:\/\/koningdrone.be\/product\/avss-parachute-recovery-system-for-dji-matrice-300-350\/\"},{\"@type\":\"ListItem\",\"position\":3,\"name\":\"Accessoires\",\"item\":\"https:\/\/koningdrone.be\/categorie\/accessoires\/\"},{\"@type\":\"ListItem\",\"position\":4,\"name\":\"Osmo Pocket Anti-fog Inserts\"}]},{\"@type\":\"WebSite\",\"@id\":\"https:\/\/koningdrone.be\/#website\",\"url\":\"https:\/\/koningdrone.be\/\",\"name\":\"Koningdrone.be - Uw online specialist in drones, gimbals, camera's en power stations.\",\"description\":\"De webshop in drones en gimbals\",\"publisher\":{\"@id\":\"https:\/\/koningdrone.be\/#organization\"},\"potentialAction\":[{\"@type\":\"SearchAction\",\"target\":{\"@type\":\"EntryPoint\",\"urlTemplate\":\"https:\/\/koningdrone.be\/?s={search_term_string}\"},\"query-input\":{\"@type\":\"PropertyValueSpecification\",\"valueRequired\":true,\"valueName\":\"search_term_string\"}}],\"inLanguage\":\"fr-BE\"},{\"@type\":\"Organization\",\"@id\":\"https:\/\/koningdrone.be\/#organization\",\"name\":\"Koningdrone.be\",\"url\":\"https:\/\/koningdrone.be\/\",\"logo\":{\"@type\":\"ImageObject\",\"inLanguage\":\"fr-BE\",\"@id\":\"https:\/\/koningdrone.be\/#\/schema\/logo\/image\/\",\"url\":\"https:\/\/koningdrone.be\/wp-content\/uploads\/sites\/13\/2025\/04\/koningdrone-copyright-logo.svg\",\"contentUrl\":\"https:\/\/koningdrone.be\/wp-content\/uploads\/sites\/13\/2025\/04\/koningdrone-copyright-logo.svg\",\"width\":227,\"height\":38,\"caption\":\"Koningdrone.be\"},\"image\":{\"@id\":\"https:\/\/koningdrone.be\/#\/schema\/logo\/image\/\"}}]}<\/script>\n<!-- \/ Yoast SEO Premium plugin. -->","yoast_head_json":{"title":"Osmo Pocket Anti-fog Inserts - koningdrone.be","robots":{"index":"index","follow":"follow","max-snippet":"max-snippet:-1","max-image-preview":"max-image-preview:large","max-video-preview":"max-video-preview:-1"},"canonical":"https:\/\/koningdrone.be\/fr\/produit\/dji-osmo-pocket-part-15-anti-fog-inserts\/","og_locale":"fr_FR","og_type":"article","og_title":"Osmo Pocket Anti-fog Inserts","og_description":"Ontworpen voor de Osmo Pocket waterdichte behuizing Vermindert effectief vocht Voorkomt beslaan van de behuizing","og_url":"https:\/\/koningdrone.be\/fr\/produit\/dji-osmo-pocket-part-15-anti-fog-inserts\/","og_site_name":"koningdrone.be","article_modified_time":"2026-04-29T11:10:29+00:00","og_image":[{"width":1200,"height":800,"url":"https:\/\/koningdrone.be\/wp-content\/uploads\/sites\/13\/2025\/04\/large_7f792429-f9b0-48d2-ad9c-6ef0c2394513.jpg","type":"image\/jpeg"}],"twitter_card":"summary_large_image","twitter_misc":{"Dur\u00e9e de lecture est.":"1 minute"},"schema":{"@context":"https:\/\/schema.org","@graph":[{"@type":"WebPage","@id":"https:\/\/koningdrone.be\/product\/dji-osmo-pocket-part-15-anti-fog-inserts\/","url":"https:\/\/koningdrone.be\/product\/dji-osmo-pocket-part-15-anti-fog-inserts\/","name":"Osmo Pocket Anti-fog Inserts - koningdrone.be","isPartOf":{"@id":"https:\/\/koningdrone.be\/#website"},"primaryImageOfPage":{"@id":"https:\/\/koningdrone.be\/product\/dji-osmo-pocket-part-15-anti-fog-inserts\/#primaryimage"},"image":{"@id":"https:\/\/koningdrone.be\/product\/dji-osmo-pocket-part-15-anti-fog-inserts\/#primaryimage"},"thumbnailUrl":"https:\/\/koningdrone.be\/wp-content\/uploads\/sites\/13\/2025\/04\/large_7f792429-f9b0-48d2-ad9c-6ef0c2394513.jpg","datePublished":"2019-07-16T23:30:09+00:00","dateModified":"2026-04-29T11:10:29+00:00","breadcrumb":{"@id":"https:\/\/koningdrone.be\/product\/dji-osmo-pocket-part-15-anti-fog-inserts\/#breadcrumb"},"inLanguage":"fr-BE","potentialAction":[{"@type":"ReadAction","target":["https:\/\/koningdrone.be\/product\/dji-osmo-pocket-part-15-anti-fog-inserts\/"]}]},{"@type":"ImageObject","inLanguage":"fr-BE","@id":"https:\/\/koningdrone.be\/product\/dji-osmo-pocket-part-15-anti-fog-inserts\/#primaryimage","url":"https:\/\/koningdrone.be\/wp-content\/uploads\/sites\/13\/2025\/04\/large_7f792429-f9b0-48d2-ad9c-6ef0c2394513.jpg","contentUrl":"https:\/\/koningdrone.be\/wp-content\/uploads\/sites\/13\/2025\/04\/large_7f792429-f9b0-48d2-ad9c-6ef0c2394513.jpg","width":1200,"height":800},{"@type":"BreadcrumbList","@id":"https:\/\/koningdrone.be\/product\/dji-osmo-pocket-part-15-anti-fog-inserts\/#breadcrumb","itemListElement":[{"@type":"ListItem","position":1,"name":"Home","item":"https:\/\/koningdrone.be\/"},{"@type":"ListItem","position":2,"name":"AVSS Parachute Recovery System for DJI Matrice 300\/350","item":"https:\/\/koningdrone.be\/product\/avss-parachute-recovery-system-for-dji-matrice-300-350\/"},{"@type":"ListItem","position":3,"name":"Accessoires","item":"https:\/\/koningdrone.be\/categorie\/accessoires\/"},{"@type":"ListItem","position":4,"name":"Osmo Pocket Anti-fog Inserts"}]},{"@type":"WebSite","@id":"https:\/\/koningdrone.be\/#website","url":"https:\/\/koningdrone.be\/","name":"Koningdrone.be - Votre sp\u00e9cialiste en ligne en mati\u00e8re de drones, de cardans, de cam\u00e9ras et de centrales \u00e9lectriques.","description":"La boutique en ligne de drones et de cardans","publisher":{"@id":"https:\/\/koningdrone.be\/#organization"},"potentialAction":[{"@type":"SearchAction","target":{"@type":"EntryPoint","urlTemplate":"https:\/\/koningdrone.be\/?s={search_term_string}"},"query-input":{"@type":"PropertyValueSpecification","valueRequired":true,"valueName":"search_term_string"}}],"inLanguage":"fr-BE"},{"@type":"Organization","@id":"https:\/\/koningdrone.be\/#organization","name":"Kingdrone.co.uk","url":"https:\/\/koningdrone.be\/","logo":{"@type":"ImageObject","inLanguage":"fr-BE","@id":"https:\/\/koningdrone.be\/#\/schema\/logo\/image\/","url":"https:\/\/koningdrone.be\/wp-content\/uploads\/sites\/13\/2025\/04\/koningdrone-copyright-logo.svg","contentUrl":"https:\/\/koningdrone.be\/wp-content\/uploads\/sites\/13\/2025\/04\/koningdrone-copyright-logo.svg","width":227,"height":38,"caption":"Koningdrone.be"},"image":{"@id":"https:\/\/koningdrone.be\/#\/schema\/logo\/image\/"}}]}},"df_price":"","df_sale_price":"","df_regular_price":"","df_image_link":"https:\/\/koningdrone.be\/wp-content\/uploads\/sites\/13\/2025\/04\/large_7f792429-f9b0-48d2-ad9c-6ef0c2394513-300x200.jpg","_links":{"self":[{"href":"https:\/\/koningdrone.be\/fr\/wp-json\/wp\/v2\/product\/7543","targetHints":{"allow":["GET"]}}],"collection":[{"href":"https:\/\/koningdrone.be\/fr\/wp-json\/wp\/v2\/product"}],"about":[{"href":"https:\/\/koningdrone.be\/fr\/wp-json\/wp\/v2\/types\/product"}],"wp:featuredmedia":[{"embeddable":true,"href":"https:\/\/koningdrone.be\/fr\/wp-json\/wp\/v2\/media\/7539"}],"wp:attachment":[{"href":"https:\/\/koningdrone.be\/fr\/wp-json\/wp\/v2\/media?parent=7543"}],"wp:term":[{"taxonomy":"product_brand","embeddable":true,"href":"https:\/\/koningdrone.be\/fr\/wp-json\/wp\/v2\/product_brand?post=7543"},{"taxonomy":"product_cat","embeddable":true,"href":"https:\/\/koningdrone.be\/fr\/wp-json\/wp\/v2\/product_cat?post=7543"},{"taxonomy":"product_tag","embeddable":true,"href":"https:\/\/koningdrone.be\/fr\/wp-json\/wp\/v2\/product_tag?post=7543"}],"curies":[{"name":"wp","href":"https:\/\/api.w.org\/{rel}","templated":true}]}}