{"id":7474,"date":"2019-11-15T11:48:20","date_gmt":"2019-11-15T10:48:20","guid":{"rendered":"https:\/\/koningdrone.nl\/kon\/product\/dji-care-refresh-card-osmo-mobile-3\/"},"modified":"2026-04-29T05:40:04","modified_gmt":"2026-04-29T03:40:04","slug":"dji-care-refresh-card-osmo-mobile-3","status":"publish","type":"product","link":"https:\/\/koningdrone.be\/fr\/produit\/dji-care-refresh-card-osmo-mobile-3\/","title":{"rendered":"DJI Care Refresh Card Osmo Mobile 3"},"content":{"rendered":"<h1>DJI Care Refresh Card Osmo Mobile 3<\/h1>\n<p>DJI Care Refresh (Osmo Mobile 3)<br \/>Offre deux unit\u00e9s de remplacement pour un faible co\u00fbt suppl\u00e9mentaire pendant un an et couvre une large gamme d'accidents, ce qui vous donne une plus grande tranquillit\u00e9 d'esprit.<\/p>\n<p>Veuillez noter que :<br \/>Si vous achetez DJI Care Refresh s\u00e9par\u00e9ment pour un produit DJI achet\u00e9 pr\u00e9c\u00e9demment, DJI Care Refresh est automatiquement activ\u00e9 dans les 24 heures. Votre contrat de service vous sera envoy\u00e9 par e-mail.<\/p>\n<p>DJI Care Refresh et le produit associ\u00e9 doivent \u00eatre achet\u00e9s dans le m\u00eame pays ou la m\u00eame r\u00e9gion. DJI Care Refresh ne prend en charge que les produits achet\u00e9s aupr\u00e8s de canaux officiels ou agr\u00e9\u00e9s et les avantages ne sont \u00e9ligibles que dans la r\u00e9gion o\u00f9 le produit a \u00e9t\u00e9 achet\u00e9.<br \/>Chaque fois que vous demandez un remplacement, vous recevrez un appareil neuf ou \u00e9quivalent \u00e0 un appareil neuf en termes de performances et de fiabilit\u00e9.<\/p>\n<p>Comment activer la DJI Care Refresh Card ?<br \/> - Acc\u00e9dez \u00e0 la page d'activation : support.dji.com\/care\/active<br \/> - Saisissez les informations suivantes : Num\u00e9ro de s\u00e9rie du drone, code d'activation DJI Care Refresh et informations personnelles.<br \/> - Le contrat DJI Care Refresh sera envoy\u00e9 \u00e0 votre adresse e-mail. <br \/> - Quelles sont les conditions ?<\/p>\n<p>Le DJI Care Refresh impose certaines conditions \u00e0 l'assurance :<br \/> - L'actioncam n'a pas encore \u00e9t\u00e9 activ\u00e9e ou l'a \u00e9t\u00e9 r\u00e9cemment.<br \/> - Dans les 30 jours suivant l'achat, vous devez activer DJI Care Refresh<br \/> - Les r\u00e9parations ne sont valables que dans les r\u00e9gions indiqu\u00e9es.<br \/> - L'actualisation des soins est valable pendant un an (12 mois).<\/p>\n<p>Comment se d\u00e9roule le processus de r\u00e9paration<br \/>Le processus suit les cinq \u00e9tapes suivantes :<br \/> - En cas de d\u00e9faut ou de dommage, contactez DJI \u00e0 l'adresse suivante : www.dji.com\/support. Voici les instructions pour envoyer votre DJI Osmo Mobile 3 d\u00e9fectueux\/endommag\u00e9<br \/> - Introduisez une demande de r\u00e9paration \u00e0 l'adresse suivante : www.dji.com\/service\/repair<br \/> - La demande sera envoy\u00e9e au centre de r\u00e9paration DJI.<br \/> - Vous devez ensuite payer une petite somme pour le remplacement. Pour la premi\u00e8re fois, ces frais s'\u00e9l\u00e8vent \u00e0 10 euros et pour la deuxi\u00e8me fois, \u00e0 15 euros.<br \/> - Votre DJI Osmo Mobile 3 r\u00e9par\u00e9 vous sera exp\u00e9di\u00e9 gratuitement.<\/p>","protected":false},"excerpt":{"rendered":"<ul>\n<li>Prot\u00e9ger le DJI Osmo Mobile contre les dommages et les d\u00e9fauts<\/li>\n<\/ul>","protected":false},"featured_media":7473,"template":"","meta":{"_acf_changed":false},"product_brand":[],"product_cat":[175,410,97,297],"product_tag":[],"class_list":{"0":"post-7474","1":"product","2":"type-product","3":"status-publish","4":"has-post-thumbnail","6":"product_cat-alle-care-refresh","7":"product_cat-alle-handheld-gimbals","8":"product_cat-alle-producten","9":"product_cat-dji-osmo","10":"product_shipping_class-outofstock","11":"pa_brand-dji","12":"pa_productfamily-care-refresh","13":"pa_producttype-care-refresh","14":"pa_series-osmo-mobile","16":"first","17":"outofstock","18":"taxable","19":"shipping-taxable","20":"product-type-simple"},"acf":[],"yoast_head":"<!-- This site is optimized with the Yoast SEO Premium plugin v27.2 (Yoast SEO v27.2) - https:\/\/yoast.com\/product\/yoast-seo-premium-wordpress\/ -->\n<title>DJI Care Refresh Card Osmo Mobile 3 - koningdrone.be<\/title>\n<meta name=\"robots\" content=\"index, follow, max-snippet:-1, max-image-preview:large, max-video-preview:-1\" \/>\n<link rel=\"canonical\" href=\"https:\/\/koningdrone.be\/fr\/produit\/dji-care-refresh-card-osmo-mobile-3\/\" \/>\n<meta property=\"og:locale\" content=\"fr_FR\" \/>\n<meta property=\"og:type\" content=\"article\" \/>\n<meta property=\"og:title\" content=\"DJI Care Refresh Card Osmo Mobile 3\" \/>\n<meta property=\"og:description\" content=\"Bescherm de DJI Osmo Mobile tegen beschadigingen en defecten\" \/>\n<meta property=\"og:url\" content=\"https:\/\/koningdrone.be\/fr\/produit\/dji-care-refresh-card-osmo-mobile-3\/\" \/>\n<meta property=\"og:site_name\" content=\"koningdrone.be\" \/>\n<meta property=\"article:modified_time\" content=\"2026-04-29T03:40:04+00:00\" \/>\n<meta property=\"og:image\" content=\"https:\/\/koningdrone.be\/wp-content\/uploads\/sites\/13\/2025\/04\/6958265192272-1.jpg\" \/>\n\t<meta property=\"og:image:width\" content=\"660\" \/>\n\t<meta property=\"og:image:height\" content=\"660\" \/>\n\t<meta property=\"og:image:type\" content=\"image\/jpeg\" \/>\n<meta name=\"twitter:card\" content=\"summary_large_image\" \/>\n<meta name=\"twitter:label1\" content=\"Dur\u00e9e de lecture est.\" \/>\n\t<meta name=\"twitter:data1\" content=\"2 minutes\" \/>\n<script type=\"application\/ld+json\" class=\"yoast-schema-graph\">{\"@context\":\"https:\/\/schema.org\",\"@graph\":[{\"@type\":\"WebPage\",\"@id\":\"https:\/\/koningdrone.be\/product\/dji-care-refresh-card-osmo-mobile-3\/\",\"url\":\"https:\/\/koningdrone.be\/product\/dji-care-refresh-card-osmo-mobile-3\/\",\"name\":\"DJI Care Refresh Card Osmo Mobile 3 - koningdrone.be\",\"isPartOf\":{\"@id\":\"https:\/\/koningdrone.be\/#website\"},\"primaryImageOfPage\":{\"@id\":\"https:\/\/koningdrone.be\/product\/dji-care-refresh-card-osmo-mobile-3\/#primaryimage\"},\"image\":{\"@id\":\"https:\/\/koningdrone.be\/product\/dji-care-refresh-card-osmo-mobile-3\/#primaryimage\"},\"thumbnailUrl\":\"https:\/\/koningdrone.be\/wp-content\/uploads\/sites\/13\/2025\/04\/6958265192272-1.jpg\",\"datePublished\":\"2019-11-15T10:48:20+00:00\",\"dateModified\":\"2026-04-29T03:40:04+00:00\",\"breadcrumb\":{\"@id\":\"https:\/\/koningdrone.be\/product\/dji-care-refresh-card-osmo-mobile-3\/#breadcrumb\"},\"inLanguage\":\"fr-BE\",\"potentialAction\":[{\"@type\":\"ReadAction\",\"target\":[\"https:\/\/koningdrone.be\/product\/dji-care-refresh-card-osmo-mobile-3\/\"]}]},{\"@type\":\"ImageObject\",\"inLanguage\":\"fr-BE\",\"@id\":\"https:\/\/koningdrone.be\/product\/dji-care-refresh-card-osmo-mobile-3\/#primaryimage\",\"url\":\"https:\/\/koningdrone.be\/wp-content\/uploads\/sites\/13\/2025\/04\/6958265192272-1.jpg\",\"contentUrl\":\"https:\/\/koningdrone.be\/wp-content\/uploads\/sites\/13\/2025\/04\/6958265192272-1.jpg\",\"width\":660,\"height\":660},{\"@type\":\"BreadcrumbList\",\"@id\":\"https:\/\/koningdrone.be\/product\/dji-care-refresh-card-osmo-mobile-3\/#breadcrumb\",\"itemListElement\":[{\"@type\":\"ListItem\",\"position\":1,\"name\":\"Home\",\"item\":\"https:\/\/koningdrone.be\/\"},{\"@type\":\"ListItem\",\"position\":2,\"name\":\"AVSS Parachute Recovery System for DJI Matrice 300\/350\",\"item\":\"https:\/\/koningdrone.be\/product\/avss-parachute-recovery-system-for-dji-matrice-300-350\/\"},{\"@type\":\"ListItem\",\"position\":3,\"name\":\"Alle care refresh\",\"item\":\"https:\/\/koningdrone.be\/categorie\/alle-care-refresh\/\"},{\"@type\":\"ListItem\",\"position\":4,\"name\":\"DJI Care Refresh Card Osmo Mobile 3\"}]},{\"@type\":\"WebSite\",\"@id\":\"https:\/\/koningdrone.be\/#website\",\"url\":\"https:\/\/koningdrone.be\/\",\"name\":\"Koningdrone.be - Uw online specialist in drones, gimbals, camera's en power stations.\",\"description\":\"De webshop in drones en gimbals\",\"publisher\":{\"@id\":\"https:\/\/koningdrone.be\/#organization\"},\"potentialAction\":[{\"@type\":\"SearchAction\",\"target\":{\"@type\":\"EntryPoint\",\"urlTemplate\":\"https:\/\/koningdrone.be\/?s={search_term_string}\"},\"query-input\":{\"@type\":\"PropertyValueSpecification\",\"valueRequired\":true,\"valueName\":\"search_term_string\"}}],\"inLanguage\":\"fr-BE\"},{\"@type\":\"Organization\",\"@id\":\"https:\/\/koningdrone.be\/#organization\",\"name\":\"Koningdrone.be\",\"url\":\"https:\/\/koningdrone.be\/\",\"logo\":{\"@type\":\"ImageObject\",\"inLanguage\":\"fr-BE\",\"@id\":\"https:\/\/koningdrone.be\/#\/schema\/logo\/image\/\",\"url\":\"https:\/\/koningdrone.be\/wp-content\/uploads\/sites\/13\/2025\/04\/koningdrone-copyright-logo.svg\",\"contentUrl\":\"https:\/\/koningdrone.be\/wp-content\/uploads\/sites\/13\/2025\/04\/koningdrone-copyright-logo.svg\",\"width\":227,\"height\":38,\"caption\":\"Koningdrone.be\"},\"image\":{\"@id\":\"https:\/\/koningdrone.be\/#\/schema\/logo\/image\/\"}}]}<\/script>\n<!-- \/ Yoast SEO Premium plugin. -->","yoast_head_json":{"title":"DJI Care Refresh Card Osmo Mobile 3 - koningdrone.be","robots":{"index":"index","follow":"follow","max-snippet":"max-snippet:-1","max-image-preview":"max-image-preview:large","max-video-preview":"max-video-preview:-1"},"canonical":"https:\/\/koningdrone.be\/fr\/produit\/dji-care-refresh-card-osmo-mobile-3\/","og_locale":"fr_FR","og_type":"article","og_title":"DJI Care Refresh Card Osmo Mobile 3","og_description":"Bescherm de DJI Osmo Mobile tegen beschadigingen en defecten","og_url":"https:\/\/koningdrone.be\/fr\/produit\/dji-care-refresh-card-osmo-mobile-3\/","og_site_name":"koningdrone.be","article_modified_time":"2026-04-29T03:40:04+00:00","og_image":[{"width":660,"height":660,"url":"https:\/\/koningdrone.be\/wp-content\/uploads\/sites\/13\/2025\/04\/6958265192272-1.jpg","type":"image\/jpeg"}],"twitter_card":"summary_large_image","twitter_misc":{"Dur\u00e9e de lecture est.":"2 minutes"},"schema":{"@context":"https:\/\/schema.org","@graph":[{"@type":"WebPage","@id":"https:\/\/koningdrone.be\/product\/dji-care-refresh-card-osmo-mobile-3\/","url":"https:\/\/koningdrone.be\/product\/dji-care-refresh-card-osmo-mobile-3\/","name":"DJI Care Refresh Card Osmo Mobile 3 - koningdrone.be","isPartOf":{"@id":"https:\/\/koningdrone.be\/#website"},"primaryImageOfPage":{"@id":"https:\/\/koningdrone.be\/product\/dji-care-refresh-card-osmo-mobile-3\/#primaryimage"},"image":{"@id":"https:\/\/koningdrone.be\/product\/dji-care-refresh-card-osmo-mobile-3\/#primaryimage"},"thumbnailUrl":"https:\/\/koningdrone.be\/wp-content\/uploads\/sites\/13\/2025\/04\/6958265192272-1.jpg","datePublished":"2019-11-15T10:48:20+00:00","dateModified":"2026-04-29T03:40:04+00:00","breadcrumb":{"@id":"https:\/\/koningdrone.be\/product\/dji-care-refresh-card-osmo-mobile-3\/#breadcrumb"},"inLanguage":"fr-BE","potentialAction":[{"@type":"ReadAction","target":["https:\/\/koningdrone.be\/product\/dji-care-refresh-card-osmo-mobile-3\/"]}]},{"@type":"ImageObject","inLanguage":"fr-BE","@id":"https:\/\/koningdrone.be\/product\/dji-care-refresh-card-osmo-mobile-3\/#primaryimage","url":"https:\/\/koningdrone.be\/wp-content\/uploads\/sites\/13\/2025\/04\/6958265192272-1.jpg","contentUrl":"https:\/\/koningdrone.be\/wp-content\/uploads\/sites\/13\/2025\/04\/6958265192272-1.jpg","width":660,"height":660},{"@type":"BreadcrumbList","@id":"https:\/\/koningdrone.be\/product\/dji-care-refresh-card-osmo-mobile-3\/#breadcrumb","itemListElement":[{"@type":"ListItem","position":1,"name":"Home","item":"https:\/\/koningdrone.be\/"},{"@type":"ListItem","position":2,"name":"AVSS Parachute Recovery System for DJI Matrice 300\/350","item":"https:\/\/koningdrone.be\/product\/avss-parachute-recovery-system-for-dji-matrice-300-350\/"},{"@type":"ListItem","position":3,"name":"Alle care refresh","item":"https:\/\/koningdrone.be\/categorie\/alle-care-refresh\/"},{"@type":"ListItem","position":4,"name":"DJI Care Refresh Card Osmo Mobile 3"}]},{"@type":"WebSite","@id":"https:\/\/koningdrone.be\/#website","url":"https:\/\/koningdrone.be\/","name":"Koningdrone.be - Votre sp\u00e9cialiste en ligne en mati\u00e8re de drones, de cardans, de cam\u00e9ras et de centrales \u00e9lectriques.","description":"La boutique en ligne de drones et de cardans","publisher":{"@id":"https:\/\/koningdrone.be\/#organization"},"potentialAction":[{"@type":"SearchAction","target":{"@type":"EntryPoint","urlTemplate":"https:\/\/koningdrone.be\/?s={search_term_string}"},"query-input":{"@type":"PropertyValueSpecification","valueRequired":true,"valueName":"search_term_string"}}],"inLanguage":"fr-BE"},{"@type":"Organization","@id":"https:\/\/koningdrone.be\/#organization","name":"Kingdrone.co.uk","url":"https:\/\/koningdrone.be\/","logo":{"@type":"ImageObject","inLanguage":"fr-BE","@id":"https:\/\/koningdrone.be\/#\/schema\/logo\/image\/","url":"https:\/\/koningdrone.be\/wp-content\/uploads\/sites\/13\/2025\/04\/koningdrone-copyright-logo.svg","contentUrl":"https:\/\/koningdrone.be\/wp-content\/uploads\/sites\/13\/2025\/04\/koningdrone-copyright-logo.svg","width":227,"height":38,"caption":"Koningdrone.be"},"image":{"@id":"https:\/\/koningdrone.be\/#\/schema\/logo\/image\/"}}]}},"df_price":"","df_sale_price":"","df_regular_price":"","df_image_link":"https:\/\/koningdrone.be\/wp-content\/uploads\/sites\/13\/2025\/04\/6958265192272-1-300x300.jpg","_links":{"self":[{"href":"https:\/\/koningdrone.be\/fr\/wp-json\/wp\/v2\/product\/7474","targetHints":{"allow":["GET"]}}],"collection":[{"href":"https:\/\/koningdrone.be\/fr\/wp-json\/wp\/v2\/product"}],"about":[{"href":"https:\/\/koningdrone.be\/fr\/wp-json\/wp\/v2\/types\/product"}],"wp:featuredmedia":[{"embeddable":true,"href":"https:\/\/koningdrone.be\/fr\/wp-json\/wp\/v2\/media\/7473"}],"wp:attachment":[{"href":"https:\/\/koningdrone.be\/fr\/wp-json\/wp\/v2\/media?parent=7474"}],"wp:term":[{"taxonomy":"product_brand","embeddable":true,"href":"https:\/\/koningdrone.be\/fr\/wp-json\/wp\/v2\/product_brand?post=7474"},{"taxonomy":"product_cat","embeddable":true,"href":"https:\/\/koningdrone.be\/fr\/wp-json\/wp\/v2\/product_cat?post=7474"},{"taxonomy":"product_tag","embeddable":true,"href":"https:\/\/koningdrone.be\/fr\/wp-json\/wp\/v2\/product_tag?post=7474"}],"curies":[{"name":"wp","href":"https:\/\/api.w.org\/{rel}","templated":true}]}}