{"id":7444,"date":"2019-11-15T11:48:45","date_gmt":"2019-11-15T10:48:45","guid":{"rendered":"https:\/\/koningdrone.nl\/kon\/product\/dji-fpv-air-unit-antenna-mmcx-straight-part-04\/"},"modified":"2026-04-29T10:10:31","modified_gmt":"2026-04-29T08:10:31","slug":"dji-fpv-air-unit-antenna-mmcx-straight-part-04","status":"publish","type":"product","link":"https:\/\/koningdrone.be\/fr\/produit\/dji-fpv-air-unit-antenna-mmcx-straight-part-04\/","title":{"rendered":"DJI FPV Air Unit Antenna (MMCX straight) Part 04"},"content":{"rendered":"<h1>DJI FPV Air Unit Antenna (MMCX straight) Part 04<\/h1>\n<p>Antenne DJI FPV Air Unit avec connexion MMCX, petite et l\u00e9g\u00e8re, offrant une longue port\u00e9e de transmission et une forte anti-interf\u00e9rence.<br \/>Conseils<br \/> - Les antennes de l'unit\u00e9 a\u00e9rienne doivent \u00eatre distantes d'au moins 40 mm.<br \/> - Tenez l'unit\u00e9 d'air \u00e9loign\u00e9e des objets m\u00e9talliques ou des cadres en fibre de carbone. Veillez \u00e0 choisir une position o\u00f9 la transmission n'est pas bloqu\u00e9e pendant le vol.<br \/> - Le DJI FPV Air Unit est \u00e9quip\u00e9 de ports d'antenne MMCX. Comme le port (la broche int\u00e9rieure) est petit, lorsque vous retirez l'antenne, tenez l'unit\u00e9 a\u00e9rienne d'une main, appuyez sur les deux extr\u00e9mit\u00e9s de l'antenne avec l'autre main et retirez-la horizontalement.<br \/> - N'oubliez pas que si vous tra\u00eenez l'antenne, la tige int\u00e9rieure et le collier risquent de tomber ou d'\u00eatre endommag\u00e9s.<\/p>","protected":false},"excerpt":{"rendered":"<ul>\n<li>Connexion MMCX (droite)<\/li>\n<li>Transmission \u00e0 longue distance<\/li>\n<li>Petite taille<\/li>\n<li>L\u00e9ger et durable<\/li>\n<\/ul>","protected":false},"featured_media":7442,"template":"","meta":{"_acf_changed":false},"product_brand":[],"product_cat":[731,97,719],"product_tag":[],"class_list":{"0":"post-7444","1":"product","2":"type-product","3":"status-publish","4":"has-post-thumbnail","6":"product_cat-alle-goggles","7":"product_cat-alle-producten","8":"product_cat-dji-fpv","9":"product_shipping_class-outofstock","10":"pa_brand-dji","11":"pa_productfamily-antenne","12":"pa_producttype-antenne","13":"pa_series-goggles-v1","15":"first","16":"outofstock","17":"taxable","18":"shipping-taxable","19":"product-type-simple"},"acf":[],"yoast_head":"<!-- This site is optimized with the Yoast SEO Premium plugin v27.2 (Yoast SEO v27.2) - https:\/\/yoast.com\/product\/yoast-seo-premium-wordpress\/ -->\n<title>DJI FPV Air Unit Antenna (MMCX straight) Part 04 - koningdrone.be<\/title>\n<meta name=\"robots\" content=\"index, follow, max-snippet:-1, max-image-preview:large, max-video-preview:-1\" \/>\n<link rel=\"canonical\" href=\"https:\/\/koningdrone.be\/fr\/produit\/dji-fpv-air-unit-antenna-mmcx-straight-part-04\/\" \/>\n<meta property=\"og:locale\" content=\"fr_FR\" \/>\n<meta property=\"og:type\" content=\"article\" \/>\n<meta property=\"og:title\" content=\"DJI FPV Air Unit Antenna (MMCX straight) Part 04\" \/>\n<meta property=\"og:description\" content=\"MMCX (straight) verbindingLangeafstand transmissieKlein formaatLicht in gewicht en duurzaam\" \/>\n<meta property=\"og:url\" content=\"https:\/\/koningdrone.be\/fr\/produit\/dji-fpv-air-unit-antenna-mmcx-straight-part-04\/\" \/>\n<meta property=\"og:site_name\" content=\"koningdrone.be\" \/>\n<meta property=\"article:modified_time\" content=\"2026-04-29T08:10:31+00:00\" \/>\n<meta property=\"og:image\" content=\"https:\/\/koningdrone.be\/wp-content\/uploads\/sites\/13\/2025\/04\/6958265190414-1.jpg\" \/>\n\t<meta property=\"og:image:width\" content=\"660\" \/>\n\t<meta property=\"og:image:height\" content=\"660\" \/>\n\t<meta property=\"og:image:type\" content=\"image\/jpeg\" \/>\n<meta name=\"twitter:card\" content=\"summary_large_image\" \/>\n<meta name=\"twitter:label1\" content=\"Dur\u00e9e de lecture est.\" \/>\n\t<meta name=\"twitter:data1\" content=\"1 minute\" \/>\n<script type=\"application\/ld+json\" class=\"yoast-schema-graph\">{\"@context\":\"https:\/\/schema.org\",\"@graph\":[{\"@type\":\"WebPage\",\"@id\":\"https:\/\/koningdrone.be\/product\/dji-fpv-air-unit-antenna-mmcx-straight-part-04\/\",\"url\":\"https:\/\/koningdrone.be\/product\/dji-fpv-air-unit-antenna-mmcx-straight-part-04\/\",\"name\":\"DJI FPV Air Unit Antenna (MMCX straight) Part 04 - koningdrone.be\",\"isPartOf\":{\"@id\":\"https:\/\/koningdrone.be\/#website\"},\"primaryImageOfPage\":{\"@id\":\"https:\/\/koningdrone.be\/product\/dji-fpv-air-unit-antenna-mmcx-straight-part-04\/#primaryimage\"},\"image\":{\"@id\":\"https:\/\/koningdrone.be\/product\/dji-fpv-air-unit-antenna-mmcx-straight-part-04\/#primaryimage\"},\"thumbnailUrl\":\"https:\/\/koningdrone.be\/wp-content\/uploads\/sites\/13\/2025\/04\/6958265190414-1.jpg\",\"datePublished\":\"2019-11-15T10:48:45+00:00\",\"dateModified\":\"2026-04-29T08:10:31+00:00\",\"breadcrumb\":{\"@id\":\"https:\/\/koningdrone.be\/product\/dji-fpv-air-unit-antenna-mmcx-straight-part-04\/#breadcrumb\"},\"inLanguage\":\"fr-BE\",\"potentialAction\":[{\"@type\":\"ReadAction\",\"target\":[\"https:\/\/koningdrone.be\/product\/dji-fpv-air-unit-antenna-mmcx-straight-part-04\/\"]}]},{\"@type\":\"ImageObject\",\"inLanguage\":\"fr-BE\",\"@id\":\"https:\/\/koningdrone.be\/product\/dji-fpv-air-unit-antenna-mmcx-straight-part-04\/#primaryimage\",\"url\":\"https:\/\/koningdrone.be\/wp-content\/uploads\/sites\/13\/2025\/04\/6958265190414-1.jpg\",\"contentUrl\":\"https:\/\/koningdrone.be\/wp-content\/uploads\/sites\/13\/2025\/04\/6958265190414-1.jpg\",\"width\":660,\"height\":660},{\"@type\":\"BreadcrumbList\",\"@id\":\"https:\/\/koningdrone.be\/product\/dji-fpv-air-unit-antenna-mmcx-straight-part-04\/#breadcrumb\",\"itemListElement\":[{\"@type\":\"ListItem\",\"position\":1,\"name\":\"Home\",\"item\":\"https:\/\/koningdrone.be\/\"},{\"@type\":\"ListItem\",\"position\":2,\"name\":\"AVSS Parachute Recovery System for DJI Matrice 300\/350\",\"item\":\"https:\/\/koningdrone.be\/product\/avss-parachute-recovery-system-for-dji-matrice-300-350\/\"},{\"@type\":\"ListItem\",\"position\":3,\"name\":\"Alle goggles\",\"item\":\"https:\/\/koningdrone.be\/categorie\/alle-goggles\/\"},{\"@type\":\"ListItem\",\"position\":4,\"name\":\"DJI FPV Air Unit Antenna (MMCX straight) Part 04\"}]},{\"@type\":\"WebSite\",\"@id\":\"https:\/\/koningdrone.be\/#website\",\"url\":\"https:\/\/koningdrone.be\/\",\"name\":\"Koningdrone.be - Uw online specialist in drones, gimbals, camera's en power stations.\",\"description\":\"De webshop in drones en gimbals\",\"publisher\":{\"@id\":\"https:\/\/koningdrone.be\/#organization\"},\"potentialAction\":[{\"@type\":\"SearchAction\",\"target\":{\"@type\":\"EntryPoint\",\"urlTemplate\":\"https:\/\/koningdrone.be\/?s={search_term_string}\"},\"query-input\":{\"@type\":\"PropertyValueSpecification\",\"valueRequired\":true,\"valueName\":\"search_term_string\"}}],\"inLanguage\":\"fr-BE\"},{\"@type\":\"Organization\",\"@id\":\"https:\/\/koningdrone.be\/#organization\",\"name\":\"Koningdrone.be\",\"url\":\"https:\/\/koningdrone.be\/\",\"logo\":{\"@type\":\"ImageObject\",\"inLanguage\":\"fr-BE\",\"@id\":\"https:\/\/koningdrone.be\/#\/schema\/logo\/image\/\",\"url\":\"https:\/\/koningdrone.be\/wp-content\/uploads\/sites\/13\/2025\/04\/koningdrone-copyright-logo.svg\",\"contentUrl\":\"https:\/\/koningdrone.be\/wp-content\/uploads\/sites\/13\/2025\/04\/koningdrone-copyright-logo.svg\",\"width\":227,\"height\":38,\"caption\":\"Koningdrone.be\"},\"image\":{\"@id\":\"https:\/\/koningdrone.be\/#\/schema\/logo\/image\/\"}}]}<\/script>\n<!-- \/ Yoast SEO Premium plugin. -->","yoast_head_json":{"title":"DJI FPV Air Unit Antenna (MMCX straight) Part 04 - koningdrone.be","robots":{"index":"index","follow":"follow","max-snippet":"max-snippet:-1","max-image-preview":"max-image-preview:large","max-video-preview":"max-video-preview:-1"},"canonical":"https:\/\/koningdrone.be\/fr\/produit\/dji-fpv-air-unit-antenna-mmcx-straight-part-04\/","og_locale":"fr_FR","og_type":"article","og_title":"DJI FPV Air Unit Antenna (MMCX straight) Part 04","og_description":"MMCX (straight) verbindingLangeafstand transmissieKlein formaatLicht in gewicht en duurzaam","og_url":"https:\/\/koningdrone.be\/fr\/produit\/dji-fpv-air-unit-antenna-mmcx-straight-part-04\/","og_site_name":"koningdrone.be","article_modified_time":"2026-04-29T08:10:31+00:00","og_image":[{"width":660,"height":660,"url":"https:\/\/koningdrone.be\/wp-content\/uploads\/sites\/13\/2025\/04\/6958265190414-1.jpg","type":"image\/jpeg"}],"twitter_card":"summary_large_image","twitter_misc":{"Dur\u00e9e de lecture est.":"1 minute"},"schema":{"@context":"https:\/\/schema.org","@graph":[{"@type":"WebPage","@id":"https:\/\/koningdrone.be\/product\/dji-fpv-air-unit-antenna-mmcx-straight-part-04\/","url":"https:\/\/koningdrone.be\/product\/dji-fpv-air-unit-antenna-mmcx-straight-part-04\/","name":"DJI FPV Air Unit Antenna (MMCX straight) Part 04 - koningdrone.be","isPartOf":{"@id":"https:\/\/koningdrone.be\/#website"},"primaryImageOfPage":{"@id":"https:\/\/koningdrone.be\/product\/dji-fpv-air-unit-antenna-mmcx-straight-part-04\/#primaryimage"},"image":{"@id":"https:\/\/koningdrone.be\/product\/dji-fpv-air-unit-antenna-mmcx-straight-part-04\/#primaryimage"},"thumbnailUrl":"https:\/\/koningdrone.be\/wp-content\/uploads\/sites\/13\/2025\/04\/6958265190414-1.jpg","datePublished":"2019-11-15T10:48:45+00:00","dateModified":"2026-04-29T08:10:31+00:00","breadcrumb":{"@id":"https:\/\/koningdrone.be\/product\/dji-fpv-air-unit-antenna-mmcx-straight-part-04\/#breadcrumb"},"inLanguage":"fr-BE","potentialAction":[{"@type":"ReadAction","target":["https:\/\/koningdrone.be\/product\/dji-fpv-air-unit-antenna-mmcx-straight-part-04\/"]}]},{"@type":"ImageObject","inLanguage":"fr-BE","@id":"https:\/\/koningdrone.be\/product\/dji-fpv-air-unit-antenna-mmcx-straight-part-04\/#primaryimage","url":"https:\/\/koningdrone.be\/wp-content\/uploads\/sites\/13\/2025\/04\/6958265190414-1.jpg","contentUrl":"https:\/\/koningdrone.be\/wp-content\/uploads\/sites\/13\/2025\/04\/6958265190414-1.jpg","width":660,"height":660},{"@type":"BreadcrumbList","@id":"https:\/\/koningdrone.be\/product\/dji-fpv-air-unit-antenna-mmcx-straight-part-04\/#breadcrumb","itemListElement":[{"@type":"ListItem","position":1,"name":"Home","item":"https:\/\/koningdrone.be\/"},{"@type":"ListItem","position":2,"name":"AVSS Parachute Recovery System for DJI Matrice 300\/350","item":"https:\/\/koningdrone.be\/product\/avss-parachute-recovery-system-for-dji-matrice-300-350\/"},{"@type":"ListItem","position":3,"name":"Alle goggles","item":"https:\/\/koningdrone.be\/categorie\/alle-goggles\/"},{"@type":"ListItem","position":4,"name":"DJI FPV Air Unit Antenna (MMCX straight) Part 04"}]},{"@type":"WebSite","@id":"https:\/\/koningdrone.be\/#website","url":"https:\/\/koningdrone.be\/","name":"Koningdrone.be - Votre sp\u00e9cialiste en ligne en mati\u00e8re de drones, de cardans, de cam\u00e9ras et de centrales \u00e9lectriques.","description":"La boutique en ligne de drones et de cardans","publisher":{"@id":"https:\/\/koningdrone.be\/#organization"},"potentialAction":[{"@type":"SearchAction","target":{"@type":"EntryPoint","urlTemplate":"https:\/\/koningdrone.be\/?s={search_term_string}"},"query-input":{"@type":"PropertyValueSpecification","valueRequired":true,"valueName":"search_term_string"}}],"inLanguage":"fr-BE"},{"@type":"Organization","@id":"https:\/\/koningdrone.be\/#organization","name":"Kingdrone.co.uk","url":"https:\/\/koningdrone.be\/","logo":{"@type":"ImageObject","inLanguage":"fr-BE","@id":"https:\/\/koningdrone.be\/#\/schema\/logo\/image\/","url":"https:\/\/koningdrone.be\/wp-content\/uploads\/sites\/13\/2025\/04\/koningdrone-copyright-logo.svg","contentUrl":"https:\/\/koningdrone.be\/wp-content\/uploads\/sites\/13\/2025\/04\/koningdrone-copyright-logo.svg","width":227,"height":38,"caption":"Koningdrone.be"},"image":{"@id":"https:\/\/koningdrone.be\/#\/schema\/logo\/image\/"}}]}},"df_price":"","df_sale_price":"","df_regular_price":"","df_image_link":"https:\/\/koningdrone.be\/wp-content\/uploads\/sites\/13\/2025\/04\/6958265190414-1-300x300.jpg","_links":{"self":[{"href":"https:\/\/koningdrone.be\/fr\/wp-json\/wp\/v2\/product\/7444","targetHints":{"allow":["GET"]}}],"collection":[{"href":"https:\/\/koningdrone.be\/fr\/wp-json\/wp\/v2\/product"}],"about":[{"href":"https:\/\/koningdrone.be\/fr\/wp-json\/wp\/v2\/types\/product"}],"wp:featuredmedia":[{"embeddable":true,"href":"https:\/\/koningdrone.be\/fr\/wp-json\/wp\/v2\/media\/7442"}],"wp:attachment":[{"href":"https:\/\/koningdrone.be\/fr\/wp-json\/wp\/v2\/media?parent=7444"}],"wp:term":[{"taxonomy":"product_brand","embeddable":true,"href":"https:\/\/koningdrone.be\/fr\/wp-json\/wp\/v2\/product_brand?post=7444"},{"taxonomy":"product_cat","embeddable":true,"href":"https:\/\/koningdrone.be\/fr\/wp-json\/wp\/v2\/product_cat?post=7444"},{"taxonomy":"product_tag","embeddable":true,"href":"https:\/\/koningdrone.be\/fr\/wp-json\/wp\/v2\/product_tag?post=7444"}],"curies":[{"name":"wp","href":"https:\/\/api.w.org\/{rel}","templated":true}]}}