{"id":7363,"date":"2019-12-18T00:49:00","date_gmt":"2019-12-17T23:49:00","guid":{"rendered":"https:\/\/koningdrone.nl\/kon\/product\/tello-edu-single-combo\/"},"modified":"2026-04-29T13:10:27","modified_gmt":"2026-04-29T11:10:27","slug":"tello-edu-single-combo","status":"publish","type":"product","link":"https:\/\/koningdrone.be\/fr\/produit\/tello-edu-single-combo\/","title":{"rendered":"Tello EDU Single Combo"},"content":{"rendered":"<h1>RYZE Tello EDU<\/h1>\n<p>DJI Tello : un drone que l'on peut programmer \u00e0 la vol\u00e9e<\/p>\n<p>Tello EDU est un mini-drone programmable et ultral\u00e9ger qui peut atteindre une altitude de 30 m et r\u00e9aliser des acrobaties remarquables. Flips, loopings... ce robot volant n'a pas froid aux yeux ! Vous pouvez le contr\u00f4ler depuis votre iPad gr\u00e2ce \u00e0 l'application d\u00e9di\u00e9e Tello ou un contr\u00f4leur Bluetooth compatible. Vous pouvez g\u00e9rer jusqu'\u00e0 quatre drones DJI Tello EDU simultan\u00e9ment, id\u00e9al pour cr\u00e9er votre propre force a\u00e9rienne.<\/p>\n<p>Le drone \u00e9ducatif de Tello est livr\u00e9 avec tout ce dont un programmeur d\u00e9butant a besoin. Il y a une application Swift Playgrounds avec une interface intuitive qui vous permet d'apprendre les premiers principes de la robotique et du langage de programmation Swift. Cela signifie que vous obtenez un drone Tello \"Scratch\" que vous pouvez programmer en d\u00e9pla\u00e7ant des blocs de contr\u00f4le en fonction de ce que vous voulez qu'il fasse. Le tutoriel Tello Space Travel vous aidera \u00e0 faire vos premiers pas avec Swift afin que vous puissiez rapidement faire voler votre drone.<\/p>\n<p><strong>Fonctions avanc\u00e9es de programmation de Tello EDU<\/strong><br \/>Une fois que vous vous \u00eates familiaris\u00e9 avec les diff\u00e9rents modes de contr\u00f4le que vous pouvez programmer avec Swift ou Scratch, vous pouvez am\u00e9liorer votre jeu en effectuant des missions de vol avec les Mission Pads. Ces cartes ont leur propre identifiant et peuvent \u00eatre int\u00e9gr\u00e9es dans votre code. Lorsque le drone les survole, il peut effectuer des actions programm\u00e9es en suivant les diff\u00e9rentes coordonn\u00e9es de vol.<\/p>\n<p>Et ce n'est pas tout : vous pouvez \u00e9galement explorer toutes les capacit\u00e9s de la cam\u00e9ra vid\u00e9o Tello EDU et apprendre \u00e0 votre drone \u00e0 reconna\u00eetre des objets ou \u00e0 interpr\u00e9ter vos actions. De plus, le SDK 2.0 fourni avec Tello vous donne acc\u00e8s au d\u00e9veloppement de l'IA, \u00e0 la reconstruction 3D, \u00e0 l'asservissement visuel et aux fonctions d'apprentissage par ordinateur.<\/p>\n<p><strong>Caract\u00e9ristiques techniques du drone Tello EDU<\/strong><\/p>\n<ul> <\/p>\n<li>Photos de 5 m\u00e9gapixels<\/li>\n<p> <\/p>\n<li>Temps de vol : 13 min (sans vent, \u00e0 15 km\/h)<\/li>\n<p> <\/p>\n<li>Vol plan\u00e9 pr\u00e9cis<\/li>\n<p> <\/p>\n<li>Drone programmable<\/li>\n<p> <\/p>\n<li>Modes de vol multiples<\/li>\n<p> <\/p>\n<li>Vitesse max. Vitesse : 28,8 km\/h<\/li>\n<p> <\/p>\n<li>Temp\u00e9rature de fonctionnement : 0 \u00e0 40 \u00b0C<\/li>\n<p> <\/p>\n<li>Gamme de fr\u00e9quences de fonctionnement : 2,4 \u00e0 2,4835 GHz<\/li>\n<p> <\/p>\n<li>\u00c9metteurs : 20 dBm (FCC), 19 dBm (CE), 19 dBm (SRRC)<\/li>\n<p> <\/p>\n<li>Poids : 87 g (avec les protections d'h\u00e9lice)<\/li>\n<p> <\/p>\n<li>Max. Taille de l'image : 2592 x 1936<\/li>\n<p> <\/p>\n<li>Format vid\u00e9o : MP4<\/li>\n<p> <\/p>\n<li>Batterie d'\u00e9vacuation :<\/li>\n<p> <\/p>\n<li>Capacit\u00e9 : 1100 mAh<\/li>\n<p> <\/p>\n<li>Tension nominale : 3,8 V<\/li>\n<p> <\/p>\n<li>Type de batterie : LiPo<\/li>\n<p> <\/p>\n<li>Puissance : 4,18 Wh<\/li>\n<p> <\/p>\n<li>Poids : 25 grammes<\/li>\n<p> <\/p>\n<li>Plage de temp\u00e9rature de charge : 5 \u00e0 45 \u00b0C<\/li>\n<p> <\/p>\n<li>Max. Puissance de charge : 10W<\/li>\n<p><\/ul>","protected":false},"excerpt":{"rendered":"<ul>\n<li>Distance de vol : jusqu'\u00e0 100 m<\/li>\n<li>Vitesse : 8 km\/h<\/li>\n<li>Temps de vol : 13 minutes<\/li>\n<li>Hauteur : jusqu'\u00e0 10 m<\/li>\n<li>FPV : vue \u00e0 la premi\u00e8re personne<\/li>\n<li>Batterie rechargeable int\u00e9gr\u00e9e 3,8 V \/ 1,1 Ah<\/li>\n<li>Port de charge : microUSB<\/li>\n<li>R\u00e9solution de l'appareil photo : 5 MPx<\/li>\n<li>Angle : 82,6<\/li>\n<li>Format vid\u00e9o : JPG, MP4<\/li>\n<li>Dimensions : 98 x 92,5 x 41 mm<\/li>\n<li>Poids : 80 grammes<\/li>\n<\/ul>","protected":false},"featured_media":7357,"template":"","meta":{"_acf_changed":false},"product_brand":[],"product_cat":[135,1316,97,136,1151,177],"product_tag":[],"class_list":{"0":"post-7363","1":"product","2":"type-product","3":"status-publish","4":"has-post-thumbnail","6":"product_cat-alle-drones","7":"product_cat-alle-educatie","8":"product_cat-alle-producten","9":"product_cat-consumer-drones","10":"product_cat-dji-tello","11":"product_cat-drones-zonder-certificaat","12":"product_shipping_class-outofstock","13":"pa_brand-dji","14":"pa_dronegrade-consumer","15":"pa_productfamily-drone","16":"pa_producttype-drone","17":"pa_series-tello","18":"pa_vliegbewijs-a1-a3-niet-verplicht","20":"first","21":"outofstock","22":"taxable","23":"shipping-taxable","24":"product-type-simple"},"acf":[],"yoast_head":"<!-- This site is optimized with the Yoast SEO Premium plugin v27.2 (Yoast SEO v27.2) - https:\/\/yoast.com\/product\/yoast-seo-premium-wordpress\/ -->\n<title>Tello EDU Single Combo - koningdrone.be<\/title>\n<meta name=\"robots\" content=\"index, follow, max-snippet:-1, max-image-preview:large, max-video-preview:-1\" \/>\n<link rel=\"canonical\" href=\"https:\/\/koningdrone.be\/fr\/produit\/tello-edu-single-combo\/\" \/>\n<meta property=\"og:locale\" content=\"fr_FR\" \/>\n<meta property=\"og:type\" content=\"article\" \/>\n<meta property=\"og:title\" content=\"Tello EDU Single Combo\" \/>\n<meta property=\"og:description\" content=\"Vliegbereik: tot 100 mSnelheid: 8 km \/ uVliegtijd: 13 minutenHoogte: tot 10 mFPV: first person viewIngebouwde oplaadbare batterij 3,8 V \/ 1,1 AhOplaadpoort: microUSBCameraresolutie: 5 MPxHoek: 82,6 \u00b0Videoformaat: JPG, MP4Afmetingen: 98 x 92,5 x 41 mmGewicht: 80 gram\" \/>\n<meta property=\"og:url\" content=\"https:\/\/koningdrone.be\/fr\/produit\/tello-edu-single-combo\/\" \/>\n<meta property=\"og:site_name\" content=\"koningdrone.be\" \/>\n<meta property=\"article:modified_time\" content=\"2026-04-29T11:10:27+00:00\" \/>\n<meta property=\"og:image\" content=\"https:\/\/koningdrone.be\/wp-content\/uploads\/sites\/13\/2025\/04\/telloedu.jpg\" \/>\n\t<meta property=\"og:image:width\" content=\"1200\" \/>\n\t<meta property=\"og:image:height\" content=\"800\" \/>\n\t<meta property=\"og:image:type\" content=\"image\/jpeg\" \/>\n<meta name=\"twitter:card\" content=\"summary_large_image\" \/>\n<meta name=\"twitter:label1\" content=\"Dur\u00e9e de lecture est.\" \/>\n\t<meta name=\"twitter:data1\" content=\"2 minutes\" \/>\n<script type=\"application\/ld+json\" class=\"yoast-schema-graph\">{\"@context\":\"https:\/\/schema.org\",\"@graph\":[{\"@type\":\"WebPage\",\"@id\":\"https:\/\/koningdrone.be\/product\/tello-edu-single-combo\/\",\"url\":\"https:\/\/koningdrone.be\/product\/tello-edu-single-combo\/\",\"name\":\"Tello EDU Single Combo - koningdrone.be\",\"isPartOf\":{\"@id\":\"https:\/\/koningdrone.be\/#website\"},\"primaryImageOfPage\":{\"@id\":\"https:\/\/koningdrone.be\/product\/tello-edu-single-combo\/#primaryimage\"},\"image\":{\"@id\":\"https:\/\/koningdrone.be\/product\/tello-edu-single-combo\/#primaryimage\"},\"thumbnailUrl\":\"https:\/\/koningdrone.be\/wp-content\/uploads\/sites\/13\/2025\/04\/telloedu.jpg\",\"datePublished\":\"2019-12-17T23:49:00+00:00\",\"dateModified\":\"2026-04-29T11:10:27+00:00\",\"breadcrumb\":{\"@id\":\"https:\/\/koningdrone.be\/product\/tello-edu-single-combo\/#breadcrumb\"},\"inLanguage\":\"fr-BE\",\"potentialAction\":[{\"@type\":\"ReadAction\",\"target\":[\"https:\/\/koningdrone.be\/product\/tello-edu-single-combo\/\"]}]},{\"@type\":\"ImageObject\",\"inLanguage\":\"fr-BE\",\"@id\":\"https:\/\/koningdrone.be\/product\/tello-edu-single-combo\/#primaryimage\",\"url\":\"https:\/\/koningdrone.be\/wp-content\/uploads\/sites\/13\/2025\/04\/telloedu.jpg\",\"contentUrl\":\"https:\/\/koningdrone.be\/wp-content\/uploads\/sites\/13\/2025\/04\/telloedu.jpg\",\"width\":1200,\"height\":800},{\"@type\":\"BreadcrumbList\",\"@id\":\"https:\/\/koningdrone.be\/product\/tello-edu-single-combo\/#breadcrumb\",\"itemListElement\":[{\"@type\":\"ListItem\",\"position\":1,\"name\":\"Home\",\"item\":\"https:\/\/koningdrone.be\/\"},{\"@type\":\"ListItem\",\"position\":2,\"name\":\"AVSS Parachute Recovery System for DJI Matrice 300\/350\",\"item\":\"https:\/\/koningdrone.be\/product\/avss-parachute-recovery-system-for-dji-matrice-300-350\/\"},{\"@type\":\"ListItem\",\"position\":3,\"name\":\"Alle drones\",\"item\":\"https:\/\/koningdrone.be\/categorie\/alle-drones\/\"},{\"@type\":\"ListItem\",\"position\":4,\"name\":\"Tello EDU Single Combo\"}]},{\"@type\":\"WebSite\",\"@id\":\"https:\/\/koningdrone.be\/#website\",\"url\":\"https:\/\/koningdrone.be\/\",\"name\":\"Koningdrone.be - Uw online specialist in drones, gimbals, camera's en power stations.\",\"description\":\"De webshop in drones en gimbals\",\"publisher\":{\"@id\":\"https:\/\/koningdrone.be\/#organization\"},\"potentialAction\":[{\"@type\":\"SearchAction\",\"target\":{\"@type\":\"EntryPoint\",\"urlTemplate\":\"https:\/\/koningdrone.be\/?s={search_term_string}\"},\"query-input\":{\"@type\":\"PropertyValueSpecification\",\"valueRequired\":true,\"valueName\":\"search_term_string\"}}],\"inLanguage\":\"fr-BE\"},{\"@type\":\"Organization\",\"@id\":\"https:\/\/koningdrone.be\/#organization\",\"name\":\"Koningdrone.be\",\"url\":\"https:\/\/koningdrone.be\/\",\"logo\":{\"@type\":\"ImageObject\",\"inLanguage\":\"fr-BE\",\"@id\":\"https:\/\/koningdrone.be\/#\/schema\/logo\/image\/\",\"url\":\"https:\/\/koningdrone.be\/wp-content\/uploads\/sites\/13\/2025\/04\/koningdrone-copyright-logo.svg\",\"contentUrl\":\"https:\/\/koningdrone.be\/wp-content\/uploads\/sites\/13\/2025\/04\/koningdrone-copyright-logo.svg\",\"width\":227,\"height\":38,\"caption\":\"Koningdrone.be\"},\"image\":{\"@id\":\"https:\/\/koningdrone.be\/#\/schema\/logo\/image\/\"}}]}<\/script>\n<!-- \/ Yoast SEO Premium plugin. -->","yoast_head_json":{"title":"Tello EDU Single Combo - koningdrone.be","robots":{"index":"index","follow":"follow","max-snippet":"max-snippet:-1","max-image-preview":"max-image-preview:large","max-video-preview":"max-video-preview:-1"},"canonical":"https:\/\/koningdrone.be\/fr\/produit\/tello-edu-single-combo\/","og_locale":"fr_FR","og_type":"article","og_title":"Tello EDU Single Combo","og_description":"Vliegbereik: tot 100 mSnelheid: 8 km \/ uVliegtijd: 13 minutenHoogte: tot 10 mFPV: first person viewIngebouwde oplaadbare batterij 3,8 V \/ 1,1 AhOplaadpoort: microUSBCameraresolutie: 5 MPxHoek: 82,6 \u00b0Videoformaat: JPG, MP4Afmetingen: 98 x 92,5 x 41 mmGewicht: 80 gram","og_url":"https:\/\/koningdrone.be\/fr\/produit\/tello-edu-single-combo\/","og_site_name":"koningdrone.be","article_modified_time":"2026-04-29T11:10:27+00:00","og_image":[{"width":1200,"height":800,"url":"https:\/\/koningdrone.be\/wp-content\/uploads\/sites\/13\/2025\/04\/telloedu.jpg","type":"image\/jpeg"}],"twitter_card":"summary_large_image","twitter_misc":{"Dur\u00e9e de lecture est.":"2 minutes"},"schema":{"@context":"https:\/\/schema.org","@graph":[{"@type":"WebPage","@id":"https:\/\/koningdrone.be\/product\/tello-edu-single-combo\/","url":"https:\/\/koningdrone.be\/product\/tello-edu-single-combo\/","name":"Tello EDU Single Combo - koningdrone.be","isPartOf":{"@id":"https:\/\/koningdrone.be\/#website"},"primaryImageOfPage":{"@id":"https:\/\/koningdrone.be\/product\/tello-edu-single-combo\/#primaryimage"},"image":{"@id":"https:\/\/koningdrone.be\/product\/tello-edu-single-combo\/#primaryimage"},"thumbnailUrl":"https:\/\/koningdrone.be\/wp-content\/uploads\/sites\/13\/2025\/04\/telloedu.jpg","datePublished":"2019-12-17T23:49:00+00:00","dateModified":"2026-04-29T11:10:27+00:00","breadcrumb":{"@id":"https:\/\/koningdrone.be\/product\/tello-edu-single-combo\/#breadcrumb"},"inLanguage":"fr-BE","potentialAction":[{"@type":"ReadAction","target":["https:\/\/koningdrone.be\/product\/tello-edu-single-combo\/"]}]},{"@type":"ImageObject","inLanguage":"fr-BE","@id":"https:\/\/koningdrone.be\/product\/tello-edu-single-combo\/#primaryimage","url":"https:\/\/koningdrone.be\/wp-content\/uploads\/sites\/13\/2025\/04\/telloedu.jpg","contentUrl":"https:\/\/koningdrone.be\/wp-content\/uploads\/sites\/13\/2025\/04\/telloedu.jpg","width":1200,"height":800},{"@type":"BreadcrumbList","@id":"https:\/\/koningdrone.be\/product\/tello-edu-single-combo\/#breadcrumb","itemListElement":[{"@type":"ListItem","position":1,"name":"Home","item":"https:\/\/koningdrone.be\/"},{"@type":"ListItem","position":2,"name":"AVSS Parachute Recovery System for DJI Matrice 300\/350","item":"https:\/\/koningdrone.be\/product\/avss-parachute-recovery-system-for-dji-matrice-300-350\/"},{"@type":"ListItem","position":3,"name":"Alle drones","item":"https:\/\/koningdrone.be\/categorie\/alle-drones\/"},{"@type":"ListItem","position":4,"name":"Tello EDU Single Combo"}]},{"@type":"WebSite","@id":"https:\/\/koningdrone.be\/#website","url":"https:\/\/koningdrone.be\/","name":"Koningdrone.be - Votre sp\u00e9cialiste en ligne en mati\u00e8re de drones, de cardans, de cam\u00e9ras et de centrales \u00e9lectriques.","description":"La boutique en ligne de drones et de cardans","publisher":{"@id":"https:\/\/koningdrone.be\/#organization"},"potentialAction":[{"@type":"SearchAction","target":{"@type":"EntryPoint","urlTemplate":"https:\/\/koningdrone.be\/?s={search_term_string}"},"query-input":{"@type":"PropertyValueSpecification","valueRequired":true,"valueName":"search_term_string"}}],"inLanguage":"fr-BE"},{"@type":"Organization","@id":"https:\/\/koningdrone.be\/#organization","name":"Kingdrone.co.uk","url":"https:\/\/koningdrone.be\/","logo":{"@type":"ImageObject","inLanguage":"fr-BE","@id":"https:\/\/koningdrone.be\/#\/schema\/logo\/image\/","url":"https:\/\/koningdrone.be\/wp-content\/uploads\/sites\/13\/2025\/04\/koningdrone-copyright-logo.svg","contentUrl":"https:\/\/koningdrone.be\/wp-content\/uploads\/sites\/13\/2025\/04\/koningdrone-copyright-logo.svg","width":227,"height":38,"caption":"Koningdrone.be"},"image":{"@id":"https:\/\/koningdrone.be\/#\/schema\/logo\/image\/"}}]}},"df_price":"","df_sale_price":"","df_regular_price":"","df_image_link":"https:\/\/koningdrone.be\/wp-content\/uploads\/sites\/13\/2025\/04\/telloedu-300x200.jpg","_links":{"self":[{"href":"https:\/\/koningdrone.be\/fr\/wp-json\/wp\/v2\/product\/7363","targetHints":{"allow":["GET"]}}],"collection":[{"href":"https:\/\/koningdrone.be\/fr\/wp-json\/wp\/v2\/product"}],"about":[{"href":"https:\/\/koningdrone.be\/fr\/wp-json\/wp\/v2\/types\/product"}],"wp:featuredmedia":[{"embeddable":true,"href":"https:\/\/koningdrone.be\/fr\/wp-json\/wp\/v2\/media\/7357"}],"wp:attachment":[{"href":"https:\/\/koningdrone.be\/fr\/wp-json\/wp\/v2\/media?parent=7363"}],"wp:term":[{"taxonomy":"product_brand","embeddable":true,"href":"https:\/\/koningdrone.be\/fr\/wp-json\/wp\/v2\/product_brand?post=7363"},{"taxonomy":"product_cat","embeddable":true,"href":"https:\/\/koningdrone.be\/fr\/wp-json\/wp\/v2\/product_cat?post=7363"},{"taxonomy":"product_tag","embeddable":true,"href":"https:\/\/koningdrone.be\/fr\/wp-json\/wp\/v2\/product_tag?post=7363"}],"curies":[{"name":"wp","href":"https:\/\/api.w.org\/{rel}","templated":true}]}}