{"id":7320,"date":"2019-12-22T12:22:33","date_gmt":"2019-12-22T11:22:33","guid":{"rendered":"https:\/\/koningdrone.nl\/kon\/product\/dji-d-rtk-2-mobile-station\/"},"modified":"2026-04-29T14:51:02","modified_gmt":"2026-04-29T12:51:02","slug":"dji-d-rtk-2-mobile-station","status":"publish","type":"product","link":"https:\/\/koningdrone.be\/fr\/produit\/dji-d-rtk-2-mobile-station\/","title":{"rendered":"Station mobile DJI D-RTK 2"},"content":{"rendered":"<h1>Station mobile DJI D-RTK 2<\/h1>\n<p><strong>Station mobile GNNS de haute pr\u00e9cision<\/strong><br \/>\nLa station mobile D-RTK 2 est \u00e9quip\u00e9e d'un r\u00e9cepteur GNSS haute pr\u00e9cision de DJI, qui prend en charge tous les principaux syst\u00e8mes mondiaux de navigation par satellite et les corrections diff\u00e9rentielles en temps r\u00e9el, des donn\u00e9es de position au centim\u00e8tre pr\u00e8s pour une pr\u00e9cision relative am\u00e9lior\u00e9e.<\/p>\n<p><strong>Positionnement au centim\u00e8tre pr\u00e8s<\/strong><br \/>\nLa station mobile D-RTK 2 est enti\u00e8rement compatible avec les signaux GPS, GLONASS et GALILEO, beidou. Rapide et facile \u00e0 installer, la station mobile D-RTK 2 fournit des donn\u00e9es en temps r\u00e9el sur la diff\u00e9rence de pr\u00e9cision de positionnement des drones au niveau du centim\u00e8tre. L'antenne \u00e0 gain \u00e9lev\u00e9 int\u00e9gr\u00e9e permet une meilleure r\u00e9ception des signaux provenant d'un plus grand nombre de satellites, m\u00eame en pr\u00e9sence d'obstacles.<\/p>\n<p><strong>Rester connect\u00e9 pour chaque mission<\/strong><br \/>\nLa station mobile D-RTK 2 prend en charge la communication par 4G, OcuSync, WLAN et LAN, garantissant une transmission de donn\u00e9es ininterrompue et stable dans n'importe quel sc\u00e9nario d'application. Jusqu'\u00e0 5 t\u00e9l\u00e9commandes peuvent \u00eatre utilis\u00e9es simultan\u00e9ment pour connecter la station mobile D-RTK 2. Cela permet de coordonner les op\u00e9rations avec plusieurs drones et d'am\u00e9liorer consid\u00e9rablement l'efficacit\u00e9.<\/p>\n<p><strong>Une durabilit\u00e9 sur laquelle vous pouvez compter<\/strong><br \/>\nDot\u00e9e d'un indice de protection IP65 et d'un bo\u00eetier l\u00e9ger en fibre de carbone, la station mobile D-RTK 2 est adapt\u00e9e \u00e0 toutes les t\u00e2ches, aussi difficiles soient-elles. Les UMI int\u00e9gr\u00e9es surveillent les mouvements et \u00e9talonnent les capteurs d'inclinaison afin d'attirer l'attention de l'op\u00e9rateur sur les anomalies au cours de la mission, minimisant ainsi les risques.<\/p>\n<p><strong>Note : livr\u00e9 sans tr\u00e9pied !<\/strong><\/p>","protected":false},"excerpt":{"rendered":"<ul>\n<li>Pr\u00e9cision optimis\u00e9e<\/li>\n<li>Positionnement au centim\u00e8tre pr\u00e8s<\/li>\n<li>Rester connect\u00e9 pour chaque mission<\/li>\n<li>Niveau IP65<\/li>\n<li>Une solution compl\u00e8te<\/li>\n<\/ul>","protected":false},"featured_media":7319,"template":"","meta":{"_acf_changed":false},"product_brand":[],"product_cat":[97,118,149,152,165],"product_tag":[],"class_list":{"0":"post-7320","1":"product","2":"type-product","3":"status-publish","4":"has-post-thumbnail","6":"product_cat-alle-producten","7":"product_cat-alle-rtk","8":"product_cat-dji-matrice-30","9":"product_cat-dji-matrice-300","10":"product_cat-dji-mavic-3-enterprise","11":"product_shipping_class-outofstock","12":"pa_brand-dji","13":"pa_productfamily-rtk","14":"pa_producttype-rtk","15":"pa_series-phantom-4","17":"first","18":"outofstock","19":"taxable","20":"shipping-taxable","21":"purchasable","22":"product-type-simple"},"acf":[],"yoast_head":"<!-- This site is optimized with the Yoast SEO Premium plugin v27.2 (Yoast SEO v27.2) - https:\/\/yoast.com\/product\/yoast-seo-premium-wordpress\/ -->\n<title>DJI D-RTK 2 Mobile Station - koningdrone.be<\/title>\n<meta name=\"robots\" content=\"index, follow, max-snippet:-1, max-image-preview:large, max-video-preview:-1\" \/>\n<link rel=\"canonical\" href=\"https:\/\/koningdrone.be\/fr\/produit\/dji-d-rtk-2-mobile-station\/\" \/>\n<meta property=\"og:locale\" content=\"fr_FR\" \/>\n<meta property=\"og:type\" content=\"article\" \/>\n<meta property=\"og:title\" content=\"DJI D-RTK 2 Mobile Station\" \/>\n<meta property=\"og:description\" content=\"Geoptimaliseerde nauwkeurigheid  Positionering op centimeterniveau  Blijf verbonden voor elke missie  IP65-niveau  Een uitgebreide oplossing\" \/>\n<meta property=\"og:url\" content=\"https:\/\/koningdrone.be\/fr\/produit\/dji-d-rtk-2-mobile-station\/\" \/>\n<meta property=\"og:site_name\" content=\"koningdrone.be\" \/>\n<meta property=\"article:modified_time\" content=\"2026-04-29T12:51:02+00:00\" \/>\n<meta property=\"og:image\" content=\"https:\/\/koningdrone.be\/wp-content\/uploads\/sites\/13\/2025\/04\/6958265178979-3.png\" \/>\n\t<meta property=\"og:image:width\" content=\"600\" \/>\n\t<meta property=\"og:image:height\" content=\"375\" \/>\n\t<meta property=\"og:image:type\" content=\"image\/png\" \/>\n<meta name=\"twitter:card\" content=\"summary_large_image\" \/>\n<meta name=\"twitter:label1\" content=\"Dur\u00e9e de lecture est.\" \/>\n\t<meta name=\"twitter:data1\" content=\"1 minute\" \/>\n<script type=\"application\/ld+json\" class=\"yoast-schema-graph\">{\"@context\":\"https:\/\/schema.org\",\"@graph\":[{\"@type\":\"WebPage\",\"@id\":\"https:\/\/koningdrone.be\/product\/dji-d-rtk-2-mobile-station\/\",\"url\":\"https:\/\/koningdrone.be\/product\/dji-d-rtk-2-mobile-station\/\",\"name\":\"DJI D-RTK 2 Mobile Station - koningdrone.be\",\"isPartOf\":{\"@id\":\"https:\/\/koningdrone.be\/#website\"},\"primaryImageOfPage\":{\"@id\":\"https:\/\/koningdrone.be\/product\/dji-d-rtk-2-mobile-station\/#primaryimage\"},\"image\":{\"@id\":\"https:\/\/koningdrone.be\/product\/dji-d-rtk-2-mobile-station\/#primaryimage\"},\"thumbnailUrl\":\"https:\/\/koningdrone.be\/wp-content\/uploads\/sites\/13\/2025\/04\/6958265178979-3.png\",\"datePublished\":\"2019-12-22T11:22:33+00:00\",\"dateModified\":\"2026-04-29T12:51:02+00:00\",\"breadcrumb\":{\"@id\":\"https:\/\/koningdrone.be\/product\/dji-d-rtk-2-mobile-station\/#breadcrumb\"},\"inLanguage\":\"fr-BE\",\"potentialAction\":[{\"@type\":\"ReadAction\",\"target\":[\"https:\/\/koningdrone.be\/product\/dji-d-rtk-2-mobile-station\/\"]}]},{\"@type\":\"ImageObject\",\"inLanguage\":\"fr-BE\",\"@id\":\"https:\/\/koningdrone.be\/product\/dji-d-rtk-2-mobile-station\/#primaryimage\",\"url\":\"https:\/\/koningdrone.be\/wp-content\/uploads\/sites\/13\/2025\/04\/6958265178979-3.png\",\"contentUrl\":\"https:\/\/koningdrone.be\/wp-content\/uploads\/sites\/13\/2025\/04\/6958265178979-3.png\",\"width\":600,\"height\":375},{\"@type\":\"BreadcrumbList\",\"@id\":\"https:\/\/koningdrone.be\/product\/dji-d-rtk-2-mobile-station\/#breadcrumb\",\"itemListElement\":[{\"@type\":\"ListItem\",\"position\":1,\"name\":\"Home\",\"item\":\"https:\/\/koningdrone.be\/\"},{\"@type\":\"ListItem\",\"position\":2,\"name\":\"AVSS Parachute Recovery System for DJI Matrice 300\/350\",\"item\":\"https:\/\/koningdrone.be\/product\/avss-parachute-recovery-system-for-dji-matrice-300-350\/\"},{\"@type\":\"ListItem\",\"position\":3,\"name\":\"Alle producten\",\"item\":\"https:\/\/koningdrone.be\/categorie\/alle-producten\/\"},{\"@type\":\"ListItem\",\"position\":4,\"name\":\"DJI D-RTK 2 Mobile Station\"}]},{\"@type\":\"WebSite\",\"@id\":\"https:\/\/koningdrone.be\/#website\",\"url\":\"https:\/\/koningdrone.be\/\",\"name\":\"Koningdrone.be - Uw online specialist in drones, gimbals, camera's en power stations.\",\"description\":\"De webshop in drones en gimbals\",\"publisher\":{\"@id\":\"https:\/\/koningdrone.be\/#organization\"},\"potentialAction\":[{\"@type\":\"SearchAction\",\"target\":{\"@type\":\"EntryPoint\",\"urlTemplate\":\"https:\/\/koningdrone.be\/?s={search_term_string}\"},\"query-input\":{\"@type\":\"PropertyValueSpecification\",\"valueRequired\":true,\"valueName\":\"search_term_string\"}}],\"inLanguage\":\"fr-BE\"},{\"@type\":\"Organization\",\"@id\":\"https:\/\/koningdrone.be\/#organization\",\"name\":\"Koningdrone.be\",\"url\":\"https:\/\/koningdrone.be\/\",\"logo\":{\"@type\":\"ImageObject\",\"inLanguage\":\"fr-BE\",\"@id\":\"https:\/\/koningdrone.be\/#\/schema\/logo\/image\/\",\"url\":\"https:\/\/koningdrone.be\/wp-content\/uploads\/sites\/13\/2025\/04\/koningdrone-copyright-logo.svg\",\"contentUrl\":\"https:\/\/koningdrone.be\/wp-content\/uploads\/sites\/13\/2025\/04\/koningdrone-copyright-logo.svg\",\"width\":227,\"height\":38,\"caption\":\"Koningdrone.be\"},\"image\":{\"@id\":\"https:\/\/koningdrone.be\/#\/schema\/logo\/image\/\"}}]}<\/script>\n<!-- \/ Yoast SEO Premium plugin. -->","yoast_head_json":{"title":"DJI D-RTK 2 Mobile Station - kingdrone.fr","robots":{"index":"index","follow":"follow","max-snippet":"max-snippet:-1","max-image-preview":"max-image-preview:large","max-video-preview":"max-video-preview:-1"},"canonical":"https:\/\/koningdrone.be\/fr\/produit\/dji-d-rtk-2-mobile-station\/","og_locale":"fr_FR","og_type":"article","og_title":"DJI D-RTK 2 Mobile Station","og_description":"Geoptimaliseerde nauwkeurigheid  Positionering op centimeterniveau  Blijf verbonden voor elke missie  IP65-niveau  Een uitgebreide oplossing","og_url":"https:\/\/koningdrone.be\/fr\/produit\/dji-d-rtk-2-mobile-station\/","og_site_name":"koningdrone.be","article_modified_time":"2026-04-29T12:51:02+00:00","og_image":[{"width":600,"height":375,"url":"https:\/\/koningdrone.be\/wp-content\/uploads\/sites\/13\/2025\/04\/6958265178979-3.png","type":"image\/png"}],"twitter_card":"summary_large_image","twitter_misc":{"Dur\u00e9e de lecture est.":"1 minute"},"schema":{"@context":"https:\/\/schema.org","@graph":[{"@type":"WebPage","@id":"https:\/\/koningdrone.be\/product\/dji-d-rtk-2-mobile-station\/","url":"https:\/\/koningdrone.be\/product\/dji-d-rtk-2-mobile-station\/","name":"DJI D-RTK 2 Mobile Station - kingdrone.fr","isPartOf":{"@id":"https:\/\/koningdrone.be\/#website"},"primaryImageOfPage":{"@id":"https:\/\/koningdrone.be\/product\/dji-d-rtk-2-mobile-station\/#primaryimage"},"image":{"@id":"https:\/\/koningdrone.be\/product\/dji-d-rtk-2-mobile-station\/#primaryimage"},"thumbnailUrl":"https:\/\/koningdrone.be\/wp-content\/uploads\/sites\/13\/2025\/04\/6958265178979-3.png","datePublished":"2019-12-22T11:22:33+00:00","dateModified":"2026-04-29T12:51:02+00:00","breadcrumb":{"@id":"https:\/\/koningdrone.be\/product\/dji-d-rtk-2-mobile-station\/#breadcrumb"},"inLanguage":"fr-BE","potentialAction":[{"@type":"ReadAction","target":["https:\/\/koningdrone.be\/product\/dji-d-rtk-2-mobile-station\/"]}]},{"@type":"ImageObject","inLanguage":"fr-BE","@id":"https:\/\/koningdrone.be\/product\/dji-d-rtk-2-mobile-station\/#primaryimage","url":"https:\/\/koningdrone.be\/wp-content\/uploads\/sites\/13\/2025\/04\/6958265178979-3.png","contentUrl":"https:\/\/koningdrone.be\/wp-content\/uploads\/sites\/13\/2025\/04\/6958265178979-3.png","width":600,"height":375},{"@type":"BreadcrumbList","@id":"https:\/\/koningdrone.be\/product\/dji-d-rtk-2-mobile-station\/#breadcrumb","itemListElement":[{"@type":"ListItem","position":1,"name":"Home","item":"https:\/\/koningdrone.be\/"},{"@type":"ListItem","position":2,"name":"AVSS Parachute Recovery System for DJI Matrice 300\/350","item":"https:\/\/koningdrone.be\/product\/avss-parachute-recovery-system-for-dji-matrice-300-350\/"},{"@type":"ListItem","position":3,"name":"Alle producten","item":"https:\/\/koningdrone.be\/categorie\/alle-producten\/"},{"@type":"ListItem","position":4,"name":"DJI D-RTK 2 Mobile Station"}]},{"@type":"WebSite","@id":"https:\/\/koningdrone.be\/#website","url":"https:\/\/koningdrone.be\/","name":"Koningdrone.be - Votre sp\u00e9cialiste en ligne en mati\u00e8re de drones, de cardans, de cam\u00e9ras et de centrales \u00e9lectriques.","description":"La boutique en ligne de drones et de cardans","publisher":{"@id":"https:\/\/koningdrone.be\/#organization"},"potentialAction":[{"@type":"SearchAction","target":{"@type":"EntryPoint","urlTemplate":"https:\/\/koningdrone.be\/?s={search_term_string}"},"query-input":{"@type":"PropertyValueSpecification","valueRequired":true,"valueName":"search_term_string"}}],"inLanguage":"fr-BE"},{"@type":"Organization","@id":"https:\/\/koningdrone.be\/#organization","name":"Kingdrone.co.uk","url":"https:\/\/koningdrone.be\/","logo":{"@type":"ImageObject","inLanguage":"fr-BE","@id":"https:\/\/koningdrone.be\/#\/schema\/logo\/image\/","url":"https:\/\/koningdrone.be\/wp-content\/uploads\/sites\/13\/2025\/04\/koningdrone-copyright-logo.svg","contentUrl":"https:\/\/koningdrone.be\/wp-content\/uploads\/sites\/13\/2025\/04\/koningdrone-copyright-logo.svg","width":227,"height":38,"caption":"Koningdrone.be"},"image":{"@id":"https:\/\/koningdrone.be\/#\/schema\/logo\/image\/"}}]}},"df_price":3000,"df_sale_price":"","df_regular_price":3000,"df_image_link":"https:\/\/koningdrone.be\/wp-content\/uploads\/sites\/13\/2025\/04\/6958265178979-3-300x188.png","_links":{"self":[{"href":"https:\/\/koningdrone.be\/fr\/wp-json\/wp\/v2\/product\/7320","targetHints":{"allow":["GET"]}}],"collection":[{"href":"https:\/\/koningdrone.be\/fr\/wp-json\/wp\/v2\/product"}],"about":[{"href":"https:\/\/koningdrone.be\/fr\/wp-json\/wp\/v2\/types\/product"}],"wp:featuredmedia":[{"embeddable":true,"href":"https:\/\/koningdrone.be\/fr\/wp-json\/wp\/v2\/media\/7319"}],"wp:attachment":[{"href":"https:\/\/koningdrone.be\/fr\/wp-json\/wp\/v2\/media?parent=7320"}],"wp:term":[{"taxonomy":"product_brand","embeddable":true,"href":"https:\/\/koningdrone.be\/fr\/wp-json\/wp\/v2\/product_brand?post=7320"},{"taxonomy":"product_cat","embeddable":true,"href":"https:\/\/koningdrone.be\/fr\/wp-json\/wp\/v2\/product_cat?post=7320"},{"taxonomy":"product_tag","embeddable":true,"href":"https:\/\/koningdrone.be\/fr\/wp-json\/wp\/v2\/product_tag?post=7320"}],"curies":[{"name":"wp","href":"https:\/\/api.w.org\/{rel}","templated":true}]}}