{"id":7318,"date":"2019-12-22T12:22:33","date_gmt":"2019-12-22T11:22:33","guid":{"rendered":"https:\/\/koningdrone.nl\/kon\/product\/dji-matrice-200-dual-downward-gimbal-connector-p06\/"},"modified":"2026-04-29T15:20:58","modified_gmt":"2026-04-29T13:20:58","slug":"dji-matrice-200-dual-downward-gimbal-connector-p06","status":"publish","type":"product","link":"https:\/\/koningdrone.be\/fr\/produit\/dji-matrice-200-dual-downward-gimbal-connector-p06\/","title":{"rendered":"DJI Matrice 200 Dual Downward Gimbal Connector P06"},"content":{"rendered":"<h1>DJI Matrice 200 Connecteur de cardan simple vers le bas P07<\/h1>\n<p>Le connecteur de cardan simple vers le haut est utilis\u00e9 sur la s\u00e9rie Matrice 210 pour faire voler les cam\u00e9ras de la s\u00e9rie XT, Zenmuse Z30, X4S et X5S au sommet de la plate-forme.<br \/>Compatible avec Matrice 210 &amp; Matrice 210 RTK<\/p>","protected":false},"excerpt":{"rendered":"<ul>\n<li>Fixer les cam\u00e9ras de la s\u00e9rie XT, Zenmuse Z30, X4S et X5S \u00e0 la base du drone.<\/li>\n<\/ul>","protected":false},"featured_media":7315,"template":"","meta":{"_acf_changed":false},"product_brand":[],"product_cat":[1118,97,426,1155],"product_tag":[],"class_list":{"0":"post-7318","1":"product","2":"type-product","3":"status-publish","4":"has-post-thumbnail","6":"product_cat-alle-installatie","7":"product_cat-alle-producten","8":"product_cat-dji-matrice","9":"product_cat-dji-matrice-200","10":"product_shipping_class-outofstock","11":"pa_brand-dji","12":"pa_productfamily-gimbal-connector","13":"pa_producttype-gimbal-connector","14":"pa_series-matrice-200","15":"pa_series-matrice-210","16":"pa_series-matrice-210-rtk","18":"first","19":"outofstock","20":"taxable","21":"shipping-taxable","22":"purchasable","23":"product-type-simple"},"acf":[],"yoast_head":"<!-- This site is optimized with the Yoast SEO Premium plugin v27.2 (Yoast SEO v27.2) - https:\/\/yoast.com\/product\/yoast-seo-premium-wordpress\/ -->\n<title>DJI Matrice 200 Dual Downward Gimbal Connector P06 - koningdrone.be<\/title>\n<meta name=\"robots\" content=\"index, follow, max-snippet:-1, max-image-preview:large, max-video-preview:-1\" \/>\n<link rel=\"canonical\" href=\"https:\/\/koningdrone.be\/fr\/produit\/dji-matrice-200-dual-downward-gimbal-connector-p06\/\" \/>\n<meta property=\"og:locale\" content=\"fr_FR\" \/>\n<meta property=\"og:type\" content=\"article\" \/>\n<meta property=\"og:title\" content=\"DJI Matrice 200 Dual Downward Gimbal Connector P06\" \/>\n<meta property=\"og:description\" content=\"Bevestig camera&#039;s uit de XT-serie, Zenmuse Z30, X4S en X5S op de onderkant van de drone\" \/>\n<meta property=\"og:url\" content=\"https:\/\/koningdrone.be\/fr\/produit\/dji-matrice-200-dual-downward-gimbal-connector-p06\/\" \/>\n<meta property=\"og:site_name\" content=\"koningdrone.be\" \/>\n<meta property=\"article:modified_time\" content=\"2026-04-29T13:20:58+00:00\" \/>\n<meta property=\"og:image\" content=\"https:\/\/koningdrone.be\/wp-content\/uploads\/sites\/13\/2025\/04\/6958265150500-1.jpg\" \/>\n\t<meta property=\"og:image:width\" content=\"660\" \/>\n\t<meta property=\"og:image:height\" content=\"412\" \/>\n\t<meta property=\"og:image:type\" content=\"image\/jpeg\" \/>\n<meta name=\"twitter:card\" content=\"summary_large_image\" \/>\n<script type=\"application\/ld+json\" class=\"yoast-schema-graph\">{\"@context\":\"https:\/\/schema.org\",\"@graph\":[{\"@type\":\"WebPage\",\"@id\":\"https:\/\/koningdrone.be\/product\/dji-matrice-200-dual-downward-gimbal-connector-p06\/\",\"url\":\"https:\/\/koningdrone.be\/product\/dji-matrice-200-dual-downward-gimbal-connector-p06\/\",\"name\":\"DJI Matrice 200 Dual Downward Gimbal Connector P06 - koningdrone.be\",\"isPartOf\":{\"@id\":\"https:\/\/koningdrone.be\/#website\"},\"primaryImageOfPage\":{\"@id\":\"https:\/\/koningdrone.be\/product\/dji-matrice-200-dual-downward-gimbal-connector-p06\/#primaryimage\"},\"image\":{\"@id\":\"https:\/\/koningdrone.be\/product\/dji-matrice-200-dual-downward-gimbal-connector-p06\/#primaryimage\"},\"thumbnailUrl\":\"https:\/\/koningdrone.be\/wp-content\/uploads\/sites\/13\/2025\/04\/6958265150500-1.jpg\",\"datePublished\":\"2019-12-22T11:22:33+00:00\",\"dateModified\":\"2026-04-29T13:20:58+00:00\",\"breadcrumb\":{\"@id\":\"https:\/\/koningdrone.be\/product\/dji-matrice-200-dual-downward-gimbal-connector-p06\/#breadcrumb\"},\"inLanguage\":\"fr-BE\",\"potentialAction\":[{\"@type\":\"ReadAction\",\"target\":[\"https:\/\/koningdrone.be\/product\/dji-matrice-200-dual-downward-gimbal-connector-p06\/\"]}]},{\"@type\":\"ImageObject\",\"inLanguage\":\"fr-BE\",\"@id\":\"https:\/\/koningdrone.be\/product\/dji-matrice-200-dual-downward-gimbal-connector-p06\/#primaryimage\",\"url\":\"https:\/\/koningdrone.be\/wp-content\/uploads\/sites\/13\/2025\/04\/6958265150500-1.jpg\",\"contentUrl\":\"https:\/\/koningdrone.be\/wp-content\/uploads\/sites\/13\/2025\/04\/6958265150500-1.jpg\",\"width\":660,\"height\":412},{\"@type\":\"BreadcrumbList\",\"@id\":\"https:\/\/koningdrone.be\/product\/dji-matrice-200-dual-downward-gimbal-connector-p06\/#breadcrumb\",\"itemListElement\":[{\"@type\":\"ListItem\",\"position\":1,\"name\":\"Home\",\"item\":\"https:\/\/koningdrone.be\/\"},{\"@type\":\"ListItem\",\"position\":2,\"name\":\"AVSS Parachute Recovery System for DJI Matrice 300\/350\",\"item\":\"https:\/\/koningdrone.be\/product\/avss-parachute-recovery-system-for-dji-matrice-300-350\/\"},{\"@type\":\"ListItem\",\"position\":3,\"name\":\"Alle installatie\",\"item\":\"https:\/\/koningdrone.be\/categorie\/alle-installatie\/\"},{\"@type\":\"ListItem\",\"position\":4,\"name\":\"DJI Matrice 200 Dual Downward Gimbal Connector P06\"}]},{\"@type\":\"WebSite\",\"@id\":\"https:\/\/koningdrone.be\/#website\",\"url\":\"https:\/\/koningdrone.be\/\",\"name\":\"Koningdrone.be - Uw online specialist in drones, gimbals, camera's en power stations.\",\"description\":\"De webshop in drones en gimbals\",\"publisher\":{\"@id\":\"https:\/\/koningdrone.be\/#organization\"},\"potentialAction\":[{\"@type\":\"SearchAction\",\"target\":{\"@type\":\"EntryPoint\",\"urlTemplate\":\"https:\/\/koningdrone.be\/?s={search_term_string}\"},\"query-input\":{\"@type\":\"PropertyValueSpecification\",\"valueRequired\":true,\"valueName\":\"search_term_string\"}}],\"inLanguage\":\"fr-BE\"},{\"@type\":\"Organization\",\"@id\":\"https:\/\/koningdrone.be\/#organization\",\"name\":\"Koningdrone.be\",\"url\":\"https:\/\/koningdrone.be\/\",\"logo\":{\"@type\":\"ImageObject\",\"inLanguage\":\"fr-BE\",\"@id\":\"https:\/\/koningdrone.be\/#\/schema\/logo\/image\/\",\"url\":\"https:\/\/koningdrone.be\/wp-content\/uploads\/sites\/13\/2025\/04\/koningdrone-copyright-logo.svg\",\"contentUrl\":\"https:\/\/koningdrone.be\/wp-content\/uploads\/sites\/13\/2025\/04\/koningdrone-copyright-logo.svg\",\"width\":227,\"height\":38,\"caption\":\"Koningdrone.be\"},\"image\":{\"@id\":\"https:\/\/koningdrone.be\/#\/schema\/logo\/image\/\"}}]}<\/script>\n<!-- \/ Yoast SEO Premium plugin. -->","yoast_head_json":{"title":"DJI Matrice 200 Dual Downward Gimbal Connector P06 - koningdrone.be","robots":{"index":"index","follow":"follow","max-snippet":"max-snippet:-1","max-image-preview":"max-image-preview:large","max-video-preview":"max-video-preview:-1"},"canonical":"https:\/\/koningdrone.be\/fr\/produit\/dji-matrice-200-dual-downward-gimbal-connector-p06\/","og_locale":"fr_FR","og_type":"article","og_title":"DJI Matrice 200 Dual Downward Gimbal Connector P06","og_description":"Bevestig camera's uit de XT-serie, Zenmuse Z30, X4S en X5S op de onderkant van de drone","og_url":"https:\/\/koningdrone.be\/fr\/produit\/dji-matrice-200-dual-downward-gimbal-connector-p06\/","og_site_name":"koningdrone.be","article_modified_time":"2026-04-29T13:20:58+00:00","og_image":[{"width":660,"height":412,"url":"https:\/\/koningdrone.be\/wp-content\/uploads\/sites\/13\/2025\/04\/6958265150500-1.jpg","type":"image\/jpeg"}],"twitter_card":"summary_large_image","schema":{"@context":"https:\/\/schema.org","@graph":[{"@type":"WebPage","@id":"https:\/\/koningdrone.be\/product\/dji-matrice-200-dual-downward-gimbal-connector-p06\/","url":"https:\/\/koningdrone.be\/product\/dji-matrice-200-dual-downward-gimbal-connector-p06\/","name":"DJI Matrice 200 Dual Downward Gimbal Connector P06 - koningdrone.be","isPartOf":{"@id":"https:\/\/koningdrone.be\/#website"},"primaryImageOfPage":{"@id":"https:\/\/koningdrone.be\/product\/dji-matrice-200-dual-downward-gimbal-connector-p06\/#primaryimage"},"image":{"@id":"https:\/\/koningdrone.be\/product\/dji-matrice-200-dual-downward-gimbal-connector-p06\/#primaryimage"},"thumbnailUrl":"https:\/\/koningdrone.be\/wp-content\/uploads\/sites\/13\/2025\/04\/6958265150500-1.jpg","datePublished":"2019-12-22T11:22:33+00:00","dateModified":"2026-04-29T13:20:58+00:00","breadcrumb":{"@id":"https:\/\/koningdrone.be\/product\/dji-matrice-200-dual-downward-gimbal-connector-p06\/#breadcrumb"},"inLanguage":"fr-BE","potentialAction":[{"@type":"ReadAction","target":["https:\/\/koningdrone.be\/product\/dji-matrice-200-dual-downward-gimbal-connector-p06\/"]}]},{"@type":"ImageObject","inLanguage":"fr-BE","@id":"https:\/\/koningdrone.be\/product\/dji-matrice-200-dual-downward-gimbal-connector-p06\/#primaryimage","url":"https:\/\/koningdrone.be\/wp-content\/uploads\/sites\/13\/2025\/04\/6958265150500-1.jpg","contentUrl":"https:\/\/koningdrone.be\/wp-content\/uploads\/sites\/13\/2025\/04\/6958265150500-1.jpg","width":660,"height":412},{"@type":"BreadcrumbList","@id":"https:\/\/koningdrone.be\/product\/dji-matrice-200-dual-downward-gimbal-connector-p06\/#breadcrumb","itemListElement":[{"@type":"ListItem","position":1,"name":"Home","item":"https:\/\/koningdrone.be\/"},{"@type":"ListItem","position":2,"name":"AVSS Parachute Recovery System for DJI Matrice 300\/350","item":"https:\/\/koningdrone.be\/product\/avss-parachute-recovery-system-for-dji-matrice-300-350\/"},{"@type":"ListItem","position":3,"name":"Alle installatie","item":"https:\/\/koningdrone.be\/categorie\/alle-installatie\/"},{"@type":"ListItem","position":4,"name":"DJI Matrice 200 Dual Downward Gimbal Connector P06"}]},{"@type":"WebSite","@id":"https:\/\/koningdrone.be\/#website","url":"https:\/\/koningdrone.be\/","name":"Koningdrone.be - Votre sp\u00e9cialiste en ligne en mati\u00e8re de drones, de cardans, de cam\u00e9ras et de centrales \u00e9lectriques.","description":"La boutique en ligne de drones et de cardans","publisher":{"@id":"https:\/\/koningdrone.be\/#organization"},"potentialAction":[{"@type":"SearchAction","target":{"@type":"EntryPoint","urlTemplate":"https:\/\/koningdrone.be\/?s={search_term_string}"},"query-input":{"@type":"PropertyValueSpecification","valueRequired":true,"valueName":"search_term_string"}}],"inLanguage":"fr-BE"},{"@type":"Organization","@id":"https:\/\/koningdrone.be\/#organization","name":"Kingdrone.co.uk","url":"https:\/\/koningdrone.be\/","logo":{"@type":"ImageObject","inLanguage":"fr-BE","@id":"https:\/\/koningdrone.be\/#\/schema\/logo\/image\/","url":"https:\/\/koningdrone.be\/wp-content\/uploads\/sites\/13\/2025\/04\/koningdrone-copyright-logo.svg","contentUrl":"https:\/\/koningdrone.be\/wp-content\/uploads\/sites\/13\/2025\/04\/koningdrone-copyright-logo.svg","width":227,"height":38,"caption":"Koningdrone.be"},"image":{"@id":"https:\/\/koningdrone.be\/#\/schema\/logo\/image\/"}}]}},"df_price":529,"df_sale_price":"","df_regular_price":529,"df_image_link":"https:\/\/koningdrone.be\/wp-content\/uploads\/sites\/13\/2025\/04\/6958265150500-1-300x187.jpg","_links":{"self":[{"href":"https:\/\/koningdrone.be\/fr\/wp-json\/wp\/v2\/product\/7318","targetHints":{"allow":["GET"]}}],"collection":[{"href":"https:\/\/koningdrone.be\/fr\/wp-json\/wp\/v2\/product"}],"about":[{"href":"https:\/\/koningdrone.be\/fr\/wp-json\/wp\/v2\/types\/product"}],"wp:featuredmedia":[{"embeddable":true,"href":"https:\/\/koningdrone.be\/fr\/wp-json\/wp\/v2\/media\/7315"}],"wp:attachment":[{"href":"https:\/\/koningdrone.be\/fr\/wp-json\/wp\/v2\/media?parent=7318"}],"wp:term":[{"taxonomy":"product_brand","embeddable":true,"href":"https:\/\/koningdrone.be\/fr\/wp-json\/wp\/v2\/product_brand?post=7318"},{"taxonomy":"product_cat","embeddable":true,"href":"https:\/\/koningdrone.be\/fr\/wp-json\/wp\/v2\/product_cat?post=7318"},{"taxonomy":"product_tag","embeddable":true,"href":"https:\/\/koningdrone.be\/fr\/wp-json\/wp\/v2\/product_tag?post=7318"}],"curies":[{"name":"wp","href":"https:\/\/api.w.org\/{rel}","templated":true}]}}