{"id":7263,"date":"2020-07-14T20:16:46","date_gmt":"2020-07-14T18:16:46","guid":{"rendered":"https:\/\/koningdrone.nl\/kon\/product\/cytronix-cm5-5-op-cameramonitor\/"},"modified":"2026-04-29T07:10:41","modified_gmt":"2026-04-29T05:10:41","slug":"cytronix-cm5-5-op-cameramonitor","status":"publish","type":"product","link":"https:\/\/koningdrone.be\/fr\/produit\/cytronix-cm5-5-op-cameramonitor\/","title":{"rendered":"CYTRONIX Cm5 5\" Moniteur de cam\u00e9ra"},"content":{"rendered":"<p>CYTRONIX CM5 5 \" moniteur sur cam\u00e9ra<br \/>Le CYTRONIX CM5 5 \" On Camera Monitor est le compl\u00e9ment id\u00e9al de votre \u00e9quipement photo. Solidement con\u00e7u et multifonctionnel, un autre produit Cytronix qui vous inspirera.<br \/>Ports :<br \/>Sortie du port pour casque d'\u00e9coute de 3,5 mm<br \/>USB-UPGRADE : Port USB de mise \u00e0 jour du micrologiciel<br \/>Entr\u00e9e HDMI : V1.4, entr\u00e9e du signal HDMI, jusqu'\u00e0 4K @ 30Hz.<br \/>SORTIE HDMI : V1.4, sortie de signal HDMI, jusqu'\u00e0 4K @ 30Hz.<br \/>DC IN 12V : interface d'entr\u00e9e d'alimentation en courant continu, selon la polarit\u00e9 d'entr\u00e9e.<br \/>DC OUT 8,4V : interface de sortie d'alimentation en courant continu, si la polarit\u00e9 de la sortie est respect\u00e9e.<br \/>Format de prise en charge HDMI :<br \/>480i \/ 480p \/ 576i \/ 576p<br \/>720p (60 \/ 59,94 \/ 50\/30\/29\/25\/24 \/ 23.98)<br \/>1080i (60 \/ 59,94 \/ 50)<br \/>1080p (60 \/ 59.94 \/ 50\/30 \/ 29.97 \/ 25\/24 \/ 24sF \/ 23.98 \/ 23.98sF)<br \/>4K UHD 3840 \u00d7 2160p (30 \/ 29,97 \/ 25\/24 \/ 23,98 Hz)<br \/>DCI 4K 4096 \u00d7 2160p (24 Hz)<\/p>","protected":false},"excerpt":{"rendered":"<p>CYTRONIX CM5 5 &#8221; op cameramonitorDe CYTRONIX CM5 5 &#8221; On Camera Monitor is de ideale aanvulling op uw camera-apparatuur. Solide verwerkt en multifunctioneel een ander Cytronix-product dat u zal inspireren.Poorten:3,5 mm koptelefoonpoort uitgangUSB-UPGRADE: Firmware USB-upgradepoortHDMI IN: V1.4, HDMI-signaalinvoer, tot 4K @ 30Hz.HDMI OUT: V1.4, HDMI-signaaluitgang, tot 4K @ 30Hz.DC IN 12V: DC-voedingsingangsinterface, als ingangspolariteitDC [&hellip;]<\/p>\n","protected":false},"featured_media":7258,"template":"","meta":{"_acf_changed":false},"product_brand":[],"product_cat":[651,97],"product_tag":[],"class_list":{"0":"post-7263","1":"product","2":"type-product","3":"status-publish","4":"has-post-thumbnail","6":"product_cat-alle-monitoren","7":"product_cat-alle-producten","8":"product_shipping_class-outofstock","9":"pa_brand-cytronix","10":"pa_productfamily-monitor","11":"pa_producttype-monitor","12":"pa_series-cytronix-cm5-5","14":"first","15":"outofstock","16":"taxable","17":"shipping-taxable","18":"product-type-simple"},"acf":[],"yoast_head":"<!-- This site is optimized with the Yoast SEO Premium plugin v27.2 (Yoast SEO v27.2) - https:\/\/yoast.com\/product\/yoast-seo-premium-wordpress\/ -->\n<title>CYTRONIX Cm5 5&#039;&#039; Op Cameramonitor - koningdrone.be<\/title>\n<meta name=\"robots\" content=\"index, follow, max-snippet:-1, max-image-preview:large, max-video-preview:-1\" \/>\n<link rel=\"canonical\" href=\"https:\/\/koningdrone.be\/fr\/produit\/cytronix-cm5-5-op-cameramonitor\/\" \/>\n<meta property=\"og:locale\" content=\"fr_FR\" \/>\n<meta property=\"og:type\" content=\"article\" \/>\n<meta property=\"og:title\" content=\"CYTRONIX Cm5 5&#039;&#039; Op Cameramonitor\" \/>\n<meta property=\"og:description\" content=\"CYTRONIX CM5 5 &#8221; op cameramonitorDe CYTRONIX CM5 5 &#8221; On Camera Monitor is de ideale aanvulling op uw camera-apparatuur. Solide verwerkt en multifunctioneel een ander Cytronix-product dat u zal inspireren.Poorten:3,5 mm koptelefoonpoort uitgangUSB-UPGRADE: Firmware USB-upgradepoortHDMI IN: V1.4, HDMI-signaalinvoer, tot 4K @ 30Hz.HDMI OUT: V1.4, HDMI-signaaluitgang, tot 4K @ 30Hz.DC IN 12V: DC-voedingsingangsinterface, als ingangspolariteitDC [&hellip;]\" \/>\n<meta property=\"og:url\" content=\"https:\/\/koningdrone.be\/fr\/produit\/cytronix-cm5-5-op-cameramonitor\/\" \/>\n<meta property=\"og:site_name\" content=\"koningdrone.be\" \/>\n<meta property=\"article:modified_time\" content=\"2026-04-29T05:10:41+00:00\" \/>\n<meta property=\"og:image\" content=\"https:\/\/koningdrone.be\/wp-content\/uploads\/sites\/13\/2025\/04\/4251088401388-1.jpg\" \/>\n\t<meta property=\"og:image:width\" content=\"600\" \/>\n\t<meta property=\"og:image:height\" content=\"375\" \/>\n\t<meta property=\"og:image:type\" content=\"image\/jpeg\" \/>\n<meta name=\"twitter:card\" content=\"summary_large_image\" \/>\n<script type=\"application\/ld+json\" class=\"yoast-schema-graph\">{\"@context\":\"https:\/\/schema.org\",\"@graph\":[{\"@type\":\"WebPage\",\"@id\":\"https:\/\/koningdrone.be\/product\/cytronix-cm5-5-op-cameramonitor\/\",\"url\":\"https:\/\/koningdrone.be\/product\/cytronix-cm5-5-op-cameramonitor\/\",\"name\":\"CYTRONIX Cm5 5'' Op Cameramonitor - koningdrone.be\",\"isPartOf\":{\"@id\":\"https:\/\/koningdrone.be\/#website\"},\"primaryImageOfPage\":{\"@id\":\"https:\/\/koningdrone.be\/product\/cytronix-cm5-5-op-cameramonitor\/#primaryimage\"},\"image\":{\"@id\":\"https:\/\/koningdrone.be\/product\/cytronix-cm5-5-op-cameramonitor\/#primaryimage\"},\"thumbnailUrl\":\"https:\/\/koningdrone.be\/wp-content\/uploads\/sites\/13\/2025\/04\/4251088401388-1.jpg\",\"datePublished\":\"2020-07-14T18:16:46+00:00\",\"dateModified\":\"2026-04-29T05:10:41+00:00\",\"breadcrumb\":{\"@id\":\"https:\/\/koningdrone.be\/product\/cytronix-cm5-5-op-cameramonitor\/#breadcrumb\"},\"inLanguage\":\"fr-BE\",\"potentialAction\":[{\"@type\":\"ReadAction\",\"target\":[\"https:\/\/koningdrone.be\/product\/cytronix-cm5-5-op-cameramonitor\/\"]}]},{\"@type\":\"ImageObject\",\"inLanguage\":\"fr-BE\",\"@id\":\"https:\/\/koningdrone.be\/product\/cytronix-cm5-5-op-cameramonitor\/#primaryimage\",\"url\":\"https:\/\/koningdrone.be\/wp-content\/uploads\/sites\/13\/2025\/04\/4251088401388-1.jpg\",\"contentUrl\":\"https:\/\/koningdrone.be\/wp-content\/uploads\/sites\/13\/2025\/04\/4251088401388-1.jpg\",\"width\":600,\"height\":375},{\"@type\":\"BreadcrumbList\",\"@id\":\"https:\/\/koningdrone.be\/product\/cytronix-cm5-5-op-cameramonitor\/#breadcrumb\",\"itemListElement\":[{\"@type\":\"ListItem\",\"position\":1,\"name\":\"Home\",\"item\":\"https:\/\/koningdrone.be\/\"},{\"@type\":\"ListItem\",\"position\":2,\"name\":\"AVSS Parachute Recovery System for DJI Matrice 300\/350\",\"item\":\"https:\/\/koningdrone.be\/product\/avss-parachute-recovery-system-for-dji-matrice-300-350\/\"},{\"@type\":\"ListItem\",\"position\":3,\"name\":\"Alle monitoren\",\"item\":\"https:\/\/koningdrone.be\/categorie\/alle-monitoren\/\"},{\"@type\":\"ListItem\",\"position\":4,\"name\":\"CYTRONIX Cm5 5&#8221; Op Cameramonitor\"}]},{\"@type\":\"WebSite\",\"@id\":\"https:\/\/koningdrone.be\/#website\",\"url\":\"https:\/\/koningdrone.be\/\",\"name\":\"Koningdrone.be - Uw online specialist in drones, gimbals, camera's en power stations.\",\"description\":\"De webshop in drones en gimbals\",\"publisher\":{\"@id\":\"https:\/\/koningdrone.be\/#organization\"},\"potentialAction\":[{\"@type\":\"SearchAction\",\"target\":{\"@type\":\"EntryPoint\",\"urlTemplate\":\"https:\/\/koningdrone.be\/?s={search_term_string}\"},\"query-input\":{\"@type\":\"PropertyValueSpecification\",\"valueRequired\":true,\"valueName\":\"search_term_string\"}}],\"inLanguage\":\"fr-BE\"},{\"@type\":\"Organization\",\"@id\":\"https:\/\/koningdrone.be\/#organization\",\"name\":\"Koningdrone.be\",\"url\":\"https:\/\/koningdrone.be\/\",\"logo\":{\"@type\":\"ImageObject\",\"inLanguage\":\"fr-BE\",\"@id\":\"https:\/\/koningdrone.be\/#\/schema\/logo\/image\/\",\"url\":\"https:\/\/koningdrone.be\/wp-content\/uploads\/sites\/13\/2025\/04\/koningdrone-copyright-logo.svg\",\"contentUrl\":\"https:\/\/koningdrone.be\/wp-content\/uploads\/sites\/13\/2025\/04\/koningdrone-copyright-logo.svg\",\"width\":227,\"height\":38,\"caption\":\"Koningdrone.be\"},\"image\":{\"@id\":\"https:\/\/koningdrone.be\/#\/schema\/logo\/image\/\"}}]}<\/script>\n<!-- \/ Yoast SEO Premium plugin. -->","yoast_head_json":{"title":"CYTRONIX Cm5 5'' Op Cameramonitor - koningdrone.be","robots":{"index":"index","follow":"follow","max-snippet":"max-snippet:-1","max-image-preview":"max-image-preview:large","max-video-preview":"max-video-preview:-1"},"canonical":"https:\/\/koningdrone.be\/fr\/produit\/cytronix-cm5-5-op-cameramonitor\/","og_locale":"fr_FR","og_type":"article","og_title":"CYTRONIX Cm5 5'' Op Cameramonitor","og_description":"CYTRONIX CM5 5 &#8221; op cameramonitorDe CYTRONIX CM5 5 &#8221; On Camera Monitor is de ideale aanvulling op uw camera-apparatuur. Solide verwerkt en multifunctioneel een ander Cytronix-product dat u zal inspireren.Poorten:3,5 mm koptelefoonpoort uitgangUSB-UPGRADE: Firmware USB-upgradepoortHDMI IN: V1.4, HDMI-signaalinvoer, tot 4K @ 30Hz.HDMI OUT: V1.4, HDMI-signaaluitgang, tot 4K @ 30Hz.DC IN 12V: DC-voedingsingangsinterface, als ingangspolariteitDC [&hellip;]","og_url":"https:\/\/koningdrone.be\/fr\/produit\/cytronix-cm5-5-op-cameramonitor\/","og_site_name":"koningdrone.be","article_modified_time":"2026-04-29T05:10:41+00:00","og_image":[{"width":600,"height":375,"url":"https:\/\/koningdrone.be\/wp-content\/uploads\/sites\/13\/2025\/04\/4251088401388-1.jpg","type":"image\/jpeg"}],"twitter_card":"summary_large_image","schema":{"@context":"https:\/\/schema.org","@graph":[{"@type":"WebPage","@id":"https:\/\/koningdrone.be\/product\/cytronix-cm5-5-op-cameramonitor\/","url":"https:\/\/koningdrone.be\/product\/cytronix-cm5-5-op-cameramonitor\/","name":"CYTRONIX Cm5 5'' Op Cameramonitor - koningdrone.be","isPartOf":{"@id":"https:\/\/koningdrone.be\/#website"},"primaryImageOfPage":{"@id":"https:\/\/koningdrone.be\/product\/cytronix-cm5-5-op-cameramonitor\/#primaryimage"},"image":{"@id":"https:\/\/koningdrone.be\/product\/cytronix-cm5-5-op-cameramonitor\/#primaryimage"},"thumbnailUrl":"https:\/\/koningdrone.be\/wp-content\/uploads\/sites\/13\/2025\/04\/4251088401388-1.jpg","datePublished":"2020-07-14T18:16:46+00:00","dateModified":"2026-04-29T05:10:41+00:00","breadcrumb":{"@id":"https:\/\/koningdrone.be\/product\/cytronix-cm5-5-op-cameramonitor\/#breadcrumb"},"inLanguage":"fr-BE","potentialAction":[{"@type":"ReadAction","target":["https:\/\/koningdrone.be\/product\/cytronix-cm5-5-op-cameramonitor\/"]}]},{"@type":"ImageObject","inLanguage":"fr-BE","@id":"https:\/\/koningdrone.be\/product\/cytronix-cm5-5-op-cameramonitor\/#primaryimage","url":"https:\/\/koningdrone.be\/wp-content\/uploads\/sites\/13\/2025\/04\/4251088401388-1.jpg","contentUrl":"https:\/\/koningdrone.be\/wp-content\/uploads\/sites\/13\/2025\/04\/4251088401388-1.jpg","width":600,"height":375},{"@type":"BreadcrumbList","@id":"https:\/\/koningdrone.be\/product\/cytronix-cm5-5-op-cameramonitor\/#breadcrumb","itemListElement":[{"@type":"ListItem","position":1,"name":"Home","item":"https:\/\/koningdrone.be\/"},{"@type":"ListItem","position":2,"name":"AVSS Parachute Recovery System for DJI Matrice 300\/350","item":"https:\/\/koningdrone.be\/product\/avss-parachute-recovery-system-for-dji-matrice-300-350\/"},{"@type":"ListItem","position":3,"name":"Alle monitoren","item":"https:\/\/koningdrone.be\/categorie\/alle-monitoren\/"},{"@type":"ListItem","position":4,"name":"CYTRONIX Cm5 5&#8221; Op Cameramonitor"}]},{"@type":"WebSite","@id":"https:\/\/koningdrone.be\/#website","url":"https:\/\/koningdrone.be\/","name":"Koningdrone.be - Votre sp\u00e9cialiste en ligne en mati\u00e8re de drones, de cardans, de cam\u00e9ras et de centrales \u00e9lectriques.","description":"La boutique en ligne de drones et de cardans","publisher":{"@id":"https:\/\/koningdrone.be\/#organization"},"potentialAction":[{"@type":"SearchAction","target":{"@type":"EntryPoint","urlTemplate":"https:\/\/koningdrone.be\/?s={search_term_string}"},"query-input":{"@type":"PropertyValueSpecification","valueRequired":true,"valueName":"search_term_string"}}],"inLanguage":"fr-BE"},{"@type":"Organization","@id":"https:\/\/koningdrone.be\/#organization","name":"Kingdrone.co.uk","url":"https:\/\/koningdrone.be\/","logo":{"@type":"ImageObject","inLanguage":"fr-BE","@id":"https:\/\/koningdrone.be\/#\/schema\/logo\/image\/","url":"https:\/\/koningdrone.be\/wp-content\/uploads\/sites\/13\/2025\/04\/koningdrone-copyright-logo.svg","contentUrl":"https:\/\/koningdrone.be\/wp-content\/uploads\/sites\/13\/2025\/04\/koningdrone-copyright-logo.svg","width":227,"height":38,"caption":"Koningdrone.be"},"image":{"@id":"https:\/\/koningdrone.be\/#\/schema\/logo\/image\/"}}]}},"df_price":"","df_sale_price":"","df_regular_price":"","df_image_link":"https:\/\/koningdrone.be\/wp-content\/uploads\/sites\/13\/2025\/04\/4251088401388-1-300x188.jpg","_links":{"self":[{"href":"https:\/\/koningdrone.be\/fr\/wp-json\/wp\/v2\/product\/7263","targetHints":{"allow":["GET"]}}],"collection":[{"href":"https:\/\/koningdrone.be\/fr\/wp-json\/wp\/v2\/product"}],"about":[{"href":"https:\/\/koningdrone.be\/fr\/wp-json\/wp\/v2\/types\/product"}],"wp:featuredmedia":[{"embeddable":true,"href":"https:\/\/koningdrone.be\/fr\/wp-json\/wp\/v2\/media\/7258"}],"wp:attachment":[{"href":"https:\/\/koningdrone.be\/fr\/wp-json\/wp\/v2\/media?parent=7263"}],"wp:term":[{"taxonomy":"product_brand","embeddable":true,"href":"https:\/\/koningdrone.be\/fr\/wp-json\/wp\/v2\/product_brand?post=7263"},{"taxonomy":"product_cat","embeddable":true,"href":"https:\/\/koningdrone.be\/fr\/wp-json\/wp\/v2\/product_cat?post=7263"},{"taxonomy":"product_tag","embeddable":true,"href":"https:\/\/koningdrone.be\/fr\/wp-json\/wp\/v2\/product_tag?post=7263"}],"curies":[{"name":"wp","href":"https:\/\/api.w.org\/{rel}","templated":true}]}}