{"id":7196,"date":"2020-09-18T13:11:35","date_gmt":"2020-09-18T11:11:35","guid":{"rendered":"https:\/\/koningdrone.nl\/kon\/product\/dji-matrice-300-akkuladestation-p06\/"},"modified":"2026-04-29T13:10:47","modified_gmt":"2026-04-29T11:10:47","slug":"dji-matrice-300-akkuladestation-p06","status":"publish","type":"product","link":"https:\/\/koningdrone.be\/fr\/produit\/dji-matrice-300-akkuladestation-p06\/","title":{"rendered":"Concentrateur de charge DJI Matrice 300 (P06)"},"content":{"rendered":"<h1>Concentrateur de charge DJI Matrice 300 (P06)<\/h1>\n<p>Con\u00e7ue sp\u00e9cifiquement pour la DJI Matrice M300, la station de charge BS60 offre des emplacements pour charger 8 batteries d'avion et 4 batteries de t\u00e9l\u00e9commande.<\/p>\n<p>Apr\u00e8s l'insertion et la mise en marche, la station de charge intelligente d\u00e9marre toujours le processus de charge avec les batteries dont le niveau de charge restant est le plus \u00e9lev\u00e9. Vous \u00eates ainsi pr\u00eat \u00e0 reprendre la route d\u00e8s que possible. Les autres batteries sont ensuite charg\u00e9es de la m\u00eame mani\u00e8re. Pendant le processus de charge, l'\u00e9tat de chaque batterie peut \u00eatre rapidement enregistr\u00e9 sur un \u00e9cran LED.<br \/>\u00c0 l'int\u00e9rieur du couvercle de l'\u00e9tui de chargement, un compartiment \u00e0 fermeture \u00e9clair contient un second c\u00e2ble IEC et un soufflet qui peut \u00eatre utilis\u00e9 pour nettoyer efficacement les connecteurs des stations de chargement de la poussi\u00e8re.<\/p>","protected":false},"excerpt":{"rendered":"<ul>\n<li>Concentrateur de charge pour les batteries M300<\/li>\n<li>Espace pour 8 batteries TB60 et 4 batteries WB47<\/li>\n<li>Chargez toutes vos batteries en m\u00eame temps<\/li>\n<\/ul>","protected":false},"featured_media":7192,"template":"","meta":{"_acf_changed":false},"product_brand":[],"product_cat":[113,111,97,201,426,152],"product_tag":[],"class_list":{"0":"post-7196","1":"product","2":"type-product","3":"status-publish","4":"has-post-thumbnail","6":"product_cat-alle-batterijen","7":"product_cat-alle-opladers","8":"product_cat-alle-producten","9":"product_cat-alle-tassen-en-koffers","10":"product_cat-dji-matrice","11":"product_cat-dji-matrice-300","12":"product_shipping_class-outofstock","13":"pa_brand-dji","14":"pa_productfamily-oplader","15":"pa_producttype-oplader","16":"pa_series-matrice-300","18":"first","19":"outofstock","20":"taxable","21":"shipping-taxable","22":"product-type-simple"},"acf":[],"yoast_head":"<!-- This site is optimized with the Yoast SEO Premium plugin v27.2 (Yoast SEO v27.2) - https:\/\/yoast.com\/product\/yoast-seo-premium-wordpress\/ -->\n<title>DJI Matrice 300 Oplaadhub (P06) - koningdrone.be<\/title>\n<meta name=\"robots\" content=\"index, follow, max-snippet:-1, max-image-preview:large, max-video-preview:-1\" \/>\n<link rel=\"canonical\" href=\"https:\/\/koningdrone.be\/fr\/produit\/dji-matrice-300-akkuladestation-p06\/\" \/>\n<meta property=\"og:locale\" content=\"fr_FR\" \/>\n<meta property=\"og:type\" content=\"article\" \/>\n<meta property=\"og:title\" content=\"DJI Matrice 300 Oplaadhub (P06)\" \/>\n<meta property=\"og:description\" content=\"Oplaadhub voor de M300 batterijenRuimte voor 8 TB60 en 4 WB47 batterijenLaadt tegelijkertijd al uw batterijen op\" \/>\n<meta property=\"og:url\" content=\"https:\/\/koningdrone.be\/fr\/produit\/dji-matrice-300-akkuladestation-p06\/\" \/>\n<meta property=\"og:site_name\" content=\"koningdrone.be\" \/>\n<meta property=\"article:modified_time\" content=\"2026-04-29T11:10:47+00:00\" \/>\n<meta property=\"og:image\" content=\"https:\/\/koningdrone.be\/wp-content\/uploads\/sites\/13\/2025\/04\/6958265101878-1.jpg\" \/>\n\t<meta property=\"og:image:width\" content=\"600\" \/>\n\t<meta property=\"og:image:height\" content=\"375\" \/>\n\t<meta property=\"og:image:type\" content=\"image\/jpeg\" \/>\n<meta name=\"twitter:card\" content=\"summary_large_image\" \/>\n<meta name=\"twitter:label1\" content=\"Dur\u00e9e de lecture est.\" \/>\n\t<meta name=\"twitter:data1\" content=\"1 minute\" \/>\n<script type=\"application\/ld+json\" class=\"yoast-schema-graph\">{\"@context\":\"https:\/\/schema.org\",\"@graph\":[{\"@type\":\"WebPage\",\"@id\":\"https:\/\/koningdrone.be\/product\/dji-matrice-300-akkuladestation-p06\/\",\"url\":\"https:\/\/koningdrone.be\/product\/dji-matrice-300-akkuladestation-p06\/\",\"name\":\"DJI Matrice 300 Oplaadhub (P06) - koningdrone.be\",\"isPartOf\":{\"@id\":\"https:\/\/koningdrone.be\/#website\"},\"primaryImageOfPage\":{\"@id\":\"https:\/\/koningdrone.be\/product\/dji-matrice-300-akkuladestation-p06\/#primaryimage\"},\"image\":{\"@id\":\"https:\/\/koningdrone.be\/product\/dji-matrice-300-akkuladestation-p06\/#primaryimage\"},\"thumbnailUrl\":\"https:\/\/koningdrone.be\/wp-content\/uploads\/sites\/13\/2025\/04\/6958265101878-1.jpg\",\"datePublished\":\"2020-09-18T11:11:35+00:00\",\"dateModified\":\"2026-04-29T11:10:47+00:00\",\"breadcrumb\":{\"@id\":\"https:\/\/koningdrone.be\/product\/dji-matrice-300-akkuladestation-p06\/#breadcrumb\"},\"inLanguage\":\"fr-BE\",\"potentialAction\":[{\"@type\":\"ReadAction\",\"target\":[\"https:\/\/koningdrone.be\/product\/dji-matrice-300-akkuladestation-p06\/\"]}]},{\"@type\":\"ImageObject\",\"inLanguage\":\"fr-BE\",\"@id\":\"https:\/\/koningdrone.be\/product\/dji-matrice-300-akkuladestation-p06\/#primaryimage\",\"url\":\"https:\/\/koningdrone.be\/wp-content\/uploads\/sites\/13\/2025\/04\/6958265101878-1.jpg\",\"contentUrl\":\"https:\/\/koningdrone.be\/wp-content\/uploads\/sites\/13\/2025\/04\/6958265101878-1.jpg\",\"width\":600,\"height\":375},{\"@type\":\"BreadcrumbList\",\"@id\":\"https:\/\/koningdrone.be\/product\/dji-matrice-300-akkuladestation-p06\/#breadcrumb\",\"itemListElement\":[{\"@type\":\"ListItem\",\"position\":1,\"name\":\"Home\",\"item\":\"https:\/\/koningdrone.be\/\"},{\"@type\":\"ListItem\",\"position\":2,\"name\":\"AVSS Parachute Recovery System for DJI Matrice 300\/350\",\"item\":\"https:\/\/koningdrone.be\/product\/avss-parachute-recovery-system-for-dji-matrice-300-350\/\"},{\"@type\":\"ListItem\",\"position\":3,\"name\":\"Alle batterijen\",\"item\":\"https:\/\/koningdrone.be\/categorie\/alle-batterijen\/\"},{\"@type\":\"ListItem\",\"position\":4,\"name\":\"DJI Matrice 300 Oplaadhub (P06)\"}]},{\"@type\":\"WebSite\",\"@id\":\"https:\/\/koningdrone.be\/#website\",\"url\":\"https:\/\/koningdrone.be\/\",\"name\":\"Koningdrone.be - Uw online specialist in drones, gimbals, camera's en power stations.\",\"description\":\"De webshop in drones en gimbals\",\"publisher\":{\"@id\":\"https:\/\/koningdrone.be\/#organization\"},\"potentialAction\":[{\"@type\":\"SearchAction\",\"target\":{\"@type\":\"EntryPoint\",\"urlTemplate\":\"https:\/\/koningdrone.be\/?s={search_term_string}\"},\"query-input\":{\"@type\":\"PropertyValueSpecification\",\"valueRequired\":true,\"valueName\":\"search_term_string\"}}],\"inLanguage\":\"fr-BE\"},{\"@type\":\"Organization\",\"@id\":\"https:\/\/koningdrone.be\/#organization\",\"name\":\"Koningdrone.be\",\"url\":\"https:\/\/koningdrone.be\/\",\"logo\":{\"@type\":\"ImageObject\",\"inLanguage\":\"fr-BE\",\"@id\":\"https:\/\/koningdrone.be\/#\/schema\/logo\/image\/\",\"url\":\"https:\/\/koningdrone.be\/wp-content\/uploads\/sites\/13\/2025\/04\/koningdrone-copyright-logo.svg\",\"contentUrl\":\"https:\/\/koningdrone.be\/wp-content\/uploads\/sites\/13\/2025\/04\/koningdrone-copyright-logo.svg\",\"width\":227,\"height\":38,\"caption\":\"Koningdrone.be\"},\"image\":{\"@id\":\"https:\/\/koningdrone.be\/#\/schema\/logo\/image\/\"}}]}<\/script>\n<!-- \/ Yoast SEO Premium plugin. -->","yoast_head_json":{"title":"DJI Matrice 300 Oplaadhub (P06) - koningdrone.be","robots":{"index":"index","follow":"follow","max-snippet":"max-snippet:-1","max-image-preview":"max-image-preview:large","max-video-preview":"max-video-preview:-1"},"canonical":"https:\/\/koningdrone.be\/fr\/produit\/dji-matrice-300-akkuladestation-p06\/","og_locale":"fr_FR","og_type":"article","og_title":"DJI Matrice 300 Oplaadhub (P06)","og_description":"Oplaadhub voor de M300 batterijenRuimte voor 8 TB60 en 4 WB47 batterijenLaadt tegelijkertijd al uw batterijen op","og_url":"https:\/\/koningdrone.be\/fr\/produit\/dji-matrice-300-akkuladestation-p06\/","og_site_name":"koningdrone.be","article_modified_time":"2026-04-29T11:10:47+00:00","og_image":[{"width":600,"height":375,"url":"https:\/\/koningdrone.be\/wp-content\/uploads\/sites\/13\/2025\/04\/6958265101878-1.jpg","type":"image\/jpeg"}],"twitter_card":"summary_large_image","twitter_misc":{"Dur\u00e9e de lecture est.":"1 minute"},"schema":{"@context":"https:\/\/schema.org","@graph":[{"@type":"WebPage","@id":"https:\/\/koningdrone.be\/product\/dji-matrice-300-akkuladestation-p06\/","url":"https:\/\/koningdrone.be\/product\/dji-matrice-300-akkuladestation-p06\/","name":"DJI Matrice 300 Oplaadhub (P06) - koningdrone.be","isPartOf":{"@id":"https:\/\/koningdrone.be\/#website"},"primaryImageOfPage":{"@id":"https:\/\/koningdrone.be\/product\/dji-matrice-300-akkuladestation-p06\/#primaryimage"},"image":{"@id":"https:\/\/koningdrone.be\/product\/dji-matrice-300-akkuladestation-p06\/#primaryimage"},"thumbnailUrl":"https:\/\/koningdrone.be\/wp-content\/uploads\/sites\/13\/2025\/04\/6958265101878-1.jpg","datePublished":"2020-09-18T11:11:35+00:00","dateModified":"2026-04-29T11:10:47+00:00","breadcrumb":{"@id":"https:\/\/koningdrone.be\/product\/dji-matrice-300-akkuladestation-p06\/#breadcrumb"},"inLanguage":"fr-BE","potentialAction":[{"@type":"ReadAction","target":["https:\/\/koningdrone.be\/product\/dji-matrice-300-akkuladestation-p06\/"]}]},{"@type":"ImageObject","inLanguage":"fr-BE","@id":"https:\/\/koningdrone.be\/product\/dji-matrice-300-akkuladestation-p06\/#primaryimage","url":"https:\/\/koningdrone.be\/wp-content\/uploads\/sites\/13\/2025\/04\/6958265101878-1.jpg","contentUrl":"https:\/\/koningdrone.be\/wp-content\/uploads\/sites\/13\/2025\/04\/6958265101878-1.jpg","width":600,"height":375},{"@type":"BreadcrumbList","@id":"https:\/\/koningdrone.be\/product\/dji-matrice-300-akkuladestation-p06\/#breadcrumb","itemListElement":[{"@type":"ListItem","position":1,"name":"Home","item":"https:\/\/koningdrone.be\/"},{"@type":"ListItem","position":2,"name":"AVSS Parachute Recovery System for DJI Matrice 300\/350","item":"https:\/\/koningdrone.be\/product\/avss-parachute-recovery-system-for-dji-matrice-300-350\/"},{"@type":"ListItem","position":3,"name":"Alle batterijen","item":"https:\/\/koningdrone.be\/categorie\/alle-batterijen\/"},{"@type":"ListItem","position":4,"name":"DJI Matrice 300 Oplaadhub (P06)"}]},{"@type":"WebSite","@id":"https:\/\/koningdrone.be\/#website","url":"https:\/\/koningdrone.be\/","name":"Koningdrone.be - Votre sp\u00e9cialiste en ligne en mati\u00e8re de drones, de cardans, de cam\u00e9ras et de centrales \u00e9lectriques.","description":"La boutique en ligne de drones et de cardans","publisher":{"@id":"https:\/\/koningdrone.be\/#organization"},"potentialAction":[{"@type":"SearchAction","target":{"@type":"EntryPoint","urlTemplate":"https:\/\/koningdrone.be\/?s={search_term_string}"},"query-input":{"@type":"PropertyValueSpecification","valueRequired":true,"valueName":"search_term_string"}}],"inLanguage":"fr-BE"},{"@type":"Organization","@id":"https:\/\/koningdrone.be\/#organization","name":"Kingdrone.co.uk","url":"https:\/\/koningdrone.be\/","logo":{"@type":"ImageObject","inLanguage":"fr-BE","@id":"https:\/\/koningdrone.be\/#\/schema\/logo\/image\/","url":"https:\/\/koningdrone.be\/wp-content\/uploads\/sites\/13\/2025\/04\/koningdrone-copyright-logo.svg","contentUrl":"https:\/\/koningdrone.be\/wp-content\/uploads\/sites\/13\/2025\/04\/koningdrone-copyright-logo.svg","width":227,"height":38,"caption":"Koningdrone.be"},"image":{"@id":"https:\/\/koningdrone.be\/#\/schema\/logo\/image\/"}}]}},"df_price":"","df_sale_price":"","df_regular_price":"","df_image_link":"https:\/\/koningdrone.be\/wp-content\/uploads\/sites\/13\/2025\/04\/6958265101878-1-300x188.jpg","_links":{"self":[{"href":"https:\/\/koningdrone.be\/fr\/wp-json\/wp\/v2\/product\/7196","targetHints":{"allow":["GET"]}}],"collection":[{"href":"https:\/\/koningdrone.be\/fr\/wp-json\/wp\/v2\/product"}],"about":[{"href":"https:\/\/koningdrone.be\/fr\/wp-json\/wp\/v2\/types\/product"}],"wp:featuredmedia":[{"embeddable":true,"href":"https:\/\/koningdrone.be\/fr\/wp-json\/wp\/v2\/media\/7192"}],"wp:attachment":[{"href":"https:\/\/koningdrone.be\/fr\/wp-json\/wp\/v2\/media?parent=7196"}],"wp:term":[{"taxonomy":"product_brand","embeddable":true,"href":"https:\/\/koningdrone.be\/fr\/wp-json\/wp\/v2\/product_brand?post=7196"},{"taxonomy":"product_cat","embeddable":true,"href":"https:\/\/koningdrone.be\/fr\/wp-json\/wp\/v2\/product_cat?post=7196"},{"taxonomy":"product_tag","embeddable":true,"href":"https:\/\/koningdrone.be\/fr\/wp-json\/wp\/v2\/product_tag?post=7196"}],"curies":[{"name":"wp","href":"https:\/\/api.w.org\/{rel}","templated":true}]}}