{"id":7178,"date":"2020-09-18T13:11:35","date_gmt":"2020-09-18T11:11:35","guid":{"rendered":"https:\/\/koningdrone.nl\/kon\/product\/dji-zenmuse-h20t\/"},"modified":"2026-04-29T03:31:11","modified_gmt":"2026-04-29T01:31:11","slug":"dji-zenmuse-h20t","status":"publish","type":"product","link":"https:\/\/koningdrone.be\/fr\/produit\/dji-zenmuse-h20t\/","title":{"rendered":"DJI Zenmuse H20T"},"content":{"rendered":"<h1>DJI Zenmuse H20T<\/h1>\n<p>H20T - Solution \u00e0 quadruple capteur :<br \/>- Appareil photo zoom 20 MP<br \/>- Appareil photo grand angle de 12 MP<br \/>- T\u00e9l\u00e9m\u00e8tre laser 1 200 m<br \/>- Cam\u00e9ra thermique radiom\u00e9trique (640 \u00d7 512 pixels)<\/p>\n<p><strong>\"H\" pour hybride<\/strong><br \/>Les charges utiles multi-capteurs donnent un nouveau sens \u00e0 l'efficacit\u00e9 des op\u00e9rations. Gr\u00e2ce \u00e0 une intelligence in\u00e9gal\u00e9e et \u00e0 une conception int\u00e9gr\u00e9e, des capacit\u00e9s de photographie a\u00e9rienne sans pr\u00e9c\u00e9dent sont disponibles pour toute une s\u00e9rie d'applications de drones commerciaux.<\/p>\n<p><strong>Tous les capteurs dont vous avez besoin dans un seul appareil<\/strong><br \/>Enregistrez tout. De pr\u00e8s ou de loin. En couleurs r\u00e9elles et vives ou sous forme d'image thermique. Un t\u00e9l\u00e9m\u00e8tre laser int\u00e9gr\u00e9 (LRF) mesure la distance d'un objet jusqu'\u00e0 1 200 m. Une charge utile puissante et int\u00e9gr\u00e9e qui lib\u00e8re des capacit\u00e9s intelligentes avanc\u00e9es pour les plateformes de drones industriels de DJI.<\/p>\n<p><strong>Charges utiles avec plusieurs capteurs<\/strong><br \/>Zoom, nuit, grand angle, thermique : voyez l'ensemble de l'image sans manquer les d\u00e9tails, o\u00f9 que vous soyez.<\/p>\n<p><strong>Interface utilisateur transparente<\/strong><br \/>Une nouvelle interface utilisateur int\u00e9gr\u00e9e vous permet de basculer rapidement entre les cam\u00e9ras grand angle, zoom et thermique et de pr\u00e9visualiser le champ de vision (FOV) du zoom dans la vue de la cam\u00e9ra grand angle ou thermique.<\/p>\n<p><strong>V\u00e9rification des t\u00e2ches d'IA<\/strong><\/p>\n<p>Automatisez les inspections de routine et obtenez des r\u00e9sultats coh\u00e9rents \u00e0 chaque fois. L'IA reconna\u00eet l'objet pr\u00e9c\u00e9demment marqu\u00e9, ce qui permet un enregistrement coh\u00e9rent dans le cadre d'op\u00e9rations normales et automatis\u00e9es.<\/p>\n<p><strong>Photo matricielle haute r\u00e9solution<\/strong><br \/>Mettez en surbrillance une zone souhait\u00e9e dans une grande image de la cam\u00e9ra et la cam\u00e9ra zoom prendra automatiquement une s\u00e9rie d'images de 20 m\u00e9gapixels par image de cette zone. Ces images sont stock\u00e9es avec une image r\u00e9capitulative, ce qui permet d'obtenir une vue plus d\u00e9taill\u00e9e.<\/p>\n<p><strong>PinPoint (emplacement exact)<\/strong><br \/>Vous pouvez rapidement marquer un objet visible et des algorithmes avanc\u00e9s de fusion de capteurs donnent instantan\u00e9ment ses coordonn\u00e9es.<\/p>\n<p><strong>Chase<\/strong><br \/>Identifiez et suivez les sujets en mouvement tels que les personnes, les v\u00e9hicules et les bateaux gr\u00e2ce \u00e0 la fonction de zoom automatique, tout en capturant en permanence l'emplacement dynamique du sujet.<\/p>\n<p><strong>Mesure pr\u00e9cise de la temp\u00e9rature<\/strong><br \/>Pour \u00e9liminer les risques, vous pouvez contr\u00f4ler la temp\u00e9rature d'un site ou d'un objet en obtenant une mesure pr\u00e9cise de la temp\u00e9rature de l'air.<br \/>Mesure ponctuelle : marquer un point pour lire la temp\u00e9rature de surface en temps r\u00e9el.<br \/>Mesure de la surface : s\u00e9lectionnez une zone pour afficher les temp\u00e9ratures minimales, maximales et moyennes.<\/p>\n<p><strong>Fonctions intelligentes<\/strong><br \/>Alerte de temp\u00e9rature : vous recevez des notifications instantan\u00e9es dans DJI Pilot lorsqu'un objet d\u00e9passe les seuils de temp\u00e9rature pr\u00e9d\u00e9finis.<br \/>Isotherme : la visualisation d'une certaine plage de temp\u00e9rature permet d'identifier les \u00e9l\u00e9ments essentiels.<br \/>Palettes de couleurs : Les couleurs dans lesquelles les donn\u00e9es des images thermiques sont affich\u00e9es peuvent \u00eatre personnalis\u00e9es pour r\u00e9pondre aux exigences de sc\u00e9narios sp\u00e9cifiques.<br \/>Modes de gain : la plage de temp\u00e9rature \u00e0 enregistrer peut \u00eatre modifi\u00e9e en r\u00e9glant les modes de gain : Lorsque le gain est \u00e9lev\u00e9, la plage de temp\u00e9rature couverte est plus petite, mais plus sensible aux variations de temp\u00e9rature ; en revanche, lorsque le gain est faible, la plage de temp\u00e9rature couverte est plus grande.<br \/>Images R-JPEG : Les images captur\u00e9es avec la Zenmuse H20T sont enregistr\u00e9es au format R-JPEG avec des donn\u00e9es de temp\u00e9rature int\u00e9gr\u00e9es. En important ces images dans l'outil d'analyse d'images thermiques de DJI, les temp\u00e9ratures peuvent \u00eatre mesur\u00e9es et les param\u00e8tres tels que l'\u00e9missivit\u00e9 et la temp\u00e9rature r\u00e9fl\u00e9chie peuvent \u00eatre ajust\u00e9s.<\/p>\n<p><strong>Applications :<\/strong><br \/>Lutte contre les incendies : \u00e9teindre les incendies et sauver des vies sans mettre les gens en danger.<br \/>Op\u00e9rations de sauvetage : r\u00e9agir rapidement pour localiser les personnes disparues afin de mieux planifier les op\u00e9rations de sauvetage.<br \/>Application de la loi : pouvoir \u00e9valuer rapidement la situation et r\u00e9agir en cons\u00e9quence, tout en am\u00e9liorant la s\u00e9curit\u00e9 des services d'urgence et des passants.<br \/>Inspections des lignes \u00e0 haute tension : visualisation ais\u00e9e des grands r\u00e9seaux de lignes \u00e0 haute tension, m\u00eame dans les zones recul\u00e9es.<br \/>Approvisionnement en p\u00e9trole et en gaz : inspecter les pipelines ou les puits de forage sans que les employ\u00e9s aient \u00e0 se rendre dans des endroits dangereux.<\/p>","protected":false},"excerpt":{"rendered":"<ul>\n<li>Cam\u00e9ra d'imagerie thermique radiom\u00e9trique : R\u00e9solution 640\u00d7512, 30FPS.<\/li>\n<li>Appareil photo grand angle de 12 Mpixels (24 mm)<\/li>\n<li>Appareil photo \u00e0 zoom de 20 Mpx (31,7-556,2) avec mode nuit \u00e0 coupure infrarouge et vid\u00e9o 4K<\/li>\n<li>LRF (Laser Range Finder) avec une port\u00e9e de 1200 m\u00e8tres<\/li>\n<li>Fonctionnalit\u00e9s de suivi intelligent PinPoint et SmartTrack<\/li>\n<li>Inspections intelligentes avec : Waypoint 2.0, enregistrement des missions en direct et v\u00e9rification des points par l'IA.<\/li>\n<li>\u00c9tanch\u00e9it\u00e9 IP44<\/li>\n<\/ul>","protected":false},"featured_media":3565,"template":"","meta":{"_acf_changed":false},"product_brand":[],"product_cat":[315,298,126,97,426,152,153,316,115,1808],"product_tag":[],"class_list":{"0":"post-7178","1":"product","2":"type-product","3":"status-publish","4":"has-post-thumbnail","6":"product_cat-alle-gimbals-en-cameras","7":"product_cat-alle-industriele-camera","8":"product_cat-alle-payloads","9":"product_cat-alle-producten","10":"product_cat-dji-matrice","11":"product_cat-dji-matrice-300","12":"product_cat-dji-matrice-350","13":"product_cat-dji-zenmuse","14":"product_cat-inspecties-met-drones","15":"product_cat-thermal-cam","16":"product_shipping_class-uavspacesall","17":"pa_brand-dji","18":"pa_productfamily-warmtebeeld-camera","19":"pa_producttype-warmtebeeld-camera","20":"pa_series-zenmuse-h20t","22":"first","23":"instock","24":"taxable","25":"shipping-taxable","26":"purchasable","27":"product-type-simple"},"acf":[],"yoast_head":"<!-- This site is optimized with the Yoast SEO Premium plugin v27.2 (Yoast SEO v27.2) - https:\/\/yoast.com\/product\/yoast-seo-premium-wordpress\/ -->\n<title>DJI Zenmuse H20T - koningdrone.be<\/title>\n<meta name=\"robots\" content=\"index, follow, max-snippet:-1, max-image-preview:large, max-video-preview:-1\" \/>\n<link rel=\"canonical\" href=\"https:\/\/koningdrone.be\/fr\/produit\/dji-zenmuse-h20t\/\" \/>\n<meta property=\"og:locale\" content=\"fr_FR\" \/>\n<meta property=\"og:type\" content=\"article\" \/>\n<meta property=\"og:title\" content=\"DJI Zenmuse H20T\" \/>\n<meta property=\"og:description\" content=\"Radiometrische Warmtebeeld camera: Resolutie 640x512, 30FPS.12MP Wide camera(24mm)20MP Zoom camera (31.7-556,2) Met IR-Cut Night Mode en 4K videoLRF (Laser Range Finder) met een bereik van 1200 meterSmart tracking functies PinPoint en SmartTrackSmart Inspections met: Waypoint 2.0, Live Mission Recording en AI-Spot check.IP44 waterproof\" \/>\n<meta property=\"og:url\" content=\"https:\/\/koningdrone.be\/fr\/produit\/dji-zenmuse-h20t\/\" \/>\n<meta property=\"og:site_name\" content=\"koningdrone.be\" \/>\n<meta property=\"article:modified_time\" content=\"2026-04-29T01:31:11+00:00\" \/>\n<meta property=\"og:image\" content=\"https:\/\/koningdrone.be\/wp-content\/uploads\/sites\/13\/2025\/04\/6958265100970-1-1.jpg\" \/>\n\t<meta property=\"og:image:width\" content=\"600\" \/>\n\t<meta property=\"og:image:height\" content=\"375\" \/>\n\t<meta property=\"og:image:type\" content=\"image\/jpeg\" \/>\n<meta name=\"twitter:card\" content=\"summary_large_image\" \/>\n<meta name=\"twitter:label1\" content=\"Dur\u00e9e de lecture est.\" \/>\n\t<meta name=\"twitter:data1\" content=\"3 minutes\" \/>\n<script type=\"application\/ld+json\" class=\"yoast-schema-graph\">{\"@context\":\"https:\/\/schema.org\",\"@graph\":[{\"@type\":\"WebPage\",\"@id\":\"https:\/\/koningdrone.be\/product\/dji-zenmuse-h20t\/\",\"url\":\"https:\/\/koningdrone.be\/product\/dji-zenmuse-h20t\/\",\"name\":\"DJI Zenmuse H20T - koningdrone.be\",\"isPartOf\":{\"@id\":\"https:\/\/koningdrone.be\/#website\"},\"primaryImageOfPage\":{\"@id\":\"https:\/\/koningdrone.be\/product\/dji-zenmuse-h20t\/#primaryimage\"},\"image\":{\"@id\":\"https:\/\/koningdrone.be\/product\/dji-zenmuse-h20t\/#primaryimage\"},\"thumbnailUrl\":\"https:\/\/koningdrone.be\/wp-content\/uploads\/sites\/13\/2025\/04\/6958265100970-1-1.jpg\",\"datePublished\":\"2020-09-18T11:11:35+00:00\",\"dateModified\":\"2026-04-29T01:31:11+00:00\",\"breadcrumb\":{\"@id\":\"https:\/\/koningdrone.be\/product\/dji-zenmuse-h20t\/#breadcrumb\"},\"inLanguage\":\"fr-BE\",\"potentialAction\":[{\"@type\":\"ReadAction\",\"target\":[\"https:\/\/koningdrone.be\/product\/dji-zenmuse-h20t\/\"]}]},{\"@type\":\"ImageObject\",\"inLanguage\":\"fr-BE\",\"@id\":\"https:\/\/koningdrone.be\/product\/dji-zenmuse-h20t\/#primaryimage\",\"url\":\"https:\/\/koningdrone.be\/wp-content\/uploads\/sites\/13\/2025\/04\/6958265100970-1-1.jpg\",\"contentUrl\":\"https:\/\/koningdrone.be\/wp-content\/uploads\/sites\/13\/2025\/04\/6958265100970-1-1.jpg\",\"width\":600,\"height\":375},{\"@type\":\"BreadcrumbList\",\"@id\":\"https:\/\/koningdrone.be\/product\/dji-zenmuse-h20t\/#breadcrumb\",\"itemListElement\":[{\"@type\":\"ListItem\",\"position\":1,\"name\":\"Home\",\"item\":\"https:\/\/koningdrone.be\/\"},{\"@type\":\"ListItem\",\"position\":2,\"name\":\"AVSS Parachute Recovery System for DJI Matrice 300\/350\",\"item\":\"https:\/\/koningdrone.be\/product\/avss-parachute-recovery-system-for-dji-matrice-300-350\/\"},{\"@type\":\"ListItem\",\"position\":3,\"name\":\"Alle gimbals en cameras\",\"item\":\"https:\/\/koningdrone.be\/categorie\/alle-gimbals-en-cameras\/\"},{\"@type\":\"ListItem\",\"position\":4,\"name\":\"DJI Zenmuse H20T\"}]},{\"@type\":\"WebSite\",\"@id\":\"https:\/\/koningdrone.be\/#website\",\"url\":\"https:\/\/koningdrone.be\/\",\"name\":\"Koningdrone.be - Uw online specialist in drones, gimbals, camera's en power stations.\",\"description\":\"De webshop in drones en gimbals\",\"publisher\":{\"@id\":\"https:\/\/koningdrone.be\/#organization\"},\"potentialAction\":[{\"@type\":\"SearchAction\",\"target\":{\"@type\":\"EntryPoint\",\"urlTemplate\":\"https:\/\/koningdrone.be\/?s={search_term_string}\"},\"query-input\":{\"@type\":\"PropertyValueSpecification\",\"valueRequired\":true,\"valueName\":\"search_term_string\"}}],\"inLanguage\":\"fr-BE\"},{\"@type\":\"Organization\",\"@id\":\"https:\/\/koningdrone.be\/#organization\",\"name\":\"Koningdrone.be\",\"url\":\"https:\/\/koningdrone.be\/\",\"logo\":{\"@type\":\"ImageObject\",\"inLanguage\":\"fr-BE\",\"@id\":\"https:\/\/koningdrone.be\/#\/schema\/logo\/image\/\",\"url\":\"https:\/\/koningdrone.be\/wp-content\/uploads\/sites\/13\/2025\/04\/koningdrone-copyright-logo.svg\",\"contentUrl\":\"https:\/\/koningdrone.be\/wp-content\/uploads\/sites\/13\/2025\/04\/koningdrone-copyright-logo.svg\",\"width\":227,\"height\":38,\"caption\":\"Koningdrone.be\"},\"image\":{\"@id\":\"https:\/\/koningdrone.be\/#\/schema\/logo\/image\/\"}}]}<\/script>\n<!-- \/ Yoast SEO Premium plugin. -->","yoast_head_json":{"title":"DJI Zenmuse H20T - koningdrone.be","robots":{"index":"index","follow":"follow","max-snippet":"max-snippet:-1","max-image-preview":"max-image-preview:large","max-video-preview":"max-video-preview:-1"},"canonical":"https:\/\/koningdrone.be\/fr\/produit\/dji-zenmuse-h20t\/","og_locale":"fr_FR","og_type":"article","og_title":"DJI Zenmuse H20T","og_description":"Radiometrische Warmtebeeld camera: Resolutie 640x512, 30FPS.12MP Wide camera(24mm)20MP Zoom camera (31.7-556,2) Met IR-Cut Night Mode en 4K videoLRF (Laser Range Finder) met een bereik van 1200 meterSmart tracking functies PinPoint en SmartTrackSmart Inspections met: Waypoint 2.0, Live Mission Recording en AI-Spot check.IP44 waterproof","og_url":"https:\/\/koningdrone.be\/fr\/produit\/dji-zenmuse-h20t\/","og_site_name":"koningdrone.be","article_modified_time":"2026-04-29T01:31:11+00:00","og_image":[{"width":600,"height":375,"url":"https:\/\/koningdrone.be\/wp-content\/uploads\/sites\/13\/2025\/04\/6958265100970-1-1.jpg","type":"image\/jpeg"}],"twitter_card":"summary_large_image","twitter_misc":{"Dur\u00e9e de lecture est.":"3 minutes"},"schema":{"@context":"https:\/\/schema.org","@graph":[{"@type":"WebPage","@id":"https:\/\/koningdrone.be\/product\/dji-zenmuse-h20t\/","url":"https:\/\/koningdrone.be\/product\/dji-zenmuse-h20t\/","name":"DJI Zenmuse H20T - koningdrone.be","isPartOf":{"@id":"https:\/\/koningdrone.be\/#website"},"primaryImageOfPage":{"@id":"https:\/\/koningdrone.be\/product\/dji-zenmuse-h20t\/#primaryimage"},"image":{"@id":"https:\/\/koningdrone.be\/product\/dji-zenmuse-h20t\/#primaryimage"},"thumbnailUrl":"https:\/\/koningdrone.be\/wp-content\/uploads\/sites\/13\/2025\/04\/6958265100970-1-1.jpg","datePublished":"2020-09-18T11:11:35+00:00","dateModified":"2026-04-29T01:31:11+00:00","breadcrumb":{"@id":"https:\/\/koningdrone.be\/product\/dji-zenmuse-h20t\/#breadcrumb"},"inLanguage":"fr-BE","potentialAction":[{"@type":"ReadAction","target":["https:\/\/koningdrone.be\/product\/dji-zenmuse-h20t\/"]}]},{"@type":"ImageObject","inLanguage":"fr-BE","@id":"https:\/\/koningdrone.be\/product\/dji-zenmuse-h20t\/#primaryimage","url":"https:\/\/koningdrone.be\/wp-content\/uploads\/sites\/13\/2025\/04\/6958265100970-1-1.jpg","contentUrl":"https:\/\/koningdrone.be\/wp-content\/uploads\/sites\/13\/2025\/04\/6958265100970-1-1.jpg","width":600,"height":375},{"@type":"BreadcrumbList","@id":"https:\/\/koningdrone.be\/product\/dji-zenmuse-h20t\/#breadcrumb","itemListElement":[{"@type":"ListItem","position":1,"name":"Home","item":"https:\/\/koningdrone.be\/"},{"@type":"ListItem","position":2,"name":"AVSS Parachute Recovery System for DJI Matrice 300\/350","item":"https:\/\/koningdrone.be\/product\/avss-parachute-recovery-system-for-dji-matrice-300-350\/"},{"@type":"ListItem","position":3,"name":"Alle gimbals en cameras","item":"https:\/\/koningdrone.be\/categorie\/alle-gimbals-en-cameras\/"},{"@type":"ListItem","position":4,"name":"DJI Zenmuse H20T"}]},{"@type":"WebSite","@id":"https:\/\/koningdrone.be\/#website","url":"https:\/\/koningdrone.be\/","name":"Koningdrone.be - Votre sp\u00e9cialiste en ligne en mati\u00e8re de drones, de cardans, de cam\u00e9ras et de centrales \u00e9lectriques.","description":"La boutique en ligne de drones et de cardans","publisher":{"@id":"https:\/\/koningdrone.be\/#organization"},"potentialAction":[{"@type":"SearchAction","target":{"@type":"EntryPoint","urlTemplate":"https:\/\/koningdrone.be\/?s={search_term_string}"},"query-input":{"@type":"PropertyValueSpecification","valueRequired":true,"valueName":"search_term_string"}}],"inLanguage":"fr-BE"},{"@type":"Organization","@id":"https:\/\/koningdrone.be\/#organization","name":"Kingdrone.co.uk","url":"https:\/\/koningdrone.be\/","logo":{"@type":"ImageObject","inLanguage":"fr-BE","@id":"https:\/\/koningdrone.be\/#\/schema\/logo\/image\/","url":"https:\/\/koningdrone.be\/wp-content\/uploads\/sites\/13\/2025\/04\/koningdrone-copyright-logo.svg","contentUrl":"https:\/\/koningdrone.be\/wp-content\/uploads\/sites\/13\/2025\/04\/koningdrone-copyright-logo.svg","width":227,"height":38,"caption":"Koningdrone.be"},"image":{"@id":"https:\/\/koningdrone.be\/#\/schema\/logo\/image\/"}}]}},"df_price":7018,"df_sale_price":"","df_regular_price":7018,"df_image_link":"https:\/\/koningdrone.be\/wp-content\/uploads\/sites\/13\/2025\/04\/6958265100970-1-1-300x188.jpg","_links":{"self":[{"href":"https:\/\/koningdrone.be\/fr\/wp-json\/wp\/v2\/product\/7178","targetHints":{"allow":["GET"]}}],"collection":[{"href":"https:\/\/koningdrone.be\/fr\/wp-json\/wp\/v2\/product"}],"about":[{"href":"https:\/\/koningdrone.be\/fr\/wp-json\/wp\/v2\/types\/product"}],"wp:featuredmedia":[{"embeddable":true,"href":"https:\/\/koningdrone.be\/fr\/wp-json\/wp\/v2\/media\/3565"}],"wp:attachment":[{"href":"https:\/\/koningdrone.be\/fr\/wp-json\/wp\/v2\/media?parent=7178"}],"wp:term":[{"taxonomy":"product_brand","embeddable":true,"href":"https:\/\/koningdrone.be\/fr\/wp-json\/wp\/v2\/product_brand?post=7178"},{"taxonomy":"product_cat","embeddable":true,"href":"https:\/\/koningdrone.be\/fr\/wp-json\/wp\/v2\/product_cat?post=7178"},{"taxonomy":"product_tag","embeddable":true,"href":"https:\/\/koningdrone.be\/fr\/wp-json\/wp\/v2\/product_tag?post=7178"}],"curies":[{"name":"wp","href":"https:\/\/api.w.org\/{rel}","templated":true}]}}