{"id":7113,"date":"2020-09-18T13:12:08","date_gmt":"2020-09-18T11:12:08","guid":{"rendered":"https:\/\/koningdrone.nl\/kon\/product\/micasense-altum-kit-standalone\/"},"modified":"2026-04-29T08:10:38","modified_gmt":"2026-04-29T06:10:38","slug":"micasense-altum-kit-standalone","status":"publish","type":"product","link":"https:\/\/koningdrone.be\/fr\/produit\/micasense-altum-kit-standalone\/","title":{"rendered":"Kit MICASENSE Altum (autonome)"},"content":{"rendered":"<h1>Kit MICASENSE Altum (autonome)<\/h1>\n<p>MicaSense Altum est un capteur calibr\u00e9 et synchronis\u00e9 pour les images thermiques, multispectrales et RVB haute r\u00e9solution - pour une analyse avanc\u00e9e. La cam\u00e9ra thermique radiom\u00e9trique prend les images \u00e0 la vol\u00e9e.<br \/>Caract\u00e9ristiques :<br \/> - Capteurs radiom\u00e9triques-thermiques et multispectraux et DLS 2 pour des r\u00e9sultats pr\u00e9cis et fiables<br \/> - Multiples options d'interface, API ouverte et points de montage pour une int\u00e9gration ais\u00e9e<br \/> - Fichier de sortie TIFF standard. Choisissez vos propres plates-formes de traitement et d'analyse ou traitez vous-m\u00eame les donn\u00e9es.<br \/> - Stockage USB 3.0 haute capacit\u00e9 : volez plus longtemps sans changer de p\u00e9riph\u00e9rique de stockage<br \/> - Acquisition thermique et multispectrale synchronis\u00e9e pour une analyse compl\u00e8te<br \/> - Conception robuste sans pi\u00e8ces mobiles<br \/> - Vitesse d'enregistrement plus rapide pour des vitesses d'air plus \u00e9lev\u00e9es<br \/> - Collecte de donn\u00e9es phytosanitaires et autres<\/p>","protected":false},"excerpt":{"rendered":"<ul>\n<li>Capteurs radiom\u00e9triques-thermiques et multispectraux et DLS 2 pour des r\u00e9sultats pr\u00e9cis et fiables<\/li>\n<li>Multiples options d'interface, API ouverte et points de montage pour une int\u00e9gration ais\u00e9e<\/li>\n<li>Fichier de sortie TIFF standard. Choisissez vos propres plates-formes de traitement et d'analyse ou traitez vous-m\u00eame les donn\u00e9es.<\/li>\n<li>Stockage USB 3.0 haute capacit\u00e9 : volez plus longtemps sans changer de p\u00e9riph\u00e9rique de stockage<\/li>\n<li>Acquisition thermique et multispectrale synchronis\u00e9e pour une analyse compl\u00e8te<\/li>\n<li>Conception robuste sans pi\u00e8ces mobiles<\/li>\n<li>Vitesse d'enregistrement plus rapide pour des vitesses d'air plus \u00e9lev\u00e9es<\/li>\n<li>Collecte de donn\u00e9es phytosanitaires et autres<\/li>\n<\/ul>","protected":false},"featured_media":7110,"template":"","meta":{"_acf_changed":false},"product_brand":[],"product_cat":[298,97,427],"product_tag":[],"class_list":{"0":"post-7113","1":"product","2":"type-product","3":"status-publish","4":"has-post-thumbnail","6":"product_cat-alle-industriele-camera","7":"product_cat-alle-producten","8":"product_cat-micasense","9":"product_shipping_class-outofstock","10":"pa_brand-micasense","11":"pa_productfamily-warmtebeeld-camera","12":"pa_producttype-warmtebeeld-camera","13":"pa_series-micasense-altum","15":"first","16":"outofstock","17":"taxable","18":"shipping-taxable","19":"product-type-simple"},"acf":[],"yoast_head":"<!-- This site is optimized with the Yoast SEO Premium plugin v27.2 (Yoast SEO v27.2) - https:\/\/yoast.com\/product\/yoast-seo-premium-wordpress\/ -->\n<title>MICASENSE Altum Kit (Standalone) - koningdrone.be<\/title>\n<meta name=\"robots\" content=\"index, follow, max-snippet:-1, max-image-preview:large, max-video-preview:-1\" \/>\n<link rel=\"canonical\" href=\"https:\/\/koningdrone.be\/fr\/produit\/micasense-altum-kit-standalone\/\" \/>\n<meta property=\"og:locale\" content=\"fr_FR\" \/>\n<meta property=\"og:type\" content=\"article\" \/>\n<meta property=\"og:title\" content=\"MICASENSE Altum Kit (Standalone)\" \/>\n<meta property=\"og:description\" content=\"Radiometrisch-thermische en multispectrale sensoren en DLS 2 voor nauwkeurige en betrouwbare resultatenMeerdere interface-opties, open API en montagepunten voor eenvoudige integratieStandaard TIFF-bestandsuitvoer. Kies uw eigen verwerkings- en analyseplatforms of verwerk de data zelfUSB 3.0-opslag met hoge capaciteit: vlieg langer zonder opslagapparaten te wisselenGesynchroniseerde thermische en multispectrale acquisitie voor uitgebreide analyseRobuust ontwerp zonder bewegende delenSnellere opnamesnelheid voor hogere luchtsnelhedenVerzameling van gegevens over plantgezondheid en meer\" \/>\n<meta property=\"og:url\" content=\"https:\/\/koningdrone.be\/fr\/produit\/micasense-altum-kit-standalone\/\" \/>\n<meta property=\"og:site_name\" content=\"koningdrone.be\" \/>\n<meta property=\"article:modified_time\" content=\"2026-04-29T06:10:38+00:00\" \/>\n<meta property=\"og:image\" content=\"https:\/\/koningdrone.be\/wp-content\/uploads\/sites\/13\/2025\/04\/4251088411660-1.jpg\" \/>\n\t<meta property=\"og:image:width\" content=\"600\" \/>\n\t<meta property=\"og:image:height\" content=\"375\" \/>\n\t<meta property=\"og:image:type\" content=\"image\/jpeg\" \/>\n<meta name=\"twitter:card\" content=\"summary_large_image\" \/>\n<meta name=\"twitter:label1\" content=\"Dur\u00e9e de lecture est.\" \/>\n\t<meta name=\"twitter:data1\" content=\"1 minute\" \/>\n<script type=\"application\/ld+json\" class=\"yoast-schema-graph\">{\"@context\":\"https:\/\/schema.org\",\"@graph\":[{\"@type\":\"WebPage\",\"@id\":\"https:\/\/koningdrone.be\/product\/micasense-altum-kit-standalone\/\",\"url\":\"https:\/\/koningdrone.be\/product\/micasense-altum-kit-standalone\/\",\"name\":\"MICASENSE Altum Kit (Standalone) - koningdrone.be\",\"isPartOf\":{\"@id\":\"https:\/\/koningdrone.be\/#website\"},\"primaryImageOfPage\":{\"@id\":\"https:\/\/koningdrone.be\/product\/micasense-altum-kit-standalone\/#primaryimage\"},\"image\":{\"@id\":\"https:\/\/koningdrone.be\/product\/micasense-altum-kit-standalone\/#primaryimage\"},\"thumbnailUrl\":\"https:\/\/koningdrone.be\/wp-content\/uploads\/sites\/13\/2025\/04\/4251088411660-1.jpg\",\"datePublished\":\"2020-09-18T11:12:08+00:00\",\"dateModified\":\"2026-04-29T06:10:38+00:00\",\"breadcrumb\":{\"@id\":\"https:\/\/koningdrone.be\/product\/micasense-altum-kit-standalone\/#breadcrumb\"},\"inLanguage\":\"fr-BE\",\"potentialAction\":[{\"@type\":\"ReadAction\",\"target\":[\"https:\/\/koningdrone.be\/product\/micasense-altum-kit-standalone\/\"]}]},{\"@type\":\"ImageObject\",\"inLanguage\":\"fr-BE\",\"@id\":\"https:\/\/koningdrone.be\/product\/micasense-altum-kit-standalone\/#primaryimage\",\"url\":\"https:\/\/koningdrone.be\/wp-content\/uploads\/sites\/13\/2025\/04\/4251088411660-1.jpg\",\"contentUrl\":\"https:\/\/koningdrone.be\/wp-content\/uploads\/sites\/13\/2025\/04\/4251088411660-1.jpg\",\"width\":600,\"height\":375},{\"@type\":\"BreadcrumbList\",\"@id\":\"https:\/\/koningdrone.be\/product\/micasense-altum-kit-standalone\/#breadcrumb\",\"itemListElement\":[{\"@type\":\"ListItem\",\"position\":1,\"name\":\"Home\",\"item\":\"https:\/\/koningdrone.be\/\"},{\"@type\":\"ListItem\",\"position\":2,\"name\":\"AVSS Parachute Recovery System for DJI Matrice 300\/350\",\"item\":\"https:\/\/koningdrone.be\/product\/avss-parachute-recovery-system-for-dji-matrice-300-350\/\"},{\"@type\":\"ListItem\",\"position\":3,\"name\":\"Alle industriele camera\",\"item\":\"https:\/\/koningdrone.be\/categorie\/alle-industriele-camera\/\"},{\"@type\":\"ListItem\",\"position\":4,\"name\":\"MICASENSE Altum Kit (Standalone)\"}]},{\"@type\":\"WebSite\",\"@id\":\"https:\/\/koningdrone.be\/#website\",\"url\":\"https:\/\/koningdrone.be\/\",\"name\":\"Koningdrone.be - Uw online specialist in drones, gimbals, camera's en power stations.\",\"description\":\"De webshop in drones en gimbals\",\"publisher\":{\"@id\":\"https:\/\/koningdrone.be\/#organization\"},\"potentialAction\":[{\"@type\":\"SearchAction\",\"target\":{\"@type\":\"EntryPoint\",\"urlTemplate\":\"https:\/\/koningdrone.be\/?s={search_term_string}\"},\"query-input\":{\"@type\":\"PropertyValueSpecification\",\"valueRequired\":true,\"valueName\":\"search_term_string\"}}],\"inLanguage\":\"fr-BE\"},{\"@type\":\"Organization\",\"@id\":\"https:\/\/koningdrone.be\/#organization\",\"name\":\"Koningdrone.be\",\"url\":\"https:\/\/koningdrone.be\/\",\"logo\":{\"@type\":\"ImageObject\",\"inLanguage\":\"fr-BE\",\"@id\":\"https:\/\/koningdrone.be\/#\/schema\/logo\/image\/\",\"url\":\"https:\/\/koningdrone.be\/wp-content\/uploads\/sites\/13\/2025\/04\/koningdrone-copyright-logo.svg\",\"contentUrl\":\"https:\/\/koningdrone.be\/wp-content\/uploads\/sites\/13\/2025\/04\/koningdrone-copyright-logo.svg\",\"width\":227,\"height\":38,\"caption\":\"Koningdrone.be\"},\"image\":{\"@id\":\"https:\/\/koningdrone.be\/#\/schema\/logo\/image\/\"}}]}<\/script>\n<!-- \/ Yoast SEO Premium plugin. -->","yoast_head_json":{"title":"MICASENSE Altum Kit (Standalone) - koningdrone.be","robots":{"index":"index","follow":"follow","max-snippet":"max-snippet:-1","max-image-preview":"max-image-preview:large","max-video-preview":"max-video-preview:-1"},"canonical":"https:\/\/koningdrone.be\/fr\/produit\/micasense-altum-kit-standalone\/","og_locale":"fr_FR","og_type":"article","og_title":"MICASENSE Altum Kit (Standalone)","og_description":"Radiometrisch-thermische en multispectrale sensoren en DLS 2 voor nauwkeurige en betrouwbare resultatenMeerdere interface-opties, open API en montagepunten voor eenvoudige integratieStandaard TIFF-bestandsuitvoer. Kies uw eigen verwerkings- en analyseplatforms of verwerk de data zelfUSB 3.0-opslag met hoge capaciteit: vlieg langer zonder opslagapparaten te wisselenGesynchroniseerde thermische en multispectrale acquisitie voor uitgebreide analyseRobuust ontwerp zonder bewegende delenSnellere opnamesnelheid voor hogere luchtsnelhedenVerzameling van gegevens over plantgezondheid en meer","og_url":"https:\/\/koningdrone.be\/fr\/produit\/micasense-altum-kit-standalone\/","og_site_name":"koningdrone.be","article_modified_time":"2026-04-29T06:10:38+00:00","og_image":[{"width":600,"height":375,"url":"https:\/\/koningdrone.be\/wp-content\/uploads\/sites\/13\/2025\/04\/4251088411660-1.jpg","type":"image\/jpeg"}],"twitter_card":"summary_large_image","twitter_misc":{"Dur\u00e9e de lecture est.":"1 minute"},"schema":{"@context":"https:\/\/schema.org","@graph":[{"@type":"WebPage","@id":"https:\/\/koningdrone.be\/product\/micasense-altum-kit-standalone\/","url":"https:\/\/koningdrone.be\/product\/micasense-altum-kit-standalone\/","name":"MICASENSE Altum Kit (Standalone) - koningdrone.be","isPartOf":{"@id":"https:\/\/koningdrone.be\/#website"},"primaryImageOfPage":{"@id":"https:\/\/koningdrone.be\/product\/micasense-altum-kit-standalone\/#primaryimage"},"image":{"@id":"https:\/\/koningdrone.be\/product\/micasense-altum-kit-standalone\/#primaryimage"},"thumbnailUrl":"https:\/\/koningdrone.be\/wp-content\/uploads\/sites\/13\/2025\/04\/4251088411660-1.jpg","datePublished":"2020-09-18T11:12:08+00:00","dateModified":"2026-04-29T06:10:38+00:00","breadcrumb":{"@id":"https:\/\/koningdrone.be\/product\/micasense-altum-kit-standalone\/#breadcrumb"},"inLanguage":"fr-BE","potentialAction":[{"@type":"ReadAction","target":["https:\/\/koningdrone.be\/product\/micasense-altum-kit-standalone\/"]}]},{"@type":"ImageObject","inLanguage":"fr-BE","@id":"https:\/\/koningdrone.be\/product\/micasense-altum-kit-standalone\/#primaryimage","url":"https:\/\/koningdrone.be\/wp-content\/uploads\/sites\/13\/2025\/04\/4251088411660-1.jpg","contentUrl":"https:\/\/koningdrone.be\/wp-content\/uploads\/sites\/13\/2025\/04\/4251088411660-1.jpg","width":600,"height":375},{"@type":"BreadcrumbList","@id":"https:\/\/koningdrone.be\/product\/micasense-altum-kit-standalone\/#breadcrumb","itemListElement":[{"@type":"ListItem","position":1,"name":"Home","item":"https:\/\/koningdrone.be\/"},{"@type":"ListItem","position":2,"name":"AVSS Parachute Recovery System for DJI Matrice 300\/350","item":"https:\/\/koningdrone.be\/product\/avss-parachute-recovery-system-for-dji-matrice-300-350\/"},{"@type":"ListItem","position":3,"name":"Alle industriele camera","item":"https:\/\/koningdrone.be\/categorie\/alle-industriele-camera\/"},{"@type":"ListItem","position":4,"name":"MICASENSE Altum Kit (Standalone)"}]},{"@type":"WebSite","@id":"https:\/\/koningdrone.be\/#website","url":"https:\/\/koningdrone.be\/","name":"Koningdrone.be - Votre sp\u00e9cialiste en ligne en mati\u00e8re de drones, de cardans, de cam\u00e9ras et de centrales \u00e9lectriques.","description":"La boutique en ligne de drones et de cardans","publisher":{"@id":"https:\/\/koningdrone.be\/#organization"},"potentialAction":[{"@type":"SearchAction","target":{"@type":"EntryPoint","urlTemplate":"https:\/\/koningdrone.be\/?s={search_term_string}"},"query-input":{"@type":"PropertyValueSpecification","valueRequired":true,"valueName":"search_term_string"}}],"inLanguage":"fr-BE"},{"@type":"Organization","@id":"https:\/\/koningdrone.be\/#organization","name":"Kingdrone.co.uk","url":"https:\/\/koningdrone.be\/","logo":{"@type":"ImageObject","inLanguage":"fr-BE","@id":"https:\/\/koningdrone.be\/#\/schema\/logo\/image\/","url":"https:\/\/koningdrone.be\/wp-content\/uploads\/sites\/13\/2025\/04\/koningdrone-copyright-logo.svg","contentUrl":"https:\/\/koningdrone.be\/wp-content\/uploads\/sites\/13\/2025\/04\/koningdrone-copyright-logo.svg","width":227,"height":38,"caption":"Koningdrone.be"},"image":{"@id":"https:\/\/koningdrone.be\/#\/schema\/logo\/image\/"}}]}},"df_price":"","df_sale_price":"","df_regular_price":"","df_image_link":"https:\/\/koningdrone.be\/wp-content\/uploads\/sites\/13\/2025\/04\/4251088411660-1-300x188.jpg","_links":{"self":[{"href":"https:\/\/koningdrone.be\/fr\/wp-json\/wp\/v2\/product\/7113","targetHints":{"allow":["GET"]}}],"collection":[{"href":"https:\/\/koningdrone.be\/fr\/wp-json\/wp\/v2\/product"}],"about":[{"href":"https:\/\/koningdrone.be\/fr\/wp-json\/wp\/v2\/types\/product"}],"wp:featuredmedia":[{"embeddable":true,"href":"https:\/\/koningdrone.be\/fr\/wp-json\/wp\/v2\/media\/7110"}],"wp:attachment":[{"href":"https:\/\/koningdrone.be\/fr\/wp-json\/wp\/v2\/media?parent=7113"}],"wp:term":[{"taxonomy":"product_brand","embeddable":true,"href":"https:\/\/koningdrone.be\/fr\/wp-json\/wp\/v2\/product_brand?post=7113"},{"taxonomy":"product_cat","embeddable":true,"href":"https:\/\/koningdrone.be\/fr\/wp-json\/wp\/v2\/product_cat?post=7113"},{"taxonomy":"product_tag","embeddable":true,"href":"https:\/\/koningdrone.be\/fr\/wp-json\/wp\/v2\/product_tag?post=7113"}],"curies":[{"name":"wp","href":"https:\/\/api.w.org\/{rel}","templated":true}]}}