{"id":7101,"date":"2020-09-18T13:12:08","date_gmt":"2020-09-18T11:12:08","guid":{"rendered":"https:\/\/koningdrone.nl\/kon\/product\/micasense-rededge-mx-multispectral-kit-psdk-m300\/"},"modified":"2026-04-29T08:20:48","modified_gmt":"2026-04-29T06:20:48","slug":"micasense-rededge-mx-multispectral-kit-psdk-m300","status":"publish","type":"product","link":"https:\/\/koningdrone.be\/fr\/produit\/micasense-rededge-mx-multispectral-kit-psdk-m300\/","title":{"rendered":"MICASENSE RedEdge-MX Kit multispectral PSDK M300"},"content":{"rendered":"<p>[embedyt]https:\/\/youtu.be\/8P2-Ld2eyJY[\/embedyt]<\/p>\n<h1>MICASENSE RedEdge-MX Multispectral Kit PSDK M300<\/h1>\n<p>MicaSense RedEdge-MX is een betrouwbare, nauwkeurige en uiterst nauwkeurige sensor &#8211; gekalibreerd voor nauwkeurige, herhaalbare metingen. Het is ontwikkeld voor eenvoudige en flexibele integratie en biedt een nieuwe metalen behuizing voor extreme duurzaamheid.<\/p>\n<p><strong>Beslis zelf<\/strong><br \/>Met RedEdge-MX bezit u uw gegevens! U bent niet beperkt tot een bepaald verwerkingsplatform. U kunt kiezen welk platform het beste bij u, uw klant of uw project past.<\/p>\n<p><strong>Analyseer zelf<\/strong><br \/>RedEdge-MX laat u gewoon meer zien. En met MicaSense Atlas worden veel verschillende analytische lagen gepresenteerd in \u00e9\u00e9n gebruiksvriendelijke interface &#8211; dit maakt analyse eenvoudig.<\/p>\n<p><strong>Naadloze integratie<\/strong><br \/>Integreer de MicaSense RedEdge-MX naadloos in de DJI Matrice 300.<\/p>\n<p>De DJI SkyPort Kit bevat alles wat je nodig hebt om RedEdge-MX te integreren in de DJI M300-drone:<br \/>De SkyPort-adapter maakt snel aansluiten en loskoppelen mogelijk<br \/>Controle van de camera via de vluchtplanner &#8211; geen verbinding met de camera nodig<\/p>\n","protected":false},"excerpt":{"rendered":"<ul>\n<li>Kit pour M300<\/li>\n<li>Imm\u00e9diatement pr\u00eat \u00e0 l'emploi<\/li>\n<li>Conception compacte et poids l\u00e9ger<\/li>\n<li>G\u00e9n\u00e8re des indices phytosanitaires et des images RGB (couleur)<\/li>\n<li>Con\u00e7u pour une int\u00e9gration facile et flexible<\/li>\n<li>Calibr\u00e9 pour des mesures pr\u00e9cises et r\u00e9p\u00e9tables<\/li>\n<\/ul>","protected":false},"featured_media":7098,"template":"","meta":{"_acf_changed":false},"product_brand":[],"product_cat":[97,426,152,427],"product_tag":[],"class_list":{"0":"post-7101","1":"product","2":"type-product","3":"status-publish","4":"has-post-thumbnail","6":"product_cat-alle-producten","7":"product_cat-dji-matrice","8":"product_cat-dji-matrice-300","9":"product_cat-micasense","10":"product_shipping_class-outofstock","11":"pa_brand-micasense","12":"pa_productfamily-kit","13":"pa_producttype-kit","14":"pa_series-micasense-rededge","16":"first","17":"outofstock","18":"taxable","19":"shipping-taxable","20":"product-type-simple"},"acf":[],"yoast_head":"<!-- This site is optimized with the Yoast SEO Premium plugin v27.2 (Yoast SEO v27.2) - https:\/\/yoast.com\/product\/yoast-seo-premium-wordpress\/ -->\n<title>MICASENSE RedEdge-MX Multispectral Kit PSDK M300 - koningdrone.be<\/title>\n<meta name=\"robots\" content=\"index, follow, max-snippet:-1, max-image-preview:large, max-video-preview:-1\" \/>\n<link rel=\"canonical\" href=\"https:\/\/koningdrone.be\/fr\/produit\/micasense-rededge-mx-multispectral-kit-psdk-m300\/\" \/>\n<meta property=\"og:locale\" content=\"fr_FR\" \/>\n<meta property=\"og:type\" content=\"article\" \/>\n<meta property=\"og:title\" content=\"MICASENSE RedEdge-MX Multispectral Kit PSDK M300\" \/>\n<meta property=\"og:description\" content=\"Kit voor M300Direct klaar voor gebruikCompact ontwerp en licht van gewichtGenereert fytosanitaire index en RGB-afbeeldingen (kleur)Ontwikkeld voor gemakkelijke en flexibele integratieGekalibreerd voor nauwkeurige, herhaalbare metingen\" \/>\n<meta property=\"og:url\" content=\"https:\/\/koningdrone.be\/fr\/produit\/micasense-rededge-mx-multispectral-kit-psdk-m300\/\" \/>\n<meta property=\"og:site_name\" content=\"koningdrone.be\" \/>\n<meta property=\"article:modified_time\" content=\"2026-04-29T06:20:48+00:00\" \/>\n<meta property=\"og:image\" content=\"https:\/\/koningdrone.be\/wp-content\/uploads\/sites\/13\/2025\/04\/4251088413442-1.jpg\" \/>\n\t<meta property=\"og:image:width\" content=\"600\" \/>\n\t<meta property=\"og:image:height\" content=\"375\" \/>\n\t<meta property=\"og:image:type\" content=\"image\/jpeg\" \/>\n<meta name=\"twitter:card\" content=\"summary_large_image\" \/>\n<meta name=\"twitter:label1\" content=\"Dur\u00e9e de lecture est.\" \/>\n\t<meta name=\"twitter:data1\" content=\"1 minute\" \/>\n<script type=\"application\/ld+json\" class=\"yoast-schema-graph\">{\"@context\":\"https:\/\/schema.org\",\"@graph\":[{\"@type\":\"WebPage\",\"@id\":\"https:\/\/koningdrone.be\/product\/micasense-rededge-mx-multispectral-kit-psdk-m300\/\",\"url\":\"https:\/\/koningdrone.be\/product\/micasense-rededge-mx-multispectral-kit-psdk-m300\/\",\"name\":\"MICASENSE RedEdge-MX Multispectral Kit PSDK M300 - koningdrone.be\",\"isPartOf\":{\"@id\":\"https:\/\/koningdrone.be\/#website\"},\"primaryImageOfPage\":{\"@id\":\"https:\/\/koningdrone.be\/product\/micasense-rededge-mx-multispectral-kit-psdk-m300\/#primaryimage\"},\"image\":{\"@id\":\"https:\/\/koningdrone.be\/product\/micasense-rededge-mx-multispectral-kit-psdk-m300\/#primaryimage\"},\"thumbnailUrl\":\"https:\/\/koningdrone.be\/wp-content\/uploads\/sites\/13\/2025\/04\/4251088413442-1.jpg\",\"datePublished\":\"2020-09-18T11:12:08+00:00\",\"dateModified\":\"2026-04-29T06:20:48+00:00\",\"breadcrumb\":{\"@id\":\"https:\/\/koningdrone.be\/product\/micasense-rededge-mx-multispectral-kit-psdk-m300\/#breadcrumb\"},\"inLanguage\":\"fr-BE\",\"potentialAction\":[{\"@type\":\"ReadAction\",\"target\":[\"https:\/\/koningdrone.be\/product\/micasense-rededge-mx-multispectral-kit-psdk-m300\/\"]}]},{\"@type\":\"ImageObject\",\"inLanguage\":\"fr-BE\",\"@id\":\"https:\/\/koningdrone.be\/product\/micasense-rededge-mx-multispectral-kit-psdk-m300\/#primaryimage\",\"url\":\"https:\/\/koningdrone.be\/wp-content\/uploads\/sites\/13\/2025\/04\/4251088413442-1.jpg\",\"contentUrl\":\"https:\/\/koningdrone.be\/wp-content\/uploads\/sites\/13\/2025\/04\/4251088413442-1.jpg\",\"width\":600,\"height\":375},{\"@type\":\"BreadcrumbList\",\"@id\":\"https:\/\/koningdrone.be\/product\/micasense-rededge-mx-multispectral-kit-psdk-m300\/#breadcrumb\",\"itemListElement\":[{\"@type\":\"ListItem\",\"position\":1,\"name\":\"Home\",\"item\":\"https:\/\/koningdrone.be\/\"},{\"@type\":\"ListItem\",\"position\":2,\"name\":\"AVSS Parachute Recovery System for DJI Matrice 300\/350\",\"item\":\"https:\/\/koningdrone.be\/product\/avss-parachute-recovery-system-for-dji-matrice-300-350\/\"},{\"@type\":\"ListItem\",\"position\":3,\"name\":\"Alle producten\",\"item\":\"https:\/\/koningdrone.be\/categorie\/alle-producten\/\"},{\"@type\":\"ListItem\",\"position\":4,\"name\":\"MICASENSE RedEdge-MX Multispectral Kit PSDK M300\"}]},{\"@type\":\"WebSite\",\"@id\":\"https:\/\/koningdrone.be\/#website\",\"url\":\"https:\/\/koningdrone.be\/\",\"name\":\"Koningdrone.be - Uw online specialist in drones, gimbals, camera's en power stations.\",\"description\":\"De webshop in drones en gimbals\",\"publisher\":{\"@id\":\"https:\/\/koningdrone.be\/#organization\"},\"potentialAction\":[{\"@type\":\"SearchAction\",\"target\":{\"@type\":\"EntryPoint\",\"urlTemplate\":\"https:\/\/koningdrone.be\/?s={search_term_string}\"},\"query-input\":{\"@type\":\"PropertyValueSpecification\",\"valueRequired\":true,\"valueName\":\"search_term_string\"}}],\"inLanguage\":\"fr-BE\"},{\"@type\":\"Organization\",\"@id\":\"https:\/\/koningdrone.be\/#organization\",\"name\":\"Koningdrone.be\",\"url\":\"https:\/\/koningdrone.be\/\",\"logo\":{\"@type\":\"ImageObject\",\"inLanguage\":\"fr-BE\",\"@id\":\"https:\/\/koningdrone.be\/#\/schema\/logo\/image\/\",\"url\":\"https:\/\/koningdrone.be\/wp-content\/uploads\/sites\/13\/2025\/04\/koningdrone-copyright-logo.svg\",\"contentUrl\":\"https:\/\/koningdrone.be\/wp-content\/uploads\/sites\/13\/2025\/04\/koningdrone-copyright-logo.svg\",\"width\":227,\"height\":38,\"caption\":\"Koningdrone.be\"},\"image\":{\"@id\":\"https:\/\/koningdrone.be\/#\/schema\/logo\/image\/\"}}]}<\/script>\n<!-- \/ Yoast SEO Premium plugin. -->","yoast_head_json":{"title":"MICASENSE RedEdge-MX Multispectral Kit PSDK M300 - koningdrone.be","robots":{"index":"index","follow":"follow","max-snippet":"max-snippet:-1","max-image-preview":"max-image-preview:large","max-video-preview":"max-video-preview:-1"},"canonical":"https:\/\/koningdrone.be\/fr\/produit\/micasense-rededge-mx-multispectral-kit-psdk-m300\/","og_locale":"fr_FR","og_type":"article","og_title":"MICASENSE RedEdge-MX Multispectral Kit PSDK M300","og_description":"Kit voor M300Direct klaar voor gebruikCompact ontwerp en licht van gewichtGenereert fytosanitaire index en RGB-afbeeldingen (kleur)Ontwikkeld voor gemakkelijke en flexibele integratieGekalibreerd voor nauwkeurige, herhaalbare metingen","og_url":"https:\/\/koningdrone.be\/fr\/produit\/micasense-rededge-mx-multispectral-kit-psdk-m300\/","og_site_name":"koningdrone.be","article_modified_time":"2026-04-29T06:20:48+00:00","og_image":[{"width":600,"height":375,"url":"https:\/\/koningdrone.be\/wp-content\/uploads\/sites\/13\/2025\/04\/4251088413442-1.jpg","type":"image\/jpeg"}],"twitter_card":"summary_large_image","twitter_misc":{"Dur\u00e9e de lecture est.":"1 minute"},"schema":{"@context":"https:\/\/schema.org","@graph":[{"@type":"WebPage","@id":"https:\/\/koningdrone.be\/product\/micasense-rededge-mx-multispectral-kit-psdk-m300\/","url":"https:\/\/koningdrone.be\/product\/micasense-rededge-mx-multispectral-kit-psdk-m300\/","name":"MICASENSE RedEdge-MX Multispectral Kit PSDK M300 - koningdrone.be","isPartOf":{"@id":"https:\/\/koningdrone.be\/#website"},"primaryImageOfPage":{"@id":"https:\/\/koningdrone.be\/product\/micasense-rededge-mx-multispectral-kit-psdk-m300\/#primaryimage"},"image":{"@id":"https:\/\/koningdrone.be\/product\/micasense-rededge-mx-multispectral-kit-psdk-m300\/#primaryimage"},"thumbnailUrl":"https:\/\/koningdrone.be\/wp-content\/uploads\/sites\/13\/2025\/04\/4251088413442-1.jpg","datePublished":"2020-09-18T11:12:08+00:00","dateModified":"2026-04-29T06:20:48+00:00","breadcrumb":{"@id":"https:\/\/koningdrone.be\/product\/micasense-rededge-mx-multispectral-kit-psdk-m300\/#breadcrumb"},"inLanguage":"fr-BE","potentialAction":[{"@type":"ReadAction","target":["https:\/\/koningdrone.be\/product\/micasense-rededge-mx-multispectral-kit-psdk-m300\/"]}]},{"@type":"ImageObject","inLanguage":"fr-BE","@id":"https:\/\/koningdrone.be\/product\/micasense-rededge-mx-multispectral-kit-psdk-m300\/#primaryimage","url":"https:\/\/koningdrone.be\/wp-content\/uploads\/sites\/13\/2025\/04\/4251088413442-1.jpg","contentUrl":"https:\/\/koningdrone.be\/wp-content\/uploads\/sites\/13\/2025\/04\/4251088413442-1.jpg","width":600,"height":375},{"@type":"BreadcrumbList","@id":"https:\/\/koningdrone.be\/product\/micasense-rededge-mx-multispectral-kit-psdk-m300\/#breadcrumb","itemListElement":[{"@type":"ListItem","position":1,"name":"Home","item":"https:\/\/koningdrone.be\/"},{"@type":"ListItem","position":2,"name":"AVSS Parachute Recovery System for DJI Matrice 300\/350","item":"https:\/\/koningdrone.be\/product\/avss-parachute-recovery-system-for-dji-matrice-300-350\/"},{"@type":"ListItem","position":3,"name":"Alle producten","item":"https:\/\/koningdrone.be\/categorie\/alle-producten\/"},{"@type":"ListItem","position":4,"name":"MICASENSE RedEdge-MX Multispectral Kit PSDK M300"}]},{"@type":"WebSite","@id":"https:\/\/koningdrone.be\/#website","url":"https:\/\/koningdrone.be\/","name":"Koningdrone.be - Votre sp\u00e9cialiste en ligne en mati\u00e8re de drones, de cardans, de cam\u00e9ras et de centrales \u00e9lectriques.","description":"La boutique en ligne de drones et de cardans","publisher":{"@id":"https:\/\/koningdrone.be\/#organization"},"potentialAction":[{"@type":"SearchAction","target":{"@type":"EntryPoint","urlTemplate":"https:\/\/koningdrone.be\/?s={search_term_string}"},"query-input":{"@type":"PropertyValueSpecification","valueRequired":true,"valueName":"search_term_string"}}],"inLanguage":"fr-BE"},{"@type":"Organization","@id":"https:\/\/koningdrone.be\/#organization","name":"Kingdrone.co.uk","url":"https:\/\/koningdrone.be\/","logo":{"@type":"ImageObject","inLanguage":"fr-BE","@id":"https:\/\/koningdrone.be\/#\/schema\/logo\/image\/","url":"https:\/\/koningdrone.be\/wp-content\/uploads\/sites\/13\/2025\/04\/koningdrone-copyright-logo.svg","contentUrl":"https:\/\/koningdrone.be\/wp-content\/uploads\/sites\/13\/2025\/04\/koningdrone-copyright-logo.svg","width":227,"height":38,"caption":"Koningdrone.be"},"image":{"@id":"https:\/\/koningdrone.be\/#\/schema\/logo\/image\/"}}]}},"df_price":"","df_sale_price":"","df_regular_price":"","df_image_link":"https:\/\/koningdrone.be\/wp-content\/uploads\/sites\/13\/2025\/04\/4251088413442-1-300x188.jpg","_links":{"self":[{"href":"https:\/\/koningdrone.be\/fr\/wp-json\/wp\/v2\/product\/7101","targetHints":{"allow":["GET"]}}],"collection":[{"href":"https:\/\/koningdrone.be\/fr\/wp-json\/wp\/v2\/product"}],"about":[{"href":"https:\/\/koningdrone.be\/fr\/wp-json\/wp\/v2\/types\/product"}],"wp:featuredmedia":[{"embeddable":true,"href":"https:\/\/koningdrone.be\/fr\/wp-json\/wp\/v2\/media\/7098"}],"wp:attachment":[{"href":"https:\/\/koningdrone.be\/fr\/wp-json\/wp\/v2\/media?parent=7101"}],"wp:term":[{"taxonomy":"product_brand","embeddable":true,"href":"https:\/\/koningdrone.be\/fr\/wp-json\/wp\/v2\/product_brand?post=7101"},{"taxonomy":"product_cat","embeddable":true,"href":"https:\/\/koningdrone.be\/fr\/wp-json\/wp\/v2\/product_cat?post=7101"},{"taxonomy":"product_tag","embeddable":true,"href":"https:\/\/koningdrone.be\/fr\/wp-json\/wp\/v2\/product_tag?post=7101"}],"curies":[{"name":"wp","href":"https:\/\/api.w.org\/{rel}","templated":true}]}}