{"id":7064,"date":"2020-09-18T13:12:24","date_gmt":"2020-09-18T11:12:24","guid":{"rendered":"https:\/\/koningdrone.nl\/kon\/product\/dji-aeroscope-mobile\/"},"modified":"2026-05-17T08:20:02","modified_gmt":"2026-05-17T06:20:02","slug":"dji-aeroscope-mobile","status":"publish","type":"product","link":"https:\/\/koningdrone.be\/fr\/produit\/dji-aeroscope-mobile\/","title":{"rendered":"DJI Aeroscope Mobile"},"content":{"rendered":"<h1>DJI Aeroscope Mobile<\/h1>\n<p>Avec AeroScope, DJI a lanc\u00e9 un syst\u00e8me de d\u00e9tection de drones sp\u00e9cialement con\u00e7u pour permettre \u00e0 un op\u00e9rateur de suivre facilement les donn\u00e9es t\u00e9l\u00e9m\u00e9triques des drones DJI dans l'espace a\u00e9rien environnant jusqu'\u00e0 5 km. Il s'agit essentiellement d'un syst\u00e8me de reconnaissance des caract\u00e9ristiques des drones qui fournit aux \u00e9quipes de s\u00e9curit\u00e9 des a\u00e9roports les donn\u00e9es dont elles ont besoin pour se prot\u00e9ger rapidement et efficacement contre les intrus.<\/p>\n<p>En interceptant le lien de communication entre un drone DJI et sa t\u00e9l\u00e9commande, AeroScope peut fournir des informations d'identification en temps r\u00e9el, y compris le code de s\u00e9rie du drone, la marque et le mod\u00e8le, la position du drone, la vitesse, la latitude et la position du contr\u00f4leur au sol. Cela permet \u00e0 l'op\u00e9rateur de prendre des mesures contre la menace que repr\u00e9sente le drone.<\/p>\n<p>Con\u00e7ue pour la protection continue de sites de grande envergure, l'unit\u00e9 stationnaire AeroScope peut \u00eatre personnalis\u00e9e et construite en fonction de l'emplacement sp\u00e9cifique et des exigences de l'utilisateur afin de couvrir enti\u00e8rement l'espace a\u00e9rien environnant. Dans des conditions id\u00e9ales, le syst\u00e8me peut surveiller une distance allant jusqu'\u00e0 50 km et obtenir des informations cl\u00e9s des drones en 2 secondes.<br \/>Les donn\u00e9es de surveillance peuvent \u00eatre int\u00e9gr\u00e9es aux syst\u00e8mes de s\u00e9curit\u00e9 existants des utilisateurs afin de fournir un syst\u00e8me de surveillance int\u00e9gr\u00e9 efficace.<br \/>Ce syst\u00e8me prend \u00e9galement en charge le cloud public, le cloud priv\u00e9 et le d\u00e9ploiement local et peut r\u00e9pondre \u00e0 des besoins sp\u00e9cifiques, tels que la surveillance \u00e0 distance et la s\u00e9paration des donn\u00e9es.<\/p>\n<p>Caract\u00e9ristiques de l'Aeroscope Mobile<br \/> - D\u00e9ploiements mobiles pour une utilisation temporaire ou d'urgence<br \/> - Minimum<br \/> - T\u00e9l\u00e9m\u00e9trie d\u00e9taill\u00e9e<br \/> - Portable<\/p>","protected":false},"excerpt":{"rendered":"<ul>\n<li>50 km Port\u00e9e max. Port\u00e9e<\/li>\n<li>Informations d\u00e9taill\u00e9es<\/li>\n<li>Facile \u00e0 installer<\/li>\n<li>IP65<\/li>\n<li>Informations en temps r\u00e9el<\/li>\n<li>Lecture<\/li>\n<li>Analyse des donn\u00e9es<\/li>\n<li>SDK<\/li>\n<\/ul>","protected":false},"featured_media":7060,"template":"","meta":{"_acf_changed":false},"product_brand":[],"product_cat":[97,1256,624],"product_tag":[],"class_list":{"0":"post-7064","1":"product","2":"type-product","3":"status-publish","4":"has-post-thumbnail","6":"product_cat-alle-producten","7":"product_cat-dji-aeroscope","8":"product_cat-enterprise-accessoires","9":"product_shipping_class-outofstock","10":"pa_brand-dji","11":"pa_productfamily-drone-detectie","12":"pa_producttype-drone-detectie","13":"pa_series-aeroscope","15":"first","16":"outofstock","17":"taxable","18":"shipping-taxable","19":"product-type-simple"},"acf":[],"yoast_head":"<!-- This site is optimized with the Yoast SEO Premium plugin v27.2 (Yoast SEO v27.2) - https:\/\/yoast.com\/product\/yoast-seo-premium-wordpress\/ -->\n<title>DJI Aeroscope Mobile - koningdrone.be<\/title>\n<meta name=\"robots\" content=\"index, follow, max-snippet:-1, max-image-preview:large, max-video-preview:-1\" \/>\n<link rel=\"canonical\" href=\"https:\/\/koningdrone.be\/fr\/produit\/dji-aeroscope-mobile\/\" \/>\n<meta property=\"og:locale\" content=\"fr_FR\" \/>\n<meta property=\"og:type\" content=\"article\" \/>\n<meta property=\"og:title\" content=\"DJI Aeroscope Mobile\" \/>\n<meta property=\"og:description\" content=\"50 km Max. BereikGedetailleerde informatieMakkelijk te installerenIP65Real-time informatiePlaybackGegevensanalyseSDK\" \/>\n<meta property=\"og:url\" content=\"https:\/\/koningdrone.be\/fr\/produit\/dji-aeroscope-mobile\/\" \/>\n<meta property=\"og:site_name\" content=\"koningdrone.be\" \/>\n<meta property=\"article:modified_time\" content=\"2026-05-17T06:20:02+00:00\" \/>\n<meta property=\"og:image\" content=\"https:\/\/koningdrone.be\/wp-content\/uploads\/sites\/13\/2025\/04\/4251088400558-1.png\" \/>\n\t<meta property=\"og:image:width\" content=\"600\" \/>\n\t<meta property=\"og:image:height\" content=\"375\" \/>\n\t<meta property=\"og:image:type\" content=\"image\/png\" \/>\n<meta name=\"twitter:card\" content=\"summary_large_image\" \/>\n<meta name=\"twitter:label1\" content=\"Dur\u00e9e de lecture est.\" \/>\n\t<meta name=\"twitter:data1\" content=\"1 minute\" \/>\n<script type=\"application\/ld+json\" class=\"yoast-schema-graph\">{\"@context\":\"https:\/\/schema.org\",\"@graph\":[{\"@type\":\"WebPage\",\"@id\":\"https:\/\/koningdrone.be\/product\/dji-aeroscope-mobile\/\",\"url\":\"https:\/\/koningdrone.be\/product\/dji-aeroscope-mobile\/\",\"name\":\"DJI Aeroscope Mobile - koningdrone.be\",\"isPartOf\":{\"@id\":\"https:\/\/koningdrone.be\/#website\"},\"primaryImageOfPage\":{\"@id\":\"https:\/\/koningdrone.be\/product\/dji-aeroscope-mobile\/#primaryimage\"},\"image\":{\"@id\":\"https:\/\/koningdrone.be\/product\/dji-aeroscope-mobile\/#primaryimage\"},\"thumbnailUrl\":\"https:\/\/koningdrone.be\/wp-content\/uploads\/sites\/13\/2025\/04\/4251088400558-1.png\",\"datePublished\":\"2020-09-18T11:12:24+00:00\",\"dateModified\":\"2026-05-17T06:20:02+00:00\",\"breadcrumb\":{\"@id\":\"https:\/\/koningdrone.be\/product\/dji-aeroscope-mobile\/#breadcrumb\"},\"inLanguage\":\"fr-BE\",\"potentialAction\":[{\"@type\":\"ReadAction\",\"target\":[\"https:\/\/koningdrone.be\/product\/dji-aeroscope-mobile\/\"]}]},{\"@type\":\"ImageObject\",\"inLanguage\":\"fr-BE\",\"@id\":\"https:\/\/koningdrone.be\/product\/dji-aeroscope-mobile\/#primaryimage\",\"url\":\"https:\/\/koningdrone.be\/wp-content\/uploads\/sites\/13\/2025\/04\/4251088400558-1.png\",\"contentUrl\":\"https:\/\/koningdrone.be\/wp-content\/uploads\/sites\/13\/2025\/04\/4251088400558-1.png\",\"width\":600,\"height\":375},{\"@type\":\"BreadcrumbList\",\"@id\":\"https:\/\/koningdrone.be\/product\/dji-aeroscope-mobile\/#breadcrumb\",\"itemListElement\":[{\"@type\":\"ListItem\",\"position\":1,\"name\":\"Home\",\"item\":\"https:\/\/koningdrone.be\/\"},{\"@type\":\"ListItem\",\"position\":2,\"name\":\"AVSS Parachute Recovery System for DJI Matrice 300\/350\",\"item\":\"https:\/\/koningdrone.be\/product\/avss-parachute-recovery-system-for-dji-matrice-300-350\/\"},{\"@type\":\"ListItem\",\"position\":3,\"name\":\"Alle producten\",\"item\":\"https:\/\/koningdrone.be\/categorie\/alle-producten\/\"},{\"@type\":\"ListItem\",\"position\":4,\"name\":\"DJI Aeroscope Mobile\"}]},{\"@type\":\"WebSite\",\"@id\":\"https:\/\/koningdrone.be\/#website\",\"url\":\"https:\/\/koningdrone.be\/\",\"name\":\"Koningdrone.be - Uw online specialist in drones, gimbals, camera's en power stations.\",\"description\":\"De webshop in drones en gimbals\",\"publisher\":{\"@id\":\"https:\/\/koningdrone.be\/#organization\"},\"potentialAction\":[{\"@type\":\"SearchAction\",\"target\":{\"@type\":\"EntryPoint\",\"urlTemplate\":\"https:\/\/koningdrone.be\/?s={search_term_string}\"},\"query-input\":{\"@type\":\"PropertyValueSpecification\",\"valueRequired\":true,\"valueName\":\"search_term_string\"}}],\"inLanguage\":\"fr-BE\"},{\"@type\":\"Organization\",\"@id\":\"https:\/\/koningdrone.be\/#organization\",\"name\":\"Koningdrone.be\",\"url\":\"https:\/\/koningdrone.be\/\",\"logo\":{\"@type\":\"ImageObject\",\"inLanguage\":\"fr-BE\",\"@id\":\"https:\/\/koningdrone.be\/#\/schema\/logo\/image\/\",\"url\":\"https:\/\/koningdrone.be\/wp-content\/uploads\/sites\/13\/2025\/04\/koningdrone-copyright-logo.svg\",\"contentUrl\":\"https:\/\/koningdrone.be\/wp-content\/uploads\/sites\/13\/2025\/04\/koningdrone-copyright-logo.svg\",\"width\":227,\"height\":38,\"caption\":\"Koningdrone.be\"},\"image\":{\"@id\":\"https:\/\/koningdrone.be\/#\/schema\/logo\/image\/\"}}]}<\/script>\n<!-- \/ Yoast SEO Premium plugin. -->","yoast_head_json":{"title":"DJI Aeroscope Mobile - koningdrone.be","robots":{"index":"index","follow":"follow","max-snippet":"max-snippet:-1","max-image-preview":"max-image-preview:large","max-video-preview":"max-video-preview:-1"},"canonical":"https:\/\/koningdrone.be\/fr\/produit\/dji-aeroscope-mobile\/","og_locale":"fr_FR","og_type":"article","og_title":"DJI Aeroscope Mobile","og_description":"50 km Max. BereikGedetailleerde informatieMakkelijk te installerenIP65Real-time informatiePlaybackGegevensanalyseSDK","og_url":"https:\/\/koningdrone.be\/fr\/produit\/dji-aeroscope-mobile\/","og_site_name":"koningdrone.be","article_modified_time":"2026-05-17T06:20:02+00:00","og_image":[{"width":600,"height":375,"url":"https:\/\/koningdrone.be\/wp-content\/uploads\/sites\/13\/2025\/04\/4251088400558-1.png","type":"image\/png"}],"twitter_card":"summary_large_image","twitter_misc":{"Dur\u00e9e de lecture est.":"1 minute"},"schema":{"@context":"https:\/\/schema.org","@graph":[{"@type":"WebPage","@id":"https:\/\/koningdrone.be\/product\/dji-aeroscope-mobile\/","url":"https:\/\/koningdrone.be\/product\/dji-aeroscope-mobile\/","name":"DJI Aeroscope Mobile - koningdrone.be","isPartOf":{"@id":"https:\/\/koningdrone.be\/#website"},"primaryImageOfPage":{"@id":"https:\/\/koningdrone.be\/product\/dji-aeroscope-mobile\/#primaryimage"},"image":{"@id":"https:\/\/koningdrone.be\/product\/dji-aeroscope-mobile\/#primaryimage"},"thumbnailUrl":"https:\/\/koningdrone.be\/wp-content\/uploads\/sites\/13\/2025\/04\/4251088400558-1.png","datePublished":"2020-09-18T11:12:24+00:00","dateModified":"2026-05-17T06:20:02+00:00","breadcrumb":{"@id":"https:\/\/koningdrone.be\/product\/dji-aeroscope-mobile\/#breadcrumb"},"inLanguage":"fr-BE","potentialAction":[{"@type":"ReadAction","target":["https:\/\/koningdrone.be\/product\/dji-aeroscope-mobile\/"]}]},{"@type":"ImageObject","inLanguage":"fr-BE","@id":"https:\/\/koningdrone.be\/product\/dji-aeroscope-mobile\/#primaryimage","url":"https:\/\/koningdrone.be\/wp-content\/uploads\/sites\/13\/2025\/04\/4251088400558-1.png","contentUrl":"https:\/\/koningdrone.be\/wp-content\/uploads\/sites\/13\/2025\/04\/4251088400558-1.png","width":600,"height":375},{"@type":"BreadcrumbList","@id":"https:\/\/koningdrone.be\/product\/dji-aeroscope-mobile\/#breadcrumb","itemListElement":[{"@type":"ListItem","position":1,"name":"Home","item":"https:\/\/koningdrone.be\/"},{"@type":"ListItem","position":2,"name":"AVSS Parachute Recovery System for DJI Matrice 300\/350","item":"https:\/\/koningdrone.be\/product\/avss-parachute-recovery-system-for-dji-matrice-300-350\/"},{"@type":"ListItem","position":3,"name":"Alle producten","item":"https:\/\/koningdrone.be\/categorie\/alle-producten\/"},{"@type":"ListItem","position":4,"name":"DJI Aeroscope Mobile"}]},{"@type":"WebSite","@id":"https:\/\/koningdrone.be\/#website","url":"https:\/\/koningdrone.be\/","name":"Koningdrone.be - Votre sp\u00e9cialiste en ligne en mati\u00e8re de drones, de cardans, de cam\u00e9ras et de centrales \u00e9lectriques.","description":"La boutique en ligne de drones et de cardans","publisher":{"@id":"https:\/\/koningdrone.be\/#organization"},"potentialAction":[{"@type":"SearchAction","target":{"@type":"EntryPoint","urlTemplate":"https:\/\/koningdrone.be\/?s={search_term_string}"},"query-input":{"@type":"PropertyValueSpecification","valueRequired":true,"valueName":"search_term_string"}}],"inLanguage":"fr-BE"},{"@type":"Organization","@id":"https:\/\/koningdrone.be\/#organization","name":"Kingdrone.co.uk","url":"https:\/\/koningdrone.be\/","logo":{"@type":"ImageObject","inLanguage":"fr-BE","@id":"https:\/\/koningdrone.be\/#\/schema\/logo\/image\/","url":"https:\/\/koningdrone.be\/wp-content\/uploads\/sites\/13\/2025\/04\/koningdrone-copyright-logo.svg","contentUrl":"https:\/\/koningdrone.be\/wp-content\/uploads\/sites\/13\/2025\/04\/koningdrone-copyright-logo.svg","width":227,"height":38,"caption":"Koningdrone.be"},"image":{"@id":"https:\/\/koningdrone.be\/#\/schema\/logo\/image\/"}}]}},"df_price":"","df_sale_price":"","df_regular_price":"","df_image_link":"https:\/\/koningdrone.be\/wp-content\/uploads\/sites\/13\/2025\/04\/4251088400558-1-300x188.png","_links":{"self":[{"href":"https:\/\/koningdrone.be\/fr\/wp-json\/wp\/v2\/product\/7064","targetHints":{"allow":["GET"]}}],"collection":[{"href":"https:\/\/koningdrone.be\/fr\/wp-json\/wp\/v2\/product"}],"about":[{"href":"https:\/\/koningdrone.be\/fr\/wp-json\/wp\/v2\/types\/product"}],"wp:featuredmedia":[{"embeddable":true,"href":"https:\/\/koningdrone.be\/fr\/wp-json\/wp\/v2\/media\/7060"}],"wp:attachment":[{"href":"https:\/\/koningdrone.be\/fr\/wp-json\/wp\/v2\/media?parent=7064"}],"wp:term":[{"taxonomy":"product_brand","embeddable":true,"href":"https:\/\/koningdrone.be\/fr\/wp-json\/wp\/v2\/product_brand?post=7064"},{"taxonomy":"product_cat","embeddable":true,"href":"https:\/\/koningdrone.be\/fr\/wp-json\/wp\/v2\/product_cat?post=7064"},{"taxonomy":"product_tag","embeddable":true,"href":"https:\/\/koningdrone.be\/fr\/wp-json\/wp\/v2\/product_tag?post=7064"}],"curies":[{"name":"wp","href":"https:\/\/api.w.org\/{rel}","templated":true}]}}