{"id":7059,"date":"2020-10-19T12:41:05","date_gmt":"2020-10-19T10:41:05","guid":{"rendered":"https:\/\/koningdrone.nl\/kon\/product\/dji-rs-2-pro-combo\/"},"modified":"2026-04-29T15:30:59","modified_gmt":"2026-04-29T13:30:59","slug":"dji-rs-2-pro-combo","status":"publish","type":"product","link":"https:\/\/koningdrone.be\/fr\/produit\/dji-rs-2-pro-combo\/","title":{"rendered":"DJI RS 2 Pro Combo"},"content":{"rendered":"<h1>DJI RS 2 Pro Combo<\/h1>\n<p>Le DJI RS 2 est un stabilisateur dot\u00e9 d'un cardan 3 axes de haute qualit\u00e9 qui vous permet de prendre des images professionnelles avec presque tous les appareils photo et reflex. Il s'agit du successeur de la c\u00e9l\u00e8bre s\u00e9rie DJI Ronin. Le design pliable de la rotule RS 2 garantit une grande facilit\u00e9 d'utilisation, et le stabilisateur comprend de nombreuses caract\u00e9ristiques de haute qualit\u00e9, notamment l'algorithme de stabilisation Titan (technologie de stabilisation unique) et ActiveTrack 3.0. Cr\u00e9ez les vid\u00e9os professionnelles les plus fluides, profitez de la technologie apport\u00e9e par le RS 2 et passez rapidement d'une fonctionnalit\u00e9 \u00e0 l'autre gr\u00e2ce aux options de contr\u00f4le intelligentes.<\/p>\n<p><\/p>\n<h3><strong>Compacit\u00e9 et maniabilit\u00e9<\/strong><\/h3>\n<p>Le design fonctionnel du stabilisateur DJI RS 2 assure un grand confort d'utilisation pendant le tournage. La rotule p\u00e8se seulement 1 kg et est fabriqu\u00e9e en fibre de carbone solide comme le roc, ce qui vous permet de passer des heures sans probl\u00e8me. La capacit\u00e9 de charge du cardan est de 4,5 kg, ce qui le rend adapt\u00e9 aux cam\u00e9ras syst\u00e8me et SLR de plus grande taille. Gr\u00e2ce \u00e0 sa conception pliable, le RS 2 est \u00e9galement facile \u00e0 transporter.<\/p>\n<p>L'utilisation du DJI gimbal est facile gr\u00e2ce \u00e0 l'\u00e9cran couleur OLED de 1\u2033 avec commandes tactiles. Cela vous permet de faire d\u00e9filer rapidement les options et d'activer des fonctions utiles telles que ActiveTrack 3.0 et de choisir parmi six configurations diff\u00e9rentes pour prendre les photos les plus complexes. En outre, le stabilisateur est dot\u00e9 d'une molette int\u00e9gr\u00e9e qui vous permet de faire la mise au point de votre image pendant le tournage. Les verrous d'axe et les vis de cam\u00e9ra \u00e0 anneau en D facilitent l'installation de la cam\u00e9ra sans outils. Les plaques de fixation rapide Manfrotto et Arca-Swiss \u00e0 double couche garantissent une prise en main rapide et s\u00fbre. Un autre avantage est la longue dur\u00e9e de vie de la batterie : jusqu'\u00e0 12 heures avec une batterie pleine (poign\u00e9e BG30) et une recharge de 2 heures en seulement 15 minutes.<\/p>\n<p><\/p>\n<h3><strong>Technologie de haute qualit\u00e9\u00a0<\/strong><\/h3>\n<p>Le RS 2 est un cardan compact et, gr\u00e2ce \u00e0 ses nombreuses configurations, il peut \u00eatre utilis\u00e9 dans les deux sens. Une caract\u00e9ristique unique est le passage rapide \u00e0 la prise de vue verticale et avec le bouton Fine-Tune vous assurez toujours un \u00e9quilibre parfait. Gr\u00e2ce \u00e0 l'algorithme de stabilisation Titan de DJI, le cardan offre une stabilisation parfaite dans toutes les situations et avec la technologie SuperSmooth, m\u00eame les micro-mouvements n'appara\u00eetront pas sur vos enregistrements. M\u00eame si vous filmez avec un objectif de 100 mm.<\/p>\n<p>Avec l'\u00e9metteur WiFi RavenEye (standard avec le RS 2 Pro Combo), vous pouvez voir en direct sur votre smartphone ce que vous \u00eates en train de filmer en qualit\u00e9 Full HD. Vous pouvez \u00e9galement modifier plusieurs param\u00e8tres de votre cam\u00e9ra et diffuser en direct sur vos m\u00e9dias sociaux. Envoyez des vid\u00e9os en 1080p, ajustez les param\u00e8tres du cardan et modifiez les r\u00e9glages \u00e0 une distance de 200 m\u00e8tres. Le syst\u00e8me de mise au point 3D utilise des capteurs ToF pour mesurer la distance entre le sujet et l'objectif.  Vous obtenez ainsi une image nette, m\u00eame en cas de faible luminosit\u00e9. Cette technologie haute performance permet une mise au point automatique rapide sur des objectifs manuels \u00e0 grande ouverture. Une autre fonction int\u00e9ressante est Force Mobile, qui vous permet de filmer via votre smartphone et la rotule se d\u00e9place automatiquement en fonction de la direction de la prise de vue. Bref, tout est r\u00e9uni pour r\u00e9aliser des vid\u00e9os parfaites.<\/p>\n<p><\/p>\n<h3><strong>Fonctionnalit\u00e9s cr\u00e9atives<\/strong><\/h3>\n<p>Comme vous l'attendez de DJI, le RS 2 est dot\u00e9 de fonctions utiles et cr\u00e9atives pour tirer le meilleur parti de vos photos et vid\u00e9os. ActiveTrack 3.0 suit automatiquement les objets que vous s\u00e9lectionnez et la technologie SuperSmooth \u00e9limine les moindres mouvements pour des s\u00e9quences fluides. Time Tunnel vous permet de cr\u00e9er des mouvements \u00e0 360\u00b0 combin\u00e9s \u00e0 des vid\u00e9os hyperlapses pour des images uniques. Enfin, la fonction Track vous permet de programmer les mouvements de l'appareil photo afin de prendre exactement la m\u00eame photo la prochaine fois.<\/p>\n<p>De plus, le cardan DJI offre des fonctionnalit\u00e9s telles que TimeLapse, Panaroma, mode paysage et mode portrait. Et tout s'active d'une simple pression sur un bouton et est facile \u00e0 partager sur vos m\u00e9dias sociaux. Pour les professionnels et les influenceurs, il s'agit de la balance id\u00e9ale pour faire passer le contenu cr\u00e9atif au niveau sup\u00e9rieur.<\/p>","protected":false},"excerpt":{"rendered":"<ul>\n<li>RS 2 Pro Combo version<\/li>\n<li>Capacit\u00e9 de charge test\u00e9e de 4,5 kg<\/li>\n<li>Fabriqu\u00e9 en fibre de carbone<\/li>\n<li>\u00c9cran tactile couleur de 1,4 pouce<\/li>\n<li>Options de montage professionnel<\/li>\n<li>\u00c9quilibre efficace entre les configurations<\/li>\n<li>Dur\u00e9e de fonctionnement maximale de 12 heures<\/li>\n<li>Comprend une molette de mise au point et un transmetteur d'images RavenEye<\/li>\n<\/ul>","protected":false},"featured_media":7054,"template":"","meta":{"_acf_changed":false},"product_brand":[],"product_cat":[410,97,265,809],"product_tag":[],"class_list":{"0":"post-7059","1":"product","2":"type-product","3":"status-publish","4":"has-post-thumbnail","6":"product_cat-alle-handheld-gimbals","7":"product_cat-alle-producten","8":"product_cat-dji-ronin","9":"product_cat-dji-ronin-rs-2","10":"product_shipping_class-outofstock","11":"pa_brand-dji","12":"pa_productfamily-gimbal","13":"pa_producttype-gimbal","14":"pa_series-ronin-rs-2","16":"first","17":"outofstock","18":"taxable","19":"shipping-taxable","20":"purchasable","21":"product-type-simple"},"acf":[],"yoast_head":"<!-- This site is optimized with the Yoast SEO Premium plugin v27.2 (Yoast SEO v27.2) - https:\/\/yoast.com\/product\/yoast-seo-premium-wordpress\/ -->\n<title>DJI RS 2 Pro Combo - koningdrone.be<\/title>\n<meta name=\"robots\" content=\"index, follow, max-snippet:-1, max-image-preview:large, max-video-preview:-1\" \/>\n<link rel=\"canonical\" href=\"https:\/\/koningdrone.be\/fr\/produit\/dji-rs-2-pro-combo\/\" \/>\n<meta property=\"og:locale\" content=\"fr_FR\" \/>\n<meta property=\"og:type\" content=\"article\" \/>\n<meta property=\"og:title\" content=\"DJI RS 2 Pro Combo\" \/>\n<meta property=\"og:description\" content=\"RS 2 Pro Combo uitvoering4.5kg getest draagvermogenGemaakt van carbonfiber1.4 inch kleuren touchscreenProfessionele montage-optiesEffici\u00ebnte balans tussen set-upsMaximale bedrijfsduur van 12 uurInclusief focuswiel en RavenEye beeldzender\" \/>\n<meta property=\"og:url\" content=\"https:\/\/koningdrone.be\/fr\/produit\/dji-rs-2-pro-combo\/\" \/>\n<meta property=\"og:site_name\" content=\"koningdrone.be\" \/>\n<meta property=\"article:modified_time\" content=\"2026-04-29T13:30:59+00:00\" \/>\n<meta property=\"og:image\" content=\"https:\/\/koningdrone.be\/wp-content\/uploads\/sites\/13\/2025\/04\/6941565901569-1.jpg\" \/>\n\t<meta property=\"og:image:width\" content=\"600\" \/>\n\t<meta property=\"og:image:height\" content=\"600\" \/>\n\t<meta property=\"og:image:type\" content=\"image\/jpeg\" \/>\n<meta name=\"twitter:card\" content=\"summary_large_image\" \/>\n<meta name=\"twitter:label1\" content=\"Dur\u00e9e de lecture est.\" \/>\n\t<meta name=\"twitter:data1\" content=\"3 minutes\" \/>\n<script type=\"application\/ld+json\" class=\"yoast-schema-graph\">{\"@context\":\"https:\/\/schema.org\",\"@graph\":[{\"@type\":\"WebPage\",\"@id\":\"https:\/\/koningdrone.be\/product\/dji-rs-2-pro-combo\/\",\"url\":\"https:\/\/koningdrone.be\/product\/dji-rs-2-pro-combo\/\",\"name\":\"DJI RS 2 Pro Combo - koningdrone.be\",\"isPartOf\":{\"@id\":\"https:\/\/koningdrone.be\/#website\"},\"primaryImageOfPage\":{\"@id\":\"https:\/\/koningdrone.be\/product\/dji-rs-2-pro-combo\/#primaryimage\"},\"image\":{\"@id\":\"https:\/\/koningdrone.be\/product\/dji-rs-2-pro-combo\/#primaryimage\"},\"thumbnailUrl\":\"https:\/\/koningdrone.be\/wp-content\/uploads\/sites\/13\/2025\/04\/6941565901569-1.jpg\",\"datePublished\":\"2020-10-19T10:41:05+00:00\",\"dateModified\":\"2026-04-29T13:30:59+00:00\",\"breadcrumb\":{\"@id\":\"https:\/\/koningdrone.be\/product\/dji-rs-2-pro-combo\/#breadcrumb\"},\"inLanguage\":\"fr-BE\",\"potentialAction\":[{\"@type\":\"ReadAction\",\"target\":[\"https:\/\/koningdrone.be\/product\/dji-rs-2-pro-combo\/\"]}]},{\"@type\":\"ImageObject\",\"inLanguage\":\"fr-BE\",\"@id\":\"https:\/\/koningdrone.be\/product\/dji-rs-2-pro-combo\/#primaryimage\",\"url\":\"https:\/\/koningdrone.be\/wp-content\/uploads\/sites\/13\/2025\/04\/6941565901569-1.jpg\",\"contentUrl\":\"https:\/\/koningdrone.be\/wp-content\/uploads\/sites\/13\/2025\/04\/6941565901569-1.jpg\",\"width\":600,\"height\":600},{\"@type\":\"BreadcrumbList\",\"@id\":\"https:\/\/koningdrone.be\/product\/dji-rs-2-pro-combo\/#breadcrumb\",\"itemListElement\":[{\"@type\":\"ListItem\",\"position\":1,\"name\":\"Home\",\"item\":\"https:\/\/koningdrone.be\/\"},{\"@type\":\"ListItem\",\"position\":2,\"name\":\"AVSS Parachute Recovery System for DJI Matrice 300\/350\",\"item\":\"https:\/\/koningdrone.be\/product\/avss-parachute-recovery-system-for-dji-matrice-300-350\/\"},{\"@type\":\"ListItem\",\"position\":3,\"name\":\"Alle handheld gimbals\",\"item\":\"https:\/\/koningdrone.be\/categorie\/alle-handheld-gimbals\/\"},{\"@type\":\"ListItem\",\"position\":4,\"name\":\"DJI RS 2 Pro Combo\"}]},{\"@type\":\"WebSite\",\"@id\":\"https:\/\/koningdrone.be\/#website\",\"url\":\"https:\/\/koningdrone.be\/\",\"name\":\"Koningdrone.be - Uw online specialist in drones, gimbals, camera's en power stations.\",\"description\":\"De webshop in drones en gimbals\",\"publisher\":{\"@id\":\"https:\/\/koningdrone.be\/#organization\"},\"potentialAction\":[{\"@type\":\"SearchAction\",\"target\":{\"@type\":\"EntryPoint\",\"urlTemplate\":\"https:\/\/koningdrone.be\/?s={search_term_string}\"},\"query-input\":{\"@type\":\"PropertyValueSpecification\",\"valueRequired\":true,\"valueName\":\"search_term_string\"}}],\"inLanguage\":\"fr-BE\"},{\"@type\":\"Organization\",\"@id\":\"https:\/\/koningdrone.be\/#organization\",\"name\":\"Koningdrone.be\",\"url\":\"https:\/\/koningdrone.be\/\",\"logo\":{\"@type\":\"ImageObject\",\"inLanguage\":\"fr-BE\",\"@id\":\"https:\/\/koningdrone.be\/#\/schema\/logo\/image\/\",\"url\":\"https:\/\/koningdrone.be\/wp-content\/uploads\/sites\/13\/2025\/04\/koningdrone-copyright-logo.svg\",\"contentUrl\":\"https:\/\/koningdrone.be\/wp-content\/uploads\/sites\/13\/2025\/04\/koningdrone-copyright-logo.svg\",\"width\":227,\"height\":38,\"caption\":\"Koningdrone.be\"},\"image\":{\"@id\":\"https:\/\/koningdrone.be\/#\/schema\/logo\/image\/\"}}]}<\/script>\n<!-- \/ Yoast SEO Premium plugin. -->","yoast_head_json":{"title":"DJI RS 2 Pro Combo - koningdrone.be","robots":{"index":"index","follow":"follow","max-snippet":"max-snippet:-1","max-image-preview":"max-image-preview:large","max-video-preview":"max-video-preview:-1"},"canonical":"https:\/\/koningdrone.be\/fr\/produit\/dji-rs-2-pro-combo\/","og_locale":"fr_FR","og_type":"article","og_title":"DJI RS 2 Pro Combo","og_description":"RS 2 Pro Combo uitvoering4.5kg getest draagvermogenGemaakt van carbonfiber1.4 inch kleuren touchscreenProfessionele montage-optiesEffici\u00ebnte balans tussen set-upsMaximale bedrijfsduur van 12 uurInclusief focuswiel en RavenEye beeldzender","og_url":"https:\/\/koningdrone.be\/fr\/produit\/dji-rs-2-pro-combo\/","og_site_name":"koningdrone.be","article_modified_time":"2026-04-29T13:30:59+00:00","og_image":[{"width":600,"height":600,"url":"https:\/\/koningdrone.be\/wp-content\/uploads\/sites\/13\/2025\/04\/6941565901569-1.jpg","type":"image\/jpeg"}],"twitter_card":"summary_large_image","twitter_misc":{"Dur\u00e9e de lecture est.":"3 minutes"},"schema":{"@context":"https:\/\/schema.org","@graph":[{"@type":"WebPage","@id":"https:\/\/koningdrone.be\/product\/dji-rs-2-pro-combo\/","url":"https:\/\/koningdrone.be\/product\/dji-rs-2-pro-combo\/","name":"DJI RS 2 Pro Combo - koningdrone.be","isPartOf":{"@id":"https:\/\/koningdrone.be\/#website"},"primaryImageOfPage":{"@id":"https:\/\/koningdrone.be\/product\/dji-rs-2-pro-combo\/#primaryimage"},"image":{"@id":"https:\/\/koningdrone.be\/product\/dji-rs-2-pro-combo\/#primaryimage"},"thumbnailUrl":"https:\/\/koningdrone.be\/wp-content\/uploads\/sites\/13\/2025\/04\/6941565901569-1.jpg","datePublished":"2020-10-19T10:41:05+00:00","dateModified":"2026-04-29T13:30:59+00:00","breadcrumb":{"@id":"https:\/\/koningdrone.be\/product\/dji-rs-2-pro-combo\/#breadcrumb"},"inLanguage":"fr-BE","potentialAction":[{"@type":"ReadAction","target":["https:\/\/koningdrone.be\/product\/dji-rs-2-pro-combo\/"]}]},{"@type":"ImageObject","inLanguage":"fr-BE","@id":"https:\/\/koningdrone.be\/product\/dji-rs-2-pro-combo\/#primaryimage","url":"https:\/\/koningdrone.be\/wp-content\/uploads\/sites\/13\/2025\/04\/6941565901569-1.jpg","contentUrl":"https:\/\/koningdrone.be\/wp-content\/uploads\/sites\/13\/2025\/04\/6941565901569-1.jpg","width":600,"height":600},{"@type":"BreadcrumbList","@id":"https:\/\/koningdrone.be\/product\/dji-rs-2-pro-combo\/#breadcrumb","itemListElement":[{"@type":"ListItem","position":1,"name":"Home","item":"https:\/\/koningdrone.be\/"},{"@type":"ListItem","position":2,"name":"AVSS Parachute Recovery System for DJI Matrice 300\/350","item":"https:\/\/koningdrone.be\/product\/avss-parachute-recovery-system-for-dji-matrice-300-350\/"},{"@type":"ListItem","position":3,"name":"Alle handheld gimbals","item":"https:\/\/koningdrone.be\/categorie\/alle-handheld-gimbals\/"},{"@type":"ListItem","position":4,"name":"DJI RS 2 Pro Combo"}]},{"@type":"WebSite","@id":"https:\/\/koningdrone.be\/#website","url":"https:\/\/koningdrone.be\/","name":"Koningdrone.be - Votre sp\u00e9cialiste en ligne en mati\u00e8re de drones, de cardans, de cam\u00e9ras et de centrales \u00e9lectriques.","description":"La boutique en ligne de drones et de cardans","publisher":{"@id":"https:\/\/koningdrone.be\/#organization"},"potentialAction":[{"@type":"SearchAction","target":{"@type":"EntryPoint","urlTemplate":"https:\/\/koningdrone.be\/?s={search_term_string}"},"query-input":{"@type":"PropertyValueSpecification","valueRequired":true,"valueName":"search_term_string"}}],"inLanguage":"fr-BE"},{"@type":"Organization","@id":"https:\/\/koningdrone.be\/#organization","name":"Kingdrone.co.uk","url":"https:\/\/koningdrone.be\/","logo":{"@type":"ImageObject","inLanguage":"fr-BE","@id":"https:\/\/koningdrone.be\/#\/schema\/logo\/image\/","url":"https:\/\/koningdrone.be\/wp-content\/uploads\/sites\/13\/2025\/04\/koningdrone-copyright-logo.svg","contentUrl":"https:\/\/koningdrone.be\/wp-content\/uploads\/sites\/13\/2025\/04\/koningdrone-copyright-logo.svg","width":227,"height":38,"caption":"Koningdrone.be"},"image":{"@id":"https:\/\/koningdrone.be\/#\/schema\/logo\/image\/"}}]}},"df_price":899.01,"df_sale_price":"","df_regular_price":899.01,"df_image_link":"https:\/\/koningdrone.be\/wp-content\/uploads\/sites\/13\/2025\/04\/6941565901569-1-300x300.jpg","_links":{"self":[{"href":"https:\/\/koningdrone.be\/fr\/wp-json\/wp\/v2\/product\/7059","targetHints":{"allow":["GET"]}}],"collection":[{"href":"https:\/\/koningdrone.be\/fr\/wp-json\/wp\/v2\/product"}],"about":[{"href":"https:\/\/koningdrone.be\/fr\/wp-json\/wp\/v2\/types\/product"}],"wp:featuredmedia":[{"embeddable":true,"href":"https:\/\/koningdrone.be\/fr\/wp-json\/wp\/v2\/media\/7054"}],"wp:attachment":[{"href":"https:\/\/koningdrone.be\/fr\/wp-json\/wp\/v2\/media?parent=7059"}],"wp:term":[{"taxonomy":"product_brand","embeddable":true,"href":"https:\/\/koningdrone.be\/fr\/wp-json\/wp\/v2\/product_brand?post=7059"},{"taxonomy":"product_cat","embeddable":true,"href":"https:\/\/koningdrone.be\/fr\/wp-json\/wp\/v2\/product_cat?post=7059"},{"taxonomy":"product_tag","embeddable":true,"href":"https:\/\/koningdrone.be\/fr\/wp-json\/wp\/v2\/product_tag?post=7059"}],"curies":[{"name":"wp","href":"https:\/\/api.w.org\/{rel}","templated":true}]}}