{"id":7053,"date":"2020-10-24T13:19:21","date_gmt":"2020-10-24T11:19:21","guid":{"rendered":"https:\/\/koningdrone.nl\/kon\/product\/dji-zenmuse-p1\/"},"modified":"2026-04-29T03:50:25","modified_gmt":"2026-04-29T01:50:25","slug":"dji-zenmuse-p1","status":"publish","type":"product","link":"https:\/\/koningdrone.be\/fr\/produit\/dji-zenmuse-p1\/","title":{"rendered":"DJI Zenmuse P1 - Cam\u00e9ra plein format"},"content":{"rendered":"<h3>DJI Zenmuse P1 : la r\u00e9volution de la pr\u00e9cision photogramm\u00e9trique en mode plein cadre<\/h3>\n<p><iframe loading=\"lazy\" title=\"DJI Enterprise Zenmuse P1 - Solution de photogramm\u00e9trie plein cadre\" width=\"800\" height=\"450\" src=\"https:\/\/www.youtube.com\/embed\/HsdnkkuCtV8?feature=oembed&#038;enablejsapi=1&#038;origin=https:\/\/koningdrone.be\" frameborder=\"0\" allow=\"accelerometer; autoplay; clipboard-write; encrypted-media; gyroscope; picture-in-picture; web-share\" referrerpolicy=\"strict-origin-when-cross-origin\" allowfullscreen><\/iframe><\/p>\n<p style=\"margin: 20px 0\">Le <strong>DJI Zenmuse P1<\/strong> marque une nouvelle \u00e8re pour la reconnaissance a\u00e9rienne professionnelle et la cartographie \u00e0 grande \u00e9chelle. En tant que premi\u00e8re charge utile de cam\u00e9ra plein format de DJI d\u00e9velopp\u00e9e sp\u00e9cifiquement pour les applications d'entreprise, le P1 int\u00e8gre une r\u00e9solution sans pr\u00e9c\u00e9dent avec une pr\u00e9cision \u00e0 couper le souffle. Ce syst\u00e8me est la norme incontest\u00e9e pour les g\u00e9om\u00e8tres, les ing\u00e9nieurs et les sp\u00e9cialistes des SIG qui s'efforcent d'obtenir des r\u00e9sultats pr\u00e9cis au centim\u00e8tre pr\u00e8s sans compromettre la vitesse. Combinant une optique de haute qualit\u00e9 et une int\u00e9gration logicielle intelligente, le P1 transforme l'acquisition de donn\u00e9es complexes en un processus industriel rationalis\u00e9.<\/p>\n<p style=\"text-align: center\"><a href=\"https:\/\/koningdrone.nl\/wp-content\/uploads\/2020\/10\/Product-DJI-Zenmuse-P1-Full-frame-Camera.webp\"><img loading=\"lazy\" decoding=\"async\" class=\"size-full wp-image-467219 aligncenter\" src=\"https:\/\/koningdrone.nl\/wp-content\/uploads\/2020\/10\/Product-DJI-Zenmuse-P1-Full-frame-Camera.webp\" alt=\"Product DJI Zenmuse P1 - Full-frame Camera\" width=\"1200\" height=\"800\" \/><\/a><\/p>\n<h4>Imagerie sup\u00e9rieure et perfection m\u00e9canique<\/h4>\n<p>Au c\u0153ur de la Zenmuse P1 se trouve un impressionnant syst\u00e8me d'imagerie. <strong>Capteur CMOS plein cadre de 45 MP<\/strong>. Contrairement aux capteurs plus petits, cette architecture plein format offre une plus grande plage dynamique et une meilleure sensibilit\u00e9 \u00e0 la lumi\u00e8re, ce qui permet d'obtenir des images sans bruit, m\u00eame dans des conditions atmosph\u00e9riques difficiles. L'efficacit\u00e9 de la cartographie repose sur l'int\u00e9gration d'un syst\u00e8me d'imagerie \u00e0 haute r\u00e9solution. <strong>Volet m\u00e9canique mondial<\/strong>, qui \u00e9limine compl\u00e8tement la distorsion redout\u00e9e de l'obturateur \u00e0 roulettes \u00e0 des vitesses de vol allant jusqu'\u00e0 15 m\/s. Combin\u00e9 avec le syst\u00e8me <strong>Fonction de capture oblique intelligente<\/strong>, Gr\u00e2ce au syst\u00e8me de rotation automatique de la rotule, qui permet de prendre des photos sous diff\u00e9rents angles, le P1 fournit les mod\u00e8les 3D les plus d\u00e9taill\u00e9s avec une fraction de l'effort habituel.<\/p>\n<h4>Int\u00e9gration et flexibilit\u00e9 avanc\u00e9es des flux de travail<\/h4>\n<p>La Zenmuse P1 est con\u00e7ue pour fonctionner en toute transparence au sein de l'\u00e9cosyst\u00e8me DJI Enterprise. Gr\u00e2ce au syst\u00e8me TimeSync 2.0, les positions de la cam\u00e9ra, du contr\u00f4leur de vol et du module RTK sont synchronis\u00e9es au niveau de la microseconde, ce qui permet d'obtenir une pr\u00e9cision absolue sans avoir besoin de nombreux points de contr\u00f4le au sol (GCP). Le syst\u00e8me offre une flexibilit\u00e9 maximale gr\u00e2ce \u00e0 la prise en charge de modules interchangeables. <strong>Objectifs DJI DL<\/strong> (24 mm, 35 mm et 50 mm), ce qui permet aux op\u00e9rateurs d'ajuster la distance de mise au point aux exigences sp\u00e9cifiques du terrain. Qu'il s'agisse d'inspections verticales ou de cartographie horizontale, le P1 s'adapte sans effort.<\/p>\n<p style=\"text-align: center\"><a href=\"https:\/\/koningdrone.nl\/wp-content\/uploads\/2020\/10\/DJI-Zenmuse-P1-Full-frame-Camera.webp\"><img loading=\"lazy\" decoding=\"async\" class=\"aligncenter wp-image-467220 size-medium\" src=\"https:\/\/koningdrone.nl\/wp-content\/uploads\/2020\/10\/DJI-Zenmuse-P1-Full-frame-Camera-300x300.webp\" alt=\"DJI Zenmuse P1 - Full-frame Camera\" width=\"300\" height=\"300\" \/><\/a><\/p>\n<h4>Fiabilit\u00e9 et conception industrielles<\/h4>\n<p>Con\u00e7u pour une utilisation intensive sur le terrain, le Zenmuse P1 est dot\u00e9 d'un bo\u00eetier robuste en acier inoxydable de haute qualit\u00e9. <strong>alliage de magn\u00e9sium<\/strong>. Pesant \u00e0 peine 1,2 kg, le drone conserve sa maniabilit\u00e9 et son temps de vol maximal, tandis que le syst\u00e8me d'alarme de l'appareil est activ\u00e9. <strong>Classification IP44<\/strong> offre une protection contre la poussi\u00e8re et les \u00e9claboussures d'eau. Le syst\u00e8me est optimis\u00e9 pour les Matrice 300 et 350 RTK via le DJI SkyPort, ce qui garantit un transfert de donn\u00e9es stable et rapide. Il s'agit d'un instrument con\u00e7u non seulement pour la pr\u00e9cision, mais aussi pour la durabilit\u00e9 requise dans le cadre de projets d'infrastructure pluriannuels.<\/p>","protected":false},"excerpt":{"rendered":"<ul>\n<li>Capteur CMOS 45 MP plein cadre pour une r\u00e9solution maximale<\/li>\n<li>L'obturateur m\u00e9canique r\u00e9duit la distorsion lors des vols rapides<\/li>\n<li>Compatible avec DJI Terra, DJI FlightHub 2 et DJI Pilot 2<\/li>\n<li>Conception robuste et l\u00e9g\u00e8re avec indice de protection IP44<\/li>\n<li>Installation facile gr\u00e2ce \u00e0 la fixation d\u00e9tachable DJI SKYPORT<\/li>\n<\/ul>","protected":false},"featured_media":17043,"template":"","meta":{"_acf_changed":false},"product_brand":[],"product_cat":[298,153,1317,299,115],"product_tag":[],"class_list":{"0":"post-7053","1":"product","2":"type-product","3":"status-publish","4":"has-post-thumbnail","6":"product_cat-alle-industriele-camera","7":"product_cat-dji-matrice-350","8":"product_cat-dji-zenmuse-p1","9":"product_cat-gimbals-en-cameras","10":"product_cat-inspecties-met-drones","11":"product_shipping_class-uavspacesshowall","12":"pa_brand-dji","13":"pa_producttype-bedrijfscamera-payload","14":"pa_series-zenmuse","16":"first","17":"instock","18":"taxable","19":"shipping-taxable","20":"purchasable","21":"product-type-simple"},"acf":[],"yoast_head":"<!-- This site is optimized with the Yoast SEO Premium plugin v27.2 (Yoast SEO v27.2) - https:\/\/yoast.com\/product\/yoast-seo-premium-wordpress\/ -->\n<title>DJI Zenmuse P1 - Full-frame Camera - koningdrone.be<\/title>\n<meta name=\"robots\" content=\"index, follow, max-snippet:-1, max-image-preview:large, max-video-preview:-1\" \/>\n<link rel=\"canonical\" href=\"https:\/\/koningdrone.be\/fr\/produit\/dji-zenmuse-p1\/\" \/>\n<meta property=\"og:locale\" content=\"fr_FR\" \/>\n<meta property=\"og:type\" content=\"article\" \/>\n<meta property=\"og:title\" content=\"DJI Zenmuse P1 - Full-frame Camera\" \/>\n<meta property=\"og:description\" content=\"Volledige frame 45\u202fMP CMOS-sensor voor maximale resolutie  Mechanische sluiter vermindert vervorming bij snelle vluchten  Compatibel met DJI Terra, DJI FlightHub 2 en DJI Pilot 2  Robuust, lichtgewicht ontwerp met IP44\u2011classificatie  Eenvoudige installatie via afneembare DJI SKYPORT-montage\" \/>\n<meta property=\"og:url\" content=\"https:\/\/koningdrone.be\/fr\/produit\/dji-zenmuse-p1\/\" \/>\n<meta property=\"og:site_name\" content=\"koningdrone.be\" \/>\n<meta property=\"article:modified_time\" content=\"2026-04-29T01:50:25+00:00\" \/>\n<meta property=\"og:image\" content=\"https:\/\/koningdrone.be\/wp-content\/uploads\/sites\/13\/2026\/03\/DJI-Zenmuse-P1-Full-frame-Camera-Product.webp\" \/>\n\t<meta property=\"og:image:width\" content=\"2048\" \/>\n\t<meta property=\"og:image:height\" content=\"2048\" \/>\n\t<meta property=\"og:image:type\" content=\"image\/webp\" \/>\n<meta name=\"twitter:card\" content=\"summary_large_image\" \/>\n<meta name=\"twitter:label1\" content=\"Dur\u00e9e de lecture est.\" \/>\n\t<meta name=\"twitter:data1\" content=\"2 minutes\" \/>\n<script type=\"application\/ld+json\" class=\"yoast-schema-graph\">{\"@context\":\"https:\/\/schema.org\",\"@graph\":[{\"@type\":\"WebPage\",\"@id\":\"https:\/\/koningdrone.be\/product\/dji-zenmuse-p1\/\",\"url\":\"https:\/\/koningdrone.be\/product\/dji-zenmuse-p1\/\",\"name\":\"DJI Zenmuse P1 - Full-frame Camera - koningdrone.be\",\"isPartOf\":{\"@id\":\"https:\/\/koningdrone.be\/#website\"},\"primaryImageOfPage\":{\"@id\":\"https:\/\/koningdrone.be\/product\/dji-zenmuse-p1\/#primaryimage\"},\"image\":{\"@id\":\"https:\/\/koningdrone.be\/product\/dji-zenmuse-p1\/#primaryimage\"},\"thumbnailUrl\":\"https:\/\/koningdrone.be\/wp-content\/uploads\/sites\/13\/2026\/03\/DJI-Zenmuse-P1-Full-frame-Camera-Product.webp\",\"datePublished\":\"2020-10-24T11:19:21+00:00\",\"dateModified\":\"2026-04-29T01:50:25+00:00\",\"breadcrumb\":{\"@id\":\"https:\/\/koningdrone.be\/product\/dji-zenmuse-p1\/#breadcrumb\"},\"inLanguage\":\"fr-BE\",\"potentialAction\":[{\"@type\":\"ReadAction\",\"target\":[\"https:\/\/koningdrone.be\/product\/dji-zenmuse-p1\/\"]}]},{\"@type\":\"ImageObject\",\"inLanguage\":\"fr-BE\",\"@id\":\"https:\/\/koningdrone.be\/product\/dji-zenmuse-p1\/#primaryimage\",\"url\":\"https:\/\/koningdrone.be\/wp-content\/uploads\/sites\/13\/2026\/03\/DJI-Zenmuse-P1-Full-frame-Camera-Product.webp\",\"contentUrl\":\"https:\/\/koningdrone.be\/wp-content\/uploads\/sites\/13\/2026\/03\/DJI-Zenmuse-P1-Full-frame-Camera-Product.webp\",\"width\":2048,\"height\":2048},{\"@type\":\"BreadcrumbList\",\"@id\":\"https:\/\/koningdrone.be\/product\/dji-zenmuse-p1\/#breadcrumb\",\"itemListElement\":[{\"@type\":\"ListItem\",\"position\":1,\"name\":\"Home\",\"item\":\"https:\/\/koningdrone.be\/\"},{\"@type\":\"ListItem\",\"position\":2,\"name\":\"AVSS Parachute Recovery System for DJI Matrice 300\/350\",\"item\":\"https:\/\/koningdrone.be\/product\/avss-parachute-recovery-system-for-dji-matrice-300-350\/\"},{\"@type\":\"ListItem\",\"position\":3,\"name\":\"Alle industriele camera\",\"item\":\"https:\/\/koningdrone.be\/categorie\/alle-industriele-camera\/\"},{\"@type\":\"ListItem\",\"position\":4,\"name\":\"DJI Zenmuse P1 &#8211; Full-frame Camera\"}]},{\"@type\":\"WebSite\",\"@id\":\"https:\/\/koningdrone.be\/#website\",\"url\":\"https:\/\/koningdrone.be\/\",\"name\":\"Koningdrone.be - Uw online specialist in drones, gimbals, camera's en power stations.\",\"description\":\"De webshop in drones en gimbals\",\"publisher\":{\"@id\":\"https:\/\/koningdrone.be\/#organization\"},\"potentialAction\":[{\"@type\":\"SearchAction\",\"target\":{\"@type\":\"EntryPoint\",\"urlTemplate\":\"https:\/\/koningdrone.be\/?s={search_term_string}\"},\"query-input\":{\"@type\":\"PropertyValueSpecification\",\"valueRequired\":true,\"valueName\":\"search_term_string\"}}],\"inLanguage\":\"fr-BE\"},{\"@type\":\"Organization\",\"@id\":\"https:\/\/koningdrone.be\/#organization\",\"name\":\"Koningdrone.be\",\"url\":\"https:\/\/koningdrone.be\/\",\"logo\":{\"@type\":\"ImageObject\",\"inLanguage\":\"fr-BE\",\"@id\":\"https:\/\/koningdrone.be\/#\/schema\/logo\/image\/\",\"url\":\"https:\/\/koningdrone.be\/wp-content\/uploads\/sites\/13\/2025\/04\/koningdrone-copyright-logo.svg\",\"contentUrl\":\"https:\/\/koningdrone.be\/wp-content\/uploads\/sites\/13\/2025\/04\/koningdrone-copyright-logo.svg\",\"width\":227,\"height\":38,\"caption\":\"Koningdrone.be\"},\"image\":{\"@id\":\"https:\/\/koningdrone.be\/#\/schema\/logo\/image\/\"}}]}<\/script>\n<!-- \/ Yoast SEO Premium plugin. -->","yoast_head_json":{"title":"DJI Zenmuse P1 - Full-frame Camera - koningdrone.be","robots":{"index":"index","follow":"follow","max-snippet":"max-snippet:-1","max-image-preview":"max-image-preview:large","max-video-preview":"max-video-preview:-1"},"canonical":"https:\/\/koningdrone.be\/fr\/produit\/dji-zenmuse-p1\/","og_locale":"fr_FR","og_type":"article","og_title":"DJI Zenmuse P1 - Full-frame Camera","og_description":"Volledige frame 45\u202fMP CMOS-sensor voor maximale resolutie  Mechanische sluiter vermindert vervorming bij snelle vluchten  Compatibel met DJI Terra, DJI FlightHub 2 en DJI Pilot 2  Robuust, lichtgewicht ontwerp met IP44\u2011classificatie  Eenvoudige installatie via afneembare DJI SKYPORT-montage","og_url":"https:\/\/koningdrone.be\/fr\/produit\/dji-zenmuse-p1\/","og_site_name":"koningdrone.be","article_modified_time":"2026-04-29T01:50:25+00:00","og_image":[{"width":2048,"height":2048,"url":"https:\/\/koningdrone.be\/wp-content\/uploads\/sites\/13\/2026\/03\/DJI-Zenmuse-P1-Full-frame-Camera-Product.webp","type":"image\/webp"}],"twitter_card":"summary_large_image","twitter_misc":{"Dur\u00e9e de lecture est.":"2 minutes"},"schema":{"@context":"https:\/\/schema.org","@graph":[{"@type":"WebPage","@id":"https:\/\/koningdrone.be\/product\/dji-zenmuse-p1\/","url":"https:\/\/koningdrone.be\/product\/dji-zenmuse-p1\/","name":"DJI Zenmuse P1 - Full-frame Camera - koningdrone.be","isPartOf":{"@id":"https:\/\/koningdrone.be\/#website"},"primaryImageOfPage":{"@id":"https:\/\/koningdrone.be\/product\/dji-zenmuse-p1\/#primaryimage"},"image":{"@id":"https:\/\/koningdrone.be\/product\/dji-zenmuse-p1\/#primaryimage"},"thumbnailUrl":"https:\/\/koningdrone.be\/wp-content\/uploads\/sites\/13\/2026\/03\/DJI-Zenmuse-P1-Full-frame-Camera-Product.webp","datePublished":"2020-10-24T11:19:21+00:00","dateModified":"2026-04-29T01:50:25+00:00","breadcrumb":{"@id":"https:\/\/koningdrone.be\/product\/dji-zenmuse-p1\/#breadcrumb"},"inLanguage":"fr-BE","potentialAction":[{"@type":"ReadAction","target":["https:\/\/koningdrone.be\/product\/dji-zenmuse-p1\/"]}]},{"@type":"ImageObject","inLanguage":"fr-BE","@id":"https:\/\/koningdrone.be\/product\/dji-zenmuse-p1\/#primaryimage","url":"https:\/\/koningdrone.be\/wp-content\/uploads\/sites\/13\/2026\/03\/DJI-Zenmuse-P1-Full-frame-Camera-Product.webp","contentUrl":"https:\/\/koningdrone.be\/wp-content\/uploads\/sites\/13\/2026\/03\/DJI-Zenmuse-P1-Full-frame-Camera-Product.webp","width":2048,"height":2048},{"@type":"BreadcrumbList","@id":"https:\/\/koningdrone.be\/product\/dji-zenmuse-p1\/#breadcrumb","itemListElement":[{"@type":"ListItem","position":1,"name":"Home","item":"https:\/\/koningdrone.be\/"},{"@type":"ListItem","position":2,"name":"AVSS Parachute Recovery System for DJI Matrice 300\/350","item":"https:\/\/koningdrone.be\/product\/avss-parachute-recovery-system-for-dji-matrice-300-350\/"},{"@type":"ListItem","position":3,"name":"Alle industriele camera","item":"https:\/\/koningdrone.be\/categorie\/alle-industriele-camera\/"},{"@type":"ListItem","position":4,"name":"DJI Zenmuse P1 &#8211; Full-frame Camera"}]},{"@type":"WebSite","@id":"https:\/\/koningdrone.be\/#website","url":"https:\/\/koningdrone.be\/","name":"Koningdrone.be - Votre sp\u00e9cialiste en ligne en mati\u00e8re de drones, de cardans, de cam\u00e9ras et de centrales \u00e9lectriques.","description":"La boutique en ligne de drones et de cardans","publisher":{"@id":"https:\/\/koningdrone.be\/#organization"},"potentialAction":[{"@type":"SearchAction","target":{"@type":"EntryPoint","urlTemplate":"https:\/\/koningdrone.be\/?s={search_term_string}"},"query-input":{"@type":"PropertyValueSpecification","valueRequired":true,"valueName":"search_term_string"}}],"inLanguage":"fr-BE"},{"@type":"Organization","@id":"https:\/\/koningdrone.be\/#organization","name":"Kingdrone.co.uk","url":"https:\/\/koningdrone.be\/","logo":{"@type":"ImageObject","inLanguage":"fr-BE","@id":"https:\/\/koningdrone.be\/#\/schema\/logo\/image\/","url":"https:\/\/koningdrone.be\/wp-content\/uploads\/sites\/13\/2025\/04\/koningdrone-copyright-logo.svg","contentUrl":"https:\/\/koningdrone.be\/wp-content\/uploads\/sites\/13\/2025\/04\/koningdrone-copyright-logo.svg","width":227,"height":38,"caption":"Koningdrone.be"},"image":{"@id":"https:\/\/koningdrone.be\/#\/schema\/logo\/image\/"}}]}},"df_price":6009,"df_sale_price":"","df_regular_price":6009,"df_image_link":"https:\/\/koningdrone.be\/wp-content\/uploads\/sites\/13\/2026\/03\/DJI-Zenmuse-P1-Full-frame-Camera-Product-300x300.webp","_links":{"self":[{"href":"https:\/\/koningdrone.be\/fr\/wp-json\/wp\/v2\/product\/7053","targetHints":{"allow":["GET"]}}],"collection":[{"href":"https:\/\/koningdrone.be\/fr\/wp-json\/wp\/v2\/product"}],"about":[{"href":"https:\/\/koningdrone.be\/fr\/wp-json\/wp\/v2\/types\/product"}],"wp:featuredmedia":[{"embeddable":true,"href":"https:\/\/koningdrone.be\/fr\/wp-json\/wp\/v2\/media\/17043"}],"wp:attachment":[{"href":"https:\/\/koningdrone.be\/fr\/wp-json\/wp\/v2\/media?parent=7053"}],"wp:term":[{"taxonomy":"product_brand","embeddable":true,"href":"https:\/\/koningdrone.be\/fr\/wp-json\/wp\/v2\/product_brand?post=7053"},{"taxonomy":"product_cat","embeddable":true,"href":"https:\/\/koningdrone.be\/fr\/wp-json\/wp\/v2\/product_cat?post=7053"},{"taxonomy":"product_tag","embeddable":true,"href":"https:\/\/koningdrone.be\/fr\/wp-json\/wp\/v2\/product_tag?post=7053"}],"curies":[{"name":"wp","href":"https:\/\/api.w.org\/{rel}","templated":true}]}}