{"id":7037,"date":"2020-11-10T16:17:57","date_gmt":"2020-11-10T15:17:57","guid":{"rendered":"https:\/\/koningdrone.nl\/kon\/product\/dji-pocket-2-creator-combo\/"},"modified":"2026-04-29T15:30:58","modified_gmt":"2026-04-29T13:30:58","slug":"dji-pocket-2-creator-combo","status":"publish","type":"product","link":"https:\/\/koningdrone.be\/fr\/produit\/dji-pocket-2-creator-combo\/","title":{"rendered":"DJI Pocket 2 Creator Combo"},"content":{"rendered":"<h1>DJI Pocket 2 Creator Combo<\/h1>\n<p>La DJI Pocket 2 tient parfaitement dans votre main, votre sac ou votre poche et vous pouvez l'emmener partout. Lorsque votre voyage commence ou que quelque chose attire soudainement votre attention, la Pocket 2 est pr\u00eate \u00e0 tout capturer.<\/p>\n<p><strong>Capture rapide - Capture \u00e0 une main<\/strong><\/p>\n<p>Commencez \u00e0 photographier en une seconde pour capturer des photos et des vid\u00e9os \u00e0 la vitesse de la vie.<\/p>\n<p>Les effets glamour vous permettent de toujours partager votre meilleur selfie. Avec un angle de vue de 93\u00b0, le Pocket 2 permet une capture plus flexible et des clich\u00e9s parfaitement compos\u00e9s pour les m\u00e9dias sociaux.<\/p>\n<p><strong>Panorama haute d\u00e9finition<\/strong><br \/>\nCliquez ici pour voir toute la cha\u00eene de montagnes avec un panorama \u00e0 180\u00b0 ou pour prendre un selfie de groupe avec un panorama 3\u00d73. Vous n'en reviendrez pas qu'un si petit appareil photo puisse prendre une si grande photo.<\/p>\n<p><strong>ActiveTrack 3.0<\/strong><br \/>\nQuelle que soit la mani\u00e8re dont vous vous d\u00e9placez, le Pocket 2 vous garde, vous et vos amis, dans le coup gr\u00e2ce \u00e0 ActiveTrack 3.0.<\/p>\n<p><strong>Timelapse<\/strong><br \/>\nTimelapse vous permet de transformer des heures en secondes. Motionlapse ajoute des mouvements de cam\u00e9ra fluides. Hyperlapse utilise le SIE pour conserver une image stable pendant que vous voyagez dans le temps.<\/p>\n<p><strong>Mode histoire<\/strong><br \/>\nLe mode Histoire utilise des mod\u00e8les vid\u00e9o et musicaux pour cr\u00e9er des mini-films passionnants en quelques clics.<\/p>\n<p><strong>R\u00e9dacteur AI<\/strong><br \/>\nVous n'aimez pas le montage ? AI Editor combine automatiquement vos clips avec des transitions et de la musique pour cr\u00e9er un contenu digne d'\u00eatre partag\u00e9.<\/p>\n<p><strong>Stabilisateur de cam\u00e9ra avanc\u00e9 - Stabilisation motoris\u00e9e<\/strong><\/p>\n<p>Quel est le secret de la DJI Pocket 2 ? Un cardan \u00e0 3 axes stabilise la cam\u00e9ra pour des mouvements vid\u00e9o fluides. Cette technologie est \u00e9galement id\u00e9ale pour la photographie cr\u00e9ative, notamment pour les prises de vue \u00e0 main lev\u00e9e en pose longue.<\/p>\n<p>Qualit\u00e9 de l'image<br \/>\n1 \/ Capteur de 1,7 pouce<br \/>\n64MP Photo<br \/>\nVid\u00e9o 4K \/ 60fps<br \/>\nHybride AF 2.0<\/p>\n<p><strong>Vid\u00e9o HDR<\/strong><br \/>\nUne belle vie est pleine de couleurs, alors montrez-la. Avec la vid\u00e9o HDR, le Pocket 2 s\u00e9pare l'exposition par zone et superpose les couches de l'image, de sorte que les images ressortent avec des d\u00e9tails plus vrais que nature.<\/p>\n<p><strong>Zoom 8x<\/strong><br \/>\nSi vous \u00eates \u00e0 la recherche d'un niveau de d\u00e9tail exceptionnel, le Pocket 2 est dingue. En prenant des photos de 64MP, l'appareil photo stabilis\u00e9 prend des clich\u00e9s nets avec un zoom 8x.<\/p>\n<p><strong>Audio - Vid\u00e9o incroyable, son immersif<\/strong><\/p>\n<p>La technologie DJI Matrix Stereo capture le son avec tant de d\u00e9tails r\u00e9els qu'elle vous fait revivre la sc\u00e8ne.<\/p>\n<p><strong>Enregistrement st\u00e9r\u00e9o<\/strong><br \/>\nQuatre microphones situ\u00e9s sur la poign\u00e9e fournissent un son surround, vous permettant de revivre la magie.<\/p>\n<p><strong>Bande originale<\/strong><br \/>\nPocket 2 R\u00e8gle la direction de l'am\u00e9lioration audio, o\u00f9 l'appareil photo est point\u00e9, de mani\u00e8re \u00e0 ce que le sujet puisse \u00eatre entendu clairement.<\/p>\n<p><strong>Audio directionnelle<\/strong><br \/>\nPocket 2 vous permet d'\u00e9mettre trois sons diff\u00e9rents pour personnaliser la sc\u00e8ne.<\/p>","protected":false},"excerpt":{"rendered":"<ul>\n<li>Format de poche<\/li>\n<li>Cam\u00e9ra stabilis\u00e9e sur 3 axes<\/li>\n<li>ActiveTrack 3.0<\/li>\n<li>R\u00e9dacteur AI<\/li>\n<li>Excellente qualit\u00e9 d'image<\/li>\n<li>DJI Matrix Stereo<\/li>\n<li>Format de poche - Petite cam\u00e9ra \u00e0 cardan, grands moments<\/li>\n<\/ul>","protected":false},"featured_media":6836,"template":"","meta":{"_acf_changed":false},"product_brand":[],"product_cat":[315,410,97,297,804],"product_tag":[],"class_list":{"0":"post-7037","1":"product","2":"type-product","3":"status-publish","4":"has-post-thumbnail","6":"product_cat-alle-gimbals-en-cameras","7":"product_cat-alle-handheld-gimbals","8":"product_cat-alle-producten","9":"product_cat-dji-osmo","10":"product_cat-dji-pocket-2","11":"product_shipping_class-outofstock","12":"pa_brand-dji","13":"pa_productfamily-camera","14":"pa_producttype-camera","15":"pa_series-osmo-pocket","17":"first","18":"outofstock","19":"taxable","20":"shipping-taxable","21":"purchasable","22":"product-type-simple"},"acf":[],"yoast_head":"<!-- This site is optimized with the Yoast SEO Premium plugin v27.2 (Yoast SEO v27.2) - https:\/\/yoast.com\/product\/yoast-seo-premium-wordpress\/ -->\n<title>DJI Pocket 2 Creator Combo - koningdrone.be<\/title>\n<meta name=\"robots\" content=\"index, follow, max-snippet:-1, max-image-preview:large, max-video-preview:-1\" \/>\n<link rel=\"canonical\" href=\"https:\/\/koningdrone.be\/fr\/produit\/dji-pocket-2-creator-combo\/\" \/>\n<meta property=\"og:locale\" content=\"fr_FR\" \/>\n<meta property=\"og:type\" content=\"article\" \/>\n<meta property=\"og:title\" content=\"DJI Pocket 2 Creator Combo\" \/>\n<meta property=\"og:description\" content=\"Zakformaat  3-as gestabiliseerd camera  ActiveTrack 3,0  AI Editor  Uitstekende beeldkwaliteit  DJI Matrix Stereo  Pocket-Sized - Kleine Gimbal Camera, grote momenten\" \/>\n<meta property=\"og:url\" content=\"https:\/\/koningdrone.be\/fr\/produit\/dji-pocket-2-creator-combo\/\" \/>\n<meta property=\"og:site_name\" content=\"koningdrone.be\" \/>\n<meta property=\"article:modified_time\" content=\"2026-04-29T13:30:58+00:00\" \/>\n<meta property=\"og:image\" content=\"https:\/\/koningdrone.be\/wp-content\/uploads\/sites\/13\/2025\/04\/6941565903150-1.jpg\" \/>\n\t<meta property=\"og:image:width\" content=\"600\" \/>\n\t<meta property=\"og:image:height\" content=\"600\" \/>\n\t<meta property=\"og:image:type\" content=\"image\/jpeg\" \/>\n<meta name=\"twitter:card\" content=\"summary_large_image\" \/>\n<meta name=\"twitter:label1\" content=\"Dur\u00e9e de lecture est.\" \/>\n\t<meta name=\"twitter:data1\" content=\"2 minutes\" \/>\n<script type=\"application\/ld+json\" class=\"yoast-schema-graph\">{\"@context\":\"https:\/\/schema.org\",\"@graph\":[{\"@type\":\"WebPage\",\"@id\":\"https:\/\/koningdrone.be\/product\/dji-pocket-2-creator-combo\/\",\"url\":\"https:\/\/koningdrone.be\/product\/dji-pocket-2-creator-combo\/\",\"name\":\"DJI Pocket 2 Creator Combo - koningdrone.be\",\"isPartOf\":{\"@id\":\"https:\/\/koningdrone.be\/#website\"},\"primaryImageOfPage\":{\"@id\":\"https:\/\/koningdrone.be\/product\/dji-pocket-2-creator-combo\/#primaryimage\"},\"image\":{\"@id\":\"https:\/\/koningdrone.be\/product\/dji-pocket-2-creator-combo\/#primaryimage\"},\"thumbnailUrl\":\"https:\/\/koningdrone.be\/wp-content\/uploads\/sites\/13\/2025\/04\/6941565903150-1.jpg\",\"datePublished\":\"2020-11-10T15:17:57+00:00\",\"dateModified\":\"2026-04-29T13:30:58+00:00\",\"breadcrumb\":{\"@id\":\"https:\/\/koningdrone.be\/product\/dji-pocket-2-creator-combo\/#breadcrumb\"},\"inLanguage\":\"fr-BE\",\"potentialAction\":[{\"@type\":\"ReadAction\",\"target\":[\"https:\/\/koningdrone.be\/product\/dji-pocket-2-creator-combo\/\"]}]},{\"@type\":\"ImageObject\",\"inLanguage\":\"fr-BE\",\"@id\":\"https:\/\/koningdrone.be\/product\/dji-pocket-2-creator-combo\/#primaryimage\",\"url\":\"https:\/\/koningdrone.be\/wp-content\/uploads\/sites\/13\/2025\/04\/6941565903150-1.jpg\",\"contentUrl\":\"https:\/\/koningdrone.be\/wp-content\/uploads\/sites\/13\/2025\/04\/6941565903150-1.jpg\",\"width\":600,\"height\":600},{\"@type\":\"BreadcrumbList\",\"@id\":\"https:\/\/koningdrone.be\/product\/dji-pocket-2-creator-combo\/#breadcrumb\",\"itemListElement\":[{\"@type\":\"ListItem\",\"position\":1,\"name\":\"Home\",\"item\":\"https:\/\/koningdrone.be\/\"},{\"@type\":\"ListItem\",\"position\":2,\"name\":\"AVSS Parachute Recovery System for DJI Matrice 300\/350\",\"item\":\"https:\/\/koningdrone.be\/product\/avss-parachute-recovery-system-for-dji-matrice-300-350\/\"},{\"@type\":\"ListItem\",\"position\":3,\"name\":\"Alle gimbals en cameras\",\"item\":\"https:\/\/koningdrone.be\/categorie\/alle-gimbals-en-cameras\/\"},{\"@type\":\"ListItem\",\"position\":4,\"name\":\"DJI Pocket 2 Creator Combo\"}]},{\"@type\":\"WebSite\",\"@id\":\"https:\/\/koningdrone.be\/#website\",\"url\":\"https:\/\/koningdrone.be\/\",\"name\":\"Koningdrone.be - Uw online specialist in drones, gimbals, camera's en power stations.\",\"description\":\"De webshop in drones en gimbals\",\"publisher\":{\"@id\":\"https:\/\/koningdrone.be\/#organization\"},\"potentialAction\":[{\"@type\":\"SearchAction\",\"target\":{\"@type\":\"EntryPoint\",\"urlTemplate\":\"https:\/\/koningdrone.be\/?s={search_term_string}\"},\"query-input\":{\"@type\":\"PropertyValueSpecification\",\"valueRequired\":true,\"valueName\":\"search_term_string\"}}],\"inLanguage\":\"fr-BE\"},{\"@type\":\"Organization\",\"@id\":\"https:\/\/koningdrone.be\/#organization\",\"name\":\"Koningdrone.be\",\"url\":\"https:\/\/koningdrone.be\/\",\"logo\":{\"@type\":\"ImageObject\",\"inLanguage\":\"fr-BE\",\"@id\":\"https:\/\/koningdrone.be\/#\/schema\/logo\/image\/\",\"url\":\"https:\/\/koningdrone.be\/wp-content\/uploads\/sites\/13\/2025\/04\/koningdrone-copyright-logo.svg\",\"contentUrl\":\"https:\/\/koningdrone.be\/wp-content\/uploads\/sites\/13\/2025\/04\/koningdrone-copyright-logo.svg\",\"width\":227,\"height\":38,\"caption\":\"Koningdrone.be\"},\"image\":{\"@id\":\"https:\/\/koningdrone.be\/#\/schema\/logo\/image\/\"}}]}<\/script>\n<!-- \/ Yoast SEO Premium plugin. -->","yoast_head_json":{"title":"DJI Pocket 2 Creator Combo - koningdrone.be","robots":{"index":"index","follow":"follow","max-snippet":"max-snippet:-1","max-image-preview":"max-image-preview:large","max-video-preview":"max-video-preview:-1"},"canonical":"https:\/\/koningdrone.be\/fr\/produit\/dji-pocket-2-creator-combo\/","og_locale":"fr_FR","og_type":"article","og_title":"DJI Pocket 2 Creator Combo","og_description":"Zakformaat  3-as gestabiliseerd camera  ActiveTrack 3,0  AI Editor  Uitstekende beeldkwaliteit  DJI Matrix Stereo  Pocket-Sized - Kleine Gimbal Camera, grote momenten","og_url":"https:\/\/koningdrone.be\/fr\/produit\/dji-pocket-2-creator-combo\/","og_site_name":"koningdrone.be","article_modified_time":"2026-04-29T13:30:58+00:00","og_image":[{"width":600,"height":600,"url":"https:\/\/koningdrone.be\/wp-content\/uploads\/sites\/13\/2025\/04\/6941565903150-1.jpg","type":"image\/jpeg"}],"twitter_card":"summary_large_image","twitter_misc":{"Dur\u00e9e de lecture est.":"2 minutes"},"schema":{"@context":"https:\/\/schema.org","@graph":[{"@type":"WebPage","@id":"https:\/\/koningdrone.be\/product\/dji-pocket-2-creator-combo\/","url":"https:\/\/koningdrone.be\/product\/dji-pocket-2-creator-combo\/","name":"DJI Pocket 2 Creator Combo - koningdrone.be","isPartOf":{"@id":"https:\/\/koningdrone.be\/#website"},"primaryImageOfPage":{"@id":"https:\/\/koningdrone.be\/product\/dji-pocket-2-creator-combo\/#primaryimage"},"image":{"@id":"https:\/\/koningdrone.be\/product\/dji-pocket-2-creator-combo\/#primaryimage"},"thumbnailUrl":"https:\/\/koningdrone.be\/wp-content\/uploads\/sites\/13\/2025\/04\/6941565903150-1.jpg","datePublished":"2020-11-10T15:17:57+00:00","dateModified":"2026-04-29T13:30:58+00:00","breadcrumb":{"@id":"https:\/\/koningdrone.be\/product\/dji-pocket-2-creator-combo\/#breadcrumb"},"inLanguage":"fr-BE","potentialAction":[{"@type":"ReadAction","target":["https:\/\/koningdrone.be\/product\/dji-pocket-2-creator-combo\/"]}]},{"@type":"ImageObject","inLanguage":"fr-BE","@id":"https:\/\/koningdrone.be\/product\/dji-pocket-2-creator-combo\/#primaryimage","url":"https:\/\/koningdrone.be\/wp-content\/uploads\/sites\/13\/2025\/04\/6941565903150-1.jpg","contentUrl":"https:\/\/koningdrone.be\/wp-content\/uploads\/sites\/13\/2025\/04\/6941565903150-1.jpg","width":600,"height":600},{"@type":"BreadcrumbList","@id":"https:\/\/koningdrone.be\/product\/dji-pocket-2-creator-combo\/#breadcrumb","itemListElement":[{"@type":"ListItem","position":1,"name":"Home","item":"https:\/\/koningdrone.be\/"},{"@type":"ListItem","position":2,"name":"AVSS Parachute Recovery System for DJI Matrice 300\/350","item":"https:\/\/koningdrone.be\/product\/avss-parachute-recovery-system-for-dji-matrice-300-350\/"},{"@type":"ListItem","position":3,"name":"Alle gimbals en cameras","item":"https:\/\/koningdrone.be\/categorie\/alle-gimbals-en-cameras\/"},{"@type":"ListItem","position":4,"name":"DJI Pocket 2 Creator Combo"}]},{"@type":"WebSite","@id":"https:\/\/koningdrone.be\/#website","url":"https:\/\/koningdrone.be\/","name":"Koningdrone.be - Votre sp\u00e9cialiste en ligne en mati\u00e8re de drones, de cardans, de cam\u00e9ras et de centrales \u00e9lectriques.","description":"La boutique en ligne de drones et de cardans","publisher":{"@id":"https:\/\/koningdrone.be\/#organization"},"potentialAction":[{"@type":"SearchAction","target":{"@type":"EntryPoint","urlTemplate":"https:\/\/koningdrone.be\/?s={search_term_string}"},"query-input":{"@type":"PropertyValueSpecification","valueRequired":true,"valueName":"search_term_string"}}],"inLanguage":"fr-BE"},{"@type":"Organization","@id":"https:\/\/koningdrone.be\/#organization","name":"Kingdrone.co.uk","url":"https:\/\/koningdrone.be\/","logo":{"@type":"ImageObject","inLanguage":"fr-BE","@id":"https:\/\/koningdrone.be\/#\/schema\/logo\/image\/","url":"https:\/\/koningdrone.be\/wp-content\/uploads\/sites\/13\/2025\/04\/koningdrone-copyright-logo.svg","contentUrl":"https:\/\/koningdrone.be\/wp-content\/uploads\/sites\/13\/2025\/04\/koningdrone-copyright-logo.svg","width":227,"height":38,"caption":"Koningdrone.be"},"image":{"@id":"https:\/\/koningdrone.be\/#\/schema\/logo\/image\/"}}]}},"df_price":509,"df_sale_price":"","df_regular_price":509,"df_image_link":"https:\/\/koningdrone.be\/wp-content\/uploads\/sites\/13\/2025\/04\/6941565903150-1-300x300.jpg","_links":{"self":[{"href":"https:\/\/koningdrone.be\/fr\/wp-json\/wp\/v2\/product\/7037","targetHints":{"allow":["GET"]}}],"collection":[{"href":"https:\/\/koningdrone.be\/fr\/wp-json\/wp\/v2\/product"}],"about":[{"href":"https:\/\/koningdrone.be\/fr\/wp-json\/wp\/v2\/types\/product"}],"wp:featuredmedia":[{"embeddable":true,"href":"https:\/\/koningdrone.be\/fr\/wp-json\/wp\/v2\/media\/6836"}],"wp:attachment":[{"href":"https:\/\/koningdrone.be\/fr\/wp-json\/wp\/v2\/media?parent=7037"}],"wp:term":[{"taxonomy":"product_brand","embeddable":true,"href":"https:\/\/koningdrone.be\/fr\/wp-json\/wp\/v2\/product_brand?post=7037"},{"taxonomy":"product_cat","embeddable":true,"href":"https:\/\/koningdrone.be\/fr\/wp-json\/wp\/v2\/product_cat?post=7037"},{"taxonomy":"product_tag","embeddable":true,"href":"https:\/\/koningdrone.be\/fr\/wp-json\/wp\/v2\/product_tag?post=7037"}],"curies":[{"name":"wp","href":"https:\/\/api.w.org\/{rel}","templated":true}]}}