{"id":7036,"date":"2020-11-10T16:17:57","date_gmt":"2020-11-10T15:17:57","guid":{"rendered":"https:\/\/koningdrone.nl\/kon\/product\/ryze-tello-edu-combo\/"},"modified":"2026-04-29T08:00:49","modified_gmt":"2026-04-29T06:00:49","slug":"ryze-tello-edu-combo","status":"publish","type":"product","link":"https:\/\/koningdrone.be\/fr\/produit\/ryze-tello-edu-combo\/","title":{"rendered":"RYZE Tello EDU Combo"},"content":{"rendered":"<h1>RYZE Tello EDU Combo<\/h1>\n<p>Le Combo Tello EDU comprend 4x le pack Tello. Tello EDU est un drone impressionnant et programmable qui vous permet de vous amuser et d'apprendre la programmation en m\u00eame temps ! Les langages de programmation tels que Scratch, Python et Swift peuvent \u00eatre appris tr\u00e8s facilement. Programmer avec Tello EDU n'a jamais \u00e9t\u00e9 aussi amusant !<\/p>\n<p>M\u00c9GA ESSAIM DE DRONES<br \/>Avec un seul appareil, plusieurs drones Tello EDU peuvent \u00eatre contr\u00f4l\u00e9s simultan\u00e9ment. Un essaim entier de drones Tello EDU peut \u00eatre contr\u00f4l\u00e9 \u00e0 l'aide d'un code passionnant \u00e9crit par l'utilisateur lui-m\u00eame. Faites de grands sauts p\u00e9rilleux au-dessus des plateformes de mission ou ex\u00e9cutez d'autres figures. Am\u00e9liorez vos comp\u00e9tences en programmation tout en repoussant les limites de votre imagination !<\/p>","protected":false},"excerpt":{"rendered":"<ul>\n<li>Vol pr\u00e9cis gr\u00e2ce \u00e0 la technologie de contr\u00f4le de vol de DJI<\/li>\n<li>Apprendre \u00e0 programmer Swift, Scratch ou Python<\/li>\n<li>Programmation des drones en essaims, plateaux de mission<\/li>\n<li>Plus de possibilit\u00e9s de programmation avec le nouveau SDK 2.0<\/li>\n<li>Contr\u00f4le avec l'application Tello Edu sur votre t\u00e9l\u00e9phone portable ou votre iPad<\/li>\n<li>Photos 5 MP et vid\u00e9o 720p avec stabilisation \u00e9lectronique de l'image<\/li>\n<li>Modes de vol multiples<\/li>\n<li>S\u00fbr et facile \u00e0 utiliser<\/li>\n<\/ul>","protected":false},"featured_media":7031,"template":"","meta":{"_acf_changed":false},"product_brand":[],"product_cat":[135,1316,97,136,1151],"product_tag":[],"class_list":{"0":"post-7036","1":"product","2":"type-product","3":"status-publish","4":"has-post-thumbnail","6":"product_cat-alle-drones","7":"product_cat-alle-educatie","8":"product_cat-alle-producten","9":"product_cat-consumer-drones","10":"product_cat-dji-tello","11":"product_shipping_class-outofstock","12":"pa_brand-ryze","13":"pa_productfamily-educatie","14":"pa_producttype-educatie","15":"pa_series-tello-edu","17":"first","18":"outofstock","19":"taxable","20":"shipping-taxable","21":"product-type-simple"},"acf":[],"yoast_head":"<!-- This site is optimized with the Yoast SEO Premium plugin v27.2 (Yoast SEO v27.2) - https:\/\/yoast.com\/product\/yoast-seo-premium-wordpress\/ -->\n<title>RYZE Tello EDU Combo - koningdrone.be<\/title>\n<meta name=\"robots\" content=\"index, follow, max-snippet:-1, max-image-preview:large, max-video-preview:-1\" \/>\n<link rel=\"canonical\" href=\"https:\/\/koningdrone.be\/fr\/produit\/ryze-tello-edu-combo\/\" \/>\n<meta property=\"og:locale\" content=\"fr_FR\" \/>\n<meta property=\"og:type\" content=\"article\" \/>\n<meta property=\"og:title\" content=\"RYZE Tello EDU Combo\" \/>\n<meta property=\"og:description\" content=\"Nauwkeurig vliegen met de vluchtbesturingstechnologie van DJILeer Swift, Scratch of Python programmerenDrones programmeren in zwermen, missiepadsMeer programmeermogelijkheden met de nieuwe SDK 2.0Bedien met de Tello Edu-app op uw mobiele telefoon of iPad5 MP-foto&#039;s en 720p-video met elektronische beeldstabilisatieMeerdere vliegmodiVeilig en gemakkelijk te gebruiken\" \/>\n<meta property=\"og:url\" content=\"https:\/\/koningdrone.be\/fr\/produit\/ryze-tello-edu-combo\/\" \/>\n<meta property=\"og:site_name\" content=\"koningdrone.be\" \/>\n<meta property=\"article:modified_time\" content=\"2026-04-29T06:00:49+00:00\" \/>\n<meta property=\"og:image\" content=\"https:\/\/koningdrone.be\/wp-content\/uploads\/sites\/13\/2025\/04\/4251088421898-1.jpg\" \/>\n\t<meta property=\"og:image:width\" content=\"600\" \/>\n\t<meta property=\"og:image:height\" content=\"375\" \/>\n\t<meta property=\"og:image:type\" content=\"image\/jpeg\" \/>\n<meta name=\"twitter:card\" content=\"summary_large_image\" \/>\n<script type=\"application\/ld+json\" class=\"yoast-schema-graph\">{\"@context\":\"https:\/\/schema.org\",\"@graph\":[{\"@type\":\"WebPage\",\"@id\":\"https:\/\/koningdrone.be\/product\/ryze-tello-edu-combo\/\",\"url\":\"https:\/\/koningdrone.be\/product\/ryze-tello-edu-combo\/\",\"name\":\"RYZE Tello EDU Combo - koningdrone.be\",\"isPartOf\":{\"@id\":\"https:\/\/koningdrone.be\/#website\"},\"primaryImageOfPage\":{\"@id\":\"https:\/\/koningdrone.be\/product\/ryze-tello-edu-combo\/#primaryimage\"},\"image\":{\"@id\":\"https:\/\/koningdrone.be\/product\/ryze-tello-edu-combo\/#primaryimage\"},\"thumbnailUrl\":\"https:\/\/koningdrone.be\/wp-content\/uploads\/sites\/13\/2025\/04\/4251088421898-1.jpg\",\"datePublished\":\"2020-11-10T15:17:57+00:00\",\"dateModified\":\"2026-04-29T06:00:49+00:00\",\"breadcrumb\":{\"@id\":\"https:\/\/koningdrone.be\/product\/ryze-tello-edu-combo\/#breadcrumb\"},\"inLanguage\":\"fr-BE\",\"potentialAction\":[{\"@type\":\"ReadAction\",\"target\":[\"https:\/\/koningdrone.be\/product\/ryze-tello-edu-combo\/\"]}]},{\"@type\":\"ImageObject\",\"inLanguage\":\"fr-BE\",\"@id\":\"https:\/\/koningdrone.be\/product\/ryze-tello-edu-combo\/#primaryimage\",\"url\":\"https:\/\/koningdrone.be\/wp-content\/uploads\/sites\/13\/2025\/04\/4251088421898-1.jpg\",\"contentUrl\":\"https:\/\/koningdrone.be\/wp-content\/uploads\/sites\/13\/2025\/04\/4251088421898-1.jpg\",\"width\":600,\"height\":375},{\"@type\":\"BreadcrumbList\",\"@id\":\"https:\/\/koningdrone.be\/product\/ryze-tello-edu-combo\/#breadcrumb\",\"itemListElement\":[{\"@type\":\"ListItem\",\"position\":1,\"name\":\"Home\",\"item\":\"https:\/\/koningdrone.be\/\"},{\"@type\":\"ListItem\",\"position\":2,\"name\":\"AVSS Parachute Recovery System for DJI Matrice 300\/350\",\"item\":\"https:\/\/koningdrone.be\/product\/avss-parachute-recovery-system-for-dji-matrice-300-350\/\"},{\"@type\":\"ListItem\",\"position\":3,\"name\":\"Alle drones\",\"item\":\"https:\/\/koningdrone.be\/categorie\/alle-drones\/\"},{\"@type\":\"ListItem\",\"position\":4,\"name\":\"RYZE Tello EDU Combo\"}]},{\"@type\":\"WebSite\",\"@id\":\"https:\/\/koningdrone.be\/#website\",\"url\":\"https:\/\/koningdrone.be\/\",\"name\":\"Koningdrone.be - Uw online specialist in drones, gimbals, camera's en power stations.\",\"description\":\"De webshop in drones en gimbals\",\"publisher\":{\"@id\":\"https:\/\/koningdrone.be\/#organization\"},\"potentialAction\":[{\"@type\":\"SearchAction\",\"target\":{\"@type\":\"EntryPoint\",\"urlTemplate\":\"https:\/\/koningdrone.be\/?s={search_term_string}\"},\"query-input\":{\"@type\":\"PropertyValueSpecification\",\"valueRequired\":true,\"valueName\":\"search_term_string\"}}],\"inLanguage\":\"fr-BE\"},{\"@type\":\"Organization\",\"@id\":\"https:\/\/koningdrone.be\/#organization\",\"name\":\"Koningdrone.be\",\"url\":\"https:\/\/koningdrone.be\/\",\"logo\":{\"@type\":\"ImageObject\",\"inLanguage\":\"fr-BE\",\"@id\":\"https:\/\/koningdrone.be\/#\/schema\/logo\/image\/\",\"url\":\"https:\/\/koningdrone.be\/wp-content\/uploads\/sites\/13\/2025\/04\/koningdrone-copyright-logo.svg\",\"contentUrl\":\"https:\/\/koningdrone.be\/wp-content\/uploads\/sites\/13\/2025\/04\/koningdrone-copyright-logo.svg\",\"width\":227,\"height\":38,\"caption\":\"Koningdrone.be\"},\"image\":{\"@id\":\"https:\/\/koningdrone.be\/#\/schema\/logo\/image\/\"}}]}<\/script>\n<!-- \/ Yoast SEO Premium plugin. -->","yoast_head_json":{"title":"RYZE Tello EDU Combo - koningdrone.be","robots":{"index":"index","follow":"follow","max-snippet":"max-snippet:-1","max-image-preview":"max-image-preview:large","max-video-preview":"max-video-preview:-1"},"canonical":"https:\/\/koningdrone.be\/fr\/produit\/ryze-tello-edu-combo\/","og_locale":"fr_FR","og_type":"article","og_title":"RYZE Tello EDU Combo","og_description":"Nauwkeurig vliegen met de vluchtbesturingstechnologie van DJILeer Swift, Scratch of Python programmerenDrones programmeren in zwermen, missiepadsMeer programmeermogelijkheden met de nieuwe SDK 2.0Bedien met de Tello Edu-app op uw mobiele telefoon of iPad5 MP-foto's en 720p-video met elektronische beeldstabilisatieMeerdere vliegmodiVeilig en gemakkelijk te gebruiken","og_url":"https:\/\/koningdrone.be\/fr\/produit\/ryze-tello-edu-combo\/","og_site_name":"koningdrone.be","article_modified_time":"2026-04-29T06:00:49+00:00","og_image":[{"width":600,"height":375,"url":"https:\/\/koningdrone.be\/wp-content\/uploads\/sites\/13\/2025\/04\/4251088421898-1.jpg","type":"image\/jpeg"}],"twitter_card":"summary_large_image","schema":{"@context":"https:\/\/schema.org","@graph":[{"@type":"WebPage","@id":"https:\/\/koningdrone.be\/product\/ryze-tello-edu-combo\/","url":"https:\/\/koningdrone.be\/product\/ryze-tello-edu-combo\/","name":"RYZE Tello EDU Combo - koningdrone.be","isPartOf":{"@id":"https:\/\/koningdrone.be\/#website"},"primaryImageOfPage":{"@id":"https:\/\/koningdrone.be\/product\/ryze-tello-edu-combo\/#primaryimage"},"image":{"@id":"https:\/\/koningdrone.be\/product\/ryze-tello-edu-combo\/#primaryimage"},"thumbnailUrl":"https:\/\/koningdrone.be\/wp-content\/uploads\/sites\/13\/2025\/04\/4251088421898-1.jpg","datePublished":"2020-11-10T15:17:57+00:00","dateModified":"2026-04-29T06:00:49+00:00","breadcrumb":{"@id":"https:\/\/koningdrone.be\/product\/ryze-tello-edu-combo\/#breadcrumb"},"inLanguage":"fr-BE","potentialAction":[{"@type":"ReadAction","target":["https:\/\/koningdrone.be\/product\/ryze-tello-edu-combo\/"]}]},{"@type":"ImageObject","inLanguage":"fr-BE","@id":"https:\/\/koningdrone.be\/product\/ryze-tello-edu-combo\/#primaryimage","url":"https:\/\/koningdrone.be\/wp-content\/uploads\/sites\/13\/2025\/04\/4251088421898-1.jpg","contentUrl":"https:\/\/koningdrone.be\/wp-content\/uploads\/sites\/13\/2025\/04\/4251088421898-1.jpg","width":600,"height":375},{"@type":"BreadcrumbList","@id":"https:\/\/koningdrone.be\/product\/ryze-tello-edu-combo\/#breadcrumb","itemListElement":[{"@type":"ListItem","position":1,"name":"Home","item":"https:\/\/koningdrone.be\/"},{"@type":"ListItem","position":2,"name":"AVSS Parachute Recovery System for DJI Matrice 300\/350","item":"https:\/\/koningdrone.be\/product\/avss-parachute-recovery-system-for-dji-matrice-300-350\/"},{"@type":"ListItem","position":3,"name":"Alle drones","item":"https:\/\/koningdrone.be\/categorie\/alle-drones\/"},{"@type":"ListItem","position":4,"name":"RYZE Tello EDU Combo"}]},{"@type":"WebSite","@id":"https:\/\/koningdrone.be\/#website","url":"https:\/\/koningdrone.be\/","name":"Koningdrone.be - Votre sp\u00e9cialiste en ligne en mati\u00e8re de drones, de cardans, de cam\u00e9ras et de centrales \u00e9lectriques.","description":"La boutique en ligne de drones et de cardans","publisher":{"@id":"https:\/\/koningdrone.be\/#organization"},"potentialAction":[{"@type":"SearchAction","target":{"@type":"EntryPoint","urlTemplate":"https:\/\/koningdrone.be\/?s={search_term_string}"},"query-input":{"@type":"PropertyValueSpecification","valueRequired":true,"valueName":"search_term_string"}}],"inLanguage":"fr-BE"},{"@type":"Organization","@id":"https:\/\/koningdrone.be\/#organization","name":"Kingdrone.co.uk","url":"https:\/\/koningdrone.be\/","logo":{"@type":"ImageObject","inLanguage":"fr-BE","@id":"https:\/\/koningdrone.be\/#\/schema\/logo\/image\/","url":"https:\/\/koningdrone.be\/wp-content\/uploads\/sites\/13\/2025\/04\/koningdrone-copyright-logo.svg","contentUrl":"https:\/\/koningdrone.be\/wp-content\/uploads\/sites\/13\/2025\/04\/koningdrone-copyright-logo.svg","width":227,"height":38,"caption":"Koningdrone.be"},"image":{"@id":"https:\/\/koningdrone.be\/#\/schema\/logo\/image\/"}}]}},"df_price":"","df_sale_price":"","df_regular_price":"","df_image_link":"https:\/\/koningdrone.be\/wp-content\/uploads\/sites\/13\/2025\/04\/4251088421898-1-300x188.jpg","_links":{"self":[{"href":"https:\/\/koningdrone.be\/fr\/wp-json\/wp\/v2\/product\/7036","targetHints":{"allow":["GET"]}}],"collection":[{"href":"https:\/\/koningdrone.be\/fr\/wp-json\/wp\/v2\/product"}],"about":[{"href":"https:\/\/koningdrone.be\/fr\/wp-json\/wp\/v2\/types\/product"}],"wp:featuredmedia":[{"embeddable":true,"href":"https:\/\/koningdrone.be\/fr\/wp-json\/wp\/v2\/media\/7031"}],"wp:attachment":[{"href":"https:\/\/koningdrone.be\/fr\/wp-json\/wp\/v2\/media?parent=7036"}],"wp:term":[{"taxonomy":"product_brand","embeddable":true,"href":"https:\/\/koningdrone.be\/fr\/wp-json\/wp\/v2\/product_brand?post=7036"},{"taxonomy":"product_cat","embeddable":true,"href":"https:\/\/koningdrone.be\/fr\/wp-json\/wp\/v2\/product_cat?post=7036"},{"taxonomy":"product_tag","embeddable":true,"href":"https:\/\/koningdrone.be\/fr\/wp-json\/wp\/v2\/product_tag?post=7036"}],"curies":[{"name":"wp","href":"https:\/\/api.w.org\/{rel}","templated":true}]}}