{"id":6941,"date":"2020-11-10T16:18:35","date_gmt":"2020-11-10T15:18:35","guid":{"rendered":"https:\/\/koningdrone.nl\/kon\/product\/dji-rsc-2\/"},"modified":"2026-04-29T13:20:02","modified_gmt":"2026-04-29T11:20:02","slug":"dji-rsc-2","status":"publish","type":"product","link":"https:\/\/koningdrone.be\/fr\/produit\/dji-rsc-2\/","title":{"rendered":"DJI RSC 2"},"content":{"rendered":"<h1>DJI RSC 2<\/h1>\n<p>Le stabilisateur DJI RSC 2 vous permet de r\u00e9aliser sans effort des vid\u00e9os professionnelles avec votre cam\u00e9ra syst\u00e8me. Ce stabilisateur compact est pliable et dispose de nombreuses fonctions intuitives, ce qui le rend id\u00e9al pour les cin\u00e9astes, les \u00e9quipes d'une seule personne et les cr\u00e9ateurs de contenu. Le stabilisateur lui-m\u00eame ne p\u00e8se que 1300 grammes, mais il peut supporter des cam\u00e9ras pesant jusqu'\u00e0 3 kilogrammes.<\/p>\n<p><strong>Conception pliable<\/strong><br \/>Gr\u00e2ce \u00e0 son design pliable, la DJI RSC 2 est facile \u00e0 ranger et \u00e0 transporter. Avec 6 configurations, le RSC 2 offre de nombreuses options cr\u00e9atives qui simplifient les prises de vue les plus compl\u00e8tes. Une fois pli\u00e9, le stabilisateur n'est pas plus grand qu'une feuille de papier A5, ce qui le rend portable et puissant.<\/p>\n<p><strong>Titan : stabilisation DJI \u00e9volu\u00e9e<\/strong><br \/>Personne ne fabrique des syst\u00e8mes de stabilisation comme DJI. L'algorithme de stabilisation Titan permet de capturer des images plus fluides que jamais. Besoin de plus ? SuperSmooth compense les micro-mouvements et augmente le couple, stabilisant m\u00eame les zooms de 100 mm. SuperSmooth est efficace pour les objectifs d'une longueur focale allant jusqu'\u00e0 100 mm.<\/p>\n<p><strong>Mise au point facile<\/strong><br \/>La molette de mise au point avant permet une mise au point pr\u00e9cise dans tous les environnements, m\u00eame lorsqu'elle est utilis\u00e9e d'une seule main.<\/p>\n<p><strong>Passer rapidement du mode paysage au mode portrait<\/strong><br \/>D'une simple pression, vous pouvez facilement passer en mode portrait pour capturer des images professionnelles pour votre contenu sur les m\u00e9dias sociaux.<\/p>\n<p><strong>ActiveTrack 3.0<\/strong><br \/>Avec ActiveTrack 3.0, la DJI RSC 2 utilise le signal source de la cam\u00e9ra pour suivre votre sujet. Le syst\u00e8me de transfert d'images RavenEye est n\u00e9cessaire pour utiliser ActiveTrack 3.0.<\/p>\n<p><strong>\u00c9cran OLED int\u00e9gr\u00e9<\/strong><br \/>Un \u00e9cran OLED int\u00e9gr\u00e9 de 1 pouce vous permet de contr\u00f4ler l'appareil du bout des doigts.<\/p>\n<p><strong>Longue dur\u00e9e d'utilisation et charge rapide<\/strong><br \/>Chargez moins souvent et prenez des photos plus longues gr\u00e2ce \u00e0 la batterie avanc\u00e9e du RSC 2, qui a une autonomie de 14 heures et prend en charge la charge rapide.<\/p>\n<p><strong>Caract\u00e9ristiques cr\u00e9atives<\/strong><br \/>La DJI RSC 2 dispose de nombreuses fonctions cr\u00e9atives pour tirer le meilleur parti de votre cr\u00e9ativit\u00e9. Timelapse capture le passage du temps avec un cadre stable. Roll 360, faites pivoter votre cam\u00e9ra pour une prise de vue en mouvement. Avec le panoramique stable du cardan, cr\u00e9ez des panoramas gigapixels avec votre appareil photo.<\/p>","protected":false},"excerpt":{"rendered":"<ul>\n<li>Conception pliable<\/li>\n<li>Poids de 1,2 kg \/ Charge utile test\u00e9e de 3 kg<\/li>\n<li>Passage rapide \u00e0 l'enregistrement vertical<\/li>\n<li>\u00c9cran OLED de 1 pouce<\/li>\n<li>Max 14 heures Batteries \u00e0 charge rapide<\/li>\n<li>Algorithme de stabilisation du tempo de Titan<\/li>\n<li>Design pliable - Pliable, compact, \u00e9tonnant<\/li>\n<\/ul>","protected":false},"featured_media":6937,"template":"","meta":{"_acf_changed":false},"product_brand":[],"product_cat":[315,410,97,265,1216],"product_tag":[],"class_list":{"0":"post-6941","1":"product","2":"type-product","3":"status-publish","4":"has-post-thumbnail","6":"product_cat-alle-gimbals-en-cameras","7":"product_cat-alle-handheld-gimbals","8":"product_cat-alle-producten","9":"product_cat-dji-ronin","10":"product_cat-dji-ronin-rsc-2","11":"product_shipping_class-outofstock","12":"pa_brand-dji","13":"pa_productfamily-gimbal","14":"pa_producttype-gimbal","15":"pa_series-ronin-rsc-2","17":"first","18":"outofstock","19":"taxable","20":"shipping-taxable","21":"product-type-simple"},"acf":[],"yoast_head":"<!-- This site is optimized with the Yoast SEO Premium plugin v27.2 (Yoast SEO v27.2) - https:\/\/yoast.com\/product\/yoast-seo-premium-wordpress\/ -->\n<title>DJI RSC 2 - koningdrone.be<\/title>\n<meta name=\"robots\" content=\"index, follow, max-snippet:-1, max-image-preview:large, max-video-preview:-1\" \/>\n<link rel=\"canonical\" href=\"https:\/\/koningdrone.be\/fr\/produit\/dji-rsc-2\/\" \/>\n<meta property=\"og:locale\" content=\"fr_FR\" \/>\n<meta property=\"og:type\" content=\"article\" \/>\n<meta property=\"og:title\" content=\"DJI RSC 2\" \/>\n<meta property=\"og:description\" content=\"Opvouwbaar ontwerp1.2kg Gewicht \/ 3kg Getest PayloadQuick Overschakelen naar verticale opnamen1 &#039;&#039; OLED-schermMax 14 uur Fast-Charge BatterijenTitan tempostabilisatiealgoritmeOpvouwbaar Design - Opvouwbaar, Compact, Verbazend\" \/>\n<meta property=\"og:url\" content=\"https:\/\/koningdrone.be\/fr\/produit\/dji-rsc-2\/\" \/>\n<meta property=\"og:site_name\" content=\"koningdrone.be\" \/>\n<meta property=\"article:modified_time\" content=\"2026-04-29T11:20:02+00:00\" \/>\n<meta property=\"og:image\" content=\"https:\/\/koningdrone.be\/wp-content\/uploads\/sites\/13\/2025\/04\/6941565903020-1.jpg\" \/>\n\t<meta property=\"og:image:width\" content=\"600\" \/>\n\t<meta property=\"og:image:height\" content=\"600\" \/>\n\t<meta property=\"og:image:type\" content=\"image\/jpeg\" \/>\n<meta name=\"twitter:card\" content=\"summary_large_image\" \/>\n<meta name=\"twitter:label1\" content=\"Dur\u00e9e de lecture est.\" \/>\n\t<meta name=\"twitter:data1\" content=\"2 minutes\" \/>\n<script type=\"application\/ld+json\" class=\"yoast-schema-graph\">{\"@context\":\"https:\/\/schema.org\",\"@graph\":[{\"@type\":\"WebPage\",\"@id\":\"https:\/\/koningdrone.be\/product\/dji-rsc-2\/\",\"url\":\"https:\/\/koningdrone.be\/product\/dji-rsc-2\/\",\"name\":\"DJI RSC 2 - koningdrone.be\",\"isPartOf\":{\"@id\":\"https:\/\/koningdrone.be\/#website\"},\"primaryImageOfPage\":{\"@id\":\"https:\/\/koningdrone.be\/product\/dji-rsc-2\/#primaryimage\"},\"image\":{\"@id\":\"https:\/\/koningdrone.be\/product\/dji-rsc-2\/#primaryimage\"},\"thumbnailUrl\":\"https:\/\/koningdrone.be\/wp-content\/uploads\/sites\/13\/2025\/04\/6941565903020-1.jpg\",\"datePublished\":\"2020-11-10T15:18:35+00:00\",\"dateModified\":\"2026-04-29T11:20:02+00:00\",\"breadcrumb\":{\"@id\":\"https:\/\/koningdrone.be\/product\/dji-rsc-2\/#breadcrumb\"},\"inLanguage\":\"fr-BE\",\"potentialAction\":[{\"@type\":\"ReadAction\",\"target\":[\"https:\/\/koningdrone.be\/product\/dji-rsc-2\/\"]}]},{\"@type\":\"ImageObject\",\"inLanguage\":\"fr-BE\",\"@id\":\"https:\/\/koningdrone.be\/product\/dji-rsc-2\/#primaryimage\",\"url\":\"https:\/\/koningdrone.be\/wp-content\/uploads\/sites\/13\/2025\/04\/6941565903020-1.jpg\",\"contentUrl\":\"https:\/\/koningdrone.be\/wp-content\/uploads\/sites\/13\/2025\/04\/6941565903020-1.jpg\",\"width\":600,\"height\":600},{\"@type\":\"BreadcrumbList\",\"@id\":\"https:\/\/koningdrone.be\/product\/dji-rsc-2\/#breadcrumb\",\"itemListElement\":[{\"@type\":\"ListItem\",\"position\":1,\"name\":\"Home\",\"item\":\"https:\/\/koningdrone.be\/\"},{\"@type\":\"ListItem\",\"position\":2,\"name\":\"AVSS Parachute Recovery System for DJI Matrice 300\/350\",\"item\":\"https:\/\/koningdrone.be\/product\/avss-parachute-recovery-system-for-dji-matrice-300-350\/\"},{\"@type\":\"ListItem\",\"position\":3,\"name\":\"Alle gimbals en cameras\",\"item\":\"https:\/\/koningdrone.be\/categorie\/alle-gimbals-en-cameras\/\"},{\"@type\":\"ListItem\",\"position\":4,\"name\":\"DJI RSC 2\"}]},{\"@type\":\"WebSite\",\"@id\":\"https:\/\/koningdrone.be\/#website\",\"url\":\"https:\/\/koningdrone.be\/\",\"name\":\"Koningdrone.be - Uw online specialist in drones, gimbals, camera's en power stations.\",\"description\":\"De webshop in drones en gimbals\",\"publisher\":{\"@id\":\"https:\/\/koningdrone.be\/#organization\"},\"potentialAction\":[{\"@type\":\"SearchAction\",\"target\":{\"@type\":\"EntryPoint\",\"urlTemplate\":\"https:\/\/koningdrone.be\/?s={search_term_string}\"},\"query-input\":{\"@type\":\"PropertyValueSpecification\",\"valueRequired\":true,\"valueName\":\"search_term_string\"}}],\"inLanguage\":\"fr-BE\"},{\"@type\":\"Organization\",\"@id\":\"https:\/\/koningdrone.be\/#organization\",\"name\":\"Koningdrone.be\",\"url\":\"https:\/\/koningdrone.be\/\",\"logo\":{\"@type\":\"ImageObject\",\"inLanguage\":\"fr-BE\",\"@id\":\"https:\/\/koningdrone.be\/#\/schema\/logo\/image\/\",\"url\":\"https:\/\/koningdrone.be\/wp-content\/uploads\/sites\/13\/2025\/04\/koningdrone-copyright-logo.svg\",\"contentUrl\":\"https:\/\/koningdrone.be\/wp-content\/uploads\/sites\/13\/2025\/04\/koningdrone-copyright-logo.svg\",\"width\":227,\"height\":38,\"caption\":\"Koningdrone.be\"},\"image\":{\"@id\":\"https:\/\/koningdrone.be\/#\/schema\/logo\/image\/\"}}]}<\/script>\n<!-- \/ Yoast SEO Premium plugin. -->","yoast_head_json":{"title":"DJI RSC 2 - koningdrone.be","robots":{"index":"index","follow":"follow","max-snippet":"max-snippet:-1","max-image-preview":"max-image-preview:large","max-video-preview":"max-video-preview:-1"},"canonical":"https:\/\/koningdrone.be\/fr\/produit\/dji-rsc-2\/","og_locale":"fr_FR","og_type":"article","og_title":"DJI RSC 2","og_description":"Opvouwbaar ontwerp1.2kg Gewicht \/ 3kg Getest PayloadQuick Overschakelen naar verticale opnamen1 '' OLED-schermMax 14 uur Fast-Charge BatterijenTitan tempostabilisatiealgoritmeOpvouwbaar Design - Opvouwbaar, Compact, Verbazend","og_url":"https:\/\/koningdrone.be\/fr\/produit\/dji-rsc-2\/","og_site_name":"koningdrone.be","article_modified_time":"2026-04-29T11:20:02+00:00","og_image":[{"width":600,"height":600,"url":"https:\/\/koningdrone.be\/wp-content\/uploads\/sites\/13\/2025\/04\/6941565903020-1.jpg","type":"image\/jpeg"}],"twitter_card":"summary_large_image","twitter_misc":{"Dur\u00e9e de lecture est.":"2 minutes"},"schema":{"@context":"https:\/\/schema.org","@graph":[{"@type":"WebPage","@id":"https:\/\/koningdrone.be\/product\/dji-rsc-2\/","url":"https:\/\/koningdrone.be\/product\/dji-rsc-2\/","name":"DJI RSC 2 - koningdrone.be","isPartOf":{"@id":"https:\/\/koningdrone.be\/#website"},"primaryImageOfPage":{"@id":"https:\/\/koningdrone.be\/product\/dji-rsc-2\/#primaryimage"},"image":{"@id":"https:\/\/koningdrone.be\/product\/dji-rsc-2\/#primaryimage"},"thumbnailUrl":"https:\/\/koningdrone.be\/wp-content\/uploads\/sites\/13\/2025\/04\/6941565903020-1.jpg","datePublished":"2020-11-10T15:18:35+00:00","dateModified":"2026-04-29T11:20:02+00:00","breadcrumb":{"@id":"https:\/\/koningdrone.be\/product\/dji-rsc-2\/#breadcrumb"},"inLanguage":"fr-BE","potentialAction":[{"@type":"ReadAction","target":["https:\/\/koningdrone.be\/product\/dji-rsc-2\/"]}]},{"@type":"ImageObject","inLanguage":"fr-BE","@id":"https:\/\/koningdrone.be\/product\/dji-rsc-2\/#primaryimage","url":"https:\/\/koningdrone.be\/wp-content\/uploads\/sites\/13\/2025\/04\/6941565903020-1.jpg","contentUrl":"https:\/\/koningdrone.be\/wp-content\/uploads\/sites\/13\/2025\/04\/6941565903020-1.jpg","width":600,"height":600},{"@type":"BreadcrumbList","@id":"https:\/\/koningdrone.be\/product\/dji-rsc-2\/#breadcrumb","itemListElement":[{"@type":"ListItem","position":1,"name":"Home","item":"https:\/\/koningdrone.be\/"},{"@type":"ListItem","position":2,"name":"AVSS Parachute Recovery System for DJI Matrice 300\/350","item":"https:\/\/koningdrone.be\/product\/avss-parachute-recovery-system-for-dji-matrice-300-350\/"},{"@type":"ListItem","position":3,"name":"Alle gimbals en cameras","item":"https:\/\/koningdrone.be\/categorie\/alle-gimbals-en-cameras\/"},{"@type":"ListItem","position":4,"name":"DJI RSC 2"}]},{"@type":"WebSite","@id":"https:\/\/koningdrone.be\/#website","url":"https:\/\/koningdrone.be\/","name":"Koningdrone.be - Votre sp\u00e9cialiste en ligne en mati\u00e8re de drones, de cardans, de cam\u00e9ras et de centrales \u00e9lectriques.","description":"La boutique en ligne de drones et de cardans","publisher":{"@id":"https:\/\/koningdrone.be\/#organization"},"potentialAction":[{"@type":"SearchAction","target":{"@type":"EntryPoint","urlTemplate":"https:\/\/koningdrone.be\/?s={search_term_string}"},"query-input":{"@type":"PropertyValueSpecification","valueRequired":true,"valueName":"search_term_string"}}],"inLanguage":"fr-BE"},{"@type":"Organization","@id":"https:\/\/koningdrone.be\/#organization","name":"Kingdrone.co.uk","url":"https:\/\/koningdrone.be\/","logo":{"@type":"ImageObject","inLanguage":"fr-BE","@id":"https:\/\/koningdrone.be\/#\/schema\/logo\/image\/","url":"https:\/\/koningdrone.be\/wp-content\/uploads\/sites\/13\/2025\/04\/koningdrone-copyright-logo.svg","contentUrl":"https:\/\/koningdrone.be\/wp-content\/uploads\/sites\/13\/2025\/04\/koningdrone-copyright-logo.svg","width":227,"height":38,"caption":"Koningdrone.be"},"image":{"@id":"https:\/\/koningdrone.be\/#\/schema\/logo\/image\/"}}]}},"df_price":"","df_sale_price":"","df_regular_price":"","df_image_link":"https:\/\/koningdrone.be\/wp-content\/uploads\/sites\/13\/2025\/04\/6941565903020-1-300x300.jpg","_links":{"self":[{"href":"https:\/\/koningdrone.be\/fr\/wp-json\/wp\/v2\/product\/6941","targetHints":{"allow":["GET"]}}],"collection":[{"href":"https:\/\/koningdrone.be\/fr\/wp-json\/wp\/v2\/product"}],"about":[{"href":"https:\/\/koningdrone.be\/fr\/wp-json\/wp\/v2\/types\/product"}],"wp:featuredmedia":[{"embeddable":true,"href":"https:\/\/koningdrone.be\/fr\/wp-json\/wp\/v2\/media\/6937"}],"wp:attachment":[{"href":"https:\/\/koningdrone.be\/fr\/wp-json\/wp\/v2\/media?parent=6941"}],"wp:term":[{"taxonomy":"product_brand","embeddable":true,"href":"https:\/\/koningdrone.be\/fr\/wp-json\/wp\/v2\/product_brand?post=6941"},{"taxonomy":"product_cat","embeddable":true,"href":"https:\/\/koningdrone.be\/fr\/wp-json\/wp\/v2\/product_cat?post=6941"},{"taxonomy":"product_tag","embeddable":true,"href":"https:\/\/koningdrone.be\/fr\/wp-json\/wp\/v2\/product_tag?post=6941"}],"curies":[{"name":"wp","href":"https:\/\/api.w.org\/{rel}","templated":true}]}}