{"id":6929,"date":"2020-11-10T16:19:06","date_gmt":"2020-11-10T15:19:06","guid":{"rendered":"https:\/\/koningdrone.nl\/kon\/product\/dji-rs-rsc-2-mini-hdmi-naar-micro-hdmi-kabel-20cm\/"},"modified":"2026-04-29T15:40:05","modified_gmt":"2026-04-29T13:40:05","slug":"dji-rs-rsc-2-mini-hdmi-naar-micro-hdmi-kabel-20cm","status":"publish","type":"product","link":"https:\/\/koningdrone.be\/fr\/produit\/dji-rs-rsc-2-mini-hdmi-naar-micro-hdmi-kabel-20cm\/","title":{"rendered":"DJI RS \/ RSC 2 c\u00e2ble mini HDMI vers Micro HDMI 20cm"},"content":{"rendered":"<h1>DJI RS \/ RSC 2 C\u00e2ble Mini-HDMI vers Micro-HDMI (20 cm)<\/h1>\n<p>Le c\u00e2ble DJI R Mini-HDMI vers Micro-HDMI (20 cm) connecte le port micro-HDMI de la cam\u00e9ra au port mini-HDMI du syst\u00e8me de diffusion d'images DJI Ronin RavenEye pour le transfert d'images \u00e0 distance. Consultez la page de recherche de compatibilit\u00e9 de la s\u00e9rie Ronin sur dji.com pour conna\u00eetre les mod\u00e8les et les caract\u00e9ristiques des cam\u00e9ras prises en charge.<\/p>\n<p>Compatibilit\u00e9 :<br \/>Ronin-S<br \/>Ronin-SC<br \/>DJI RS 2<br \/>DJI RSC 2<\/p>","protected":false},"excerpt":{"rendered":"<ul>\n<li>Connecte le port micro-HDMI de l'appareil photo<\/li>\n<li>Vers le port mini-HDMI du syst\u00e8me de transfert d'images RavenEye<\/li>\n<li>Compatibilit\u00e9 : Ronin-S, Ronin-SC, DJI RS 2, DJI RSC 2<\/li>\n<\/ul>","protected":false},"featured_media":6928,"template":"","meta":{"_acf_changed":false},"product_brand":[],"product_cat":[410,244,97,265,809,1215,1216],"product_tag":[],"class_list":{"0":"post-6929","1":"product","2":"type-product","3":"status-publish","4":"has-post-thumbnail","6":"product_cat-alle-handheld-gimbals","7":"product_cat-alle-kabels","8":"product_cat-alle-producten","9":"product_cat-dji-ronin","10":"product_cat-dji-ronin-rs-2","11":"product_cat-dji-ronin-rs-2-en-rsc-2","12":"product_cat-dji-ronin-rsc-2","13":"product_shipping_class-outofstock","14":"pa_brand-dji","15":"pa_productfamily-kabel","16":"pa_producttype-kabel","17":"pa_series-ronin-rs-2","18":"pa_series-ronin-rsc-2","20":"first","21":"outofstock","22":"taxable","23":"shipping-taxable","24":"purchasable","25":"product-type-simple"},"acf":[],"yoast_head":"<!-- This site is optimized with the Yoast SEO Premium plugin v27.2 (Yoast SEO v27.2) - https:\/\/yoast.com\/product\/yoast-seo-premium-wordpress\/ -->\n<title>DJI RS \/ RSC 2 mini HDMI naar Micro HDMI-kabel 20cm - koningdrone.be<\/title>\n<meta name=\"robots\" content=\"index, follow, max-snippet:-1, max-image-preview:large, max-video-preview:-1\" \/>\n<link rel=\"canonical\" href=\"https:\/\/koningdrone.be\/fr\/produit\/dji-rs-rsc-2-mini-hdmi-naar-micro-hdmi-kabel-20cm\/\" \/>\n<meta property=\"og:locale\" content=\"fr_FR\" \/>\n<meta property=\"og:type\" content=\"article\" \/>\n<meta property=\"og:title\" content=\"DJI RS \/ RSC 2 mini HDMI naar Micro HDMI-kabel 20cm\" \/>\n<meta property=\"og:description\" content=\"Verbindt de micro-HDMI-poort van de cameraNaar de mini-HDMI-poort van het RavenEye-beeldoverdrachtsysteemCompatibiliteit: Ronin-S, Ronin-SC, DJI RS 2, DJI RSC 2\" \/>\n<meta property=\"og:url\" content=\"https:\/\/koningdrone.be\/fr\/produit\/dji-rs-rsc-2-mini-hdmi-naar-micro-hdmi-kabel-20cm\/\" \/>\n<meta property=\"og:site_name\" content=\"koningdrone.be\" \/>\n<meta property=\"article:modified_time\" content=\"2026-04-29T13:40:05+00:00\" \/>\n<meta property=\"og:image\" content=\"https:\/\/koningdrone.be\/wp-content\/uploads\/sites\/13\/2025\/04\/6941565901453-1.jpg\" \/>\n\t<meta property=\"og:image:width\" content=\"600\" \/>\n\t<meta property=\"og:image:height\" content=\"600\" \/>\n\t<meta property=\"og:image:type\" content=\"image\/jpeg\" \/>\n<meta name=\"twitter:card\" content=\"summary_large_image\" \/>\n<script type=\"application\/ld+json\" class=\"yoast-schema-graph\">{\"@context\":\"https:\/\/schema.org\",\"@graph\":[{\"@type\":\"WebPage\",\"@id\":\"https:\/\/koningdrone.be\/product\/dji-rs-rsc-2-mini-hdmi-naar-micro-hdmi-kabel-20cm\/\",\"url\":\"https:\/\/koningdrone.be\/product\/dji-rs-rsc-2-mini-hdmi-naar-micro-hdmi-kabel-20cm\/\",\"name\":\"DJI RS \/ RSC 2 mini HDMI naar Micro HDMI-kabel 20cm - koningdrone.be\",\"isPartOf\":{\"@id\":\"https:\/\/koningdrone.be\/#website\"},\"primaryImageOfPage\":{\"@id\":\"https:\/\/koningdrone.be\/product\/dji-rs-rsc-2-mini-hdmi-naar-micro-hdmi-kabel-20cm\/#primaryimage\"},\"image\":{\"@id\":\"https:\/\/koningdrone.be\/product\/dji-rs-rsc-2-mini-hdmi-naar-micro-hdmi-kabel-20cm\/#primaryimage\"},\"thumbnailUrl\":\"https:\/\/koningdrone.be\/wp-content\/uploads\/sites\/13\/2025\/04\/6941565901453-1.jpg\",\"datePublished\":\"2020-11-10T15:19:06+00:00\",\"dateModified\":\"2026-04-29T13:40:05+00:00\",\"breadcrumb\":{\"@id\":\"https:\/\/koningdrone.be\/product\/dji-rs-rsc-2-mini-hdmi-naar-micro-hdmi-kabel-20cm\/#breadcrumb\"},\"inLanguage\":\"fr-BE\",\"potentialAction\":[{\"@type\":\"ReadAction\",\"target\":[\"https:\/\/koningdrone.be\/product\/dji-rs-rsc-2-mini-hdmi-naar-micro-hdmi-kabel-20cm\/\"]}]},{\"@type\":\"ImageObject\",\"inLanguage\":\"fr-BE\",\"@id\":\"https:\/\/koningdrone.be\/product\/dji-rs-rsc-2-mini-hdmi-naar-micro-hdmi-kabel-20cm\/#primaryimage\",\"url\":\"https:\/\/koningdrone.be\/wp-content\/uploads\/sites\/13\/2025\/04\/6941565901453-1.jpg\",\"contentUrl\":\"https:\/\/koningdrone.be\/wp-content\/uploads\/sites\/13\/2025\/04\/6941565901453-1.jpg\",\"width\":600,\"height\":600},{\"@type\":\"BreadcrumbList\",\"@id\":\"https:\/\/koningdrone.be\/product\/dji-rs-rsc-2-mini-hdmi-naar-micro-hdmi-kabel-20cm\/#breadcrumb\",\"itemListElement\":[{\"@type\":\"ListItem\",\"position\":1,\"name\":\"Home\",\"item\":\"https:\/\/koningdrone.be\/\"},{\"@type\":\"ListItem\",\"position\":2,\"name\":\"AVSS Parachute Recovery System for DJI Matrice 300\/350\",\"item\":\"https:\/\/koningdrone.be\/product\/avss-parachute-recovery-system-for-dji-matrice-300-350\/\"},{\"@type\":\"ListItem\",\"position\":3,\"name\":\"Alle handheld gimbals\",\"item\":\"https:\/\/koningdrone.be\/categorie\/alle-handheld-gimbals\/\"},{\"@type\":\"ListItem\",\"position\":4,\"name\":\"DJI RS \/ RSC 2 mini HDMI naar Micro HDMI-kabel 20cm\"}]},{\"@type\":\"WebSite\",\"@id\":\"https:\/\/koningdrone.be\/#website\",\"url\":\"https:\/\/koningdrone.be\/\",\"name\":\"Koningdrone.be - Uw online specialist in drones, gimbals, camera's en power stations.\",\"description\":\"De webshop in drones en gimbals\",\"publisher\":{\"@id\":\"https:\/\/koningdrone.be\/#organization\"},\"potentialAction\":[{\"@type\":\"SearchAction\",\"target\":{\"@type\":\"EntryPoint\",\"urlTemplate\":\"https:\/\/koningdrone.be\/?s={search_term_string}\"},\"query-input\":{\"@type\":\"PropertyValueSpecification\",\"valueRequired\":true,\"valueName\":\"search_term_string\"}}],\"inLanguage\":\"fr-BE\"},{\"@type\":\"Organization\",\"@id\":\"https:\/\/koningdrone.be\/#organization\",\"name\":\"Koningdrone.be\",\"url\":\"https:\/\/koningdrone.be\/\",\"logo\":{\"@type\":\"ImageObject\",\"inLanguage\":\"fr-BE\",\"@id\":\"https:\/\/koningdrone.be\/#\/schema\/logo\/image\/\",\"url\":\"https:\/\/koningdrone.be\/wp-content\/uploads\/sites\/13\/2025\/04\/koningdrone-copyright-logo.svg\",\"contentUrl\":\"https:\/\/koningdrone.be\/wp-content\/uploads\/sites\/13\/2025\/04\/koningdrone-copyright-logo.svg\",\"width\":227,\"height\":38,\"caption\":\"Koningdrone.be\"},\"image\":{\"@id\":\"https:\/\/koningdrone.be\/#\/schema\/logo\/image\/\"}}]}<\/script>\n<!-- \/ Yoast SEO Premium plugin. -->","yoast_head_json":{"title":"DJI RS \/ RSC 2 mini HDMI naar Micro HDMI-kabel 20cm - koningdrone.be","robots":{"index":"index","follow":"follow","max-snippet":"max-snippet:-1","max-image-preview":"max-image-preview:large","max-video-preview":"max-video-preview:-1"},"canonical":"https:\/\/koningdrone.be\/fr\/produit\/dji-rs-rsc-2-mini-hdmi-naar-micro-hdmi-kabel-20cm\/","og_locale":"fr_FR","og_type":"article","og_title":"DJI RS \/ RSC 2 mini HDMI naar Micro HDMI-kabel 20cm","og_description":"Verbindt de micro-HDMI-poort van de cameraNaar de mini-HDMI-poort van het RavenEye-beeldoverdrachtsysteemCompatibiliteit: Ronin-S, Ronin-SC, DJI RS 2, DJI RSC 2","og_url":"https:\/\/koningdrone.be\/fr\/produit\/dji-rs-rsc-2-mini-hdmi-naar-micro-hdmi-kabel-20cm\/","og_site_name":"koningdrone.be","article_modified_time":"2026-04-29T13:40:05+00:00","og_image":[{"width":600,"height":600,"url":"https:\/\/koningdrone.be\/wp-content\/uploads\/sites\/13\/2025\/04\/6941565901453-1.jpg","type":"image\/jpeg"}],"twitter_card":"summary_large_image","schema":{"@context":"https:\/\/schema.org","@graph":[{"@type":"WebPage","@id":"https:\/\/koningdrone.be\/product\/dji-rs-rsc-2-mini-hdmi-naar-micro-hdmi-kabel-20cm\/","url":"https:\/\/koningdrone.be\/product\/dji-rs-rsc-2-mini-hdmi-naar-micro-hdmi-kabel-20cm\/","name":"DJI RS \/ RSC 2 mini HDMI naar Micro HDMI-kabel 20cm - koningdrone.be","isPartOf":{"@id":"https:\/\/koningdrone.be\/#website"},"primaryImageOfPage":{"@id":"https:\/\/koningdrone.be\/product\/dji-rs-rsc-2-mini-hdmi-naar-micro-hdmi-kabel-20cm\/#primaryimage"},"image":{"@id":"https:\/\/koningdrone.be\/product\/dji-rs-rsc-2-mini-hdmi-naar-micro-hdmi-kabel-20cm\/#primaryimage"},"thumbnailUrl":"https:\/\/koningdrone.be\/wp-content\/uploads\/sites\/13\/2025\/04\/6941565901453-1.jpg","datePublished":"2020-11-10T15:19:06+00:00","dateModified":"2026-04-29T13:40:05+00:00","breadcrumb":{"@id":"https:\/\/koningdrone.be\/product\/dji-rs-rsc-2-mini-hdmi-naar-micro-hdmi-kabel-20cm\/#breadcrumb"},"inLanguage":"fr-BE","potentialAction":[{"@type":"ReadAction","target":["https:\/\/koningdrone.be\/product\/dji-rs-rsc-2-mini-hdmi-naar-micro-hdmi-kabel-20cm\/"]}]},{"@type":"ImageObject","inLanguage":"fr-BE","@id":"https:\/\/koningdrone.be\/product\/dji-rs-rsc-2-mini-hdmi-naar-micro-hdmi-kabel-20cm\/#primaryimage","url":"https:\/\/koningdrone.be\/wp-content\/uploads\/sites\/13\/2025\/04\/6941565901453-1.jpg","contentUrl":"https:\/\/koningdrone.be\/wp-content\/uploads\/sites\/13\/2025\/04\/6941565901453-1.jpg","width":600,"height":600},{"@type":"BreadcrumbList","@id":"https:\/\/koningdrone.be\/product\/dji-rs-rsc-2-mini-hdmi-naar-micro-hdmi-kabel-20cm\/#breadcrumb","itemListElement":[{"@type":"ListItem","position":1,"name":"Home","item":"https:\/\/koningdrone.be\/"},{"@type":"ListItem","position":2,"name":"AVSS Parachute Recovery System for DJI Matrice 300\/350","item":"https:\/\/koningdrone.be\/product\/avss-parachute-recovery-system-for-dji-matrice-300-350\/"},{"@type":"ListItem","position":3,"name":"Alle handheld gimbals","item":"https:\/\/koningdrone.be\/categorie\/alle-handheld-gimbals\/"},{"@type":"ListItem","position":4,"name":"DJI RS \/ RSC 2 mini HDMI naar Micro HDMI-kabel 20cm"}]},{"@type":"WebSite","@id":"https:\/\/koningdrone.be\/#website","url":"https:\/\/koningdrone.be\/","name":"Koningdrone.be - Votre sp\u00e9cialiste en ligne en mati\u00e8re de drones, de cardans, de cam\u00e9ras et de centrales \u00e9lectriques.","description":"La boutique en ligne de drones et de cardans","publisher":{"@id":"https:\/\/koningdrone.be\/#organization"},"potentialAction":[{"@type":"SearchAction","target":{"@type":"EntryPoint","urlTemplate":"https:\/\/koningdrone.be\/?s={search_term_string}"},"query-input":{"@type":"PropertyValueSpecification","valueRequired":true,"valueName":"search_term_string"}}],"inLanguage":"fr-BE"},{"@type":"Organization","@id":"https:\/\/koningdrone.be\/#organization","name":"Kingdrone.co.uk","url":"https:\/\/koningdrone.be\/","logo":{"@type":"ImageObject","inLanguage":"fr-BE","@id":"https:\/\/koningdrone.be\/#\/schema\/logo\/image\/","url":"https:\/\/koningdrone.be\/wp-content\/uploads\/sites\/13\/2025\/04\/koningdrone-copyright-logo.svg","contentUrl":"https:\/\/koningdrone.be\/wp-content\/uploads\/sites\/13\/2025\/04\/koningdrone-copyright-logo.svg","width":227,"height":38,"caption":"Koningdrone.be"},"image":{"@id":"https:\/\/koningdrone.be\/#\/schema\/logo\/image\/"}}]}},"df_price":19,"df_sale_price":"","df_regular_price":19,"df_image_link":"https:\/\/koningdrone.be\/wp-content\/uploads\/sites\/13\/2025\/04\/6941565901453-1-300x300.jpg","_links":{"self":[{"href":"https:\/\/koningdrone.be\/fr\/wp-json\/wp\/v2\/product\/6929","targetHints":{"allow":["GET"]}}],"collection":[{"href":"https:\/\/koningdrone.be\/fr\/wp-json\/wp\/v2\/product"}],"about":[{"href":"https:\/\/koningdrone.be\/fr\/wp-json\/wp\/v2\/types\/product"}],"wp:featuredmedia":[{"embeddable":true,"href":"https:\/\/koningdrone.be\/fr\/wp-json\/wp\/v2\/media\/6928"}],"wp:attachment":[{"href":"https:\/\/koningdrone.be\/fr\/wp-json\/wp\/v2\/media?parent=6929"}],"wp:term":[{"taxonomy":"product_brand","embeddable":true,"href":"https:\/\/koningdrone.be\/fr\/wp-json\/wp\/v2\/product_brand?post=6929"},{"taxonomy":"product_cat","embeddable":true,"href":"https:\/\/koningdrone.be\/fr\/wp-json\/wp\/v2\/product_cat?post=6929"},{"taxonomy":"product_tag","embeddable":true,"href":"https:\/\/koningdrone.be\/fr\/wp-json\/wp\/v2\/product_tag?post=6929"}],"curies":[{"name":"wp","href":"https:\/\/api.w.org\/{rel}","templated":true}]}}