{"id":6904,"date":"2020-12-11T11:06:08","date_gmt":"2020-12-11T10:06:08","guid":{"rendered":"https:\/\/koningdrone.nl\/kon\/product\/dji-inspire-2-x5s-standard-kit\/"},"modified":"2026-04-29T13:10:56","modified_gmt":"2026-04-29T11:10:56","slug":"dji-inspire-2-x5s-standard-kit","status":"publish","type":"product","link":"https:\/\/koningdrone.be\/fr\/produit\/dji-inspire-2-x5s-standard-kit\/","title":{"rendered":"Kit standard DJI Inspire 2 X5s"},"content":{"rendered":"<p><strong>Kit standard DJI Inspire 2 X5s<\/strong><\/p>\n<p> Le DJI Inspire 2 am\u00e9liore son pr\u00e9d\u00e9cesseur avec un nouveau syst\u00e8me d'imagerie CineCore2.1, capable d'enregistrer jusqu'\u00e0 6K en CinemaDNG\/RAW. Il acc\u00e9l\u00e8re de 0 \u00e0 80 km\/h en seulement 5 secondes, atteint une vitesse maximale de 94 km\/h et une vitesse de descente maximale de 9 m\/s. Les deux syst\u00e8mes de batterie prolongent le temps de vol jusqu'\u00e0 27 minutes, tandis que la technologie d'auto-chauffage permet des vols \u00e0 basse temp\u00e9rature. Le syst\u00e8me FlightAutonomy a \u00e9t\u00e9 revu pour permettre l'\u00e9vitement bidirectionnel des obstacles et la redondance des capteurs, en ajoutant des modes de vol intelligents tels que Spotlight Pro pour les prises de vue complexes et spectaculaires.<\/p>\n<p> Un syst\u00e8me de transmission vid\u00e9o am\u00e9lior\u00e9 prend en charge la double fr\u00e9quence de signal et le double canal, pour une diffusion simultan\u00e9e des cam\u00e9ras FPV et principales. L'Inspire 2 prend notamment en charge les formats CinemaDNG et Apple ProRes pour la post-production. Les syst\u00e8mes de d\u00e9tection d'obstacles augmentent la s\u00e9curit\u00e9 gr\u00e2ce \u00e0 des syst\u00e8mes de vision vers l'avant et vers le bas qui d\u00e9tectent les obstacles jusqu'\u00e0 une distance de 30 m\u00e8tres et prennent en charge les vols jusqu'\u00e0 54 mph avec l'\u00e9vitement d'obstacles dans divers modes de vol intelligents.<\/p>","protected":false},"excerpt":{"rendered":"<ul>\n<li>Y compris Zenmuse X7 + objectif 16 mm<\/li>\n<li>Batterie de vol intelligente<\/li>\n<li>Vitesse maximale de 94 km\/h<\/li>\n<li>Dur\u00e9e de vol de 25 \u00e0 27 minutes maximum<\/li>\n<li>D\u00e9tection d'obstacles jusqu'\u00e0 30 m\u00e8tres<\/li>\n<li>Double batterie, auto-chauffante, redondance de la batterie, 98 Wh<\/li>\n<li>D\u00e9tection visuelle, cam\u00e9ra FPV \u00e0 2 axes, gamme de cam\u00e9ras prises en charge.<\/li>\n<li>Port\u00e9e : 4,3 km (7 miles).<\/li>\n<li>Possibilit\u00e9 de contr\u00f4ler la cam\u00e9ra \u00e0 distance. R\u00e9glages manuels de l'appareil photo contr\u00f4l\u00e9s par l'application<\/li>\n<\/ul>","protected":false},"featured_media":6903,"template":"","meta":{"_acf_changed":false},"product_brand":[],"product_cat":[135,97,136,641,788,99],"product_tag":[],"class_list":{"0":"post-6904","1":"product","2":"type-product","3":"status-publish","4":"has-post-thumbnail","6":"product_cat-alle-drones","7":"product_cat-alle-producten","8":"product_cat-consumer-drones","9":"product_cat-dji-inspire","10":"product_cat-dji-inspire-2","11":"product_cat-drones-met-certificaat","12":"product_shipping_class-outofstock","13":"pa_brand-dji","14":"pa_dronegrade-consumer","15":"pa_productfamily-drone","16":"pa_producttype-drone","17":"pa_series-inspire-2","18":"pa_vliegbewijs-a1-a3","20":"first","21":"outofstock","22":"taxable","23":"shipping-taxable","24":"product-type-simple"},"acf":[],"yoast_head":"<!-- This site is optimized with the Yoast SEO Premium plugin v27.2 (Yoast SEO v27.2) - https:\/\/yoast.com\/product\/yoast-seo-premium-wordpress\/ -->\n<title>DJI Inspire 2 X5s Standard Kit - koningdrone.be<\/title>\n<meta name=\"robots\" content=\"index, follow, max-snippet:-1, max-image-preview:large, max-video-preview:-1\" \/>\n<link rel=\"canonical\" href=\"https:\/\/koningdrone.be\/fr\/produit\/dji-inspire-2-x5s-standard-kit\/\" \/>\n<meta property=\"og:locale\" content=\"fr_FR\" \/>\n<meta property=\"og:type\" content=\"article\" \/>\n<meta property=\"og:title\" content=\"DJI Inspire 2 X5s Standard Kit\" \/>\n<meta property=\"og:description\" content=\"Inclusief Zenmuse X7 + 16mm lensIntelligent Flight BatteryTopsnelheid van 94 km\/uVliegtijd van max 25 - 27 minutenObstakeldetectie tot 30mDubbele batterij, zelfverhitting, batterijredundantie, 98 WhVisuele detectie, 2-assige FPV-camera, bereik van ondersteunde camera&#039;s.Bereik: 4,3km (7km).Volledige mogelijkheid om cameras op afstand te bedienen. Appgestuurde handmatige camera-instellingen\" \/>\n<meta property=\"og:url\" content=\"https:\/\/koningdrone.be\/fr\/produit\/dji-inspire-2-x5s-standard-kit\/\" \/>\n<meta property=\"og:site_name\" content=\"koningdrone.be\" \/>\n<meta property=\"article:modified_time\" content=\"2026-04-29T11:10:56+00:00\" \/>\n<meta property=\"og:image\" content=\"https:\/\/koningdrone.be\/wp-content\/uploads\/sites\/13\/2025\/04\/Inspire-2-x7.png\" \/>\n\t<meta property=\"og:image:width\" content=\"720\" \/>\n\t<meta property=\"og:image:height\" content=\"480\" \/>\n\t<meta property=\"og:image:type\" content=\"image\/png\" \/>\n<meta name=\"twitter:card\" content=\"summary_large_image\" \/>\n<meta name=\"twitter:label1\" content=\"Dur\u00e9e de lecture est.\" \/>\n\t<meta name=\"twitter:data1\" content=\"1 minute\" \/>\n<script type=\"application\/ld+json\" class=\"yoast-schema-graph\">{\"@context\":\"https:\/\/schema.org\",\"@graph\":[{\"@type\":\"WebPage\",\"@id\":\"https:\/\/koningdrone.be\/product\/dji-inspire-2-x5s-standard-kit\/\",\"url\":\"https:\/\/koningdrone.be\/product\/dji-inspire-2-x5s-standard-kit\/\",\"name\":\"DJI Inspire 2 X5s Standard Kit - koningdrone.be\",\"isPartOf\":{\"@id\":\"https:\/\/koningdrone.be\/#website\"},\"primaryImageOfPage\":{\"@id\":\"https:\/\/koningdrone.be\/product\/dji-inspire-2-x5s-standard-kit\/#primaryimage\"},\"image\":{\"@id\":\"https:\/\/koningdrone.be\/product\/dji-inspire-2-x5s-standard-kit\/#primaryimage\"},\"thumbnailUrl\":\"https:\/\/koningdrone.be\/wp-content\/uploads\/sites\/13\/2025\/04\/Inspire-2-x7.png\",\"datePublished\":\"2020-12-11T10:06:08+00:00\",\"dateModified\":\"2026-04-29T11:10:56+00:00\",\"breadcrumb\":{\"@id\":\"https:\/\/koningdrone.be\/product\/dji-inspire-2-x5s-standard-kit\/#breadcrumb\"},\"inLanguage\":\"fr-BE\",\"potentialAction\":[{\"@type\":\"ReadAction\",\"target\":[\"https:\/\/koningdrone.be\/product\/dji-inspire-2-x5s-standard-kit\/\"]}]},{\"@type\":\"ImageObject\",\"inLanguage\":\"fr-BE\",\"@id\":\"https:\/\/koningdrone.be\/product\/dji-inspire-2-x5s-standard-kit\/#primaryimage\",\"url\":\"https:\/\/koningdrone.be\/wp-content\/uploads\/sites\/13\/2025\/04\/Inspire-2-x7.png\",\"contentUrl\":\"https:\/\/koningdrone.be\/wp-content\/uploads\/sites\/13\/2025\/04\/Inspire-2-x7.png\",\"width\":720,\"height\":480},{\"@type\":\"BreadcrumbList\",\"@id\":\"https:\/\/koningdrone.be\/product\/dji-inspire-2-x5s-standard-kit\/#breadcrumb\",\"itemListElement\":[{\"@type\":\"ListItem\",\"position\":1,\"name\":\"Home\",\"item\":\"https:\/\/koningdrone.be\/\"},{\"@type\":\"ListItem\",\"position\":2,\"name\":\"AVSS Parachute Recovery System for DJI Matrice 300\/350\",\"item\":\"https:\/\/koningdrone.be\/product\/avss-parachute-recovery-system-for-dji-matrice-300-350\/\"},{\"@type\":\"ListItem\",\"position\":3,\"name\":\"Alle drones\",\"item\":\"https:\/\/koningdrone.be\/categorie\/alle-drones\/\"},{\"@type\":\"ListItem\",\"position\":4,\"name\":\"DJI Inspire 2 X5s Standard Kit\"}]},{\"@type\":\"WebSite\",\"@id\":\"https:\/\/koningdrone.be\/#website\",\"url\":\"https:\/\/koningdrone.be\/\",\"name\":\"Koningdrone.be - Uw online specialist in drones, gimbals, camera's en power stations.\",\"description\":\"De webshop in drones en gimbals\",\"publisher\":{\"@id\":\"https:\/\/koningdrone.be\/#organization\"},\"potentialAction\":[{\"@type\":\"SearchAction\",\"target\":{\"@type\":\"EntryPoint\",\"urlTemplate\":\"https:\/\/koningdrone.be\/?s={search_term_string}\"},\"query-input\":{\"@type\":\"PropertyValueSpecification\",\"valueRequired\":true,\"valueName\":\"search_term_string\"}}],\"inLanguage\":\"fr-BE\"},{\"@type\":\"Organization\",\"@id\":\"https:\/\/koningdrone.be\/#organization\",\"name\":\"Koningdrone.be\",\"url\":\"https:\/\/koningdrone.be\/\",\"logo\":{\"@type\":\"ImageObject\",\"inLanguage\":\"fr-BE\",\"@id\":\"https:\/\/koningdrone.be\/#\/schema\/logo\/image\/\",\"url\":\"https:\/\/koningdrone.be\/wp-content\/uploads\/sites\/13\/2025\/04\/koningdrone-copyright-logo.svg\",\"contentUrl\":\"https:\/\/koningdrone.be\/wp-content\/uploads\/sites\/13\/2025\/04\/koningdrone-copyright-logo.svg\",\"width\":227,\"height\":38,\"caption\":\"Koningdrone.be\"},\"image\":{\"@id\":\"https:\/\/koningdrone.be\/#\/schema\/logo\/image\/\"}}]}<\/script>\n<!-- \/ Yoast SEO Premium plugin. -->","yoast_head_json":{"title":"DJI Inspire 2 X5s Standard Kit - koningdrone.be","robots":{"index":"index","follow":"follow","max-snippet":"max-snippet:-1","max-image-preview":"max-image-preview:large","max-video-preview":"max-video-preview:-1"},"canonical":"https:\/\/koningdrone.be\/fr\/produit\/dji-inspire-2-x5s-standard-kit\/","og_locale":"fr_FR","og_type":"article","og_title":"DJI Inspire 2 X5s Standard Kit","og_description":"Inclusief Zenmuse X7 + 16mm lensIntelligent Flight BatteryTopsnelheid van 94 km\/uVliegtijd van max 25 - 27 minutenObstakeldetectie tot 30mDubbele batterij, zelfverhitting, batterijredundantie, 98 WhVisuele detectie, 2-assige FPV-camera, bereik van ondersteunde camera's.Bereik: 4,3km (7km).Volledige mogelijkheid om cameras op afstand te bedienen. Appgestuurde handmatige camera-instellingen","og_url":"https:\/\/koningdrone.be\/fr\/produit\/dji-inspire-2-x5s-standard-kit\/","og_site_name":"koningdrone.be","article_modified_time":"2026-04-29T11:10:56+00:00","og_image":[{"width":720,"height":480,"url":"https:\/\/koningdrone.be\/wp-content\/uploads\/sites\/13\/2025\/04\/Inspire-2-x7.png","type":"image\/png"}],"twitter_card":"summary_large_image","twitter_misc":{"Dur\u00e9e de lecture est.":"1 minute"},"schema":{"@context":"https:\/\/schema.org","@graph":[{"@type":"WebPage","@id":"https:\/\/koningdrone.be\/product\/dji-inspire-2-x5s-standard-kit\/","url":"https:\/\/koningdrone.be\/product\/dji-inspire-2-x5s-standard-kit\/","name":"DJI Inspire 2 X5s Standard Kit - koningdrone.be","isPartOf":{"@id":"https:\/\/koningdrone.be\/#website"},"primaryImageOfPage":{"@id":"https:\/\/koningdrone.be\/product\/dji-inspire-2-x5s-standard-kit\/#primaryimage"},"image":{"@id":"https:\/\/koningdrone.be\/product\/dji-inspire-2-x5s-standard-kit\/#primaryimage"},"thumbnailUrl":"https:\/\/koningdrone.be\/wp-content\/uploads\/sites\/13\/2025\/04\/Inspire-2-x7.png","datePublished":"2020-12-11T10:06:08+00:00","dateModified":"2026-04-29T11:10:56+00:00","breadcrumb":{"@id":"https:\/\/koningdrone.be\/product\/dji-inspire-2-x5s-standard-kit\/#breadcrumb"},"inLanguage":"fr-BE","potentialAction":[{"@type":"ReadAction","target":["https:\/\/koningdrone.be\/product\/dji-inspire-2-x5s-standard-kit\/"]}]},{"@type":"ImageObject","inLanguage":"fr-BE","@id":"https:\/\/koningdrone.be\/product\/dji-inspire-2-x5s-standard-kit\/#primaryimage","url":"https:\/\/koningdrone.be\/wp-content\/uploads\/sites\/13\/2025\/04\/Inspire-2-x7.png","contentUrl":"https:\/\/koningdrone.be\/wp-content\/uploads\/sites\/13\/2025\/04\/Inspire-2-x7.png","width":720,"height":480},{"@type":"BreadcrumbList","@id":"https:\/\/koningdrone.be\/product\/dji-inspire-2-x5s-standard-kit\/#breadcrumb","itemListElement":[{"@type":"ListItem","position":1,"name":"Home","item":"https:\/\/koningdrone.be\/"},{"@type":"ListItem","position":2,"name":"AVSS Parachute Recovery System for DJI Matrice 300\/350","item":"https:\/\/koningdrone.be\/product\/avss-parachute-recovery-system-for-dji-matrice-300-350\/"},{"@type":"ListItem","position":3,"name":"Alle drones","item":"https:\/\/koningdrone.be\/categorie\/alle-drones\/"},{"@type":"ListItem","position":4,"name":"DJI Inspire 2 X5s Standard Kit"}]},{"@type":"WebSite","@id":"https:\/\/koningdrone.be\/#website","url":"https:\/\/koningdrone.be\/","name":"Koningdrone.be - Votre sp\u00e9cialiste en ligne en mati\u00e8re de drones, de cardans, de cam\u00e9ras et de centrales \u00e9lectriques.","description":"La boutique en ligne de drones et de cardans","publisher":{"@id":"https:\/\/koningdrone.be\/#organization"},"potentialAction":[{"@type":"SearchAction","target":{"@type":"EntryPoint","urlTemplate":"https:\/\/koningdrone.be\/?s={search_term_string}"},"query-input":{"@type":"PropertyValueSpecification","valueRequired":true,"valueName":"search_term_string"}}],"inLanguage":"fr-BE"},{"@type":"Organization","@id":"https:\/\/koningdrone.be\/#organization","name":"Kingdrone.co.uk","url":"https:\/\/koningdrone.be\/","logo":{"@type":"ImageObject","inLanguage":"fr-BE","@id":"https:\/\/koningdrone.be\/#\/schema\/logo\/image\/","url":"https:\/\/koningdrone.be\/wp-content\/uploads\/sites\/13\/2025\/04\/koningdrone-copyright-logo.svg","contentUrl":"https:\/\/koningdrone.be\/wp-content\/uploads\/sites\/13\/2025\/04\/koningdrone-copyright-logo.svg","width":227,"height":38,"caption":"Koningdrone.be"},"image":{"@id":"https:\/\/koningdrone.be\/#\/schema\/logo\/image\/"}}]}},"df_price":"","df_sale_price":"","df_regular_price":"","df_image_link":"https:\/\/koningdrone.be\/wp-content\/uploads\/sites\/13\/2025\/04\/Inspire-2-x7-300x200.png","_links":{"self":[{"href":"https:\/\/koningdrone.be\/fr\/wp-json\/wp\/v2\/product\/6904","targetHints":{"allow":["GET"]}}],"collection":[{"href":"https:\/\/koningdrone.be\/fr\/wp-json\/wp\/v2\/product"}],"about":[{"href":"https:\/\/koningdrone.be\/fr\/wp-json\/wp\/v2\/types\/product"}],"wp:featuredmedia":[{"embeddable":true,"href":"https:\/\/koningdrone.be\/fr\/wp-json\/wp\/v2\/media\/6903"}],"wp:attachment":[{"href":"https:\/\/koningdrone.be\/fr\/wp-json\/wp\/v2\/media?parent=6904"}],"wp:term":[{"taxonomy":"product_brand","embeddable":true,"href":"https:\/\/koningdrone.be\/fr\/wp-json\/wp\/v2\/product_brand?post=6904"},{"taxonomy":"product_cat","embeddable":true,"href":"https:\/\/koningdrone.be\/fr\/wp-json\/wp\/v2\/product_cat?post=6904"},{"taxonomy":"product_tag","embeddable":true,"href":"https:\/\/koningdrone.be\/fr\/wp-json\/wp\/v2\/product_tag?post=6904"}],"curies":[{"name":"wp","href":"https:\/\/api.w.org\/{rel}","templated":true}]}}