{"id":6896,"date":"2020-12-11T13:00:08","date_gmt":"2020-12-11T12:00:08","guid":{"rendered":"https:\/\/koningdrone.nl\/kon\/product\/dji-pocket-2-do-it-all-handle\/"},"modified":"2026-04-29T15:01:10","modified_gmt":"2026-04-29T13:01:10","slug":"dji-pocket-2-do-it-all-handle","status":"publish","type":"product","link":"https:\/\/koningdrone.be\/fr\/produit\/dji-pocket-2-do-it-all-handle\/","title":{"rendered":"DJI Pocket 2 Poign\u00e9e \u00e0 tout faire"},"content":{"rendered":"<p><strong>Confort et connectivit\u00e9<\/strong><br \/>\n<br \/>\nLa poign\u00e9e DJI Pocket 2 Do-It-All est ing\u00e9nieusement con\u00e7ue pour faciliter l'utilisation et dispose d'un \u00e9ventail de fonctionnalit\u00e9s polyvalentes. Gr\u00e2ce \u00e0 son module Wi-Fi et Bluetooth int\u00e9gr\u00e9, elle offre une connectivit\u00e9 transparente avec votre smartphone via l'application DJI Mimo. Cette connectivit\u00e9 am\u00e9lior\u00e9e permet un contr\u00f4le \u00e0 distance sans effort de la Pocket 2, am\u00e9liorant consid\u00e9rablement votre exp\u00e9rience de tournage avec la commodit\u00e9 au premier plan.<\/p>\n<p><strong>Compatibilit\u00e9 audio sans fil<\/strong><br \/>\n<br \/>\nCette poign\u00e9e est \u00e9quip\u00e9e d'un r\u00e9cepteur de microphone sans fil et prend en charge l'\u00e9metteur de microphone sans fil de DJI, ce qui permet de r\u00e9aliser des enregistrements audio de haute qualit\u00e9 sans \u00eatre limit\u00e9 par les fils. De plus, pour ceux qui pr\u00e9f\u00e8rent utiliser des \u00e9couteurs externes ou un casque, une connectivit\u00e9 prudente via un adaptateur audio de 3,5 mm est incluse. Cette polyvalence dans les options d'enregistrement et de lecture audio garantit que chaque moment que vous capturez est accompagn\u00e9 d'un son clair et net.<\/p>\n<p><strong>Fonction de lecture directe<\/strong><br \/>\n<br \/>\n\u00c9quip\u00e9e d'un haut-parleur int\u00e9gr\u00e9, la poign\u00e9e DJI Pocket 2 Do-It-All permet une lecture instantan\u00e9e de vos s\u00e9quences, avec le son. Cette fonction est particuli\u00e8rement utile pour les cr\u00e9ateurs de contenu et les cin\u00e9astes qui ont besoin de revoir leurs s\u00e9quences sur place, afin de s'assurer que chaque plan est parfait.<\/p>\n<p><strong>Am\u00e9lioration de la compatibilit\u00e9 et de la flexibilit\u00e9<\/strong><br \/>\n<br \/>\nAu bas de la poign\u00e9e, vous trouverez un trou filet\u00e9 de 1\/4\u2033, ce qui la rend compatible avec les tr\u00e9pieds et divers autres accessoires. Cet ajout judicieux ouvre un monde de flexibilit\u00e9 lors de la pr\u00e9paration de vos prises de vue. Que vous recherchiez un cadre stable et immobile ou des perspectives dynamiques et en mouvement, cette fonction r\u00e9pond \u00e0 tous vos besoins cr\u00e9atifs.<\/p>\n<p><strong>R\u00e9sum\u00e9 des avantages<\/strong><br \/>\n<br \/>\nLa poign\u00e9e DJI Pocket 2 Do-It-All est un accessoire essentiel pour les passionn\u00e9s et les professionnels qui cherchent \u00e0 am\u00e9liorer leurs capacit\u00e9s de tournage. Sa combinaison unique de confort, de connectivit\u00e9 am\u00e9lior\u00e9e et de polyvalence en fait un outil exceptionnel pour capturer les moments inoubliables de la vie.<\/p>\n<p>&nbsp;<\/p>","protected":false},"excerpt":{"rendered":"<ul>\n<li>Une prise en main confortable<\/li>\n<li>Module Wi-Fi et Bluetooth int\u00e9gr\u00e9<\/li>\n<li>R\u00e9cepteur de microphone sans fil inclus<\/li>\n<li>Trou filet\u00e9 1\/4\u2033 int\u00e9gr\u00e9 pour les accessoires<\/li>\n<li>Peut \u00eatre connect\u00e9 \u00e0 l'application DJI Mimo pour le contr\u00f4le<\/li>\n<li>Prise en charge de l'enregistrement sonore sans fil<\/li>\n<li>Connectivit\u00e9 avec les \u00e9couteurs externes via un adaptateur de 3,5 mm<\/li>\n<li>Comprend un haut-parleur int\u00e9gr\u00e9 pour la lecture audio<\/li>\n<li>Compatible avec les tr\u00e9pieds et les accessoires suppl\u00e9mentaires<\/li>\n<\/ul>","protected":false},"featured_media":6891,"template":"","meta":{"_acf_changed":false},"product_brand":[],"product_cat":[410,97,297,778,804],"product_tag":[],"class_list":{"0":"post-6896","1":"product","2":"type-product","3":"status-publish","4":"has-post-thumbnail","6":"product_cat-alle-handheld-gimbals","7":"product_cat-alle-producten","8":"product_cat-dji-osmo","9":"product_cat-dji-osmo-pocket","10":"product_cat-dji-pocket-2","11":"product_shipping_class-outofstock","12":"pa_brand-dji","13":"pa_productfamily-gimbal-accessoire","14":"pa_producttype-gimbal-accessoire","15":"pa_series-osmo-pocket","17":"first","18":"outofstock","19":"taxable","20":"shipping-taxable","21":"purchasable","22":"product-type-simple"},"acf":[],"yoast_head":"<!-- This site is optimized with the Yoast SEO Premium plugin v27.2 (Yoast SEO v27.2) - https:\/\/yoast.com\/product\/yoast-seo-premium-wordpress\/ -->\n<title>DJI Pocket 2 Do-It-All Handle - koningdrone.be<\/title>\n<meta name=\"robots\" content=\"index, follow, max-snippet:-1, max-image-preview:large, max-video-preview:-1\" \/>\n<link rel=\"canonical\" href=\"https:\/\/koningdrone.be\/fr\/produit\/dji-pocket-2-do-it-all-handle\/\" \/>\n<meta property=\"og:locale\" content=\"fr_FR\" \/>\n<meta property=\"og:type\" content=\"article\" \/>\n<meta property=\"og:title\" content=\"DJI Pocket 2 Do-It-All Handle\" \/>\n<meta property=\"og:description\" content=\"Comfortabel om vast te houden  Ge\u00efntegreerde Wi-Fi- en Bluetooth-module  Draadloze microfoonontvanger inbegrepen  Ingebouwd 1\/4&quot; schroefdraadgat voor accessoires  Kan worden aangesloten op de DJI Mimo-app voor bediening  Ondersteunt draadloze geluidsopname  Externe oortelefoon\/hoofdtelefoon-connectiviteit via 3,5 mm-adapter  Inclusief ingebouwde luidspreker voor het afspelen van audio  Compatibel met statieven en extra accessoires\" \/>\n<meta property=\"og:url\" content=\"https:\/\/koningdrone.be\/fr\/produit\/dji-pocket-2-do-it-all-handle\/\" \/>\n<meta property=\"og:site_name\" content=\"koningdrone.be\" \/>\n<meta property=\"article:modified_time\" content=\"2026-04-29T13:01:10+00:00\" \/>\n<meta property=\"og:image\" content=\"https:\/\/koningdrone.be\/wp-content\/uploads\/sites\/13\/2025\/04\/932c3ad002b1c1103aca17b9cd72c613@ultra.png\" \/>\n\t<meta property=\"og:image:width\" content=\"1280\" \/>\n\t<meta property=\"og:image:height\" content=\"1280\" \/>\n\t<meta property=\"og:image:type\" content=\"image\/png\" \/>\n<meta name=\"twitter:card\" content=\"summary_large_image\" \/>\n<meta name=\"twitter:label1\" content=\"Dur\u00e9e de lecture est.\" \/>\n\t<meta name=\"twitter:data1\" content=\"1 minute\" \/>\n<script type=\"application\/ld+json\" class=\"yoast-schema-graph\">{\"@context\":\"https:\/\/schema.org\",\"@graph\":[{\"@type\":\"WebPage\",\"@id\":\"https:\/\/koningdrone.be\/product\/dji-pocket-2-do-it-all-handle\/\",\"url\":\"https:\/\/koningdrone.be\/product\/dji-pocket-2-do-it-all-handle\/\",\"name\":\"DJI Pocket 2 Do-It-All Handle - koningdrone.be\",\"isPartOf\":{\"@id\":\"https:\/\/koningdrone.be\/#website\"},\"primaryImageOfPage\":{\"@id\":\"https:\/\/koningdrone.be\/product\/dji-pocket-2-do-it-all-handle\/#primaryimage\"},\"image\":{\"@id\":\"https:\/\/koningdrone.be\/product\/dji-pocket-2-do-it-all-handle\/#primaryimage\"},\"thumbnailUrl\":\"https:\/\/koningdrone.be\/wp-content\/uploads\/sites\/13\/2025\/04\/932c3ad002b1c1103aca17b9cd72c613@ultra.png\",\"datePublished\":\"2020-12-11T12:00:08+00:00\",\"dateModified\":\"2026-04-29T13:01:10+00:00\",\"breadcrumb\":{\"@id\":\"https:\/\/koningdrone.be\/product\/dji-pocket-2-do-it-all-handle\/#breadcrumb\"},\"inLanguage\":\"fr-BE\",\"potentialAction\":[{\"@type\":\"ReadAction\",\"target\":[\"https:\/\/koningdrone.be\/product\/dji-pocket-2-do-it-all-handle\/\"]}]},{\"@type\":\"ImageObject\",\"inLanguage\":\"fr-BE\",\"@id\":\"https:\/\/koningdrone.be\/product\/dji-pocket-2-do-it-all-handle\/#primaryimage\",\"url\":\"https:\/\/koningdrone.be\/wp-content\/uploads\/sites\/13\/2025\/04\/932c3ad002b1c1103aca17b9cd72c613@ultra.png\",\"contentUrl\":\"https:\/\/koningdrone.be\/wp-content\/uploads\/sites\/13\/2025\/04\/932c3ad002b1c1103aca17b9cd72c613@ultra.png\",\"width\":1280,\"height\":1280},{\"@type\":\"BreadcrumbList\",\"@id\":\"https:\/\/koningdrone.be\/product\/dji-pocket-2-do-it-all-handle\/#breadcrumb\",\"itemListElement\":[{\"@type\":\"ListItem\",\"position\":1,\"name\":\"Home\",\"item\":\"https:\/\/koningdrone.be\/\"},{\"@type\":\"ListItem\",\"position\":2,\"name\":\"AVSS Parachute Recovery System for DJI Matrice 300\/350\",\"item\":\"https:\/\/koningdrone.be\/product\/avss-parachute-recovery-system-for-dji-matrice-300-350\/\"},{\"@type\":\"ListItem\",\"position\":3,\"name\":\"Alle handheld gimbals\",\"item\":\"https:\/\/koningdrone.be\/categorie\/alle-handheld-gimbals\/\"},{\"@type\":\"ListItem\",\"position\":4,\"name\":\"DJI Pocket 2 Do-It-All Handle\"}]},{\"@type\":\"WebSite\",\"@id\":\"https:\/\/koningdrone.be\/#website\",\"url\":\"https:\/\/koningdrone.be\/\",\"name\":\"Koningdrone.be - Uw online specialist in drones, gimbals, camera's en power stations.\",\"description\":\"De webshop in drones en gimbals\",\"publisher\":{\"@id\":\"https:\/\/koningdrone.be\/#organization\"},\"potentialAction\":[{\"@type\":\"SearchAction\",\"target\":{\"@type\":\"EntryPoint\",\"urlTemplate\":\"https:\/\/koningdrone.be\/?s={search_term_string}\"},\"query-input\":{\"@type\":\"PropertyValueSpecification\",\"valueRequired\":true,\"valueName\":\"search_term_string\"}}],\"inLanguage\":\"fr-BE\"},{\"@type\":\"Organization\",\"@id\":\"https:\/\/koningdrone.be\/#organization\",\"name\":\"Koningdrone.be\",\"url\":\"https:\/\/koningdrone.be\/\",\"logo\":{\"@type\":\"ImageObject\",\"inLanguage\":\"fr-BE\",\"@id\":\"https:\/\/koningdrone.be\/#\/schema\/logo\/image\/\",\"url\":\"https:\/\/koningdrone.be\/wp-content\/uploads\/sites\/13\/2025\/04\/koningdrone-copyright-logo.svg\",\"contentUrl\":\"https:\/\/koningdrone.be\/wp-content\/uploads\/sites\/13\/2025\/04\/koningdrone-copyright-logo.svg\",\"width\":227,\"height\":38,\"caption\":\"Koningdrone.be\"},\"image\":{\"@id\":\"https:\/\/koningdrone.be\/#\/schema\/logo\/image\/\"}}]}<\/script>\n<!-- \/ Yoast SEO Premium plugin. -->","yoast_head_json":{"title":"DJI Pocket 2 Do-It-All Handle - koningdrone.be","robots":{"index":"index","follow":"follow","max-snippet":"max-snippet:-1","max-image-preview":"max-image-preview:large","max-video-preview":"max-video-preview:-1"},"canonical":"https:\/\/koningdrone.be\/fr\/produit\/dji-pocket-2-do-it-all-handle\/","og_locale":"fr_FR","og_type":"article","og_title":"DJI Pocket 2 Do-It-All Handle","og_description":"Comfortabel om vast te houden  Ge\u00efntegreerde Wi-Fi- en Bluetooth-module  Draadloze microfoonontvanger inbegrepen  Ingebouwd 1\/4\" schroefdraadgat voor accessoires  Kan worden aangesloten op de DJI Mimo-app voor bediening  Ondersteunt draadloze geluidsopname  Externe oortelefoon\/hoofdtelefoon-connectiviteit via 3,5 mm-adapter  Inclusief ingebouwde luidspreker voor het afspelen van audio  Compatibel met statieven en extra accessoires","og_url":"https:\/\/koningdrone.be\/fr\/produit\/dji-pocket-2-do-it-all-handle\/","og_site_name":"koningdrone.be","article_modified_time":"2026-04-29T13:01:10+00:00","og_image":[{"width":1280,"height":1280,"url":"https:\/\/koningdrone.be\/wp-content\/uploads\/sites\/13\/2025\/04\/932c3ad002b1c1103aca17b9cd72c613@ultra.png","type":"image\/png"}],"twitter_card":"summary_large_image","twitter_misc":{"Dur\u00e9e de lecture est.":"1 minute"},"schema":{"@context":"https:\/\/schema.org","@graph":[{"@type":"WebPage","@id":"https:\/\/koningdrone.be\/product\/dji-pocket-2-do-it-all-handle\/","url":"https:\/\/koningdrone.be\/product\/dji-pocket-2-do-it-all-handle\/","name":"DJI Pocket 2 Do-It-All Handle - koningdrone.be","isPartOf":{"@id":"https:\/\/koningdrone.be\/#website"},"primaryImageOfPage":{"@id":"https:\/\/koningdrone.be\/product\/dji-pocket-2-do-it-all-handle\/#primaryimage"},"image":{"@id":"https:\/\/koningdrone.be\/product\/dji-pocket-2-do-it-all-handle\/#primaryimage"},"thumbnailUrl":"https:\/\/koningdrone.be\/wp-content\/uploads\/sites\/13\/2025\/04\/932c3ad002b1c1103aca17b9cd72c613@ultra.png","datePublished":"2020-12-11T12:00:08+00:00","dateModified":"2026-04-29T13:01:10+00:00","breadcrumb":{"@id":"https:\/\/koningdrone.be\/product\/dji-pocket-2-do-it-all-handle\/#breadcrumb"},"inLanguage":"fr-BE","potentialAction":[{"@type":"ReadAction","target":["https:\/\/koningdrone.be\/product\/dji-pocket-2-do-it-all-handle\/"]}]},{"@type":"ImageObject","inLanguage":"fr-BE","@id":"https:\/\/koningdrone.be\/product\/dji-pocket-2-do-it-all-handle\/#primaryimage","url":"https:\/\/koningdrone.be\/wp-content\/uploads\/sites\/13\/2025\/04\/932c3ad002b1c1103aca17b9cd72c613@ultra.png","contentUrl":"https:\/\/koningdrone.be\/wp-content\/uploads\/sites\/13\/2025\/04\/932c3ad002b1c1103aca17b9cd72c613@ultra.png","width":1280,"height":1280},{"@type":"BreadcrumbList","@id":"https:\/\/koningdrone.be\/product\/dji-pocket-2-do-it-all-handle\/#breadcrumb","itemListElement":[{"@type":"ListItem","position":1,"name":"Home","item":"https:\/\/koningdrone.be\/"},{"@type":"ListItem","position":2,"name":"AVSS Parachute Recovery System for DJI Matrice 300\/350","item":"https:\/\/koningdrone.be\/product\/avss-parachute-recovery-system-for-dji-matrice-300-350\/"},{"@type":"ListItem","position":3,"name":"Alle handheld gimbals","item":"https:\/\/koningdrone.be\/categorie\/alle-handheld-gimbals\/"},{"@type":"ListItem","position":4,"name":"DJI Pocket 2 Do-It-All Handle"}]},{"@type":"WebSite","@id":"https:\/\/koningdrone.be\/#website","url":"https:\/\/koningdrone.be\/","name":"Koningdrone.be - Votre sp\u00e9cialiste en ligne en mati\u00e8re de drones, de cardans, de cam\u00e9ras et de centrales \u00e9lectriques.","description":"La boutique en ligne de drones et de cardans","publisher":{"@id":"https:\/\/koningdrone.be\/#organization"},"potentialAction":[{"@type":"SearchAction","target":{"@type":"EntryPoint","urlTemplate":"https:\/\/koningdrone.be\/?s={search_term_string}"},"query-input":{"@type":"PropertyValueSpecification","valueRequired":true,"valueName":"search_term_string"}}],"inLanguage":"fr-BE"},{"@type":"Organization","@id":"https:\/\/koningdrone.be\/#organization","name":"Kingdrone.co.uk","url":"https:\/\/koningdrone.be\/","logo":{"@type":"ImageObject","inLanguage":"fr-BE","@id":"https:\/\/koningdrone.be\/#\/schema\/logo\/image\/","url":"https:\/\/koningdrone.be\/wp-content\/uploads\/sites\/13\/2025\/04\/koningdrone-copyright-logo.svg","contentUrl":"https:\/\/koningdrone.be\/wp-content\/uploads\/sites\/13\/2025\/04\/koningdrone-copyright-logo.svg","width":227,"height":38,"caption":"Koningdrone.be"},"image":{"@id":"https:\/\/koningdrone.be\/#\/schema\/logo\/image\/"}}]}},"df_price":99,"df_sale_price":"","df_regular_price":99,"df_image_link":"https:\/\/koningdrone.be\/wp-content\/uploads\/sites\/13\/2025\/04\/932c3ad002b1c1103aca17b9cd72c613@ultra-300x300.png","_links":{"self":[{"href":"https:\/\/koningdrone.be\/fr\/wp-json\/wp\/v2\/product\/6896","targetHints":{"allow":["GET"]}}],"collection":[{"href":"https:\/\/koningdrone.be\/fr\/wp-json\/wp\/v2\/product"}],"about":[{"href":"https:\/\/koningdrone.be\/fr\/wp-json\/wp\/v2\/types\/product"}],"wp:featuredmedia":[{"embeddable":true,"href":"https:\/\/koningdrone.be\/fr\/wp-json\/wp\/v2\/media\/6891"}],"wp:attachment":[{"href":"https:\/\/koningdrone.be\/fr\/wp-json\/wp\/v2\/media?parent=6896"}],"wp:term":[{"taxonomy":"product_brand","embeddable":true,"href":"https:\/\/koningdrone.be\/fr\/wp-json\/wp\/v2\/product_brand?post=6896"},{"taxonomy":"product_cat","embeddable":true,"href":"https:\/\/koningdrone.be\/fr\/wp-json\/wp\/v2\/product_cat?post=6896"},{"taxonomy":"product_tag","embeddable":true,"href":"https:\/\/koningdrone.be\/fr\/wp-json\/wp\/v2\/product_tag?post=6896"}],"curies":[{"name":"wp","href":"https:\/\/api.w.org\/{rel}","templated":true}]}}