{"id":6889,"date":"2020-12-11T13:00:08","date_gmt":"2020-12-11T12:00:08","guid":{"rendered":"https:\/\/koningdrone.nl\/kon\/product\/dji-mini-2-oplaadhub\/"},"modified":"2026-04-29T03:40:33","modified_gmt":"2026-04-29T01:40:33","slug":"dji-mini-2-oplaadhub","status":"publish","type":"product","link":"https:\/\/koningdrone.be\/fr\/produit\/dji-mini-2-oplaadhub\/","title":{"rendered":"Concentrateur de charge DJI Mini 2"},"content":{"rendered":"<h1>Concentrateur de charge DJI Mini 2<\/h1>\n<p>Le DJI Mini 2 Two-Way Charging Hub est une station de charge qui vous permet de charger jusqu'\u00e0 3 batteries simultan\u00e9ment en seulement 240 minutes. V\u00e9rifiez l'\u00e9tat de vos batteries gr\u00e2ce aux indicateurs LED et utilisez \u00e9galement le hub comme banque d'alimentation pour tous vos autres appareils.<\/p>","protected":false},"excerpt":{"rendered":"<ul>\n<li>Chargement simultan\u00e9 de trois batteries<\/li>\n<li>Avec le chargeur USB DJI 18W, toutes vos batteries sont recharg\u00e9es en 240 minutes.<\/li>\n<li>Des indicateurs LED sur le concentrateur indiquent l'\u00e9tat de la batterie<\/li>\n<li>Le concentrateur de charge peut \u00e9galement \u00eatre utilis\u00e9 comme banque d'\u00e9nergie.<\/li>\n<li>Convient \u00e9galement \u00e0 d'autres s\u00e9ries telles que DJI Pocket et Osmo Action<\/li>\n<\/ul>","protected":false},"featured_media":6887,"template":"","meta":{"_acf_changed":false},"product_brand":[],"product_cat":[111,97,871,611],"product_tag":[],"class_list":{"0":"post-6889","1":"product","2":"type-product","3":"status-publish","4":"has-post-thumbnail","6":"product_cat-alle-opladers","7":"product_cat-alle-producten","8":"product_cat-dji-mavic","9":"product_cat-dji-mini-2","10":"product_shipping_class-uavspacesall","11":"pa_brand-dji","12":"pa_productfamily-oplader","13":"pa_producttype-oplader","14":"pa_series-mini-2","16":"first","17":"instock","18":"taxable","19":"shipping-taxable","20":"purchasable","21":"product-type-simple"},"acf":[],"yoast_head":"<!-- This site is optimized with the Yoast SEO Premium plugin v27.2 (Yoast SEO v27.2) - https:\/\/yoast.com\/product\/yoast-seo-premium-wordpress\/ -->\n<title>DJI Mini 2 Oplaadhub - koningdrone.be<\/title>\n<meta name=\"robots\" content=\"index, follow, max-snippet:-1, max-image-preview:large, max-video-preview:-1\" \/>\n<link rel=\"canonical\" href=\"https:\/\/koningdrone.be\/fr\/produit\/dji-mini-2-oplaadhub\/\" \/>\n<meta property=\"og:locale\" content=\"fr_FR\" \/>\n<meta property=\"og:type\" content=\"article\" \/>\n<meta property=\"og:title\" content=\"DJI Mini 2 Oplaadhub\" \/>\n<meta property=\"og:description\" content=\"Laad drie batterijen tegelijkertijd op  Met de DJI 18W USB-oplader zijn al je batterijen in 240 minuten volledig opgeladen  LED-indicatoren op de hub geven de status van de batterijen aan  De charging hub kan je ook gebruiken als powerbank  Ook geschikt voor andere series zoals de DJI Pocket en Osmo Action\" \/>\n<meta property=\"og:url\" content=\"https:\/\/koningdrone.be\/fr\/produit\/dji-mini-2-oplaadhub\/\" \/>\n<meta property=\"og:site_name\" content=\"koningdrone.be\" \/>\n<meta property=\"article:modified_time\" content=\"2026-04-29T01:40:33+00:00\" \/>\n<meta property=\"og:image\" content=\"https:\/\/koningdrone.be\/wp-content\/uploads\/sites\/13\/2025\/04\/6941565906519-1.jpg\" \/>\n\t<meta property=\"og:image:width\" content=\"600\" \/>\n\t<meta property=\"og:image:height\" content=\"443\" \/>\n\t<meta property=\"og:image:type\" content=\"image\/jpeg\" \/>\n<meta name=\"twitter:card\" content=\"summary_large_image\" \/>\n<script type=\"application\/ld+json\" class=\"yoast-schema-graph\">{\"@context\":\"https:\/\/schema.org\",\"@graph\":[{\"@type\":\"WebPage\",\"@id\":\"https:\/\/koningdrone.be\/product\/dji-mini-2-oplaadhub\/\",\"url\":\"https:\/\/koningdrone.be\/product\/dji-mini-2-oplaadhub\/\",\"name\":\"DJI Mini 2 Oplaadhub - koningdrone.be\",\"isPartOf\":{\"@id\":\"https:\/\/koningdrone.be\/#website\"},\"primaryImageOfPage\":{\"@id\":\"https:\/\/koningdrone.be\/product\/dji-mini-2-oplaadhub\/#primaryimage\"},\"image\":{\"@id\":\"https:\/\/koningdrone.be\/product\/dji-mini-2-oplaadhub\/#primaryimage\"},\"thumbnailUrl\":\"https:\/\/koningdrone.be\/wp-content\/uploads\/sites\/13\/2025\/04\/6941565906519-1.jpg\",\"datePublished\":\"2020-12-11T12:00:08+00:00\",\"dateModified\":\"2026-04-29T01:40:33+00:00\",\"breadcrumb\":{\"@id\":\"https:\/\/koningdrone.be\/product\/dji-mini-2-oplaadhub\/#breadcrumb\"},\"inLanguage\":\"fr-BE\",\"potentialAction\":[{\"@type\":\"ReadAction\",\"target\":[\"https:\/\/koningdrone.be\/product\/dji-mini-2-oplaadhub\/\"]}]},{\"@type\":\"ImageObject\",\"inLanguage\":\"fr-BE\",\"@id\":\"https:\/\/koningdrone.be\/product\/dji-mini-2-oplaadhub\/#primaryimage\",\"url\":\"https:\/\/koningdrone.be\/wp-content\/uploads\/sites\/13\/2025\/04\/6941565906519-1.jpg\",\"contentUrl\":\"https:\/\/koningdrone.be\/wp-content\/uploads\/sites\/13\/2025\/04\/6941565906519-1.jpg\",\"width\":600,\"height\":443},{\"@type\":\"BreadcrumbList\",\"@id\":\"https:\/\/koningdrone.be\/product\/dji-mini-2-oplaadhub\/#breadcrumb\",\"itemListElement\":[{\"@type\":\"ListItem\",\"position\":1,\"name\":\"Home\",\"item\":\"https:\/\/koningdrone.be\/\"},{\"@type\":\"ListItem\",\"position\":2,\"name\":\"AVSS Parachute Recovery System for DJI Matrice 300\/350\",\"item\":\"https:\/\/koningdrone.be\/product\/avss-parachute-recovery-system-for-dji-matrice-300-350\/\"},{\"@type\":\"ListItem\",\"position\":3,\"name\":\"Alle opladers\",\"item\":\"https:\/\/koningdrone.be\/categorie\/alle-opladers\/\"},{\"@type\":\"ListItem\",\"position\":4,\"name\":\"DJI Mini 2 Oplaadhub\"}]},{\"@type\":\"WebSite\",\"@id\":\"https:\/\/koningdrone.be\/#website\",\"url\":\"https:\/\/koningdrone.be\/\",\"name\":\"Koningdrone.be - Uw online specialist in drones, gimbals, camera's en power stations.\",\"description\":\"De webshop in drones en gimbals\",\"publisher\":{\"@id\":\"https:\/\/koningdrone.be\/#organization\"},\"potentialAction\":[{\"@type\":\"SearchAction\",\"target\":{\"@type\":\"EntryPoint\",\"urlTemplate\":\"https:\/\/koningdrone.be\/?s={search_term_string}\"},\"query-input\":{\"@type\":\"PropertyValueSpecification\",\"valueRequired\":true,\"valueName\":\"search_term_string\"}}],\"inLanguage\":\"fr-BE\"},{\"@type\":\"Organization\",\"@id\":\"https:\/\/koningdrone.be\/#organization\",\"name\":\"Koningdrone.be\",\"url\":\"https:\/\/koningdrone.be\/\",\"logo\":{\"@type\":\"ImageObject\",\"inLanguage\":\"fr-BE\",\"@id\":\"https:\/\/koningdrone.be\/#\/schema\/logo\/image\/\",\"url\":\"https:\/\/koningdrone.be\/wp-content\/uploads\/sites\/13\/2025\/04\/koningdrone-copyright-logo.svg\",\"contentUrl\":\"https:\/\/koningdrone.be\/wp-content\/uploads\/sites\/13\/2025\/04\/koningdrone-copyright-logo.svg\",\"width\":227,\"height\":38,\"caption\":\"Koningdrone.be\"},\"image\":{\"@id\":\"https:\/\/koningdrone.be\/#\/schema\/logo\/image\/\"}}]}<\/script>\n<!-- \/ Yoast SEO Premium plugin. -->","yoast_head_json":{"title":"DJI Mini 2 Oplaadhub - koningdrone.be","robots":{"index":"index","follow":"follow","max-snippet":"max-snippet:-1","max-image-preview":"max-image-preview:large","max-video-preview":"max-video-preview:-1"},"canonical":"https:\/\/koningdrone.be\/fr\/produit\/dji-mini-2-oplaadhub\/","og_locale":"fr_FR","og_type":"article","og_title":"DJI Mini 2 Oplaadhub","og_description":"Laad drie batterijen tegelijkertijd op  Met de DJI 18W USB-oplader zijn al je batterijen in 240 minuten volledig opgeladen  LED-indicatoren op de hub geven de status van de batterijen aan  De charging hub kan je ook gebruiken als powerbank  Ook geschikt voor andere series zoals de DJI Pocket en Osmo Action","og_url":"https:\/\/koningdrone.be\/fr\/produit\/dji-mini-2-oplaadhub\/","og_site_name":"koningdrone.be","article_modified_time":"2026-04-29T01:40:33+00:00","og_image":[{"width":600,"height":443,"url":"https:\/\/koningdrone.be\/wp-content\/uploads\/sites\/13\/2025\/04\/6941565906519-1.jpg","type":"image\/jpeg"}],"twitter_card":"summary_large_image","schema":{"@context":"https:\/\/schema.org","@graph":[{"@type":"WebPage","@id":"https:\/\/koningdrone.be\/product\/dji-mini-2-oplaadhub\/","url":"https:\/\/koningdrone.be\/product\/dji-mini-2-oplaadhub\/","name":"DJI Mini 2 Oplaadhub - koningdrone.be","isPartOf":{"@id":"https:\/\/koningdrone.be\/#website"},"primaryImageOfPage":{"@id":"https:\/\/koningdrone.be\/product\/dji-mini-2-oplaadhub\/#primaryimage"},"image":{"@id":"https:\/\/koningdrone.be\/product\/dji-mini-2-oplaadhub\/#primaryimage"},"thumbnailUrl":"https:\/\/koningdrone.be\/wp-content\/uploads\/sites\/13\/2025\/04\/6941565906519-1.jpg","datePublished":"2020-12-11T12:00:08+00:00","dateModified":"2026-04-29T01:40:33+00:00","breadcrumb":{"@id":"https:\/\/koningdrone.be\/product\/dji-mini-2-oplaadhub\/#breadcrumb"},"inLanguage":"fr-BE","potentialAction":[{"@type":"ReadAction","target":["https:\/\/koningdrone.be\/product\/dji-mini-2-oplaadhub\/"]}]},{"@type":"ImageObject","inLanguage":"fr-BE","@id":"https:\/\/koningdrone.be\/product\/dji-mini-2-oplaadhub\/#primaryimage","url":"https:\/\/koningdrone.be\/wp-content\/uploads\/sites\/13\/2025\/04\/6941565906519-1.jpg","contentUrl":"https:\/\/koningdrone.be\/wp-content\/uploads\/sites\/13\/2025\/04\/6941565906519-1.jpg","width":600,"height":443},{"@type":"BreadcrumbList","@id":"https:\/\/koningdrone.be\/product\/dji-mini-2-oplaadhub\/#breadcrumb","itemListElement":[{"@type":"ListItem","position":1,"name":"Home","item":"https:\/\/koningdrone.be\/"},{"@type":"ListItem","position":2,"name":"AVSS Parachute Recovery System for DJI Matrice 300\/350","item":"https:\/\/koningdrone.be\/product\/avss-parachute-recovery-system-for-dji-matrice-300-350\/"},{"@type":"ListItem","position":3,"name":"Alle opladers","item":"https:\/\/koningdrone.be\/categorie\/alle-opladers\/"},{"@type":"ListItem","position":4,"name":"DJI Mini 2 Oplaadhub"}]},{"@type":"WebSite","@id":"https:\/\/koningdrone.be\/#website","url":"https:\/\/koningdrone.be\/","name":"Koningdrone.be - Votre sp\u00e9cialiste en ligne en mati\u00e8re de drones, de cardans, de cam\u00e9ras et de centrales \u00e9lectriques.","description":"La boutique en ligne de drones et de cardans","publisher":{"@id":"https:\/\/koningdrone.be\/#organization"},"potentialAction":[{"@type":"SearchAction","target":{"@type":"EntryPoint","urlTemplate":"https:\/\/koningdrone.be\/?s={search_term_string}"},"query-input":{"@type":"PropertyValueSpecification","valueRequired":true,"valueName":"search_term_string"}}],"inLanguage":"fr-BE"},{"@type":"Organization","@id":"https:\/\/koningdrone.be\/#organization","name":"Kingdrone.co.uk","url":"https:\/\/koningdrone.be\/","logo":{"@type":"ImageObject","inLanguage":"fr-BE","@id":"https:\/\/koningdrone.be\/#\/schema\/logo\/image\/","url":"https:\/\/koningdrone.be\/wp-content\/uploads\/sites\/13\/2025\/04\/koningdrone-copyright-logo.svg","contentUrl":"https:\/\/koningdrone.be\/wp-content\/uploads\/sites\/13\/2025\/04\/koningdrone-copyright-logo.svg","width":227,"height":38,"caption":"Koningdrone.be"},"image":{"@id":"https:\/\/koningdrone.be\/#\/schema\/logo\/image\/"}}]}},"df_price":67,"df_sale_price":"","df_regular_price":67,"df_image_link":"https:\/\/koningdrone.be\/wp-content\/uploads\/sites\/13\/2025\/04\/6941565906519-1-300x222.jpg","_links":{"self":[{"href":"https:\/\/koningdrone.be\/fr\/wp-json\/wp\/v2\/product\/6889","targetHints":{"allow":["GET"]}}],"collection":[{"href":"https:\/\/koningdrone.be\/fr\/wp-json\/wp\/v2\/product"}],"about":[{"href":"https:\/\/koningdrone.be\/fr\/wp-json\/wp\/v2\/types\/product"}],"wp:featuredmedia":[{"embeddable":true,"href":"https:\/\/koningdrone.be\/fr\/wp-json\/wp\/v2\/media\/6887"}],"wp:attachment":[{"href":"https:\/\/koningdrone.be\/fr\/wp-json\/wp\/v2\/media?parent=6889"}],"wp:term":[{"taxonomy":"product_brand","embeddable":true,"href":"https:\/\/koningdrone.be\/fr\/wp-json\/wp\/v2\/product_brand?post=6889"},{"taxonomy":"product_cat","embeddable":true,"href":"https:\/\/koningdrone.be\/fr\/wp-json\/wp\/v2\/product_cat?post=6889"},{"taxonomy":"product_tag","embeddable":true,"href":"https:\/\/koningdrone.be\/fr\/wp-json\/wp\/v2\/product_tag?post=6889"}],"curies":[{"name":"wp","href":"https:\/\/api.w.org\/{rel}","templated":true}]}}