{"id":6867,"date":"2020-12-11T13:00:08","date_gmt":"2020-12-11T12:00:08","guid":{"rendered":"https:\/\/koningdrone.nl\/kon\/product\/dji-pocket-2-waterproof-case\/"},"modified":"2026-04-29T15:40:16","modified_gmt":"2026-04-29T13:40:16","slug":"dji-pocket-2-waterproof-case","status":"publish","type":"product","link":"https:\/\/koningdrone.be\/fr\/produit\/dji-pocket-2-waterproof-case\/","title":{"rendered":"\u00c9tui \u00e9tanche DJI Pocket 2"},"content":{"rendered":"<p>Le caisson \u00e9tanche DJI Pocket 2 est un accessoire haut de gamme con\u00e7u pour les photographes et vid\u00e9astes sous-marins ambitieux. Il offre une protection in\u00e9gal\u00e9e \u00e0 votre cam\u00e9ra Pocket 2 lors de vos aventures aquatiques et garantit sa fonctionnalit\u00e9 jusqu'\u00e0 60 m\u00e8tres (environ 197 pieds) sous la surface. Ce bo\u00eetier \u00e9largit consid\u00e9rablement vos possibilit\u00e9s d'exploration et de narration sous l'eau.<\/p>\n<p><strong>Conception de haute qualit\u00e9<\/strong><\/p>\n<p>Construit dans un souci de durabilit\u00e9 et de clart\u00e9, ce bo\u00eetier \u00e9tanche permet \u00e0 votre appareil photo de capturer des images vives et nettes sans souffrir d'\u00e9blouissement ou de distorsion. Il r\u00e9pond aux d\u00e9fis uniques de la photographie sous-marine, permettant \u00e0 votre Pocket 2 d'offrir les meilleures performances dans les environnements marins.<\/p>\n<p><strong>Stabilit\u00e9 et contr\u00f4le<\/strong><\/p>\n<p>Pour garantir la meilleure qualit\u00e9 de vos images sous-marines, le caisson est dot\u00e9 d'une pince s\u00e9curis\u00e9e qui maintient stable la suspension cardanique de l'appareil photo. Cette fonction est essentielle pour \u00e9viter les mouvements ind\u00e9sirables qui peuvent brouiller les images. En outre, le bo\u00eetier est \u00e9quip\u00e9 d'un bouton d'obturation\/enregistrement externe, qui permet d'utiliser facilement l'appareil photo sans avoir \u00e0 ouvrir le bo\u00eetier. Cet ajout bien pens\u00e9 am\u00e9liore votre capacit\u00e9 \u00e0 capturer des moments en toute transparence pendant la plong\u00e9e ou l'apn\u00e9e.<\/p>\n<p><strong>Options de montage<\/strong><\/p>\n<p>Dans un souci de polyvalence, la valise \u00e9tanche DJI Pocket 2 est \u00e9quip\u00e9e de deux supports de montage externes. Ces supports vous permettent d'attacher sans effort le bo\u00eetier \u00e0 d'autres \u00e9quipements, vous offrant ainsi une grande flexibilit\u00e9 lors de l'installation de votre \u00e9quipement d'enregistrement sous-marin. Que la cam\u00e9ra soit fix\u00e9e \u00e0 un casque pour une perspective \u00e0 la premi\u00e8re personne ou mont\u00e9e sur un autre \u00e9quipement de stabilisation, ces options vous permettent de vous concentrer sur la capture de vos exp\u00e9riences sous-marines de la mani\u00e8re la plus efficace possible.<\/p>\n<p><strong>Id\u00e9al pour les passionn\u00e9s et les professionnels<\/strong><\/p>\n<p>Cet \u00e9tui \u00e9tanche est parfait pour tous ceux qui souhaitent se lancer dans la photographie ou la vid\u00e9ographie sous-marine avec leur DJI Pocket 2. Il efface les fronti\u00e8res entre le monde sous-marin et l'expression cr\u00e9ative, permettant aux d\u00e9butants comme aux professionnels chevronn\u00e9s de capturer la beaut\u00e9 des profondeurs avec une clart\u00e9 stup\u00e9fiante .<\/p>\n<p>&nbsp;<\/p>","protected":false},"excerpt":{"rendered":"<ul>\n<li>\u00c9tanch\u00e9it\u00e9 jusqu'\u00e0 60 m\u00e8tres<\/li>\n<li>Permet une imagerie sous-marine de haute qualit\u00e9<\/li>\n<li>Enregistrement sans \u00e9blouissement ni distorsion<\/li>\n<li>La pince interne fixe le cardan<\/li>\n<li>D\u00e9clencheur\/bouton d'enregistrement inclus<\/li>\n<li>\u00c9quip\u00e9 de deux supports de montage<\/li>\n<li>Am\u00e9liore l'exp\u00e9rience de tir<\/li>\n<\/ul>","protected":false},"featured_media":6865,"template":"","meta":{"_acf_changed":false},"product_brand":[],"product_cat":[756,410,97,297,804],"product_tag":[],"class_list":{"0":"post-6867","1":"product","2":"type-product","3":"status-publish","4":"has-post-thumbnail","6":"product_cat-accessoires","7":"product_cat-alle-handheld-gimbals","8":"product_cat-alle-producten","9":"product_cat-dji-osmo","10":"product_cat-dji-pocket-2","11":"product_shipping_class-outofstock","12":"pa_brand-dji","13":"pa_productfamily-action-cam-accessoires","14":"pa_producttype-action-cam-accessoires","15":"pa_series-osmo-pocket","17":"first","18":"outofstock","19":"taxable","20":"shipping-taxable","21":"purchasable","22":"product-type-simple"},"acf":[],"yoast_head":"<!-- This site is optimized with the Yoast SEO Premium plugin v27.2 (Yoast SEO v27.2) - https:\/\/yoast.com\/product\/yoast-seo-premium-wordpress\/ -->\n<title>DJI Pocket 2 Waterproof Case - koningdrone.be<\/title>\n<meta name=\"robots\" content=\"index, follow, max-snippet:-1, max-image-preview:large, max-video-preview:-1\" \/>\n<link rel=\"canonical\" href=\"https:\/\/koningdrone.be\/fr\/produit\/dji-pocket-2-waterproof-case\/\" \/>\n<meta property=\"og:locale\" content=\"fr_FR\" \/>\n<meta property=\"og:type\" content=\"article\" \/>\n<meta property=\"og:title\" content=\"DJI Pocket 2 Waterproof Case\" \/>\n<meta property=\"og:description\" content=\"Waterdicht tot 60 meter  Maakt onderwaterbeelden van hoge kwaliteit mogelijk  Verblindings- en vervormingsvrije opname  Interne klem beveiligt de gimbal  Inclusief sluiter\/opnameknop  Voorzien van twee montagebeugels  Verbetert de schietervaring\" \/>\n<meta property=\"og:url\" content=\"https:\/\/koningdrone.be\/fr\/produit\/dji-pocket-2-waterproof-case\/\" \/>\n<meta property=\"og:site_name\" content=\"koningdrone.be\" \/>\n<meta property=\"article:modified_time\" content=\"2026-04-29T13:40:16+00:00\" \/>\n<meta property=\"og:image\" content=\"https:\/\/koningdrone.be\/wp-content\/uploads\/sites\/13\/2025\/04\/18ee28ed5d1756a706f710eeaf634390@large.jpg\" \/>\n\t<meta property=\"og:image:width\" content=\"1200\" \/>\n\t<meta property=\"og:image:height\" content=\"800\" \/>\n\t<meta property=\"og:image:type\" content=\"image\/jpeg\" \/>\n<meta name=\"twitter:card\" content=\"summary_large_image\" \/>\n<meta name=\"twitter:label1\" content=\"Dur\u00e9e de lecture est.\" \/>\n\t<meta name=\"twitter:data1\" content=\"2 minutes\" \/>\n<script type=\"application\/ld+json\" class=\"yoast-schema-graph\">{\"@context\":\"https:\/\/schema.org\",\"@graph\":[{\"@type\":\"WebPage\",\"@id\":\"https:\/\/koningdrone.be\/product\/dji-pocket-2-waterproof-case\/\",\"url\":\"https:\/\/koningdrone.be\/product\/dji-pocket-2-waterproof-case\/\",\"name\":\"DJI Pocket 2 Waterproof Case - koningdrone.be\",\"isPartOf\":{\"@id\":\"https:\/\/koningdrone.be\/#website\"},\"primaryImageOfPage\":{\"@id\":\"https:\/\/koningdrone.be\/product\/dji-pocket-2-waterproof-case\/#primaryimage\"},\"image\":{\"@id\":\"https:\/\/koningdrone.be\/product\/dji-pocket-2-waterproof-case\/#primaryimage\"},\"thumbnailUrl\":\"https:\/\/koningdrone.be\/wp-content\/uploads\/sites\/13\/2025\/04\/18ee28ed5d1756a706f710eeaf634390@large.jpg\",\"datePublished\":\"2020-12-11T12:00:08+00:00\",\"dateModified\":\"2026-04-29T13:40:16+00:00\",\"breadcrumb\":{\"@id\":\"https:\/\/koningdrone.be\/product\/dji-pocket-2-waterproof-case\/#breadcrumb\"},\"inLanguage\":\"fr-BE\",\"potentialAction\":[{\"@type\":\"ReadAction\",\"target\":[\"https:\/\/koningdrone.be\/product\/dji-pocket-2-waterproof-case\/\"]}]},{\"@type\":\"ImageObject\",\"inLanguage\":\"fr-BE\",\"@id\":\"https:\/\/koningdrone.be\/product\/dji-pocket-2-waterproof-case\/#primaryimage\",\"url\":\"https:\/\/koningdrone.be\/wp-content\/uploads\/sites\/13\/2025\/04\/18ee28ed5d1756a706f710eeaf634390@large.jpg\",\"contentUrl\":\"https:\/\/koningdrone.be\/wp-content\/uploads\/sites\/13\/2025\/04\/18ee28ed5d1756a706f710eeaf634390@large.jpg\",\"width\":1200,\"height\":800},{\"@type\":\"BreadcrumbList\",\"@id\":\"https:\/\/koningdrone.be\/product\/dji-pocket-2-waterproof-case\/#breadcrumb\",\"itemListElement\":[{\"@type\":\"ListItem\",\"position\":1,\"name\":\"Home\",\"item\":\"https:\/\/koningdrone.be\/\"},{\"@type\":\"ListItem\",\"position\":2,\"name\":\"AVSS Parachute Recovery System for DJI Matrice 300\/350\",\"item\":\"https:\/\/koningdrone.be\/product\/avss-parachute-recovery-system-for-dji-matrice-300-350\/\"},{\"@type\":\"ListItem\",\"position\":3,\"name\":\"Accessoires\",\"item\":\"https:\/\/koningdrone.be\/categorie\/accessoires\/\"},{\"@type\":\"ListItem\",\"position\":4,\"name\":\"DJI Pocket 2 Waterproof Case\"}]},{\"@type\":\"WebSite\",\"@id\":\"https:\/\/koningdrone.be\/#website\",\"url\":\"https:\/\/koningdrone.be\/\",\"name\":\"Koningdrone.be - Uw online specialist in drones, gimbals, camera's en power stations.\",\"description\":\"De webshop in drones en gimbals\",\"publisher\":{\"@id\":\"https:\/\/koningdrone.be\/#organization\"},\"potentialAction\":[{\"@type\":\"SearchAction\",\"target\":{\"@type\":\"EntryPoint\",\"urlTemplate\":\"https:\/\/koningdrone.be\/?s={search_term_string}\"},\"query-input\":{\"@type\":\"PropertyValueSpecification\",\"valueRequired\":true,\"valueName\":\"search_term_string\"}}],\"inLanguage\":\"fr-BE\"},{\"@type\":\"Organization\",\"@id\":\"https:\/\/koningdrone.be\/#organization\",\"name\":\"Koningdrone.be\",\"url\":\"https:\/\/koningdrone.be\/\",\"logo\":{\"@type\":\"ImageObject\",\"inLanguage\":\"fr-BE\",\"@id\":\"https:\/\/koningdrone.be\/#\/schema\/logo\/image\/\",\"url\":\"https:\/\/koningdrone.be\/wp-content\/uploads\/sites\/13\/2025\/04\/koningdrone-copyright-logo.svg\",\"contentUrl\":\"https:\/\/koningdrone.be\/wp-content\/uploads\/sites\/13\/2025\/04\/koningdrone-copyright-logo.svg\",\"width\":227,\"height\":38,\"caption\":\"Koningdrone.be\"},\"image\":{\"@id\":\"https:\/\/koningdrone.be\/#\/schema\/logo\/image\/\"}}]}<\/script>\n<!-- \/ Yoast SEO Premium plugin. -->","yoast_head_json":{"title":"DJI Pocket 2 Waterproof Case - koningdrone.be","robots":{"index":"index","follow":"follow","max-snippet":"max-snippet:-1","max-image-preview":"max-image-preview:large","max-video-preview":"max-video-preview:-1"},"canonical":"https:\/\/koningdrone.be\/fr\/produit\/dji-pocket-2-waterproof-case\/","og_locale":"fr_FR","og_type":"article","og_title":"DJI Pocket 2 Waterproof Case","og_description":"Waterdicht tot 60 meter  Maakt onderwaterbeelden van hoge kwaliteit mogelijk  Verblindings- en vervormingsvrije opname  Interne klem beveiligt de gimbal  Inclusief sluiter\/opnameknop  Voorzien van twee montagebeugels  Verbetert de schietervaring","og_url":"https:\/\/koningdrone.be\/fr\/produit\/dji-pocket-2-waterproof-case\/","og_site_name":"koningdrone.be","article_modified_time":"2026-04-29T13:40:16+00:00","og_image":[{"width":1200,"height":800,"url":"https:\/\/koningdrone.be\/wp-content\/uploads\/sites\/13\/2025\/04\/18ee28ed5d1756a706f710eeaf634390@large.jpg","type":"image\/jpeg"}],"twitter_card":"summary_large_image","twitter_misc":{"Dur\u00e9e de lecture est.":"2 minutes"},"schema":{"@context":"https:\/\/schema.org","@graph":[{"@type":"WebPage","@id":"https:\/\/koningdrone.be\/product\/dji-pocket-2-waterproof-case\/","url":"https:\/\/koningdrone.be\/product\/dji-pocket-2-waterproof-case\/","name":"DJI Pocket 2 Waterproof Case - koningdrone.be","isPartOf":{"@id":"https:\/\/koningdrone.be\/#website"},"primaryImageOfPage":{"@id":"https:\/\/koningdrone.be\/product\/dji-pocket-2-waterproof-case\/#primaryimage"},"image":{"@id":"https:\/\/koningdrone.be\/product\/dji-pocket-2-waterproof-case\/#primaryimage"},"thumbnailUrl":"https:\/\/koningdrone.be\/wp-content\/uploads\/sites\/13\/2025\/04\/18ee28ed5d1756a706f710eeaf634390@large.jpg","datePublished":"2020-12-11T12:00:08+00:00","dateModified":"2026-04-29T13:40:16+00:00","breadcrumb":{"@id":"https:\/\/koningdrone.be\/product\/dji-pocket-2-waterproof-case\/#breadcrumb"},"inLanguage":"fr-BE","potentialAction":[{"@type":"ReadAction","target":["https:\/\/koningdrone.be\/product\/dji-pocket-2-waterproof-case\/"]}]},{"@type":"ImageObject","inLanguage":"fr-BE","@id":"https:\/\/koningdrone.be\/product\/dji-pocket-2-waterproof-case\/#primaryimage","url":"https:\/\/koningdrone.be\/wp-content\/uploads\/sites\/13\/2025\/04\/18ee28ed5d1756a706f710eeaf634390@large.jpg","contentUrl":"https:\/\/koningdrone.be\/wp-content\/uploads\/sites\/13\/2025\/04\/18ee28ed5d1756a706f710eeaf634390@large.jpg","width":1200,"height":800},{"@type":"BreadcrumbList","@id":"https:\/\/koningdrone.be\/product\/dji-pocket-2-waterproof-case\/#breadcrumb","itemListElement":[{"@type":"ListItem","position":1,"name":"Home","item":"https:\/\/koningdrone.be\/"},{"@type":"ListItem","position":2,"name":"AVSS Parachute Recovery System for DJI Matrice 300\/350","item":"https:\/\/koningdrone.be\/product\/avss-parachute-recovery-system-for-dji-matrice-300-350\/"},{"@type":"ListItem","position":3,"name":"Accessoires","item":"https:\/\/koningdrone.be\/categorie\/accessoires\/"},{"@type":"ListItem","position":4,"name":"DJI Pocket 2 Waterproof Case"}]},{"@type":"WebSite","@id":"https:\/\/koningdrone.be\/#website","url":"https:\/\/koningdrone.be\/","name":"Koningdrone.be - Votre sp\u00e9cialiste en ligne en mati\u00e8re de drones, de cardans, de cam\u00e9ras et de centrales \u00e9lectriques.","description":"La boutique en ligne de drones et de cardans","publisher":{"@id":"https:\/\/koningdrone.be\/#organization"},"potentialAction":[{"@type":"SearchAction","target":{"@type":"EntryPoint","urlTemplate":"https:\/\/koningdrone.be\/?s={search_term_string}"},"query-input":{"@type":"PropertyValueSpecification","valueRequired":true,"valueName":"search_term_string"}}],"inLanguage":"fr-BE"},{"@type":"Organization","@id":"https:\/\/koningdrone.be\/#organization","name":"Kingdrone.co.uk","url":"https:\/\/koningdrone.be\/","logo":{"@type":"ImageObject","inLanguage":"fr-BE","@id":"https:\/\/koningdrone.be\/#\/schema\/logo\/image\/","url":"https:\/\/koningdrone.be\/wp-content\/uploads\/sites\/13\/2025\/04\/koningdrone-copyright-logo.svg","contentUrl":"https:\/\/koningdrone.be\/wp-content\/uploads\/sites\/13\/2025\/04\/koningdrone-copyright-logo.svg","width":227,"height":38,"caption":"Koningdrone.be"},"image":{"@id":"https:\/\/koningdrone.be\/#\/schema\/logo\/image\/"}}]}},"df_price":54.99,"df_sale_price":"","df_regular_price":54.99,"df_image_link":"https:\/\/koningdrone.be\/wp-content\/uploads\/sites\/13\/2025\/04\/18ee28ed5d1756a706f710eeaf634390@large-300x200.jpg","_links":{"self":[{"href":"https:\/\/koningdrone.be\/fr\/wp-json\/wp\/v2\/product\/6867","targetHints":{"allow":["GET"]}}],"collection":[{"href":"https:\/\/koningdrone.be\/fr\/wp-json\/wp\/v2\/product"}],"about":[{"href":"https:\/\/koningdrone.be\/fr\/wp-json\/wp\/v2\/types\/product"}],"wp:featuredmedia":[{"embeddable":true,"href":"https:\/\/koningdrone.be\/fr\/wp-json\/wp\/v2\/media\/6865"}],"wp:attachment":[{"href":"https:\/\/koningdrone.be\/fr\/wp-json\/wp\/v2\/media?parent=6867"}],"wp:term":[{"taxonomy":"product_brand","embeddable":true,"href":"https:\/\/koningdrone.be\/fr\/wp-json\/wp\/v2\/product_brand?post=6867"},{"taxonomy":"product_cat","embeddable":true,"href":"https:\/\/koningdrone.be\/fr\/wp-json\/wp\/v2\/product_cat?post=6867"},{"taxonomy":"product_tag","embeddable":true,"href":"https:\/\/koningdrone.be\/fr\/wp-json\/wp\/v2\/product_tag?post=6867"}],"curies":[{"name":"wp","href":"https:\/\/api.w.org\/{rel}","templated":true}]}}