{"id":6864,"date":"2020-12-11T13:00:08","date_gmt":"2020-12-11T12:00:08","guid":{"rendered":"https:\/\/koningdrone.nl\/kon\/product\/dji-pocket-2-phone-clip\/"},"modified":"2026-04-29T10:11:02","modified_gmt":"2026-04-29T08:11:02","slug":"dji-pocket-2-phone-clip","status":"publish","type":"product","link":"https:\/\/koningdrone.be\/fr\/produit\/dji-pocket-2-phone-clip\/","title":{"rendered":"Clip pour t\u00e9l\u00e9phone DJI Pocket 2"},"content":{"rendered":"<p><strong>Une exp\u00e9rience cin\u00e9matographique am\u00e9lior\u00e9e<\/strong><\/p>\n<p> Le clip pour t\u00e9l\u00e9phone DJI Pocket 2 a \u00e9t\u00e9 soigneusement con\u00e7u pour am\u00e9liorer votre exp\u00e9rience de tournage lorsque vous utilisez un smartphone. Il assure une connexion robuste et stable entre la DJI Pocket 2 et votre smartphone, ce qui est essentiel pour capturer des s\u00e9quences fluides et fiables. Gr\u00e2ce \u00e0 cette int\u00e9gration transparente, l'enregistrement de vid\u00e9os \u00e0 l'aide de votre smartphone devient professionnel et ne pose aucun probl\u00e8me.<\/p>\n<p><strong>Options de montage polyvalentes<\/strong><\/p>\n<p> \u00c9quip\u00e9 d'un filetage de 1\/4 de pouce et d'un support de chaussure froide, le clip de t\u00e9l\u00e9phone DJI Pocket 2 offre une flexibilit\u00e9 in\u00e9gal\u00e9e dans votre configuration d'enregistrement. Ces caract\u00e9ristiques vous permettent de connecter divers accessoires, notamment des microphones et des \u00e9clairages, am\u00e9liorant ainsi la qualit\u00e9 de votre contenu vid\u00e9o. Que vous souhaitiez am\u00e9liorer la qualit\u00e9 du son ou de l'\u00e9clairage, cette pince pour t\u00e9l\u00e9phone offre la polyvalence n\u00e9cessaire pour am\u00e9liorer vos capacit\u00e9s de tournage.<\/p>\n<p><strong>Con\u00e7u pour le confort<\/strong><\/p>\n<p> En plus de ses avantages fonctionnels, le clip pour t\u00e9l\u00e9phone DJI Pocket 2 est \u00e9galement con\u00e7u dans un souci de confort. Il est con\u00e7u pour \u00eatre facile \u00e0 tenir, ce qui rend les sessions de tournage plus longues moins stressantes pour vos mains. Cette conception r\u00e9fl\u00e9chie met l'accent non seulement sur la qualit\u00e9 des images, mais aussi sur le confort de l'utilisateur, ce qui en fait un accessoire indispensable pour les cin\u00e9astes passionn\u00e9s.<\/p>\n<p><strong>Accessoire indispensable pour les cin\u00e9astes<\/strong><\/p>\n<p> Dans l'ensemble, le clip pour t\u00e9l\u00e9phone DJI Pocket 2 est un accessoire crucial pour tous ceux qui cherchent \u00e0 \u00e9tendre leurs capacit\u00e9s de prise de vue et \u00e0 obtenir un contenu vid\u00e9o stable et de haute qualit\u00e9 avec leur smartphone. Sa combinaison de stabilit\u00e9, de flexibilit\u00e9 et de confort en fait un outil pr\u00e9cieux pour am\u00e9liorer votre exp\u00e9rience de tournage.<\/p>\n<p><\/p>","protected":false},"excerpt":{"rendered":"<ul>\n<li>Assure une connexion stable avec les smartphones<\/li>\n<li> Filetage 1\/4 inclus pour des options d'enregistrement polyvalentes<\/li>\n<li> \u00c9quip\u00e9 d'un sabot froid pour fixer des \u00e9quipements suppl\u00e9mentaires<\/li>\n<li> Con\u00e7u pour une prise en main facile<\/li>\n<li> Compatible avec DJI Pocket 2<\/li>\n<\/ul>","protected":false},"featured_media":6862,"template":"","meta":{"_acf_changed":false},"product_brand":[],"product_cat":[268,410,97,297,804],"product_tag":[],"class_list":{"0":"post-6864","1":"product","2":"type-product","3":"status-publish","4":"has-post-thumbnail","6":"product_cat-alle-accessoires","7":"product_cat-alle-handheld-gimbals","8":"product_cat-alle-producten","9":"product_cat-dji-osmo","10":"product_cat-dji-pocket-2","11":"product_shipping_class-outofstock","12":"pa_brand-dji","13":"pa_productfamily-smartphone-accessoire","14":"pa_producttype-smartphone-accessoire","15":"pa_series-osmo-pocket","17":"first","18":"outofstock","19":"taxable","20":"shipping-taxable","21":"product-type-simple"},"acf":[],"yoast_head":"<!-- This site is optimized with the Yoast SEO Premium plugin v27.2 (Yoast SEO v27.2) - https:\/\/yoast.com\/product\/yoast-seo-premium-wordpress\/ -->\n<title>DJI Pocket 2 Phone Clip - koningdrone.be<\/title>\n<meta name=\"robots\" content=\"index, follow, max-snippet:-1, max-image-preview:large, max-video-preview:-1\" \/>\n<link rel=\"canonical\" href=\"https:\/\/koningdrone.be\/fr\/produit\/dji-pocket-2-phone-clip\/\" \/>\n<meta property=\"og:locale\" content=\"fr_FR\" \/>\n<meta property=\"og:type\" content=\"article\" \/>\n<meta property=\"og:title\" content=\"DJI Pocket 2 Phone Clip\" \/>\n<meta property=\"og:description\" content=\"Zorgt voor een stabiele verbinding met smartphones Inclusief 1\/4 draad voor veelzijdige opnamemogelijkheden Voorzien van cold shoe voor bevestiging van extra apparatuur Ontworpen voor handig vasthouden Compatibel met DJI Pocket 2\" \/>\n<meta property=\"og:url\" content=\"https:\/\/koningdrone.be\/fr\/produit\/dji-pocket-2-phone-clip\/\" \/>\n<meta property=\"og:site_name\" content=\"koningdrone.be\" \/>\n<meta property=\"article:modified_time\" content=\"2026-04-29T08:11:02+00:00\" \/>\n<meta property=\"og:image\" content=\"https:\/\/koningdrone.be\/wp-content\/uploads\/sites\/13\/2025\/04\/9c910c45a076fa6baa0f1e1985083370@large.jpg\" \/>\n\t<meta property=\"og:image:width\" content=\"1200\" \/>\n\t<meta property=\"og:image:height\" content=\"800\" \/>\n\t<meta property=\"og:image:type\" content=\"image\/jpeg\" \/>\n<meta name=\"twitter:card\" content=\"summary_large_image\" \/>\n<meta name=\"twitter:label1\" content=\"Dur\u00e9e de lecture est.\" \/>\n\t<meta name=\"twitter:data1\" content=\"1 minute\" \/>\n<script type=\"application\/ld+json\" class=\"yoast-schema-graph\">{\"@context\":\"https:\/\/schema.org\",\"@graph\":[{\"@type\":\"WebPage\",\"@id\":\"https:\/\/koningdrone.be\/product\/dji-pocket-2-phone-clip\/\",\"url\":\"https:\/\/koningdrone.be\/product\/dji-pocket-2-phone-clip\/\",\"name\":\"DJI Pocket 2 Phone Clip - koningdrone.be\",\"isPartOf\":{\"@id\":\"https:\/\/koningdrone.be\/#website\"},\"primaryImageOfPage\":{\"@id\":\"https:\/\/koningdrone.be\/product\/dji-pocket-2-phone-clip\/#primaryimage\"},\"image\":{\"@id\":\"https:\/\/koningdrone.be\/product\/dji-pocket-2-phone-clip\/#primaryimage\"},\"thumbnailUrl\":\"https:\/\/koningdrone.be\/wp-content\/uploads\/sites\/13\/2025\/04\/9c910c45a076fa6baa0f1e1985083370@large.jpg\",\"datePublished\":\"2020-12-11T12:00:08+00:00\",\"dateModified\":\"2026-04-29T08:11:02+00:00\",\"breadcrumb\":{\"@id\":\"https:\/\/koningdrone.be\/product\/dji-pocket-2-phone-clip\/#breadcrumb\"},\"inLanguage\":\"fr-BE\",\"potentialAction\":[{\"@type\":\"ReadAction\",\"target\":[\"https:\/\/koningdrone.be\/product\/dji-pocket-2-phone-clip\/\"]}]},{\"@type\":\"ImageObject\",\"inLanguage\":\"fr-BE\",\"@id\":\"https:\/\/koningdrone.be\/product\/dji-pocket-2-phone-clip\/#primaryimage\",\"url\":\"https:\/\/koningdrone.be\/wp-content\/uploads\/sites\/13\/2025\/04\/9c910c45a076fa6baa0f1e1985083370@large.jpg\",\"contentUrl\":\"https:\/\/koningdrone.be\/wp-content\/uploads\/sites\/13\/2025\/04\/9c910c45a076fa6baa0f1e1985083370@large.jpg\",\"width\":1200,\"height\":800},{\"@type\":\"BreadcrumbList\",\"@id\":\"https:\/\/koningdrone.be\/product\/dji-pocket-2-phone-clip\/#breadcrumb\",\"itemListElement\":[{\"@type\":\"ListItem\",\"position\":1,\"name\":\"Home\",\"item\":\"https:\/\/koningdrone.be\/\"},{\"@type\":\"ListItem\",\"position\":2,\"name\":\"AVSS Parachute Recovery System for DJI Matrice 300\/350\",\"item\":\"https:\/\/koningdrone.be\/product\/avss-parachute-recovery-system-for-dji-matrice-300-350\/\"},{\"@type\":\"ListItem\",\"position\":3,\"name\":\"Alle accessoires\",\"item\":\"https:\/\/koningdrone.be\/categorie\/alle-accessoires\/\"},{\"@type\":\"ListItem\",\"position\":4,\"name\":\"DJI Pocket 2 Phone Clip\"}]},{\"@type\":\"WebSite\",\"@id\":\"https:\/\/koningdrone.be\/#website\",\"url\":\"https:\/\/koningdrone.be\/\",\"name\":\"Koningdrone.be - Uw online specialist in drones, gimbals, camera's en power stations.\",\"description\":\"De webshop in drones en gimbals\",\"publisher\":{\"@id\":\"https:\/\/koningdrone.be\/#organization\"},\"potentialAction\":[{\"@type\":\"SearchAction\",\"target\":{\"@type\":\"EntryPoint\",\"urlTemplate\":\"https:\/\/koningdrone.be\/?s={search_term_string}\"},\"query-input\":{\"@type\":\"PropertyValueSpecification\",\"valueRequired\":true,\"valueName\":\"search_term_string\"}}],\"inLanguage\":\"fr-BE\"},{\"@type\":\"Organization\",\"@id\":\"https:\/\/koningdrone.be\/#organization\",\"name\":\"Koningdrone.be\",\"url\":\"https:\/\/koningdrone.be\/\",\"logo\":{\"@type\":\"ImageObject\",\"inLanguage\":\"fr-BE\",\"@id\":\"https:\/\/koningdrone.be\/#\/schema\/logo\/image\/\",\"url\":\"https:\/\/koningdrone.be\/wp-content\/uploads\/sites\/13\/2025\/04\/koningdrone-copyright-logo.svg\",\"contentUrl\":\"https:\/\/koningdrone.be\/wp-content\/uploads\/sites\/13\/2025\/04\/koningdrone-copyright-logo.svg\",\"width\":227,\"height\":38,\"caption\":\"Koningdrone.be\"},\"image\":{\"@id\":\"https:\/\/koningdrone.be\/#\/schema\/logo\/image\/\"}}]}<\/script>\n<!-- \/ Yoast SEO Premium plugin. -->","yoast_head_json":{"title":"DJI Pocket 2 Phone Clip - koningdrone.be","robots":{"index":"index","follow":"follow","max-snippet":"max-snippet:-1","max-image-preview":"max-image-preview:large","max-video-preview":"max-video-preview:-1"},"canonical":"https:\/\/koningdrone.be\/fr\/produit\/dji-pocket-2-phone-clip\/","og_locale":"fr_FR","og_type":"article","og_title":"DJI Pocket 2 Phone Clip","og_description":"Zorgt voor een stabiele verbinding met smartphones Inclusief 1\/4 draad voor veelzijdige opnamemogelijkheden Voorzien van cold shoe voor bevestiging van extra apparatuur Ontworpen voor handig vasthouden Compatibel met DJI Pocket 2","og_url":"https:\/\/koningdrone.be\/fr\/produit\/dji-pocket-2-phone-clip\/","og_site_name":"koningdrone.be","article_modified_time":"2026-04-29T08:11:02+00:00","og_image":[{"width":1200,"height":800,"url":"https:\/\/koningdrone.be\/wp-content\/uploads\/sites\/13\/2025\/04\/9c910c45a076fa6baa0f1e1985083370@large.jpg","type":"image\/jpeg"}],"twitter_card":"summary_large_image","twitter_misc":{"Dur\u00e9e de lecture est.":"1 minute"},"schema":{"@context":"https:\/\/schema.org","@graph":[{"@type":"WebPage","@id":"https:\/\/koningdrone.be\/product\/dji-pocket-2-phone-clip\/","url":"https:\/\/koningdrone.be\/product\/dji-pocket-2-phone-clip\/","name":"DJI Pocket 2 Phone Clip - koningdrone.be","isPartOf":{"@id":"https:\/\/koningdrone.be\/#website"},"primaryImageOfPage":{"@id":"https:\/\/koningdrone.be\/product\/dji-pocket-2-phone-clip\/#primaryimage"},"image":{"@id":"https:\/\/koningdrone.be\/product\/dji-pocket-2-phone-clip\/#primaryimage"},"thumbnailUrl":"https:\/\/koningdrone.be\/wp-content\/uploads\/sites\/13\/2025\/04\/9c910c45a076fa6baa0f1e1985083370@large.jpg","datePublished":"2020-12-11T12:00:08+00:00","dateModified":"2026-04-29T08:11:02+00:00","breadcrumb":{"@id":"https:\/\/koningdrone.be\/product\/dji-pocket-2-phone-clip\/#breadcrumb"},"inLanguage":"fr-BE","potentialAction":[{"@type":"ReadAction","target":["https:\/\/koningdrone.be\/product\/dji-pocket-2-phone-clip\/"]}]},{"@type":"ImageObject","inLanguage":"fr-BE","@id":"https:\/\/koningdrone.be\/product\/dji-pocket-2-phone-clip\/#primaryimage","url":"https:\/\/koningdrone.be\/wp-content\/uploads\/sites\/13\/2025\/04\/9c910c45a076fa6baa0f1e1985083370@large.jpg","contentUrl":"https:\/\/koningdrone.be\/wp-content\/uploads\/sites\/13\/2025\/04\/9c910c45a076fa6baa0f1e1985083370@large.jpg","width":1200,"height":800},{"@type":"BreadcrumbList","@id":"https:\/\/koningdrone.be\/product\/dji-pocket-2-phone-clip\/#breadcrumb","itemListElement":[{"@type":"ListItem","position":1,"name":"Home","item":"https:\/\/koningdrone.be\/"},{"@type":"ListItem","position":2,"name":"AVSS Parachute Recovery System for DJI Matrice 300\/350","item":"https:\/\/koningdrone.be\/product\/avss-parachute-recovery-system-for-dji-matrice-300-350\/"},{"@type":"ListItem","position":3,"name":"Alle accessoires","item":"https:\/\/koningdrone.be\/categorie\/alle-accessoires\/"},{"@type":"ListItem","position":4,"name":"DJI Pocket 2 Phone Clip"}]},{"@type":"WebSite","@id":"https:\/\/koningdrone.be\/#website","url":"https:\/\/koningdrone.be\/","name":"Koningdrone.be - Votre sp\u00e9cialiste en ligne en mati\u00e8re de drones, de cardans, de cam\u00e9ras et de centrales \u00e9lectriques.","description":"La boutique en ligne de drones et de cardans","publisher":{"@id":"https:\/\/koningdrone.be\/#organization"},"potentialAction":[{"@type":"SearchAction","target":{"@type":"EntryPoint","urlTemplate":"https:\/\/koningdrone.be\/?s={search_term_string}"},"query-input":{"@type":"PropertyValueSpecification","valueRequired":true,"valueName":"search_term_string"}}],"inLanguage":"fr-BE"},{"@type":"Organization","@id":"https:\/\/koningdrone.be\/#organization","name":"Kingdrone.co.uk","url":"https:\/\/koningdrone.be\/","logo":{"@type":"ImageObject","inLanguage":"fr-BE","@id":"https:\/\/koningdrone.be\/#\/schema\/logo\/image\/","url":"https:\/\/koningdrone.be\/wp-content\/uploads\/sites\/13\/2025\/04\/koningdrone-copyright-logo.svg","contentUrl":"https:\/\/koningdrone.be\/wp-content\/uploads\/sites\/13\/2025\/04\/koningdrone-copyright-logo.svg","width":227,"height":38,"caption":"Koningdrone.be"},"image":{"@id":"https:\/\/koningdrone.be\/#\/schema\/logo\/image\/"}}]}},"df_price":"","df_sale_price":"","df_regular_price":"","df_image_link":"https:\/\/koningdrone.be\/wp-content\/uploads\/sites\/13\/2025\/04\/9c910c45a076fa6baa0f1e1985083370@large-300x200.jpg","_links":{"self":[{"href":"https:\/\/koningdrone.be\/fr\/wp-json\/wp\/v2\/product\/6864","targetHints":{"allow":["GET"]}}],"collection":[{"href":"https:\/\/koningdrone.be\/fr\/wp-json\/wp\/v2\/product"}],"about":[{"href":"https:\/\/koningdrone.be\/fr\/wp-json\/wp\/v2\/types\/product"}],"wp:featuredmedia":[{"embeddable":true,"href":"https:\/\/koningdrone.be\/fr\/wp-json\/wp\/v2\/media\/6862"}],"wp:attachment":[{"href":"https:\/\/koningdrone.be\/fr\/wp-json\/wp\/v2\/media?parent=6864"}],"wp:term":[{"taxonomy":"product_brand","embeddable":true,"href":"https:\/\/koningdrone.be\/fr\/wp-json\/wp\/v2\/product_brand?post=6864"},{"taxonomy":"product_cat","embeddable":true,"href":"https:\/\/koningdrone.be\/fr\/wp-json\/wp\/v2\/product_cat?post=6864"},{"taxonomy":"product_tag","embeddable":true,"href":"https:\/\/koningdrone.be\/fr\/wp-json\/wp\/v2\/product_tag?post=6864"}],"curies":[{"name":"wp","href":"https:\/\/api.w.org\/{rel}","templated":true}]}}