{"id":6849,"date":"2021-01-26T14:12:15","date_gmt":"2021-01-26T13:12:15","guid":{"rendered":"https:\/\/koningdrone.nl\/kon\/product\/dji-rsc-2-pro-combo\/"},"modified":"2026-04-29T13:20:03","modified_gmt":"2026-04-29T11:20:03","slug":"dji-rsc-2-pro-combo","status":"publish","type":"product","link":"https:\/\/koningdrone.be\/fr\/produit\/dji-rsc-2-pro-combo\/","title":{"rendered":"DJI RSC 2 Pro Combo"},"content":{"rendered":"<h1>DJI RSC 2 Combo<\/h1>\n<p>Le DJI Ronin-SC a \u00e9t\u00e9 am\u00e9lior\u00e9 par rapport \u00e0 son pr\u00e9d\u00e9cesseur, le Ronin-S, \u00e0 bien des \u00e9gards. Ce cardan 3 axes plus petit et plus l\u00e9ger est con\u00e7u pour \u00eatre utilis\u00e9 avec une cam\u00e9ra syst\u00e8me pesant jusqu'\u00e0 2 kilogrammes. Bien que le Ronin-SC soit plus petit, il dispose d'un grand nombre de fonctionnalit\u00e9s, d'am\u00e9liorations de conception et de technologies dans un design compact. Le stabilisateur offre des fonctions de stabilisation, de contr\u00f4le du panoramique, de l'inclinaison et du roulis, ainsi qu'un panoramique continu \u00e0 360 degr\u00e9s pour des images stables en 3D\/360 degr\u00e9s.<\/p>\n<p><strong>L\u00e9ger et compact<\/strong><br \/>Con\u00e7u pour \u00eatre utilis\u00e9 dans pratiquement toutes les situations, le Ronin-SC ouvre de nouvelles possibilit\u00e9s aux cin\u00e9astes et aux cr\u00e9ateurs de contenu. Sa construction en magn\u00e9sium et en aluminium, associ\u00e9e \u00e0 des mat\u00e9riaux composites \u00e0 haute r\u00e9sistance, garantit des performances robustes pour un poids de seulement 1,1 kilogramme. Gr\u00e2ce \u00e0 sa conception modulaire et \u00e0 son installation rapide, la Ronin-SC peut \u00eatre utilis\u00e9e dans des espaces restreints et est facile \u00e0 transporter.<\/p>\n<p><strong>Une plus grande compatibilit\u00e9<\/strong><br \/>Le Ronin-SC prend en charge une large gamme d'appareils photo et d'objectifs pesant jusqu'\u00e0 2 kilogrammes. Les commandes intuitives et conviviales de l'obturateur et de la mise au point sont \u00e9galement disponibles pour la plupart des marques d'appareils photo.<\/p>\n<p><strong>Stabilit\u00e9 dynamique<\/strong><br \/>M\u00eame dans les sc\u00e8nes d'action, le Ronin-SC garantit des prises de vue parfaitement stables. Le mode Sports am\u00e9liore la sensibilit\u00e9 de chaque axe tout en maintenant la stabilisation, ce qui rend la Ronin-SC plus efficace pour les suivis rapides, les mouvements soudains et m\u00eame les changements complets de direction.<\/p>\n<p><strong>Bras d'essieu \u00e0 rouleaux libres<\/strong><br \/>La conception innovante du stabilisateur DJI Ronin-SC place la cam\u00e9ra au-dessus de l'axe de roulis, ce qui permet \u00e0 l'\u00e9cran int\u00e9gr\u00e9 de la cam\u00e9ra de rester \u00e0 l'abri des obstacles.<\/p>\n<p><strong>Axe panoramique illimit\u00e9<\/strong><br \/>L'axe panoramique avec un mouvement continu de 360 degr\u00e9s vous permet de prendre des photos ambitieuses et uniques.<\/p>\n<p><strong>Fonctionnement simple et pratique<\/strong><br \/>Les boutons et le d\u00e9clencheur sont facilement accessibles pour toutes les op\u00e9rations essentielles. La forme sp\u00e9ciale et la poign\u00e9e antid\u00e9rapante de la batterie facilitent la prise en main prolong\u00e9e, ce qui vous permet d'immortaliser des moments tout au long de la journ\u00e9e.<\/p>\n<p><strong>Fonctions automatis\u00e9es<\/strong><br \/>Le Ronin-SC offre une gamme de fonctions d'enregistrement avanc\u00e9es telles que le panorama, le timelapse, le motionlapse et le contr\u00f4le de mouvement pour laisser libre cours \u00e0 votre imagination.<\/p>\n<p><strong>ActiveTrack 3.0<\/strong><br \/>Gr\u00e2ce \u00e0 la technologie Active-Track, un smartphone mont\u00e9 au-dessus de la cam\u00e9ra, l'application Ronin et le Ronin-SC fonctionnent ensemble de mani\u00e8re transparente pour obtenir un mouvement de cardan toujours fluide et pr\u00e9cis, afin que vous puissiez vous concentrer sur les prises de vue qui correspondent \u00e0 votre vision.<\/p>\n<p><strong>Force Mobile<\/strong><br \/>DJI pr\u00e9sente Force Mobile avec le Ronin-SC, une version bas\u00e9e sur une application du syst\u00e8me de contr\u00f4le de mouvement de la cam\u00e9ra Force Pro. En inclinant et en faisant pivoter votre smartphone, vous d\u00e9placez le cardan avec un d\u00e9calage ultra faible, pour des prises de vue fluides et expressives.<\/p>\n<p><strong>Installation facile avec des caract\u00e9ristiques de s\u00e9curit\u00e9<\/strong><br \/>Le verrouillage de chaque axe permet un stockage plus rapide et un \u00e9quilibrage individuel des axes. La plaque de fixation rapide comprend un bloc de positionnement qui m\u00e9morise la position parfaite de l'appareil photo pour un remontage instantan\u00e9. Lorsqu'ils sont \u00e9teints, les moteurs d\u00e9sengagent progressivement le cardan, ce qui garantit une fiabilit\u00e9 et une installation rapide, quel que soit l'endroit o\u00f9 vous r\u00e9alisez vos prises de vue.<\/p>","protected":false},"excerpt":{"rendered":"<ul>\n<li>Conception pliable<\/li>\n<li>Poids de 1,2 kg \/ Charge utile test\u00e9e de 3 kg<\/li>\n<li>Passage rapide \u00e0 l'enregistrement vertical<\/li>\n<li>\u00c9cran OLED de 1 pouce<\/li>\n<li>Max 14 heures Batteries \u00e0 charge rapide<\/li>\n<li>Algorithme de stabilisation du tempo de Titan<\/li>\n<li>Design pliable - Pliable, compact, \u00e9tonnant<\/li>\n<\/ul>","protected":false},"featured_media":6845,"template":"","meta":{"_acf_changed":false},"product_brand":[],"product_cat":[315,410,97,265,1216],"product_tag":[],"class_list":{"0":"post-6849","1":"product","2":"type-product","3":"status-publish","4":"has-post-thumbnail","6":"product_cat-alle-gimbals-en-cameras","7":"product_cat-alle-handheld-gimbals","8":"product_cat-alle-producten","9":"product_cat-dji-ronin","10":"product_cat-dji-ronin-rsc-2","11":"product_shipping_class-outofstock","12":"pa_brand-dji","13":"pa_productfamily-gimbal","14":"pa_producttype-gimbal","15":"pa_series-ronin-rsc-2","17":"first","18":"outofstock","19":"taxable","20":"shipping-taxable","21":"product-type-simple"},"acf":[],"yoast_head":"<!-- This site is optimized with the Yoast SEO Premium plugin v27.2 (Yoast SEO v27.2) - https:\/\/yoast.com\/product\/yoast-seo-premium-wordpress\/ -->\n<title>DJI RSC 2 Pro Combo - koningdrone.be<\/title>\n<meta name=\"robots\" content=\"index, follow, max-snippet:-1, max-image-preview:large, max-video-preview:-1\" \/>\n<link rel=\"canonical\" href=\"https:\/\/koningdrone.be\/fr\/produit\/dji-rsc-2-pro-combo\/\" \/>\n<meta property=\"og:locale\" content=\"fr_FR\" \/>\n<meta property=\"og:type\" content=\"article\" \/>\n<meta property=\"og:title\" content=\"DJI RSC 2 Pro Combo\" \/>\n<meta property=\"og:description\" content=\"Opvouwbaar ontwerp1.2kg Gewicht \/ 3kg Getest PayloadQuick Overschakelen naar verticale opnamen1 &#039;&#039; OLED-schermMax 14 uur Fast-Charge BatterijenTitan tempostabilisatiealgoritmeOpvouwbaar Design - Opvouwbaar, Compact, Verbazend\" \/>\n<meta property=\"og:url\" content=\"https:\/\/koningdrone.be\/fr\/produit\/dji-rsc-2-pro-combo\/\" \/>\n<meta property=\"og:site_name\" content=\"koningdrone.be\" \/>\n<meta property=\"article:modified_time\" content=\"2026-04-29T11:20:03+00:00\" \/>\n<meta property=\"og:image\" content=\"https:\/\/koningdrone.be\/wp-content\/uploads\/sites\/13\/2025\/04\/6941565903037-1.jpg\" \/>\n\t<meta property=\"og:image:width\" content=\"600\" \/>\n\t<meta property=\"og:image:height\" content=\"600\" \/>\n\t<meta property=\"og:image:type\" content=\"image\/jpeg\" \/>\n<meta name=\"twitter:card\" content=\"summary_large_image\" \/>\n<meta name=\"twitter:label1\" content=\"Dur\u00e9e de lecture est.\" \/>\n\t<meta name=\"twitter:data1\" content=\"2 minutes\" \/>\n<script type=\"application\/ld+json\" class=\"yoast-schema-graph\">{\"@context\":\"https:\/\/schema.org\",\"@graph\":[{\"@type\":\"WebPage\",\"@id\":\"https:\/\/koningdrone.be\/product\/dji-rsc-2-pro-combo\/\",\"url\":\"https:\/\/koningdrone.be\/product\/dji-rsc-2-pro-combo\/\",\"name\":\"DJI RSC 2 Pro Combo - koningdrone.be\",\"isPartOf\":{\"@id\":\"https:\/\/koningdrone.be\/#website\"},\"primaryImageOfPage\":{\"@id\":\"https:\/\/koningdrone.be\/product\/dji-rsc-2-pro-combo\/#primaryimage\"},\"image\":{\"@id\":\"https:\/\/koningdrone.be\/product\/dji-rsc-2-pro-combo\/#primaryimage\"},\"thumbnailUrl\":\"https:\/\/koningdrone.be\/wp-content\/uploads\/sites\/13\/2025\/04\/6941565903037-1.jpg\",\"datePublished\":\"2021-01-26T13:12:15+00:00\",\"dateModified\":\"2026-04-29T11:20:03+00:00\",\"breadcrumb\":{\"@id\":\"https:\/\/koningdrone.be\/product\/dji-rsc-2-pro-combo\/#breadcrumb\"},\"inLanguage\":\"fr-BE\",\"potentialAction\":[{\"@type\":\"ReadAction\",\"target\":[\"https:\/\/koningdrone.be\/product\/dji-rsc-2-pro-combo\/\"]}]},{\"@type\":\"ImageObject\",\"inLanguage\":\"fr-BE\",\"@id\":\"https:\/\/koningdrone.be\/product\/dji-rsc-2-pro-combo\/#primaryimage\",\"url\":\"https:\/\/koningdrone.be\/wp-content\/uploads\/sites\/13\/2025\/04\/6941565903037-1.jpg\",\"contentUrl\":\"https:\/\/koningdrone.be\/wp-content\/uploads\/sites\/13\/2025\/04\/6941565903037-1.jpg\",\"width\":600,\"height\":600},{\"@type\":\"BreadcrumbList\",\"@id\":\"https:\/\/koningdrone.be\/product\/dji-rsc-2-pro-combo\/#breadcrumb\",\"itemListElement\":[{\"@type\":\"ListItem\",\"position\":1,\"name\":\"Home\",\"item\":\"https:\/\/koningdrone.be\/\"},{\"@type\":\"ListItem\",\"position\":2,\"name\":\"AVSS Parachute Recovery System for DJI Matrice 300\/350\",\"item\":\"https:\/\/koningdrone.be\/product\/avss-parachute-recovery-system-for-dji-matrice-300-350\/\"},{\"@type\":\"ListItem\",\"position\":3,\"name\":\"Alle gimbals en cameras\",\"item\":\"https:\/\/koningdrone.be\/categorie\/alle-gimbals-en-cameras\/\"},{\"@type\":\"ListItem\",\"position\":4,\"name\":\"DJI RSC 2 Pro Combo\"}]},{\"@type\":\"WebSite\",\"@id\":\"https:\/\/koningdrone.be\/#website\",\"url\":\"https:\/\/koningdrone.be\/\",\"name\":\"Koningdrone.be - Uw online specialist in drones, gimbals, camera's en power stations.\",\"description\":\"De webshop in drones en gimbals\",\"publisher\":{\"@id\":\"https:\/\/koningdrone.be\/#organization\"},\"potentialAction\":[{\"@type\":\"SearchAction\",\"target\":{\"@type\":\"EntryPoint\",\"urlTemplate\":\"https:\/\/koningdrone.be\/?s={search_term_string}\"},\"query-input\":{\"@type\":\"PropertyValueSpecification\",\"valueRequired\":true,\"valueName\":\"search_term_string\"}}],\"inLanguage\":\"fr-BE\"},{\"@type\":\"Organization\",\"@id\":\"https:\/\/koningdrone.be\/#organization\",\"name\":\"Koningdrone.be\",\"url\":\"https:\/\/koningdrone.be\/\",\"logo\":{\"@type\":\"ImageObject\",\"inLanguage\":\"fr-BE\",\"@id\":\"https:\/\/koningdrone.be\/#\/schema\/logo\/image\/\",\"url\":\"https:\/\/koningdrone.be\/wp-content\/uploads\/sites\/13\/2025\/04\/koningdrone-copyright-logo.svg\",\"contentUrl\":\"https:\/\/koningdrone.be\/wp-content\/uploads\/sites\/13\/2025\/04\/koningdrone-copyright-logo.svg\",\"width\":227,\"height\":38,\"caption\":\"Koningdrone.be\"},\"image\":{\"@id\":\"https:\/\/koningdrone.be\/#\/schema\/logo\/image\/\"}}]}<\/script>\n<!-- \/ Yoast SEO Premium plugin. -->","yoast_head_json":{"title":"DJI RSC 2 Pro Combo - koningdrone.be","robots":{"index":"index","follow":"follow","max-snippet":"max-snippet:-1","max-image-preview":"max-image-preview:large","max-video-preview":"max-video-preview:-1"},"canonical":"https:\/\/koningdrone.be\/fr\/produit\/dji-rsc-2-pro-combo\/","og_locale":"fr_FR","og_type":"article","og_title":"DJI RSC 2 Pro Combo","og_description":"Opvouwbaar ontwerp1.2kg Gewicht \/ 3kg Getest PayloadQuick Overschakelen naar verticale opnamen1 '' OLED-schermMax 14 uur Fast-Charge BatterijenTitan tempostabilisatiealgoritmeOpvouwbaar Design - Opvouwbaar, Compact, Verbazend","og_url":"https:\/\/koningdrone.be\/fr\/produit\/dji-rsc-2-pro-combo\/","og_site_name":"koningdrone.be","article_modified_time":"2026-04-29T11:20:03+00:00","og_image":[{"width":600,"height":600,"url":"https:\/\/koningdrone.be\/wp-content\/uploads\/sites\/13\/2025\/04\/6941565903037-1.jpg","type":"image\/jpeg"}],"twitter_card":"summary_large_image","twitter_misc":{"Dur\u00e9e de lecture est.":"2 minutes"},"schema":{"@context":"https:\/\/schema.org","@graph":[{"@type":"WebPage","@id":"https:\/\/koningdrone.be\/product\/dji-rsc-2-pro-combo\/","url":"https:\/\/koningdrone.be\/product\/dji-rsc-2-pro-combo\/","name":"DJI RSC 2 Pro Combo - koningdrone.be","isPartOf":{"@id":"https:\/\/koningdrone.be\/#website"},"primaryImageOfPage":{"@id":"https:\/\/koningdrone.be\/product\/dji-rsc-2-pro-combo\/#primaryimage"},"image":{"@id":"https:\/\/koningdrone.be\/product\/dji-rsc-2-pro-combo\/#primaryimage"},"thumbnailUrl":"https:\/\/koningdrone.be\/wp-content\/uploads\/sites\/13\/2025\/04\/6941565903037-1.jpg","datePublished":"2021-01-26T13:12:15+00:00","dateModified":"2026-04-29T11:20:03+00:00","breadcrumb":{"@id":"https:\/\/koningdrone.be\/product\/dji-rsc-2-pro-combo\/#breadcrumb"},"inLanguage":"fr-BE","potentialAction":[{"@type":"ReadAction","target":["https:\/\/koningdrone.be\/product\/dji-rsc-2-pro-combo\/"]}]},{"@type":"ImageObject","inLanguage":"fr-BE","@id":"https:\/\/koningdrone.be\/product\/dji-rsc-2-pro-combo\/#primaryimage","url":"https:\/\/koningdrone.be\/wp-content\/uploads\/sites\/13\/2025\/04\/6941565903037-1.jpg","contentUrl":"https:\/\/koningdrone.be\/wp-content\/uploads\/sites\/13\/2025\/04\/6941565903037-1.jpg","width":600,"height":600},{"@type":"BreadcrumbList","@id":"https:\/\/koningdrone.be\/product\/dji-rsc-2-pro-combo\/#breadcrumb","itemListElement":[{"@type":"ListItem","position":1,"name":"Home","item":"https:\/\/koningdrone.be\/"},{"@type":"ListItem","position":2,"name":"AVSS Parachute Recovery System for DJI Matrice 300\/350","item":"https:\/\/koningdrone.be\/product\/avss-parachute-recovery-system-for-dji-matrice-300-350\/"},{"@type":"ListItem","position":3,"name":"Alle gimbals en cameras","item":"https:\/\/koningdrone.be\/categorie\/alle-gimbals-en-cameras\/"},{"@type":"ListItem","position":4,"name":"DJI RSC 2 Pro Combo"}]},{"@type":"WebSite","@id":"https:\/\/koningdrone.be\/#website","url":"https:\/\/koningdrone.be\/","name":"Koningdrone.be - Votre sp\u00e9cialiste en ligne en mati\u00e8re de drones, de cardans, de cam\u00e9ras et de centrales \u00e9lectriques.","description":"La boutique en ligne de drones et de cardans","publisher":{"@id":"https:\/\/koningdrone.be\/#organization"},"potentialAction":[{"@type":"SearchAction","target":{"@type":"EntryPoint","urlTemplate":"https:\/\/koningdrone.be\/?s={search_term_string}"},"query-input":{"@type":"PropertyValueSpecification","valueRequired":true,"valueName":"search_term_string"}}],"inLanguage":"fr-BE"},{"@type":"Organization","@id":"https:\/\/koningdrone.be\/#organization","name":"Kingdrone.co.uk","url":"https:\/\/koningdrone.be\/","logo":{"@type":"ImageObject","inLanguage":"fr-BE","@id":"https:\/\/koningdrone.be\/#\/schema\/logo\/image\/","url":"https:\/\/koningdrone.be\/wp-content\/uploads\/sites\/13\/2025\/04\/koningdrone-copyright-logo.svg","contentUrl":"https:\/\/koningdrone.be\/wp-content\/uploads\/sites\/13\/2025\/04\/koningdrone-copyright-logo.svg","width":227,"height":38,"caption":"Koningdrone.be"},"image":{"@id":"https:\/\/koningdrone.be\/#\/schema\/logo\/image\/"}}]}},"df_price":"","df_sale_price":"","df_regular_price":"","df_image_link":"https:\/\/koningdrone.be\/wp-content\/uploads\/sites\/13\/2025\/04\/6941565903037-1-300x300.jpg","_links":{"self":[{"href":"https:\/\/koningdrone.be\/fr\/wp-json\/wp\/v2\/product\/6849","targetHints":{"allow":["GET"]}}],"collection":[{"href":"https:\/\/koningdrone.be\/fr\/wp-json\/wp\/v2\/product"}],"about":[{"href":"https:\/\/koningdrone.be\/fr\/wp-json\/wp\/v2\/types\/product"}],"wp:featuredmedia":[{"embeddable":true,"href":"https:\/\/koningdrone.be\/fr\/wp-json\/wp\/v2\/media\/6845"}],"wp:attachment":[{"href":"https:\/\/koningdrone.be\/fr\/wp-json\/wp\/v2\/media?parent=6849"}],"wp:term":[{"taxonomy":"product_brand","embeddable":true,"href":"https:\/\/koningdrone.be\/fr\/wp-json\/wp\/v2\/product_brand?post=6849"},{"taxonomy":"product_cat","embeddable":true,"href":"https:\/\/koningdrone.be\/fr\/wp-json\/wp\/v2\/product_cat?post=6849"},{"taxonomy":"product_tag","embeddable":true,"href":"https:\/\/koningdrone.be\/fr\/wp-json\/wp\/v2\/product_tag?post=6849"}],"curies":[{"name":"wp","href":"https:\/\/api.w.org\/{rel}","templated":true}]}}