{"id":6821,"date":"2021-03-21T10:54:31","date_gmt":"2021-03-21T09:54:31","guid":{"rendered":"https:\/\/koningdrone.nl\/kon\/product\/dji-fpv-combo\/"},"modified":"2026-04-29T13:20:35","modified_gmt":"2026-04-29T11:20:35","slug":"dji-fpv-combo","status":"publish","type":"product","link":"https:\/\/koningdrone.be\/fr\/produit\/dji-fpv-combo\/","title":{"rendered":"DJI FPV Combo"},"content":{"rendered":"<p><strong>DJI FPV Combo : une nouvelle fa\u00e7on de voler<\/strong><br \/>\nExplorez le ciel avec le DJI FPV Combo et vivez une exp\u00e9rience de vol comme jamais auparavant. Ce drone offre non seulement une exp\u00e9rience de vol immersive avec des commandes intuitives, mais il est \u00e9galement \u00e9quip\u00e9 de fonctionnalit\u00e9s avanc\u00e9es telles que la vid\u00e9o 4K\/60fps, la transmission HD \u00e0 faible latence et une fonction de freinage d'urgence et de fouet pour la s\u00e9curit\u00e9. <\/p>\n<ul>\n<li>Une exp\u00e9rience de vol immersive avec les DJI FPV Goggles V2<\/li>\n<li>Vid\u00e9o 4K \/ 60fps pour des images nettes et d\u00e9taill\u00e9es<\/li>\n<li>Contr\u00f4leur de mouvement intuitif pour des mouvements de vol naturels<\/li>\n<li>Frein d'urgence et fonction de fouettement pour une s\u00e9curit\u00e9 accrue<\/li>\n<\/ul>\n<p><\/p>\n<p><strong>Optimis\u00e9 pour la performance et la s\u00e9curit\u00e9<\/strong><br \/>\nLe DJI FPV se distingue par sa forme \u00e9l\u00e9gante et a\u00e9rodynamique et sa puissante propulsion, ce qui le rend \u00e0 la fois performant et visuellement impressionnant. Des fonctions de s\u00e9curit\u00e9 telles que la d\u00e9tection d'obstacles et l'ADS-B garantissent un vol fiable et s\u00fbr. Profitez d'un flux vid\u00e9o stable gr\u00e2ce \u00e0 OcuSync 3.0, qui bascule automatiquement entre les fr\u00e9quences 2,4 et 5,8 GHz.<\/p>\n<ul>\n<li>Commutation automatique de fr\u00e9quence pour une connexion stable<\/li>\n<li>D\u00e9tection d'obstacles et ADS-B pour la s\u00e9curit\u00e9<\/li>\n<li>Pi\u00e8ces modulaires et DJI Care Refresh pour une maintenance facile<\/li>\n<\/ul>\n<p>\nAvec le DJI FPV Combo, pr\u00eat \u00e0 l'emploi, vous \u00eates imm\u00e9diatement pr\u00eat \u00e0 prendre l'air et \u00e0 explorer le monde sous un nouvel angle.<\/p>","protected":false},"excerpt":{"rendered":"<ul>\n<li> Le kit combin\u00e9 du syst\u00e8me FPV de DJI comprend non seulement un drone ultra-rapide dot\u00e9 d'une excellente cam\u00e9ra, des lunettes FPV de nouvelle g\u00e9n\u00e9ration, mais aussi des \u00e9quipements suppl\u00e9mentaires. Avantages du syst\u00e8me DJI FPV :<\/li>\n<li>Centrale \u00e9lectrique puissante.<\/li>\n<li>Nouveau syst\u00e8me de transmission de donn\u00e9es O3 (OcuSync 3.0).<\/li>\n<li>Enregistrements photo et vid\u00e9o de haute qualit\u00e9.<\/li>\n<li>Syst\u00e8me de s\u00e9curit\u00e9 avanc\u00e9 qui surprendra non seulement les pilotes exp\u00e9riment\u00e9s, mais aussi les d\u00e9butants.<\/li>\n<li>Des pilotes incroyables et des cascades a\u00e9riennes sans compromis sur la prise de vue.<\/li>\n<\/ul>","protected":false},"featured_media":6813,"template":"","meta":{"_acf_changed":false},"product_brand":[],"product_cat":[175,135,97,136,719,1283,99],"product_tag":[],"class_list":{"0":"post-6821","1":"product","2":"type-product","3":"status-publish","4":"has-post-thumbnail","6":"product_cat-alle-care-refresh","7":"product_cat-alle-drones","8":"product_cat-alle-producten","9":"product_cat-consumer-drones","10":"product_cat-dji-fpv","11":"product_cat-drone-of-camera-huren","12":"product_cat-drones-met-certificaat","13":"product_shipping_class-outofstock","14":"pa_brand-dji","15":"pa_dronegrade-consumer","16":"pa_productfamily-drone","17":"pa_producttype-drone","18":"pa_series-fpv","19":"pa_vliegbewijs-a1-a3-en-a2","21":"first","22":"outofstock","23":"taxable","24":"shipping-taxable","25":"product-type-simple"},"acf":[],"yoast_head":"<!-- This site is optimized with the Yoast SEO Premium plugin v27.2 (Yoast SEO v27.2) - https:\/\/yoast.com\/product\/yoast-seo-premium-wordpress\/ -->\n<title>DJI FPV Combo - koningdrone.be<\/title>\n<meta name=\"robots\" content=\"index, follow, max-snippet:-1, max-image-preview:large, max-video-preview:-1\" \/>\n<link rel=\"canonical\" href=\"https:\/\/koningdrone.be\/fr\/produit\/dji-fpv-combo\/\" \/>\n<meta property=\"og:locale\" content=\"fr_FR\" \/>\n<meta property=\"og:type\" content=\"article\" \/>\n<meta property=\"og:title\" content=\"DJI FPV Combo\" \/>\n<meta property=\"og:description\" content=\"DJI FPV-systeemcombo-kit bevat niet alleen een snelle drone met een uitstekende camera, een FPV-bril van de volgende generatie, maar ook extra apparatuur. Voordelen van DJI FPV:Krachtige energiecentrale.Nieuw O3-datatransmissiesysteem (OcuSync 3.0).Hoge kwaliteit foto- en video-opnamen.Geavanceerd veiligheidssysteem dat niet alleen ervaren piloten zal verrassen, maar ook beginners.Ongelooflijke piloten en luchtstunts zonder in te boeten aan schieten.\" \/>\n<meta property=\"og:url\" content=\"https:\/\/koningdrone.be\/fr\/produit\/dji-fpv-combo\/\" \/>\n<meta property=\"og:site_name\" content=\"koningdrone.be\" \/>\n<meta property=\"article:modified_time\" content=\"2026-04-29T11:20:35+00:00\" \/>\n<meta property=\"og:image\" content=\"https:\/\/koningdrone.be\/wp-content\/uploads\/sites\/13\/2025\/04\/6941565903860-1.jpg\" \/>\n\t<meta property=\"og:image:width\" content=\"510\" \/>\n\t<meta property=\"og:image:height\" content=\"510\" \/>\n\t<meta property=\"og:image:type\" content=\"image\/jpeg\" \/>\n<meta name=\"twitter:card\" content=\"summary_large_image\" \/>\n<meta name=\"twitter:label1\" content=\"Dur\u00e9e de lecture est.\" \/>\n\t<meta name=\"twitter:data1\" content=\"1 minute\" \/>\n<script type=\"application\/ld+json\" class=\"yoast-schema-graph\">{\"@context\":\"https:\/\/schema.org\",\"@graph\":[{\"@type\":\"WebPage\",\"@id\":\"https:\/\/koningdrone.be\/product\/dji-fpv-combo\/\",\"url\":\"https:\/\/koningdrone.be\/product\/dji-fpv-combo\/\",\"name\":\"DJI FPV Combo - koningdrone.be\",\"isPartOf\":{\"@id\":\"https:\/\/koningdrone.be\/#website\"},\"primaryImageOfPage\":{\"@id\":\"https:\/\/koningdrone.be\/product\/dji-fpv-combo\/#primaryimage\"},\"image\":{\"@id\":\"https:\/\/koningdrone.be\/product\/dji-fpv-combo\/#primaryimage\"},\"thumbnailUrl\":\"https:\/\/koningdrone.be\/wp-content\/uploads\/sites\/13\/2025\/04\/6941565903860-1.jpg\",\"datePublished\":\"2021-03-21T09:54:31+00:00\",\"dateModified\":\"2026-04-29T11:20:35+00:00\",\"breadcrumb\":{\"@id\":\"https:\/\/koningdrone.be\/product\/dji-fpv-combo\/#breadcrumb\"},\"inLanguage\":\"fr-BE\",\"potentialAction\":[{\"@type\":\"ReadAction\",\"target\":[\"https:\/\/koningdrone.be\/product\/dji-fpv-combo\/\"]}]},{\"@type\":\"ImageObject\",\"inLanguage\":\"fr-BE\",\"@id\":\"https:\/\/koningdrone.be\/product\/dji-fpv-combo\/#primaryimage\",\"url\":\"https:\/\/koningdrone.be\/wp-content\/uploads\/sites\/13\/2025\/04\/6941565903860-1.jpg\",\"contentUrl\":\"https:\/\/koningdrone.be\/wp-content\/uploads\/sites\/13\/2025\/04\/6941565903860-1.jpg\",\"width\":510,\"height\":510},{\"@type\":\"BreadcrumbList\",\"@id\":\"https:\/\/koningdrone.be\/product\/dji-fpv-combo\/#breadcrumb\",\"itemListElement\":[{\"@type\":\"ListItem\",\"position\":1,\"name\":\"Home\",\"item\":\"https:\/\/koningdrone.be\/\"},{\"@type\":\"ListItem\",\"position\":2,\"name\":\"AVSS Parachute Recovery System for DJI Matrice 300\/350\",\"item\":\"https:\/\/koningdrone.be\/product\/avss-parachute-recovery-system-for-dji-matrice-300-350\/\"},{\"@type\":\"ListItem\",\"position\":3,\"name\":\"Alle care refresh\",\"item\":\"https:\/\/koningdrone.be\/categorie\/alle-care-refresh\/\"},{\"@type\":\"ListItem\",\"position\":4,\"name\":\"DJI FPV Combo\"}]},{\"@type\":\"WebSite\",\"@id\":\"https:\/\/koningdrone.be\/#website\",\"url\":\"https:\/\/koningdrone.be\/\",\"name\":\"Koningdrone.be - Uw online specialist in drones, gimbals, camera's en power stations.\",\"description\":\"De webshop in drones en gimbals\",\"publisher\":{\"@id\":\"https:\/\/koningdrone.be\/#organization\"},\"potentialAction\":[{\"@type\":\"SearchAction\",\"target\":{\"@type\":\"EntryPoint\",\"urlTemplate\":\"https:\/\/koningdrone.be\/?s={search_term_string}\"},\"query-input\":{\"@type\":\"PropertyValueSpecification\",\"valueRequired\":true,\"valueName\":\"search_term_string\"}}],\"inLanguage\":\"fr-BE\"},{\"@type\":\"Organization\",\"@id\":\"https:\/\/koningdrone.be\/#organization\",\"name\":\"Koningdrone.be\",\"url\":\"https:\/\/koningdrone.be\/\",\"logo\":{\"@type\":\"ImageObject\",\"inLanguage\":\"fr-BE\",\"@id\":\"https:\/\/koningdrone.be\/#\/schema\/logo\/image\/\",\"url\":\"https:\/\/koningdrone.be\/wp-content\/uploads\/sites\/13\/2025\/04\/koningdrone-copyright-logo.svg\",\"contentUrl\":\"https:\/\/koningdrone.be\/wp-content\/uploads\/sites\/13\/2025\/04\/koningdrone-copyright-logo.svg\",\"width\":227,\"height\":38,\"caption\":\"Koningdrone.be\"},\"image\":{\"@id\":\"https:\/\/koningdrone.be\/#\/schema\/logo\/image\/\"}}]}<\/script>\n<!-- \/ Yoast SEO Premium plugin. -->","yoast_head_json":{"title":"DJI FPV Combo - koningdrone.be","robots":{"index":"index","follow":"follow","max-snippet":"max-snippet:-1","max-image-preview":"max-image-preview:large","max-video-preview":"max-video-preview:-1"},"canonical":"https:\/\/koningdrone.be\/fr\/produit\/dji-fpv-combo\/","og_locale":"fr_FR","og_type":"article","og_title":"DJI FPV Combo","og_description":"DJI FPV-systeemcombo-kit bevat niet alleen een snelle drone met een uitstekende camera, een FPV-bril van de volgende generatie, maar ook extra apparatuur. Voordelen van DJI FPV:Krachtige energiecentrale.Nieuw O3-datatransmissiesysteem (OcuSync 3.0).Hoge kwaliteit foto- en video-opnamen.Geavanceerd veiligheidssysteem dat niet alleen ervaren piloten zal verrassen, maar ook beginners.Ongelooflijke piloten en luchtstunts zonder in te boeten aan schieten.","og_url":"https:\/\/koningdrone.be\/fr\/produit\/dji-fpv-combo\/","og_site_name":"koningdrone.be","article_modified_time":"2026-04-29T11:20:35+00:00","og_image":[{"width":510,"height":510,"url":"https:\/\/koningdrone.be\/wp-content\/uploads\/sites\/13\/2025\/04\/6941565903860-1.jpg","type":"image\/jpeg"}],"twitter_card":"summary_large_image","twitter_misc":{"Dur\u00e9e de lecture est.":"1 minute"},"schema":{"@context":"https:\/\/schema.org","@graph":[{"@type":"WebPage","@id":"https:\/\/koningdrone.be\/product\/dji-fpv-combo\/","url":"https:\/\/koningdrone.be\/product\/dji-fpv-combo\/","name":"DJI FPV Combo - koningdrone.be","isPartOf":{"@id":"https:\/\/koningdrone.be\/#website"},"primaryImageOfPage":{"@id":"https:\/\/koningdrone.be\/product\/dji-fpv-combo\/#primaryimage"},"image":{"@id":"https:\/\/koningdrone.be\/product\/dji-fpv-combo\/#primaryimage"},"thumbnailUrl":"https:\/\/koningdrone.be\/wp-content\/uploads\/sites\/13\/2025\/04\/6941565903860-1.jpg","datePublished":"2021-03-21T09:54:31+00:00","dateModified":"2026-04-29T11:20:35+00:00","breadcrumb":{"@id":"https:\/\/koningdrone.be\/product\/dji-fpv-combo\/#breadcrumb"},"inLanguage":"fr-BE","potentialAction":[{"@type":"ReadAction","target":["https:\/\/koningdrone.be\/product\/dji-fpv-combo\/"]}]},{"@type":"ImageObject","inLanguage":"fr-BE","@id":"https:\/\/koningdrone.be\/product\/dji-fpv-combo\/#primaryimage","url":"https:\/\/koningdrone.be\/wp-content\/uploads\/sites\/13\/2025\/04\/6941565903860-1.jpg","contentUrl":"https:\/\/koningdrone.be\/wp-content\/uploads\/sites\/13\/2025\/04\/6941565903860-1.jpg","width":510,"height":510},{"@type":"BreadcrumbList","@id":"https:\/\/koningdrone.be\/product\/dji-fpv-combo\/#breadcrumb","itemListElement":[{"@type":"ListItem","position":1,"name":"Home","item":"https:\/\/koningdrone.be\/"},{"@type":"ListItem","position":2,"name":"AVSS Parachute Recovery System for DJI Matrice 300\/350","item":"https:\/\/koningdrone.be\/product\/avss-parachute-recovery-system-for-dji-matrice-300-350\/"},{"@type":"ListItem","position":3,"name":"Alle care refresh","item":"https:\/\/koningdrone.be\/categorie\/alle-care-refresh\/"},{"@type":"ListItem","position":4,"name":"DJI FPV Combo"}]},{"@type":"WebSite","@id":"https:\/\/koningdrone.be\/#website","url":"https:\/\/koningdrone.be\/","name":"Koningdrone.be - Votre sp\u00e9cialiste en ligne en mati\u00e8re de drones, de cardans, de cam\u00e9ras et de centrales \u00e9lectriques.","description":"La boutique en ligne de drones et de cardans","publisher":{"@id":"https:\/\/koningdrone.be\/#organization"},"potentialAction":[{"@type":"SearchAction","target":{"@type":"EntryPoint","urlTemplate":"https:\/\/koningdrone.be\/?s={search_term_string}"},"query-input":{"@type":"PropertyValueSpecification","valueRequired":true,"valueName":"search_term_string"}}],"inLanguage":"fr-BE"},{"@type":"Organization","@id":"https:\/\/koningdrone.be\/#organization","name":"Kingdrone.co.uk","url":"https:\/\/koningdrone.be\/","logo":{"@type":"ImageObject","inLanguage":"fr-BE","@id":"https:\/\/koningdrone.be\/#\/schema\/logo\/image\/","url":"https:\/\/koningdrone.be\/wp-content\/uploads\/sites\/13\/2025\/04\/koningdrone-copyright-logo.svg","contentUrl":"https:\/\/koningdrone.be\/wp-content\/uploads\/sites\/13\/2025\/04\/koningdrone-copyright-logo.svg","width":227,"height":38,"caption":"Koningdrone.be"},"image":{"@id":"https:\/\/koningdrone.be\/#\/schema\/logo\/image\/"}}]}},"df_price":"","df_sale_price":"","df_regular_price":"","df_image_link":"https:\/\/koningdrone.be\/wp-content\/uploads\/sites\/13\/2025\/04\/6941565903860-1-300x300.jpg","_links":{"self":[{"href":"https:\/\/koningdrone.be\/fr\/wp-json\/wp\/v2\/product\/6821","targetHints":{"allow":["GET"]}}],"collection":[{"href":"https:\/\/koningdrone.be\/fr\/wp-json\/wp\/v2\/product"}],"about":[{"href":"https:\/\/koningdrone.be\/fr\/wp-json\/wp\/v2\/types\/product"}],"wp:featuredmedia":[{"embeddable":true,"href":"https:\/\/koningdrone.be\/fr\/wp-json\/wp\/v2\/media\/6813"}],"wp:attachment":[{"href":"https:\/\/koningdrone.be\/fr\/wp-json\/wp\/v2\/media?parent=6821"}],"wp:term":[{"taxonomy":"product_brand","embeddable":true,"href":"https:\/\/koningdrone.be\/fr\/wp-json\/wp\/v2\/product_brand?post=6821"},{"taxonomy":"product_cat","embeddable":true,"href":"https:\/\/koningdrone.be\/fr\/wp-json\/wp\/v2\/product_cat?post=6821"},{"taxonomy":"product_tag","embeddable":true,"href":"https:\/\/koningdrone.be\/fr\/wp-json\/wp\/v2\/product_tag?post=6821"}],"curies":[{"name":"wp","href":"https:\/\/api.w.org\/{rel}","templated":true}]}}