{"id":6799,"date":"2021-03-21T10:54:31","date_gmt":"2021-03-21T09:54:31","guid":{"rendered":"https:\/\/koningdrone.nl\/kon\/product\/dji-fpv-joysticks\/"},"modified":"2026-04-29T09:10:25","modified_gmt":"2026-04-29T07:10:25","slug":"dji-fpv-joysticks","status":"publish","type":"product","link":"https:\/\/koningdrone.be\/fr\/produit\/dji-fpv-joysticks\/","title":{"rendered":"B\u00e2tons de contr\u00f4le DJI FPV"},"content":{"rendered":"<p>Les DJI FPV Control Sticks sont un accessoire innovant con\u00e7u sur mesure pour les amateurs de drones. Ces sticks de contr\u00f4le sont con\u00e7us pour \u00eatre d\u00e9tachables, favorisant ainsi la facilit\u00e9 d'utilisation et la commodit\u00e9 pour l'utilisateur. Leur fonction premi\u00e8re est d'am\u00e9liorer l'exp\u00e9rience de vol en offrant une m\u00e9thode simple de contr\u00f4le du drone. Il suffit de les faire pivoter pour les mettre en place sur la t\u00e9l\u00e9commande. Cette fonction rend l'utilisation des drones plus facile, plus accessible et plus agr\u00e9able pour les d\u00e9butants comme pour les pilotes de drones chevronn\u00e9s.<br \/><strong>Con\u00e7u pour la commodit\u00e9<\/strong><\/p>\n<p> L'une des principales caract\u00e9ristiques des DJI FPV Control Sticks est leur caract\u00e8re amovible. Cet aspect est particuli\u00e8rement avantageux pour les utilisateurs qui passent souvent de l'utilisation de leur drone \u00e0 celle de leur appareil mobile avec les pinces d\u00e9pli\u00e9es. Lorsqu'elles ne sont pas utilis\u00e9es, les baguettes de contr\u00f4le peuvent \u00eatre facilement rang\u00e9es dans une rainure sp\u00e9cialement con\u00e7ue sur la t\u00e9l\u00e9commande. Cela permet non seulement d'am\u00e9liorer la portabilit\u00e9 de votre \u00e9quipement en r\u00e9duisant l'encombrement, mais aussi de stocker les sticks de commande en toute s\u00e9curit\u00e9, en minimisant le risque de perte ou de d\u00e9t\u00e9rioration.<\/p>\n<p><strong>Fonction conviviale<\/strong><\/p>\n<p> L'accessibilit\u00e9 et la commodit\u00e9 du design d\u00e9tachable des sticks de contr\u00f4le DJI FPV en font un choix id\u00e9al pour un large \u00e9ventail d'utilisateurs. Que vous soyez un d\u00e9butant qui appr\u00e9cie les fonctionnalit\u00e9s simples ou un expert qui appr\u00e9cie la gestion efficace de l'\u00e9quipement, ces sticks de contr\u00f4le sont con\u00e7us pour r\u00e9pondre \u00e0 vos besoins. Leur facilit\u00e9 d'utilisation et leurs capacit\u00e9s de stockage vous garantissent une exp\u00e9rience de vol de drone simplifi\u00e9e et sans tracas, vous permettant de vous concentrer davantage sur le plaisir du vol et moins sur la gestion de l'\u00e9quipement.<\/p>\n<p><\/p>","protected":false},"excerpt":{"rendered":"<ul>\n<li>Con\u00e7u pour DJI FPV<\/li>\n<li> B\u00e2tons de commande amovibles<\/li>\n<li> Facile \u00e0 tourner et \u00e0 fixer<\/li>\n<li> Rangement pratique dans une rainure sp\u00e9ciale<\/li>\n<li> Compatible avec les pinces d\u00e9pli\u00e9es pour appareils mobiles<\/li>\n<\/ul>","protected":false},"featured_media":6797,"template":"","meta":{"_acf_changed":false},"product_brand":[],"product_cat":[122,97,719],"product_tag":[],"class_list":{"0":"post-6799","1":"product","2":"type-product","3":"status-publish","4":"has-post-thumbnail","6":"product_cat-alle-afstandsbedieningen","7":"product_cat-alle-producten","8":"product_cat-dji-fpv","9":"product_shipping_class-outofstock","10":"pa_brand-dji","11":"pa_productfamily-joysticks","12":"pa_producttype-joysticks","13":"pa_series-fpv","15":"first","16":"outofstock","17":"taxable","18":"shipping-taxable","19":"product-type-simple"},"acf":[],"yoast_head":"<!-- This site is optimized with the Yoast SEO Premium plugin v27.2 (Yoast SEO v27.2) - https:\/\/yoast.com\/product\/yoast-seo-premium-wordpress\/ -->\n<title>DJI FPV Control Sticks - koningdrone.be<\/title>\n<meta name=\"robots\" content=\"index, follow, max-snippet:-1, max-image-preview:large, max-video-preview:-1\" \/>\n<link rel=\"canonical\" href=\"https:\/\/koningdrone.be\/fr\/produit\/dji-fpv-joysticks\/\" \/>\n<meta property=\"og:locale\" content=\"fr_FR\" \/>\n<meta property=\"og:type\" content=\"article\" \/>\n<meta property=\"og:title\" content=\"DJI FPV Control Sticks\" \/>\n<meta property=\"og:description\" content=\"Ontworpen voor DJI FPV Afneembare bedieningssticks Gemakkelijk te draaien en te bevestigen Handige opslag in speciale groef Compatibel met uitgevouwen klemmen voor mobiele apparaten\" \/>\n<meta property=\"og:url\" content=\"https:\/\/koningdrone.be\/fr\/produit\/dji-fpv-joysticks\/\" \/>\n<meta property=\"og:site_name\" content=\"koningdrone.be\" \/>\n<meta property=\"article:modified_time\" content=\"2026-04-29T07:10:25+00:00\" \/>\n<meta property=\"og:image\" content=\"https:\/\/koningdrone.be\/wp-content\/uploads\/sites\/13\/2025\/04\/77139c5b0297b62eb59a2bc8ef4049cb@large.jpg\" \/>\n\t<meta property=\"og:image:width\" content=\"1200\" \/>\n\t<meta property=\"og:image:height\" content=\"800\" \/>\n\t<meta property=\"og:image:type\" content=\"image\/jpeg\" \/>\n<meta name=\"twitter:card\" content=\"summary_large_image\" \/>\n<meta name=\"twitter:label1\" content=\"Dur\u00e9e de lecture est.\" \/>\n\t<meta name=\"twitter:data1\" content=\"1 minute\" \/>\n<script type=\"application\/ld+json\" class=\"yoast-schema-graph\">{\"@context\":\"https:\/\/schema.org\",\"@graph\":[{\"@type\":\"WebPage\",\"@id\":\"https:\/\/koningdrone.be\/product\/dji-fpv-joysticks\/\",\"url\":\"https:\/\/koningdrone.be\/product\/dji-fpv-joysticks\/\",\"name\":\"DJI FPV Control Sticks - koningdrone.be\",\"isPartOf\":{\"@id\":\"https:\/\/koningdrone.be\/#website\"},\"primaryImageOfPage\":{\"@id\":\"https:\/\/koningdrone.be\/product\/dji-fpv-joysticks\/#primaryimage\"},\"image\":{\"@id\":\"https:\/\/koningdrone.be\/product\/dji-fpv-joysticks\/#primaryimage\"},\"thumbnailUrl\":\"https:\/\/koningdrone.be\/wp-content\/uploads\/sites\/13\/2025\/04\/77139c5b0297b62eb59a2bc8ef4049cb@large.jpg\",\"datePublished\":\"2021-03-21T09:54:31+00:00\",\"dateModified\":\"2026-04-29T07:10:25+00:00\",\"breadcrumb\":{\"@id\":\"https:\/\/koningdrone.be\/product\/dji-fpv-joysticks\/#breadcrumb\"},\"inLanguage\":\"fr-BE\",\"potentialAction\":[{\"@type\":\"ReadAction\",\"target\":[\"https:\/\/koningdrone.be\/product\/dji-fpv-joysticks\/\"]}]},{\"@type\":\"ImageObject\",\"inLanguage\":\"fr-BE\",\"@id\":\"https:\/\/koningdrone.be\/product\/dji-fpv-joysticks\/#primaryimage\",\"url\":\"https:\/\/koningdrone.be\/wp-content\/uploads\/sites\/13\/2025\/04\/77139c5b0297b62eb59a2bc8ef4049cb@large.jpg\",\"contentUrl\":\"https:\/\/koningdrone.be\/wp-content\/uploads\/sites\/13\/2025\/04\/77139c5b0297b62eb59a2bc8ef4049cb@large.jpg\",\"width\":1200,\"height\":800},{\"@type\":\"BreadcrumbList\",\"@id\":\"https:\/\/koningdrone.be\/product\/dji-fpv-joysticks\/#breadcrumb\",\"itemListElement\":[{\"@type\":\"ListItem\",\"position\":1,\"name\":\"Home\",\"item\":\"https:\/\/koningdrone.be\/\"},{\"@type\":\"ListItem\",\"position\":2,\"name\":\"AVSS Parachute Recovery System for DJI Matrice 300\/350\",\"item\":\"https:\/\/koningdrone.be\/product\/avss-parachute-recovery-system-for-dji-matrice-300-350\/\"},{\"@type\":\"ListItem\",\"position\":3,\"name\":\"Alle afstandsbedieningen\",\"item\":\"https:\/\/koningdrone.be\/categorie\/alle-afstandsbedieningen\/\"},{\"@type\":\"ListItem\",\"position\":4,\"name\":\"DJI FPV Control Sticks\"}]},{\"@type\":\"WebSite\",\"@id\":\"https:\/\/koningdrone.be\/#website\",\"url\":\"https:\/\/koningdrone.be\/\",\"name\":\"Koningdrone.be - Uw online specialist in drones, gimbals, camera's en power stations.\",\"description\":\"De webshop in drones en gimbals\",\"publisher\":{\"@id\":\"https:\/\/koningdrone.be\/#organization\"},\"potentialAction\":[{\"@type\":\"SearchAction\",\"target\":{\"@type\":\"EntryPoint\",\"urlTemplate\":\"https:\/\/koningdrone.be\/?s={search_term_string}\"},\"query-input\":{\"@type\":\"PropertyValueSpecification\",\"valueRequired\":true,\"valueName\":\"search_term_string\"}}],\"inLanguage\":\"fr-BE\"},{\"@type\":\"Organization\",\"@id\":\"https:\/\/koningdrone.be\/#organization\",\"name\":\"Koningdrone.be\",\"url\":\"https:\/\/koningdrone.be\/\",\"logo\":{\"@type\":\"ImageObject\",\"inLanguage\":\"fr-BE\",\"@id\":\"https:\/\/koningdrone.be\/#\/schema\/logo\/image\/\",\"url\":\"https:\/\/koningdrone.be\/wp-content\/uploads\/sites\/13\/2025\/04\/koningdrone-copyright-logo.svg\",\"contentUrl\":\"https:\/\/koningdrone.be\/wp-content\/uploads\/sites\/13\/2025\/04\/koningdrone-copyright-logo.svg\",\"width\":227,\"height\":38,\"caption\":\"Koningdrone.be\"},\"image\":{\"@id\":\"https:\/\/koningdrone.be\/#\/schema\/logo\/image\/\"}}]}<\/script>\n<!-- \/ Yoast SEO Premium plugin. -->","yoast_head_json":{"title":"DJI FPV Control Sticks - koningdrone.be","robots":{"index":"index","follow":"follow","max-snippet":"max-snippet:-1","max-image-preview":"max-image-preview:large","max-video-preview":"max-video-preview:-1"},"canonical":"https:\/\/koningdrone.be\/fr\/produit\/dji-fpv-joysticks\/","og_locale":"fr_FR","og_type":"article","og_title":"DJI FPV Control Sticks","og_description":"Ontworpen voor DJI FPV Afneembare bedieningssticks Gemakkelijk te draaien en te bevestigen Handige opslag in speciale groef Compatibel met uitgevouwen klemmen voor mobiele apparaten","og_url":"https:\/\/koningdrone.be\/fr\/produit\/dji-fpv-joysticks\/","og_site_name":"koningdrone.be","article_modified_time":"2026-04-29T07:10:25+00:00","og_image":[{"width":1200,"height":800,"url":"https:\/\/koningdrone.be\/wp-content\/uploads\/sites\/13\/2025\/04\/77139c5b0297b62eb59a2bc8ef4049cb@large.jpg","type":"image\/jpeg"}],"twitter_card":"summary_large_image","twitter_misc":{"Dur\u00e9e de lecture est.":"1 minute"},"schema":{"@context":"https:\/\/schema.org","@graph":[{"@type":"WebPage","@id":"https:\/\/koningdrone.be\/product\/dji-fpv-joysticks\/","url":"https:\/\/koningdrone.be\/product\/dji-fpv-joysticks\/","name":"DJI FPV Control Sticks - koningdrone.be","isPartOf":{"@id":"https:\/\/koningdrone.be\/#website"},"primaryImageOfPage":{"@id":"https:\/\/koningdrone.be\/product\/dji-fpv-joysticks\/#primaryimage"},"image":{"@id":"https:\/\/koningdrone.be\/product\/dji-fpv-joysticks\/#primaryimage"},"thumbnailUrl":"https:\/\/koningdrone.be\/wp-content\/uploads\/sites\/13\/2025\/04\/77139c5b0297b62eb59a2bc8ef4049cb@large.jpg","datePublished":"2021-03-21T09:54:31+00:00","dateModified":"2026-04-29T07:10:25+00:00","breadcrumb":{"@id":"https:\/\/koningdrone.be\/product\/dji-fpv-joysticks\/#breadcrumb"},"inLanguage":"fr-BE","potentialAction":[{"@type":"ReadAction","target":["https:\/\/koningdrone.be\/product\/dji-fpv-joysticks\/"]}]},{"@type":"ImageObject","inLanguage":"fr-BE","@id":"https:\/\/koningdrone.be\/product\/dji-fpv-joysticks\/#primaryimage","url":"https:\/\/koningdrone.be\/wp-content\/uploads\/sites\/13\/2025\/04\/77139c5b0297b62eb59a2bc8ef4049cb@large.jpg","contentUrl":"https:\/\/koningdrone.be\/wp-content\/uploads\/sites\/13\/2025\/04\/77139c5b0297b62eb59a2bc8ef4049cb@large.jpg","width":1200,"height":800},{"@type":"BreadcrumbList","@id":"https:\/\/koningdrone.be\/product\/dji-fpv-joysticks\/#breadcrumb","itemListElement":[{"@type":"ListItem","position":1,"name":"Home","item":"https:\/\/koningdrone.be\/"},{"@type":"ListItem","position":2,"name":"AVSS Parachute Recovery System for DJI Matrice 300\/350","item":"https:\/\/koningdrone.be\/product\/avss-parachute-recovery-system-for-dji-matrice-300-350\/"},{"@type":"ListItem","position":3,"name":"Alle afstandsbedieningen","item":"https:\/\/koningdrone.be\/categorie\/alle-afstandsbedieningen\/"},{"@type":"ListItem","position":4,"name":"DJI FPV Control Sticks"}]},{"@type":"WebSite","@id":"https:\/\/koningdrone.be\/#website","url":"https:\/\/koningdrone.be\/","name":"Koningdrone.be - Votre sp\u00e9cialiste en ligne en mati\u00e8re de drones, de cardans, de cam\u00e9ras et de centrales \u00e9lectriques.","description":"La boutique en ligne de drones et de cardans","publisher":{"@id":"https:\/\/koningdrone.be\/#organization"},"potentialAction":[{"@type":"SearchAction","target":{"@type":"EntryPoint","urlTemplate":"https:\/\/koningdrone.be\/?s={search_term_string}"},"query-input":{"@type":"PropertyValueSpecification","valueRequired":true,"valueName":"search_term_string"}}],"inLanguage":"fr-BE"},{"@type":"Organization","@id":"https:\/\/koningdrone.be\/#organization","name":"Kingdrone.co.uk","url":"https:\/\/koningdrone.be\/","logo":{"@type":"ImageObject","inLanguage":"fr-BE","@id":"https:\/\/koningdrone.be\/#\/schema\/logo\/image\/","url":"https:\/\/koningdrone.be\/wp-content\/uploads\/sites\/13\/2025\/04\/koningdrone-copyright-logo.svg","contentUrl":"https:\/\/koningdrone.be\/wp-content\/uploads\/sites\/13\/2025\/04\/koningdrone-copyright-logo.svg","width":227,"height":38,"caption":"Koningdrone.be"},"image":{"@id":"https:\/\/koningdrone.be\/#\/schema\/logo\/image\/"}}]}},"df_price":"","df_sale_price":"","df_regular_price":"","df_image_link":"https:\/\/koningdrone.be\/wp-content\/uploads\/sites\/13\/2025\/04\/77139c5b0297b62eb59a2bc8ef4049cb@large-300x200.jpg","_links":{"self":[{"href":"https:\/\/koningdrone.be\/fr\/wp-json\/wp\/v2\/product\/6799","targetHints":{"allow":["GET"]}}],"collection":[{"href":"https:\/\/koningdrone.be\/fr\/wp-json\/wp\/v2\/product"}],"about":[{"href":"https:\/\/koningdrone.be\/fr\/wp-json\/wp\/v2\/types\/product"}],"wp:featuredmedia":[{"embeddable":true,"href":"https:\/\/koningdrone.be\/fr\/wp-json\/wp\/v2\/media\/6797"}],"wp:attachment":[{"href":"https:\/\/koningdrone.be\/fr\/wp-json\/wp\/v2\/media?parent=6799"}],"wp:term":[{"taxonomy":"product_brand","embeddable":true,"href":"https:\/\/koningdrone.be\/fr\/wp-json\/wp\/v2\/product_brand?post=6799"},{"taxonomy":"product_cat","embeddable":true,"href":"https:\/\/koningdrone.be\/fr\/wp-json\/wp\/v2\/product_cat?post=6799"},{"taxonomy":"product_tag","embeddable":true,"href":"https:\/\/koningdrone.be\/fr\/wp-json\/wp\/v2\/product_tag?post=6799"}],"curies":[{"name":"wp","href":"https:\/\/api.w.org\/{rel}","templated":true}]}}