{"id":6772,"date":"2021-03-21T10:54:31","date_gmt":"2021-03-21T09:54:31","guid":{"rendered":"https:\/\/koningdrone.nl\/kon\/product\/dji-fpv-fly-more-kit\/"},"modified":"2026-04-29T15:00:33","modified_gmt":"2026-04-29T13:00:33","slug":"dji-fpv-fly-more-kit","status":"publish","type":"product","link":"https:\/\/koningdrone.be\/fr\/produit\/dji-fpv-fly-more-kit\/","title":{"rendered":"Kit DJI FPV Fly More"},"content":{"rendered":"<p><strong>Am\u00e9liorez votre exp\u00e9rience de vol<\/strong><\/p>\n<p> Le kit DJI FPV Fly More est sp\u00e9cialement con\u00e7u pour faire passer votre exp\u00e9rience de vol au niveau sup\u00e9rieur en prolongeant de mani\u00e8re significative la dur\u00e9e de vos sessions de vol. Ce kit complet vous fournit des accessoires essentiels pour vous permettre de passer plus de temps dans les airs, de capturer des vues \u00e0 couper le souffle et d'effectuer des man\u0153uvres exaltantes sans vous soucier constamment d'\u00eatre \u00e0 court de batterie.<\/p>\n<p><strong>Dur\u00e9e de vol prolong\u00e9e gr\u00e2ce aux batteries intelligentes<\/strong><\/p>\n<p> \u00c9quip\u00e9 de deux batteries DJI FPV Intelligent Flight, d'une capacit\u00e9 de 44,4 Wh chacune, le kit Fly More vous permet de b\u00e9n\u00e9ficier d'environ 20 minutes de vol avec une seule charge. Ces batteries ne sont pas de simples sources d'\u00e9nergie ; elles sont dot\u00e9es d'un syst\u00e8me de gestion intelligente de la batterie. Cette fonction innovante surveille activement l'\u00e9tat de la batterie en temps r\u00e9el, offrant un vol plus s\u00fbr et plus fiable en pr\u00e9venant les probl\u00e8mes potentiels avant qu'ils n'affectent votre exp\u00e9rience de vol.<\/p>\n<p><strong>Une solution de chargement pratique<\/strong><\/p>\n<p> L'inclusion du DJI FPV Battery Charging Hub dans ce kit r\u00e9sout l'un des probl\u00e8mes les plus courants auxquels sont confront\u00e9s les passionn\u00e9s : les temps d'arr\u00eat entre les vols. Ce concentrateur de charge est ing\u00e9nieusement con\u00e7u pour charger jusqu'\u00e0 trois batteries \u00e0 la suite, minimisant ainsi les interruptions de vos sessions de vol. Gr\u00e2ce \u00e0 ce hub, vous \u00eates assur\u00e9 de b\u00e9n\u00e9ficier de plus longues p\u00e9riodes de vol ininterrompu, ce qui vous permet de vous concentrer davantage sur le plaisir de l'exp\u00e9rience et moins sur l'attente de la charge des batteries.<\/p>\n<p><strong>Kit indispensable pour les amateurs d'air<\/strong><\/p>\n<p> Pour les passionn\u00e9s du ciel, le kit DJI FPV Fly More est un compl\u00e9ment pr\u00e9cieux. Il vous permet non seulement de maximiser votre temps dans les airs, mais aussi d'avoir l'esprit tranquille gr\u00e2ce \u00e0 son syst\u00e8me de gestion intelligente de la batterie. Que vous filmiez de superbes s\u00e9quences a\u00e9riennes ou que vous profitiez simplement du plaisir de voler, ce kit garantit que vos aventures ne seront pas interrompues par les limites de la batterie.<\/p>\n<p><\/p>","protected":false},"excerpt":{"rendered":"<ul>\n<li>Comprend deux batteries DJI FPV Intelligent Flight<\/li>\n<li> Comprend un concentrateur de charge de batterie DJI FPV<\/li>\n<li> Dur\u00e9e de vol prolong\u00e9e gr\u00e2ce \u00e0 des piles suppl\u00e9mentaires<\/li>\n<li> Capacit\u00e9 nominale de 44,4 Wh par batterie<\/li>\n<li> Environ 20 minutes de vol par batterie<\/li>\n<li> Syst\u00e8me intelligent de gestion de la batterie int\u00e9gr\u00e9<\/li>\n<li> Contr\u00f4le en temps r\u00e9el de l'\u00e9tat de la batterie<\/li>\n<li> Le concentrateur de charge permet de charger jusqu'\u00e0 trois batteries \u00e0 la suite.<\/li>\n<\/ul>","protected":false},"featured_media":6770,"template":"","meta":{"_acf_changed":false},"product_brand":[],"product_cat":[113,111,97,719],"product_tag":[],"class_list":{"0":"post-6772","1":"product","2":"type-product","3":"status-publish","4":"has-post-thumbnail","6":"product_cat-alle-batterijen","7":"product_cat-alle-opladers","8":"product_cat-alle-producten","9":"product_cat-dji-fpv","10":"product_shipping_class-outofstock","11":"pa_brand-dji","12":"pa_productfamily-flymore-pakket","13":"pa_producttype-flymore-pakket","14":"pa_series-fpv","16":"first","17":"outofstock","18":"taxable","19":"shipping-taxable","20":"purchasable","21":"product-type-simple"},"acf":[],"yoast_head":"<!-- This site is optimized with the Yoast SEO Premium plugin v27.2 (Yoast SEO v27.2) - https:\/\/yoast.com\/product\/yoast-seo-premium-wordpress\/ -->\n<title>DJI FPV Fly More Kit - koningdrone.be<\/title>\n<meta name=\"robots\" content=\"index, follow, max-snippet:-1, max-image-preview:large, max-video-preview:-1\" \/>\n<link rel=\"canonical\" href=\"https:\/\/koningdrone.be\/fr\/produit\/dji-fpv-fly-more-kit\/\" \/>\n<meta property=\"og:locale\" content=\"fr_FR\" \/>\n<meta property=\"og:type\" content=\"article\" \/>\n<meta property=\"og:title\" content=\"DJI FPV Fly More Kit\" \/>\n<meta property=\"og:description\" content=\"Inclusief twee DJI FPV Intelligent Flight-batterijen Inclusief een DJI FPV-batterijoplaadhub Verlengde vliegtijd met extra batterijen Nominale capaciteit van 44,4 Wh per batterij Ondersteunt ongeveer 20 minuten vliegen per batterij Ingebouwd intelligent batterijbeheersysteem Realtime monitoring van de batterijstatus De oplaadhub laadt maximaal drie batterijen achter elkaar op\" \/>\n<meta property=\"og:url\" content=\"https:\/\/koningdrone.be\/fr\/produit\/dji-fpv-fly-more-kit\/\" \/>\n<meta property=\"og:site_name\" content=\"koningdrone.be\" \/>\n<meta property=\"article:modified_time\" content=\"2026-04-29T13:00:33+00:00\" \/>\n<meta property=\"og:image\" content=\"https:\/\/koningdrone.be\/wp-content\/uploads\/sites\/13\/2025\/04\/de91d95d8e1ec4e1429a73491b74cf80@large.jpg\" \/>\n\t<meta property=\"og:image:width\" content=\"1200\" \/>\n\t<meta property=\"og:image:height\" content=\"800\" \/>\n\t<meta property=\"og:image:type\" content=\"image\/jpeg\" \/>\n<meta name=\"twitter:card\" content=\"summary_large_image\" \/>\n<meta name=\"twitter:label1\" content=\"Dur\u00e9e de lecture est.\" \/>\n\t<meta name=\"twitter:data1\" content=\"2 minutes\" \/>\n<script type=\"application\/ld+json\" class=\"yoast-schema-graph\">{\"@context\":\"https:\/\/schema.org\",\"@graph\":[{\"@type\":\"WebPage\",\"@id\":\"https:\/\/koningdrone.be\/product\/dji-fpv-fly-more-kit\/\",\"url\":\"https:\/\/koningdrone.be\/product\/dji-fpv-fly-more-kit\/\",\"name\":\"DJI FPV Fly More Kit - koningdrone.be\",\"isPartOf\":{\"@id\":\"https:\/\/koningdrone.be\/#website\"},\"primaryImageOfPage\":{\"@id\":\"https:\/\/koningdrone.be\/product\/dji-fpv-fly-more-kit\/#primaryimage\"},\"image\":{\"@id\":\"https:\/\/koningdrone.be\/product\/dji-fpv-fly-more-kit\/#primaryimage\"},\"thumbnailUrl\":\"https:\/\/koningdrone.be\/wp-content\/uploads\/sites\/13\/2025\/04\/de91d95d8e1ec4e1429a73491b74cf80@large.jpg\",\"datePublished\":\"2021-03-21T09:54:31+00:00\",\"dateModified\":\"2026-04-29T13:00:33+00:00\",\"breadcrumb\":{\"@id\":\"https:\/\/koningdrone.be\/product\/dji-fpv-fly-more-kit\/#breadcrumb\"},\"inLanguage\":\"fr-BE\",\"potentialAction\":[{\"@type\":\"ReadAction\",\"target\":[\"https:\/\/koningdrone.be\/product\/dji-fpv-fly-more-kit\/\"]}]},{\"@type\":\"ImageObject\",\"inLanguage\":\"fr-BE\",\"@id\":\"https:\/\/koningdrone.be\/product\/dji-fpv-fly-more-kit\/#primaryimage\",\"url\":\"https:\/\/koningdrone.be\/wp-content\/uploads\/sites\/13\/2025\/04\/de91d95d8e1ec4e1429a73491b74cf80@large.jpg\",\"contentUrl\":\"https:\/\/koningdrone.be\/wp-content\/uploads\/sites\/13\/2025\/04\/de91d95d8e1ec4e1429a73491b74cf80@large.jpg\",\"width\":1200,\"height\":800},{\"@type\":\"BreadcrumbList\",\"@id\":\"https:\/\/koningdrone.be\/product\/dji-fpv-fly-more-kit\/#breadcrumb\",\"itemListElement\":[{\"@type\":\"ListItem\",\"position\":1,\"name\":\"Home\",\"item\":\"https:\/\/koningdrone.be\/\"},{\"@type\":\"ListItem\",\"position\":2,\"name\":\"AVSS Parachute Recovery System for DJI Matrice 300\/350\",\"item\":\"https:\/\/koningdrone.be\/product\/avss-parachute-recovery-system-for-dji-matrice-300-350\/\"},{\"@type\":\"ListItem\",\"position\":3,\"name\":\"Alle batterijen\",\"item\":\"https:\/\/koningdrone.be\/categorie\/alle-batterijen\/\"},{\"@type\":\"ListItem\",\"position\":4,\"name\":\"DJI FPV Fly More Kit\"}]},{\"@type\":\"WebSite\",\"@id\":\"https:\/\/koningdrone.be\/#website\",\"url\":\"https:\/\/koningdrone.be\/\",\"name\":\"Koningdrone.be - Uw online specialist in drones, gimbals, camera's en power stations.\",\"description\":\"De webshop in drones en gimbals\",\"publisher\":{\"@id\":\"https:\/\/koningdrone.be\/#organization\"},\"potentialAction\":[{\"@type\":\"SearchAction\",\"target\":{\"@type\":\"EntryPoint\",\"urlTemplate\":\"https:\/\/koningdrone.be\/?s={search_term_string}\"},\"query-input\":{\"@type\":\"PropertyValueSpecification\",\"valueRequired\":true,\"valueName\":\"search_term_string\"}}],\"inLanguage\":\"fr-BE\"},{\"@type\":\"Organization\",\"@id\":\"https:\/\/koningdrone.be\/#organization\",\"name\":\"Koningdrone.be\",\"url\":\"https:\/\/koningdrone.be\/\",\"logo\":{\"@type\":\"ImageObject\",\"inLanguage\":\"fr-BE\",\"@id\":\"https:\/\/koningdrone.be\/#\/schema\/logo\/image\/\",\"url\":\"https:\/\/koningdrone.be\/wp-content\/uploads\/sites\/13\/2025\/04\/koningdrone-copyright-logo.svg\",\"contentUrl\":\"https:\/\/koningdrone.be\/wp-content\/uploads\/sites\/13\/2025\/04\/koningdrone-copyright-logo.svg\",\"width\":227,\"height\":38,\"caption\":\"Koningdrone.be\"},\"image\":{\"@id\":\"https:\/\/koningdrone.be\/#\/schema\/logo\/image\/\"}}]}<\/script>\n<!-- \/ Yoast SEO Premium plugin. -->","yoast_head_json":{"title":"DJI FPV Fly More Kit - koningdrone.be","robots":{"index":"index","follow":"follow","max-snippet":"max-snippet:-1","max-image-preview":"max-image-preview:large","max-video-preview":"max-video-preview:-1"},"canonical":"https:\/\/koningdrone.be\/fr\/produit\/dji-fpv-fly-more-kit\/","og_locale":"fr_FR","og_type":"article","og_title":"DJI FPV Fly More Kit","og_description":"Inclusief twee DJI FPV Intelligent Flight-batterijen Inclusief een DJI FPV-batterijoplaadhub Verlengde vliegtijd met extra batterijen Nominale capaciteit van 44,4 Wh per batterij Ondersteunt ongeveer 20 minuten vliegen per batterij Ingebouwd intelligent batterijbeheersysteem Realtime monitoring van de batterijstatus De oplaadhub laadt maximaal drie batterijen achter elkaar op","og_url":"https:\/\/koningdrone.be\/fr\/produit\/dji-fpv-fly-more-kit\/","og_site_name":"koningdrone.be","article_modified_time":"2026-04-29T13:00:33+00:00","og_image":[{"width":1200,"height":800,"url":"https:\/\/koningdrone.be\/wp-content\/uploads\/sites\/13\/2025\/04\/de91d95d8e1ec4e1429a73491b74cf80@large.jpg","type":"image\/jpeg"}],"twitter_card":"summary_large_image","twitter_misc":{"Dur\u00e9e de lecture est.":"2 minutes"},"schema":{"@context":"https:\/\/schema.org","@graph":[{"@type":"WebPage","@id":"https:\/\/koningdrone.be\/product\/dji-fpv-fly-more-kit\/","url":"https:\/\/koningdrone.be\/product\/dji-fpv-fly-more-kit\/","name":"DJI FPV Fly More Kit - koningdrone.be","isPartOf":{"@id":"https:\/\/koningdrone.be\/#website"},"primaryImageOfPage":{"@id":"https:\/\/koningdrone.be\/product\/dji-fpv-fly-more-kit\/#primaryimage"},"image":{"@id":"https:\/\/koningdrone.be\/product\/dji-fpv-fly-more-kit\/#primaryimage"},"thumbnailUrl":"https:\/\/koningdrone.be\/wp-content\/uploads\/sites\/13\/2025\/04\/de91d95d8e1ec4e1429a73491b74cf80@large.jpg","datePublished":"2021-03-21T09:54:31+00:00","dateModified":"2026-04-29T13:00:33+00:00","breadcrumb":{"@id":"https:\/\/koningdrone.be\/product\/dji-fpv-fly-more-kit\/#breadcrumb"},"inLanguage":"fr-BE","potentialAction":[{"@type":"ReadAction","target":["https:\/\/koningdrone.be\/product\/dji-fpv-fly-more-kit\/"]}]},{"@type":"ImageObject","inLanguage":"fr-BE","@id":"https:\/\/koningdrone.be\/product\/dji-fpv-fly-more-kit\/#primaryimage","url":"https:\/\/koningdrone.be\/wp-content\/uploads\/sites\/13\/2025\/04\/de91d95d8e1ec4e1429a73491b74cf80@large.jpg","contentUrl":"https:\/\/koningdrone.be\/wp-content\/uploads\/sites\/13\/2025\/04\/de91d95d8e1ec4e1429a73491b74cf80@large.jpg","width":1200,"height":800},{"@type":"BreadcrumbList","@id":"https:\/\/koningdrone.be\/product\/dji-fpv-fly-more-kit\/#breadcrumb","itemListElement":[{"@type":"ListItem","position":1,"name":"Home","item":"https:\/\/koningdrone.be\/"},{"@type":"ListItem","position":2,"name":"AVSS Parachute Recovery System for DJI Matrice 300\/350","item":"https:\/\/koningdrone.be\/product\/avss-parachute-recovery-system-for-dji-matrice-300-350\/"},{"@type":"ListItem","position":3,"name":"Alle batterijen","item":"https:\/\/koningdrone.be\/categorie\/alle-batterijen\/"},{"@type":"ListItem","position":4,"name":"DJI FPV Fly More Kit"}]},{"@type":"WebSite","@id":"https:\/\/koningdrone.be\/#website","url":"https:\/\/koningdrone.be\/","name":"Koningdrone.be - Votre sp\u00e9cialiste en ligne en mati\u00e8re de drones, de cardans, de cam\u00e9ras et de centrales \u00e9lectriques.","description":"La boutique en ligne de drones et de cardans","publisher":{"@id":"https:\/\/koningdrone.be\/#organization"},"potentialAction":[{"@type":"SearchAction","target":{"@type":"EntryPoint","urlTemplate":"https:\/\/koningdrone.be\/?s={search_term_string}"},"query-input":{"@type":"PropertyValueSpecification","valueRequired":true,"valueName":"search_term_string"}}],"inLanguage":"fr-BE"},{"@type":"Organization","@id":"https:\/\/koningdrone.be\/#organization","name":"Kingdrone.co.uk","url":"https:\/\/koningdrone.be\/","logo":{"@type":"ImageObject","inLanguage":"fr-BE","@id":"https:\/\/koningdrone.be\/#\/schema\/logo\/image\/","url":"https:\/\/koningdrone.be\/wp-content\/uploads\/sites\/13\/2025\/04\/koningdrone-copyright-logo.svg","contentUrl":"https:\/\/koningdrone.be\/wp-content\/uploads\/sites\/13\/2025\/04\/koningdrone-copyright-logo.svg","width":227,"height":38,"caption":"Koningdrone.be"},"image":{"@id":"https:\/\/koningdrone.be\/#\/schema\/logo\/image\/"}}]}},"df_price":279,"df_sale_price":"","df_regular_price":279,"df_image_link":"https:\/\/koningdrone.be\/wp-content\/uploads\/sites\/13\/2025\/04\/de91d95d8e1ec4e1429a73491b74cf80@large-300x200.jpg","_links":{"self":[{"href":"https:\/\/koningdrone.be\/fr\/wp-json\/wp\/v2\/product\/6772","targetHints":{"allow":["GET"]}}],"collection":[{"href":"https:\/\/koningdrone.be\/fr\/wp-json\/wp\/v2\/product"}],"about":[{"href":"https:\/\/koningdrone.be\/fr\/wp-json\/wp\/v2\/types\/product"}],"wp:featuredmedia":[{"embeddable":true,"href":"https:\/\/koningdrone.be\/fr\/wp-json\/wp\/v2\/media\/6770"}],"wp:attachment":[{"href":"https:\/\/koningdrone.be\/fr\/wp-json\/wp\/v2\/media?parent=6772"}],"wp:term":[{"taxonomy":"product_brand","embeddable":true,"href":"https:\/\/koningdrone.be\/fr\/wp-json\/wp\/v2\/product_brand?post=6772"},{"taxonomy":"product_cat","embeddable":true,"href":"https:\/\/koningdrone.be\/fr\/wp-json\/wp\/v2\/product_cat?post=6772"},{"taxonomy":"product_tag","embeddable":true,"href":"https:\/\/koningdrone.be\/fr\/wp-json\/wp\/v2\/product_tag?post=6772"}],"curies":[{"name":"wp","href":"https:\/\/api.w.org\/{rel}","templated":true}]}}